

{"id":23538,"date":"2021-03-20T18:17:19","date_gmt":"2021-03-20T17:17:19","guid":{"rendered":"https:\/\/www.gamapa.de\/dziedziny-swiadczonych-uslug-doradczych\/doradztwo-prawne\/anleger-kunden-und-geschaftspartner\/"},"modified":"2026-01-16T22:25:50","modified_gmt":"2026-01-16T21:25:50","slug":"inwestorzy-klienci-i-partnerzy-biznesowi","status":"publish","type":"page","link":"https:\/\/www.gamapa.de\/pl\/dziedziny-swiadczonych-uslug-doradczych\/doradztwo-prawne\/inwestorzy-klienci-i-partnerzy-biznesowi\/","title":{"rendered":"Inwestorzy, klienci i partnerzy biznesowi"},"content":{"rendered":"\n<h2 class=\"wp-block-heading\">F\u00fcr Ihre Anliegen als Anleger<\/h2>\n\n\n\n<p>Das vielseitige Bank- und Kapitalmarktrecht geh\u00f6rt zu unseren Kernkompetenzen. Ob Verbraucher, Unternehmer oder Anleger: Wir vertreten Sie vor allem gegen\u00fcber Banken, Sparkassen, Verm\u00f6gensverwaltern und Anlageberatern. <\/p>\n\n\n\n<p>Dabei unterst\u00fctzen wir Sie sowohl bei der Gestaltung einer Gesch\u00e4ftsbeziehung \u2013 beispielsweise bei der Aufnahme eines Kredites oder dem Abschluss einer Kapitalanlage \u2013 als auch bei der \u00dcberpr\u00fcfung von bestehenden Gesch\u00e4ftsbeziehungen, beispielsweise auf unzul\u00e4ssig erhobene Geb\u00fchren, fehlerhafte Beratung oder dem Widerruf von Krediten. H\u00e4ufig \u00fcberpr\u00fcfen wir nicht nur einzelne Aspekte auf Unstimmigkeiten, sondern in Zusammenarbeit mit Kreditsachverst\u00e4ndigen die ganze Gesch\u00e4ftsbeziehung. <\/p>\n\n\n\n<p>Wir vertreten unsere Mandantschaft sowohl au\u00dfergerichtlich als auch gerichtlich. Bei Bedarf stimmen wir uns auch mit der<a href=\"https:\/\/www.gamapa.de\/pl\/steuerberatung-2\/\" target=\"_blank\" rel=\"noreferrer noopener\"> Steuerberatung <\/a>und <a href=\"https:\/\/www.gamapa.de\/beratungsfelder\/wirtschaftspruefung\/\" target=\"_blank\" rel=\"noreferrer noopener\">Wirtschaftspr\u00fcfung<\/a> unseres Hauses ab.<\/p>\n\n\n\n<h3 class=\"wp-block-heading\">Einige Themengebiete im \u00dcberblick:<\/h3>\n\n\n\n<ul class=\"wp-block-list\"><li>Widerruf von Verbraucherkrediten<\/li><li>\u00dcberpr\u00fcfung von Vorf\u00e4lligkeitsentsch\u00e4digungen<\/li><li>Erstattung von Geb\u00fchren (Bearbeitungs-, Kontof\u00fchrungs-, ZinsCap-Geb\u00fchren etc.) in Verbraucher- und Firmenkrediten<\/li><li>Fehlerhafte Zinsberechnungen bei variabel verzinsten Krediten<\/li><li>K\u00fcndigung von Krediten und Bausparvertr\u00e4gen durch den Kunden oder die Bank<\/li><li>Missbrauch von EC- und Kreditkarten<\/li><li>Fehler beim Online-Banking<\/li><li>\u00dcberpr\u00fcfung von Anlageberatung und Anlagevermittlung<\/li><li>Schrottimmobilien<\/li><li>Schiffsfonds, Immobilienfonds, Medienfonds, Filmfonds etc.<\/li><li>Prospekthaftung<\/li><\/ul>\n","protected":false},"excerpt":{"rendered":"<p>F\u00fcr Ihre Anliegen als Anleger Das vielseitige Bank- und Kapitalmarktrecht geh\u00f6rt zu unseren Kernkompetenzen. Ob Verbraucher, Unternehmer oder Anleger: Wir vertreten Sie vor allem gegen\u00fcber Banken, Sparkassen, Verm\u00f6gensverwaltern und Anlageberatern. Dabei unterst\u00fctzen wir Sie sowohl bei der Gestaltung einer Gesch\u00e4ftsbeziehung \u2013 beispielsweise bei der Aufnahme eines Kredites oder dem Abschluss einer Kapitalanlage \u2013 als auch <a href=\"https:\/\/www.gamapa.de\/pl\/dziedziny-swiadczonych-uslug-doradczych\/doradztwo-prawne\/inwestorzy-klienci-i-partnerzy-biznesowi\/\">[\u2026]<\/a><\/p>\n","protected":false},"author":1,"featured_media":3881,"parent":5659,"menu_order":13,"comment_status":"closed","ping_status":"closed","template":"templates\/template-simple-site.php","meta":{"_acf_changed":false,"_uag_custom_page_level_css":"","footnotes":""},"class_list":["post-23538","page","type-page","status-publish","has-post-thumbnail","hentry"],"acf":[],"yoast_head":"<!-- This site is optimized with the Yoast SEO plugin v27.3 - https:\/\/yoast.com\/product\/yoast-seo-wordpress\/ -->\n<title>Anleger, Kunden und Gesch\u00e4ftspartner | Gantef\u00fchrer<\/title>\n<meta name=\"description\" content=\"Ob Verbraucher, Unternehmer oder Anleger: Wir vertreten Sie vor allem gegen\u00fcber Banken, Sparkassen, Verm\u00f6gensverwaltern und Anlageberatern\" \/>\n<meta name=\"robots\" content=\"index, follow, max-snippet:-1, max-image-preview:large, max-video-preview:-1\" \/>\n<link rel=\"canonical\" href=\"https:\/\/www.gamapa.de\/pl\/dziedziny-swiadczonych-uslug-doradczych\/doradztwo-prawne\/inwestorzy-klienci-i-partnerzy-biznesowi\/\" \/>\n<meta property=\"og:locale\" content=\"pl_PL\" \/>\n<meta property=\"og:type\" content=\"article\" \/>\n<meta property=\"og:title\" content=\"Anleger, Kunden und Gesch\u00e4ftspartner | Gantef\u00fchrer\" \/>\n<meta property=\"og:description\" content=\"Ob Verbraucher, Unternehmer oder Anleger: Wir vertreten Sie vor allem gegen\u00fcber Banken, Sparkassen, Verm\u00f6gensverwaltern und Anlageberatern\" \/>\n<meta property=\"og:url\" content=\"https:\/\/www.gamapa.de\/pl\/dziedziny-swiadczonych-uslug-doradczych\/doradztwo-prawne\/inwestorzy-klienci-i-partnerzy-biznesowi\/\" \/>\n<meta property=\"og:site_name\" content=\"GANTEF\u00dcHRER\" \/>\n<meta property=\"article:modified_time\" content=\"2026-01-16T21:25:50+00:00\" \/>\n<meta property=\"og:image\" content=\"https:\/\/www.gamapa.de\/wp-content\/uploads\/2020\/07\/U-Header-Rechtsgebiete-2-1-scaled.jpg\" \/>\n\t<meta property=\"og:image:width\" content=\"2560\" \/>\n\t<meta property=\"og:image:height\" content=\"764\" \/>\n\t<meta property=\"og:image:type\" content=\"image\/jpeg\" \/>\n<meta name=\"twitter:card\" content=\"summary_large_image\" \/>\n<meta name=\"twitter:label1\" content=\"Szacowany czas czytania\" \/>\n\t<meta name=\"twitter:data1\" content=\"2 minuty\" \/>\n<script type=\"application\/ld+json\" class=\"yoast-schema-graph\">{\"@context\":\"https:\\\/\\\/schema.org\",\"@graph\":[{\"@type\":\"WebPage\",\"@id\":\"https:\\\/\\\/www.gamapa.de\\\/pl\\\/dziedziny-swiadczonych-uslug-doradczych\\\/doradztwo-prawne\\\/inwestorzy-klienci-i-partnerzy-biznesowi\\\/\",\"url\":\"https:\\\/\\\/www.gamapa.de\\\/pl\\\/dziedziny-swiadczonych-uslug-doradczych\\\/doradztwo-prawne\\\/inwestorzy-klienci-i-partnerzy-biznesowi\\\/\",\"name\":\"Anleger, Kunden und Gesch\u00e4ftspartner | Gantef\u00fchrer\",\"isPartOf\":{\"@id\":\"https:\\\/\\\/www.gamapa.de\\\/pl\\\/#website\"},\"primaryImageOfPage\":{\"@id\":\"https:\\\/\\\/www.gamapa.de\\\/pl\\\/dziedziny-swiadczonych-uslug-doradczych\\\/doradztwo-prawne\\\/inwestorzy-klienci-i-partnerzy-biznesowi\\\/#primaryimage\"},\"image\":{\"@id\":\"https:\\\/\\\/www.gamapa.de\\\/pl\\\/dziedziny-swiadczonych-uslug-doradczych\\\/doradztwo-prawne\\\/inwestorzy-klienci-i-partnerzy-biznesowi\\\/#primaryimage\"},\"thumbnailUrl\":\"https:\\\/\\\/www.gamapa.de\\\/wp-content\\\/uploads\\\/2020\\\/07\\\/U-Header-Rechtsgebiete-2-1-scaled.jpg\",\"datePublished\":\"2021-03-20T17:17:19+00:00\",\"dateModified\":\"2026-01-16T21:25:50+00:00\",\"description\":\"Ob Verbraucher, Unternehmer oder Anleger: Wir vertreten Sie vor allem gegen\u00fcber Banken, Sparkassen, Verm\u00f6gensverwaltern und Anlageberatern\",\"breadcrumb\":{\"@id\":\"https:\\\/\\\/www.gamapa.de\\\/pl\\\/dziedziny-swiadczonych-uslug-doradczych\\\/doradztwo-prawne\\\/inwestorzy-klienci-i-partnerzy-biznesowi\\\/#breadcrumb\"},\"inLanguage\":\"pl-PL\",\"potentialAction\":[{\"@type\":\"ReadAction\",\"target\":[\"https:\\\/\\\/www.gamapa.de\\\/pl\\\/dziedziny-swiadczonych-uslug-doradczych\\\/doradztwo-prawne\\\/inwestorzy-klienci-i-partnerzy-biznesowi\\\/\"]}]},{\"@type\":\"ImageObject\",\"inLanguage\":\"pl-PL\",\"@id\":\"https:\\\/\\\/www.gamapa.de\\\/pl\\\/dziedziny-swiadczonych-uslug-doradczych\\\/doradztwo-prawne\\\/inwestorzy-klienci-i-partnerzy-biznesowi\\\/#primaryimage\",\"url\":\"https:\\\/\\\/www.gamapa.de\\\/wp-content\\\/uploads\\\/2020\\\/07\\\/U-Header-Rechtsgebiete-2-1-scaled.jpg\",\"contentUrl\":\"https:\\\/\\\/www.gamapa.de\\\/wp-content\\\/uploads\\\/2020\\\/07\\\/U-Header-Rechtsgebiete-2-1-scaled.jpg\",\"width\":2560,\"height\":764,\"caption\":\"Anleger, Kunden und Gesch\u00e4ftspartner\"},{\"@type\":\"BreadcrumbList\",\"@id\":\"https:\\\/\\\/www.gamapa.de\\\/pl\\\/dziedziny-swiadczonych-uslug-doradczych\\\/doradztwo-prawne\\\/inwestorzy-klienci-i-partnerzy-biznesowi\\\/#breadcrumb\",\"itemListElement\":[{\"@type\":\"ListItem\",\"position\":1,\"name\":\"Startseite\",\"item\":\"https:\\\/\\\/www.gamapa.de\\\/pl\\\/\"},{\"@type\":\"ListItem\",\"position\":2,\"name\":\"Obszar konsultacji\",\"item\":\"https:\\\/\\\/www.gamapa.de\\\/pl\\\/dziedziny-swiadczonych-uslug-doradczych\\\/\"},{\"@type\":\"ListItem\",\"position\":3,\"name\":\"Doradztwo prawne\",\"item\":\"https:\\\/\\\/www.gamapa.de\\\/pl\\\/dziedziny-swiadczonych-uslug-doradczych\\\/doradztwo-prawne\\\/\"},{\"@type\":\"ListItem\",\"position\":4,\"name\":\"Inwestorzy, klienci i partnerzy biznesowi\"}]},{\"@type\":\"WebSite\",\"@id\":\"https:\\\/\\\/www.gamapa.de\\\/pl\\\/#website\",\"url\":\"https:\\\/\\\/www.gamapa.de\\\/pl\\\/\",\"name\":\"GANTEF\u00dcHRER\",\"description\":\"Wirtschaftspr\u00fcfer, Steuerberater, Rechtsanw\u00e4lte\",\"publisher\":{\"@id\":\"https:\\\/\\\/www.gamapa.de\\\/pl\\\/#organization\"},\"potentialAction\":[{\"@type\":\"SearchAction\",\"target\":{\"@type\":\"EntryPoint\",\"urlTemplate\":\"https:\\\/\\\/www.gamapa.de\\\/pl\\\/?s={search_term_string}\"},\"query-input\":{\"@type\":\"PropertyValueSpecification\",\"valueRequired\":true,\"valueName\":\"search_term_string\"}}],\"inLanguage\":\"pl-PL\"},{\"@type\":\"Organization\",\"@id\":\"https:\\\/\\\/www.gamapa.de\\\/pl\\\/#organization\",\"name\":\"Gantef\u00fchrer Wirtschaftspr\u00fcfer, Steuerberater, Rechtsanw\u00e4lte\",\"url\":\"https:\\\/\\\/www.gamapa.de\\\/pl\\\/\",\"logo\":{\"@type\":\"ImageObject\",\"inLanguage\":\"pl-PL\",\"@id\":\"https:\\\/\\\/www.gamapa.de\\\/pl\\\/#\\\/schema\\\/logo\\\/image\\\/\",\"url\":\"https:\\\/\\\/www.gamapa.de\\\/wp-content\\\/uploads\\\/2026\\\/01\\\/Logo-Gantefuehrer.png\",\"contentUrl\":\"https:\\\/\\\/www.gamapa.de\\\/wp-content\\\/uploads\\\/2026\\\/01\\\/Logo-Gantefuehrer.png\",\"width\":767,\"height\":156,\"caption\":\"Gantef\u00fchrer Wirtschaftspr\u00fcfer, Steuerberater, Rechtsanw\u00e4lte\"},\"image\":{\"@id\":\"https:\\\/\\\/www.gamapa.de\\\/pl\\\/#\\\/schema\\\/logo\\\/image\\\/\"}}]}<\/script>\n<!-- \/ Yoast SEO plugin. -->","yoast_head_json":{"title":"Anleger, Kunden und Gesch\u00e4ftspartner | Gantef\u00fchrer","description":"Ob Verbraucher, Unternehmer oder Anleger: Wir vertreten Sie vor allem gegen\u00fcber Banken, Sparkassen, Verm\u00f6gensverwaltern und Anlageberatern","robots":{"index":"index","follow":"follow","max-snippet":"max-snippet:-1","max-image-preview":"max-image-preview:large","max-video-preview":"max-video-preview:-1"},"canonical":"https:\/\/www.gamapa.de\/pl\/dziedziny-swiadczonych-uslug-doradczych\/doradztwo-prawne\/inwestorzy-klienci-i-partnerzy-biznesowi\/","og_locale":"pl_PL","og_type":"article","og_title":"Anleger, Kunden und Gesch\u00e4ftspartner | Gantef\u00fchrer","og_description":"Ob Verbraucher, Unternehmer oder Anleger: Wir vertreten Sie vor allem gegen\u00fcber Banken, Sparkassen, Verm\u00f6gensverwaltern und Anlageberatern","og_url":"https:\/\/www.gamapa.de\/pl\/dziedziny-swiadczonych-uslug-doradczych\/doradztwo-prawne\/inwestorzy-klienci-i-partnerzy-biznesowi\/","og_site_name":"GANTEF\u00dcHRER","article_modified_time":"2026-01-16T21:25:50+00:00","og_image":[{"width":2560,"height":764,"url":"https:\/\/www.gamapa.de\/wp-content\/uploads\/2020\/07\/U-Header-Rechtsgebiete-2-1-scaled.jpg","type":"image\/jpeg"}],"twitter_card":"summary_large_image","twitter_misc":{"Szacowany czas czytania":"2 minuty"},"schema":{"@context":"https:\/\/schema.org","@graph":[{"@type":"WebPage","@id":"https:\/\/www.gamapa.de\/pl\/dziedziny-swiadczonych-uslug-doradczych\/doradztwo-prawne\/inwestorzy-klienci-i-partnerzy-biznesowi\/","url":"https:\/\/www.gamapa.de\/pl\/dziedziny-swiadczonych-uslug-doradczych\/doradztwo-prawne\/inwestorzy-klienci-i-partnerzy-biznesowi\/","name":"Anleger, Kunden und Gesch\u00e4ftspartner | Gantef\u00fchrer","isPartOf":{"@id":"https:\/\/www.gamapa.de\/pl\/#website"},"primaryImageOfPage":{"@id":"https:\/\/www.gamapa.de\/pl\/dziedziny-swiadczonych-uslug-doradczych\/doradztwo-prawne\/inwestorzy-klienci-i-partnerzy-biznesowi\/#primaryimage"},"image":{"@id":"https:\/\/www.gamapa.de\/pl\/dziedziny-swiadczonych-uslug-doradczych\/doradztwo-prawne\/inwestorzy-klienci-i-partnerzy-biznesowi\/#primaryimage"},"thumbnailUrl":"https:\/\/www.gamapa.de\/wp-content\/uploads\/2020\/07\/U-Header-Rechtsgebiete-2-1-scaled.jpg","datePublished":"2021-03-20T17:17:19+00:00","dateModified":"2026-01-16T21:25:50+00:00","description":"Ob Verbraucher, Unternehmer oder Anleger: Wir vertreten Sie vor allem gegen\u00fcber Banken, Sparkassen, Verm\u00f6gensverwaltern und Anlageberatern","breadcrumb":{"@id":"https:\/\/www.gamapa.de\/pl\/dziedziny-swiadczonych-uslug-doradczych\/doradztwo-prawne\/inwestorzy-klienci-i-partnerzy-biznesowi\/#breadcrumb"},"inLanguage":"pl-PL","potentialAction":[{"@type":"ReadAction","target":["https:\/\/www.gamapa.de\/pl\/dziedziny-swiadczonych-uslug-doradczych\/doradztwo-prawne\/inwestorzy-klienci-i-partnerzy-biznesowi\/"]}]},{"@type":"ImageObject","inLanguage":"pl-PL","@id":"https:\/\/www.gamapa.de\/pl\/dziedziny-swiadczonych-uslug-doradczych\/doradztwo-prawne\/inwestorzy-klienci-i-partnerzy-biznesowi\/#primaryimage","url":"https:\/\/www.gamapa.de\/wp-content\/uploads\/2020\/07\/U-Header-Rechtsgebiete-2-1-scaled.jpg","contentUrl":"https:\/\/www.gamapa.de\/wp-content\/uploads\/2020\/07\/U-Header-Rechtsgebiete-2-1-scaled.jpg","width":2560,"height":764,"caption":"Anleger, Kunden und Gesch\u00e4ftspartner"},{"@type":"BreadcrumbList","@id":"https:\/\/www.gamapa.de\/pl\/dziedziny-swiadczonych-uslug-doradczych\/doradztwo-prawne\/inwestorzy-klienci-i-partnerzy-biznesowi\/#breadcrumb","itemListElement":[{"@type":"ListItem","position":1,"name":"Startseite","item":"https:\/\/www.gamapa.de\/pl\/"},{"@type":"ListItem","position":2,"name":"Obszar konsultacji","item":"https:\/\/www.gamapa.de\/pl\/dziedziny-swiadczonych-uslug-doradczych\/"},{"@type":"ListItem","position":3,"name":"Doradztwo prawne","item":"https:\/\/www.gamapa.de\/pl\/dziedziny-swiadczonych-uslug-doradczych\/doradztwo-prawne\/"},{"@type":"ListItem","position":4,"name":"Inwestorzy, klienci i partnerzy biznesowi"}]},{"@type":"WebSite","@id":"https:\/\/www.gamapa.de\/pl\/#website","url":"https:\/\/www.gamapa.de\/pl\/","name":"GANTEF\u00dcHRER","description":"Wirtschaftspr\u00fcfer, Steuerberater, Rechtsanw\u00e4lte","publisher":{"@id":"https:\/\/www.gamapa.de\/pl\/#organization"},"potentialAction":[{"@type":"SearchAction","target":{"@type":"EntryPoint","urlTemplate":"https:\/\/www.gamapa.de\/pl\/?s={search_term_string}"},"query-input":{"@type":"PropertyValueSpecification","valueRequired":true,"valueName":"search_term_string"}}],"inLanguage":"pl-PL"},{"@type":"Organization","@id":"https:\/\/www.gamapa.de\/pl\/#organization","name":"Gantef\u00fchrer Wirtschaftspr\u00fcfer, Steuerberater, Rechtsanw\u00e4lte","url":"https:\/\/www.gamapa.de\/pl\/","logo":{"@type":"ImageObject","inLanguage":"pl-PL","@id":"https:\/\/www.gamapa.de\/pl\/#\/schema\/logo\/image\/","url":"https:\/\/www.gamapa.de\/wp-content\/uploads\/2026\/01\/Logo-Gantefuehrer.png","contentUrl":"https:\/\/www.gamapa.de\/wp-content\/uploads\/2026\/01\/Logo-Gantefuehrer.png","width":767,"height":156,"caption":"Gantef\u00fchrer Wirtschaftspr\u00fcfer, Steuerberater, Rechtsanw\u00e4lte"},"image":{"@id":"https:\/\/www.gamapa.de\/pl\/#\/schema\/logo\/image\/"}}]}},"uagb_featured_image_src":{"full":["https:\/\/www.gamapa.de\/wp-content\/uploads\/2020\/07\/U-Header-Rechtsgebiete-2-1-scaled.jpg",2560,764,false],"thumbnail":["https:\/\/www.gamapa.de\/wp-content\/uploads\/2020\/07\/U-Header-Rechtsgebiete-2-1-150x150.jpg",150,150,true],"medium":["https:\/\/www.gamapa.de\/wp-content\/uploads\/2020\/07\/U-Header-Rechtsgebiete-2-1-600x179.jpg",600,179,true],"medium_large":["https:\/\/www.gamapa.de\/wp-content\/uploads\/2020\/07\/U-Header-Rechtsgebiete-2-1-768x229.jpg",580,173,true],"large":["https:\/\/www.gamapa.de\/wp-content\/uploads\/2020\/07\/U-Header-Rechtsgebiete-2-1-scaled.jpg",580,173,false],"gs-tiny":["https:\/\/www.gamapa.de\/wp-content\/uploads\/2020\/07\/U-Header-Rechtsgebiete-2-1-scaled.jpg",50,15,false],"xl":["https:\/\/www.gamapa.de\/wp-content\/uploads\/2020\/07\/U-Header-Rechtsgebiete-2-1-scaled.jpg",1600,478,false],"xxl":["https:\/\/www.gamapa.de\/wp-content\/uploads\/2020\/07\/U-Header-Rechtsgebiete-2-1-scaled.jpg",2200,657,false],"xxxl":["https:\/\/www.gamapa.de\/wp-content\/uploads\/2020\/07\/U-Header-Rechtsgebiete-2-1-scaled.jpg",2560,764,false],"xxxxl":["https:\/\/www.gamapa.de\/wp-content\/uploads\/2020\/07\/U-Header-Rechtsgebiete-2-1-scaled.jpg",2560,764,false],"xxxxxl":["https:\/\/www.gamapa.de\/wp-content\/uploads\/2020\/07\/U-Header-Rechtsgebiete-2-1-scaled.jpg",2560,764,false],"1536x1536":["https:\/\/www.gamapa.de\/wp-content\/uploads\/2020\/07\/U-Header-Rechtsgebiete-2-1-1536x458.jpg",1536,458,true],"2048x2048":["https:\/\/www.gamapa.de\/wp-content\/uploads\/2020\/07\/U-Header-Rechtsgebiete-2-1-2048x611.jpg",2048,611,true],"post-thumbnail":["https:\/\/www.gamapa.de\/wp-content\/uploads\/2020\/07\/U-Header-Rechtsgebiete-2-1-scaled.jpg",2560,764,false],"twentytwenty-fullscreen":["https:\/\/www.gamapa.de\/wp-content\/uploads\/2020\/07\/U-Header-Rechtsgebiete-2-1-scaled.jpg",2560,764,false],"theme-slug-single-post":["https:\/\/www.gamapa.de\/wp-content\/uploads\/2020\/07\/U-Header-Rechtsgebiete-2-1-1600x400.jpg",1600,400,true]},"uagb_author_info":{"display_name":"linda","author_link":"https:\/\/www.gamapa.de\/pl\/author\/linda\/"},"uagb_comment_info":0,"uagb_excerpt":"F\u00fcr Ihre Anliegen als Anleger Das vielseitige Bank- und Kapitalmarktrecht geh\u00f6rt zu unseren Kernkompetenzen. Ob Verbraucher, Unternehmer oder Anleger: Wir vertreten Sie vor allem gegen\u00fcber Banken, Sparkassen, Verm\u00f6gensverwaltern und Anlageberatern. Dabei unterst\u00fctzen wir Sie sowohl bei der Gestaltung einer Gesch\u00e4ftsbeziehung \u2013 beispielsweise bei der Aufnahme eines Kredites oder dem Abschluss einer Kapitalanlage \u2013 als auch&hellip;","_links":{"self":[{"href":"https:\/\/www.gamapa.de\/pl\/wp-json\/wp\/v2\/pages\/23538","targetHints":{"allow":["GET"]}}],"collection":[{"href":"https:\/\/www.gamapa.de\/pl\/wp-json\/wp\/v2\/pages"}],"about":[{"href":"https:\/\/www.gamapa.de\/pl\/wp-json\/wp\/v2\/types\/page"}],"author":[{"embeddable":true,"href":"https:\/\/www.gamapa.de\/pl\/wp-json\/wp\/v2\/users\/1"}],"replies":[{"embeddable":true,"href":"https:\/\/www.gamapa.de\/pl\/wp-json\/wp\/v2\/comments?post=23538"}],"version-history":[{"count":1,"href":"https:\/\/www.gamapa.de\/pl\/wp-json\/wp\/v2\/pages\/23538\/revisions"}],"predecessor-version":[{"id":23540,"href":"https:\/\/www.gamapa.de\/pl\/wp-json\/wp\/v2\/pages\/23538\/revisions\/23540"}],"up":[{"embeddable":true,"href":"https:\/\/www.gamapa.de\/pl\/wp-json\/wp\/v2\/pages\/5659"}],"wp:featuredmedia":[{"embeddable":true,"href":"https:\/\/www.gamapa.de\/pl\/wp-json\/wp\/v2\/media\/3881"}],"wp:attachment":[{"href":"https:\/\/www.gamapa.de\/pl\/wp-json\/wp\/v2\/media?parent=23538"}],"curies":[{"name":"wp","href":"https:\/\/api.w.org\/{rel}","templated":true}]}}