

{"id":23557,"date":"2021-03-09T23:32:50","date_gmt":"2021-03-09T22:32:50","guid":{"rendered":"https:\/\/www.gamapa.de\/dziedziny-swiadczonych-uslug-doradczych\/prawo-upadlosciowe-i-naprawcze\/sanierungsberatung\/"},"modified":"2026-01-16T23:45:53","modified_gmt":"2026-01-16T22:45:53","slug":"doradztwo-restrukturyzacyjne","status":"publish","type":"page","link":"https:\/\/www.gamapa.de\/pl\/dziedziny-swiadczonych-uslug-doradczych\/prawo-upadlosciowe-i-naprawcze\/doradztwo-restrukturyzacyjne\/","title":{"rendered":"Doradztwo restrukturyzacyjne"},"content":{"rendered":"\n<p>Krise und Insolvenz verstehen wir als Chance f\u00fcr die erfolgreiche Sanierung von Unternehmen und den unternehmerischen Neubeginn. Unsere Beratung ist darauf ausgerichtet, Wege aus der Krise zu finden und die Insolvenz zu vermeiden.<\/p>\n\n\n\n<p>Je fr\u00fcher eine wirtschaftliche Schieflage eines Unternehmens erkannt wird, desto mehr M\u00f6glichkeiten gibt es, dieser Entwicklung entgegenzutreten und die Liquidation zu vermeiden. Von der Analyse der Ursachen \u00fcber die Erstellung eines umfassenden Sanierungskonzepts bis hin zur Durchf\u00fchrung aller rechtlichen und betrieblichen Ma\u00dfnahmen unterst\u00fctzen wir Sie w\u00e4hrend des Sanierungsprozesses. Wir stehen Ihnen als Berater bei allen Sanierungs- und Restrukturierungsschritten zur Seite. Auch bei Verhandlungen mit Gl\u00e4ubigern und Stakeholdern, sowie bei der Suche von Auffangl\u00f6sungen und Unternehmens\u00fcbertragungen, wenn eine Sanierung nicht mehr m\u00f6glich ist.<\/p>\n","protected":false},"excerpt":{"rendered":"<p>Krise und Insolvenz verstehen wir als Chance f\u00fcr die erfolgreiche Sanierung von Unternehmen und den unternehmerischen Neubeginn. Unsere Beratung ist darauf ausgerichtet, Wege aus der Krise zu finden und die Insolvenz zu vermeiden. Je fr\u00fcher eine wirtschaftliche Schieflage eines Unternehmens erkannt wird, desto mehr M\u00f6glichkeiten gibt es, dieser Entwicklung entgegenzutreten und die Liquidation zu vermeiden. <a href=\"https:\/\/www.gamapa.de\/pl\/dziedziny-swiadczonych-uslug-doradczych\/prawo-upadlosciowe-i-naprawcze\/doradztwo-restrukturyzacyjne\/\">[\u2026]<\/a><\/p>\n","protected":false},"author":1,"featured_media":3872,"parent":5725,"menu_order":0,"comment_status":"closed","ping_status":"closed","template":"templates\/template-simple-site.php","meta":{"_acf_changed":false,"_uag_custom_page_level_css":"","footnotes":""},"class_list":["post-23557","page","type-page","status-publish","has-post-thumbnail","hentry"],"acf":[],"yoast_head":"<!-- This site is optimized with the Yoast SEO plugin v27.3 - https:\/\/yoast.com\/product\/yoast-seo-wordpress\/ -->\n<title>Sanierungsberatung | Dr. Gantef\u00fchrer, Marquardt und Partner mbB<\/title>\n<meta name=\"description\" content=\"Krise und Insolvenz verstehen wir als Chance f\u00fcr die erfolgreiche Sanierungsberatung von Unternehmen und den unternehmerischen Neubeginn.\" \/>\n<meta name=\"robots\" content=\"index, follow, max-snippet:-1, max-image-preview:large, max-video-preview:-1\" \/>\n<link rel=\"canonical\" href=\"https:\/\/www.gamapa.de\/pl\/dziedziny-swiadczonych-uslug-doradczych\/prawo-upadlosciowe-i-naprawcze\/doradztwo-restrukturyzacyjne\/\" \/>\n<meta property=\"og:locale\" content=\"pl_PL\" \/>\n<meta property=\"og:type\" content=\"article\" \/>\n<meta property=\"og:title\" content=\"Sanierungsberatung | Dr. Gantef\u00fchrer, Marquardt und Partner mbB\" \/>\n<meta property=\"og:description\" content=\"Krise und Insolvenz verstehen wir als Chance f\u00fcr die erfolgreiche Sanierungsberatung von Unternehmen und den unternehmerischen Neubeginn.\" \/>\n<meta property=\"og:url\" content=\"https:\/\/www.gamapa.de\/pl\/dziedziny-swiadczonych-uslug-doradczych\/prawo-upadlosciowe-i-naprawcze\/doradztwo-restrukturyzacyjne\/\" \/>\n<meta property=\"og:site_name\" content=\"GANTEF\u00dcHRER\" \/>\n<meta property=\"article:modified_time\" content=\"2026-01-16T22:45:53+00:00\" \/>\n<meta property=\"og:image\" content=\"https:\/\/www.gamapa.de\/wp-content\/uploads\/2020\/07\/Header-var71-scaled.jpg\" \/>\n\t<meta property=\"og:image:width\" content=\"2560\" \/>\n\t<meta property=\"og:image:height\" content=\"764\" \/>\n\t<meta property=\"og:image:type\" content=\"image\/jpeg\" \/>\n<meta name=\"twitter:card\" content=\"summary_large_image\" \/>\n<meta name=\"twitter:label1\" content=\"Szacowany czas czytania\" \/>\n\t<meta name=\"twitter:data1\" content=\"1 minuta\" \/>\n<script type=\"application\/ld+json\" class=\"yoast-schema-graph\">{\"@context\":\"https:\\\/\\\/schema.org\",\"@graph\":[{\"@type\":\"WebPage\",\"@id\":\"https:\\\/\\\/www.gamapa.de\\\/pl\\\/dziedziny-swiadczonych-uslug-doradczych\\\/prawo-upadlosciowe-i-naprawcze\\\/doradztwo-restrukturyzacyjne\\\/\",\"url\":\"https:\\\/\\\/www.gamapa.de\\\/pl\\\/dziedziny-swiadczonych-uslug-doradczych\\\/prawo-upadlosciowe-i-naprawcze\\\/doradztwo-restrukturyzacyjne\\\/\",\"name\":\"Sanierungsberatung | Dr. Gantef\u00fchrer, Marquardt und Partner mbB\",\"isPartOf\":{\"@id\":\"https:\\\/\\\/www.gamapa.de\\\/pl\\\/#website\"},\"primaryImageOfPage\":{\"@id\":\"https:\\\/\\\/www.gamapa.de\\\/pl\\\/dziedziny-swiadczonych-uslug-doradczych\\\/prawo-upadlosciowe-i-naprawcze\\\/doradztwo-restrukturyzacyjne\\\/#primaryimage\"},\"image\":{\"@id\":\"https:\\\/\\\/www.gamapa.de\\\/pl\\\/dziedziny-swiadczonych-uslug-doradczych\\\/prawo-upadlosciowe-i-naprawcze\\\/doradztwo-restrukturyzacyjne\\\/#primaryimage\"},\"thumbnailUrl\":\"https:\\\/\\\/www.gamapa.de\\\/wp-content\\\/uploads\\\/2020\\\/07\\\/Header-var71-scaled.jpg\",\"datePublished\":\"2021-03-09T22:32:50+00:00\",\"dateModified\":\"2026-01-16T22:45:53+00:00\",\"description\":\"Krise und Insolvenz verstehen wir als Chance f\u00fcr die erfolgreiche Sanierungsberatung von Unternehmen und den unternehmerischen Neubeginn.\",\"breadcrumb\":{\"@id\":\"https:\\\/\\\/www.gamapa.de\\\/pl\\\/dziedziny-swiadczonych-uslug-doradczych\\\/prawo-upadlosciowe-i-naprawcze\\\/doradztwo-restrukturyzacyjne\\\/#breadcrumb\"},\"inLanguage\":\"pl-PL\",\"potentialAction\":[{\"@type\":\"ReadAction\",\"target\":[\"https:\\\/\\\/www.gamapa.de\\\/pl\\\/dziedziny-swiadczonych-uslug-doradczych\\\/prawo-upadlosciowe-i-naprawcze\\\/doradztwo-restrukturyzacyjne\\\/\"]}]},{\"@type\":\"ImageObject\",\"inLanguage\":\"pl-PL\",\"@id\":\"https:\\\/\\\/www.gamapa.de\\\/pl\\\/dziedziny-swiadczonych-uslug-doradczych\\\/prawo-upadlosciowe-i-naprawcze\\\/doradztwo-restrukturyzacyjne\\\/#primaryimage\",\"url\":\"https:\\\/\\\/www.gamapa.de\\\/wp-content\\\/uploads\\\/2020\\\/07\\\/Header-var71-scaled.jpg\",\"contentUrl\":\"https:\\\/\\\/www.gamapa.de\\\/wp-content\\\/uploads\\\/2020\\\/07\\\/Header-var71-scaled.jpg\",\"width\":2560,\"height\":764},{\"@type\":\"BreadcrumbList\",\"@id\":\"https:\\\/\\\/www.gamapa.de\\\/pl\\\/dziedziny-swiadczonych-uslug-doradczych\\\/prawo-upadlosciowe-i-naprawcze\\\/doradztwo-restrukturyzacyjne\\\/#breadcrumb\",\"itemListElement\":[{\"@type\":\"ListItem\",\"position\":1,\"name\":\"Startseite\",\"item\":\"https:\\\/\\\/www.gamapa.de\\\/pl\\\/\"},{\"@type\":\"ListItem\",\"position\":2,\"name\":\"Obszar konsultacji\",\"item\":\"https:\\\/\\\/www.gamapa.de\\\/pl\\\/dziedziny-swiadczonych-uslug-doradczych\\\/\"},{\"@type\":\"ListItem\",\"position\":3,\"name\":\"Prawo upad\u0142o\u015bciowe i naprawcze\",\"item\":\"https:\\\/\\\/www.gamapa.de\\\/pl\\\/prawo-upadlosciowe-i-naprawcze\\\/\"},{\"@type\":\"ListItem\",\"position\":4,\"name\":\"Doradztwo restrukturyzacyjne\"}]},{\"@type\":\"WebSite\",\"@id\":\"https:\\\/\\\/www.gamapa.de\\\/pl\\\/#website\",\"url\":\"https:\\\/\\\/www.gamapa.de\\\/pl\\\/\",\"name\":\"GANTEF\u00dcHRER\",\"description\":\"Wirtschaftspr\u00fcfer, Steuerberater, Rechtsanw\u00e4lte\",\"publisher\":{\"@id\":\"https:\\\/\\\/www.gamapa.de\\\/pl\\\/#organization\"},\"potentialAction\":[{\"@type\":\"SearchAction\",\"target\":{\"@type\":\"EntryPoint\",\"urlTemplate\":\"https:\\\/\\\/www.gamapa.de\\\/pl\\\/?s={search_term_string}\"},\"query-input\":{\"@type\":\"PropertyValueSpecification\",\"valueRequired\":true,\"valueName\":\"search_term_string\"}}],\"inLanguage\":\"pl-PL\"},{\"@type\":\"Organization\",\"@id\":\"https:\\\/\\\/www.gamapa.de\\\/pl\\\/#organization\",\"name\":\"Gantef\u00fchrer Wirtschaftspr\u00fcfer, Steuerberater, Rechtsanw\u00e4lte\",\"url\":\"https:\\\/\\\/www.gamapa.de\\\/pl\\\/\",\"logo\":{\"@type\":\"ImageObject\",\"inLanguage\":\"pl-PL\",\"@id\":\"https:\\\/\\\/www.gamapa.de\\\/pl\\\/#\\\/schema\\\/logo\\\/image\\\/\",\"url\":\"https:\\\/\\\/www.gamapa.de\\\/wp-content\\\/uploads\\\/2026\\\/01\\\/Logo-Gantefuehrer.png\",\"contentUrl\":\"https:\\\/\\\/www.gamapa.de\\\/wp-content\\\/uploads\\\/2026\\\/01\\\/Logo-Gantefuehrer.png\",\"width\":767,\"height\":156,\"caption\":\"Gantef\u00fchrer Wirtschaftspr\u00fcfer, Steuerberater, Rechtsanw\u00e4lte\"},\"image\":{\"@id\":\"https:\\\/\\\/www.gamapa.de\\\/pl\\\/#\\\/schema\\\/logo\\\/image\\\/\"}}]}<\/script>\n<!-- \/ Yoast SEO plugin. -->","yoast_head_json":{"title":"Sanierungsberatung | Dr. Gantef\u00fchrer, Marquardt und Partner mbB","description":"Krise und Insolvenz verstehen wir als Chance f\u00fcr die erfolgreiche Sanierungsberatung von Unternehmen und den unternehmerischen Neubeginn.","robots":{"index":"index","follow":"follow","max-snippet":"max-snippet:-1","max-image-preview":"max-image-preview:large","max-video-preview":"max-video-preview:-1"},"canonical":"https:\/\/www.gamapa.de\/pl\/dziedziny-swiadczonych-uslug-doradczych\/prawo-upadlosciowe-i-naprawcze\/doradztwo-restrukturyzacyjne\/","og_locale":"pl_PL","og_type":"article","og_title":"Sanierungsberatung | Dr. Gantef\u00fchrer, Marquardt und Partner mbB","og_description":"Krise und Insolvenz verstehen wir als Chance f\u00fcr die erfolgreiche Sanierungsberatung von Unternehmen und den unternehmerischen Neubeginn.","og_url":"https:\/\/www.gamapa.de\/pl\/dziedziny-swiadczonych-uslug-doradczych\/prawo-upadlosciowe-i-naprawcze\/doradztwo-restrukturyzacyjne\/","og_site_name":"GANTEF\u00dcHRER","article_modified_time":"2026-01-16T22:45:53+00:00","og_image":[{"width":2560,"height":764,"url":"https:\/\/www.gamapa.de\/wp-content\/uploads\/2020\/07\/Header-var71-scaled.jpg","type":"image\/jpeg"}],"twitter_card":"summary_large_image","twitter_misc":{"Szacowany czas czytania":"1 minuta"},"schema":{"@context":"https:\/\/schema.org","@graph":[{"@type":"WebPage","@id":"https:\/\/www.gamapa.de\/pl\/dziedziny-swiadczonych-uslug-doradczych\/prawo-upadlosciowe-i-naprawcze\/doradztwo-restrukturyzacyjne\/","url":"https:\/\/www.gamapa.de\/pl\/dziedziny-swiadczonych-uslug-doradczych\/prawo-upadlosciowe-i-naprawcze\/doradztwo-restrukturyzacyjne\/","name":"Sanierungsberatung | Dr. Gantef\u00fchrer, Marquardt und Partner mbB","isPartOf":{"@id":"https:\/\/www.gamapa.de\/pl\/#website"},"primaryImageOfPage":{"@id":"https:\/\/www.gamapa.de\/pl\/dziedziny-swiadczonych-uslug-doradczych\/prawo-upadlosciowe-i-naprawcze\/doradztwo-restrukturyzacyjne\/#primaryimage"},"image":{"@id":"https:\/\/www.gamapa.de\/pl\/dziedziny-swiadczonych-uslug-doradczych\/prawo-upadlosciowe-i-naprawcze\/doradztwo-restrukturyzacyjne\/#primaryimage"},"thumbnailUrl":"https:\/\/www.gamapa.de\/wp-content\/uploads\/2020\/07\/Header-var71-scaled.jpg","datePublished":"2021-03-09T22:32:50+00:00","dateModified":"2026-01-16T22:45:53+00:00","description":"Krise und Insolvenz verstehen wir als Chance f\u00fcr die erfolgreiche Sanierungsberatung von Unternehmen und den unternehmerischen Neubeginn.","breadcrumb":{"@id":"https:\/\/www.gamapa.de\/pl\/dziedziny-swiadczonych-uslug-doradczych\/prawo-upadlosciowe-i-naprawcze\/doradztwo-restrukturyzacyjne\/#breadcrumb"},"inLanguage":"pl-PL","potentialAction":[{"@type":"ReadAction","target":["https:\/\/www.gamapa.de\/pl\/dziedziny-swiadczonych-uslug-doradczych\/prawo-upadlosciowe-i-naprawcze\/doradztwo-restrukturyzacyjne\/"]}]},{"@type":"ImageObject","inLanguage":"pl-PL","@id":"https:\/\/www.gamapa.de\/pl\/dziedziny-swiadczonych-uslug-doradczych\/prawo-upadlosciowe-i-naprawcze\/doradztwo-restrukturyzacyjne\/#primaryimage","url":"https:\/\/www.gamapa.de\/wp-content\/uploads\/2020\/07\/Header-var71-scaled.jpg","contentUrl":"https:\/\/www.gamapa.de\/wp-content\/uploads\/2020\/07\/Header-var71-scaled.jpg","width":2560,"height":764},{"@type":"BreadcrumbList","@id":"https:\/\/www.gamapa.de\/pl\/dziedziny-swiadczonych-uslug-doradczych\/prawo-upadlosciowe-i-naprawcze\/doradztwo-restrukturyzacyjne\/#breadcrumb","itemListElement":[{"@type":"ListItem","position":1,"name":"Startseite","item":"https:\/\/www.gamapa.de\/pl\/"},{"@type":"ListItem","position":2,"name":"Obszar konsultacji","item":"https:\/\/www.gamapa.de\/pl\/dziedziny-swiadczonych-uslug-doradczych\/"},{"@type":"ListItem","position":3,"name":"Prawo upad\u0142o\u015bciowe i naprawcze","item":"https:\/\/www.gamapa.de\/pl\/prawo-upadlosciowe-i-naprawcze\/"},{"@type":"ListItem","position":4,"name":"Doradztwo restrukturyzacyjne"}]},{"@type":"WebSite","@id":"https:\/\/www.gamapa.de\/pl\/#website","url":"https:\/\/www.gamapa.de\/pl\/","name":"GANTEF\u00dcHRER","description":"Wirtschaftspr\u00fcfer, Steuerberater, Rechtsanw\u00e4lte","publisher":{"@id":"https:\/\/www.gamapa.de\/pl\/#organization"},"potentialAction":[{"@type":"SearchAction","target":{"@type":"EntryPoint","urlTemplate":"https:\/\/www.gamapa.de\/pl\/?s={search_term_string}"},"query-input":{"@type":"PropertyValueSpecification","valueRequired":true,"valueName":"search_term_string"}}],"inLanguage":"pl-PL"},{"@type":"Organization","@id":"https:\/\/www.gamapa.de\/pl\/#organization","name":"Gantef\u00fchrer Wirtschaftspr\u00fcfer, Steuerberater, Rechtsanw\u00e4lte","url":"https:\/\/www.gamapa.de\/pl\/","logo":{"@type":"ImageObject","inLanguage":"pl-PL","@id":"https:\/\/www.gamapa.de\/pl\/#\/schema\/logo\/image\/","url":"https:\/\/www.gamapa.de\/wp-content\/uploads\/2026\/01\/Logo-Gantefuehrer.png","contentUrl":"https:\/\/www.gamapa.de\/wp-content\/uploads\/2026\/01\/Logo-Gantefuehrer.png","width":767,"height":156,"caption":"Gantef\u00fchrer Wirtschaftspr\u00fcfer, Steuerberater, Rechtsanw\u00e4lte"},"image":{"@id":"https:\/\/www.gamapa.de\/pl\/#\/schema\/logo\/image\/"}}]}},"uagb_featured_image_src":{"full":["https:\/\/www.gamapa.de\/wp-content\/uploads\/2020\/07\/Header-var71-scaled.jpg",2560,764,false],"thumbnail":["https:\/\/www.gamapa.de\/wp-content\/uploads\/2020\/07\/Header-var71-150x150.jpg",150,150,true],"medium":["https:\/\/www.gamapa.de\/wp-content\/uploads\/2020\/07\/Header-var71-600x179.jpg",600,179,true],"medium_large":["https:\/\/www.gamapa.de\/wp-content\/uploads\/2020\/07\/Header-var71-768x229.jpg",580,173,true],"large":["https:\/\/www.gamapa.de\/wp-content\/uploads\/2020\/07\/Header-var71-scaled.jpg",580,173,false],"gs-tiny":["https:\/\/www.gamapa.de\/wp-content\/uploads\/2020\/07\/Header-var71-scaled.jpg",50,15,false],"xl":["https:\/\/www.gamapa.de\/wp-content\/uploads\/2020\/07\/Header-var71-scaled.jpg",1600,478,false],"xxl":["https:\/\/www.gamapa.de\/wp-content\/uploads\/2020\/07\/Header-var71-scaled.jpg",2200,657,false],"xxxl":["https:\/\/www.gamapa.de\/wp-content\/uploads\/2020\/07\/Header-var71-scaled.jpg",2560,764,false],"xxxxl":["https:\/\/www.gamapa.de\/wp-content\/uploads\/2020\/07\/Header-var71-scaled.jpg",2560,764,false],"xxxxxl":["https:\/\/www.gamapa.de\/wp-content\/uploads\/2020\/07\/Header-var71-scaled.jpg",2560,764,false],"1536x1536":["https:\/\/www.gamapa.de\/wp-content\/uploads\/2020\/07\/Header-var71-1536x458.jpg",1536,458,true],"2048x2048":["https:\/\/www.gamapa.de\/wp-content\/uploads\/2020\/07\/Header-var71-2048x611.jpg",2048,611,true],"post-thumbnail":["https:\/\/www.gamapa.de\/wp-content\/uploads\/2020\/07\/Header-var71-scaled.jpg",2560,764,false],"twentytwenty-fullscreen":["https:\/\/www.gamapa.de\/wp-content\/uploads\/2020\/07\/Header-var71-scaled.jpg",2560,764,false],"theme-slug-single-post":["https:\/\/www.gamapa.de\/wp-content\/uploads\/2020\/07\/Header-var71-1600x400.jpg",1600,400,true]},"uagb_author_info":{"display_name":"linda","author_link":"https:\/\/www.gamapa.de\/pl\/author\/linda\/"},"uagb_comment_info":0,"uagb_excerpt":"Krise und Insolvenz verstehen wir als Chance f\u00fcr die erfolgreiche Sanierung von Unternehmen und den unternehmerischen Neubeginn. Unsere Beratung ist darauf ausgerichtet, Wege aus der Krise zu finden und die Insolvenz zu vermeiden. Je fr\u00fcher eine wirtschaftliche Schieflage eines Unternehmens erkannt wird, desto mehr M\u00f6glichkeiten gibt es, dieser Entwicklung entgegenzutreten und die Liquidation zu vermeiden.&hellip;","_links":{"self":[{"href":"https:\/\/www.gamapa.de\/pl\/wp-json\/wp\/v2\/pages\/23557","targetHints":{"allow":["GET"]}}],"collection":[{"href":"https:\/\/www.gamapa.de\/pl\/wp-json\/wp\/v2\/pages"}],"about":[{"href":"https:\/\/www.gamapa.de\/pl\/wp-json\/wp\/v2\/types\/page"}],"author":[{"embeddable":true,"href":"https:\/\/www.gamapa.de\/pl\/wp-json\/wp\/v2\/users\/1"}],"replies":[{"embeddable":true,"href":"https:\/\/www.gamapa.de\/pl\/wp-json\/wp\/v2\/comments?post=23557"}],"version-history":[{"count":1,"href":"https:\/\/www.gamapa.de\/pl\/wp-json\/wp\/v2\/pages\/23557\/revisions"}],"predecessor-version":[{"id":23588,"href":"https:\/\/www.gamapa.de\/pl\/wp-json\/wp\/v2\/pages\/23557\/revisions\/23588"}],"up":[{"embeddable":true,"href":"https:\/\/www.gamapa.de\/pl\/wp-json\/wp\/v2\/pages\/5725"}],"wp:featuredmedia":[{"embeddable":true,"href":"https:\/\/www.gamapa.de\/pl\/wp-json\/wp\/v2\/media\/3872"}],"wp:attachment":[{"href":"https:\/\/www.gamapa.de\/pl\/wp-json\/wp\/v2\/media?parent=23557"}],"curies":[{"name":"wp","href":"https:\/\/api.w.org\/{rel}","templated":true}]}}