

{"id":23563,"date":"2021-01-06T08:57:54","date_gmt":"2021-01-06T07:57:54","guid":{"rendered":"https:\/\/www.gamapa.de\/dziedziny-swiadczonych-uslug-doradczych\/doradztwo-w-zakresie-zarzadzania-przedsiebiorstwem\/digitalisierungsberatung\/"},"modified":"2026-01-16T23:00:49","modified_gmt":"2026-01-16T22:00:49","slug":"doradztwo-w-zakresie-transformacji-cyfrowej","status":"publish","type":"page","link":"https:\/\/www.gamapa.de\/pl\/dziedziny-swiadczonych-uslug-doradczych\/doradztwo-w-zakresie-zarzadzania-przedsiebiorstwem\/doradztwo-w-zakresie-transformacji-cyfrowej\/","title":{"rendered":"Doradztwo w zakresie transformacji cyfrowej"},"content":{"rendered":"\n<h2 class=\"wp-block-heading\"><strong>Potenziale der Digitalisierung erkennen<\/strong><\/h2>\n\n\n\n<p>Die gesamte Wirtschaft befindet sich, nicht erst seit der Corona-Pandemie,  in der digitalen Transformation. In der Digitalisierungsberatung unterst\u00fctzen wir Sie bei der Einf\u00fchrung verschiedener Technologien. Beispielsweise bei der Einrichtung der erforderlichen Schnittstellen um ihren Gesch\u00e4ftsalltag zu optimieren. <\/p>\n\n\n\n<p><\/p>\n\n\n\n<p>Hierzu stellen wir individuell Teams zusammen, die aus spezialisierten Mitarbeitern (u.a. <a href=\"https:\/\/www.gamapa.de\/pl\/doradcy\/\" target=\"_blank\" rel=\"noreferrer noopener\">Fachanwalt f\u00fcr IT-Recht<\/a>, Fibutroniker, DATEV-Experten f\u00fcr digitale Finanz- und Lohnbuchf\u00fchrung) bestehen und Sie bei Ihrem Digitalisierungsprozess unterst\u00fctzen. Als ausgezeichnete &#8222;Digitale Kanzlei&#8221; bringen wir unsere Erfahrungen in Ihrem Unternehmen mit ein. <\/p>\n\n\n\n<p>Unsere T\u00e4tigkeit in der Digitalisierungsberatung umfasst u.a. folgende Bereiche:<\/p>\n\n\n\n<ul class=\"wp-block-list\"><li>Unterst\u00fctzung bei der Einf\u00fchrung eines Digitalen Dokumentenmanagementsystems (DMS)<\/li><li>Unterst\u00fctzung bei der Einf\u00fchrung von Software zur Abwicklung von Personalprozessen (digitale Personalakte)<\/li><li>Erstellung von Verfahrensdokumentationen<\/li><li>Unterst\u00fctzung bei der Prozessoptimierung <\/li><li>Einf\u00fchrung von E-Rechnungen (ZUGFeRD, XRechnung)<\/li><li>Unterst\u00fctzung bei der Einrichtung von Schnittstellen f\u00fcr den Datentransfer<\/li><\/ul>\n\n\n\n<p><br><br><\/p>\n","protected":false},"excerpt":{"rendered":"<p>Potenziale der Digitalisierung erkennen Die gesamte Wirtschaft befindet sich, nicht erst seit der Corona-Pandemie, in der digitalen Transformation. In der Digitalisierungsberatung unterst\u00fctzen wir Sie bei der Einf\u00fchrung verschiedener Technologien. Beispielsweise bei der Einrichtung der erforderlichen Schnittstellen um ihren Gesch\u00e4ftsalltag zu optimieren. Hierzu stellen wir individuell Teams zusammen, die aus spezialisierten Mitarbeitern (u.a. Fachanwalt f\u00fcr IT-Recht, <a href=\"https:\/\/www.gamapa.de\/pl\/dziedziny-swiadczonych-uslug-doradczych\/doradztwo-w-zakresie-zarzadzania-przedsiebiorstwem\/doradztwo-w-zakresie-transformacji-cyfrowej\/\">[\u2026]<\/a><\/p>\n","protected":false},"author":2,"featured_media":10095,"parent":5663,"menu_order":6,"comment_status":"closed","ping_status":"closed","template":"templates\/template-simple-site.php","meta":{"_acf_changed":false,"_uag_custom_page_level_css":"","footnotes":""},"class_list":["post-23563","page","type-page","status-publish","has-post-thumbnail","hentry"],"acf":[],"yoast_head":"<!-- This site is optimized with the Yoast SEO plugin v27.3 - https:\/\/yoast.com\/product\/yoast-seo-wordpress\/ -->\n<title>Digitalisierungsberatung | Dr. Gantef\u00fchrer, Marquardt und Partner mbB<\/title>\n<meta name=\"description\" content=\"Wir unterst\u00fctzen Sie in der Digitalisierungsberatung bei Einf\u00fchrung verschiedener Technologien bzw. Einrichtung der erforderlichen ...\" \/>\n<meta name=\"robots\" content=\"index, follow, max-snippet:-1, max-image-preview:large, max-video-preview:-1\" \/>\n<link rel=\"canonical\" href=\"https:\/\/www.gamapa.de\/pl\/dziedziny-swiadczonych-uslug-doradczych\/doradztwo-w-zakresie-zarzadzania-przedsiebiorstwem\/doradztwo-w-zakresie-transformacji-cyfrowej\/\" \/>\n<meta property=\"og:locale\" content=\"pl_PL\" \/>\n<meta property=\"og:type\" content=\"article\" \/>\n<meta property=\"og:title\" content=\"Digitalisierungsberatung | Dr. Gantef\u00fchrer, Marquardt und Partner mbB\" \/>\n<meta property=\"og:description\" content=\"Wir unterst\u00fctzen Sie in der Digitalisierungsberatung bei Einf\u00fchrung verschiedener Technologien bzw. Einrichtung der erforderlichen ...\" \/>\n<meta property=\"og:url\" content=\"https:\/\/www.gamapa.de\/pl\/dziedziny-swiadczonych-uslug-doradczych\/doradztwo-w-zakresie-zarzadzania-przedsiebiorstwem\/doradztwo-w-zakresie-transformacji-cyfrowej\/\" \/>\n<meta property=\"og:site_name\" content=\"GANTEF\u00dcHRER\" \/>\n<meta property=\"article:modified_time\" content=\"2026-01-16T22:00:49+00:00\" \/>\n<meta property=\"og:image\" content=\"https:\/\/www.gamapa.de\/wp-content\/uploads\/2021\/11\/rechtsanwaelte-duesseldorf-scaled-1.jpg\" \/>\n\t<meta property=\"og:image:width\" content=\"2560\" \/>\n\t<meta property=\"og:image:height\" content=\"1067\" \/>\n\t<meta property=\"og:image:type\" content=\"image\/jpeg\" \/>\n<meta name=\"twitter:card\" content=\"summary_large_image\" \/>\n<meta name=\"twitter:label1\" content=\"Szacowany czas czytania\" \/>\n\t<meta name=\"twitter:data1\" content=\"1 minuta\" \/>\n<script type=\"application\/ld+json\" class=\"yoast-schema-graph\">{\"@context\":\"https:\\\/\\\/schema.org\",\"@graph\":[{\"@type\":\"WebPage\",\"@id\":\"https:\\\/\\\/www.gamapa.de\\\/pl\\\/dziedziny-swiadczonych-uslug-doradczych\\\/doradztwo-w-zakresie-zarzadzania-przedsiebiorstwem\\\/doradztwo-w-zakresie-transformacji-cyfrowej\\\/\",\"url\":\"https:\\\/\\\/www.gamapa.de\\\/pl\\\/dziedziny-swiadczonych-uslug-doradczych\\\/doradztwo-w-zakresie-zarzadzania-przedsiebiorstwem\\\/doradztwo-w-zakresie-transformacji-cyfrowej\\\/\",\"name\":\"Digitalisierungsberatung | Dr. Gantef\u00fchrer, Marquardt und Partner mbB\",\"isPartOf\":{\"@id\":\"https:\\\/\\\/www.gamapa.de\\\/pl\\\/#website\"},\"primaryImageOfPage\":{\"@id\":\"https:\\\/\\\/www.gamapa.de\\\/pl\\\/dziedziny-swiadczonych-uslug-doradczych\\\/doradztwo-w-zakresie-zarzadzania-przedsiebiorstwem\\\/doradztwo-w-zakresie-transformacji-cyfrowej\\\/#primaryimage\"},\"image\":{\"@id\":\"https:\\\/\\\/www.gamapa.de\\\/pl\\\/dziedziny-swiadczonych-uslug-doradczych\\\/doradztwo-w-zakresie-zarzadzania-przedsiebiorstwem\\\/doradztwo-w-zakresie-transformacji-cyfrowej\\\/#primaryimage\"},\"thumbnailUrl\":\"https:\\\/\\\/www.gamapa.de\\\/wp-content\\\/uploads\\\/2021\\\/11\\\/rechtsanwaelte-duesseldorf-scaled-1.jpg\",\"datePublished\":\"2021-01-06T07:57:54+00:00\",\"dateModified\":\"2026-01-16T22:00:49+00:00\",\"description\":\"Wir unterst\u00fctzen Sie in der Digitalisierungsberatung bei Einf\u00fchrung verschiedener Technologien bzw. Einrichtung der erforderlichen ...\",\"breadcrumb\":{\"@id\":\"https:\\\/\\\/www.gamapa.de\\\/pl\\\/dziedziny-swiadczonych-uslug-doradczych\\\/doradztwo-w-zakresie-zarzadzania-przedsiebiorstwem\\\/doradztwo-w-zakresie-transformacji-cyfrowej\\\/#breadcrumb\"},\"inLanguage\":\"pl-PL\",\"potentialAction\":[{\"@type\":\"ReadAction\",\"target\":[\"https:\\\/\\\/www.gamapa.de\\\/pl\\\/dziedziny-swiadczonych-uslug-doradczych\\\/doradztwo-w-zakresie-zarzadzania-przedsiebiorstwem\\\/doradztwo-w-zakresie-transformacji-cyfrowej\\\/\"]}]},{\"@type\":\"ImageObject\",\"inLanguage\":\"pl-PL\",\"@id\":\"https:\\\/\\\/www.gamapa.de\\\/pl\\\/dziedziny-swiadczonych-uslug-doradczych\\\/doradztwo-w-zakresie-zarzadzania-przedsiebiorstwem\\\/doradztwo-w-zakresie-transformacji-cyfrowej\\\/#primaryimage\",\"url\":\"https:\\\/\\\/www.gamapa.de\\\/wp-content\\\/uploads\\\/2021\\\/11\\\/rechtsanwaelte-duesseldorf-scaled-1.jpg\",\"contentUrl\":\"https:\\\/\\\/www.gamapa.de\\\/wp-content\\\/uploads\\\/2021\\\/11\\\/rechtsanwaelte-duesseldorf-scaled-1.jpg\",\"width\":2560,\"height\":1067,\"caption\":\"Bewegung ist Leben! Schriftzug in der Soziet\u00e4t Gantef\u00fchrer\"},{\"@type\":\"BreadcrumbList\",\"@id\":\"https:\\\/\\\/www.gamapa.de\\\/pl\\\/dziedziny-swiadczonych-uslug-doradczych\\\/doradztwo-w-zakresie-zarzadzania-przedsiebiorstwem\\\/doradztwo-w-zakresie-transformacji-cyfrowej\\\/#breadcrumb\",\"itemListElement\":[{\"@type\":\"ListItem\",\"position\":1,\"name\":\"Startseite\",\"item\":\"https:\\\/\\\/www.gamapa.de\\\/pl\\\/\"},{\"@type\":\"ListItem\",\"position\":2,\"name\":\"Obszar konsultacji\",\"item\":\"https:\\\/\\\/www.gamapa.de\\\/pl\\\/dziedziny-swiadczonych-uslug-doradczych\\\/\"},{\"@type\":\"ListItem\",\"position\":3,\"name\":\"Doradztwo w zakresie zarz\u0105dzania przedsi\u0119biorstwem\",\"item\":\"https:\\\/\\\/www.gamapa.de\\\/pl\\\/dziedziny-swiadczonych-uslug-doradczych\\\/doradztwo-w-zakresie-zarzadzania-przedsiebiorstwem\\\/\"},{\"@type\":\"ListItem\",\"position\":4,\"name\":\"Doradztwo w zakresie transformacji cyfrowej\"}]},{\"@type\":\"WebSite\",\"@id\":\"https:\\\/\\\/www.gamapa.de\\\/pl\\\/#website\",\"url\":\"https:\\\/\\\/www.gamapa.de\\\/pl\\\/\",\"name\":\"GANTEF\u00dcHRER\",\"description\":\"Wirtschaftspr\u00fcfer, Steuerberater, Rechtsanw\u00e4lte\",\"publisher\":{\"@id\":\"https:\\\/\\\/www.gamapa.de\\\/pl\\\/#organization\"},\"potentialAction\":[{\"@type\":\"SearchAction\",\"target\":{\"@type\":\"EntryPoint\",\"urlTemplate\":\"https:\\\/\\\/www.gamapa.de\\\/pl\\\/?s={search_term_string}\"},\"query-input\":{\"@type\":\"PropertyValueSpecification\",\"valueRequired\":true,\"valueName\":\"search_term_string\"}}],\"inLanguage\":\"pl-PL\"},{\"@type\":\"Organization\",\"@id\":\"https:\\\/\\\/www.gamapa.de\\\/pl\\\/#organization\",\"name\":\"Gantef\u00fchrer Wirtschaftspr\u00fcfer, Steuerberater, Rechtsanw\u00e4lte\",\"url\":\"https:\\\/\\\/www.gamapa.de\\\/pl\\\/\",\"logo\":{\"@type\":\"ImageObject\",\"inLanguage\":\"pl-PL\",\"@id\":\"https:\\\/\\\/www.gamapa.de\\\/pl\\\/#\\\/schema\\\/logo\\\/image\\\/\",\"url\":\"https:\\\/\\\/www.gamapa.de\\\/wp-content\\\/uploads\\\/2026\\\/01\\\/Logo-Gantefuehrer.png\",\"contentUrl\":\"https:\\\/\\\/www.gamapa.de\\\/wp-content\\\/uploads\\\/2026\\\/01\\\/Logo-Gantefuehrer.png\",\"width\":767,\"height\":156,\"caption\":\"Gantef\u00fchrer Wirtschaftspr\u00fcfer, Steuerberater, Rechtsanw\u00e4lte\"},\"image\":{\"@id\":\"https:\\\/\\\/www.gamapa.de\\\/pl\\\/#\\\/schema\\\/logo\\\/image\\\/\"}}]}<\/script>\n<!-- \/ Yoast SEO plugin. -->","yoast_head_json":{"title":"Digitalisierungsberatung | Dr. Gantef\u00fchrer, Marquardt und Partner mbB","description":"Wir unterst\u00fctzen Sie in der Digitalisierungsberatung bei Einf\u00fchrung verschiedener Technologien bzw. Einrichtung der erforderlichen ...","robots":{"index":"index","follow":"follow","max-snippet":"max-snippet:-1","max-image-preview":"max-image-preview:large","max-video-preview":"max-video-preview:-1"},"canonical":"https:\/\/www.gamapa.de\/pl\/dziedziny-swiadczonych-uslug-doradczych\/doradztwo-w-zakresie-zarzadzania-przedsiebiorstwem\/doradztwo-w-zakresie-transformacji-cyfrowej\/","og_locale":"pl_PL","og_type":"article","og_title":"Digitalisierungsberatung | Dr. Gantef\u00fchrer, Marquardt und Partner mbB","og_description":"Wir unterst\u00fctzen Sie in der Digitalisierungsberatung bei Einf\u00fchrung verschiedener Technologien bzw. Einrichtung der erforderlichen ...","og_url":"https:\/\/www.gamapa.de\/pl\/dziedziny-swiadczonych-uslug-doradczych\/doradztwo-w-zakresie-zarzadzania-przedsiebiorstwem\/doradztwo-w-zakresie-transformacji-cyfrowej\/","og_site_name":"GANTEF\u00dcHRER","article_modified_time":"2026-01-16T22:00:49+00:00","og_image":[{"width":2560,"height":1067,"url":"https:\/\/www.gamapa.de\/wp-content\/uploads\/2021\/11\/rechtsanwaelte-duesseldorf-scaled-1.jpg","type":"image\/jpeg"}],"twitter_card":"summary_large_image","twitter_misc":{"Szacowany czas czytania":"1 minuta"},"schema":{"@context":"https:\/\/schema.org","@graph":[{"@type":"WebPage","@id":"https:\/\/www.gamapa.de\/pl\/dziedziny-swiadczonych-uslug-doradczych\/doradztwo-w-zakresie-zarzadzania-przedsiebiorstwem\/doradztwo-w-zakresie-transformacji-cyfrowej\/","url":"https:\/\/www.gamapa.de\/pl\/dziedziny-swiadczonych-uslug-doradczych\/doradztwo-w-zakresie-zarzadzania-przedsiebiorstwem\/doradztwo-w-zakresie-transformacji-cyfrowej\/","name":"Digitalisierungsberatung | Dr. Gantef\u00fchrer, Marquardt und Partner mbB","isPartOf":{"@id":"https:\/\/www.gamapa.de\/pl\/#website"},"primaryImageOfPage":{"@id":"https:\/\/www.gamapa.de\/pl\/dziedziny-swiadczonych-uslug-doradczych\/doradztwo-w-zakresie-zarzadzania-przedsiebiorstwem\/doradztwo-w-zakresie-transformacji-cyfrowej\/#primaryimage"},"image":{"@id":"https:\/\/www.gamapa.de\/pl\/dziedziny-swiadczonych-uslug-doradczych\/doradztwo-w-zakresie-zarzadzania-przedsiebiorstwem\/doradztwo-w-zakresie-transformacji-cyfrowej\/#primaryimage"},"thumbnailUrl":"https:\/\/www.gamapa.de\/wp-content\/uploads\/2021\/11\/rechtsanwaelte-duesseldorf-scaled-1.jpg","datePublished":"2021-01-06T07:57:54+00:00","dateModified":"2026-01-16T22:00:49+00:00","description":"Wir unterst\u00fctzen Sie in der Digitalisierungsberatung bei Einf\u00fchrung verschiedener Technologien bzw. Einrichtung der erforderlichen ...","breadcrumb":{"@id":"https:\/\/www.gamapa.de\/pl\/dziedziny-swiadczonych-uslug-doradczych\/doradztwo-w-zakresie-zarzadzania-przedsiebiorstwem\/doradztwo-w-zakresie-transformacji-cyfrowej\/#breadcrumb"},"inLanguage":"pl-PL","potentialAction":[{"@type":"ReadAction","target":["https:\/\/www.gamapa.de\/pl\/dziedziny-swiadczonych-uslug-doradczych\/doradztwo-w-zakresie-zarzadzania-przedsiebiorstwem\/doradztwo-w-zakresie-transformacji-cyfrowej\/"]}]},{"@type":"ImageObject","inLanguage":"pl-PL","@id":"https:\/\/www.gamapa.de\/pl\/dziedziny-swiadczonych-uslug-doradczych\/doradztwo-w-zakresie-zarzadzania-przedsiebiorstwem\/doradztwo-w-zakresie-transformacji-cyfrowej\/#primaryimage","url":"https:\/\/www.gamapa.de\/wp-content\/uploads\/2021\/11\/rechtsanwaelte-duesseldorf-scaled-1.jpg","contentUrl":"https:\/\/www.gamapa.de\/wp-content\/uploads\/2021\/11\/rechtsanwaelte-duesseldorf-scaled-1.jpg","width":2560,"height":1067,"caption":"Bewegung ist Leben! Schriftzug in der Soziet\u00e4t Gantef\u00fchrer"},{"@type":"BreadcrumbList","@id":"https:\/\/www.gamapa.de\/pl\/dziedziny-swiadczonych-uslug-doradczych\/doradztwo-w-zakresie-zarzadzania-przedsiebiorstwem\/doradztwo-w-zakresie-transformacji-cyfrowej\/#breadcrumb","itemListElement":[{"@type":"ListItem","position":1,"name":"Startseite","item":"https:\/\/www.gamapa.de\/pl\/"},{"@type":"ListItem","position":2,"name":"Obszar konsultacji","item":"https:\/\/www.gamapa.de\/pl\/dziedziny-swiadczonych-uslug-doradczych\/"},{"@type":"ListItem","position":3,"name":"Doradztwo w zakresie zarz\u0105dzania przedsi\u0119biorstwem","item":"https:\/\/www.gamapa.de\/pl\/dziedziny-swiadczonych-uslug-doradczych\/doradztwo-w-zakresie-zarzadzania-przedsiebiorstwem\/"},{"@type":"ListItem","position":4,"name":"Doradztwo w zakresie transformacji cyfrowej"}]},{"@type":"WebSite","@id":"https:\/\/www.gamapa.de\/pl\/#website","url":"https:\/\/www.gamapa.de\/pl\/","name":"GANTEF\u00dcHRER","description":"Wirtschaftspr\u00fcfer, Steuerberater, Rechtsanw\u00e4lte","publisher":{"@id":"https:\/\/www.gamapa.de\/pl\/#organization"},"potentialAction":[{"@type":"SearchAction","target":{"@type":"EntryPoint","urlTemplate":"https:\/\/www.gamapa.de\/pl\/?s={search_term_string}"},"query-input":{"@type":"PropertyValueSpecification","valueRequired":true,"valueName":"search_term_string"}}],"inLanguage":"pl-PL"},{"@type":"Organization","@id":"https:\/\/www.gamapa.de\/pl\/#organization","name":"Gantef\u00fchrer Wirtschaftspr\u00fcfer, Steuerberater, Rechtsanw\u00e4lte","url":"https:\/\/www.gamapa.de\/pl\/","logo":{"@type":"ImageObject","inLanguage":"pl-PL","@id":"https:\/\/www.gamapa.de\/pl\/#\/schema\/logo\/image\/","url":"https:\/\/www.gamapa.de\/wp-content\/uploads\/2026\/01\/Logo-Gantefuehrer.png","contentUrl":"https:\/\/www.gamapa.de\/wp-content\/uploads\/2026\/01\/Logo-Gantefuehrer.png","width":767,"height":156,"caption":"Gantef\u00fchrer Wirtschaftspr\u00fcfer, Steuerberater, Rechtsanw\u00e4lte"},"image":{"@id":"https:\/\/www.gamapa.de\/pl\/#\/schema\/logo\/image\/"}}]}},"uagb_featured_image_src":{"full":["https:\/\/www.gamapa.de\/wp-content\/uploads\/2021\/11\/rechtsanwaelte-duesseldorf-scaled-1.jpg",2560,1067,false],"thumbnail":["https:\/\/www.gamapa.de\/wp-content\/uploads\/2021\/11\/rechtsanwaelte-duesseldorf-scaled-1-150x150.jpg",150,150,true],"medium":["https:\/\/www.gamapa.de\/wp-content\/uploads\/2021\/11\/rechtsanwaelte-duesseldorf-scaled-1-600x250.jpg",600,250,true],"medium_large":["https:\/\/www.gamapa.de\/wp-content\/uploads\/2021\/11\/rechtsanwaelte-duesseldorf-scaled-1-768x320.jpg",580,242,true],"large":["https:\/\/www.gamapa.de\/wp-content\/uploads\/2021\/11\/rechtsanwaelte-duesseldorf-scaled-1.jpg",580,242,false],"gs-tiny":["https:\/\/www.gamapa.de\/wp-content\/uploads\/2021\/11\/rechtsanwaelte-duesseldorf-scaled-1.jpg",50,21,false],"xl":["https:\/\/www.gamapa.de\/wp-content\/uploads\/2021\/11\/rechtsanwaelte-duesseldorf-scaled-1-1600x667.jpg",1600,667,true],"xxl":["https:\/\/www.gamapa.de\/wp-content\/uploads\/2021\/11\/rechtsanwaelte-duesseldorf-scaled-1-2200x917.jpg",2200,917,true],"xxxl":["https:\/\/www.gamapa.de\/wp-content\/uploads\/2021\/11\/rechtsanwaelte-duesseldorf-scaled-1.jpg",2560,1067,false],"xxxxl":["https:\/\/www.gamapa.de\/wp-content\/uploads\/2021\/11\/rechtsanwaelte-duesseldorf-scaled-1.jpg",2560,1067,false],"xxxxxl":["https:\/\/www.gamapa.de\/wp-content\/uploads\/2021\/11\/rechtsanwaelte-duesseldorf-scaled-1.jpg",2560,1067,false],"1536x1536":["https:\/\/www.gamapa.de\/wp-content\/uploads\/2021\/11\/rechtsanwaelte-duesseldorf-scaled-1-1536x640.jpg",1536,640,true],"2048x2048":["https:\/\/www.gamapa.de\/wp-content\/uploads\/2021\/11\/rechtsanwaelte-duesseldorf-scaled-1-2048x854.jpg",2048,854,true],"post-thumbnail":["https:\/\/www.gamapa.de\/wp-content\/uploads\/2021\/11\/rechtsanwaelte-duesseldorf-scaled-1.jpg",2560,1067,false],"twentytwenty-fullscreen":["https:\/\/www.gamapa.de\/wp-content\/uploads\/2021\/11\/rechtsanwaelte-duesseldorf-scaled-1.jpg",2560,1067,false],"theme-slug-single-post":["https:\/\/www.gamapa.de\/wp-content\/uploads\/2021\/11\/rechtsanwaelte-duesseldorf-scaled-1-1600x400.jpg",1600,400,true]},"uagb_author_info":{"display_name":"schaar","author_link":"https:\/\/www.gamapa.de\/pl\/author\/schaar\/"},"uagb_comment_info":0,"uagb_excerpt":"Potenziale der Digitalisierung erkennen Die gesamte Wirtschaft befindet sich, nicht erst seit der Corona-Pandemie, in der digitalen Transformation. In der Digitalisierungsberatung unterst\u00fctzen wir Sie bei der Einf\u00fchrung verschiedener Technologien. Beispielsweise bei der Einrichtung der erforderlichen Schnittstellen um ihren Gesch\u00e4ftsalltag zu optimieren. Hierzu stellen wir individuell Teams zusammen, die aus spezialisierten Mitarbeitern (u.a. Fachanwalt f\u00fcr IT-Recht,&hellip;","_links":{"self":[{"href":"https:\/\/www.gamapa.de\/pl\/wp-json\/wp\/v2\/pages\/23563","targetHints":{"allow":["GET"]}}],"collection":[{"href":"https:\/\/www.gamapa.de\/pl\/wp-json\/wp\/v2\/pages"}],"about":[{"href":"https:\/\/www.gamapa.de\/pl\/wp-json\/wp\/v2\/types\/page"}],"author":[{"embeddable":true,"href":"https:\/\/www.gamapa.de\/pl\/wp-json\/wp\/v2\/users\/2"}],"replies":[{"embeddable":true,"href":"https:\/\/www.gamapa.de\/pl\/wp-json\/wp\/v2\/comments?post=23563"}],"version-history":[{"count":1,"href":"https:\/\/www.gamapa.de\/pl\/wp-json\/wp\/v2\/pages\/23563\/revisions"}],"predecessor-version":[{"id":23565,"href":"https:\/\/www.gamapa.de\/pl\/wp-json\/wp\/v2\/pages\/23563\/revisions\/23565"}],"up":[{"embeddable":true,"href":"https:\/\/www.gamapa.de\/pl\/wp-json\/wp\/v2\/pages\/5663"}],"wp:featuredmedia":[{"embeddable":true,"href":"https:\/\/www.gamapa.de\/pl\/wp-json\/wp\/v2\/media\/10095"}],"wp:attachment":[{"href":"https:\/\/www.gamapa.de\/pl\/wp-json\/wp\/v2\/media?parent=23563"}],"curies":[{"name":"wp","href":"https:\/\/api.w.org\/{rel}","templated":true}]}}