

{"id":23596,"date":"2024-12-12T14:12:23","date_gmt":"2024-12-12T13:12:23","guid":{"rendered":"https:\/\/www.gamapa.de\/gesellschaftliches-engagement\/"},"modified":"2026-01-21T15:03:46","modified_gmt":"2026-01-21T14:03:46","slug":"zaangazowanie-spoleczne","status":"publish","type":"page","link":"https:\/\/www.gamapa.de\/pl\/zaangazowanie-spoleczne\/","title":{"rendered":"Zaanga\u017cowanie spo\u0142eczne"},"content":{"rendered":"\n<h3 class=\"wp-block-heading\">Odpowiedzialno\u015b\u0107 za zr\u00f3wnowa\u017con\u0105 gospodark\u0119<\/h3>\n\n\n\n<p>Nasze dzia\u0142ania biznesowe opieramy na podstawowych zasadach zr\u00f3wnowa\u017conego rozwoju, czyli gospodarce zgodnej z zasadami ekonomicznymi, ekologicznymi i spo\u0142ecznymi. Przedsi\u0119biorstwa s\u0105 integraln\u0105 cz\u0119\u015bci\u0105 globalnego systemu spo\u0142ecznego i ekologicznego. Jako takie ponosimy odpowiedzialno\u015b\u0107 za przysz\u0142o\u015b\u0107 naszej planety, jej spo\u0142ecze\u0144stw i przyrody. Zr\u00f3wnowa\u017cony rozw\u00f3j jest zatem cz\u0119\u015bci\u0105 naszych wytycznych i cel\u00f3w biznesowych. Realizacja zr\u00f3wnowa\u017conego gospodarowania jest ci\u0105g\u0142ym procesem, kt\u00f3rego wdra\u017canie na wszystkich poziomach i we wszystkich obszarach naszej firmy ma wysoki priorytet, wykraczaj\u0105cy poza minimalne wymagania prawne.<\/p>\n\n\n\n<h3 class=\"wp-block-heading\">Odpowiedzialno\u015b\u0107 wobec spo\u0142ecze\u0144stwa<\/h3>\n\n\n\n<p>Powa\u017cnie traktujemy odpowiedzialno\u015b\u0107 za naszych pracownik\u00f3w oraz wsp\u00f3\u0142\u017cycie kulturowe i spo\u0142eczne. Przestrzeganie praw cz\u0142owieka jest dla nas tak samo oczywiste, jak sprawiedliwe i uczciwe warunki pracy \u2013 nie tylko w naszej firmie, ale r\u00f3wnie\u017c u naszych dostawc\u00f3w. Zdecydowanie sprzeciwiamy si\u0119 pracy dzieci, wyzyskowi i korupcji. Aktywnie promujemy r\u00f3\u017cnorodno\u015b\u0107 i anga\u017cujemy si\u0119 we wszystkie obszary \u017cycia spo\u0142ecznego, aby zapewni\u0107 wzajemny szacunek.<\/p>\n\n\n\n<h3 class=\"wp-block-heading\">Odpowiedzialno\u015b\u0107 za przysz\u0142o\u015b\u0107<\/h3>\n\n\n\n<p>Nasze dzia\u0142ania gospodarcze opieraj\u0105 si\u0119 na zasadzie unikania aktualnych, przewidywalnych i potencjalnych w przysz\u0142o\u015bci zagro\u017ce\u0144 dla \u015brodowiska i spo\u0142ecze\u0144stwa lub, w miar\u0119 mo\u017cliwo\u015bci, zapobiegania ich powstawaniu. Chcemy aktywnie kszta\u0142towa\u0107 przysz\u0142o\u015b\u0107 i wykorzystywa\u0107 r\u00f3\u017cnorodne mo\u017cliwo\u015bci zwi\u0105zane ze zr\u00f3wnowa\u017con\u0105 gospodark\u0105.<\/p>\n\n\n\n<h3 class=\"wp-block-heading\">Odpowiedzialno\u015b\u0107 za przejrzysto\u015b\u0107<\/h3>\n\n\n\n<p>Regularnie informujemy wewn\u0119trznie i zewn\u0119trznie w spos\u00f3b kompleksowy i przejrzysty o stanie zr\u00f3wnowa\u017conego rozwoju w przedsi\u0119biorstwie. Dotyczy to osi\u0105gni\u0119tych post\u0119p\u00f3w, ale tak\u017ce pozosta\u0142ych wyzwa\u0144 i cel\u00f3w oraz niezb\u0119dnych dzia\u0142a\u0144. Jeste\u015bmy gotowi do otwartego dialogu ze wszystkimi grupami spo\u0142ecznymi, udost\u0119pniamy mediom informacje dotycz\u0105ce zr\u00f3wnowa\u017conego rozwoju i wsp\u00f3\u0142pracujemy z organami w\u0142adzy, stowarzyszeniami i innymi instytucjami.<\/p>\n\n\n\n<div class=\"wp-block-columns is-layout-flex wp-container-core-columns-is-layout-9d6595d7 wp-block-columns-is-layout-flex\"><\/div>\n\n\n\n<h2 class=\"wp-block-heading\">Wspieramy konkretnie nast\u0119puj\u0105ce obszary:<\/h2>\n\n\n\n<div class=\"wp-block-columns is-layout-flex wp-container-core-columns-is-layout-9d6595d7 wp-block-columns-is-layout-flex\">\n<div class=\"wp-block-column is-layout-flow wp-block-column-is-layout-flow\">\n<div class=\"wp-block-button\"><a class=\"wp-block-button__link has-background wp-element-button\" href=\"https:\/\/www.gamapa.de\/pl\/zaangazowanie-spoleczne\/zaangazowanie-sportowe\/\" style=\"background-color:#003565\">Sport<\/a><\/div>\n<\/div>\n\n\n\n<div class=\"wp-block-column is-layout-flow wp-block-column-is-layout-flow\">\n<div class=\"wp-block-button zweizeilig\"><a class=\"wp-block-button__link has-background wp-element-button\" href=\"https:\/\/www.gamapa.de\/pl\/zaangazowanie-spoleczne\/sztuka-i-kultura\/\" style=\"background-color:#003565\">Sztuka i kultura<\/a><\/div>\n<\/div>\n<\/div>\n\n\n\n<div class=\"wp-block-columns is-layout-flex wp-container-core-columns-is-layout-9d6595d7 wp-block-columns-is-layout-flex\">\n<div class=\"wp-block-column is-layout-flow wp-block-column-is-layout-flow\">\n<div class=\"wp-block-button\"><a class=\"wp-block-button__link has-background wp-element-button\" href=\"https:\/\/www.gamapa.de\/pl\/zaangazowanie-spoleczne\/trwalosc-i-srodowisko\/\" style=\"background-color:#003565\">Trwa\u0142o\u015b\u0107 i \u015brodowisko<\/a><\/div>\n<\/div>\n\n\n\n<div class=\"wp-block-column is-layout-flow wp-block-column-is-layout-flow\">\n<div class=\"wp-block-button\"><a class=\"wp-block-button__link has-background wp-element-button\" href=\"https:\/\/www.gamapa.de\/pl\/zaangazowanie-spoleczne\/zaangazowanie-lokalne\/\" style=\"background-color:#003565\">Zaanga\u017cowanie lokalne<\/a><\/div>\n<\/div>\n<\/div>\n","protected":false},"excerpt":{"rendered":"<p>Odpowiedzialno\u015b\u0107 za zr\u00f3wnowa\u017con\u0105 gospodark\u0119 Nasze dzia\u0142ania biznesowe opieramy na podstawowych zasadach zr\u00f3wnowa\u017conego rozwoju, czyli gospodarce zgodnej z zasadami ekonomicznymi, ekologicznymi i spo\u0142ecznymi. Przedsi\u0119biorstwa s\u0105 integraln\u0105 cz\u0119\u015bci\u0105 globalnego systemu spo\u0142ecznego i ekologicznego. Jako takie ponosimy odpowiedzialno\u015b\u0107 za przysz\u0142o\u015b\u0107 naszej planety, jej spo\u0142ecze\u0144stw i przyrody. Zr\u00f3wnowa\u017cony rozw\u00f3j jest zatem cz\u0119\u015bci\u0105 naszych wytycznych i cel\u00f3w biznesowych. Realizacja zr\u00f3wnowa\u017conego <a href=\"https:\/\/www.gamapa.de\/pl\/zaangazowanie-spoleczne\/\">[\u2026]<\/a><\/p>\n","protected":false},"author":11,"featured_media":12075,"parent":0,"menu_order":2,"comment_status":"closed","ping_status":"closed","template":"","meta":{"_acf_changed":false,"_uag_custom_page_level_css":"","footnotes":""},"class_list":["post-23596","page","type-page","status-publish","has-post-thumbnail","hentry"],"acf":[],"yoast_head":"<!-- This site is optimized with the Yoast SEO plugin v27.3 - https:\/\/yoast.com\/product\/yoast-seo-wordpress\/ -->\n<title>Zaanga\u017cowanie spo\u0142eczne<\/title>\n<meta name=\"description\" content=\"Zaanga\u017cowanie spo\u0142eczne: lokalne, w sporcie, ochronie \u015brodowiska, sztuce i kulturze \u2013 r\u00f3\u017cnorodne dzia\u0142ania o trwa\u0142ej warto\u015bci dodanej.\" \/>\n<meta name=\"robots\" content=\"index, follow, max-snippet:-1, max-image-preview:large, max-video-preview:-1\" \/>\n<link rel=\"canonical\" href=\"https:\/\/www.gamapa.de\/pl\/zaangazowanie-spoleczne\/\" \/>\n<meta property=\"og:locale\" content=\"pl_PL\" \/>\n<meta property=\"og:type\" content=\"article\" \/>\n<meta property=\"og:title\" content=\"Zaanga\u017cowanie spo\u0142eczne\" \/>\n<meta property=\"og:description\" content=\"Zaanga\u017cowanie spo\u0142eczne: lokalne, w sporcie, ochronie \u015brodowiska, sztuce i kulturze \u2013 r\u00f3\u017cnorodne dzia\u0142ania o trwa\u0142ej warto\u015bci dodanej.\" \/>\n<meta property=\"og:url\" content=\"https:\/\/www.gamapa.de\/pl\/zaangazowanie-spoleczne\/\" \/>\n<meta property=\"og:site_name\" content=\"GANTEF\u00dcHRER\" \/>\n<meta property=\"article:modified_time\" content=\"2026-01-21T14:03:46+00:00\" \/>\n<meta property=\"og:image\" content=\"https:\/\/www.gamapa.de\/wp-content\/uploads\/2022\/02\/Wirtschaftsmediation-scaled.jpg\" \/>\n\t<meta property=\"og:image:width\" content=\"2560\" \/>\n\t<meta property=\"og:image:height\" content=\"764\" \/>\n\t<meta property=\"og:image:type\" content=\"image\/jpeg\" \/>\n<meta name=\"twitter:card\" content=\"summary_large_image\" \/>\n<meta name=\"twitter:label1\" content=\"Szacowany czas czytania\" \/>\n\t<meta name=\"twitter:data1\" content=\"2 minuty\" \/>\n<script type=\"application\/ld+json\" class=\"yoast-schema-graph\">{\"@context\":\"https:\\\/\\\/schema.org\",\"@graph\":[{\"@type\":\"WebPage\",\"@id\":\"https:\\\/\\\/www.gamapa.de\\\/pl\\\/zaangazowanie-spoleczne\\\/\",\"url\":\"https:\\\/\\\/www.gamapa.de\\\/pl\\\/zaangazowanie-spoleczne\\\/\",\"name\":\"Zaanga\u017cowanie spo\u0142eczne\",\"isPartOf\":{\"@id\":\"https:\\\/\\\/www.gamapa.de\\\/pl\\\/#website\"},\"primaryImageOfPage\":{\"@id\":\"https:\\\/\\\/www.gamapa.de\\\/pl\\\/zaangazowanie-spoleczne\\\/#primaryimage\"},\"image\":{\"@id\":\"https:\\\/\\\/www.gamapa.de\\\/pl\\\/zaangazowanie-spoleczne\\\/#primaryimage\"},\"thumbnailUrl\":\"https:\\\/\\\/www.gamapa.de\\\/wp-content\\\/uploads\\\/2022\\\/02\\\/Wirtschaftsmediation-scaled.jpg\",\"datePublished\":\"2024-12-12T13:12:23+00:00\",\"dateModified\":\"2026-01-21T14:03:46+00:00\",\"description\":\"Zaanga\u017cowanie spo\u0142eczne: lokalne, w sporcie, ochronie \u015brodowiska, sztuce i kulturze \u2013 r\u00f3\u017cnorodne dzia\u0142ania o trwa\u0142ej warto\u015bci dodanej.\",\"breadcrumb\":{\"@id\":\"https:\\\/\\\/www.gamapa.de\\\/pl\\\/zaangazowanie-spoleczne\\\/#breadcrumb\"},\"inLanguage\":\"pl-PL\",\"potentialAction\":[{\"@type\":\"ReadAction\",\"target\":[\"https:\\\/\\\/www.gamapa.de\\\/pl\\\/zaangazowanie-spoleczne\\\/\"]}]},{\"@type\":\"ImageObject\",\"inLanguage\":\"pl-PL\",\"@id\":\"https:\\\/\\\/www.gamapa.de\\\/pl\\\/zaangazowanie-spoleczne\\\/#primaryimage\",\"url\":\"https:\\\/\\\/www.gamapa.de\\\/wp-content\\\/uploads\\\/2022\\\/02\\\/Wirtschaftsmediation-scaled.jpg\",\"contentUrl\":\"https:\\\/\\\/www.gamapa.de\\\/wp-content\\\/uploads\\\/2022\\\/02\\\/Wirtschaftsmediation-scaled.jpg\",\"width\":2560,\"height\":764,\"caption\":\"Wirtschaftsmediation\"},{\"@type\":\"BreadcrumbList\",\"@id\":\"https:\\\/\\\/www.gamapa.de\\\/pl\\\/zaangazowanie-spoleczne\\\/#breadcrumb\",\"itemListElement\":[{\"@type\":\"ListItem\",\"position\":1,\"name\":\"Startseite\",\"item\":\"https:\\\/\\\/www.gamapa.de\\\/pl\\\/\"},{\"@type\":\"ListItem\",\"position\":2,\"name\":\"Zaanga\u017cowanie spo\u0142eczne\"}]},{\"@type\":\"WebSite\",\"@id\":\"https:\\\/\\\/www.gamapa.de\\\/pl\\\/#website\",\"url\":\"https:\\\/\\\/www.gamapa.de\\\/pl\\\/\",\"name\":\"GANTEF\u00dcHRER\",\"description\":\"Wirtschaftspr\u00fcfer, Steuerberater, Rechtsanw\u00e4lte\",\"publisher\":{\"@id\":\"https:\\\/\\\/www.gamapa.de\\\/pl\\\/#organization\"},\"potentialAction\":[{\"@type\":\"SearchAction\",\"target\":{\"@type\":\"EntryPoint\",\"urlTemplate\":\"https:\\\/\\\/www.gamapa.de\\\/pl\\\/?s={search_term_string}\"},\"query-input\":{\"@type\":\"PropertyValueSpecification\",\"valueRequired\":true,\"valueName\":\"search_term_string\"}}],\"inLanguage\":\"pl-PL\"},{\"@type\":\"Organization\",\"@id\":\"https:\\\/\\\/www.gamapa.de\\\/pl\\\/#organization\",\"name\":\"Gantef\u00fchrer Wirtschaftspr\u00fcfer, Steuerberater, Rechtsanw\u00e4lte\",\"url\":\"https:\\\/\\\/www.gamapa.de\\\/pl\\\/\",\"logo\":{\"@type\":\"ImageObject\",\"inLanguage\":\"pl-PL\",\"@id\":\"https:\\\/\\\/www.gamapa.de\\\/pl\\\/#\\\/schema\\\/logo\\\/image\\\/\",\"url\":\"https:\\\/\\\/www.gamapa.de\\\/wp-content\\\/uploads\\\/2026\\\/01\\\/Logo-Gantefuehrer.png\",\"contentUrl\":\"https:\\\/\\\/www.gamapa.de\\\/wp-content\\\/uploads\\\/2026\\\/01\\\/Logo-Gantefuehrer.png\",\"width\":767,\"height\":156,\"caption\":\"Gantef\u00fchrer Wirtschaftspr\u00fcfer, Steuerberater, Rechtsanw\u00e4lte\"},\"image\":{\"@id\":\"https:\\\/\\\/www.gamapa.de\\\/pl\\\/#\\\/schema\\\/logo\\\/image\\\/\"}}]}<\/script>\n<!-- \/ Yoast SEO plugin. -->","yoast_head_json":{"title":"Zaanga\u017cowanie spo\u0142eczne","description":"Zaanga\u017cowanie spo\u0142eczne: lokalne, w sporcie, ochronie \u015brodowiska, sztuce i kulturze \u2013 r\u00f3\u017cnorodne dzia\u0142ania o trwa\u0142ej warto\u015bci dodanej.","robots":{"index":"index","follow":"follow","max-snippet":"max-snippet:-1","max-image-preview":"max-image-preview:large","max-video-preview":"max-video-preview:-1"},"canonical":"https:\/\/www.gamapa.de\/pl\/zaangazowanie-spoleczne\/","og_locale":"pl_PL","og_type":"article","og_title":"Zaanga\u017cowanie spo\u0142eczne","og_description":"Zaanga\u017cowanie spo\u0142eczne: lokalne, w sporcie, ochronie \u015brodowiska, sztuce i kulturze \u2013 r\u00f3\u017cnorodne dzia\u0142ania o trwa\u0142ej warto\u015bci dodanej.","og_url":"https:\/\/www.gamapa.de\/pl\/zaangazowanie-spoleczne\/","og_site_name":"GANTEF\u00dcHRER","article_modified_time":"2026-01-21T14:03:46+00:00","og_image":[{"width":2560,"height":764,"url":"https:\/\/www.gamapa.de\/wp-content\/uploads\/2022\/02\/Wirtschaftsmediation-scaled.jpg","type":"image\/jpeg"}],"twitter_card":"summary_large_image","twitter_misc":{"Szacowany czas czytania":"2 minuty"},"schema":{"@context":"https:\/\/schema.org","@graph":[{"@type":"WebPage","@id":"https:\/\/www.gamapa.de\/pl\/zaangazowanie-spoleczne\/","url":"https:\/\/www.gamapa.de\/pl\/zaangazowanie-spoleczne\/","name":"Zaanga\u017cowanie spo\u0142eczne","isPartOf":{"@id":"https:\/\/www.gamapa.de\/pl\/#website"},"primaryImageOfPage":{"@id":"https:\/\/www.gamapa.de\/pl\/zaangazowanie-spoleczne\/#primaryimage"},"image":{"@id":"https:\/\/www.gamapa.de\/pl\/zaangazowanie-spoleczne\/#primaryimage"},"thumbnailUrl":"https:\/\/www.gamapa.de\/wp-content\/uploads\/2022\/02\/Wirtschaftsmediation-scaled.jpg","datePublished":"2024-12-12T13:12:23+00:00","dateModified":"2026-01-21T14:03:46+00:00","description":"Zaanga\u017cowanie spo\u0142eczne: lokalne, w sporcie, ochronie \u015brodowiska, sztuce i kulturze \u2013 r\u00f3\u017cnorodne dzia\u0142ania o trwa\u0142ej warto\u015bci dodanej.","breadcrumb":{"@id":"https:\/\/www.gamapa.de\/pl\/zaangazowanie-spoleczne\/#breadcrumb"},"inLanguage":"pl-PL","potentialAction":[{"@type":"ReadAction","target":["https:\/\/www.gamapa.de\/pl\/zaangazowanie-spoleczne\/"]}]},{"@type":"ImageObject","inLanguage":"pl-PL","@id":"https:\/\/www.gamapa.de\/pl\/zaangazowanie-spoleczne\/#primaryimage","url":"https:\/\/www.gamapa.de\/wp-content\/uploads\/2022\/02\/Wirtschaftsmediation-scaled.jpg","contentUrl":"https:\/\/www.gamapa.de\/wp-content\/uploads\/2022\/02\/Wirtschaftsmediation-scaled.jpg","width":2560,"height":764,"caption":"Wirtschaftsmediation"},{"@type":"BreadcrumbList","@id":"https:\/\/www.gamapa.de\/pl\/zaangazowanie-spoleczne\/#breadcrumb","itemListElement":[{"@type":"ListItem","position":1,"name":"Startseite","item":"https:\/\/www.gamapa.de\/pl\/"},{"@type":"ListItem","position":2,"name":"Zaanga\u017cowanie spo\u0142eczne"}]},{"@type":"WebSite","@id":"https:\/\/www.gamapa.de\/pl\/#website","url":"https:\/\/www.gamapa.de\/pl\/","name":"GANTEF\u00dcHRER","description":"Wirtschaftspr\u00fcfer, Steuerberater, Rechtsanw\u00e4lte","publisher":{"@id":"https:\/\/www.gamapa.de\/pl\/#organization"},"potentialAction":[{"@type":"SearchAction","target":{"@type":"EntryPoint","urlTemplate":"https:\/\/www.gamapa.de\/pl\/?s={search_term_string}"},"query-input":{"@type":"PropertyValueSpecification","valueRequired":true,"valueName":"search_term_string"}}],"inLanguage":"pl-PL"},{"@type":"Organization","@id":"https:\/\/www.gamapa.de\/pl\/#organization","name":"Gantef\u00fchrer Wirtschaftspr\u00fcfer, Steuerberater, Rechtsanw\u00e4lte","url":"https:\/\/www.gamapa.de\/pl\/","logo":{"@type":"ImageObject","inLanguage":"pl-PL","@id":"https:\/\/www.gamapa.de\/pl\/#\/schema\/logo\/image\/","url":"https:\/\/www.gamapa.de\/wp-content\/uploads\/2026\/01\/Logo-Gantefuehrer.png","contentUrl":"https:\/\/www.gamapa.de\/wp-content\/uploads\/2026\/01\/Logo-Gantefuehrer.png","width":767,"height":156,"caption":"Gantef\u00fchrer Wirtschaftspr\u00fcfer, Steuerberater, Rechtsanw\u00e4lte"},"image":{"@id":"https:\/\/www.gamapa.de\/pl\/#\/schema\/logo\/image\/"}}]}},"uagb_featured_image_src":{"full":["https:\/\/www.gamapa.de\/wp-content\/uploads\/2022\/02\/Wirtschaftsmediation-scaled.jpg",2560,764,false],"thumbnail":["https:\/\/www.gamapa.de\/wp-content\/uploads\/2022\/02\/Wirtschaftsmediation-150x150.jpg",150,150,true],"medium":["https:\/\/www.gamapa.de\/wp-content\/uploads\/2022\/02\/Wirtschaftsmediation-600x179.jpg",600,179,true],"medium_large":["https:\/\/www.gamapa.de\/wp-content\/uploads\/2022\/02\/Wirtschaftsmediation-768x229.jpg",580,173,true],"large":["https:\/\/www.gamapa.de\/wp-content\/uploads\/2022\/02\/Wirtschaftsmediation-scaled.jpg",580,173,false],"gs-tiny":["https:\/\/www.gamapa.de\/wp-content\/uploads\/2022\/02\/Wirtschaftsmediation-scaled.jpg",50,15,false],"xl":["https:\/\/www.gamapa.de\/wp-content\/uploads\/2022\/02\/Wirtschaftsmediation-1600x477.jpg",1600,477,true],"xxl":["https:\/\/www.gamapa.de\/wp-content\/uploads\/2022\/02\/Wirtschaftsmediation-2200x656.jpg",2200,656,true],"xxxl":["https:\/\/www.gamapa.de\/wp-content\/uploads\/2022\/02\/Wirtschaftsmediation-2800x835.jpg",2800,835,true],"xxxxl":["https:\/\/www.gamapa.de\/wp-content\/uploads\/2022\/02\/Wirtschaftsmediation-scaled.jpg",2560,764,false],"xxxxxl":["https:\/\/www.gamapa.de\/wp-content\/uploads\/2022\/02\/Wirtschaftsmediation-scaled.jpg",2560,764,false],"1536x1536":["https:\/\/www.gamapa.de\/wp-content\/uploads\/2022\/02\/Wirtschaftsmediation-1536x458.jpg",1536,458,true],"2048x2048":["https:\/\/www.gamapa.de\/wp-content\/uploads\/2022\/02\/Wirtschaftsmediation-2048x611.jpg",2048,611,true],"post-thumbnail":["https:\/\/www.gamapa.de\/wp-content\/uploads\/2022\/02\/Wirtschaftsmediation-scaled.jpg",2560,764,false],"twentytwenty-fullscreen":["https:\/\/www.gamapa.de\/wp-content\/uploads\/2022\/02\/Wirtschaftsmediation-scaled.jpg",2560,764,false],"theme-slug-single-post":["https:\/\/www.gamapa.de\/wp-content\/uploads\/2022\/02\/Wirtschaftsmediation-1600x400.jpg",1600,400,true]},"uagb_author_info":{"display_name":"ninasenft","author_link":"https:\/\/www.gamapa.de\/pl\/author\/ninasenft\/"},"uagb_comment_info":0,"uagb_excerpt":"Odpowiedzialno\u015b\u0107 za zr\u00f3wnowa\u017con\u0105 gospodark\u0119 Nasze dzia\u0142ania biznesowe opieramy na podstawowych zasadach zr\u00f3wnowa\u017conego rozwoju, czyli gospodarce zgodnej z zasadami ekonomicznymi, ekologicznymi i spo\u0142ecznymi. Przedsi\u0119biorstwa s\u0105 integraln\u0105 cz\u0119\u015bci\u0105 globalnego systemu spo\u0142ecznego i ekologicznego. Jako takie ponosimy odpowiedzialno\u015b\u0107 za przysz\u0142o\u015b\u0107 naszej planety, jej spo\u0142ecze\u0144stw i przyrody. Zr\u00f3wnowa\u017cony rozw\u00f3j jest zatem cz\u0119\u015bci\u0105 naszych wytycznych i cel\u00f3w biznesowych. Realizacja zr\u00f3wnowa\u017conego&hellip;","_links":{"self":[{"href":"https:\/\/www.gamapa.de\/pl\/wp-json\/wp\/v2\/pages\/23596","targetHints":{"allow":["GET"]}}],"collection":[{"href":"https:\/\/www.gamapa.de\/pl\/wp-json\/wp\/v2\/pages"}],"about":[{"href":"https:\/\/www.gamapa.de\/pl\/wp-json\/wp\/v2\/types\/page"}],"author":[{"embeddable":true,"href":"https:\/\/www.gamapa.de\/pl\/wp-json\/wp\/v2\/users\/11"}],"replies":[{"embeddable":true,"href":"https:\/\/www.gamapa.de\/pl\/wp-json\/wp\/v2\/comments?post=23596"}],"version-history":[{"count":8,"href":"https:\/\/www.gamapa.de\/pl\/wp-json\/wp\/v2\/pages\/23596\/revisions"}],"predecessor-version":[{"id":23770,"href":"https:\/\/www.gamapa.de\/pl\/wp-json\/wp\/v2\/pages\/23596\/revisions\/23770"}],"wp:featuredmedia":[{"embeddable":true,"href":"https:\/\/www.gamapa.de\/pl\/wp-json\/wp\/v2\/media\/12075"}],"wp:attachment":[{"href":"https:\/\/www.gamapa.de\/pl\/wp-json\/wp\/v2\/media?parent=23596"}],"curies":[{"name":"wp","href":"https:\/\/api.w.org\/{rel}","templated":true}]}}