

{"id":23749,"date":"2024-12-16T12:49:01","date_gmt":"2024-12-16T11:49:01","guid":{"rendered":"https:\/\/www.gamapa.de\/zaangazowanie-spoleczne\/nachhaltigkeit-und-umwelt\/"},"modified":"2026-01-22T12:33:54","modified_gmt":"2026-01-22T11:33:54","slug":"trwalosc-i-srodowisko","status":"publish","type":"page","link":"https:\/\/www.gamapa.de\/pl\/zaangazowanie-spoleczne\/trwalosc-i-srodowisko\/","title":{"rendered":"Trwa\u0142o\u015b\u0107 i \u015brodowisko"},"content":{"rendered":"\n<h2 class=\"wp-block-heading inhalt\">Odpowiedzialno\u015b\u0107 za przyrod\u0119<\/h2>\n\n\n\n<p>Jako przedsi\u0119biorstwo ponosimy szczeg\u00f3ln\u0105 odpowiedzialno\u015b\u0107 za ochron\u0119 globalnych zasob\u00f3w naturalnych i oszcz\u0119dne wykorzystanie zasob\u00f3w. Dlatego te\u017c chcemy w jak najwi\u0119kszym stopniu unika\u0107 obci\u0105\u017cania \u015brodowiska i ekosystem\u00f3w oraz zachowa\u0107 r\u00f3\u017cnorodno\u015b\u0107 biologiczn\u0105. Ci\u0105g\u0142e doskonalenie zr\u00f3wnowa\u017conego charakteru naszych produkt\u00f3w, us\u0142ug i proces\u00f3w stanowi centralny element naszych dzia\u0142a\u0144. W tym celu wykorzystujemy zasoby naturalne, surowce i inne dobra w mo\u017cliwie najbardziej efektywny spos\u00f3b, bior\u0105c pod uwag\u0119 ca\u0142y \u0142a\u0144cuch warto\u015bci, w tym u\u017cytkowanie i wykorzystanie, a tak\u017ce post\u0119powanie z produktami po zako\u0144czeniu ich okresu u\u017cytkowania, maj\u0105c na celu jak najszersze wykorzystanie materia\u0142\u00f3w w obiegu zamkni\u0119tym. W proces ten anga\u017cujemy dostawc\u00f3w i klient\u00f3w.<\/p>\n\n\n\n<p>W miar\u0119 mo\u017cliwo\u015bci rezygnujemy z d\u0142ugich podr\u00f3\u017cy s\u0142u\u017cbowych samolotem lub samochodem. My r\u00f3wnie\u017c chcemy przyczyni\u0107 si\u0119 do zmiany w zakresie mobilno\u015bci i dofinansowujemy naszym pracownikom bilet Deutschlandticket. Dzi\u0119ki wideokonferencjom oferujemy naszym klientom mo\u017cliwo\u015b\u0107 bezpo\u015bredniego kontaktu z doradc\u0105. W zakresie ksi\u0119gowo\u015bci p\u0142acowej i finansowej dzia\u0142amy jako kancelaria cyfrowa.<\/p>\n\n\n\n<h3 class=\"wp-block-heading\">Ponadto anga\u017cujemy si\u0119 w ramach nast\u0119puj\u0105cych sieci:<\/h3>\n\n\n\n<div style=\"height:37px\" aria-hidden=\"true\" class=\"wp-block-spacer\"><\/div>\n\n\n\n<div class=\"wp-block-pb-accordion-item c-accordion__item js-accordion-item no-js medi\" data-initially-open=\"false\" data-click-to-close=\"true\" data-auto-close=\"true\" data-scroll=\"false\" data-scroll-offset=\"0\"><h2 id=\"at-237490\" class=\"c-accordion__title js-accordion-controller\" role=\"button\">Pakt klimatyczny z D\u00fcsseldorfu<\/h2><div id=\"ac-237490\" class=\"c-accordion__content\">\n<p>Neutralno\u015b\u0107 klimatyczna do 2035 r. \u2013 z tym celem stolica kraju zwi\u0105zkowego D\u00fcsseldorf, Izba Przemys\u0142owo-Handlowa w D\u00fcsseldorfie, Izba Rzemie\u015blnicza w D\u00fcsseldorfie oraz Okr\u0119gowe Stowarzyszenie Rzemie\u015blnik\u00f3w w D\u00fcsseldorfie zawar\u0142y \u201eD\u00fcsseldorfer Klimapakt mit der Wirtschaft\u201d (D\u00fcsseldorfski pakt klimatyczny z gospodark\u0105). Jako zaanga\u017cowana kancelaria przyst\u0105pili\u015bmy do <a href=\"https:\/\/klimapakt-duesseldorf.de\/\">paktu klimatycznego D\u00fcsseldorfu<\/a>, podpisali\u015bmy porozumienie klimatyczne i chcemy wnie\u015b\u0107 sw\u00f3j wk\u0142ad, aby D\u00fcsseldorf sta\u0142 si\u0119 neutralny klimatycznie do 2035 roku. <\/p>\n\n\n\n<section class=\"wp-block-uagb-section uagb-section__wrap uagb-section__background-none uagb-block-7076d4cd\"><div class=\"uagb-section__overlay\"><\/div><div class=\"uagb-section__inner-wrap\">\n<figure class=\"wp-block-image size-full is-resized\"><img loading=\"lazy\" decoding=\"async\" width=\"700\" height=\"232\" src=\"https:\/\/www.gamapa.de\/wp-content\/uploads\/2023\/05\/Klimapakt_Aktionslogo_Klimapartner_RGB_farbig-2880x1186-1.jpg\" alt=\"\" class=\"wp-image-14543\" style=\"width:404px;height:auto\" srcset=\"https:\/\/www.gamapa.de\/wp-content\/uploads\/2023\/05\/Klimapakt_Aktionslogo_Klimapartner_RGB_farbig-2880x1186-1.jpg 700w, https:\/\/www.gamapa.de\/wp-content\/uploads\/2023\/05\/Klimapakt_Aktionslogo_Klimapartner_RGB_farbig-2880x1186-1-600x199.jpg 600w\" sizes=\"auto, (max-width: 700px) 100vw, 700px\" \/><\/figure>\n<\/div><\/section>\n<\/div><\/div>\n\n\n\n<p><\/p>\n\n\n\n<div class=\"wp-block-pb-accordion-item c-accordion__item js-accordion-item no-js medi\" data-initially-open=\"false\" data-click-to-close=\"true\" data-auto-close=\"true\" data-scroll=\"false\" data-scroll-offset=\"0\"><h2 id=\"at-237491\" class=\"c-accordion__title js-accordion-controller\" role=\"button\">Kodeks B.A.U.M.<\/h2><div id=\"ac-237491\" class=\"c-accordion__content\">\n<p>Nasza kancelaria jest cz\u0142onkiem stowarzyszenia <a href=\"https:\/\/www.baumev.de\/Kodex\">B.A.U.M. e.V.<\/a>, sieci dzia\u0142aj\u0105cej na rzecz realizacji jednego g\u0142\u00f3wnego celu: stworzenia przysz\u0142o\u015bci wartej \u017cycia poprzez zr\u00f3wnowa\u017con\u0105 gospodark\u0119 w ramach ogranicze\u0144 planetarnych. Jako cz\u0142onkowie stowarzyszenia B.A.U.M. zobowi\u0105zujemy si\u0119 do dzia\u0142ania zgodnie z kodeksem zr\u00f3wnowa\u017conego gospodarowania B.A.U.M. i aktywnie anga\u017cujemy si\u0119 w jego wdra\u017canie.<\/p>\n\n\n\n<section class=\"wp-block-uagb-section uagb-section__wrap uagb-section__background-none uagb-block-e10f3879\"><div class=\"uagb-section__overlay\"><\/div><div class=\"uagb-section__inner-wrap\">\n<figure class=\"wp-block-image size-full is-resized\"><img loading=\"lazy\" decoding=\"async\" width=\"1549\" height=\"1222\" src=\"https:\/\/www.gamapa.de\/wp-content\/uploads\/2024\/03\/210107_BAUM_Logo_RGB_mit_Claim.png\" alt=\"\" class=\"wp-image-15702\" style=\"width:243px;height:auto\" srcset=\"https:\/\/www.gamapa.de\/wp-content\/uploads\/2024\/03\/210107_BAUM_Logo_RGB_mit_Claim.png 1549w, https:\/\/www.gamapa.de\/wp-content\/uploads\/2024\/03\/210107_BAUM_Logo_RGB_mit_Claim-600x473.png 600w, https:\/\/www.gamapa.de\/wp-content\/uploads\/2024\/03\/210107_BAUM_Logo_RGB_mit_Claim-768x606.png 768w, https:\/\/www.gamapa.de\/wp-content\/uploads\/2024\/03\/210107_BAUM_Logo_RGB_mit_Claim-1536x1212.png 1536w\" sizes=\"auto, (max-width: 1549px) 100vw, 1549px\" \/><\/figure>\n<\/div><\/section>\n<\/div><\/div>\n\n\n\n<div class=\"wp-block-pb-accordion-item c-accordion__item js-accordion-item no-js medi\" data-initially-open=\"false\" data-click-to-close=\"true\" data-auto-close=\"true\" data-scroll=\"false\" data-scroll-offset=\"0\"><h2 id=\"at-237492\" class=\"c-accordion__title js-accordion-controller\" role=\"button\">Drzewa dla niemowl\u0105t<\/h2><div id=\"ac-237492\" class=\"c-accordion__content\">\n<p>Rok 2024 oznacza pocz\u0105tek nowej, zr\u00f3wnowa\u017conej tradycji w naszej kancelarii: aby uczci\u0107 narodziny dziecka w rodzinie Gantef\u00fchrer, dumni rodzice otrzymaj\u0105 od nas mi\u0119dzy innymi specjalny certyfikat. Certyfikat ten symbolizuje nasze zaanga\u017cowanie na rzecz bardziej ekologicznej przysz\u0142o\u015bci \u2013 darowizn\u0119 na rzecz Urz\u0119du Ogrodnictwa w D\u00fcsseldorfie, dzi\u0119ki kt\u00f3rej w naszym imieniu zostanie posadzone drzewo. Z ka\u017cdym narodzinami dziecka przekazujemy w ten spos\u00f3b jedno <a href=\"https:\/\/www.duesseldorf.de\/stadtgruen\/baeume-in-der-stadt\/strassenbaum\">drzewo dla naszego miasta<\/a>.<\/p>\n<\/div><\/div>\n\n\n\n<h3 class=\"wp-block-heading\">Osoba kontaktowa:<\/h3>\n\n\n\n<div class=\"wp-block-columns is-layout-flex wp-container-core-columns-is-layout-9d6595d7 wp-block-columns-is-layout-flex\">\n<div class=\"wp-block-column is-layout-flow wp-block-column-is-layout-flow\">\n<figure class=\"wp-block-image size-full\"><img loading=\"lazy\" decoding=\"async\" width=\"600\" height=\"389\" src=\"https:\/\/www.gamapa.de\/wp-content\/uploads\/2022\/11\/Troost_1.jpg\" alt=\"Daniel Troost, Steuerberater, Wirtschaftsmediator, Partner, Gantef\u00fchrer - \nSteuerberater, Rechtsanw\u00e4lte, Wirtschaftspr\u00fcfer\" class=\"wp-image-13723\"\/><figcaption class=\"wp-element-caption\"><a href=\"https:\/\/www.gamapa.de\/pl\/doradcy\/daniel-troost-doradca-podatkowy-partner\/\">Daniel Troost<\/a><\/figcaption><\/figure>\n<\/div>\n\n\n\n<div class=\"wp-block-column 2-5rem is-layout-flow wp-block-column-is-layout-flow\"><\/div>\n<\/div>\n\n\n\n<div style=\"height:40px\" aria-hidden=\"true\" class=\"wp-block-spacer\"><\/div>\n\n\n\n<p>Powr\u00f3t do innych obszar\u00f3w, w kt\u00f3rych anga\u017cujemy si\u0119 osobi\u015bcie i jako kancelaria:<\/p>\n\n\n\n<div class=\"wp-block-columns is-layout-flex wp-container-core-columns-is-layout-9d6595d7 wp-block-columns-is-layout-flex\">\n<div class=\"wp-block-column breites-raster med is-layout-flow wp-block-column-is-layout-flow\">\n<div class=\"wp-block-button\"><a class=\"wp-block-button__link has-background wp-element-button\" href=\"https:\/\/www.gamapa.de\/pl\/zaangazowanie-spoleczne\/sztuka-i-kultura\/\" style=\"background-color:#003565\">Sztuka i kultura<\/a><\/div>\n<\/div>\n\n\n\n<div class=\"wp-block-column med is-layout-flow wp-block-column-is-layout-flow\">\n<div class=\"wp-block-button\"><a class=\"wp-block-button__link has-background wp-element-button\" href=\"https:\/\/www.gamapa.de\/pl\/zaangazowanie-spoleczne\/zaangazowanie-sportowe\/\" style=\"background-color:#003565\">Sport<\/a><\/div>\n<\/div>\n\n\n\n<div class=\"wp-block-column med is-layout-flow wp-block-column-is-layout-flow\">\n<div class=\"wp-block-button\"><a class=\"wp-block-button__link has-background wp-element-button\" href=\"https:\/\/www.gamapa.de\/pl\/zaangazowanie-spoleczne\/zaangazowanie-lokalne\/\" style=\"background-color:#003565\">Zaanga\u017cowanie lokalne<\/a><\/div>\n<\/div>\n<\/div>\n\n\n\n<div class=\"wp-block-columns is-layout-flex wp-container-core-columns-is-layout-9d6595d7 wp-block-columns-is-layout-flex\"><\/div>\n","protected":false},"excerpt":{"rendered":"<p>Odpowiedzialno\u015b\u0107 za przyrod\u0119 Jako przedsi\u0119biorstwo ponosimy szczeg\u00f3ln\u0105 odpowiedzialno\u015b\u0107 za ochron\u0119 globalnych zasob\u00f3w naturalnych i oszcz\u0119dne wykorzystanie zasob\u00f3w. Dlatego te\u017c chcemy w jak najwi\u0119kszym stopniu unika\u0107 obci\u0105\u017cania \u015brodowiska i ekosystem\u00f3w oraz zachowa\u0107 r\u00f3\u017cnorodno\u015b\u0107 biologiczn\u0105. Ci\u0105g\u0142e doskonalenie zr\u00f3wnowa\u017conego charakteru naszych produkt\u00f3w, us\u0142ug i proces\u00f3w stanowi centralny element naszych dzia\u0142a\u0144. W tym celu wykorzystujemy zasoby naturalne, surowce i <a href=\"https:\/\/www.gamapa.de\/pl\/zaangazowanie-spoleczne\/trwalosc-i-srodowisko\/\">[\u2026]<\/a><\/p>\n","protected":false},"author":11,"featured_media":15271,"parent":23596,"menu_order":1,"comment_status":"closed","ping_status":"closed","template":"","meta":{"_acf_changed":false,"_uag_custom_page_level_css":"","footnotes":""},"class_list":["post-23749","page","type-page","status-publish","has-post-thumbnail","hentry"],"acf":[],"yoast_head":"<!-- This site is optimized with the Yoast SEO plugin v27.3 - https:\/\/yoast.com\/product\/yoast-seo-wordpress\/ -->\n<title>Trwa\u0142o\u015b\u0107 i \u015brodowisko<\/title>\n<meta name=\"robots\" content=\"index, follow, max-snippet:-1, max-image-preview:large, max-video-preview:-1\" \/>\n<link rel=\"canonical\" href=\"https:\/\/www.gamapa.de\/pl\/zaangazowanie-spoleczne\/trwalosc-i-srodowisko\/\" \/>\n<meta property=\"og:locale\" content=\"pl_PL\" \/>\n<meta property=\"og:type\" content=\"article\" \/>\n<meta property=\"og:title\" content=\"Trwa\u0142o\u015b\u0107 i \u015brodowisko\" \/>\n<meta property=\"og:description\" content=\"Odpowiedzialno\u015b\u0107 za przyrod\u0119 Jako przedsi\u0119biorstwo ponosimy szczeg\u00f3ln\u0105 odpowiedzialno\u015b\u0107 za ochron\u0119 globalnych zasob\u00f3w naturalnych i oszcz\u0119dne wykorzystanie zasob\u00f3w. Dlatego te\u017c chcemy w jak najwi\u0119kszym stopniu unika\u0107 obci\u0105\u017cania \u015brodowiska i ekosystem\u00f3w oraz zachowa\u0107 r\u00f3\u017cnorodno\u015b\u0107 biologiczn\u0105. Ci\u0105g\u0142e doskonalenie zr\u00f3wnowa\u017conego charakteru naszych produkt\u00f3w, us\u0142ug i proces\u00f3w stanowi centralny element naszych dzia\u0142a\u0144. W tym celu wykorzystujemy zasoby naturalne, surowce i [\u2026]\" \/>\n<meta property=\"og:url\" content=\"https:\/\/www.gamapa.de\/pl\/zaangazowanie-spoleczne\/trwalosc-i-srodowisko\/\" \/>\n<meta property=\"og:site_name\" content=\"GANTEF\u00dcHRER\" \/>\n<meta property=\"article:modified_time\" content=\"2026-01-22T11:33:54+00:00\" \/>\n<meta property=\"og:image\" content=\"https:\/\/www.gamapa.de\/wp-content\/uploads\/2023\/11\/Nachhaltigkeit-5.jpg\" \/>\n\t<meta property=\"og:image:width\" content=\"2560\" \/>\n\t<meta property=\"og:image:height\" content=\"764\" \/>\n\t<meta property=\"og:image:type\" content=\"image\/jpeg\" \/>\n<meta name=\"twitter:card\" content=\"summary_large_image\" \/>\n<meta name=\"twitter:label1\" content=\"Szacowany czas czytania\" \/>\n\t<meta name=\"twitter:data1\" content=\"3 minuty\" \/>\n<script type=\"application\/ld+json\" class=\"yoast-schema-graph\">{\"@context\":\"https:\\\/\\\/schema.org\",\"@graph\":[{\"@type\":\"WebPage\",\"@id\":\"https:\\\/\\\/www.gamapa.de\\\/pl\\\/zaangazowanie-spoleczne\\\/trwalosc-i-srodowisko\\\/\",\"url\":\"https:\\\/\\\/www.gamapa.de\\\/pl\\\/zaangazowanie-spoleczne\\\/trwalosc-i-srodowisko\\\/\",\"name\":\"Trwa\u0142o\u015b\u0107 i \u015brodowisko\",\"isPartOf\":{\"@id\":\"https:\\\/\\\/www.gamapa.de\\\/pl\\\/#website\"},\"primaryImageOfPage\":{\"@id\":\"https:\\\/\\\/www.gamapa.de\\\/pl\\\/zaangazowanie-spoleczne\\\/trwalosc-i-srodowisko\\\/#primaryimage\"},\"image\":{\"@id\":\"https:\\\/\\\/www.gamapa.de\\\/pl\\\/zaangazowanie-spoleczne\\\/trwalosc-i-srodowisko\\\/#primaryimage\"},\"thumbnailUrl\":\"https:\\\/\\\/www.gamapa.de\\\/wp-content\\\/uploads\\\/2023\\\/11\\\/Nachhaltigkeit-5.jpg\",\"datePublished\":\"2024-12-16T11:49:01+00:00\",\"dateModified\":\"2026-01-22T11:33:54+00:00\",\"breadcrumb\":{\"@id\":\"https:\\\/\\\/www.gamapa.de\\\/pl\\\/zaangazowanie-spoleczne\\\/trwalosc-i-srodowisko\\\/#breadcrumb\"},\"inLanguage\":\"pl-PL\",\"potentialAction\":[{\"@type\":\"ReadAction\",\"target\":[\"https:\\\/\\\/www.gamapa.de\\\/pl\\\/zaangazowanie-spoleczne\\\/trwalosc-i-srodowisko\\\/\"]}]},{\"@type\":\"ImageObject\",\"inLanguage\":\"pl-PL\",\"@id\":\"https:\\\/\\\/www.gamapa.de\\\/pl\\\/zaangazowanie-spoleczne\\\/trwalosc-i-srodowisko\\\/#primaryimage\",\"url\":\"https:\\\/\\\/www.gamapa.de\\\/wp-content\\\/uploads\\\/2023\\\/11\\\/Nachhaltigkeit-5.jpg\",\"contentUrl\":\"https:\\\/\\\/www.gamapa.de\\\/wp-content\\\/uploads\\\/2023\\\/11\\\/Nachhaltigkeit-5.jpg\",\"width\":2560,\"height\":764,\"caption\":\"Nachhaltige Unternehmensf\u00fchrung\"},{\"@type\":\"BreadcrumbList\",\"@id\":\"https:\\\/\\\/www.gamapa.de\\\/pl\\\/zaangazowanie-spoleczne\\\/trwalosc-i-srodowisko\\\/#breadcrumb\",\"itemListElement\":[{\"@type\":\"ListItem\",\"position\":1,\"name\":\"Startseite\",\"item\":\"https:\\\/\\\/www.gamapa.de\\\/pl\\\/\"},{\"@type\":\"ListItem\",\"position\":2,\"name\":\"Zaanga\u017cowanie spo\u0142eczne\",\"item\":\"https:\\\/\\\/www.gamapa.de\\\/pl\\\/zaangazowanie-spoleczne\\\/\"},{\"@type\":\"ListItem\",\"position\":3,\"name\":\"Trwa\u0142o\u015b\u0107 i \u015brodowisko\"}]},{\"@type\":\"WebSite\",\"@id\":\"https:\\\/\\\/www.gamapa.de\\\/pl\\\/#website\",\"url\":\"https:\\\/\\\/www.gamapa.de\\\/pl\\\/\",\"name\":\"GANTEF\u00dcHRER\",\"description\":\"Wirtschaftspr\u00fcfer, Steuerberater, Rechtsanw\u00e4lte\",\"publisher\":{\"@id\":\"https:\\\/\\\/www.gamapa.de\\\/pl\\\/#organization\"},\"potentialAction\":[{\"@type\":\"SearchAction\",\"target\":{\"@type\":\"EntryPoint\",\"urlTemplate\":\"https:\\\/\\\/www.gamapa.de\\\/pl\\\/?s={search_term_string}\"},\"query-input\":{\"@type\":\"PropertyValueSpecification\",\"valueRequired\":true,\"valueName\":\"search_term_string\"}}],\"inLanguage\":\"pl-PL\"},{\"@type\":\"Organization\",\"@id\":\"https:\\\/\\\/www.gamapa.de\\\/pl\\\/#organization\",\"name\":\"Gantef\u00fchrer Wirtschaftspr\u00fcfer, Steuerberater, Rechtsanw\u00e4lte\",\"url\":\"https:\\\/\\\/www.gamapa.de\\\/pl\\\/\",\"logo\":{\"@type\":\"ImageObject\",\"inLanguage\":\"pl-PL\",\"@id\":\"https:\\\/\\\/www.gamapa.de\\\/pl\\\/#\\\/schema\\\/logo\\\/image\\\/\",\"url\":\"https:\\\/\\\/www.gamapa.de\\\/wp-content\\\/uploads\\\/2026\\\/01\\\/Logo-Gantefuehrer.png\",\"contentUrl\":\"https:\\\/\\\/www.gamapa.de\\\/wp-content\\\/uploads\\\/2026\\\/01\\\/Logo-Gantefuehrer.png\",\"width\":767,\"height\":156,\"caption\":\"Gantef\u00fchrer Wirtschaftspr\u00fcfer, Steuerberater, Rechtsanw\u00e4lte\"},\"image\":{\"@id\":\"https:\\\/\\\/www.gamapa.de\\\/pl\\\/#\\\/schema\\\/logo\\\/image\\\/\"}}]}<\/script>\n<!-- \/ Yoast SEO plugin. -->","yoast_head_json":{"title":"Trwa\u0142o\u015b\u0107 i \u015brodowisko","robots":{"index":"index","follow":"follow","max-snippet":"max-snippet:-1","max-image-preview":"max-image-preview:large","max-video-preview":"max-video-preview:-1"},"canonical":"https:\/\/www.gamapa.de\/pl\/zaangazowanie-spoleczne\/trwalosc-i-srodowisko\/","og_locale":"pl_PL","og_type":"article","og_title":"Trwa\u0142o\u015b\u0107 i \u015brodowisko","og_description":"Odpowiedzialno\u015b\u0107 za przyrod\u0119 Jako przedsi\u0119biorstwo ponosimy szczeg\u00f3ln\u0105 odpowiedzialno\u015b\u0107 za ochron\u0119 globalnych zasob\u00f3w naturalnych i oszcz\u0119dne wykorzystanie zasob\u00f3w. Dlatego te\u017c chcemy w jak najwi\u0119kszym stopniu unika\u0107 obci\u0105\u017cania \u015brodowiska i ekosystem\u00f3w oraz zachowa\u0107 r\u00f3\u017cnorodno\u015b\u0107 biologiczn\u0105. Ci\u0105g\u0142e doskonalenie zr\u00f3wnowa\u017conego charakteru naszych produkt\u00f3w, us\u0142ug i proces\u00f3w stanowi centralny element naszych dzia\u0142a\u0144. W tym celu wykorzystujemy zasoby naturalne, surowce i [\u2026]","og_url":"https:\/\/www.gamapa.de\/pl\/zaangazowanie-spoleczne\/trwalosc-i-srodowisko\/","og_site_name":"GANTEF\u00dcHRER","article_modified_time":"2026-01-22T11:33:54+00:00","og_image":[{"width":2560,"height":764,"url":"https:\/\/www.gamapa.de\/wp-content\/uploads\/2023\/11\/Nachhaltigkeit-5.jpg","type":"image\/jpeg"}],"twitter_card":"summary_large_image","twitter_misc":{"Szacowany czas czytania":"3 minuty"},"schema":{"@context":"https:\/\/schema.org","@graph":[{"@type":"WebPage","@id":"https:\/\/www.gamapa.de\/pl\/zaangazowanie-spoleczne\/trwalosc-i-srodowisko\/","url":"https:\/\/www.gamapa.de\/pl\/zaangazowanie-spoleczne\/trwalosc-i-srodowisko\/","name":"Trwa\u0142o\u015b\u0107 i \u015brodowisko","isPartOf":{"@id":"https:\/\/www.gamapa.de\/pl\/#website"},"primaryImageOfPage":{"@id":"https:\/\/www.gamapa.de\/pl\/zaangazowanie-spoleczne\/trwalosc-i-srodowisko\/#primaryimage"},"image":{"@id":"https:\/\/www.gamapa.de\/pl\/zaangazowanie-spoleczne\/trwalosc-i-srodowisko\/#primaryimage"},"thumbnailUrl":"https:\/\/www.gamapa.de\/wp-content\/uploads\/2023\/11\/Nachhaltigkeit-5.jpg","datePublished":"2024-12-16T11:49:01+00:00","dateModified":"2026-01-22T11:33:54+00:00","breadcrumb":{"@id":"https:\/\/www.gamapa.de\/pl\/zaangazowanie-spoleczne\/trwalosc-i-srodowisko\/#breadcrumb"},"inLanguage":"pl-PL","potentialAction":[{"@type":"ReadAction","target":["https:\/\/www.gamapa.de\/pl\/zaangazowanie-spoleczne\/trwalosc-i-srodowisko\/"]}]},{"@type":"ImageObject","inLanguage":"pl-PL","@id":"https:\/\/www.gamapa.de\/pl\/zaangazowanie-spoleczne\/trwalosc-i-srodowisko\/#primaryimage","url":"https:\/\/www.gamapa.de\/wp-content\/uploads\/2023\/11\/Nachhaltigkeit-5.jpg","contentUrl":"https:\/\/www.gamapa.de\/wp-content\/uploads\/2023\/11\/Nachhaltigkeit-5.jpg","width":2560,"height":764,"caption":"Nachhaltige Unternehmensf\u00fchrung"},{"@type":"BreadcrumbList","@id":"https:\/\/www.gamapa.de\/pl\/zaangazowanie-spoleczne\/trwalosc-i-srodowisko\/#breadcrumb","itemListElement":[{"@type":"ListItem","position":1,"name":"Startseite","item":"https:\/\/www.gamapa.de\/pl\/"},{"@type":"ListItem","position":2,"name":"Zaanga\u017cowanie spo\u0142eczne","item":"https:\/\/www.gamapa.de\/pl\/zaangazowanie-spoleczne\/"},{"@type":"ListItem","position":3,"name":"Trwa\u0142o\u015b\u0107 i \u015brodowisko"}]},{"@type":"WebSite","@id":"https:\/\/www.gamapa.de\/pl\/#website","url":"https:\/\/www.gamapa.de\/pl\/","name":"GANTEF\u00dcHRER","description":"Wirtschaftspr\u00fcfer, Steuerberater, Rechtsanw\u00e4lte","publisher":{"@id":"https:\/\/www.gamapa.de\/pl\/#organization"},"potentialAction":[{"@type":"SearchAction","target":{"@type":"EntryPoint","urlTemplate":"https:\/\/www.gamapa.de\/pl\/?s={search_term_string}"},"query-input":{"@type":"PropertyValueSpecification","valueRequired":true,"valueName":"search_term_string"}}],"inLanguage":"pl-PL"},{"@type":"Organization","@id":"https:\/\/www.gamapa.de\/pl\/#organization","name":"Gantef\u00fchrer Wirtschaftspr\u00fcfer, Steuerberater, Rechtsanw\u00e4lte","url":"https:\/\/www.gamapa.de\/pl\/","logo":{"@type":"ImageObject","inLanguage":"pl-PL","@id":"https:\/\/www.gamapa.de\/pl\/#\/schema\/logo\/image\/","url":"https:\/\/www.gamapa.de\/wp-content\/uploads\/2026\/01\/Logo-Gantefuehrer.png","contentUrl":"https:\/\/www.gamapa.de\/wp-content\/uploads\/2026\/01\/Logo-Gantefuehrer.png","width":767,"height":156,"caption":"Gantef\u00fchrer Wirtschaftspr\u00fcfer, Steuerberater, Rechtsanw\u00e4lte"},"image":{"@id":"https:\/\/www.gamapa.de\/pl\/#\/schema\/logo\/image\/"}}]}},"uagb_featured_image_src":{"full":["https:\/\/www.gamapa.de\/wp-content\/uploads\/2023\/11\/Nachhaltigkeit-5.jpg",2560,764,false],"thumbnail":["https:\/\/www.gamapa.de\/wp-content\/uploads\/2023\/11\/Nachhaltigkeit-5-150x150.jpg",150,150,true],"medium":["https:\/\/www.gamapa.de\/wp-content\/uploads\/2023\/11\/Nachhaltigkeit-5-600x179.jpg",600,179,true],"medium_large":["https:\/\/www.gamapa.de\/wp-content\/uploads\/2023\/11\/Nachhaltigkeit-5-768x229.jpg",580,173,true],"large":["https:\/\/www.gamapa.de\/wp-content\/uploads\/2023\/11\/Nachhaltigkeit-5.jpg",580,173,false],"gs-tiny":["https:\/\/www.gamapa.de\/wp-content\/uploads\/2023\/11\/Nachhaltigkeit-5.jpg",50,15,false],"xl":["https:\/\/www.gamapa.de\/wp-content\/uploads\/2023\/11\/Nachhaltigkeit-5-1600x478.jpg",1600,478,true],"xxl":["https:\/\/www.gamapa.de\/wp-content\/uploads\/2023\/11\/Nachhaltigkeit-5-2200x657.jpg",2200,657,true],"xxxl":["https:\/\/www.gamapa.de\/wp-content\/uploads\/2023\/11\/Nachhaltigkeit-5.jpg",2560,764,false],"xxxxl":["https:\/\/www.gamapa.de\/wp-content\/uploads\/2023\/11\/Nachhaltigkeit-5.jpg",2560,764,false],"xxxxxl":["https:\/\/www.gamapa.de\/wp-content\/uploads\/2023\/11\/Nachhaltigkeit-5.jpg",2560,764,false],"1536x1536":["https:\/\/www.gamapa.de\/wp-content\/uploads\/2023\/11\/Nachhaltigkeit-5-1536x458.jpg",1536,458,true],"2048x2048":["https:\/\/www.gamapa.de\/wp-content\/uploads\/2023\/11\/Nachhaltigkeit-5-2048x611.jpg",2048,611,true],"post-thumbnail":["https:\/\/www.gamapa.de\/wp-content\/uploads\/2023\/11\/Nachhaltigkeit-5.jpg",2560,764,false],"twentytwenty-fullscreen":["https:\/\/www.gamapa.de\/wp-content\/uploads\/2023\/11\/Nachhaltigkeit-5.jpg",2560,764,false],"theme-slug-single-post":["https:\/\/www.gamapa.de\/wp-content\/uploads\/2023\/11\/Nachhaltigkeit-5-1600x400.jpg",1600,400,true]},"uagb_author_info":{"display_name":"ninasenft","author_link":"https:\/\/www.gamapa.de\/pl\/author\/ninasenft\/"},"uagb_comment_info":0,"uagb_excerpt":"Odpowiedzialno\u015b\u0107 za przyrod\u0119 Jako przedsi\u0119biorstwo ponosimy szczeg\u00f3ln\u0105 odpowiedzialno\u015b\u0107 za ochron\u0119 globalnych zasob\u00f3w naturalnych i oszcz\u0119dne wykorzystanie zasob\u00f3w. Dlatego te\u017c chcemy w jak najwi\u0119kszym stopniu unika\u0107 obci\u0105\u017cania \u015brodowiska i ekosystem\u00f3w oraz zachowa\u0107 r\u00f3\u017cnorodno\u015b\u0107 biologiczn\u0105. Ci\u0105g\u0142e doskonalenie zr\u00f3wnowa\u017conego charakteru naszych produkt\u00f3w, us\u0142ug i proces\u00f3w stanowi centralny element naszych dzia\u0142a\u0144. W tym celu wykorzystujemy zasoby naturalne, surowce i&hellip;","_links":{"self":[{"href":"https:\/\/www.gamapa.de\/pl\/wp-json\/wp\/v2\/pages\/23749","targetHints":{"allow":["GET"]}}],"collection":[{"href":"https:\/\/www.gamapa.de\/pl\/wp-json\/wp\/v2\/pages"}],"about":[{"href":"https:\/\/www.gamapa.de\/pl\/wp-json\/wp\/v2\/types\/page"}],"author":[{"embeddable":true,"href":"https:\/\/www.gamapa.de\/pl\/wp-json\/wp\/v2\/users\/11"}],"replies":[{"embeddable":true,"href":"https:\/\/www.gamapa.de\/pl\/wp-json\/wp\/v2\/comments?post=23749"}],"version-history":[{"count":5,"href":"https:\/\/www.gamapa.de\/pl\/wp-json\/wp\/v2\/pages\/23749\/revisions"}],"predecessor-version":[{"id":23774,"href":"https:\/\/www.gamapa.de\/pl\/wp-json\/wp\/v2\/pages\/23749\/revisions\/23774"}],"up":[{"embeddable":true,"href":"https:\/\/www.gamapa.de\/pl\/wp-json\/wp\/v2\/pages\/23596"}],"wp:featuredmedia":[{"embeddable":true,"href":"https:\/\/www.gamapa.de\/pl\/wp-json\/wp\/v2\/media\/15271"}],"wp:attachment":[{"href":"https:\/\/www.gamapa.de\/pl\/wp-json\/wp\/v2\/media?parent=23749"}],"curies":[{"name":"wp","href":"https:\/\/api.w.org\/{rel}","templated":true}]}}