

{"id":23758,"date":"2024-12-16T12:56:10","date_gmt":"2024-12-16T11:56:10","guid":{"rendered":"https:\/\/www.gamapa.de\/zaangazowanie-spoleczne\/sportliches-engagement\/"},"modified":"2026-01-21T15:05:02","modified_gmt":"2026-01-21T14:05:02","slug":"zaangazowanie-sportowe","status":"publish","type":"page","link":"https:\/\/www.gamapa.de\/pl\/zaangazowanie-spoleczne\/zaangazowanie-sportowe\/","title":{"rendered":"Zaanga\u017cowanie sportowe"},"content":{"rendered":"\n<h3 class=\"wp-block-heading inhalt\">Razem w ruchu<\/h3>\n\n\n\n<p class=\"inhalt\">Sport \u0142\u0105czy ludzi i sprzyja sp\u00f3jno\u015bci spo\u0142ecznej \u2013 to wa\u017cny wk\u0142ad w \u017cycie spo\u0142eczno\u015bci.<\/p>\n\n\n\n<p class=\"inhalt\">Poprzez nasze zaanga\u017cowanie w sektorze sportowym chcemy zar\u00f3wno dalej rozwija\u0107 zarz\u0105dzanie zdrowiem w miejscu pracy, jak i wspiera\u0107 lokalny sport wyczynowy w naszym rodzinnym mie\u015bcie, z kt\u00f3rym jeste\u015bmy \u015bci\u015ble zwi\u0105zani.<\/p>\n\n\n\n<div style=\"height:40px\" aria-hidden=\"true\" class=\"wp-block-spacer\"><\/div>\n\n\n\n<div class=\"wp-block-pb-accordion-item c-accordion__item js-accordion-item no-js medi\" data-initially-open=\"false\" data-click-to-close=\"true\" data-auto-close=\"true\" data-scroll=\"false\" data-scroll-offset=\"0\"><h2 id=\"at-237580\" class=\"c-accordion__title js-accordion-controller\" role=\"button\">Fortuna D\u00fcsseldorf<\/h2><div id=\"ac-237580\" class=\"c-accordion__content\">\n<p><strong>95 ol\u00e9<\/strong> &#8211; Jako cz\u0142onkowie <a href=\"https:\/\/www.f95.de\/business\/partner\/club95partner\/\">Club95<\/a> wspieramy nasz lokalny klub Fortuna D\u00fcsseldorf.<\/p>\n\n\n\n<section class=\"wp-block-uagb-section uagb-section__wrap uagb-section__background-none uagb-block-f9d9e8f1\"><div class=\"uagb-section__overlay\"><\/div><div class=\"uagb-section__inner-wrap\">\n<figure class=\"wp-block-image size-full is-resized\"><img loading=\"lazy\" decoding=\"async\" width=\"3159\" height=\"1000\" src=\"https:\/\/www.gamapa.de\/wp-content\/uploads\/2024\/12\/F95_Club95_r_extern-1.png\" alt=\"Fortuna 95 Club Logo\" class=\"wp-image-17177\" style=\"width:424px;height:auto\" srcset=\"https:\/\/www.gamapa.de\/wp-content\/uploads\/2024\/12\/F95_Club95_r_extern-1.png 3159w, https:\/\/www.gamapa.de\/wp-content\/uploads\/2024\/12\/F95_Club95_r_extern-1-600x190.png 600w, https:\/\/www.gamapa.de\/wp-content\/uploads\/2024\/12\/F95_Club95_r_extern-1-768x243.png 768w, https:\/\/www.gamapa.de\/wp-content\/uploads\/2024\/12\/F95_Club95_r_extern-1-50x16.png 50w, https:\/\/www.gamapa.de\/wp-content\/uploads\/2024\/12\/F95_Club95_r_extern-1-1600x506.png 1600w, https:\/\/www.gamapa.de\/wp-content\/uploads\/2024\/12\/F95_Club95_r_extern-1-1536x486.png 1536w, https:\/\/www.gamapa.de\/wp-content\/uploads\/2024\/12\/F95_Club95_r_extern-1-2048x648.png 2048w\" sizes=\"auto, (max-width: 3159px) 100vw, 3159px\" \/><\/figure>\n<\/div><\/section>\n<\/div><\/div>\n\n\n\n<div class=\"wp-block-pb-accordion-item c-accordion__item js-accordion-item no-js medi\" data-initially-open=\"false\" data-click-to-close=\"true\" data-auto-close=\"true\" data-scroll=\"false\" data-scroll-offset=\"0\"><h2 id=\"at-237581\" class=\"c-accordion__title js-accordion-controller\" role=\"button\">B2Run <\/h2><div id=\"ac-237581\" class=\"c-accordion__content\">\n<p>Jako \u201eGantef\u00fchrer Runners\u201d po raz pierwszy wystartowali\u015bmy w 2024 roku w biegu <a href=\"https:\/\/www.b2run.de\/run\/de\/de\/duesseldorf\/index.html\">B2Run<\/a> w D\u00fcsseldorfie \u2013 wraz z 14 500 innymi zmotywowanymi biegaczami. Jednak nie chodzi nam tylko o kondycj\u0119 fizyczn\u0105 i rado\u015b\u0107: w Gantef\u00fchrer najwa\u017cniejsza jest zr\u00f3wnowa\u017cona gospodarka. Za ka\u017cd\u0105 uczestnicz\u0105c\u0105 dru\u017cyn\u0119 sadzone jest drzewo. W ten spos\u00f3b \u0142\u0105czymy ruch i wsp\u00f3lnot\u0119 z wk\u0142adem w bardziej ekologiczn\u0105 przysz\u0142o\u015b\u0107.<\/p>\n\n\n\n<section class=\"wp-block-uagb-section uagb-section__wrap uagb-section__background-none uagb-block-06e89ba1\"><div class=\"uagb-section__overlay\"><\/div><div class=\"uagb-section__inner-wrap\">\n<figure class=\"wp-block-image size-full is-resized\"><img loading=\"lazy\" decoding=\"async\" width=\"290\" height=\"174\" src=\"https:\/\/www.gamapa.de\/wp-content\/uploads\/2024\/12\/Herunterladen.png\" alt=\"B2 Run Logo\" class=\"wp-image-17184\" style=\"width:288px;height:auto\" srcset=\"https:\/\/www.gamapa.de\/wp-content\/uploads\/2024\/12\/Herunterladen.png 290w, https:\/\/www.gamapa.de\/wp-content\/uploads\/2024\/12\/Herunterladen-50x30.png 50w\" sizes=\"auto, (max-width: 290px) 100vw, 290px\" \/><\/figure>\n<\/div><\/section>\n<\/div><\/div>\n\n\n\n<h3 class=\"wp-block-heading\">Osoba kontaktowa:<\/h3>\n\n\n\n<div class=\"wp-block-columns is-layout-flex wp-container-core-columns-is-layout-9d6595d7 wp-block-columns-is-layout-flex\">\n<div class=\"wp-block-column is-layout-flow wp-block-column-is-layout-flow\">\n<figure class=\"wp-block-image size-full\"><img loading=\"lazy\" decoding=\"async\" width=\"600\" height=\"389\" src=\"https:\/\/www.gamapa.de\/wp-content\/uploads\/2020\/08\/Schaar_1.jpg\" alt=\"R\u00fcdiger Schaar\" class=\"wp-image-15507\"\/><figcaption class=\"wp-element-caption\"><a href=\"https:\/\/www.gamapa.de\/ruediger-schaar-steuerberater\/\">R\u00fcdiger Schaar<\/a><\/figcaption><\/figure>\n<\/div>\n\n\n\n<div class=\"wp-block-column 2-5rem is-layout-flow wp-block-column-is-layout-flow\"><\/div>\n<\/div>\n\n\n\n<div style=\"height:40px\" aria-hidden=\"true\" class=\"wp-block-spacer\"><\/div>\n\n\n\n<p>Powr\u00f3t do innych obszar\u00f3w, w kt\u00f3rych anga\u017cujemy si\u0119 osobi\u015bcie i jako kancelaria:<\/p>\n\n\n\n<div class=\"wp-block-columns is-layout-flex wp-container-core-columns-is-layout-9d6595d7 wp-block-columns-is-layout-flex\">\n<div class=\"wp-block-column breites-raster med is-layout-flow wp-block-column-is-layout-flow\">\n<div class=\"wp-block-button\"><a class=\"wp-block-button__link has-background wp-element-button\" href=\"https:\/\/www.gamapa.de\/pl\/zaangazowanie-spoleczne\/sztuka-i-kultura\/\" style=\"background-color:#003565\">Sztuka i kultura<\/a><\/div>\n<\/div>\n\n\n\n<div class=\"wp-block-column med is-layout-flow wp-block-column-is-layout-flow\">\n<div class=\"wp-block-button\"><a class=\"wp-block-button__link has-background wp-element-button\" href=\"https:\/\/www.gamapa.de\/pl\/zaangazowanie-spoleczne\/trwalosc-i-srodowisko\/\" style=\"background-color:#003565\">Trwa\u0142o\u015b\u0107 i \u015brodowisko<\/a><\/div>\n<\/div>\n\n\n\n<div class=\"wp-block-column med is-layout-flow wp-block-column-is-layout-flow\">\n<div class=\"wp-block-button\"><a class=\"wp-block-button__link has-background wp-element-button\" href=\"https:\/\/www.gamapa.de\/pl\/zaangazowanie-spoleczne\/zaangazowanie-lokalne\/\" style=\"background-color:#003565\">Zaangazowanie lokalne<\/a><\/div>\n<\/div>\n<\/div>\n\n\n\n<div class=\"wp-block-columns is-layout-flex wp-container-core-columns-is-layout-9d6595d7 wp-block-columns-is-layout-flex\"><\/div>\n","protected":false},"excerpt":{"rendered":"<p>Razem w ruchu Sport \u0142\u0105czy ludzi i sprzyja sp\u00f3jno\u015bci spo\u0142ecznej \u2013 to wa\u017cny wk\u0142ad w \u017cycie spo\u0142eczno\u015bci. Poprzez nasze zaanga\u017cowanie w sektorze sportowym chcemy zar\u00f3wno dalej rozwija\u0107 zarz\u0105dzanie zdrowiem w miejscu pracy, jak i wspiera\u0107 lokalny sport wyczynowy w naszym rodzinnym mie\u015bcie, z kt\u00f3rym jeste\u015bmy \u015bci\u015ble zwi\u0105zani. Osoba kontaktowa: Powr\u00f3t do innych obszar\u00f3w, w kt\u00f3rych <a href=\"https:\/\/www.gamapa.de\/pl\/zaangazowanie-spoleczne\/zaangazowanie-sportowe\/\">[\u2026]<\/a><\/p>\n","protected":false},"author":11,"featured_media":17194,"parent":23596,"menu_order":2,"comment_status":"closed","ping_status":"closed","template":"","meta":{"_acf_changed":false,"_uag_custom_page_level_css":"","footnotes":""},"class_list":["post-23758","page","type-page","status-publish","has-post-thumbnail","hentry"],"acf":[],"yoast_head":"<!-- This site is optimized with the Yoast SEO plugin v27.3 - https:\/\/yoast.com\/product\/yoast-seo-wordpress\/ -->\n<title>Zaanga\u017cowanie sportowe<\/title>\n<meta name=\"robots\" content=\"index, follow, max-snippet:-1, max-image-preview:large, max-video-preview:-1\" \/>\n<link rel=\"canonical\" href=\"https:\/\/www.gamapa.de\/pl\/zaangazowanie-spoleczne\/zaangazowanie-sportowe\/\" \/>\n<meta property=\"og:locale\" content=\"pl_PL\" \/>\n<meta property=\"og:type\" content=\"article\" \/>\n<meta property=\"og:title\" content=\"Zaanga\u017cowanie sportowe\" \/>\n<meta property=\"og:description\" content=\"Razem w ruchu Sport \u0142\u0105czy ludzi i sprzyja sp\u00f3jno\u015bci spo\u0142ecznej \u2013 to wa\u017cny wk\u0142ad w \u017cycie spo\u0142eczno\u015bci. Poprzez nasze zaanga\u017cowanie w sektorze sportowym chcemy zar\u00f3wno dalej rozwija\u0107 zarz\u0105dzanie zdrowiem w miejscu pracy, jak i wspiera\u0107 lokalny sport wyczynowy w naszym rodzinnym mie\u015bcie, z kt\u00f3rym jeste\u015bmy \u015bci\u015ble zwi\u0105zani. Osoba kontaktowa: Powr\u00f3t do innych obszar\u00f3w, w kt\u00f3rych [\u2026]\" \/>\n<meta property=\"og:url\" content=\"https:\/\/www.gamapa.de\/pl\/zaangazowanie-spoleczne\/zaangazowanie-sportowe\/\" \/>\n<meta property=\"og:site_name\" content=\"GANTEF\u00dcHRER\" \/>\n<meta property=\"article:modified_time\" content=\"2026-01-21T14:05:02+00:00\" \/>\n<meta property=\"og:image\" content=\"https:\/\/www.gamapa.de\/wp-content\/uploads\/2024\/12\/pexels-pavel-danilyuk-6539272-scaled.jpg\" \/>\n\t<meta property=\"og:image:width\" content=\"2560\" \/>\n\t<meta property=\"og:image:height\" content=\"1709\" \/>\n\t<meta property=\"og:image:type\" content=\"image\/jpeg\" \/>\n<meta name=\"twitter:card\" content=\"summary_large_image\" \/>\n<meta name=\"twitter:label1\" content=\"Szacowany czas czytania\" \/>\n\t<meta name=\"twitter:data1\" content=\"2 minuty\" \/>\n<script type=\"application\/ld+json\" class=\"yoast-schema-graph\">{\"@context\":\"https:\\\/\\\/schema.org\",\"@graph\":[{\"@type\":\"WebPage\",\"@id\":\"https:\\\/\\\/www.gamapa.de\\\/pl\\\/zaangazowanie-spoleczne\\\/zaangazowanie-sportowe\\\/\",\"url\":\"https:\\\/\\\/www.gamapa.de\\\/pl\\\/zaangazowanie-spoleczne\\\/zaangazowanie-sportowe\\\/\",\"name\":\"Zaanga\u017cowanie sportowe\",\"isPartOf\":{\"@id\":\"https:\\\/\\\/www.gamapa.de\\\/pl\\\/#website\"},\"primaryImageOfPage\":{\"@id\":\"https:\\\/\\\/www.gamapa.de\\\/pl\\\/zaangazowanie-spoleczne\\\/zaangazowanie-sportowe\\\/#primaryimage\"},\"image\":{\"@id\":\"https:\\\/\\\/www.gamapa.de\\\/pl\\\/zaangazowanie-spoleczne\\\/zaangazowanie-sportowe\\\/#primaryimage\"},\"thumbnailUrl\":\"https:\\\/\\\/www.gamapa.de\\\/wp-content\\\/uploads\\\/2024\\\/12\\\/pexels-pavel-danilyuk-6539272-scaled.jpg\",\"datePublished\":\"2024-12-16T11:56:10+00:00\",\"dateModified\":\"2026-01-21T14:05:02+00:00\",\"breadcrumb\":{\"@id\":\"https:\\\/\\\/www.gamapa.de\\\/pl\\\/zaangazowanie-spoleczne\\\/zaangazowanie-sportowe\\\/#breadcrumb\"},\"inLanguage\":\"pl-PL\",\"potentialAction\":[{\"@type\":\"ReadAction\",\"target\":[\"https:\\\/\\\/www.gamapa.de\\\/pl\\\/zaangazowanie-spoleczne\\\/zaangazowanie-sportowe\\\/\"]}]},{\"@type\":\"ImageObject\",\"inLanguage\":\"pl-PL\",\"@id\":\"https:\\\/\\\/www.gamapa.de\\\/pl\\\/zaangazowanie-spoleczne\\\/zaangazowanie-sportowe\\\/#primaryimage\",\"url\":\"https:\\\/\\\/www.gamapa.de\\\/wp-content\\\/uploads\\\/2024\\\/12\\\/pexels-pavel-danilyuk-6539272-scaled.jpg\",\"contentUrl\":\"https:\\\/\\\/www.gamapa.de\\\/wp-content\\\/uploads\\\/2024\\\/12\\\/pexels-pavel-danilyuk-6539272-scaled.jpg\",\"width\":2560,\"height\":1709},{\"@type\":\"BreadcrumbList\",\"@id\":\"https:\\\/\\\/www.gamapa.de\\\/pl\\\/zaangazowanie-spoleczne\\\/zaangazowanie-sportowe\\\/#breadcrumb\",\"itemListElement\":[{\"@type\":\"ListItem\",\"position\":1,\"name\":\"Startseite\",\"item\":\"https:\\\/\\\/www.gamapa.de\\\/pl\\\/\"},{\"@type\":\"ListItem\",\"position\":2,\"name\":\"Zaanga\u017cowanie spo\u0142eczne\",\"item\":\"https:\\\/\\\/www.gamapa.de\\\/pl\\\/zaangazowanie-spoleczne\\\/\"},{\"@type\":\"ListItem\",\"position\":3,\"name\":\"Zaanga\u017cowanie sportowe\"}]},{\"@type\":\"WebSite\",\"@id\":\"https:\\\/\\\/www.gamapa.de\\\/pl\\\/#website\",\"url\":\"https:\\\/\\\/www.gamapa.de\\\/pl\\\/\",\"name\":\"GANTEF\u00dcHRER\",\"description\":\"Wirtschaftspr\u00fcfer, Steuerberater, Rechtsanw\u00e4lte\",\"publisher\":{\"@id\":\"https:\\\/\\\/www.gamapa.de\\\/pl\\\/#organization\"},\"potentialAction\":[{\"@type\":\"SearchAction\",\"target\":{\"@type\":\"EntryPoint\",\"urlTemplate\":\"https:\\\/\\\/www.gamapa.de\\\/pl\\\/?s={search_term_string}\"},\"query-input\":{\"@type\":\"PropertyValueSpecification\",\"valueRequired\":true,\"valueName\":\"search_term_string\"}}],\"inLanguage\":\"pl-PL\"},{\"@type\":\"Organization\",\"@id\":\"https:\\\/\\\/www.gamapa.de\\\/pl\\\/#organization\",\"name\":\"Gantef\u00fchrer Wirtschaftspr\u00fcfer, Steuerberater, Rechtsanw\u00e4lte\",\"url\":\"https:\\\/\\\/www.gamapa.de\\\/pl\\\/\",\"logo\":{\"@type\":\"ImageObject\",\"inLanguage\":\"pl-PL\",\"@id\":\"https:\\\/\\\/www.gamapa.de\\\/pl\\\/#\\\/schema\\\/logo\\\/image\\\/\",\"url\":\"https:\\\/\\\/www.gamapa.de\\\/wp-content\\\/uploads\\\/2026\\\/01\\\/Logo-Gantefuehrer.png\",\"contentUrl\":\"https:\\\/\\\/www.gamapa.de\\\/wp-content\\\/uploads\\\/2026\\\/01\\\/Logo-Gantefuehrer.png\",\"width\":767,\"height\":156,\"caption\":\"Gantef\u00fchrer Wirtschaftspr\u00fcfer, Steuerberater, Rechtsanw\u00e4lte\"},\"image\":{\"@id\":\"https:\\\/\\\/www.gamapa.de\\\/pl\\\/#\\\/schema\\\/logo\\\/image\\\/\"}}]}<\/script>\n<!-- \/ Yoast SEO plugin. -->","yoast_head_json":{"title":"Zaanga\u017cowanie sportowe","robots":{"index":"index","follow":"follow","max-snippet":"max-snippet:-1","max-image-preview":"max-image-preview:large","max-video-preview":"max-video-preview:-1"},"canonical":"https:\/\/www.gamapa.de\/pl\/zaangazowanie-spoleczne\/zaangazowanie-sportowe\/","og_locale":"pl_PL","og_type":"article","og_title":"Zaanga\u017cowanie sportowe","og_description":"Razem w ruchu Sport \u0142\u0105czy ludzi i sprzyja sp\u00f3jno\u015bci spo\u0142ecznej \u2013 to wa\u017cny wk\u0142ad w \u017cycie spo\u0142eczno\u015bci. Poprzez nasze zaanga\u017cowanie w sektorze sportowym chcemy zar\u00f3wno dalej rozwija\u0107 zarz\u0105dzanie zdrowiem w miejscu pracy, jak i wspiera\u0107 lokalny sport wyczynowy w naszym rodzinnym mie\u015bcie, z kt\u00f3rym jeste\u015bmy \u015bci\u015ble zwi\u0105zani. Osoba kontaktowa: Powr\u00f3t do innych obszar\u00f3w, w kt\u00f3rych [\u2026]","og_url":"https:\/\/www.gamapa.de\/pl\/zaangazowanie-spoleczne\/zaangazowanie-sportowe\/","og_site_name":"GANTEF\u00dcHRER","article_modified_time":"2026-01-21T14:05:02+00:00","og_image":[{"width":2560,"height":1709,"url":"https:\/\/www.gamapa.de\/wp-content\/uploads\/2024\/12\/pexels-pavel-danilyuk-6539272-scaled.jpg","type":"image\/jpeg"}],"twitter_card":"summary_large_image","twitter_misc":{"Szacowany czas czytania":"2 minuty"},"schema":{"@context":"https:\/\/schema.org","@graph":[{"@type":"WebPage","@id":"https:\/\/www.gamapa.de\/pl\/zaangazowanie-spoleczne\/zaangazowanie-sportowe\/","url":"https:\/\/www.gamapa.de\/pl\/zaangazowanie-spoleczne\/zaangazowanie-sportowe\/","name":"Zaanga\u017cowanie sportowe","isPartOf":{"@id":"https:\/\/www.gamapa.de\/pl\/#website"},"primaryImageOfPage":{"@id":"https:\/\/www.gamapa.de\/pl\/zaangazowanie-spoleczne\/zaangazowanie-sportowe\/#primaryimage"},"image":{"@id":"https:\/\/www.gamapa.de\/pl\/zaangazowanie-spoleczne\/zaangazowanie-sportowe\/#primaryimage"},"thumbnailUrl":"https:\/\/www.gamapa.de\/wp-content\/uploads\/2024\/12\/pexels-pavel-danilyuk-6539272-scaled.jpg","datePublished":"2024-12-16T11:56:10+00:00","dateModified":"2026-01-21T14:05:02+00:00","breadcrumb":{"@id":"https:\/\/www.gamapa.de\/pl\/zaangazowanie-spoleczne\/zaangazowanie-sportowe\/#breadcrumb"},"inLanguage":"pl-PL","potentialAction":[{"@type":"ReadAction","target":["https:\/\/www.gamapa.de\/pl\/zaangazowanie-spoleczne\/zaangazowanie-sportowe\/"]}]},{"@type":"ImageObject","inLanguage":"pl-PL","@id":"https:\/\/www.gamapa.de\/pl\/zaangazowanie-spoleczne\/zaangazowanie-sportowe\/#primaryimage","url":"https:\/\/www.gamapa.de\/wp-content\/uploads\/2024\/12\/pexels-pavel-danilyuk-6539272-scaled.jpg","contentUrl":"https:\/\/www.gamapa.de\/wp-content\/uploads\/2024\/12\/pexels-pavel-danilyuk-6539272-scaled.jpg","width":2560,"height":1709},{"@type":"BreadcrumbList","@id":"https:\/\/www.gamapa.de\/pl\/zaangazowanie-spoleczne\/zaangazowanie-sportowe\/#breadcrumb","itemListElement":[{"@type":"ListItem","position":1,"name":"Startseite","item":"https:\/\/www.gamapa.de\/pl\/"},{"@type":"ListItem","position":2,"name":"Zaanga\u017cowanie spo\u0142eczne","item":"https:\/\/www.gamapa.de\/pl\/zaangazowanie-spoleczne\/"},{"@type":"ListItem","position":3,"name":"Zaanga\u017cowanie sportowe"}]},{"@type":"WebSite","@id":"https:\/\/www.gamapa.de\/pl\/#website","url":"https:\/\/www.gamapa.de\/pl\/","name":"GANTEF\u00dcHRER","description":"Wirtschaftspr\u00fcfer, Steuerberater, Rechtsanw\u00e4lte","publisher":{"@id":"https:\/\/www.gamapa.de\/pl\/#organization"},"potentialAction":[{"@type":"SearchAction","target":{"@type":"EntryPoint","urlTemplate":"https:\/\/www.gamapa.de\/pl\/?s={search_term_string}"},"query-input":{"@type":"PropertyValueSpecification","valueRequired":true,"valueName":"search_term_string"}}],"inLanguage":"pl-PL"},{"@type":"Organization","@id":"https:\/\/www.gamapa.de\/pl\/#organization","name":"Gantef\u00fchrer Wirtschaftspr\u00fcfer, Steuerberater, Rechtsanw\u00e4lte","url":"https:\/\/www.gamapa.de\/pl\/","logo":{"@type":"ImageObject","inLanguage":"pl-PL","@id":"https:\/\/www.gamapa.de\/pl\/#\/schema\/logo\/image\/","url":"https:\/\/www.gamapa.de\/wp-content\/uploads\/2026\/01\/Logo-Gantefuehrer.png","contentUrl":"https:\/\/www.gamapa.de\/wp-content\/uploads\/2026\/01\/Logo-Gantefuehrer.png","width":767,"height":156,"caption":"Gantef\u00fchrer Wirtschaftspr\u00fcfer, Steuerberater, Rechtsanw\u00e4lte"},"image":{"@id":"https:\/\/www.gamapa.de\/pl\/#\/schema\/logo\/image\/"}}]}},"uagb_featured_image_src":{"full":["https:\/\/www.gamapa.de\/wp-content\/uploads\/2024\/12\/pexels-pavel-danilyuk-6539272-scaled.jpg",2560,1709,false],"thumbnail":["https:\/\/www.gamapa.de\/wp-content\/uploads\/2024\/12\/pexels-pavel-danilyuk-6539272-150x150.jpg",150,150,true],"medium":["https:\/\/www.gamapa.de\/wp-content\/uploads\/2024\/12\/pexels-pavel-danilyuk-6539272-600x401.jpg",600,401,true],"medium_large":["https:\/\/www.gamapa.de\/wp-content\/uploads\/2024\/12\/pexels-pavel-danilyuk-6539272-768x513.jpg",580,387,true],"large":["https:\/\/www.gamapa.de\/wp-content\/uploads\/2024\/12\/pexels-pavel-danilyuk-6539272-2397x1600.jpg",580,387,true],"gs-tiny":["https:\/\/www.gamapa.de\/wp-content\/uploads\/2024\/12\/pexels-pavel-danilyuk-6539272-50x33.jpg",50,33,true],"xl":["https:\/\/www.gamapa.de\/wp-content\/uploads\/2024\/12\/pexels-pavel-danilyuk-6539272-1600x1068.jpg",1600,1068,true],"xxl":["https:\/\/www.gamapa.de\/wp-content\/uploads\/2024\/12\/pexels-pavel-danilyuk-6539272-2200x1469.jpg",2200,1469,true],"xxxl":["https:\/\/www.gamapa.de\/wp-content\/uploads\/2024\/12\/pexels-pavel-danilyuk-6539272-2800x1869.jpg",2800,1869,true],"xxxxl":["https:\/\/www.gamapa.de\/wp-content\/uploads\/2024\/12\/pexels-pavel-danilyuk-6539272-3400x2270.jpg",3400,2270,true],"xxxxxl":["https:\/\/www.gamapa.de\/wp-content\/uploads\/2024\/12\/pexels-pavel-danilyuk-6539272-4000x2670.jpg",4000,2670,true],"1536x1536":["https:\/\/www.gamapa.de\/wp-content\/uploads\/2024\/12\/pexels-pavel-danilyuk-6539272-1536x1025.jpg",1536,1025,true],"2048x2048":["https:\/\/www.gamapa.de\/wp-content\/uploads\/2024\/12\/pexels-pavel-danilyuk-6539272-2048x1367.jpg",2048,1367,true],"post-thumbnail":["https:\/\/www.gamapa.de\/wp-content\/uploads\/2024\/12\/pexels-pavel-danilyuk-6539272-2697x1800.jpg",2697,1800,true],"twentytwenty-fullscreen":["https:\/\/www.gamapa.de\/wp-content\/uploads\/2024\/12\/pexels-pavel-danilyuk-6539272-2880x1922.jpg",2880,1922,true],"theme-slug-single-post":["https:\/\/www.gamapa.de\/wp-content\/uploads\/2024\/12\/pexels-pavel-danilyuk-6539272-1600x400.jpg",1600,400,true]},"uagb_author_info":{"display_name":"ninasenft","author_link":"https:\/\/www.gamapa.de\/pl\/author\/ninasenft\/"},"uagb_comment_info":0,"uagb_excerpt":"Razem w ruchu Sport \u0142\u0105czy ludzi i sprzyja sp\u00f3jno\u015bci spo\u0142ecznej \u2013 to wa\u017cny wk\u0142ad w \u017cycie spo\u0142eczno\u015bci. Poprzez nasze zaanga\u017cowanie w sektorze sportowym chcemy zar\u00f3wno dalej rozwija\u0107 zarz\u0105dzanie zdrowiem w miejscu pracy, jak i wspiera\u0107 lokalny sport wyczynowy w naszym rodzinnym mie\u015bcie, z kt\u00f3rym jeste\u015bmy \u015bci\u015ble zwi\u0105zani. Osoba kontaktowa: Powr\u00f3t do innych obszar\u00f3w, w kt\u00f3rych&hellip;","_links":{"self":[{"href":"https:\/\/www.gamapa.de\/pl\/wp-json\/wp\/v2\/pages\/23758","targetHints":{"allow":["GET"]}}],"collection":[{"href":"https:\/\/www.gamapa.de\/pl\/wp-json\/wp\/v2\/pages"}],"about":[{"href":"https:\/\/www.gamapa.de\/pl\/wp-json\/wp\/v2\/types\/page"}],"author":[{"embeddable":true,"href":"https:\/\/www.gamapa.de\/pl\/wp-json\/wp\/v2\/users\/11"}],"replies":[{"embeddable":true,"href":"https:\/\/www.gamapa.de\/pl\/wp-json\/wp\/v2\/comments?post=23758"}],"version-history":[{"count":3,"href":"https:\/\/www.gamapa.de\/pl\/wp-json\/wp\/v2\/pages\/23758\/revisions"}],"predecessor-version":[{"id":23771,"href":"https:\/\/www.gamapa.de\/pl\/wp-json\/wp\/v2\/pages\/23758\/revisions\/23771"}],"up":[{"embeddable":true,"href":"https:\/\/www.gamapa.de\/pl\/wp-json\/wp\/v2\/pages\/23596"}],"wp:featuredmedia":[{"embeddable":true,"href":"https:\/\/www.gamapa.de\/pl\/wp-json\/wp\/v2\/media\/17194"}],"wp:attachment":[{"href":"https:\/\/www.gamapa.de\/pl\/wp-json\/wp\/v2\/media?parent=23758"}],"curies":[{"name":"wp","href":"https:\/\/api.w.org\/{rel}","templated":true}]}}