

{"id":24684,"date":"2026-04-01T11:58:47","date_gmt":"2026-04-01T09:58:47","guid":{"rendered":"https:\/\/www.gamapa.de\/doradcy\/rebecca-richrath-steuerberaterin\/"},"modified":"2026-04-21T08:20:34","modified_gmt":"2026-04-21T06:20:34","slug":"rebecca-richrath-steuerberaterin","status":"publish","type":"page","link":"https:\/\/www.gamapa.de\/pl\/doradcy\/rebecca-richrath-steuerberaterin\/","title":{"rendered":"Rebecca Richrath"},"content":{"rendered":"\n<h3 class=\"wp-block-heading\">T\u00e4tigkeitsschwerpunkte<\/h3>\n\n\n\n<ul class=\"wp-block-list\">\n<li>Steuerliche Beratung von Unternehmen der Versicherungsbranche<\/li>\n\n\n\n<li>Investmentsteuerrecht <\/li>\n\n\n\n<li>pauschale Lohnsteuer<\/li>\n<\/ul>\n\n\n\n<h3 class=\"wp-block-heading\">Werdegang<\/h3>\n\n\n\n<figure class=\"wp-block-table tablist\"><table><tbody><tr><td>2018-2021<\/td><td>Hochschule f\u00fcr Finanzen des Landes NRW, Nordkirchen<\/td><\/tr><tr><td>2021-2023<\/td><td>T\u00e4tigkeit im gehobenen Dienst der Finanzverwaltung NRW<\/td><\/tr><tr><td>2022-2025<\/td><td>Masterstudium Steuerrecht (M.A.) bei der Hochschule Aalen<\/td><\/tr><tr><td>2023-2024<\/td><td>T\u00e4tigkeit im gehobenen Dienst der Stadt Remscheid<\/td><\/tr><tr><td>2024-2026<\/td><td>Steuerassistentin bei Dr. Gantef\u00fchrer, Marquardt &amp; Partner<\/td><\/tr><tr><td>2026<\/td><td>Bestellung zur Steuerberaterin<\/td><\/tr><tr><td>seit 2026<\/td><td>Steuerberaterin bei bei Dr. Gantef\u00fchrer, Marquardt &amp; Partner<\/td><\/tr><\/tbody><\/table><\/figure>\n\n\n\n<h3 class=\"wp-block-heading\">Branchen<\/h3>\n\n\n\n<ul class=\"wp-block-list\">\n<li>Versicherungsbranche (Schaden\/Unfall-Versicherungen, Lebensversicherungen,&nbsp; Pensionskassen, Versorgungskassen,&nbsp; Pensionsfonds, Versicherungsmakler)<br>&nbsp; <\/li>\n<\/ul>\n\n\n\n<h3 class=\"wp-block-heading\"><\/h3>\n\n\n\n<div class=\"wp-block-buttons is-layout-flex wp-block-buttons-is-layout-flex\">\n<div class=\"wp-block-button zurueck\"><a class=\"wp-block-button__link wp-element-button\" href=\"https:\/\/www.gamapa.de\/pl\/doradcy\/\">Zur\u00fcck<\/a><\/div>\n<\/div>\n","protected":false},"excerpt":{"rendered":"<p>T\u00e4tigkeitsschwerpunkte Werdegang 2018-2021 Hochschule f\u00fcr Finanzen des Landes NRW, Nordkirchen 2021-2023 T\u00e4tigkeit im gehobenen Dienst der Finanzverwaltung NRW 2022-2025 Masterstudium Steuerrecht (M.A.) bei der Hochschule Aalen 2023-2024 T\u00e4tigkeit im gehobenen Dienst der Stadt Remscheid 2024-2026 Steuerassistentin bei Dr. Gantef\u00fchrer, Marquardt &amp; Partner 2026 Bestellung zur Steuerberaterin seit 2026 Steuerberaterin bei bei Dr. Gantef\u00fchrer, Marquardt &amp; <a href=\"https:\/\/www.gamapa.de\/pl\/doradcy\/rebecca-richrath-steuerberaterin\/\">[\u2026]<\/a><\/p>\n","protected":false},"author":1,"featured_media":24737,"parent":5643,"menu_order":0,"comment_status":"closed","ping_status":"closed","template":"templates\/template-Profil.php","meta":{"_acf_changed":false,"_uag_custom_page_level_css":"","footnotes":""},"class_list":["post-24684","page","type-page","status-publish","has-post-thumbnail","hentry"],"acf":[],"yoast_head":"<!-- This site is optimized with the Yoast SEO plugin v27.5 - https:\/\/yoast.com\/product\/yoast-seo-wordpress\/ -->\n<title>Rebecca Richrath | Dr. Gantef\u00fchrer, Marquardt &amp; Partner mbB<\/title>\n<meta name=\"robots\" content=\"index, follow, max-snippet:-1, max-image-preview:large, max-video-preview:-1\" \/>\n<link rel=\"canonical\" href=\"https:\/\/www.gamapa.de\/pl\/doradcy\/rebecca-richrath-steuerberaterin\/\" \/>\n<meta property=\"og:locale\" content=\"pl_PL\" \/>\n<meta property=\"og:type\" content=\"article\" \/>\n<meta property=\"og:title\" content=\"Rebecca Richrath | Dr. Gantef\u00fchrer, Marquardt &amp; Partner mbB\" \/>\n<meta property=\"og:description\" content=\"T\u00e4tigkeitsschwerpunkte Werdegang 2018-2021 Hochschule f\u00fcr Finanzen des Landes NRW, Nordkirchen 2021-2023 T\u00e4tigkeit im gehobenen Dienst der Finanzverwaltung NRW 2022-2025 Masterstudium Steuerrecht (M.A.) bei der Hochschule Aalen 2023-2024 T\u00e4tigkeit im gehobenen Dienst der Stadt Remscheid 2024-2026 Steuerassistentin bei Dr. Gantef\u00fchrer, Marquardt &amp; Partner 2026 Bestellung zur Steuerberaterin seit 2026 Steuerberaterin bei bei Dr. Gantef\u00fchrer, Marquardt &amp; [\u2026]\" \/>\n<meta property=\"og:url\" content=\"https:\/\/www.gamapa.de\/pl\/doradcy\/rebecca-richrath-steuerberaterin\/\" \/>\n<meta property=\"og:site_name\" content=\"GANTEF\u00dcHRER\" \/>\n<meta property=\"article:modified_time\" content=\"2026-04-21T06:20:34+00:00\" \/>\n<meta property=\"og:image\" content=\"https:\/\/www.gamapa.de\/wp-content\/uploads\/2026\/04\/Richrath_2.jpg\" \/>\n\t<meta property=\"og:image:width\" content=\"1369\" \/>\n\t<meta property=\"og:image:height\" content=\"817\" \/>\n\t<meta property=\"og:image:type\" content=\"image\/jpeg\" \/>\n<meta name=\"twitter:card\" content=\"summary_large_image\" \/>\n<script type=\"application\/ld+json\" class=\"yoast-schema-graph\">{\"@context\":\"https:\\\/\\\/schema.org\",\"@graph\":[{\"@type\":\"WebPage\",\"@id\":\"https:\\\/\\\/www.gamapa.de\\\/pl\\\/doradcy\\\/rebecca-richrath-steuerberaterin\\\/\",\"url\":\"https:\\\/\\\/www.gamapa.de\\\/pl\\\/doradcy\\\/rebecca-richrath-steuerberaterin\\\/\",\"name\":\"Rebecca Richrath | Dr. Gantef\u00fchrer, Marquardt & Partner mbB\",\"isPartOf\":{\"@id\":\"https:\\\/\\\/www.gamapa.de\\\/pl\\\/#website\"},\"primaryImageOfPage\":{\"@id\":\"https:\\\/\\\/www.gamapa.de\\\/pl\\\/doradcy\\\/rebecca-richrath-steuerberaterin\\\/#primaryimage\"},\"image\":{\"@id\":\"https:\\\/\\\/www.gamapa.de\\\/pl\\\/doradcy\\\/rebecca-richrath-steuerberaterin\\\/#primaryimage\"},\"thumbnailUrl\":\"https:\\\/\\\/www.gamapa.de\\\/wp-content\\\/uploads\\\/2026\\\/04\\\/Richrath_2.jpg\",\"datePublished\":\"2026-04-01T09:58:47+00:00\",\"dateModified\":\"2026-04-21T06:20:34+00:00\",\"breadcrumb\":{\"@id\":\"https:\\\/\\\/www.gamapa.de\\\/pl\\\/doradcy\\\/rebecca-richrath-steuerberaterin\\\/#breadcrumb\"},\"inLanguage\":\"pl-PL\",\"potentialAction\":[{\"@type\":\"ReadAction\",\"target\":[\"https:\\\/\\\/www.gamapa.de\\\/pl\\\/doradcy\\\/rebecca-richrath-steuerberaterin\\\/\"]}]},{\"@type\":\"ImageObject\",\"inLanguage\":\"pl-PL\",\"@id\":\"https:\\\/\\\/www.gamapa.de\\\/pl\\\/doradcy\\\/rebecca-richrath-steuerberaterin\\\/#primaryimage\",\"url\":\"https:\\\/\\\/www.gamapa.de\\\/wp-content\\\/uploads\\\/2026\\\/04\\\/Richrath_2.jpg\",\"contentUrl\":\"https:\\\/\\\/www.gamapa.de\\\/wp-content\\\/uploads\\\/2026\\\/04\\\/Richrath_2.jpg\",\"width\":1369,\"height\":817},{\"@type\":\"BreadcrumbList\",\"@id\":\"https:\\\/\\\/www.gamapa.de\\\/pl\\\/doradcy\\\/rebecca-richrath-steuerberaterin\\\/#breadcrumb\",\"itemListElement\":[{\"@type\":\"ListItem\",\"position\":1,\"name\":\"Startseite\",\"item\":\"https:\\\/\\\/www.gamapa.de\\\/pl\\\/\"},{\"@type\":\"ListItem\",\"position\":2,\"name\":\"Nasi specjali\u015bci\",\"item\":\"https:\\\/\\\/www.gamapa.de\\\/pl\\\/doradcy\\\/\"},{\"@type\":\"ListItem\",\"position\":3,\"name\":\"Rebecca Richrath\"}]},{\"@type\":\"WebSite\",\"@id\":\"https:\\\/\\\/www.gamapa.de\\\/pl\\\/#website\",\"url\":\"https:\\\/\\\/www.gamapa.de\\\/pl\\\/\",\"name\":\"GANTEF\u00dcHRER\",\"description\":\"Wirtschaftspr\u00fcfer, Steuerberater, Rechtsanw\u00e4lte\",\"publisher\":{\"@id\":\"https:\\\/\\\/www.gamapa.de\\\/pl\\\/#organization\"},\"potentialAction\":[{\"@type\":\"SearchAction\",\"target\":{\"@type\":\"EntryPoint\",\"urlTemplate\":\"https:\\\/\\\/www.gamapa.de\\\/pl\\\/?s={search_term_string}\"},\"query-input\":{\"@type\":\"PropertyValueSpecification\",\"valueRequired\":true,\"valueName\":\"search_term_string\"}}],\"inLanguage\":\"pl-PL\"},{\"@type\":\"Organization\",\"@id\":\"https:\\\/\\\/www.gamapa.de\\\/pl\\\/#organization\",\"name\":\"Gantef\u00fchrer Wirtschaftspr\u00fcfer, Steuerberater, Rechtsanw\u00e4lte\",\"url\":\"https:\\\/\\\/www.gamapa.de\\\/pl\\\/\",\"logo\":{\"@type\":\"ImageObject\",\"inLanguage\":\"pl-PL\",\"@id\":\"https:\\\/\\\/www.gamapa.de\\\/pl\\\/#\\\/schema\\\/logo\\\/image\\\/\",\"url\":\"https:\\\/\\\/www.gamapa.de\\\/wp-content\\\/uploads\\\/2026\\\/01\\\/Logo-Gantefuehrer.png\",\"contentUrl\":\"https:\\\/\\\/www.gamapa.de\\\/wp-content\\\/uploads\\\/2026\\\/01\\\/Logo-Gantefuehrer.png\",\"width\":767,\"height\":156,\"caption\":\"Gantef\u00fchrer Wirtschaftspr\u00fcfer, Steuerberater, Rechtsanw\u00e4lte\"},\"image\":{\"@id\":\"https:\\\/\\\/www.gamapa.de\\\/pl\\\/#\\\/schema\\\/logo\\\/image\\\/\"}}]}<\/script>\n<!-- \/ Yoast SEO plugin. -->","yoast_head_json":{"title":"Rebecca Richrath | Dr. Gantef\u00fchrer, Marquardt & Partner mbB","robots":{"index":"index","follow":"follow","max-snippet":"max-snippet:-1","max-image-preview":"max-image-preview:large","max-video-preview":"max-video-preview:-1"},"canonical":"https:\/\/www.gamapa.de\/pl\/doradcy\/rebecca-richrath-steuerberaterin\/","og_locale":"pl_PL","og_type":"article","og_title":"Rebecca Richrath | Dr. Gantef\u00fchrer, Marquardt & Partner mbB","og_description":"T\u00e4tigkeitsschwerpunkte Werdegang 2018-2021 Hochschule f\u00fcr Finanzen des Landes NRW, Nordkirchen 2021-2023 T\u00e4tigkeit im gehobenen Dienst der Finanzverwaltung NRW 2022-2025 Masterstudium Steuerrecht (M.A.) bei der Hochschule Aalen 2023-2024 T\u00e4tigkeit im gehobenen Dienst der Stadt Remscheid 2024-2026 Steuerassistentin bei Dr. Gantef\u00fchrer, Marquardt &amp; Partner 2026 Bestellung zur Steuerberaterin seit 2026 Steuerberaterin bei bei Dr. Gantef\u00fchrer, Marquardt &amp; [\u2026]","og_url":"https:\/\/www.gamapa.de\/pl\/doradcy\/rebecca-richrath-steuerberaterin\/","og_site_name":"GANTEF\u00dcHRER","article_modified_time":"2026-04-21T06:20:34+00:00","og_image":[{"width":1369,"height":817,"url":"https:\/\/www.gamapa.de\/wp-content\/uploads\/2026\/04\/Richrath_2.jpg","type":"image\/jpeg"}],"twitter_card":"summary_large_image","schema":{"@context":"https:\/\/schema.org","@graph":[{"@type":"WebPage","@id":"https:\/\/www.gamapa.de\/pl\/doradcy\/rebecca-richrath-steuerberaterin\/","url":"https:\/\/www.gamapa.de\/pl\/doradcy\/rebecca-richrath-steuerberaterin\/","name":"Rebecca Richrath | Dr. Gantef\u00fchrer, Marquardt & Partner mbB","isPartOf":{"@id":"https:\/\/www.gamapa.de\/pl\/#website"},"primaryImageOfPage":{"@id":"https:\/\/www.gamapa.de\/pl\/doradcy\/rebecca-richrath-steuerberaterin\/#primaryimage"},"image":{"@id":"https:\/\/www.gamapa.de\/pl\/doradcy\/rebecca-richrath-steuerberaterin\/#primaryimage"},"thumbnailUrl":"https:\/\/www.gamapa.de\/wp-content\/uploads\/2026\/04\/Richrath_2.jpg","datePublished":"2026-04-01T09:58:47+00:00","dateModified":"2026-04-21T06:20:34+00:00","breadcrumb":{"@id":"https:\/\/www.gamapa.de\/pl\/doradcy\/rebecca-richrath-steuerberaterin\/#breadcrumb"},"inLanguage":"pl-PL","potentialAction":[{"@type":"ReadAction","target":["https:\/\/www.gamapa.de\/pl\/doradcy\/rebecca-richrath-steuerberaterin\/"]}]},{"@type":"ImageObject","inLanguage":"pl-PL","@id":"https:\/\/www.gamapa.de\/pl\/doradcy\/rebecca-richrath-steuerberaterin\/#primaryimage","url":"https:\/\/www.gamapa.de\/wp-content\/uploads\/2026\/04\/Richrath_2.jpg","contentUrl":"https:\/\/www.gamapa.de\/wp-content\/uploads\/2026\/04\/Richrath_2.jpg","width":1369,"height":817},{"@type":"BreadcrumbList","@id":"https:\/\/www.gamapa.de\/pl\/doradcy\/rebecca-richrath-steuerberaterin\/#breadcrumb","itemListElement":[{"@type":"ListItem","position":1,"name":"Startseite","item":"https:\/\/www.gamapa.de\/pl\/"},{"@type":"ListItem","position":2,"name":"Nasi specjali\u015bci","item":"https:\/\/www.gamapa.de\/pl\/doradcy\/"},{"@type":"ListItem","position":3,"name":"Rebecca Richrath"}]},{"@type":"WebSite","@id":"https:\/\/www.gamapa.de\/pl\/#website","url":"https:\/\/www.gamapa.de\/pl\/","name":"GANTEF\u00dcHRER","description":"Wirtschaftspr\u00fcfer, Steuerberater, Rechtsanw\u00e4lte","publisher":{"@id":"https:\/\/www.gamapa.de\/pl\/#organization"},"potentialAction":[{"@type":"SearchAction","target":{"@type":"EntryPoint","urlTemplate":"https:\/\/www.gamapa.de\/pl\/?s={search_term_string}"},"query-input":{"@type":"PropertyValueSpecification","valueRequired":true,"valueName":"search_term_string"}}],"inLanguage":"pl-PL"},{"@type":"Organization","@id":"https:\/\/www.gamapa.de\/pl\/#organization","name":"Gantef\u00fchrer Wirtschaftspr\u00fcfer, Steuerberater, Rechtsanw\u00e4lte","url":"https:\/\/www.gamapa.de\/pl\/","logo":{"@type":"ImageObject","inLanguage":"pl-PL","@id":"https:\/\/www.gamapa.de\/pl\/#\/schema\/logo\/image\/","url":"https:\/\/www.gamapa.de\/wp-content\/uploads\/2026\/01\/Logo-Gantefuehrer.png","contentUrl":"https:\/\/www.gamapa.de\/wp-content\/uploads\/2026\/01\/Logo-Gantefuehrer.png","width":767,"height":156,"caption":"Gantef\u00fchrer Wirtschaftspr\u00fcfer, Steuerberater, Rechtsanw\u00e4lte"},"image":{"@id":"https:\/\/www.gamapa.de\/pl\/#\/schema\/logo\/image\/"}}]}},"uagb_featured_image_src":{"full":["https:\/\/www.gamapa.de\/wp-content\/uploads\/2026\/04\/Richrath_2.jpg",1369,817,false],"thumbnail":["https:\/\/www.gamapa.de\/wp-content\/uploads\/2026\/04\/Richrath_2-150x150.jpg",150,150,true],"medium":["https:\/\/www.gamapa.de\/wp-content\/uploads\/2026\/04\/Richrath_2-600x358.jpg",600,358,true],"medium_large":["https:\/\/www.gamapa.de\/wp-content\/uploads\/2026\/04\/Richrath_2-768x458.jpg",580,346,true],"large":["https:\/\/www.gamapa.de\/wp-content\/uploads\/2026\/04\/Richrath_2.jpg",580,346,false],"gs-tiny":["https:\/\/www.gamapa.de\/wp-content\/uploads\/2026\/04\/Richrath_2-50x30.jpg",50,30,true],"xl":["https:\/\/www.gamapa.de\/wp-content\/uploads\/2026\/04\/Richrath_2.jpg",1369,817,false],"xxl":["https:\/\/www.gamapa.de\/wp-content\/uploads\/2026\/04\/Richrath_2.jpg",1369,817,false],"xxxl":["https:\/\/www.gamapa.de\/wp-content\/uploads\/2026\/04\/Richrath_2.jpg",1369,817,false],"xxxxl":["https:\/\/www.gamapa.de\/wp-content\/uploads\/2026\/04\/Richrath_2.jpg",1369,817,false],"xxxxxl":["https:\/\/www.gamapa.de\/wp-content\/uploads\/2026\/04\/Richrath_2.jpg",1369,817,false],"1536x1536":["https:\/\/www.gamapa.de\/wp-content\/uploads\/2026\/04\/Richrath_2.jpg",1369,817,false],"2048x2048":["https:\/\/www.gamapa.de\/wp-content\/uploads\/2026\/04\/Richrath_2.jpg",1369,817,false],"post-thumbnail":["https:\/\/www.gamapa.de\/wp-content\/uploads\/2026\/04\/Richrath_2.jpg",1369,817,false],"twentytwenty-fullscreen":["https:\/\/www.gamapa.de\/wp-content\/uploads\/2026\/04\/Richrath_2.jpg",1369,817,false],"theme-slug-single-post":["https:\/\/www.gamapa.de\/wp-content\/uploads\/2026\/04\/Richrath_2-1369x400.jpg",1369,400,true]},"uagb_author_info":{"display_name":"linda","author_link":"https:\/\/www.gamapa.de\/pl\/author\/linda\/"},"uagb_comment_info":0,"uagb_excerpt":"T\u00e4tigkeitsschwerpunkte Werdegang 2018-2021 Hochschule f\u00fcr Finanzen des Landes NRW, Nordkirchen 2021-2023 T\u00e4tigkeit im gehobenen Dienst der Finanzverwaltung NRW 2022-2025 Masterstudium Steuerrecht (M.A.) bei der Hochschule Aalen 2023-2024 T\u00e4tigkeit im gehobenen Dienst der Stadt Remscheid 2024-2026 Steuerassistentin bei Dr. Gantef\u00fchrer, Marquardt &amp; Partner 2026 Bestellung zur Steuerberaterin seit 2026 Steuerberaterin bei bei Dr. Gantef\u00fchrer, Marquardt &amp;&hellip;","_links":{"self":[{"href":"https:\/\/www.gamapa.de\/pl\/wp-json\/wp\/v2\/pages\/24684","targetHints":{"allow":["GET"]}}],"collection":[{"href":"https:\/\/www.gamapa.de\/pl\/wp-json\/wp\/v2\/pages"}],"about":[{"href":"https:\/\/www.gamapa.de\/pl\/wp-json\/wp\/v2\/types\/page"}],"author":[{"embeddable":true,"href":"https:\/\/www.gamapa.de\/pl\/wp-json\/wp\/v2\/users\/1"}],"replies":[{"embeddable":true,"href":"https:\/\/www.gamapa.de\/pl\/wp-json\/wp\/v2\/comments?post=24684"}],"version-history":[{"count":7,"href":"https:\/\/www.gamapa.de\/pl\/wp-json\/wp\/v2\/pages\/24684\/revisions"}],"predecessor-version":[{"id":24853,"href":"https:\/\/www.gamapa.de\/pl\/wp-json\/wp\/v2\/pages\/24684\/revisions\/24853"}],"up":[{"embeddable":true,"href":"https:\/\/www.gamapa.de\/pl\/wp-json\/wp\/v2\/pages\/5643"}],"wp:featuredmedia":[{"embeddable":true,"href":"https:\/\/www.gamapa.de\/pl\/wp-json\/wp\/v2\/media\/24737"}],"wp:attachment":[{"href":"https:\/\/www.gamapa.de\/pl\/wp-json\/wp\/v2\/media?parent=24684"}],"curies":[{"name":"wp","href":"https:\/\/api.w.org\/{rel}","templated":true}]}}