

{"id":4654,"date":"2020-08-29T19:10:08","date_gmt":"2020-08-29T17:10:08","guid":{"rendered":"https:\/\/www.gamapa.de\/julia-gerland-steuerberaterin\/"},"modified":"2025-07-10T08:55:38","modified_gmt":"2025-07-10T06:55:38","slug":"julia-gerland-doradca-podatkowy","status":"publish","type":"page","link":"https:\/\/www.gamapa.de\/pl\/doradcy\/julia-gerland-doradca-podatkowy\/","title":{"rendered":"Julia Gerland"},"content":{"rendered":"\n<h3 class=\"wp-block-heading\">Specjalizacje<\/h3>\n\n\n\n<ul class=\"wp-block-list\"><li>Interdyscyplinarne doradztwo dla ma\u0142ych i \u015brednich przedsi\u0119biorstw<\/li><li>Sporz\u0105dzanie rocznych sprawozda\u0144 finansowych, podatek od os\u00f3b prawnych<\/li><li>Mi\u0119dzynarodowe prawo podatkowe<\/li><li>Organizacje po\u017cytku publicznego<\/li><\/ul>\n\n\n\n<h3 class=\"wp-block-heading\">Przebieg kariery zawodowej<\/h3>\n\n\n\n<figure class=\"wp-block-table tablist\"><table><tbody><tr><td>1992\u20131997<\/td><td>Uniwersytet w Getyndze<\/td><\/tr><tr><td>1998\u20132005<\/td><td>Mazars, D\u00fcsseldorf<\/td><\/tr><tr><td>2002<\/td><td>Uzyskanie uprawnie\u0144 doradcy podatkowego<\/td><\/tr><tr><td>2005\u20132008<\/td><td>Wychowanie dzieci<\/td><\/tr><tr><td>2009\u2013 2013<\/td><td>Doradca podatkowy w Quadrilog Beratergruppe, Solingen<\/td><\/tr><tr><td>2013\u20132017<\/td><td>Pobyt za granic\u0105 (Belgia) z rodzin\u0105<\/td><\/tr><tr><td>2017<\/td><td>Uzyskanie \u201eCertificat en fiscalit\u00e9 europ\u00e9enne et internationale\u201d, \u00c9cole Sup\u00e9rieure des Sciences Fiscales (ESSF), Bruksela<\/td><\/tr><tr><td>od 2018<\/td><td>Doradca podatkowy w kancelarii Dr. Gantef\u00fchrer, Marquardt &amp; Partner<\/td><\/tr><\/tbody><\/table><\/figure>\n\n\n\n<h3 class=\"wp-block-heading\">Obs\u0142ugiwane bran\u017ce<\/h3>\n\n\n\n<ul class=\"wp-block-list\"><li>Ma\u0142e i \u015brednie przedsi\u0119biorstwa z r\u00f3\u017cnych bran\u017c<\/li><li>Fundacje i organizacje po\u017cytku publicznego<\/li><li>Inwestorzy prywatni<\/li><\/ul>\n\n\n\n\n\n<div class=\"wp-block-button zurueck\"><a class=\"wp-block-button__link\" href=\"https:\/\/www.gamapa.de\/pl\/doradcy\/\">wstecz<\/a><\/div>\n\n\n\n<p><\/p>\n","protected":false},"excerpt":{"rendered":"<p>Specjalizacje Interdyscyplinarne doradztwo dla ma\u0142ych i \u015brednich przedsi\u0119biorstw Sporz\u0105dzanie rocznych sprawozda\u0144 finansowych, podatek od os\u00f3b prawnych Mi\u0119dzynarodowe prawo podatkowe Organizacje po\u017cytku publicznego Przebieg kariery zawodowej 1992\u20131997 Uniwersytet w Getyndze 1998\u20132005 Mazars, D\u00fcsseldorf 2002 Uzyskanie uprawnie\u0144 doradcy podatkowego 2005\u20132008 Wychowanie dzieci 2009\u2013 2013 Doradca podatkowy w Quadrilog Beratergruppe, Solingen 2013\u20132017 Pobyt za granic\u0105 (Belgia) z rodzin\u0105 <a href=\"https:\/\/www.gamapa.de\/pl\/doradcy\/julia-gerland-doradca-podatkowy\/\">[\u2026]<\/a><\/p>\n","protected":false},"author":1,"featured_media":9501,"parent":5643,"menu_order":56,"comment_status":"closed","ping_status":"closed","template":"templates\/template-Profil.php","meta":{"_acf_changed":false,"_uag_custom_page_level_css":"","footnotes":""},"class_list":["post-4654","page","type-page","status-publish","has-post-thumbnail","hentry"],"acf":[],"yoast_head":"<!-- This site is optimized with the Yoast SEO plugin v27.3 - https:\/\/yoast.com\/product\/yoast-seo-wordpress\/ -->\n<title>Julia Gerland - GANTEF\u00dcHRER<\/title>\n<meta name=\"robots\" content=\"index, follow, max-snippet:-1, max-image-preview:large, max-video-preview:-1\" \/>\n<link rel=\"canonical\" href=\"https:\/\/www.gamapa.de\/pl\/doradcy\/julia-gerland-doradca-podatkowy\/\" \/>\n<meta property=\"og:locale\" content=\"pl_PL\" \/>\n<meta property=\"og:type\" content=\"article\" \/>\n<meta property=\"og:title\" content=\"Julia Gerland - GANTEF\u00dcHRER\" \/>\n<meta property=\"og:description\" content=\"Specjalizacje Interdyscyplinarne doradztwo dla ma\u0142ych i \u015brednich przedsi\u0119biorstw Sporz\u0105dzanie rocznych sprawozda\u0144 finansowych, podatek od os\u00f3b prawnych Mi\u0119dzynarodowe prawo podatkowe Organizacje po\u017cytku publicznego Przebieg kariery zawodowej 1992\u20131997 Uniwersytet w Getyndze 1998\u20132005 Mazars, D\u00fcsseldorf 2002 Uzyskanie uprawnie\u0144 doradcy podatkowego 2005\u20132008 Wychowanie dzieci 2009\u2013 2013 Doradca podatkowy w Quadrilog Beratergruppe, Solingen 2013\u20132017 Pobyt za granic\u0105 (Belgia) z rodzin\u0105 [\u2026]\" \/>\n<meta property=\"og:url\" content=\"https:\/\/www.gamapa.de\/pl\/doradcy\/julia-gerland-doradca-podatkowy\/\" \/>\n<meta property=\"og:site_name\" content=\"GANTEF\u00dcHRER\" \/>\n<meta property=\"article:modified_time\" content=\"2025-07-10T06:55:38+00:00\" \/>\n<meta property=\"og:image\" content=\"https:\/\/www.gamapa.de\/wp-content\/uploads\/2021\/10\/Julia-Gerland_2.jpg\" \/>\n\t<meta property=\"og:image:width\" content=\"1440\" \/>\n\t<meta property=\"og:image:height\" content=\"859\" \/>\n\t<meta property=\"og:image:type\" content=\"image\/jpeg\" \/>\n<meta name=\"twitter:card\" content=\"summary_large_image\" \/>\n<meta name=\"twitter:label1\" content=\"Szacowany czas czytania\" \/>\n\t<meta name=\"twitter:data1\" content=\"1 minuta\" \/>\n<script type=\"application\/ld+json\" class=\"yoast-schema-graph\">{\"@context\":\"https:\\\/\\\/schema.org\",\"@graph\":[{\"@type\":\"WebPage\",\"@id\":\"https:\\\/\\\/www.gamapa.de\\\/pl\\\/doradcy\\\/julia-gerland-doradca-podatkowy\\\/\",\"url\":\"https:\\\/\\\/www.gamapa.de\\\/pl\\\/doradcy\\\/julia-gerland-doradca-podatkowy\\\/\",\"name\":\"Julia Gerland - GANTEF\u00dcHRER\",\"isPartOf\":{\"@id\":\"https:\\\/\\\/www.gamapa.de\\\/pl\\\/#website\"},\"primaryImageOfPage\":{\"@id\":\"https:\\\/\\\/www.gamapa.de\\\/pl\\\/doradcy\\\/julia-gerland-doradca-podatkowy\\\/#primaryimage\"},\"image\":{\"@id\":\"https:\\\/\\\/www.gamapa.de\\\/pl\\\/doradcy\\\/julia-gerland-doradca-podatkowy\\\/#primaryimage\"},\"thumbnailUrl\":\"https:\\\/\\\/www.gamapa.de\\\/wp-content\\\/uploads\\\/2021\\\/10\\\/Julia-Gerland_2.jpg\",\"datePublished\":\"2020-08-29T17:10:08+00:00\",\"dateModified\":\"2025-07-10T06:55:38+00:00\",\"breadcrumb\":{\"@id\":\"https:\\\/\\\/www.gamapa.de\\\/pl\\\/doradcy\\\/julia-gerland-doradca-podatkowy\\\/#breadcrumb\"},\"inLanguage\":\"pl-PL\",\"potentialAction\":[{\"@type\":\"ReadAction\",\"target\":[\"https:\\\/\\\/www.gamapa.de\\\/pl\\\/doradcy\\\/julia-gerland-doradca-podatkowy\\\/\"]}]},{\"@type\":\"ImageObject\",\"inLanguage\":\"pl-PL\",\"@id\":\"https:\\\/\\\/www.gamapa.de\\\/pl\\\/doradcy\\\/julia-gerland-doradca-podatkowy\\\/#primaryimage\",\"url\":\"https:\\\/\\\/www.gamapa.de\\\/wp-content\\\/uploads\\\/2021\\\/10\\\/Julia-Gerland_2.jpg\",\"contentUrl\":\"https:\\\/\\\/www.gamapa.de\\\/wp-content\\\/uploads\\\/2021\\\/10\\\/Julia-Gerland_2.jpg\",\"width\":1440,\"height\":859,\"caption\":\"Julia Gerland, Steuerberaterin\"},{\"@type\":\"BreadcrumbList\",\"@id\":\"https:\\\/\\\/www.gamapa.de\\\/pl\\\/doradcy\\\/julia-gerland-doradca-podatkowy\\\/#breadcrumb\",\"itemListElement\":[{\"@type\":\"ListItem\",\"position\":1,\"name\":\"Startseite\",\"item\":\"https:\\\/\\\/www.gamapa.de\\\/pl\\\/\"},{\"@type\":\"ListItem\",\"position\":2,\"name\":\"Nasi specjali\u015bci\",\"item\":\"https:\\\/\\\/www.gamapa.de\\\/pl\\\/doradcy\\\/\"},{\"@type\":\"ListItem\",\"position\":3,\"name\":\"Julia Gerland\"}]},{\"@type\":\"WebSite\",\"@id\":\"https:\\\/\\\/www.gamapa.de\\\/pl\\\/#website\",\"url\":\"https:\\\/\\\/www.gamapa.de\\\/pl\\\/\",\"name\":\"GANTEF\u00dcHRER\",\"description\":\"Wirtschaftspr\u00fcfer, Steuerberater, Rechtsanw\u00e4lte\",\"publisher\":{\"@id\":\"https:\\\/\\\/www.gamapa.de\\\/pl\\\/#organization\"},\"potentialAction\":[{\"@type\":\"SearchAction\",\"target\":{\"@type\":\"EntryPoint\",\"urlTemplate\":\"https:\\\/\\\/www.gamapa.de\\\/pl\\\/?s={search_term_string}\"},\"query-input\":{\"@type\":\"PropertyValueSpecification\",\"valueRequired\":true,\"valueName\":\"search_term_string\"}}],\"inLanguage\":\"pl-PL\"},{\"@type\":\"Organization\",\"@id\":\"https:\\\/\\\/www.gamapa.de\\\/pl\\\/#organization\",\"name\":\"Gantef\u00fchrer Wirtschaftspr\u00fcfer, Steuerberater, Rechtsanw\u00e4lte\",\"url\":\"https:\\\/\\\/www.gamapa.de\\\/pl\\\/\",\"logo\":{\"@type\":\"ImageObject\",\"inLanguage\":\"pl-PL\",\"@id\":\"https:\\\/\\\/www.gamapa.de\\\/pl\\\/#\\\/schema\\\/logo\\\/image\\\/\",\"url\":\"https:\\\/\\\/www.gamapa.de\\\/wp-content\\\/uploads\\\/2026\\\/01\\\/Logo-Gantefuehrer.png\",\"contentUrl\":\"https:\\\/\\\/www.gamapa.de\\\/wp-content\\\/uploads\\\/2026\\\/01\\\/Logo-Gantefuehrer.png\",\"width\":767,\"height\":156,\"caption\":\"Gantef\u00fchrer Wirtschaftspr\u00fcfer, Steuerberater, Rechtsanw\u00e4lte\"},\"image\":{\"@id\":\"https:\\\/\\\/www.gamapa.de\\\/pl\\\/#\\\/schema\\\/logo\\\/image\\\/\"}}]}<\/script>\n<!-- \/ Yoast SEO plugin. -->","yoast_head_json":{"title":"Julia Gerland - GANTEF\u00dcHRER","robots":{"index":"index","follow":"follow","max-snippet":"max-snippet:-1","max-image-preview":"max-image-preview:large","max-video-preview":"max-video-preview:-1"},"canonical":"https:\/\/www.gamapa.de\/pl\/doradcy\/julia-gerland-doradca-podatkowy\/","og_locale":"pl_PL","og_type":"article","og_title":"Julia Gerland - GANTEF\u00dcHRER","og_description":"Specjalizacje Interdyscyplinarne doradztwo dla ma\u0142ych i \u015brednich przedsi\u0119biorstw Sporz\u0105dzanie rocznych sprawozda\u0144 finansowych, podatek od os\u00f3b prawnych Mi\u0119dzynarodowe prawo podatkowe Organizacje po\u017cytku publicznego Przebieg kariery zawodowej 1992\u20131997 Uniwersytet w Getyndze 1998\u20132005 Mazars, D\u00fcsseldorf 2002 Uzyskanie uprawnie\u0144 doradcy podatkowego 2005\u20132008 Wychowanie dzieci 2009\u2013 2013 Doradca podatkowy w Quadrilog Beratergruppe, Solingen 2013\u20132017 Pobyt za granic\u0105 (Belgia) z rodzin\u0105 [\u2026]","og_url":"https:\/\/www.gamapa.de\/pl\/doradcy\/julia-gerland-doradca-podatkowy\/","og_site_name":"GANTEF\u00dcHRER","article_modified_time":"2025-07-10T06:55:38+00:00","og_image":[{"width":1440,"height":859,"url":"https:\/\/www.gamapa.de\/wp-content\/uploads\/2021\/10\/Julia-Gerland_2.jpg","type":"image\/jpeg"}],"twitter_card":"summary_large_image","twitter_misc":{"Szacowany czas czytania":"1 minuta"},"schema":{"@context":"https:\/\/schema.org","@graph":[{"@type":"WebPage","@id":"https:\/\/www.gamapa.de\/pl\/doradcy\/julia-gerland-doradca-podatkowy\/","url":"https:\/\/www.gamapa.de\/pl\/doradcy\/julia-gerland-doradca-podatkowy\/","name":"Julia Gerland - GANTEF\u00dcHRER","isPartOf":{"@id":"https:\/\/www.gamapa.de\/pl\/#website"},"primaryImageOfPage":{"@id":"https:\/\/www.gamapa.de\/pl\/doradcy\/julia-gerland-doradca-podatkowy\/#primaryimage"},"image":{"@id":"https:\/\/www.gamapa.de\/pl\/doradcy\/julia-gerland-doradca-podatkowy\/#primaryimage"},"thumbnailUrl":"https:\/\/www.gamapa.de\/wp-content\/uploads\/2021\/10\/Julia-Gerland_2.jpg","datePublished":"2020-08-29T17:10:08+00:00","dateModified":"2025-07-10T06:55:38+00:00","breadcrumb":{"@id":"https:\/\/www.gamapa.de\/pl\/doradcy\/julia-gerland-doradca-podatkowy\/#breadcrumb"},"inLanguage":"pl-PL","potentialAction":[{"@type":"ReadAction","target":["https:\/\/www.gamapa.de\/pl\/doradcy\/julia-gerland-doradca-podatkowy\/"]}]},{"@type":"ImageObject","inLanguage":"pl-PL","@id":"https:\/\/www.gamapa.de\/pl\/doradcy\/julia-gerland-doradca-podatkowy\/#primaryimage","url":"https:\/\/www.gamapa.de\/wp-content\/uploads\/2021\/10\/Julia-Gerland_2.jpg","contentUrl":"https:\/\/www.gamapa.de\/wp-content\/uploads\/2021\/10\/Julia-Gerland_2.jpg","width":1440,"height":859,"caption":"Julia Gerland, Steuerberaterin"},{"@type":"BreadcrumbList","@id":"https:\/\/www.gamapa.de\/pl\/doradcy\/julia-gerland-doradca-podatkowy\/#breadcrumb","itemListElement":[{"@type":"ListItem","position":1,"name":"Startseite","item":"https:\/\/www.gamapa.de\/pl\/"},{"@type":"ListItem","position":2,"name":"Nasi specjali\u015bci","item":"https:\/\/www.gamapa.de\/pl\/doradcy\/"},{"@type":"ListItem","position":3,"name":"Julia Gerland"}]},{"@type":"WebSite","@id":"https:\/\/www.gamapa.de\/pl\/#website","url":"https:\/\/www.gamapa.de\/pl\/","name":"GANTEF\u00dcHRER","description":"Wirtschaftspr\u00fcfer, Steuerberater, Rechtsanw\u00e4lte","publisher":{"@id":"https:\/\/www.gamapa.de\/pl\/#organization"},"potentialAction":[{"@type":"SearchAction","target":{"@type":"EntryPoint","urlTemplate":"https:\/\/www.gamapa.de\/pl\/?s={search_term_string}"},"query-input":{"@type":"PropertyValueSpecification","valueRequired":true,"valueName":"search_term_string"}}],"inLanguage":"pl-PL"},{"@type":"Organization","@id":"https:\/\/www.gamapa.de\/pl\/#organization","name":"Gantef\u00fchrer Wirtschaftspr\u00fcfer, Steuerberater, Rechtsanw\u00e4lte","url":"https:\/\/www.gamapa.de\/pl\/","logo":{"@type":"ImageObject","inLanguage":"pl-PL","@id":"https:\/\/www.gamapa.de\/pl\/#\/schema\/logo\/image\/","url":"https:\/\/www.gamapa.de\/wp-content\/uploads\/2026\/01\/Logo-Gantefuehrer.png","contentUrl":"https:\/\/www.gamapa.de\/wp-content\/uploads\/2026\/01\/Logo-Gantefuehrer.png","width":767,"height":156,"caption":"Gantef\u00fchrer Wirtschaftspr\u00fcfer, Steuerberater, Rechtsanw\u00e4lte"},"image":{"@id":"https:\/\/www.gamapa.de\/pl\/#\/schema\/logo\/image\/"}}]}},"uagb_featured_image_src":{"full":["https:\/\/www.gamapa.de\/wp-content\/uploads\/2021\/10\/Julia-Gerland_2.jpg",1440,859,false],"thumbnail":["https:\/\/www.gamapa.de\/wp-content\/uploads\/2021\/10\/Julia-Gerland_2-150x150.jpg",150,150,true],"medium":["https:\/\/www.gamapa.de\/wp-content\/uploads\/2021\/10\/Julia-Gerland_2-600x358.jpg",600,358,true],"medium_large":["https:\/\/www.gamapa.de\/wp-content\/uploads\/2021\/10\/Julia-Gerland_2-768x458.jpg",580,346,true],"large":["https:\/\/www.gamapa.de\/wp-content\/uploads\/2021\/10\/Julia-Gerland_2.jpg",580,346,false],"gs-tiny":["https:\/\/www.gamapa.de\/wp-content\/uploads\/2021\/10\/Julia-Gerland_2.jpg",50,30,false],"xl":["https:\/\/www.gamapa.de\/wp-content\/uploads\/2021\/10\/Julia-Gerland_2.jpg",1440,859,false],"xxl":["https:\/\/www.gamapa.de\/wp-content\/uploads\/2021\/10\/Julia-Gerland_2.jpg",1440,859,false],"xxxl":["https:\/\/www.gamapa.de\/wp-content\/uploads\/2021\/10\/Julia-Gerland_2.jpg",1440,859,false],"xxxxl":["https:\/\/www.gamapa.de\/wp-content\/uploads\/2021\/10\/Julia-Gerland_2.jpg",1440,859,false],"xxxxxl":["https:\/\/www.gamapa.de\/wp-content\/uploads\/2021\/10\/Julia-Gerland_2.jpg",1440,859,false],"1536x1536":["https:\/\/www.gamapa.de\/wp-content\/uploads\/2021\/10\/Julia-Gerland_2.jpg",1440,859,false],"2048x2048":["https:\/\/www.gamapa.de\/wp-content\/uploads\/2021\/10\/Julia-Gerland_2.jpg",1440,859,false],"post-thumbnail":["https:\/\/www.gamapa.de\/wp-content\/uploads\/2021\/10\/Julia-Gerland_2.jpg",1440,859,false],"twentytwenty-fullscreen":["https:\/\/www.gamapa.de\/wp-content\/uploads\/2021\/10\/Julia-Gerland_2.jpg",1440,859,false],"theme-slug-single-post":["https:\/\/www.gamapa.de\/wp-content\/uploads\/2021\/10\/Julia-Gerland_2-1440x400.jpg",1440,400,true]},"uagb_author_info":{"display_name":"linda","author_link":"https:\/\/www.gamapa.de\/pl\/author\/linda\/"},"uagb_comment_info":0,"uagb_excerpt":"Specjalizacje Interdyscyplinarne doradztwo dla ma\u0142ych i \u015brednich przedsi\u0119biorstw Sporz\u0105dzanie rocznych sprawozda\u0144 finansowych, podatek od os\u00f3b prawnych Mi\u0119dzynarodowe prawo podatkowe Organizacje po\u017cytku publicznego Przebieg kariery zawodowej 1992\u20131997 Uniwersytet w Getyndze 1998\u20132005 Mazars, D\u00fcsseldorf 2002 Uzyskanie uprawnie\u0144 doradcy podatkowego 2005\u20132008 Wychowanie dzieci 2009\u2013 2013 Doradca podatkowy w Quadrilog Beratergruppe, Solingen 2013\u20132017 Pobyt za granic\u0105 (Belgia) z rodzin\u0105&hellip;","_links":{"self":[{"href":"https:\/\/www.gamapa.de\/pl\/wp-json\/wp\/v2\/pages\/4654","targetHints":{"allow":["GET"]}}],"collection":[{"href":"https:\/\/www.gamapa.de\/pl\/wp-json\/wp\/v2\/pages"}],"about":[{"href":"https:\/\/www.gamapa.de\/pl\/wp-json\/wp\/v2\/types\/page"}],"author":[{"embeddable":true,"href":"https:\/\/www.gamapa.de\/pl\/wp-json\/wp\/v2\/users\/1"}],"replies":[{"embeddable":true,"href":"https:\/\/www.gamapa.de\/pl\/wp-json\/wp\/v2\/comments?post=4654"}],"version-history":[{"count":7,"href":"https:\/\/www.gamapa.de\/pl\/wp-json\/wp\/v2\/pages\/4654\/revisions"}],"predecessor-version":[{"id":20461,"href":"https:\/\/www.gamapa.de\/pl\/wp-json\/wp\/v2\/pages\/4654\/revisions\/20461"}],"up":[{"embeddable":true,"href":"https:\/\/www.gamapa.de\/pl\/wp-json\/wp\/v2\/pages\/5643"}],"wp:featuredmedia":[{"embeddable":true,"href":"https:\/\/www.gamapa.de\/pl\/wp-json\/wp\/v2\/media\/9501"}],"wp:attachment":[{"href":"https:\/\/www.gamapa.de\/pl\/wp-json\/wp\/v2\/media?parent=4654"}],"curies":[{"name":"wp","href":"https:\/\/api.w.org\/{rel}","templated":true}]}}