

{"id":4680,"date":"2020-08-29T19:43:03","date_gmt":"2020-08-29T17:43:03","guid":{"rendered":"https:\/\/www.gamapa.de\/kristian-hofmann-dipl-kfm-steuerberater\/"},"modified":"2025-11-06T10:39:25","modified_gmt":"2025-11-06T09:39:25","slug":"kristian-hofmann-doradca-podatkowy","status":"publish","type":"page","link":"https:\/\/www.gamapa.de\/pl\/doradcy\/kristian-hofmann-doradca-podatkowy\/","title":{"rendered":"Kristian Hofmann"},"content":{"rendered":"\n<h3 class=\"wp-block-heading\">Specjalizacje<\/h3>\n\n\n\n<ul class=\"wp-block-list\">\n<li>Kompleksowa obs\u0142uga grup przedsi\u0119biorstw o \u015bredniej wielko\u015bci<\/li>\n\n\n\n<li>Opodatkowanie sp\u00f3\u0142ek osobowych<\/li>\n\n\n\n<li>Kwestie zwi\u0105zane z podatkiem obrotowym<\/li>\n\n\n\n<li>Opodatkowanie transakcji transgranicznych<\/li>\n\n\n\n<li>Wsparcie podczas kontroli podatkowych<\/li>\n<\/ul>\n\n\n\n<h3 class=\"wp-block-heading\">Przebieg kariery zawodowej<\/h3>\n\n\n\n<figure class=\"wp-block-table tablist\"><table><tbody><tr><td>1988-1989 <\/td><td>Studia I stopnia na Uniwersytecie w Bayreuth<\/td><\/tr><tr><td>1989-1990<\/td><td>Studia za granic\u0105 na Uniwersytecie w Perpignan \/ Francja<\/td><\/tr><tr><td>1990-1993<\/td><td>Studia II stopnia na Uniwersytecie w Bayreuth<\/td><\/tr><tr><td>1994-1995<\/td><td>Dzia\u0142 podatkowy KPMG Berlin<\/td><\/tr><tr><td>1995<\/td><td>Asystent podatkowy w Dr Gantef\u00fchrer, Marquardt &amp; Partner<\/td><\/tr><tr><td>od 1999<\/td><td>Konsultant podatkowy w Dr Gantef\u00fchrer, Marquardt &amp; Partner<\/td><\/tr><tr><td>od 2005<\/td><td>Lider zespo\u0142u w Dr Gantef\u00fchrer, Marquardt &amp; Partner<\/td><\/tr><\/tbody><\/table><\/figure>\n\n\n\n<h3 class=\"wp-block-heading\">Obs\u0142ugiwane bran\u017ce<\/h3>\n\n\n\n<ul class=\"wp-block-list\">\n<li>Zarz\u0105dzanie nieruchomo\u015bciami (w\u0142a\u015bciciele krajowi i zagraniczni)<\/li>\n\n\n\n<li>Fundusze private equity (w\u0142a\u015bciciele krajowi i zagraniczni)<\/li>\n\n\n\n<li>Galerie sztuki\/obr\u00f3t dzie\u0142ami sztuki<\/li>\n\n\n\n<li>Przedsi\u0119biorstwa budowlane\/firmy projektowe<\/li>\n\n\n\n<li>Rynek ksi\u0105\u017cki<\/li>\n<\/ul>\n\n\n\n<h3 class=\"wp-block-heading\">Publikacje<\/h3>\n\n\n\n<ul class=\"wp-block-list\">\n<li>Podatek ko\u015bcielny i cz\u0119\u015bciowe opodatkowanie dochod\u00f3w<em>, <\/em>Der Betrieb, 2005<\/li>\n<\/ul>\n\n\n\n\n\n<div class=\"wp-block-button zurueck\"><a class=\"wp-block-button__link wp-element-button\" href=\"https:\/\/www.gamapa.de\/pl\/doradcy\/\">wstecz<\/a><\/div>\n\n\n\n<p><\/p>\n","protected":false},"excerpt":{"rendered":"<p>Specjalizacje Przebieg kariery zawodowej 1988-1989 Studia I stopnia na Uniwersytecie w Bayreuth 1989-1990 Studia za granic\u0105 na Uniwersytecie w Perpignan \/ Francja 1990-1993 Studia II stopnia na Uniwersytecie w Bayreuth 1994-1995 Dzia\u0142 podatkowy KPMG Berlin 1995 Asystent podatkowy w Dr Gantef\u00fchrer, Marquardt &amp; Partner od 1999 Konsultant podatkowy w Dr Gantef\u00fchrer, Marquardt &amp; Partner od <a href=\"https:\/\/www.gamapa.de\/pl\/doradcy\/kristian-hofmann-doradca-podatkowy\/\">[\u2026]<\/a><\/p>\n","protected":false},"author":1,"featured_media":12243,"parent":5643,"menu_order":53,"comment_status":"closed","ping_status":"closed","template":"templates\/template-Profil.php","meta":{"_acf_changed":false,"_uag_custom_page_level_css":"","footnotes":""},"class_list":["post-4680","page","type-page","status-publish","has-post-thumbnail","hentry"],"acf":[],"yoast_head":"<!-- This site is optimized with the Yoast SEO plugin v27.5 - https:\/\/yoast.com\/product\/yoast-seo-wordpress\/ -->\n<title>Kristian Hofmann - GANTEF\u00dcHRER<\/title>\n<meta name=\"robots\" content=\"index, follow, max-snippet:-1, max-image-preview:large, max-video-preview:-1\" \/>\n<link rel=\"canonical\" href=\"https:\/\/www.gamapa.de\/pl\/doradcy\/kristian-hofmann-doradca-podatkowy\/\" \/>\n<meta property=\"og:locale\" content=\"pl_PL\" \/>\n<meta property=\"og:type\" content=\"article\" \/>\n<meta property=\"og:title\" content=\"Kristian Hofmann - GANTEF\u00dcHRER\" \/>\n<meta property=\"og:description\" content=\"Specjalizacje Przebieg kariery zawodowej 1988-1989 Studia I stopnia na Uniwersytecie w Bayreuth 1989-1990 Studia za granic\u0105 na Uniwersytecie w Perpignan \/ Francja 1990-1993 Studia II stopnia na Uniwersytecie w Bayreuth 1994-1995 Dzia\u0142 podatkowy KPMG Berlin 1995 Asystent podatkowy w Dr Gantef\u00fchrer, Marquardt &amp; Partner od 1999 Konsultant podatkowy w Dr Gantef\u00fchrer, Marquardt &amp; Partner od [\u2026]\" \/>\n<meta property=\"og:url\" content=\"https:\/\/www.gamapa.de\/pl\/doradcy\/kristian-hofmann-doradca-podatkowy\/\" \/>\n<meta property=\"og:site_name\" content=\"GANTEF\u00dcHRER\" \/>\n<meta property=\"article:modified_time\" content=\"2025-11-06T09:39:25+00:00\" \/>\n<meta property=\"og:image\" content=\"https:\/\/www.gamapa.de\/wp-content\/uploads\/2022\/02\/Hofmann_2.jpg\" \/>\n\t<meta property=\"og:image:width\" content=\"1440\" \/>\n\t<meta property=\"og:image:height\" content=\"859\" \/>\n\t<meta property=\"og:image:type\" content=\"image\/jpeg\" \/>\n<meta name=\"twitter:card\" content=\"summary_large_image\" \/>\n<meta name=\"twitter:label1\" content=\"Szacowany czas czytania\" \/>\n\t<meta name=\"twitter:data1\" content=\"1 minuta\" \/>\n<script type=\"application\/ld+json\" class=\"yoast-schema-graph\">{\"@context\":\"https:\\\/\\\/schema.org\",\"@graph\":[{\"@type\":\"WebPage\",\"@id\":\"https:\\\/\\\/www.gamapa.de\\\/pl\\\/doradcy\\\/kristian-hofmann-doradca-podatkowy\\\/\",\"url\":\"https:\\\/\\\/www.gamapa.de\\\/pl\\\/doradcy\\\/kristian-hofmann-doradca-podatkowy\\\/\",\"name\":\"Kristian Hofmann - GANTEF\u00dcHRER\",\"isPartOf\":{\"@id\":\"https:\\\/\\\/www.gamapa.de\\\/pl\\\/#website\"},\"primaryImageOfPage\":{\"@id\":\"https:\\\/\\\/www.gamapa.de\\\/pl\\\/doradcy\\\/kristian-hofmann-doradca-podatkowy\\\/#primaryimage\"},\"image\":{\"@id\":\"https:\\\/\\\/www.gamapa.de\\\/pl\\\/doradcy\\\/kristian-hofmann-doradca-podatkowy\\\/#primaryimage\"},\"thumbnailUrl\":\"https:\\\/\\\/www.gamapa.de\\\/wp-content\\\/uploads\\\/2022\\\/02\\\/Hofmann_2.jpg\",\"datePublished\":\"2020-08-29T17:43:03+00:00\",\"dateModified\":\"2025-11-06T09:39:25+00:00\",\"breadcrumb\":{\"@id\":\"https:\\\/\\\/www.gamapa.de\\\/pl\\\/doradcy\\\/kristian-hofmann-doradca-podatkowy\\\/#breadcrumb\"},\"inLanguage\":\"pl-PL\",\"potentialAction\":[{\"@type\":\"ReadAction\",\"target\":[\"https:\\\/\\\/www.gamapa.de\\\/pl\\\/doradcy\\\/kristian-hofmann-doradca-podatkowy\\\/\"]}]},{\"@type\":\"ImageObject\",\"inLanguage\":\"pl-PL\",\"@id\":\"https:\\\/\\\/www.gamapa.de\\\/pl\\\/doradcy\\\/kristian-hofmann-doradca-podatkowy\\\/#primaryimage\",\"url\":\"https:\\\/\\\/www.gamapa.de\\\/wp-content\\\/uploads\\\/2022\\\/02\\\/Hofmann_2.jpg\",\"contentUrl\":\"https:\\\/\\\/www.gamapa.de\\\/wp-content\\\/uploads\\\/2022\\\/02\\\/Hofmann_2.jpg\",\"width\":1440,\"height\":859,\"caption\":\"Kristian Hofmann, Dipl. Kfm., Steuerberater\"},{\"@type\":\"BreadcrumbList\",\"@id\":\"https:\\\/\\\/www.gamapa.de\\\/pl\\\/doradcy\\\/kristian-hofmann-doradca-podatkowy\\\/#breadcrumb\",\"itemListElement\":[{\"@type\":\"ListItem\",\"position\":1,\"name\":\"Startseite\",\"item\":\"https:\\\/\\\/www.gamapa.de\\\/pl\\\/\"},{\"@type\":\"ListItem\",\"position\":2,\"name\":\"Nasi specjali\u015bci\",\"item\":\"https:\\\/\\\/www.gamapa.de\\\/pl\\\/doradcy\\\/\"},{\"@type\":\"ListItem\",\"position\":3,\"name\":\"Kristian Hofmann\"}]},{\"@type\":\"WebSite\",\"@id\":\"https:\\\/\\\/www.gamapa.de\\\/pl\\\/#website\",\"url\":\"https:\\\/\\\/www.gamapa.de\\\/pl\\\/\",\"name\":\"GANTEF\u00dcHRER\",\"description\":\"Wirtschaftspr\u00fcfer, Steuerberater, Rechtsanw\u00e4lte\",\"publisher\":{\"@id\":\"https:\\\/\\\/www.gamapa.de\\\/pl\\\/#organization\"},\"potentialAction\":[{\"@type\":\"SearchAction\",\"target\":{\"@type\":\"EntryPoint\",\"urlTemplate\":\"https:\\\/\\\/www.gamapa.de\\\/pl\\\/?s={search_term_string}\"},\"query-input\":{\"@type\":\"PropertyValueSpecification\",\"valueRequired\":true,\"valueName\":\"search_term_string\"}}],\"inLanguage\":\"pl-PL\"},{\"@type\":\"Organization\",\"@id\":\"https:\\\/\\\/www.gamapa.de\\\/pl\\\/#organization\",\"name\":\"Gantef\u00fchrer Wirtschaftspr\u00fcfer, Steuerberater, Rechtsanw\u00e4lte\",\"url\":\"https:\\\/\\\/www.gamapa.de\\\/pl\\\/\",\"logo\":{\"@type\":\"ImageObject\",\"inLanguage\":\"pl-PL\",\"@id\":\"https:\\\/\\\/www.gamapa.de\\\/pl\\\/#\\\/schema\\\/logo\\\/image\\\/\",\"url\":\"https:\\\/\\\/www.gamapa.de\\\/wp-content\\\/uploads\\\/2026\\\/01\\\/Logo-Gantefuehrer.png\",\"contentUrl\":\"https:\\\/\\\/www.gamapa.de\\\/wp-content\\\/uploads\\\/2026\\\/01\\\/Logo-Gantefuehrer.png\",\"width\":767,\"height\":156,\"caption\":\"Gantef\u00fchrer Wirtschaftspr\u00fcfer, Steuerberater, Rechtsanw\u00e4lte\"},\"image\":{\"@id\":\"https:\\\/\\\/www.gamapa.de\\\/pl\\\/#\\\/schema\\\/logo\\\/image\\\/\"}}]}<\/script>\n<!-- \/ Yoast SEO plugin. -->","yoast_head_json":{"title":"Kristian Hofmann - GANTEF\u00dcHRER","robots":{"index":"index","follow":"follow","max-snippet":"max-snippet:-1","max-image-preview":"max-image-preview:large","max-video-preview":"max-video-preview:-1"},"canonical":"https:\/\/www.gamapa.de\/pl\/doradcy\/kristian-hofmann-doradca-podatkowy\/","og_locale":"pl_PL","og_type":"article","og_title":"Kristian Hofmann - GANTEF\u00dcHRER","og_description":"Specjalizacje Przebieg kariery zawodowej 1988-1989 Studia I stopnia na Uniwersytecie w Bayreuth 1989-1990 Studia za granic\u0105 na Uniwersytecie w Perpignan \/ Francja 1990-1993 Studia II stopnia na Uniwersytecie w Bayreuth 1994-1995 Dzia\u0142 podatkowy KPMG Berlin 1995 Asystent podatkowy w Dr Gantef\u00fchrer, Marquardt &amp; Partner od 1999 Konsultant podatkowy w Dr Gantef\u00fchrer, Marquardt &amp; Partner od [\u2026]","og_url":"https:\/\/www.gamapa.de\/pl\/doradcy\/kristian-hofmann-doradca-podatkowy\/","og_site_name":"GANTEF\u00dcHRER","article_modified_time":"2025-11-06T09:39:25+00:00","og_image":[{"width":1440,"height":859,"url":"https:\/\/www.gamapa.de\/wp-content\/uploads\/2022\/02\/Hofmann_2.jpg","type":"image\/jpeg"}],"twitter_card":"summary_large_image","twitter_misc":{"Szacowany czas czytania":"1 minuta"},"schema":{"@context":"https:\/\/schema.org","@graph":[{"@type":"WebPage","@id":"https:\/\/www.gamapa.de\/pl\/doradcy\/kristian-hofmann-doradca-podatkowy\/","url":"https:\/\/www.gamapa.de\/pl\/doradcy\/kristian-hofmann-doradca-podatkowy\/","name":"Kristian Hofmann - GANTEF\u00dcHRER","isPartOf":{"@id":"https:\/\/www.gamapa.de\/pl\/#website"},"primaryImageOfPage":{"@id":"https:\/\/www.gamapa.de\/pl\/doradcy\/kristian-hofmann-doradca-podatkowy\/#primaryimage"},"image":{"@id":"https:\/\/www.gamapa.de\/pl\/doradcy\/kristian-hofmann-doradca-podatkowy\/#primaryimage"},"thumbnailUrl":"https:\/\/www.gamapa.de\/wp-content\/uploads\/2022\/02\/Hofmann_2.jpg","datePublished":"2020-08-29T17:43:03+00:00","dateModified":"2025-11-06T09:39:25+00:00","breadcrumb":{"@id":"https:\/\/www.gamapa.de\/pl\/doradcy\/kristian-hofmann-doradca-podatkowy\/#breadcrumb"},"inLanguage":"pl-PL","potentialAction":[{"@type":"ReadAction","target":["https:\/\/www.gamapa.de\/pl\/doradcy\/kristian-hofmann-doradca-podatkowy\/"]}]},{"@type":"ImageObject","inLanguage":"pl-PL","@id":"https:\/\/www.gamapa.de\/pl\/doradcy\/kristian-hofmann-doradca-podatkowy\/#primaryimage","url":"https:\/\/www.gamapa.de\/wp-content\/uploads\/2022\/02\/Hofmann_2.jpg","contentUrl":"https:\/\/www.gamapa.de\/wp-content\/uploads\/2022\/02\/Hofmann_2.jpg","width":1440,"height":859,"caption":"Kristian Hofmann, Dipl. Kfm., Steuerberater"},{"@type":"BreadcrumbList","@id":"https:\/\/www.gamapa.de\/pl\/doradcy\/kristian-hofmann-doradca-podatkowy\/#breadcrumb","itemListElement":[{"@type":"ListItem","position":1,"name":"Startseite","item":"https:\/\/www.gamapa.de\/pl\/"},{"@type":"ListItem","position":2,"name":"Nasi specjali\u015bci","item":"https:\/\/www.gamapa.de\/pl\/doradcy\/"},{"@type":"ListItem","position":3,"name":"Kristian Hofmann"}]},{"@type":"WebSite","@id":"https:\/\/www.gamapa.de\/pl\/#website","url":"https:\/\/www.gamapa.de\/pl\/","name":"GANTEF\u00dcHRER","description":"Wirtschaftspr\u00fcfer, Steuerberater, Rechtsanw\u00e4lte","publisher":{"@id":"https:\/\/www.gamapa.de\/pl\/#organization"},"potentialAction":[{"@type":"SearchAction","target":{"@type":"EntryPoint","urlTemplate":"https:\/\/www.gamapa.de\/pl\/?s={search_term_string}"},"query-input":{"@type":"PropertyValueSpecification","valueRequired":true,"valueName":"search_term_string"}}],"inLanguage":"pl-PL"},{"@type":"Organization","@id":"https:\/\/www.gamapa.de\/pl\/#organization","name":"Gantef\u00fchrer Wirtschaftspr\u00fcfer, Steuerberater, Rechtsanw\u00e4lte","url":"https:\/\/www.gamapa.de\/pl\/","logo":{"@type":"ImageObject","inLanguage":"pl-PL","@id":"https:\/\/www.gamapa.de\/pl\/#\/schema\/logo\/image\/","url":"https:\/\/www.gamapa.de\/wp-content\/uploads\/2026\/01\/Logo-Gantefuehrer.png","contentUrl":"https:\/\/www.gamapa.de\/wp-content\/uploads\/2026\/01\/Logo-Gantefuehrer.png","width":767,"height":156,"caption":"Gantef\u00fchrer Wirtschaftspr\u00fcfer, Steuerberater, Rechtsanw\u00e4lte"},"image":{"@id":"https:\/\/www.gamapa.de\/pl\/#\/schema\/logo\/image\/"}}]}},"uagb_featured_image_src":{"full":["https:\/\/www.gamapa.de\/wp-content\/uploads\/2022\/02\/Hofmann_2.jpg",1440,859,false],"thumbnail":["https:\/\/www.gamapa.de\/wp-content\/uploads\/2022\/02\/Hofmann_2-150x150.jpg",150,150,true],"medium":["https:\/\/www.gamapa.de\/wp-content\/uploads\/2022\/02\/Hofmann_2-600x358.jpg",600,358,true],"medium_large":["https:\/\/www.gamapa.de\/wp-content\/uploads\/2022\/02\/Hofmann_2-768x458.jpg",580,346,true],"large":["https:\/\/www.gamapa.de\/wp-content\/uploads\/2022\/02\/Hofmann_2.jpg",580,346,false],"gs-tiny":["https:\/\/www.gamapa.de\/wp-content\/uploads\/2022\/02\/Hofmann_2.jpg",50,30,false],"xl":["https:\/\/www.gamapa.de\/wp-content\/uploads\/2022\/02\/Hofmann_2.jpg",1440,859,false],"xxl":["https:\/\/www.gamapa.de\/wp-content\/uploads\/2022\/02\/Hofmann_2.jpg",1440,859,false],"xxxl":["https:\/\/www.gamapa.de\/wp-content\/uploads\/2022\/02\/Hofmann_2.jpg",1440,859,false],"xxxxl":["https:\/\/www.gamapa.de\/wp-content\/uploads\/2022\/02\/Hofmann_2.jpg",1440,859,false],"xxxxxl":["https:\/\/www.gamapa.de\/wp-content\/uploads\/2022\/02\/Hofmann_2.jpg",1440,859,false],"1536x1536":["https:\/\/www.gamapa.de\/wp-content\/uploads\/2022\/02\/Hofmann_2.jpg",1440,859,false],"2048x2048":["https:\/\/www.gamapa.de\/wp-content\/uploads\/2022\/02\/Hofmann_2.jpg",1440,859,false],"post-thumbnail":["https:\/\/www.gamapa.de\/wp-content\/uploads\/2022\/02\/Hofmann_2.jpg",1440,859,false],"twentytwenty-fullscreen":["https:\/\/www.gamapa.de\/wp-content\/uploads\/2022\/02\/Hofmann_2.jpg",1440,859,false],"theme-slug-single-post":["https:\/\/www.gamapa.de\/wp-content\/uploads\/2022\/02\/Hofmann_2-1440x400.jpg",1440,400,true]},"uagb_author_info":{"display_name":"linda","author_link":"https:\/\/www.gamapa.de\/pl\/author\/linda\/"},"uagb_comment_info":0,"uagb_excerpt":"Specjalizacje Przebieg kariery zawodowej 1988-1989 Studia I stopnia na Uniwersytecie w Bayreuth 1989-1990 Studia za granic\u0105 na Uniwersytecie w Perpignan \/ Francja 1990-1993 Studia II stopnia na Uniwersytecie w Bayreuth 1994-1995 Dzia\u0142 podatkowy KPMG Berlin 1995 Asystent podatkowy w Dr Gantef\u00fchrer, Marquardt &amp; Partner od 1999 Konsultant podatkowy w Dr Gantef\u00fchrer, Marquardt &amp; Partner od&hellip;","_links":{"self":[{"href":"https:\/\/www.gamapa.de\/pl\/wp-json\/wp\/v2\/pages\/4680","targetHints":{"allow":["GET"]}}],"collection":[{"href":"https:\/\/www.gamapa.de\/pl\/wp-json\/wp\/v2\/pages"}],"about":[{"href":"https:\/\/www.gamapa.de\/pl\/wp-json\/wp\/v2\/types\/page"}],"author":[{"embeddable":true,"href":"https:\/\/www.gamapa.de\/pl\/wp-json\/wp\/v2\/users\/1"}],"replies":[{"embeddable":true,"href":"https:\/\/www.gamapa.de\/pl\/wp-json\/wp\/v2\/comments?post=4680"}],"version-history":[{"count":8,"href":"https:\/\/www.gamapa.de\/pl\/wp-json\/wp\/v2\/pages\/4680\/revisions"}],"predecessor-version":[{"id":22265,"href":"https:\/\/www.gamapa.de\/pl\/wp-json\/wp\/v2\/pages\/4680\/revisions\/22265"}],"up":[{"embeddable":true,"href":"https:\/\/www.gamapa.de\/pl\/wp-json\/wp\/v2\/pages\/5643"}],"wp:featuredmedia":[{"embeddable":true,"href":"https:\/\/www.gamapa.de\/pl\/wp-json\/wp\/v2\/media\/12243"}],"wp:attachment":[{"href":"https:\/\/www.gamapa.de\/pl\/wp-json\/wp\/v2\/media?parent=4680"}],"curies":[{"name":"wp","href":"https:\/\/api.w.org\/{rel}","templated":true}]}}