

{"id":4688,"date":"2020-08-29T19:49:20","date_gmt":"2020-08-29T17:49:20","guid":{"rendered":"https:\/\/www.gamapa.de\/thomas-kozik-steuerberater-fachberater-internationales-steuerrecht-steuerberater\/"},"modified":"2025-11-06T11:43:53","modified_gmt":"2025-11-06T10:43:53","slug":"thomas-kozik-doradca-podatkowy","status":"publish","type":"page","link":"https:\/\/www.gamapa.de\/pl\/doradcy\/thomas-kozik-doradca-podatkowy\/","title":{"rendered":"Thomas Kozik"},"content":{"rendered":"\n<h3 class=\"wp-block-heading\">Specjalizacje<\/h3>\n\n\n\n<ul class=\"wp-block-list\">\n<li>Kompleksowa obs\u0142uga grup przedsi\u0119biorstw o \u015bredniej wielko\u015bci<\/li>\n\n\n\n<li>Opodatkowanie sp\u00f3\u0142ek osobowych<\/li>\n\n\n\n<li>Kwestie zwi\u0105zane z podatkiem obrotowym<\/li>\n\n\n\n<li>Opodatkowanie transakcji transgranicznych<\/li>\n\n\n\n<li>Wsparcie podczas kontroli podatkowych<\/li>\n<\/ul>\n\n\n\n<h3 class=\"wp-block-heading\">Przebieg kariery zawodowej<\/h3>\n\n\n\n<figure class=\"wp-block-table tablist\"><table><tbody><tr><td>1993-1995<\/td><td>Praktyka zawodowa na stanowisku specjalisty ds. handlowych w Friedrich Grohe AG, Hemer<\/td><\/tr><tr><td>1996-2000<\/td><td>Uniwersytet Nauk Stosowanych i Sztuki w Dortmundzie<\/td><\/tr><tr><td>od 2000<\/td><td>Praca w kancelarii Dr. Gantef\u00fchrer, Marquardt und Partner<\/td><\/tr><tr><td>2004<\/td><td>Uzyskanie uprawnie\u0144 doradcy podatkowego<\/td><\/tr><tr><td>2016-2017<\/td><td>Szkolenie na doradc\u0119 specjalizuj\u0105cego si\u0119 w mi\u0119dzynarodowym prawie podatkowym<\/td><\/tr><tr><td>od 2018<\/td><td>Partner w kancelarii Dr. Gantef\u00fchrer, Marquardt und Partner<\/td><\/tr><\/tbody><\/table><\/figure>\n\n\n\n<h3 class=\"wp-block-heading\">Obs\u0142ugiwane bran\u017ce<\/h3>\n\n\n\n<ul class=\"wp-block-list\">\n<li>Sp\u00f3\u0142ki us\u0142ugowe i handlowe<\/li>\n\n\n\n<li>Inwestorzy prywatni<\/li>\n\n\n\n<li>Instytucje sztuki i kultury<\/li>\n<\/ul>\n\n\n\n<h3 class=\"wp-block-heading\"><strong>Cz\u0142onkostwo<\/strong><\/h3>\n\n\n\n<ul class=\"wp-block-list\">\n<li>Polsko-Niemiecka Izba Przemys\u0142owo-Handlowa<\/li>\n<\/ul>\n\n\n\n\n\n<div class=\"wp-block-button zurueck\"><a class=\"wp-block-button__link wp-element-button\" href=\"https:\/\/www.gamapa.de\/pl\/doradcy\/\">wstecz<\/a><\/div>\n\n\n\n<p><\/p>\n","protected":false},"excerpt":{"rendered":"<p>Specjalizacje Przebieg kariery zawodowej 1993-1995 Praktyka zawodowa na stanowisku specjalisty ds. handlowych w Friedrich Grohe AG, Hemer 1996-2000 Uniwersytet Nauk Stosowanych i Sztuki w Dortmundzie od 2000 Praca w kancelarii Dr. Gantef\u00fchrer, Marquardt und Partner 2004 Uzyskanie uprawnie\u0144 doradcy podatkowego 2016-2017 Szkolenie na doradc\u0119 specjalizuj\u0105cego si\u0119 w mi\u0119dzynarodowym prawie podatkowym od 2018 Partner w kancelarii <a href=\"https:\/\/www.gamapa.de\/pl\/doradcy\/thomas-kozik-doradca-podatkowy\/\">[\u2026]<\/a><\/p>\n","protected":false},"author":1,"featured_media":9630,"parent":5643,"menu_order":52,"comment_status":"closed","ping_status":"closed","template":"templates\/template-Profil.php","meta":{"_acf_changed":false,"_uag_custom_page_level_css":"","footnotes":""},"class_list":["post-4688","page","type-page","status-publish","has-post-thumbnail","hentry"],"acf":[],"yoast_head":"<!-- This site is optimized with the Yoast SEO plugin v27.5 - https:\/\/yoast.com\/product\/yoast-seo-wordpress\/ -->\n<title>Thomas Kozik - GANTEF\u00dcHRER<\/title>\n<meta name=\"robots\" content=\"index, follow, max-snippet:-1, max-image-preview:large, max-video-preview:-1\" \/>\n<link rel=\"canonical\" href=\"https:\/\/www.gamapa.de\/pl\/doradcy\/thomas-kozik-doradca-podatkowy\/\" \/>\n<meta property=\"og:locale\" content=\"pl_PL\" \/>\n<meta property=\"og:type\" content=\"article\" \/>\n<meta property=\"og:title\" content=\"Thomas Kozik - GANTEF\u00dcHRER\" \/>\n<meta property=\"og:description\" content=\"Specjalizacje Przebieg kariery zawodowej 1993-1995 Praktyka zawodowa na stanowisku specjalisty ds. handlowych w Friedrich Grohe AG, Hemer 1996-2000 Uniwersytet Nauk Stosowanych i Sztuki w Dortmundzie od 2000 Praca w kancelarii Dr. Gantef\u00fchrer, Marquardt und Partner 2004 Uzyskanie uprawnie\u0144 doradcy podatkowego 2016-2017 Szkolenie na doradc\u0119 specjalizuj\u0105cego si\u0119 w mi\u0119dzynarodowym prawie podatkowym od 2018 Partner w kancelarii [\u2026]\" \/>\n<meta property=\"og:url\" content=\"https:\/\/www.gamapa.de\/pl\/doradcy\/thomas-kozik-doradca-podatkowy\/\" \/>\n<meta property=\"og:site_name\" content=\"GANTEF\u00dcHRER\" \/>\n<meta property=\"article:modified_time\" content=\"2025-11-06T10:43:53+00:00\" \/>\n<meta property=\"og:image\" content=\"https:\/\/www.gamapa.de\/wp-content\/uploads\/2021\/10\/Thomas-Kozik_2.jpg\" \/>\n\t<meta property=\"og:image:width\" content=\"1440\" \/>\n\t<meta property=\"og:image:height\" content=\"859\" \/>\n\t<meta property=\"og:image:type\" content=\"image\/jpeg\" \/>\n<meta name=\"twitter:card\" content=\"summary_large_image\" \/>\n<meta name=\"twitter:label1\" content=\"Szacowany czas czytania\" \/>\n\t<meta name=\"twitter:data1\" content=\"1 minuta\" \/>\n<script type=\"application\/ld+json\" class=\"yoast-schema-graph\">{\"@context\":\"https:\\\/\\\/schema.org\",\"@graph\":[{\"@type\":\"WebPage\",\"@id\":\"https:\\\/\\\/www.gamapa.de\\\/pl\\\/doradcy\\\/thomas-kozik-doradca-podatkowy\\\/\",\"url\":\"https:\\\/\\\/www.gamapa.de\\\/pl\\\/doradcy\\\/thomas-kozik-doradca-podatkowy\\\/\",\"name\":\"Thomas Kozik - GANTEF\u00dcHRER\",\"isPartOf\":{\"@id\":\"https:\\\/\\\/www.gamapa.de\\\/pl\\\/#website\"},\"primaryImageOfPage\":{\"@id\":\"https:\\\/\\\/www.gamapa.de\\\/pl\\\/doradcy\\\/thomas-kozik-doradca-podatkowy\\\/#primaryimage\"},\"image\":{\"@id\":\"https:\\\/\\\/www.gamapa.de\\\/pl\\\/doradcy\\\/thomas-kozik-doradca-podatkowy\\\/#primaryimage\"},\"thumbnailUrl\":\"https:\\\/\\\/www.gamapa.de\\\/wp-content\\\/uploads\\\/2021\\\/10\\\/Thomas-Kozik_2.jpg\",\"datePublished\":\"2020-08-29T17:49:20+00:00\",\"dateModified\":\"2025-11-06T10:43:53+00:00\",\"breadcrumb\":{\"@id\":\"https:\\\/\\\/www.gamapa.de\\\/pl\\\/doradcy\\\/thomas-kozik-doradca-podatkowy\\\/#breadcrumb\"},\"inLanguage\":\"pl-PL\",\"potentialAction\":[{\"@type\":\"ReadAction\",\"target\":[\"https:\\\/\\\/www.gamapa.de\\\/pl\\\/doradcy\\\/thomas-kozik-doradca-podatkowy\\\/\"]}]},{\"@type\":\"ImageObject\",\"inLanguage\":\"pl-PL\",\"@id\":\"https:\\\/\\\/www.gamapa.de\\\/pl\\\/doradcy\\\/thomas-kozik-doradca-podatkowy\\\/#primaryimage\",\"url\":\"https:\\\/\\\/www.gamapa.de\\\/wp-content\\\/uploads\\\/2021\\\/10\\\/Thomas-Kozik_2.jpg\",\"contentUrl\":\"https:\\\/\\\/www.gamapa.de\\\/wp-content\\\/uploads\\\/2021\\\/10\\\/Thomas-Kozik_2.jpg\",\"width\":1440,\"height\":859,\"caption\":\"Thomas Kozik Dipl.-Bw. (FH) Steuerberater Fachberater f\u00fcr Internationales Steuerrecht Partner\"},{\"@type\":\"BreadcrumbList\",\"@id\":\"https:\\\/\\\/www.gamapa.de\\\/pl\\\/doradcy\\\/thomas-kozik-doradca-podatkowy\\\/#breadcrumb\",\"itemListElement\":[{\"@type\":\"ListItem\",\"position\":1,\"name\":\"Startseite\",\"item\":\"https:\\\/\\\/www.gamapa.de\\\/pl\\\/\"},{\"@type\":\"ListItem\",\"position\":2,\"name\":\"Nasi specjali\u015bci\",\"item\":\"https:\\\/\\\/www.gamapa.de\\\/pl\\\/doradcy\\\/\"},{\"@type\":\"ListItem\",\"position\":3,\"name\":\"Thomas Kozik\"}]},{\"@type\":\"WebSite\",\"@id\":\"https:\\\/\\\/www.gamapa.de\\\/pl\\\/#website\",\"url\":\"https:\\\/\\\/www.gamapa.de\\\/pl\\\/\",\"name\":\"GANTEF\u00dcHRER\",\"description\":\"Wirtschaftspr\u00fcfer, Steuerberater, Rechtsanw\u00e4lte\",\"publisher\":{\"@id\":\"https:\\\/\\\/www.gamapa.de\\\/pl\\\/#organization\"},\"potentialAction\":[{\"@type\":\"SearchAction\",\"target\":{\"@type\":\"EntryPoint\",\"urlTemplate\":\"https:\\\/\\\/www.gamapa.de\\\/pl\\\/?s={search_term_string}\"},\"query-input\":{\"@type\":\"PropertyValueSpecification\",\"valueRequired\":true,\"valueName\":\"search_term_string\"}}],\"inLanguage\":\"pl-PL\"},{\"@type\":\"Organization\",\"@id\":\"https:\\\/\\\/www.gamapa.de\\\/pl\\\/#organization\",\"name\":\"Gantef\u00fchrer Wirtschaftspr\u00fcfer, Steuerberater, Rechtsanw\u00e4lte\",\"url\":\"https:\\\/\\\/www.gamapa.de\\\/pl\\\/\",\"logo\":{\"@type\":\"ImageObject\",\"inLanguage\":\"pl-PL\",\"@id\":\"https:\\\/\\\/www.gamapa.de\\\/pl\\\/#\\\/schema\\\/logo\\\/image\\\/\",\"url\":\"https:\\\/\\\/www.gamapa.de\\\/wp-content\\\/uploads\\\/2026\\\/01\\\/Logo-Gantefuehrer.png\",\"contentUrl\":\"https:\\\/\\\/www.gamapa.de\\\/wp-content\\\/uploads\\\/2026\\\/01\\\/Logo-Gantefuehrer.png\",\"width\":767,\"height\":156,\"caption\":\"Gantef\u00fchrer Wirtschaftspr\u00fcfer, Steuerberater, Rechtsanw\u00e4lte\"},\"image\":{\"@id\":\"https:\\\/\\\/www.gamapa.de\\\/pl\\\/#\\\/schema\\\/logo\\\/image\\\/\"}}]}<\/script>\n<!-- \/ Yoast SEO plugin. -->","yoast_head_json":{"title":"Thomas Kozik - GANTEF\u00dcHRER","robots":{"index":"index","follow":"follow","max-snippet":"max-snippet:-1","max-image-preview":"max-image-preview:large","max-video-preview":"max-video-preview:-1"},"canonical":"https:\/\/www.gamapa.de\/pl\/doradcy\/thomas-kozik-doradca-podatkowy\/","og_locale":"pl_PL","og_type":"article","og_title":"Thomas Kozik - GANTEF\u00dcHRER","og_description":"Specjalizacje Przebieg kariery zawodowej 1993-1995 Praktyka zawodowa na stanowisku specjalisty ds. handlowych w Friedrich Grohe AG, Hemer 1996-2000 Uniwersytet Nauk Stosowanych i Sztuki w Dortmundzie od 2000 Praca w kancelarii Dr. Gantef\u00fchrer, Marquardt und Partner 2004 Uzyskanie uprawnie\u0144 doradcy podatkowego 2016-2017 Szkolenie na doradc\u0119 specjalizuj\u0105cego si\u0119 w mi\u0119dzynarodowym prawie podatkowym od 2018 Partner w kancelarii [\u2026]","og_url":"https:\/\/www.gamapa.de\/pl\/doradcy\/thomas-kozik-doradca-podatkowy\/","og_site_name":"GANTEF\u00dcHRER","article_modified_time":"2025-11-06T10:43:53+00:00","og_image":[{"width":1440,"height":859,"url":"https:\/\/www.gamapa.de\/wp-content\/uploads\/2021\/10\/Thomas-Kozik_2.jpg","type":"image\/jpeg"}],"twitter_card":"summary_large_image","twitter_misc":{"Szacowany czas czytania":"1 minuta"},"schema":{"@context":"https:\/\/schema.org","@graph":[{"@type":"WebPage","@id":"https:\/\/www.gamapa.de\/pl\/doradcy\/thomas-kozik-doradca-podatkowy\/","url":"https:\/\/www.gamapa.de\/pl\/doradcy\/thomas-kozik-doradca-podatkowy\/","name":"Thomas Kozik - GANTEF\u00dcHRER","isPartOf":{"@id":"https:\/\/www.gamapa.de\/pl\/#website"},"primaryImageOfPage":{"@id":"https:\/\/www.gamapa.de\/pl\/doradcy\/thomas-kozik-doradca-podatkowy\/#primaryimage"},"image":{"@id":"https:\/\/www.gamapa.de\/pl\/doradcy\/thomas-kozik-doradca-podatkowy\/#primaryimage"},"thumbnailUrl":"https:\/\/www.gamapa.de\/wp-content\/uploads\/2021\/10\/Thomas-Kozik_2.jpg","datePublished":"2020-08-29T17:49:20+00:00","dateModified":"2025-11-06T10:43:53+00:00","breadcrumb":{"@id":"https:\/\/www.gamapa.de\/pl\/doradcy\/thomas-kozik-doradca-podatkowy\/#breadcrumb"},"inLanguage":"pl-PL","potentialAction":[{"@type":"ReadAction","target":["https:\/\/www.gamapa.de\/pl\/doradcy\/thomas-kozik-doradca-podatkowy\/"]}]},{"@type":"ImageObject","inLanguage":"pl-PL","@id":"https:\/\/www.gamapa.de\/pl\/doradcy\/thomas-kozik-doradca-podatkowy\/#primaryimage","url":"https:\/\/www.gamapa.de\/wp-content\/uploads\/2021\/10\/Thomas-Kozik_2.jpg","contentUrl":"https:\/\/www.gamapa.de\/wp-content\/uploads\/2021\/10\/Thomas-Kozik_2.jpg","width":1440,"height":859,"caption":"Thomas Kozik Dipl.-Bw. (FH) Steuerberater Fachberater f\u00fcr Internationales Steuerrecht Partner"},{"@type":"BreadcrumbList","@id":"https:\/\/www.gamapa.de\/pl\/doradcy\/thomas-kozik-doradca-podatkowy\/#breadcrumb","itemListElement":[{"@type":"ListItem","position":1,"name":"Startseite","item":"https:\/\/www.gamapa.de\/pl\/"},{"@type":"ListItem","position":2,"name":"Nasi specjali\u015bci","item":"https:\/\/www.gamapa.de\/pl\/doradcy\/"},{"@type":"ListItem","position":3,"name":"Thomas Kozik"}]},{"@type":"WebSite","@id":"https:\/\/www.gamapa.de\/pl\/#website","url":"https:\/\/www.gamapa.de\/pl\/","name":"GANTEF\u00dcHRER","description":"Wirtschaftspr\u00fcfer, Steuerberater, Rechtsanw\u00e4lte","publisher":{"@id":"https:\/\/www.gamapa.de\/pl\/#organization"},"potentialAction":[{"@type":"SearchAction","target":{"@type":"EntryPoint","urlTemplate":"https:\/\/www.gamapa.de\/pl\/?s={search_term_string}"},"query-input":{"@type":"PropertyValueSpecification","valueRequired":true,"valueName":"search_term_string"}}],"inLanguage":"pl-PL"},{"@type":"Organization","@id":"https:\/\/www.gamapa.de\/pl\/#organization","name":"Gantef\u00fchrer Wirtschaftspr\u00fcfer, Steuerberater, Rechtsanw\u00e4lte","url":"https:\/\/www.gamapa.de\/pl\/","logo":{"@type":"ImageObject","inLanguage":"pl-PL","@id":"https:\/\/www.gamapa.de\/pl\/#\/schema\/logo\/image\/","url":"https:\/\/www.gamapa.de\/wp-content\/uploads\/2026\/01\/Logo-Gantefuehrer.png","contentUrl":"https:\/\/www.gamapa.de\/wp-content\/uploads\/2026\/01\/Logo-Gantefuehrer.png","width":767,"height":156,"caption":"Gantef\u00fchrer Wirtschaftspr\u00fcfer, Steuerberater, Rechtsanw\u00e4lte"},"image":{"@id":"https:\/\/www.gamapa.de\/pl\/#\/schema\/logo\/image\/"}}]}},"uagb_featured_image_src":{"full":["https:\/\/www.gamapa.de\/wp-content\/uploads\/2021\/10\/Thomas-Kozik_2.jpg",1440,859,false],"thumbnail":["https:\/\/www.gamapa.de\/wp-content\/uploads\/2021\/10\/Thomas-Kozik_2-150x150.jpg",150,150,true],"medium":["https:\/\/www.gamapa.de\/wp-content\/uploads\/2021\/10\/Thomas-Kozik_2-600x358.jpg",600,358,true],"medium_large":["https:\/\/www.gamapa.de\/wp-content\/uploads\/2021\/10\/Thomas-Kozik_2-768x458.jpg",580,346,true],"large":["https:\/\/www.gamapa.de\/wp-content\/uploads\/2021\/10\/Thomas-Kozik_2.jpg",580,346,false],"gs-tiny":["https:\/\/www.gamapa.de\/wp-content\/uploads\/2021\/10\/Thomas-Kozik_2.jpg",50,30,false],"xl":["https:\/\/www.gamapa.de\/wp-content\/uploads\/2021\/10\/Thomas-Kozik_2.jpg",1440,859,false],"xxl":["https:\/\/www.gamapa.de\/wp-content\/uploads\/2021\/10\/Thomas-Kozik_2.jpg",1440,859,false],"xxxl":["https:\/\/www.gamapa.de\/wp-content\/uploads\/2021\/10\/Thomas-Kozik_2.jpg",1440,859,false],"xxxxl":["https:\/\/www.gamapa.de\/wp-content\/uploads\/2021\/10\/Thomas-Kozik_2.jpg",1440,859,false],"xxxxxl":["https:\/\/www.gamapa.de\/wp-content\/uploads\/2021\/10\/Thomas-Kozik_2.jpg",1440,859,false],"1536x1536":["https:\/\/www.gamapa.de\/wp-content\/uploads\/2021\/10\/Thomas-Kozik_2.jpg",1440,859,false],"2048x2048":["https:\/\/www.gamapa.de\/wp-content\/uploads\/2021\/10\/Thomas-Kozik_2.jpg",1440,859,false],"post-thumbnail":["https:\/\/www.gamapa.de\/wp-content\/uploads\/2021\/10\/Thomas-Kozik_2.jpg",1440,859,false],"twentytwenty-fullscreen":["https:\/\/www.gamapa.de\/wp-content\/uploads\/2021\/10\/Thomas-Kozik_2.jpg",1440,859,false],"theme-slug-single-post":["https:\/\/www.gamapa.de\/wp-content\/uploads\/2021\/10\/Thomas-Kozik_2-1440x400.jpg",1440,400,true]},"uagb_author_info":{"display_name":"linda","author_link":"https:\/\/www.gamapa.de\/pl\/author\/linda\/"},"uagb_comment_info":0,"uagb_excerpt":"Specjalizacje Przebieg kariery zawodowej 1993-1995 Praktyka zawodowa na stanowisku specjalisty ds. handlowych w Friedrich Grohe AG, Hemer 1996-2000 Uniwersytet Nauk Stosowanych i Sztuki w Dortmundzie od 2000 Praca w kancelarii Dr. Gantef\u00fchrer, Marquardt und Partner 2004 Uzyskanie uprawnie\u0144 doradcy podatkowego 2016-2017 Szkolenie na doradc\u0119 specjalizuj\u0105cego si\u0119 w mi\u0119dzynarodowym prawie podatkowym od 2018 Partner w kancelarii&hellip;","_links":{"self":[{"href":"https:\/\/www.gamapa.de\/pl\/wp-json\/wp\/v2\/pages\/4688","targetHints":{"allow":["GET"]}}],"collection":[{"href":"https:\/\/www.gamapa.de\/pl\/wp-json\/wp\/v2\/pages"}],"about":[{"href":"https:\/\/www.gamapa.de\/pl\/wp-json\/wp\/v2\/types\/page"}],"author":[{"embeddable":true,"href":"https:\/\/www.gamapa.de\/pl\/wp-json\/wp\/v2\/users\/1"}],"replies":[{"embeddable":true,"href":"https:\/\/www.gamapa.de\/pl\/wp-json\/wp\/v2\/comments?post=4688"}],"version-history":[{"count":8,"href":"https:\/\/www.gamapa.de\/pl\/wp-json\/wp\/v2\/pages\/4688\/revisions"}],"predecessor-version":[{"id":22275,"href":"https:\/\/www.gamapa.de\/pl\/wp-json\/wp\/v2\/pages\/4688\/revisions\/22275"}],"up":[{"embeddable":true,"href":"https:\/\/www.gamapa.de\/pl\/wp-json\/wp\/v2\/pages\/5643"}],"wp:featuredmedia":[{"embeddable":true,"href":"https:\/\/www.gamapa.de\/pl\/wp-json\/wp\/v2\/media\/9630"}],"wp:attachment":[{"href":"https:\/\/www.gamapa.de\/pl\/wp-json\/wp\/v2\/media?parent=4688"}],"curies":[{"name":"wp","href":"https:\/\/api.w.org\/{rel}","templated":true}]}}