

{"id":4740,"date":"2020-08-29T20:37:04","date_gmt":"2020-08-29T18:37:04","guid":{"rendered":"https:\/\/www.gamapa.de\/jean-paul-stevenard-wirtschaftspruefer\/"},"modified":"2025-11-06T15:03:03","modified_gmt":"2025-11-06T14:03:03","slug":"jean-paul-stevenard-biegly-rewident","status":"publish","type":"page","link":"https:\/\/www.gamapa.de\/pl\/doradcy\/jean-paul-stevenard-biegly-rewident\/","title":{"rendered":"Jean-Paul St\u00e9venard"},"content":{"rendered":"\n<h3 class=\"wp-block-heading\">Specjalizacje<\/h3>\n\n\n\n<ul class=\"wp-block-list\">\n<li>35 lat do\u015bwiadczenia zawodowego na stanowisku bieg\u0142ego rewidenta w Niemczech i we Francji<\/li>\n\n\n\n<li>Rozleg\u0142e do\u015bwiadczenie w badaniu sprawozda\u0144 finansowych zgodnie z MSSF (Niemcy i Francja), niemieckim kodeksem handlowym (HGB) i francuskimi zasadami rachunkowo\u015bci GAAP<\/li>\n<\/ul>\n\n\n\n<h3 class=\"wp-block-heading\">Przebieg kariery zawodowej<\/h3>\n\n\n\n<figure class=\"wp-block-table tablist\"><table><tbody><tr><td>1981-1983<\/td><td>Liceum Og\u00f3lnokszta\u0142c\u0105ce w Louis-Le-Grand (Classes Pr\u00e9paratoires \u00e0 HEC), Pary\u017cu<\/td><\/tr><tr><td>1983-1986<\/td><td>HEC (Pary\u017c): MSc in Finance (nr 1 w \u015bwiatowym rankingu Financial Times)<\/td><\/tr><tr><td>1993<\/td><td>Commissaire aux Comptes<\/td><\/tr><tr><td>1986-2014<\/td><td>Mazars (Pary\u017c, Frankfurt, D\u00fcsseldorf): od Asystenta (w gabinecie Roberta Mazarsa) do Partnera<\/td><\/tr><tr><td>2014-2016<\/td><td>Przygotowanie do egzaminu na bieg\u0142ego rewidenta<\/td><\/tr><tr><td>2017-2020<\/td><td>Bieg\u0142y rewident w Warth &amp; Klein (French Desk)<\/td><\/tr><tr><td>od 2020<\/td><td>Bieg\u0142y rewident w Dr. Gantef\u00fchrer, Marquardt &amp; Partner<\/td><\/tr><\/tbody><\/table><\/figure>\n\n\n\n<h3 class=\"wp-block-heading\">Obszary dzia\u0142alno\u015bci audytorskiej<\/h3>\n\n\n\n<ul class=\"wp-block-list\">\n<li>Badanie przedsi\u0119biorstw prowadz\u0105cych produkcj\u0119 wielkoseryjn\u0105 (IT, przemys\u0142 zbrojeniowy): weryfikacja zam\u00f3wie\u0144, analiza z\u0142o\u017conych procedur<\/li>\n\n\n\n<li>Sp\u00f3\u0142ki notowane na gie\u0142dzie: kontakty z komisjami ds. audytu, AMF (odpowiednik niemieckiego Federalnego Urz\u0119du Nadzoru Us\u0142ug Finansowych) i analitykami<\/li>\n\n\n\n<li>Logistyka (Francja, Europa, Afryka) i transport publiczny (Francja, Europa)<\/li>\n\n\n\n<li>Przemys\u0142 farmaceutyczny i kosmetyczny<\/li>\n\n\n\n<li>Audyt w bran\u017cy analizy danych (sp\u00f3\u0142ka gie\u0142dowa)<\/li>\n\n\n\n<li>Audyt w bran\u017cy gier komputerowych (sp\u00f3\u0142ka gie\u0142dowa)<\/li>\n<\/ul>\n\n\n\n<h3 class=\"wp-block-heading\"><strong>Publikacje<\/strong><\/h3>\n\n\n\n<ul class=\"wp-block-list\">\n<li>Artyku\u0142y na tematy podatkowe we Francji (IWB)<\/li>\n\n\n\n<li>Artyku\u0142y na tematy zwi\u0105zane z niemieckim systemem finansowym w czasopismach francuskich (Revue Fran\u00e7aise de Comptabilit\u00e9)<\/li>\n<\/ul>\n\n\n\n\n\n<div class=\"wp-block-button zurueck\"><a class=\"wp-block-button__link wp-element-button\" href=\"https:\/\/www.gamapa.de\/pl\/doradcy\/\">wstecz<\/a><\/div>\n\n\n\n<p><\/p>\n","protected":false},"excerpt":{"rendered":"<p>Specjalizacje Przebieg kariery zawodowej 1981-1983 Liceum Og\u00f3lnokszta\u0142c\u0105ce w Louis-Le-Grand (Classes Pr\u00e9paratoires \u00e0 HEC), Pary\u017cu 1983-1986 HEC (Pary\u017c): MSc in Finance (nr 1 w \u015bwiatowym rankingu Financial Times) 1993 Commissaire aux Comptes 1986-2014 Mazars (Pary\u017c, Frankfurt, D\u00fcsseldorf): od Asystenta (w gabinecie Roberta Mazarsa) do Partnera 2014-2016 Przygotowanie do egzaminu na bieg\u0142ego rewidenta 2017-2020 Bieg\u0142y rewident w <a href=\"https:\/\/www.gamapa.de\/pl\/doradcy\/jean-paul-stevenard-biegly-rewident\/\">[\u2026]<\/a><\/p>\n","protected":false},"author":1,"featured_media":4361,"parent":5643,"menu_order":47,"comment_status":"closed","ping_status":"closed","template":"templates\/template-Profil.php","meta":{"_acf_changed":false,"_uag_custom_page_level_css":"","footnotes":""},"class_list":["post-4740","page","type-page","status-publish","has-post-thumbnail","hentry"],"acf":[],"yoast_head":"<!-- This site is optimized with the Yoast SEO plugin v27.5 - https:\/\/yoast.com\/product\/yoast-seo-wordpress\/ -->\n<title>Jean-Paul St\u00e9venard - GANTEF\u00dcHRER<\/title>\n<meta name=\"robots\" content=\"index, follow, max-snippet:-1, max-image-preview:large, max-video-preview:-1\" \/>\n<link rel=\"canonical\" href=\"https:\/\/www.gamapa.de\/pl\/doradcy\/jean-paul-stevenard-biegly-rewident\/\" \/>\n<meta property=\"og:locale\" content=\"pl_PL\" \/>\n<meta property=\"og:type\" content=\"article\" \/>\n<meta property=\"og:title\" content=\"Jean-Paul St\u00e9venard - GANTEF\u00dcHRER\" \/>\n<meta property=\"og:description\" content=\"Specjalizacje Przebieg kariery zawodowej 1981-1983 Liceum Og\u00f3lnokszta\u0142c\u0105ce w Louis-Le-Grand (Classes Pr\u00e9paratoires \u00e0 HEC), Pary\u017cu 1983-1986 HEC (Pary\u017c): MSc in Finance (nr 1 w \u015bwiatowym rankingu Financial Times) 1993 Commissaire aux Comptes 1986-2014 Mazars (Pary\u017c, Frankfurt, D\u00fcsseldorf): od Asystenta (w gabinecie Roberta Mazarsa) do Partnera 2014-2016 Przygotowanie do egzaminu na bieg\u0142ego rewidenta 2017-2020 Bieg\u0142y rewident w [\u2026]\" \/>\n<meta property=\"og:url\" content=\"https:\/\/www.gamapa.de\/pl\/doradcy\/jean-paul-stevenard-biegly-rewident\/\" \/>\n<meta property=\"og:site_name\" content=\"GANTEF\u00dcHRER\" \/>\n<meta property=\"article:modified_time\" content=\"2025-11-06T14:03:03+00:00\" \/>\n<meta property=\"og:image\" content=\"https:\/\/www.gamapa.de\/wp-content\/uploads\/2020\/09\/stevenard-big.jpg\" \/>\n\t<meta property=\"og:image:width\" content=\"1440\" \/>\n\t<meta property=\"og:image:height\" content=\"859\" \/>\n\t<meta property=\"og:image:type\" content=\"image\/jpeg\" \/>\n<meta name=\"twitter:card\" content=\"summary_large_image\" \/>\n<meta name=\"twitter:label1\" content=\"Szacowany czas czytania\" \/>\n\t<meta name=\"twitter:data1\" content=\"2 minuty\" \/>\n<script type=\"application\/ld+json\" class=\"yoast-schema-graph\">{\"@context\":\"https:\\\/\\\/schema.org\",\"@graph\":[{\"@type\":\"WebPage\",\"@id\":\"https:\\\/\\\/www.gamapa.de\\\/pl\\\/doradcy\\\/jean-paul-stevenard-biegly-rewident\\\/\",\"url\":\"https:\\\/\\\/www.gamapa.de\\\/pl\\\/doradcy\\\/jean-paul-stevenard-biegly-rewident\\\/\",\"name\":\"Jean-Paul St\u00e9venard - GANTEF\u00dcHRER\",\"isPartOf\":{\"@id\":\"https:\\\/\\\/www.gamapa.de\\\/pl\\\/#website\"},\"primaryImageOfPage\":{\"@id\":\"https:\\\/\\\/www.gamapa.de\\\/pl\\\/doradcy\\\/jean-paul-stevenard-biegly-rewident\\\/#primaryimage\"},\"image\":{\"@id\":\"https:\\\/\\\/www.gamapa.de\\\/pl\\\/doradcy\\\/jean-paul-stevenard-biegly-rewident\\\/#primaryimage\"},\"thumbnailUrl\":\"https:\\\/\\\/www.gamapa.de\\\/wp-content\\\/uploads\\\/2020\\\/09\\\/stevenard-big.jpg\",\"datePublished\":\"2020-08-29T18:37:04+00:00\",\"dateModified\":\"2025-11-06T14:03:03+00:00\",\"breadcrumb\":{\"@id\":\"https:\\\/\\\/www.gamapa.de\\\/pl\\\/doradcy\\\/jean-paul-stevenard-biegly-rewident\\\/#breadcrumb\"},\"inLanguage\":\"pl-PL\",\"potentialAction\":[{\"@type\":\"ReadAction\",\"target\":[\"https:\\\/\\\/www.gamapa.de\\\/pl\\\/doradcy\\\/jean-paul-stevenard-biegly-rewident\\\/\"]}]},{\"@type\":\"ImageObject\",\"inLanguage\":\"pl-PL\",\"@id\":\"https:\\\/\\\/www.gamapa.de\\\/pl\\\/doradcy\\\/jean-paul-stevenard-biegly-rewident\\\/#primaryimage\",\"url\":\"https:\\\/\\\/www.gamapa.de\\\/wp-content\\\/uploads\\\/2020\\\/09\\\/stevenard-big.jpg\",\"contentUrl\":\"https:\\\/\\\/www.gamapa.de\\\/wp-content\\\/uploads\\\/2020\\\/09\\\/stevenard-big.jpg\",\"width\":1440,\"height\":859,\"caption\":\"Jean-Paul St\u00e9venard, Wirtschaftspr\u00fcfer, Expert-comptable dipl\u00f4m\u00e9, Gantef\u00fchrer - Steuerberater, Rechtsanw\u00e4lte, Wirtschaftspr\u00fcfer\"},{\"@type\":\"BreadcrumbList\",\"@id\":\"https:\\\/\\\/www.gamapa.de\\\/pl\\\/doradcy\\\/jean-paul-stevenard-biegly-rewident\\\/#breadcrumb\",\"itemListElement\":[{\"@type\":\"ListItem\",\"position\":1,\"name\":\"Startseite\",\"item\":\"https:\\\/\\\/www.gamapa.de\\\/pl\\\/\"},{\"@type\":\"ListItem\",\"position\":2,\"name\":\"Nasi specjali\u015bci\",\"item\":\"https:\\\/\\\/www.gamapa.de\\\/pl\\\/doradcy\\\/\"},{\"@type\":\"ListItem\",\"position\":3,\"name\":\"Jean-Paul St\u00e9venard\"}]},{\"@type\":\"WebSite\",\"@id\":\"https:\\\/\\\/www.gamapa.de\\\/pl\\\/#website\",\"url\":\"https:\\\/\\\/www.gamapa.de\\\/pl\\\/\",\"name\":\"GANTEF\u00dcHRER\",\"description\":\"Wirtschaftspr\u00fcfer, Steuerberater, Rechtsanw\u00e4lte\",\"publisher\":{\"@id\":\"https:\\\/\\\/www.gamapa.de\\\/pl\\\/#organization\"},\"potentialAction\":[{\"@type\":\"SearchAction\",\"target\":{\"@type\":\"EntryPoint\",\"urlTemplate\":\"https:\\\/\\\/www.gamapa.de\\\/pl\\\/?s={search_term_string}\"},\"query-input\":{\"@type\":\"PropertyValueSpecification\",\"valueRequired\":true,\"valueName\":\"search_term_string\"}}],\"inLanguage\":\"pl-PL\"},{\"@type\":\"Organization\",\"@id\":\"https:\\\/\\\/www.gamapa.de\\\/pl\\\/#organization\",\"name\":\"Gantef\u00fchrer Wirtschaftspr\u00fcfer, Steuerberater, Rechtsanw\u00e4lte\",\"url\":\"https:\\\/\\\/www.gamapa.de\\\/pl\\\/\",\"logo\":{\"@type\":\"ImageObject\",\"inLanguage\":\"pl-PL\",\"@id\":\"https:\\\/\\\/www.gamapa.de\\\/pl\\\/#\\\/schema\\\/logo\\\/image\\\/\",\"url\":\"https:\\\/\\\/www.gamapa.de\\\/wp-content\\\/uploads\\\/2026\\\/01\\\/Logo-Gantefuehrer.png\",\"contentUrl\":\"https:\\\/\\\/www.gamapa.de\\\/wp-content\\\/uploads\\\/2026\\\/01\\\/Logo-Gantefuehrer.png\",\"width\":767,\"height\":156,\"caption\":\"Gantef\u00fchrer Wirtschaftspr\u00fcfer, Steuerberater, Rechtsanw\u00e4lte\"},\"image\":{\"@id\":\"https:\\\/\\\/www.gamapa.de\\\/pl\\\/#\\\/schema\\\/logo\\\/image\\\/\"}}]}<\/script>\n<!-- \/ Yoast SEO plugin. -->","yoast_head_json":{"title":"Jean-Paul St\u00e9venard - GANTEF\u00dcHRER","robots":{"index":"index","follow":"follow","max-snippet":"max-snippet:-1","max-image-preview":"max-image-preview:large","max-video-preview":"max-video-preview:-1"},"canonical":"https:\/\/www.gamapa.de\/pl\/doradcy\/jean-paul-stevenard-biegly-rewident\/","og_locale":"pl_PL","og_type":"article","og_title":"Jean-Paul St\u00e9venard - GANTEF\u00dcHRER","og_description":"Specjalizacje Przebieg kariery zawodowej 1981-1983 Liceum Og\u00f3lnokszta\u0142c\u0105ce w Louis-Le-Grand (Classes Pr\u00e9paratoires \u00e0 HEC), Pary\u017cu 1983-1986 HEC (Pary\u017c): MSc in Finance (nr 1 w \u015bwiatowym rankingu Financial Times) 1993 Commissaire aux Comptes 1986-2014 Mazars (Pary\u017c, Frankfurt, D\u00fcsseldorf): od Asystenta (w gabinecie Roberta Mazarsa) do Partnera 2014-2016 Przygotowanie do egzaminu na bieg\u0142ego rewidenta 2017-2020 Bieg\u0142y rewident w [\u2026]","og_url":"https:\/\/www.gamapa.de\/pl\/doradcy\/jean-paul-stevenard-biegly-rewident\/","og_site_name":"GANTEF\u00dcHRER","article_modified_time":"2025-11-06T14:03:03+00:00","og_image":[{"width":1440,"height":859,"url":"https:\/\/www.gamapa.de\/wp-content\/uploads\/2020\/09\/stevenard-big.jpg","type":"image\/jpeg"}],"twitter_card":"summary_large_image","twitter_misc":{"Szacowany czas czytania":"2 minuty"},"schema":{"@context":"https:\/\/schema.org","@graph":[{"@type":"WebPage","@id":"https:\/\/www.gamapa.de\/pl\/doradcy\/jean-paul-stevenard-biegly-rewident\/","url":"https:\/\/www.gamapa.de\/pl\/doradcy\/jean-paul-stevenard-biegly-rewident\/","name":"Jean-Paul St\u00e9venard - GANTEF\u00dcHRER","isPartOf":{"@id":"https:\/\/www.gamapa.de\/pl\/#website"},"primaryImageOfPage":{"@id":"https:\/\/www.gamapa.de\/pl\/doradcy\/jean-paul-stevenard-biegly-rewident\/#primaryimage"},"image":{"@id":"https:\/\/www.gamapa.de\/pl\/doradcy\/jean-paul-stevenard-biegly-rewident\/#primaryimage"},"thumbnailUrl":"https:\/\/www.gamapa.de\/wp-content\/uploads\/2020\/09\/stevenard-big.jpg","datePublished":"2020-08-29T18:37:04+00:00","dateModified":"2025-11-06T14:03:03+00:00","breadcrumb":{"@id":"https:\/\/www.gamapa.de\/pl\/doradcy\/jean-paul-stevenard-biegly-rewident\/#breadcrumb"},"inLanguage":"pl-PL","potentialAction":[{"@type":"ReadAction","target":["https:\/\/www.gamapa.de\/pl\/doradcy\/jean-paul-stevenard-biegly-rewident\/"]}]},{"@type":"ImageObject","inLanguage":"pl-PL","@id":"https:\/\/www.gamapa.de\/pl\/doradcy\/jean-paul-stevenard-biegly-rewident\/#primaryimage","url":"https:\/\/www.gamapa.de\/wp-content\/uploads\/2020\/09\/stevenard-big.jpg","contentUrl":"https:\/\/www.gamapa.de\/wp-content\/uploads\/2020\/09\/stevenard-big.jpg","width":1440,"height":859,"caption":"Jean-Paul St\u00e9venard, Wirtschaftspr\u00fcfer, Expert-comptable dipl\u00f4m\u00e9, Gantef\u00fchrer - Steuerberater, Rechtsanw\u00e4lte, Wirtschaftspr\u00fcfer"},{"@type":"BreadcrumbList","@id":"https:\/\/www.gamapa.de\/pl\/doradcy\/jean-paul-stevenard-biegly-rewident\/#breadcrumb","itemListElement":[{"@type":"ListItem","position":1,"name":"Startseite","item":"https:\/\/www.gamapa.de\/pl\/"},{"@type":"ListItem","position":2,"name":"Nasi specjali\u015bci","item":"https:\/\/www.gamapa.de\/pl\/doradcy\/"},{"@type":"ListItem","position":3,"name":"Jean-Paul St\u00e9venard"}]},{"@type":"WebSite","@id":"https:\/\/www.gamapa.de\/pl\/#website","url":"https:\/\/www.gamapa.de\/pl\/","name":"GANTEF\u00dcHRER","description":"Wirtschaftspr\u00fcfer, Steuerberater, Rechtsanw\u00e4lte","publisher":{"@id":"https:\/\/www.gamapa.de\/pl\/#organization"},"potentialAction":[{"@type":"SearchAction","target":{"@type":"EntryPoint","urlTemplate":"https:\/\/www.gamapa.de\/pl\/?s={search_term_string}"},"query-input":{"@type":"PropertyValueSpecification","valueRequired":true,"valueName":"search_term_string"}}],"inLanguage":"pl-PL"},{"@type":"Organization","@id":"https:\/\/www.gamapa.de\/pl\/#organization","name":"Gantef\u00fchrer Wirtschaftspr\u00fcfer, Steuerberater, Rechtsanw\u00e4lte","url":"https:\/\/www.gamapa.de\/pl\/","logo":{"@type":"ImageObject","inLanguage":"pl-PL","@id":"https:\/\/www.gamapa.de\/pl\/#\/schema\/logo\/image\/","url":"https:\/\/www.gamapa.de\/wp-content\/uploads\/2026\/01\/Logo-Gantefuehrer.png","contentUrl":"https:\/\/www.gamapa.de\/wp-content\/uploads\/2026\/01\/Logo-Gantefuehrer.png","width":767,"height":156,"caption":"Gantef\u00fchrer Wirtschaftspr\u00fcfer, Steuerberater, Rechtsanw\u00e4lte"},"image":{"@id":"https:\/\/www.gamapa.de\/pl\/#\/schema\/logo\/image\/"}}]}},"uagb_featured_image_src":{"full":["https:\/\/www.gamapa.de\/wp-content\/uploads\/2020\/09\/stevenard-big.jpg",1440,859,false],"thumbnail":["https:\/\/www.gamapa.de\/wp-content\/uploads\/2020\/09\/stevenard-big-150x150.jpg",150,150,true],"medium":["https:\/\/www.gamapa.de\/wp-content\/uploads\/2020\/09\/stevenard-big-600x358.jpg",600,358,true],"medium_large":["https:\/\/www.gamapa.de\/wp-content\/uploads\/2020\/09\/stevenard-big-768x458.jpg",580,346,true],"large":["https:\/\/www.gamapa.de\/wp-content\/uploads\/2020\/09\/stevenard-big.jpg",580,346,false],"gs-tiny":["https:\/\/www.gamapa.de\/wp-content\/uploads\/2020\/09\/stevenard-big.jpg",50,30,false],"xl":["https:\/\/www.gamapa.de\/wp-content\/uploads\/2020\/09\/stevenard-big.jpg",1440,859,false],"xxl":["https:\/\/www.gamapa.de\/wp-content\/uploads\/2020\/09\/stevenard-big.jpg",1440,859,false],"xxxl":["https:\/\/www.gamapa.de\/wp-content\/uploads\/2020\/09\/stevenard-big.jpg",1440,859,false],"xxxxl":["https:\/\/www.gamapa.de\/wp-content\/uploads\/2020\/09\/stevenard-big.jpg",1440,859,false],"xxxxxl":["https:\/\/www.gamapa.de\/wp-content\/uploads\/2020\/09\/stevenard-big.jpg",1440,859,false],"1536x1536":["https:\/\/www.gamapa.de\/wp-content\/uploads\/2020\/09\/stevenard-big.jpg",1440,859,false],"2048x2048":["https:\/\/www.gamapa.de\/wp-content\/uploads\/2020\/09\/stevenard-big.jpg",1440,859,false],"post-thumbnail":["https:\/\/www.gamapa.de\/wp-content\/uploads\/2020\/09\/stevenard-big.jpg",1440,859,false],"twentytwenty-fullscreen":["https:\/\/www.gamapa.de\/wp-content\/uploads\/2020\/09\/stevenard-big.jpg",1440,859,false],"theme-slug-single-post":["https:\/\/www.gamapa.de\/wp-content\/uploads\/2020\/09\/stevenard-big-1440x400.jpg",1440,400,true]},"uagb_author_info":{"display_name":"linda","author_link":"https:\/\/www.gamapa.de\/pl\/author\/linda\/"},"uagb_comment_info":0,"uagb_excerpt":"Specjalizacje Przebieg kariery zawodowej 1981-1983 Liceum Og\u00f3lnokszta\u0142c\u0105ce w Louis-Le-Grand (Classes Pr\u00e9paratoires \u00e0 HEC), Pary\u017cu 1983-1986 HEC (Pary\u017c): MSc in Finance (nr 1 w \u015bwiatowym rankingu Financial Times) 1993 Commissaire aux Comptes 1986-2014 Mazars (Pary\u017c, Frankfurt, D\u00fcsseldorf): od Asystenta (w gabinecie Roberta Mazarsa) do Partnera 2014-2016 Przygotowanie do egzaminu na bieg\u0142ego rewidenta 2017-2020 Bieg\u0142y rewident w&hellip;","_links":{"self":[{"href":"https:\/\/www.gamapa.de\/pl\/wp-json\/wp\/v2\/pages\/4740","targetHints":{"allow":["GET"]}}],"collection":[{"href":"https:\/\/www.gamapa.de\/pl\/wp-json\/wp\/v2\/pages"}],"about":[{"href":"https:\/\/www.gamapa.de\/pl\/wp-json\/wp\/v2\/types\/page"}],"author":[{"embeddable":true,"href":"https:\/\/www.gamapa.de\/pl\/wp-json\/wp\/v2\/users\/1"}],"replies":[{"embeddable":true,"href":"https:\/\/www.gamapa.de\/pl\/wp-json\/wp\/v2\/comments?post=4740"}],"version-history":[{"count":9,"href":"https:\/\/www.gamapa.de\/pl\/wp-json\/wp\/v2\/pages\/4740\/revisions"}],"predecessor-version":[{"id":22337,"href":"https:\/\/www.gamapa.de\/pl\/wp-json\/wp\/v2\/pages\/4740\/revisions\/22337"}],"up":[{"embeddable":true,"href":"https:\/\/www.gamapa.de\/pl\/wp-json\/wp\/v2\/pages\/5643"}],"wp:featuredmedia":[{"embeddable":true,"href":"https:\/\/www.gamapa.de\/pl\/wp-json\/wp\/v2\/media\/4361"}],"wp:attachment":[{"href":"https:\/\/www.gamapa.de\/pl\/wp-json\/wp\/v2\/media?parent=4740"}],"curies":[{"name":"wp","href":"https:\/\/api.w.org\/{rel}","templated":true}]}}