

{"id":4766,"date":"2020-09-01T16:51:58","date_gmt":"2020-09-01T14:51:58","guid":{"rendered":"https:\/\/www.gamapa.de\/dr-jochen-kissling-rechtsanwalt-partner\/"},"modified":"2025-09-01T14:16:15","modified_gmt":"2025-09-01T12:16:15","slug":"dr-jochen-kissling-adwokat-partner","status":"publish","type":"page","link":"https:\/\/www.gamapa.de\/pl\/doradcy\/dr-jochen-kissling-adwokat-partner\/","title":{"rendered":"Dr. Jochen Kissling"},"content":{"rendered":"\n<h3 class=\"wp-block-heading\">Specjalizacje<\/h3>\n\n\n\n<ul class=\"wp-block-list\">\n<li>Prawo handlowe i prawo sp\u00f3\u0142ek, prawo fundacji<\/li>\n\n\n\n<li>Odpowiedzialno\u015b\u0107 cz\u0142onk\u00f3w zarz\u0105du i kierownictwa, odpowiedzialno\u015b\u0107 organ\u00f3w zarz\u0105du<\/li>\n\n\n\n<li>Sukcesja w biznesie<\/li>\n\n\n\n<li>Prawo sztuki<\/li>\n\n\n\n<li>Prawo informatyczne<\/li>\n\n\n\n<li>Post\u0119powanie s\u0105dowe<\/li>\n<\/ul>\n\n\n\n<h3 class=\"wp-block-heading\">Przebieg kariery zawodowej<\/h3>\n\n\n\n<figure class=\"wp-block-table tablist\"><table><tbody><tr><td>1991-1997 <\/td><td>Uniwersytety w W\u00fcrzburgu, Aberystwyth (Walia) i Monachium (LMU)<\/td><\/tr><tr><td>1997-2001<\/td><td>Promocja na doktora praw<\/td><\/tr><tr><td>1998-2000<\/td><td>Sta\u017c prawniczy w Duisburgu\/D\u00fcsseldorfie ze stacj\u0105 w Ambasadzie Niemiec w San Jos\u00e9, Kostaryka<\/td><\/tr><tr><td>2000-2001<\/td><td>Radca prawny w kancelarii Linderhaus Rechtsanw\u00e4lte, D\u00fcsseldorf<\/td><\/tr><tr><td>2002-2003 <\/td><td>Radca prawny w KPMG Beiten Burkhardt Rechtsanwaltsgesellschaft, D\u00fcsseldorf<\/td><\/tr><tr><td>od 2004<\/td><td>Radca prawny w kancelarii Dr. Gantef\u00fchrer, Marquardt &amp; Partner<\/td><\/tr><tr><td>od 2010<\/td><td>Partner<\/td><\/tr><\/tbody><\/table><\/figure>\n\n\n\n<h3 class=\"wp-block-heading\">Obs\u0142ugiwane bran\u017ce<\/h3>\n\n\n\n<ul class=\"wp-block-list\">\n<li>\u015arednie przedsi\u0119biorstwa z r\u00f3\u017cnych bran\u017c<\/li>\n\n\n\n<li>Przemys\u0142 stalowy i narz\u0119dziowy<\/li>\n\n\n\n<li>Fundacje i organizacje po\u017cytku publicznego<\/li>\n<\/ul>\n\n\n\n<h3 class=\"wp-block-heading\">Publikacje<\/h3>\n\n\n\n<ul class=\"wp-block-list\">\n<li>P\u0142atno\u015b\u0107 walutami elektronicznymi<em>, <\/em>2003<\/li>\n\n\n\n<li>Poj\u0119cie przej\u015bcia zarzut\u00f3w w przypadku finansowania nabycia udzia\u0142\u00f3w w funduszach z kredytu<em>, <\/em>NZG 2004, 316<\/li>\n<\/ul>\n\n\n\n\n\n<div class=\"wp-block-button zurueck\"><a class=\"wp-block-button__link wp-element-button\" href=\"https:\/\/www.gamapa.de\/pl\/doradcy\/\">wstecz<\/a><\/div>\n\n\n\n<p><\/p>\n","protected":false},"excerpt":{"rendered":"<p>Specjalizacje Przebieg kariery zawodowej 1991-1997 Uniwersytety w W\u00fcrzburgu, Aberystwyth (Walia) i Monachium (LMU) 1997-2001 Promocja na doktora praw 1998-2000 Sta\u017c prawniczy w Duisburgu\/D\u00fcsseldorfie ze stacj\u0105 w Ambasadzie Niemiec w San Jos\u00e9, Kostaryka 2000-2001 Radca prawny w kancelarii Linderhaus Rechtsanw\u00e4lte, D\u00fcsseldorf 2002-2003 Radca prawny w KPMG Beiten Burkhardt Rechtsanwaltsgesellschaft, D\u00fcsseldorf od 2004 Radca prawny w kancelarii <a href=\"https:\/\/www.gamapa.de\/pl\/doradcy\/dr-jochen-kissling-adwokat-partner\/\">[\u2026]<\/a><\/p>\n","protected":false},"author":1,"featured_media":8149,"parent":5643,"menu_order":19,"comment_status":"closed","ping_status":"closed","template":"templates\/template-Profil.php","meta":{"_acf_changed":false,"_uag_custom_page_level_css":"","footnotes":""},"class_list":["post-4766","page","type-page","status-publish","has-post-thumbnail","hentry"],"acf":[],"yoast_head":"<!-- This site is optimized with the Yoast SEO plugin v27.5 - https:\/\/yoast.com\/product\/yoast-seo-wordpress\/ -->\n<title>Dr. Jochen Kissling - GANTEF\u00dcHRER<\/title>\n<meta name=\"robots\" content=\"index, follow, max-snippet:-1, max-image-preview:large, max-video-preview:-1\" \/>\n<link rel=\"canonical\" href=\"https:\/\/www.gamapa.de\/pl\/doradcy\/dr-jochen-kissling-adwokat-partner\/\" \/>\n<meta property=\"og:locale\" content=\"pl_PL\" \/>\n<meta property=\"og:type\" content=\"article\" \/>\n<meta property=\"og:title\" content=\"Dr. Jochen Kissling - GANTEF\u00dcHRER\" \/>\n<meta property=\"og:description\" content=\"Specjalizacje Przebieg kariery zawodowej 1991-1997 Uniwersytety w W\u00fcrzburgu, Aberystwyth (Walia) i Monachium (LMU) 1997-2001 Promocja na doktora praw 1998-2000 Sta\u017c prawniczy w Duisburgu\/D\u00fcsseldorfie ze stacj\u0105 w Ambasadzie Niemiec w San Jos\u00e9, Kostaryka 2000-2001 Radca prawny w kancelarii Linderhaus Rechtsanw\u00e4lte, D\u00fcsseldorf 2002-2003 Radca prawny w KPMG Beiten Burkhardt Rechtsanwaltsgesellschaft, D\u00fcsseldorf od 2004 Radca prawny w kancelarii [\u2026]\" \/>\n<meta property=\"og:url\" content=\"https:\/\/www.gamapa.de\/pl\/doradcy\/dr-jochen-kissling-adwokat-partner\/\" \/>\n<meta property=\"og:site_name\" content=\"GANTEF\u00dcHRER\" \/>\n<meta property=\"article:modified_time\" content=\"2025-09-01T12:16:15+00:00\" \/>\n<meta property=\"og:image\" content=\"https:\/\/www.gamapa.de\/wp-content\/uploads\/2020\/08\/Kissling-big-2.jpg\" \/>\n\t<meta property=\"og:image:width\" content=\"1440\" \/>\n\t<meta property=\"og:image:height\" content=\"859\" \/>\n\t<meta property=\"og:image:type\" content=\"image\/jpeg\" \/>\n<meta name=\"twitter:card\" content=\"summary_large_image\" \/>\n<meta name=\"twitter:label1\" content=\"Szacowany czas czytania\" \/>\n\t<meta name=\"twitter:data1\" content=\"1 minuta\" \/>\n<script type=\"application\/ld+json\" class=\"yoast-schema-graph\">{\"@context\":\"https:\\\/\\\/schema.org\",\"@graph\":[{\"@type\":\"WebPage\",\"@id\":\"https:\\\/\\\/www.gamapa.de\\\/pl\\\/doradcy\\\/dr-jochen-kissling-adwokat-partner\\\/\",\"url\":\"https:\\\/\\\/www.gamapa.de\\\/pl\\\/doradcy\\\/dr-jochen-kissling-adwokat-partner\\\/\",\"name\":\"Dr. Jochen Kissling - GANTEF\u00dcHRER\",\"isPartOf\":{\"@id\":\"https:\\\/\\\/www.gamapa.de\\\/pl\\\/#website\"},\"primaryImageOfPage\":{\"@id\":\"https:\\\/\\\/www.gamapa.de\\\/pl\\\/doradcy\\\/dr-jochen-kissling-adwokat-partner\\\/#primaryimage\"},\"image\":{\"@id\":\"https:\\\/\\\/www.gamapa.de\\\/pl\\\/doradcy\\\/dr-jochen-kissling-adwokat-partner\\\/#primaryimage\"},\"thumbnailUrl\":\"https:\\\/\\\/www.gamapa.de\\\/wp-content\\\/uploads\\\/2020\\\/08\\\/Kissling-big-2.jpg\",\"datePublished\":\"2020-09-01T14:51:58+00:00\",\"dateModified\":\"2025-09-01T12:16:15+00:00\",\"breadcrumb\":{\"@id\":\"https:\\\/\\\/www.gamapa.de\\\/pl\\\/doradcy\\\/dr-jochen-kissling-adwokat-partner\\\/#breadcrumb\"},\"inLanguage\":\"pl-PL\",\"potentialAction\":[{\"@type\":\"ReadAction\",\"target\":[\"https:\\\/\\\/www.gamapa.de\\\/pl\\\/doradcy\\\/dr-jochen-kissling-adwokat-partner\\\/\"]}]},{\"@type\":\"ImageObject\",\"inLanguage\":\"pl-PL\",\"@id\":\"https:\\\/\\\/www.gamapa.de\\\/pl\\\/doradcy\\\/dr-jochen-kissling-adwokat-partner\\\/#primaryimage\",\"url\":\"https:\\\/\\\/www.gamapa.de\\\/wp-content\\\/uploads\\\/2020\\\/08\\\/Kissling-big-2.jpg\",\"contentUrl\":\"https:\\\/\\\/www.gamapa.de\\\/wp-content\\\/uploads\\\/2020\\\/08\\\/Kissling-big-2.jpg\",\"width\":1440,\"height\":859,\"caption\":\"Dr. Jochen Kissling, Rechtsanwalt, Partner\"},{\"@type\":\"BreadcrumbList\",\"@id\":\"https:\\\/\\\/www.gamapa.de\\\/pl\\\/doradcy\\\/dr-jochen-kissling-adwokat-partner\\\/#breadcrumb\",\"itemListElement\":[{\"@type\":\"ListItem\",\"position\":1,\"name\":\"Startseite\",\"item\":\"https:\\\/\\\/www.gamapa.de\\\/pl\\\/\"},{\"@type\":\"ListItem\",\"position\":2,\"name\":\"Nasi specjali\u015bci\",\"item\":\"https:\\\/\\\/www.gamapa.de\\\/pl\\\/doradcy\\\/\"},{\"@type\":\"ListItem\",\"position\":3,\"name\":\"Dr. Jochen Kissling\"}]},{\"@type\":\"WebSite\",\"@id\":\"https:\\\/\\\/www.gamapa.de\\\/pl\\\/#website\",\"url\":\"https:\\\/\\\/www.gamapa.de\\\/pl\\\/\",\"name\":\"GANTEF\u00dcHRER\",\"description\":\"Wirtschaftspr\u00fcfer, Steuerberater, Rechtsanw\u00e4lte\",\"publisher\":{\"@id\":\"https:\\\/\\\/www.gamapa.de\\\/pl\\\/#organization\"},\"potentialAction\":[{\"@type\":\"SearchAction\",\"target\":{\"@type\":\"EntryPoint\",\"urlTemplate\":\"https:\\\/\\\/www.gamapa.de\\\/pl\\\/?s={search_term_string}\"},\"query-input\":{\"@type\":\"PropertyValueSpecification\",\"valueRequired\":true,\"valueName\":\"search_term_string\"}}],\"inLanguage\":\"pl-PL\"},{\"@type\":\"Organization\",\"@id\":\"https:\\\/\\\/www.gamapa.de\\\/pl\\\/#organization\",\"name\":\"Gantef\u00fchrer Wirtschaftspr\u00fcfer, Steuerberater, Rechtsanw\u00e4lte\",\"url\":\"https:\\\/\\\/www.gamapa.de\\\/pl\\\/\",\"logo\":{\"@type\":\"ImageObject\",\"inLanguage\":\"pl-PL\",\"@id\":\"https:\\\/\\\/www.gamapa.de\\\/pl\\\/#\\\/schema\\\/logo\\\/image\\\/\",\"url\":\"https:\\\/\\\/www.gamapa.de\\\/wp-content\\\/uploads\\\/2026\\\/01\\\/Logo-Gantefuehrer.png\",\"contentUrl\":\"https:\\\/\\\/www.gamapa.de\\\/wp-content\\\/uploads\\\/2026\\\/01\\\/Logo-Gantefuehrer.png\",\"width\":767,\"height\":156,\"caption\":\"Gantef\u00fchrer Wirtschaftspr\u00fcfer, Steuerberater, Rechtsanw\u00e4lte\"},\"image\":{\"@id\":\"https:\\\/\\\/www.gamapa.de\\\/pl\\\/#\\\/schema\\\/logo\\\/image\\\/\"}}]}<\/script>\n<!-- \/ Yoast SEO plugin. -->","yoast_head_json":{"title":"Dr. Jochen Kissling - GANTEF\u00dcHRER","robots":{"index":"index","follow":"follow","max-snippet":"max-snippet:-1","max-image-preview":"max-image-preview:large","max-video-preview":"max-video-preview:-1"},"canonical":"https:\/\/www.gamapa.de\/pl\/doradcy\/dr-jochen-kissling-adwokat-partner\/","og_locale":"pl_PL","og_type":"article","og_title":"Dr. Jochen Kissling - GANTEF\u00dcHRER","og_description":"Specjalizacje Przebieg kariery zawodowej 1991-1997 Uniwersytety w W\u00fcrzburgu, Aberystwyth (Walia) i Monachium (LMU) 1997-2001 Promocja na doktora praw 1998-2000 Sta\u017c prawniczy w Duisburgu\/D\u00fcsseldorfie ze stacj\u0105 w Ambasadzie Niemiec w San Jos\u00e9, Kostaryka 2000-2001 Radca prawny w kancelarii Linderhaus Rechtsanw\u00e4lte, D\u00fcsseldorf 2002-2003 Radca prawny w KPMG Beiten Burkhardt Rechtsanwaltsgesellschaft, D\u00fcsseldorf od 2004 Radca prawny w kancelarii [\u2026]","og_url":"https:\/\/www.gamapa.de\/pl\/doradcy\/dr-jochen-kissling-adwokat-partner\/","og_site_name":"GANTEF\u00dcHRER","article_modified_time":"2025-09-01T12:16:15+00:00","og_image":[{"width":1440,"height":859,"url":"https:\/\/www.gamapa.de\/wp-content\/uploads\/2020\/08\/Kissling-big-2.jpg","type":"image\/jpeg"}],"twitter_card":"summary_large_image","twitter_misc":{"Szacowany czas czytania":"1 minuta"},"schema":{"@context":"https:\/\/schema.org","@graph":[{"@type":"WebPage","@id":"https:\/\/www.gamapa.de\/pl\/doradcy\/dr-jochen-kissling-adwokat-partner\/","url":"https:\/\/www.gamapa.de\/pl\/doradcy\/dr-jochen-kissling-adwokat-partner\/","name":"Dr. Jochen Kissling - GANTEF\u00dcHRER","isPartOf":{"@id":"https:\/\/www.gamapa.de\/pl\/#website"},"primaryImageOfPage":{"@id":"https:\/\/www.gamapa.de\/pl\/doradcy\/dr-jochen-kissling-adwokat-partner\/#primaryimage"},"image":{"@id":"https:\/\/www.gamapa.de\/pl\/doradcy\/dr-jochen-kissling-adwokat-partner\/#primaryimage"},"thumbnailUrl":"https:\/\/www.gamapa.de\/wp-content\/uploads\/2020\/08\/Kissling-big-2.jpg","datePublished":"2020-09-01T14:51:58+00:00","dateModified":"2025-09-01T12:16:15+00:00","breadcrumb":{"@id":"https:\/\/www.gamapa.de\/pl\/doradcy\/dr-jochen-kissling-adwokat-partner\/#breadcrumb"},"inLanguage":"pl-PL","potentialAction":[{"@type":"ReadAction","target":["https:\/\/www.gamapa.de\/pl\/doradcy\/dr-jochen-kissling-adwokat-partner\/"]}]},{"@type":"ImageObject","inLanguage":"pl-PL","@id":"https:\/\/www.gamapa.de\/pl\/doradcy\/dr-jochen-kissling-adwokat-partner\/#primaryimage","url":"https:\/\/www.gamapa.de\/wp-content\/uploads\/2020\/08\/Kissling-big-2.jpg","contentUrl":"https:\/\/www.gamapa.de\/wp-content\/uploads\/2020\/08\/Kissling-big-2.jpg","width":1440,"height":859,"caption":"Dr. Jochen Kissling, Rechtsanwalt, Partner"},{"@type":"BreadcrumbList","@id":"https:\/\/www.gamapa.de\/pl\/doradcy\/dr-jochen-kissling-adwokat-partner\/#breadcrumb","itemListElement":[{"@type":"ListItem","position":1,"name":"Startseite","item":"https:\/\/www.gamapa.de\/pl\/"},{"@type":"ListItem","position":2,"name":"Nasi specjali\u015bci","item":"https:\/\/www.gamapa.de\/pl\/doradcy\/"},{"@type":"ListItem","position":3,"name":"Dr. Jochen Kissling"}]},{"@type":"WebSite","@id":"https:\/\/www.gamapa.de\/pl\/#website","url":"https:\/\/www.gamapa.de\/pl\/","name":"GANTEF\u00dcHRER","description":"Wirtschaftspr\u00fcfer, Steuerberater, Rechtsanw\u00e4lte","publisher":{"@id":"https:\/\/www.gamapa.de\/pl\/#organization"},"potentialAction":[{"@type":"SearchAction","target":{"@type":"EntryPoint","urlTemplate":"https:\/\/www.gamapa.de\/pl\/?s={search_term_string}"},"query-input":{"@type":"PropertyValueSpecification","valueRequired":true,"valueName":"search_term_string"}}],"inLanguage":"pl-PL"},{"@type":"Organization","@id":"https:\/\/www.gamapa.de\/pl\/#organization","name":"Gantef\u00fchrer Wirtschaftspr\u00fcfer, Steuerberater, Rechtsanw\u00e4lte","url":"https:\/\/www.gamapa.de\/pl\/","logo":{"@type":"ImageObject","inLanguage":"pl-PL","@id":"https:\/\/www.gamapa.de\/pl\/#\/schema\/logo\/image\/","url":"https:\/\/www.gamapa.de\/wp-content\/uploads\/2026\/01\/Logo-Gantefuehrer.png","contentUrl":"https:\/\/www.gamapa.de\/wp-content\/uploads\/2026\/01\/Logo-Gantefuehrer.png","width":767,"height":156,"caption":"Gantef\u00fchrer Wirtschaftspr\u00fcfer, Steuerberater, Rechtsanw\u00e4lte"},"image":{"@id":"https:\/\/www.gamapa.de\/pl\/#\/schema\/logo\/image\/"}}]}},"uagb_featured_image_src":{"full":["https:\/\/www.gamapa.de\/wp-content\/uploads\/2020\/08\/Kissling-big-2.jpg",1440,859,false],"thumbnail":["https:\/\/www.gamapa.de\/wp-content\/uploads\/2020\/08\/Kissling-big-2-150x150.jpg",150,150,true],"medium":["https:\/\/www.gamapa.de\/wp-content\/uploads\/2020\/08\/Kissling-big-2-600x358.jpg",600,358,true],"medium_large":["https:\/\/www.gamapa.de\/wp-content\/uploads\/2020\/08\/Kissling-big-2-768x458.jpg",580,346,true],"large":["https:\/\/www.gamapa.de\/wp-content\/uploads\/2020\/08\/Kissling-big-2.jpg",580,346,false],"gs-tiny":["https:\/\/www.gamapa.de\/wp-content\/uploads\/2020\/08\/Kissling-big-2.jpg",50,30,false],"xl":["https:\/\/www.gamapa.de\/wp-content\/uploads\/2020\/08\/Kissling-big-2.jpg",1440,859,false],"xxl":["https:\/\/www.gamapa.de\/wp-content\/uploads\/2020\/08\/Kissling-big-2.jpg",1440,859,false],"xxxl":["https:\/\/www.gamapa.de\/wp-content\/uploads\/2020\/08\/Kissling-big-2.jpg",1440,859,false],"xxxxl":["https:\/\/www.gamapa.de\/wp-content\/uploads\/2020\/08\/Kissling-big-2.jpg",1440,859,false],"xxxxxl":["https:\/\/www.gamapa.de\/wp-content\/uploads\/2020\/08\/Kissling-big-2.jpg",1440,859,false],"1536x1536":["https:\/\/www.gamapa.de\/wp-content\/uploads\/2020\/08\/Kissling-big-2.jpg",1440,859,false],"2048x2048":["https:\/\/www.gamapa.de\/wp-content\/uploads\/2020\/08\/Kissling-big-2.jpg",1440,859,false],"post-thumbnail":["https:\/\/www.gamapa.de\/wp-content\/uploads\/2020\/08\/Kissling-big-2.jpg",1440,859,false],"twentytwenty-fullscreen":["https:\/\/www.gamapa.de\/wp-content\/uploads\/2020\/08\/Kissling-big-2.jpg",1440,859,false],"theme-slug-single-post":["https:\/\/www.gamapa.de\/wp-content\/uploads\/2020\/08\/Kissling-big-2-1440x400.jpg",1440,400,true]},"uagb_author_info":{"display_name":"linda","author_link":"https:\/\/www.gamapa.de\/pl\/author\/linda\/"},"uagb_comment_info":0,"uagb_excerpt":"Specjalizacje Przebieg kariery zawodowej 1991-1997 Uniwersytety w W\u00fcrzburgu, Aberystwyth (Walia) i Monachium (LMU) 1997-2001 Promocja na doktora praw 1998-2000 Sta\u017c prawniczy w Duisburgu\/D\u00fcsseldorfie ze stacj\u0105 w Ambasadzie Niemiec w San Jos\u00e9, Kostaryka 2000-2001 Radca prawny w kancelarii Linderhaus Rechtsanw\u00e4lte, D\u00fcsseldorf 2002-2003 Radca prawny w KPMG Beiten Burkhardt Rechtsanwaltsgesellschaft, D\u00fcsseldorf od 2004 Radca prawny w kancelarii&hellip;","_links":{"self":[{"href":"https:\/\/www.gamapa.de\/pl\/wp-json\/wp\/v2\/pages\/4766","targetHints":{"allow":["GET"]}}],"collection":[{"href":"https:\/\/www.gamapa.de\/pl\/wp-json\/wp\/v2\/pages"}],"about":[{"href":"https:\/\/www.gamapa.de\/pl\/wp-json\/wp\/v2\/types\/page"}],"author":[{"embeddable":true,"href":"https:\/\/www.gamapa.de\/pl\/wp-json\/wp\/v2\/users\/1"}],"replies":[{"embeddable":true,"href":"https:\/\/www.gamapa.de\/pl\/wp-json\/wp\/v2\/comments?post=4766"}],"version-history":[{"count":13,"href":"https:\/\/www.gamapa.de\/pl\/wp-json\/wp\/v2\/pages\/4766\/revisions"}],"predecessor-version":[{"id":21759,"href":"https:\/\/www.gamapa.de\/pl\/wp-json\/wp\/v2\/pages\/4766\/revisions\/21759"}],"up":[{"embeddable":true,"href":"https:\/\/www.gamapa.de\/pl\/wp-json\/wp\/v2\/pages\/5643"}],"wp:featuredmedia":[{"embeddable":true,"href":"https:\/\/www.gamapa.de\/pl\/wp-json\/wp\/v2\/media\/8149"}],"wp:attachment":[{"href":"https:\/\/www.gamapa.de\/pl\/wp-json\/wp\/v2\/media?parent=4766"}],"curies":[{"name":"wp","href":"https:\/\/api.w.org\/{rel}","templated":true}]}}