

{"id":4775,"date":"2020-09-01T17:04:12","date_gmt":"2020-09-01T15:04:12","guid":{"rendered":"https:\/\/www.gamapa.de\/sven-dietrich-rechtsanwalt\/"},"modified":"2026-02-25T14:07:53","modified_gmt":"2026-02-25T13:07:53","slug":"sven-dietrich-adwokat-radca-prawny","status":"publish","type":"page","link":"https:\/\/www.gamapa.de\/pl\/doradcy\/sven-dietrich-adwokat-radca-prawny\/","title":{"rendered":"Sven Dietrich"},"content":{"rendered":"\n<h3 class=\"wp-block-heading\">Specjalizacje<\/h3>\n\n\n\n<ul class=\"wp-block-list\">\n<li>Prawo dystrybucji<\/li>\n\n\n\n<li>Prawo ubezpiecze\u0144 maj\u0105tkowych<\/li>\n\n\n\n<li>Prawo nieruchomo\u015bci\/prawo najmu nieruchomo\u015bci komercyjnych<\/li>\n\n\n\n<li>Og\u00f3lne opracowanie um\u00f3w<\/li>\n\n\n\n<li>Prawo sztuki<\/li>\n\n\n\n<li>Post\u0119powanie s\u0105dowe<\/li>\n<\/ul>\n\n\n\n<h3 class=\"wp-block-heading\">Przebieg kariery zawodowej<\/h3>\n\n\n\n<figure class=\"wp-block-table tablist\"><table><tbody><tr><td>1997-2001 <\/td><td>Uniwersytety w Bochum i M\u00fcnsterze (WWU)<\/td><\/tr><tr><td>2002-2004<\/td><td>Sta\u017c w M\u00fcnsterze\/Westfalia i Frankfurcie nad Menem<\/td><\/tr><tr><td>2004-2005<\/td><td>Radca prawny w kancelarii Grooterhorst Rechtsanw\u00e4lte (obecnie: Eversheds Sutherland), D\u00fcsseldorf<\/td><\/tr><tr><td>od 2005<\/td><td>Radca prawny w kancelarii Dr. Gantef\u00fchrer, Marquardt &amp; Partner<\/td><\/tr><\/tbody><\/table><\/figure>\n\n\n\n<h3 class=\"wp-block-heading\">Obs\u0142ugiwane bran\u017ce<\/h3>\n\n\n\n<ul class=\"wp-block-list\">\n<li>Bran\u017ca modowa<\/li>\n\n\n\n<li>Firmy ubezpieczeniowe<\/li>\n\n\n\n<li>Firmy z bran\u017cy nieruchomo\u015bci<\/li>\n\n\n\n<li>Bran\u017ca fitness, w szczeg\u00f3lno\u015bci kluby fitness<\/li>\n\n\n\n<li>\u015arednie przedsi\u0119biorstwa z r\u00f3\u017cnych bran\u017c<\/li>\n<\/ul>\n\n\n\n<h3 class=\"wp-block-heading\">Wybrane zlecenia<\/h3>\n\n\n\n<ul class=\"wp-block-list\">\n<li>Sta\u0142e doradztwo prawne dla du\u017cej firmy ubezpieczeniowej zajmuj\u0105cej si\u0119 ubezpieczeniami dzie\u0142 sztuki w Niemczech w zakresie likwidacji szk\u00f3d.<\/li>\n\n\n\n<li>Regularne wsparcie transakcji dotycz\u0105cych nieruchomo\u015bci dla inwestora instytucjonalnego.<\/li>\n\n\n\n<li>Doradztwo dla du\u017cej sieci klub\u00f3w fitness w zakresie przej\u0119\u0107 przedsi\u0119biorstw (cz\u0119\u015b\u0107 dotycz\u0105ca um\u00f3w najmu\/due diligence).<\/li>\n\n\n\n<li>Bie\u017c\u0105ce doradztwo w zakresie prawa najmu dla kilku sieci klub\u00f3w fitness<\/li>\n\n\n\n<li>Doradztwo w zakresie prawa nieruchomo\u015bci dla r\u00f3\u017cnych podmiot\u00f3w prawa publicznego<\/li>\n<\/ul>\n\n\n\n\n\n<div class=\"wp-block-button zurueck\"><a class=\"wp-block-button__link wp-element-button\" href=\"https:\/\/www.gamapa.de\/pl\/doradcy\/\">wstecz<\/a><\/div>\n\n\n\n<p><\/p>\n","protected":false},"excerpt":{"rendered":"<p>Specjalizacje Przebieg kariery zawodowej 1997-2001 Uniwersytety w Bochum i M\u00fcnsterze (WWU) 2002-2004 Sta\u017c w M\u00fcnsterze\/Westfalia i Frankfurcie nad Menem 2004-2005 Radca prawny w kancelarii Grooterhorst Rechtsanw\u00e4lte (obecnie: Eversheds Sutherland), D\u00fcsseldorf od 2005 Radca prawny w kancelarii Dr. Gantef\u00fchrer, Marquardt &amp; Partner Obs\u0142ugiwane bran\u017ce Wybrane zlecenia<\/p>\n","protected":false},"author":1,"featured_media":4028,"parent":5643,"menu_order":44,"comment_status":"closed","ping_status":"closed","template":"templates\/template-Profil.php","meta":{"_acf_changed":false,"_uag_custom_page_level_css":"","footnotes":""},"class_list":["post-4775","page","type-page","status-publish","has-post-thumbnail","hentry"],"acf":[],"yoast_head":"<!-- This site is optimized with the Yoast SEO plugin v27.5 - https:\/\/yoast.com\/product\/yoast-seo-wordpress\/ -->\n<title>Sven Dietrich - GANTEF\u00dcHRER<\/title>\n<meta name=\"robots\" content=\"index, follow, max-snippet:-1, max-image-preview:large, max-video-preview:-1\" \/>\n<link rel=\"canonical\" href=\"https:\/\/www.gamapa.de\/pl\/doradcy\/sven-dietrich-adwokat-radca-prawny\/\" \/>\n<meta property=\"og:locale\" content=\"pl_PL\" \/>\n<meta property=\"og:type\" content=\"article\" \/>\n<meta property=\"og:title\" content=\"Sven Dietrich - GANTEF\u00dcHRER\" \/>\n<meta property=\"og:description\" content=\"Specjalizacje Przebieg kariery zawodowej 1997-2001 Uniwersytety w Bochum i M\u00fcnsterze (WWU) 2002-2004 Sta\u017c w M\u00fcnsterze\/Westfalia i Frankfurcie nad Menem 2004-2005 Radca prawny w kancelarii Grooterhorst Rechtsanw\u00e4lte (obecnie: Eversheds Sutherland), D\u00fcsseldorf od 2005 Radca prawny w kancelarii Dr. Gantef\u00fchrer, Marquardt &amp; Partner Obs\u0142ugiwane bran\u017ce Wybrane zlecenia\" \/>\n<meta property=\"og:url\" content=\"https:\/\/www.gamapa.de\/pl\/doradcy\/sven-dietrich-adwokat-radca-prawny\/\" \/>\n<meta property=\"og:site_name\" content=\"GANTEF\u00dcHRER\" \/>\n<meta property=\"article:modified_time\" content=\"2026-02-25T13:07:53+00:00\" \/>\n<meta property=\"og:image\" content=\"https:\/\/www.gamapa.de\/wp-content\/uploads\/2020\/08\/Dietrich-big.jpg\" \/>\n\t<meta property=\"og:image:width\" content=\"1440\" \/>\n\t<meta property=\"og:image:height\" content=\"859\" \/>\n\t<meta property=\"og:image:type\" content=\"image\/jpeg\" \/>\n<meta name=\"twitter:card\" content=\"summary_large_image\" \/>\n<meta name=\"twitter:label1\" content=\"Szacowany czas czytania\" \/>\n\t<meta name=\"twitter:data1\" content=\"1 minuta\" \/>\n<script type=\"application\/ld+json\" class=\"yoast-schema-graph\">{\"@context\":\"https:\\\/\\\/schema.org\",\"@graph\":[{\"@type\":\"WebPage\",\"@id\":\"https:\\\/\\\/www.gamapa.de\\\/pl\\\/doradcy\\\/sven-dietrich-adwokat-radca-prawny\\\/\",\"url\":\"https:\\\/\\\/www.gamapa.de\\\/pl\\\/doradcy\\\/sven-dietrich-adwokat-radca-prawny\\\/\",\"name\":\"Sven Dietrich - GANTEF\u00dcHRER\",\"isPartOf\":{\"@id\":\"https:\\\/\\\/www.gamapa.de\\\/pl\\\/#website\"},\"primaryImageOfPage\":{\"@id\":\"https:\\\/\\\/www.gamapa.de\\\/pl\\\/doradcy\\\/sven-dietrich-adwokat-radca-prawny\\\/#primaryimage\"},\"image\":{\"@id\":\"https:\\\/\\\/www.gamapa.de\\\/pl\\\/doradcy\\\/sven-dietrich-adwokat-radca-prawny\\\/#primaryimage\"},\"thumbnailUrl\":\"https:\\\/\\\/www.gamapa.de\\\/wp-content\\\/uploads\\\/2020\\\/08\\\/Dietrich-big.jpg\",\"datePublished\":\"2020-09-01T15:04:12+00:00\",\"dateModified\":\"2026-02-25T13:07:53+00:00\",\"breadcrumb\":{\"@id\":\"https:\\\/\\\/www.gamapa.de\\\/pl\\\/doradcy\\\/sven-dietrich-adwokat-radca-prawny\\\/#breadcrumb\"},\"inLanguage\":\"pl-PL\",\"potentialAction\":[{\"@type\":\"ReadAction\",\"target\":[\"https:\\\/\\\/www.gamapa.de\\\/pl\\\/doradcy\\\/sven-dietrich-adwokat-radca-prawny\\\/\"]}]},{\"@type\":\"ImageObject\",\"inLanguage\":\"pl-PL\",\"@id\":\"https:\\\/\\\/www.gamapa.de\\\/pl\\\/doradcy\\\/sven-dietrich-adwokat-radca-prawny\\\/#primaryimage\",\"url\":\"https:\\\/\\\/www.gamapa.de\\\/wp-content\\\/uploads\\\/2020\\\/08\\\/Dietrich-big.jpg\",\"contentUrl\":\"https:\\\/\\\/www.gamapa.de\\\/wp-content\\\/uploads\\\/2020\\\/08\\\/Dietrich-big.jpg\",\"width\":1440,\"height\":859,\"caption\":\"Dietrich, Sven, Sven Dietrich, Rechtsanwalt, Counsel\"},{\"@type\":\"BreadcrumbList\",\"@id\":\"https:\\\/\\\/www.gamapa.de\\\/pl\\\/doradcy\\\/sven-dietrich-adwokat-radca-prawny\\\/#breadcrumb\",\"itemListElement\":[{\"@type\":\"ListItem\",\"position\":1,\"name\":\"Startseite\",\"item\":\"https:\\\/\\\/www.gamapa.de\\\/pl\\\/\"},{\"@type\":\"ListItem\",\"position\":2,\"name\":\"Nasi specjali\u015bci\",\"item\":\"https:\\\/\\\/www.gamapa.de\\\/pl\\\/doradcy\\\/\"},{\"@type\":\"ListItem\",\"position\":3,\"name\":\"Sven Dietrich\"}]},{\"@type\":\"WebSite\",\"@id\":\"https:\\\/\\\/www.gamapa.de\\\/pl\\\/#website\",\"url\":\"https:\\\/\\\/www.gamapa.de\\\/pl\\\/\",\"name\":\"GANTEF\u00dcHRER\",\"description\":\"Wirtschaftspr\u00fcfer, Steuerberater, Rechtsanw\u00e4lte\",\"publisher\":{\"@id\":\"https:\\\/\\\/www.gamapa.de\\\/pl\\\/#organization\"},\"potentialAction\":[{\"@type\":\"SearchAction\",\"target\":{\"@type\":\"EntryPoint\",\"urlTemplate\":\"https:\\\/\\\/www.gamapa.de\\\/pl\\\/?s={search_term_string}\"},\"query-input\":{\"@type\":\"PropertyValueSpecification\",\"valueRequired\":true,\"valueName\":\"search_term_string\"}}],\"inLanguage\":\"pl-PL\"},{\"@type\":\"Organization\",\"@id\":\"https:\\\/\\\/www.gamapa.de\\\/pl\\\/#organization\",\"name\":\"Gantef\u00fchrer Wirtschaftspr\u00fcfer, Steuerberater, Rechtsanw\u00e4lte\",\"url\":\"https:\\\/\\\/www.gamapa.de\\\/pl\\\/\",\"logo\":{\"@type\":\"ImageObject\",\"inLanguage\":\"pl-PL\",\"@id\":\"https:\\\/\\\/www.gamapa.de\\\/pl\\\/#\\\/schema\\\/logo\\\/image\\\/\",\"url\":\"https:\\\/\\\/www.gamapa.de\\\/wp-content\\\/uploads\\\/2026\\\/01\\\/Logo-Gantefuehrer.png\",\"contentUrl\":\"https:\\\/\\\/www.gamapa.de\\\/wp-content\\\/uploads\\\/2026\\\/01\\\/Logo-Gantefuehrer.png\",\"width\":767,\"height\":156,\"caption\":\"Gantef\u00fchrer Wirtschaftspr\u00fcfer, Steuerberater, Rechtsanw\u00e4lte\"},\"image\":{\"@id\":\"https:\\\/\\\/www.gamapa.de\\\/pl\\\/#\\\/schema\\\/logo\\\/image\\\/\"}}]}<\/script>\n<!-- \/ Yoast SEO plugin. -->","yoast_head_json":{"title":"Sven Dietrich - GANTEF\u00dcHRER","robots":{"index":"index","follow":"follow","max-snippet":"max-snippet:-1","max-image-preview":"max-image-preview:large","max-video-preview":"max-video-preview:-1"},"canonical":"https:\/\/www.gamapa.de\/pl\/doradcy\/sven-dietrich-adwokat-radca-prawny\/","og_locale":"pl_PL","og_type":"article","og_title":"Sven Dietrich - GANTEF\u00dcHRER","og_description":"Specjalizacje Przebieg kariery zawodowej 1997-2001 Uniwersytety w Bochum i M\u00fcnsterze (WWU) 2002-2004 Sta\u017c w M\u00fcnsterze\/Westfalia i Frankfurcie nad Menem 2004-2005 Radca prawny w kancelarii Grooterhorst Rechtsanw\u00e4lte (obecnie: Eversheds Sutherland), D\u00fcsseldorf od 2005 Radca prawny w kancelarii Dr. Gantef\u00fchrer, Marquardt &amp; Partner Obs\u0142ugiwane bran\u017ce Wybrane zlecenia","og_url":"https:\/\/www.gamapa.de\/pl\/doradcy\/sven-dietrich-adwokat-radca-prawny\/","og_site_name":"GANTEF\u00dcHRER","article_modified_time":"2026-02-25T13:07:53+00:00","og_image":[{"width":1440,"height":859,"url":"https:\/\/www.gamapa.de\/wp-content\/uploads\/2020\/08\/Dietrich-big.jpg","type":"image\/jpeg"}],"twitter_card":"summary_large_image","twitter_misc":{"Szacowany czas czytania":"1 minuta"},"schema":{"@context":"https:\/\/schema.org","@graph":[{"@type":"WebPage","@id":"https:\/\/www.gamapa.de\/pl\/doradcy\/sven-dietrich-adwokat-radca-prawny\/","url":"https:\/\/www.gamapa.de\/pl\/doradcy\/sven-dietrich-adwokat-radca-prawny\/","name":"Sven Dietrich - GANTEF\u00dcHRER","isPartOf":{"@id":"https:\/\/www.gamapa.de\/pl\/#website"},"primaryImageOfPage":{"@id":"https:\/\/www.gamapa.de\/pl\/doradcy\/sven-dietrich-adwokat-radca-prawny\/#primaryimage"},"image":{"@id":"https:\/\/www.gamapa.de\/pl\/doradcy\/sven-dietrich-adwokat-radca-prawny\/#primaryimage"},"thumbnailUrl":"https:\/\/www.gamapa.de\/wp-content\/uploads\/2020\/08\/Dietrich-big.jpg","datePublished":"2020-09-01T15:04:12+00:00","dateModified":"2026-02-25T13:07:53+00:00","breadcrumb":{"@id":"https:\/\/www.gamapa.de\/pl\/doradcy\/sven-dietrich-adwokat-radca-prawny\/#breadcrumb"},"inLanguage":"pl-PL","potentialAction":[{"@type":"ReadAction","target":["https:\/\/www.gamapa.de\/pl\/doradcy\/sven-dietrich-adwokat-radca-prawny\/"]}]},{"@type":"ImageObject","inLanguage":"pl-PL","@id":"https:\/\/www.gamapa.de\/pl\/doradcy\/sven-dietrich-adwokat-radca-prawny\/#primaryimage","url":"https:\/\/www.gamapa.de\/wp-content\/uploads\/2020\/08\/Dietrich-big.jpg","contentUrl":"https:\/\/www.gamapa.de\/wp-content\/uploads\/2020\/08\/Dietrich-big.jpg","width":1440,"height":859,"caption":"Dietrich, Sven, Sven Dietrich, Rechtsanwalt, Counsel"},{"@type":"BreadcrumbList","@id":"https:\/\/www.gamapa.de\/pl\/doradcy\/sven-dietrich-adwokat-radca-prawny\/#breadcrumb","itemListElement":[{"@type":"ListItem","position":1,"name":"Startseite","item":"https:\/\/www.gamapa.de\/pl\/"},{"@type":"ListItem","position":2,"name":"Nasi specjali\u015bci","item":"https:\/\/www.gamapa.de\/pl\/doradcy\/"},{"@type":"ListItem","position":3,"name":"Sven Dietrich"}]},{"@type":"WebSite","@id":"https:\/\/www.gamapa.de\/pl\/#website","url":"https:\/\/www.gamapa.de\/pl\/","name":"GANTEF\u00dcHRER","description":"Wirtschaftspr\u00fcfer, Steuerberater, Rechtsanw\u00e4lte","publisher":{"@id":"https:\/\/www.gamapa.de\/pl\/#organization"},"potentialAction":[{"@type":"SearchAction","target":{"@type":"EntryPoint","urlTemplate":"https:\/\/www.gamapa.de\/pl\/?s={search_term_string}"},"query-input":{"@type":"PropertyValueSpecification","valueRequired":true,"valueName":"search_term_string"}}],"inLanguage":"pl-PL"},{"@type":"Organization","@id":"https:\/\/www.gamapa.de\/pl\/#organization","name":"Gantef\u00fchrer Wirtschaftspr\u00fcfer, Steuerberater, Rechtsanw\u00e4lte","url":"https:\/\/www.gamapa.de\/pl\/","logo":{"@type":"ImageObject","inLanguage":"pl-PL","@id":"https:\/\/www.gamapa.de\/pl\/#\/schema\/logo\/image\/","url":"https:\/\/www.gamapa.de\/wp-content\/uploads\/2026\/01\/Logo-Gantefuehrer.png","contentUrl":"https:\/\/www.gamapa.de\/wp-content\/uploads\/2026\/01\/Logo-Gantefuehrer.png","width":767,"height":156,"caption":"Gantef\u00fchrer Wirtschaftspr\u00fcfer, Steuerberater, Rechtsanw\u00e4lte"},"image":{"@id":"https:\/\/www.gamapa.de\/pl\/#\/schema\/logo\/image\/"}}]}},"uagb_featured_image_src":{"full":["https:\/\/www.gamapa.de\/wp-content\/uploads\/2020\/08\/Dietrich-big.jpg",1440,859,false],"thumbnail":["https:\/\/www.gamapa.de\/wp-content\/uploads\/2020\/08\/Dietrich-big-150x150.jpg",150,150,true],"medium":["https:\/\/www.gamapa.de\/wp-content\/uploads\/2020\/08\/Dietrich-big-600x358.jpg",600,358,true],"medium_large":["https:\/\/www.gamapa.de\/wp-content\/uploads\/2020\/08\/Dietrich-big-768x458.jpg",580,346,true],"large":["https:\/\/www.gamapa.de\/wp-content\/uploads\/2020\/08\/Dietrich-big.jpg",580,346,false],"gs-tiny":["https:\/\/www.gamapa.de\/wp-content\/uploads\/2020\/08\/Dietrich-big.jpg",50,30,false],"xl":["https:\/\/www.gamapa.de\/wp-content\/uploads\/2020\/08\/Dietrich-big.jpg",1440,859,false],"xxl":["https:\/\/www.gamapa.de\/wp-content\/uploads\/2020\/08\/Dietrich-big.jpg",1440,859,false],"xxxl":["https:\/\/www.gamapa.de\/wp-content\/uploads\/2020\/08\/Dietrich-big.jpg",1440,859,false],"xxxxl":["https:\/\/www.gamapa.de\/wp-content\/uploads\/2020\/08\/Dietrich-big.jpg",1440,859,false],"xxxxxl":["https:\/\/www.gamapa.de\/wp-content\/uploads\/2020\/08\/Dietrich-big.jpg",1440,859,false],"1536x1536":["https:\/\/www.gamapa.de\/wp-content\/uploads\/2020\/08\/Dietrich-big.jpg",1440,859,false],"2048x2048":["https:\/\/www.gamapa.de\/wp-content\/uploads\/2020\/08\/Dietrich-big.jpg",1440,859,false],"post-thumbnail":["https:\/\/www.gamapa.de\/wp-content\/uploads\/2020\/08\/Dietrich-big.jpg",1440,859,false],"twentytwenty-fullscreen":["https:\/\/www.gamapa.de\/wp-content\/uploads\/2020\/08\/Dietrich-big.jpg",1440,859,false],"theme-slug-single-post":["https:\/\/www.gamapa.de\/wp-content\/uploads\/2020\/08\/Dietrich-big-1440x400.jpg",1440,400,true]},"uagb_author_info":{"display_name":"linda","author_link":"https:\/\/www.gamapa.de\/pl\/author\/linda\/"},"uagb_comment_info":0,"uagb_excerpt":"Specjalizacje Przebieg kariery zawodowej 1997-2001 Uniwersytety w Bochum i M\u00fcnsterze (WWU) 2002-2004 Sta\u017c w M\u00fcnsterze\/Westfalia i Frankfurcie nad Menem 2004-2005 Radca prawny w kancelarii Grooterhorst Rechtsanw\u00e4lte (obecnie: Eversheds Sutherland), D\u00fcsseldorf od 2005 Radca prawny w kancelarii Dr. Gantef\u00fchrer, Marquardt &amp; Partner Obs\u0142ugiwane bran\u017ce Wybrane zlecenia","_links":{"self":[{"href":"https:\/\/www.gamapa.de\/pl\/wp-json\/wp\/v2\/pages\/4775","targetHints":{"allow":["GET"]}}],"collection":[{"href":"https:\/\/www.gamapa.de\/pl\/wp-json\/wp\/v2\/pages"}],"about":[{"href":"https:\/\/www.gamapa.de\/pl\/wp-json\/wp\/v2\/types\/page"}],"author":[{"embeddable":true,"href":"https:\/\/www.gamapa.de\/pl\/wp-json\/wp\/v2\/users\/1"}],"replies":[{"embeddable":true,"href":"https:\/\/www.gamapa.de\/pl\/wp-json\/wp\/v2\/comments?post=4775"}],"version-history":[{"count":9,"href":"https:\/\/www.gamapa.de\/pl\/wp-json\/wp\/v2\/pages\/4775\/revisions"}],"predecessor-version":[{"id":24390,"href":"https:\/\/www.gamapa.de\/pl\/wp-json\/wp\/v2\/pages\/4775\/revisions\/24390"}],"up":[{"embeddable":true,"href":"https:\/\/www.gamapa.de\/pl\/wp-json\/wp\/v2\/pages\/5643"}],"wp:featuredmedia":[{"embeddable":true,"href":"https:\/\/www.gamapa.de\/pl\/wp-json\/wp\/v2\/media\/4028"}],"wp:attachment":[{"href":"https:\/\/www.gamapa.de\/pl\/wp-json\/wp\/v2\/media?parent=4775"}],"curies":[{"name":"wp","href":"https:\/\/api.w.org\/{rel}","templated":true}]}}