

{"id":4804,"date":"2020-09-02T13:25:25","date_gmt":"2020-09-02T11:25:25","guid":{"rendered":"https:\/\/www.gamapa.de\/dr-lutz-starek-rechtsanwalt-partner\/"},"modified":"2026-02-10T12:38:55","modified_gmt":"2026-02-10T11:38:55","slug":"dr-lutz-starek-adwokat-partner","status":"publish","type":"page","link":"https:\/\/www.gamapa.de\/pl\/doradcy\/dr-lutz-starek-adwokat-partner\/","title":{"rendered":"Dr. Lutz Starek"},"content":{"rendered":"\n<h3 class=\"wp-block-heading\">Specjalizacje<\/h3>\n\n\n\n<ul class=\"wp-block-list\">\n<li>Prawo nieruchomo\u015bci\/prawo najmu nieruchomo\u015bci komercyjnych<\/li>\n\n\n\n<li>Indywidualne i zbiorowe prawo pracy<\/li>\n\n\n\n<li>Prawo handlowe i prawo sp\u00f3\u0142ek<\/li>\n\n\n\n<li>Og\u00f3lne opracowanie um\u00f3w<\/li>\n\n\n\n<li>Post\u0119powanie s\u0105dowe<\/li>\n<\/ul>\n\n\n\n<h3 class=\"wp-block-heading\">Przebieg kariery zawodowej<\/h3>\n\n\n\n<figure class=\"wp-block-table tablist\"><table><tbody><tr><td>1991-1996 <\/td><td>Uniwersytet w Bayreuth<\/td><\/tr><tr><td>1996-1998<\/td><td>Sta\u017c w s\u0105dzie rejonowym Hof i w kancelarii prawnej Dr. Kelter, Chicago, USA<\/td><\/tr><tr><td>1998-1999<\/td><td>Promocja na doktora praw<\/td><\/tr><tr><td>1999-2002<\/td><td>Radca prawny w kancelarii Grooterhorst Rechtsanw\u00e4lte (obecnie: Eversheds Sutherland), D\u00fcsseldorf&nbsp;<\/td><\/tr><tr><td>od 2002<\/td><td>Radca prawny w kancelarii Dr. Gantef\u00fchrer, Marquardt &amp; Partner<\/td><\/tr><tr><td>2003-09.2025<\/td><td>Partner<\/td><\/tr><tr><td>od<br>10.2025<\/td><td>Radca prawny<\/td><\/tr><\/tbody><\/table><\/figure>\n\n\n\n<h3 class=\"wp-block-heading\">Obs\u0142ugiwane bran\u017ce<\/h3>\n\n\n\n<ul class=\"wp-block-list\">\n<li>Krajowe i mi\u0119dzynarodowe firmy zajmuj\u0105ce si\u0119 nieruchomo\u015bciami<\/li>\n\n\n\n<li>Przedsi\u0119biorstwa z r\u00f3\u017cnych bran\u017c<\/li>\n\n\n\n<li>Fundacje i organizacje po\u017cytku publicznego<\/li>\n\n\n\n<li>Inwestorzy prywatni<\/li>\n<\/ul>\n\n\n\n<h3 class=\"wp-block-heading\">Publikacje<\/h3>\n\n\n\n<ul class=\"wp-block-list\">\n<li>Dopuszczalno\u015b\u0107 powiadomienia o zarz\u0105dzeniu tymczasowym<em>, <\/em>2000<\/li>\n\n\n\n<li>Brak ochrony przed wypowiedzeniem w trybie nadzwyczajnym w przypadku nieprawid\u0142owego powo\u0142ania urz\u0119dnika ds. kontroli imisji, ArbR 2017, 161-164 (wraz z radc\u0105 prawnym Larsem M\u00f6llerem, Berlin)<\/li>\n<\/ul>\n\n\n\n\n\n<div class=\"wp-block-button zurueck\"><a class=\"wp-block-button__link wp-element-button\" href=\"https:\/\/www.gamapa.de\/pl\/doradcy\/\">wstecz<\/a><\/div>\n\n\n\n<p><\/p>\n","protected":false},"excerpt":{"rendered":"<p>Specjalizacje Przebieg kariery zawodowej 1991-1996 Uniwersytet w Bayreuth 1996-1998 Sta\u017c w s\u0105dzie rejonowym Hof i w kancelarii prawnej Dr. Kelter, Chicago, USA 1998-1999 Promocja na doktora praw 1999-2002 Radca prawny w kancelarii Grooterhorst Rechtsanw\u00e4lte (obecnie: Eversheds Sutherland), D\u00fcsseldorf&nbsp; od 2002 Radca prawny w kancelarii Dr. Gantef\u00fchrer, Marquardt &amp; Partner 2003-09.2025 Partner od10.2025 Radca prawny Obs\u0142ugiwane <a href=\"https:\/\/www.gamapa.de\/pl\/doradcy\/dr-lutz-starek-adwokat-partner\/\">[\u2026]<\/a><\/p>\n","protected":false},"author":1,"featured_media":9558,"parent":5643,"menu_order":17,"comment_status":"closed","ping_status":"closed","template":"templates\/template-Profil.php","meta":{"_acf_changed":false,"_uag_custom_page_level_css":"","footnotes":""},"class_list":["post-4804","page","type-page","status-publish","has-post-thumbnail","hentry"],"acf":[],"yoast_head":"<!-- This site is optimized with the Yoast SEO plugin v27.3 - https:\/\/yoast.com\/product\/yoast-seo-wordpress\/ -->\n<title>Dr. Lutz Starek - GANTEF\u00dcHRER<\/title>\n<meta name=\"robots\" content=\"index, follow, max-snippet:-1, max-image-preview:large, max-video-preview:-1\" \/>\n<link rel=\"canonical\" href=\"https:\/\/www.gamapa.de\/pl\/doradcy\/dr-lutz-starek-adwokat-partner\/\" \/>\n<meta property=\"og:locale\" content=\"pl_PL\" \/>\n<meta property=\"og:type\" content=\"article\" \/>\n<meta property=\"og:title\" content=\"Dr. Lutz Starek - GANTEF\u00dcHRER\" \/>\n<meta property=\"og:description\" content=\"Specjalizacje Przebieg kariery zawodowej 1991-1996 Uniwersytet w Bayreuth 1996-1998 Sta\u017c w s\u0105dzie rejonowym Hof i w kancelarii prawnej Dr. Kelter, Chicago, USA 1998-1999 Promocja na doktora praw 1999-2002 Radca prawny w kancelarii Grooterhorst Rechtsanw\u00e4lte (obecnie: Eversheds Sutherland), D\u00fcsseldorf&nbsp; od 2002 Radca prawny w kancelarii Dr. Gantef\u00fchrer, Marquardt &amp; Partner 2003-09.2025 Partner od10.2025 Radca prawny Obs\u0142ugiwane [\u2026]\" \/>\n<meta property=\"og:url\" content=\"https:\/\/www.gamapa.de\/pl\/doradcy\/dr-lutz-starek-adwokat-partner\/\" \/>\n<meta property=\"og:site_name\" content=\"GANTEF\u00dcHRER\" \/>\n<meta property=\"article:modified_time\" content=\"2026-02-10T11:38:55+00:00\" \/>\n<meta property=\"og:image\" content=\"https:\/\/www.gamapa.de\/wp-content\/uploads\/2021\/10\/Dr.-Lutz-Starek_2-1.jpg\" \/>\n\t<meta property=\"og:image:width\" content=\"1440\" \/>\n\t<meta property=\"og:image:height\" content=\"859\" \/>\n\t<meta property=\"og:image:type\" content=\"image\/jpeg\" \/>\n<meta name=\"twitter:card\" content=\"summary_large_image\" \/>\n<meta name=\"twitter:label1\" content=\"Szacowany czas czytania\" \/>\n\t<meta name=\"twitter:data1\" content=\"1 minuta\" \/>\n<script type=\"application\/ld+json\" class=\"yoast-schema-graph\">{\"@context\":\"https:\\\/\\\/schema.org\",\"@graph\":[{\"@type\":\"WebPage\",\"@id\":\"https:\\\/\\\/www.gamapa.de\\\/pl\\\/doradcy\\\/dr-lutz-starek-adwokat-partner\\\/\",\"url\":\"https:\\\/\\\/www.gamapa.de\\\/pl\\\/doradcy\\\/dr-lutz-starek-adwokat-partner\\\/\",\"name\":\"Dr. Lutz Starek - GANTEF\u00dcHRER\",\"isPartOf\":{\"@id\":\"https:\\\/\\\/www.gamapa.de\\\/pl\\\/#website\"},\"primaryImageOfPage\":{\"@id\":\"https:\\\/\\\/www.gamapa.de\\\/pl\\\/doradcy\\\/dr-lutz-starek-adwokat-partner\\\/#primaryimage\"},\"image\":{\"@id\":\"https:\\\/\\\/www.gamapa.de\\\/pl\\\/doradcy\\\/dr-lutz-starek-adwokat-partner\\\/#primaryimage\"},\"thumbnailUrl\":\"https:\\\/\\\/www.gamapa.de\\\/wp-content\\\/uploads\\\/2021\\\/10\\\/Dr.-Lutz-Starek_2-1.jpg\",\"datePublished\":\"2020-09-02T11:25:25+00:00\",\"dateModified\":\"2026-02-10T11:38:55+00:00\",\"breadcrumb\":{\"@id\":\"https:\\\/\\\/www.gamapa.de\\\/pl\\\/doradcy\\\/dr-lutz-starek-adwokat-partner\\\/#breadcrumb\"},\"inLanguage\":\"pl-PL\",\"potentialAction\":[{\"@type\":\"ReadAction\",\"target\":[\"https:\\\/\\\/www.gamapa.de\\\/pl\\\/doradcy\\\/dr-lutz-starek-adwokat-partner\\\/\"]}]},{\"@type\":\"ImageObject\",\"inLanguage\":\"pl-PL\",\"@id\":\"https:\\\/\\\/www.gamapa.de\\\/pl\\\/doradcy\\\/dr-lutz-starek-adwokat-partner\\\/#primaryimage\",\"url\":\"https:\\\/\\\/www.gamapa.de\\\/wp-content\\\/uploads\\\/2021\\\/10\\\/Dr.-Lutz-Starek_2-1.jpg\",\"contentUrl\":\"https:\\\/\\\/www.gamapa.de\\\/wp-content\\\/uploads\\\/2021\\\/10\\\/Dr.-Lutz-Starek_2-1.jpg\",\"width\":1440,\"height\":859,\"caption\":\"Dr. Lutz Starek, Rechtsanwalt, Wirtschaftsjurist (Univ. Bayreuth), Partner\"},{\"@type\":\"BreadcrumbList\",\"@id\":\"https:\\\/\\\/www.gamapa.de\\\/pl\\\/doradcy\\\/dr-lutz-starek-adwokat-partner\\\/#breadcrumb\",\"itemListElement\":[{\"@type\":\"ListItem\",\"position\":1,\"name\":\"Startseite\",\"item\":\"https:\\\/\\\/www.gamapa.de\\\/pl\\\/\"},{\"@type\":\"ListItem\",\"position\":2,\"name\":\"Nasi specjali\u015bci\",\"item\":\"https:\\\/\\\/www.gamapa.de\\\/pl\\\/doradcy\\\/\"},{\"@type\":\"ListItem\",\"position\":3,\"name\":\"Dr. Lutz Starek\"}]},{\"@type\":\"WebSite\",\"@id\":\"https:\\\/\\\/www.gamapa.de\\\/pl\\\/#website\",\"url\":\"https:\\\/\\\/www.gamapa.de\\\/pl\\\/\",\"name\":\"GANTEF\u00dcHRER\",\"description\":\"Wirtschaftspr\u00fcfer, Steuerberater, Rechtsanw\u00e4lte\",\"publisher\":{\"@id\":\"https:\\\/\\\/www.gamapa.de\\\/pl\\\/#organization\"},\"potentialAction\":[{\"@type\":\"SearchAction\",\"target\":{\"@type\":\"EntryPoint\",\"urlTemplate\":\"https:\\\/\\\/www.gamapa.de\\\/pl\\\/?s={search_term_string}\"},\"query-input\":{\"@type\":\"PropertyValueSpecification\",\"valueRequired\":true,\"valueName\":\"search_term_string\"}}],\"inLanguage\":\"pl-PL\"},{\"@type\":\"Organization\",\"@id\":\"https:\\\/\\\/www.gamapa.de\\\/pl\\\/#organization\",\"name\":\"Gantef\u00fchrer Wirtschaftspr\u00fcfer, Steuerberater, Rechtsanw\u00e4lte\",\"url\":\"https:\\\/\\\/www.gamapa.de\\\/pl\\\/\",\"logo\":{\"@type\":\"ImageObject\",\"inLanguage\":\"pl-PL\",\"@id\":\"https:\\\/\\\/www.gamapa.de\\\/pl\\\/#\\\/schema\\\/logo\\\/image\\\/\",\"url\":\"https:\\\/\\\/www.gamapa.de\\\/wp-content\\\/uploads\\\/2026\\\/01\\\/Logo-Gantefuehrer.png\",\"contentUrl\":\"https:\\\/\\\/www.gamapa.de\\\/wp-content\\\/uploads\\\/2026\\\/01\\\/Logo-Gantefuehrer.png\",\"width\":767,\"height\":156,\"caption\":\"Gantef\u00fchrer Wirtschaftspr\u00fcfer, Steuerberater, Rechtsanw\u00e4lte\"},\"image\":{\"@id\":\"https:\\\/\\\/www.gamapa.de\\\/pl\\\/#\\\/schema\\\/logo\\\/image\\\/\"}}]}<\/script>\n<!-- \/ Yoast SEO plugin. -->","yoast_head_json":{"title":"Dr. Lutz Starek - GANTEF\u00dcHRER","robots":{"index":"index","follow":"follow","max-snippet":"max-snippet:-1","max-image-preview":"max-image-preview:large","max-video-preview":"max-video-preview:-1"},"canonical":"https:\/\/www.gamapa.de\/pl\/doradcy\/dr-lutz-starek-adwokat-partner\/","og_locale":"pl_PL","og_type":"article","og_title":"Dr. Lutz Starek - GANTEF\u00dcHRER","og_description":"Specjalizacje Przebieg kariery zawodowej 1991-1996 Uniwersytet w Bayreuth 1996-1998 Sta\u017c w s\u0105dzie rejonowym Hof i w kancelarii prawnej Dr. Kelter, Chicago, USA 1998-1999 Promocja na doktora praw 1999-2002 Radca prawny w kancelarii Grooterhorst Rechtsanw\u00e4lte (obecnie: Eversheds Sutherland), D\u00fcsseldorf&nbsp; od 2002 Radca prawny w kancelarii Dr. Gantef\u00fchrer, Marquardt &amp; Partner 2003-09.2025 Partner od10.2025 Radca prawny Obs\u0142ugiwane [\u2026]","og_url":"https:\/\/www.gamapa.de\/pl\/doradcy\/dr-lutz-starek-adwokat-partner\/","og_site_name":"GANTEF\u00dcHRER","article_modified_time":"2026-02-10T11:38:55+00:00","og_image":[{"width":1440,"height":859,"url":"https:\/\/www.gamapa.de\/wp-content\/uploads\/2021\/10\/Dr.-Lutz-Starek_2-1.jpg","type":"image\/jpeg"}],"twitter_card":"summary_large_image","twitter_misc":{"Szacowany czas czytania":"1 minuta"},"schema":{"@context":"https:\/\/schema.org","@graph":[{"@type":"WebPage","@id":"https:\/\/www.gamapa.de\/pl\/doradcy\/dr-lutz-starek-adwokat-partner\/","url":"https:\/\/www.gamapa.de\/pl\/doradcy\/dr-lutz-starek-adwokat-partner\/","name":"Dr. Lutz Starek - GANTEF\u00dcHRER","isPartOf":{"@id":"https:\/\/www.gamapa.de\/pl\/#website"},"primaryImageOfPage":{"@id":"https:\/\/www.gamapa.de\/pl\/doradcy\/dr-lutz-starek-adwokat-partner\/#primaryimage"},"image":{"@id":"https:\/\/www.gamapa.de\/pl\/doradcy\/dr-lutz-starek-adwokat-partner\/#primaryimage"},"thumbnailUrl":"https:\/\/www.gamapa.de\/wp-content\/uploads\/2021\/10\/Dr.-Lutz-Starek_2-1.jpg","datePublished":"2020-09-02T11:25:25+00:00","dateModified":"2026-02-10T11:38:55+00:00","breadcrumb":{"@id":"https:\/\/www.gamapa.de\/pl\/doradcy\/dr-lutz-starek-adwokat-partner\/#breadcrumb"},"inLanguage":"pl-PL","potentialAction":[{"@type":"ReadAction","target":["https:\/\/www.gamapa.de\/pl\/doradcy\/dr-lutz-starek-adwokat-partner\/"]}]},{"@type":"ImageObject","inLanguage":"pl-PL","@id":"https:\/\/www.gamapa.de\/pl\/doradcy\/dr-lutz-starek-adwokat-partner\/#primaryimage","url":"https:\/\/www.gamapa.de\/wp-content\/uploads\/2021\/10\/Dr.-Lutz-Starek_2-1.jpg","contentUrl":"https:\/\/www.gamapa.de\/wp-content\/uploads\/2021\/10\/Dr.-Lutz-Starek_2-1.jpg","width":1440,"height":859,"caption":"Dr. Lutz Starek, Rechtsanwalt, Wirtschaftsjurist (Univ. Bayreuth), Partner"},{"@type":"BreadcrumbList","@id":"https:\/\/www.gamapa.de\/pl\/doradcy\/dr-lutz-starek-adwokat-partner\/#breadcrumb","itemListElement":[{"@type":"ListItem","position":1,"name":"Startseite","item":"https:\/\/www.gamapa.de\/pl\/"},{"@type":"ListItem","position":2,"name":"Nasi specjali\u015bci","item":"https:\/\/www.gamapa.de\/pl\/doradcy\/"},{"@type":"ListItem","position":3,"name":"Dr. Lutz Starek"}]},{"@type":"WebSite","@id":"https:\/\/www.gamapa.de\/pl\/#website","url":"https:\/\/www.gamapa.de\/pl\/","name":"GANTEF\u00dcHRER","description":"Wirtschaftspr\u00fcfer, Steuerberater, Rechtsanw\u00e4lte","publisher":{"@id":"https:\/\/www.gamapa.de\/pl\/#organization"},"potentialAction":[{"@type":"SearchAction","target":{"@type":"EntryPoint","urlTemplate":"https:\/\/www.gamapa.de\/pl\/?s={search_term_string}"},"query-input":{"@type":"PropertyValueSpecification","valueRequired":true,"valueName":"search_term_string"}}],"inLanguage":"pl-PL"},{"@type":"Organization","@id":"https:\/\/www.gamapa.de\/pl\/#organization","name":"Gantef\u00fchrer Wirtschaftspr\u00fcfer, Steuerberater, Rechtsanw\u00e4lte","url":"https:\/\/www.gamapa.de\/pl\/","logo":{"@type":"ImageObject","inLanguage":"pl-PL","@id":"https:\/\/www.gamapa.de\/pl\/#\/schema\/logo\/image\/","url":"https:\/\/www.gamapa.de\/wp-content\/uploads\/2026\/01\/Logo-Gantefuehrer.png","contentUrl":"https:\/\/www.gamapa.de\/wp-content\/uploads\/2026\/01\/Logo-Gantefuehrer.png","width":767,"height":156,"caption":"Gantef\u00fchrer Wirtschaftspr\u00fcfer, Steuerberater, Rechtsanw\u00e4lte"},"image":{"@id":"https:\/\/www.gamapa.de\/pl\/#\/schema\/logo\/image\/"}}]}},"uagb_featured_image_src":{"full":["https:\/\/www.gamapa.de\/wp-content\/uploads\/2021\/10\/Dr.-Lutz-Starek_2-1.jpg",1440,859,false],"thumbnail":["https:\/\/www.gamapa.de\/wp-content\/uploads\/2021\/10\/Dr.-Lutz-Starek_2-1-150x150.jpg",150,150,true],"medium":["https:\/\/www.gamapa.de\/wp-content\/uploads\/2021\/10\/Dr.-Lutz-Starek_2-1-600x358.jpg",600,358,true],"medium_large":["https:\/\/www.gamapa.de\/wp-content\/uploads\/2021\/10\/Dr.-Lutz-Starek_2-1-768x458.jpg",580,346,true],"large":["https:\/\/www.gamapa.de\/wp-content\/uploads\/2021\/10\/Dr.-Lutz-Starek_2-1.jpg",580,346,false],"gs-tiny":["https:\/\/www.gamapa.de\/wp-content\/uploads\/2021\/10\/Dr.-Lutz-Starek_2-1.jpg",50,30,false],"xl":["https:\/\/www.gamapa.de\/wp-content\/uploads\/2021\/10\/Dr.-Lutz-Starek_2-1.jpg",1440,859,false],"xxl":["https:\/\/www.gamapa.de\/wp-content\/uploads\/2021\/10\/Dr.-Lutz-Starek_2-1.jpg",1440,859,false],"xxxl":["https:\/\/www.gamapa.de\/wp-content\/uploads\/2021\/10\/Dr.-Lutz-Starek_2-1.jpg",1440,859,false],"xxxxl":["https:\/\/www.gamapa.de\/wp-content\/uploads\/2021\/10\/Dr.-Lutz-Starek_2-1.jpg",1440,859,false],"xxxxxl":["https:\/\/www.gamapa.de\/wp-content\/uploads\/2021\/10\/Dr.-Lutz-Starek_2-1.jpg",1440,859,false],"1536x1536":["https:\/\/www.gamapa.de\/wp-content\/uploads\/2021\/10\/Dr.-Lutz-Starek_2-1.jpg",1440,859,false],"2048x2048":["https:\/\/www.gamapa.de\/wp-content\/uploads\/2021\/10\/Dr.-Lutz-Starek_2-1.jpg",1440,859,false],"post-thumbnail":["https:\/\/www.gamapa.de\/wp-content\/uploads\/2021\/10\/Dr.-Lutz-Starek_2-1.jpg",1440,859,false],"twentytwenty-fullscreen":["https:\/\/www.gamapa.de\/wp-content\/uploads\/2021\/10\/Dr.-Lutz-Starek_2-1.jpg",1440,859,false],"theme-slug-single-post":["https:\/\/www.gamapa.de\/wp-content\/uploads\/2021\/10\/Dr.-Lutz-Starek_2-1-1440x400.jpg",1440,400,true]},"uagb_author_info":{"display_name":"linda","author_link":"https:\/\/www.gamapa.de\/pl\/author\/linda\/"},"uagb_comment_info":0,"uagb_excerpt":"Specjalizacje Przebieg kariery zawodowej 1991-1996 Uniwersytet w Bayreuth 1996-1998 Sta\u017c w s\u0105dzie rejonowym Hof i w kancelarii prawnej Dr. Kelter, Chicago, USA 1998-1999 Promocja na doktora praw 1999-2002 Radca prawny w kancelarii Grooterhorst Rechtsanw\u00e4lte (obecnie: Eversheds Sutherland), D\u00fcsseldorf&nbsp; od 2002 Radca prawny w kancelarii Dr. Gantef\u00fchrer, Marquardt &amp; Partner 2003-09.2025 Partner od10.2025 Radca prawny Obs\u0142ugiwane&hellip;","_links":{"self":[{"href":"https:\/\/www.gamapa.de\/pl\/wp-json\/wp\/v2\/pages\/4804","targetHints":{"allow":["GET"]}}],"collection":[{"href":"https:\/\/www.gamapa.de\/pl\/wp-json\/wp\/v2\/pages"}],"about":[{"href":"https:\/\/www.gamapa.de\/pl\/wp-json\/wp\/v2\/types\/page"}],"author":[{"embeddable":true,"href":"https:\/\/www.gamapa.de\/pl\/wp-json\/wp\/v2\/users\/1"}],"replies":[{"embeddable":true,"href":"https:\/\/www.gamapa.de\/pl\/wp-json\/wp\/v2\/comments?post=4804"}],"version-history":[{"count":16,"href":"https:\/\/www.gamapa.de\/pl\/wp-json\/wp\/v2\/pages\/4804\/revisions"}],"predecessor-version":[{"id":23970,"href":"https:\/\/www.gamapa.de\/pl\/wp-json\/wp\/v2\/pages\/4804\/revisions\/23970"}],"up":[{"embeddable":true,"href":"https:\/\/www.gamapa.de\/pl\/wp-json\/wp\/v2\/pages\/5643"}],"wp:featuredmedia":[{"embeddable":true,"href":"https:\/\/www.gamapa.de\/pl\/wp-json\/wp\/v2\/media\/9558"}],"wp:attachment":[{"href":"https:\/\/www.gamapa.de\/pl\/wp-json\/wp\/v2\/media?parent=4804"}],"curies":[{"name":"wp","href":"https:\/\/api.w.org\/{rel}","templated":true}]}}