

{"id":4847,"date":"2020-09-02T14:01:37","date_gmt":"2020-09-02T12:01:37","guid":{"rendered":"https:\/\/www.gamapa.de\/dr-joerg-irlich-rechtsanwalt\/"},"modified":"2025-09-01T14:14:02","modified_gmt":"2025-09-01T12:14:02","slug":"dr-joerg-irlich-adwokat","status":"publish","type":"page","link":"https:\/\/www.gamapa.de\/pl\/doradcy\/dr-joerg-irlich-adwokat\/","title":{"rendered":"Dr. J\u00f6rg Irlich"},"content":{"rendered":"\n<h3 class=\"wp-block-heading\">Specjalizacje<\/h3>\n\n\n\n<ul class=\"wp-block-list\">\n<li>Prawo handlowe i prawo sp\u00f3\u0142ek<\/li>\n\n\n\n<li>Doradztwo w zakresie struktury podatkowej<\/li>\n\n\n\n<li>Planowanie sukcesji<\/li>\n\n\n\n<li>Reprezentowanie klient\u00f3w w post\u0119powaniu podatkowym i karnoskarbowym<\/li>\n<\/ul>\n\n\n\n<h3 class=\"wp-block-heading\">Przebieg kariery zawodowej<\/h3>\n\n\n\n<figure class=\"wp-block-table tablist\"><table><tbody><tr><td>1984-1991 <\/td><td>Uniwersytet w Kolonii<\/td><\/tr><tr><td>1992-1995<\/td><td>Sta\u017c w kancelarii prawnej w Kleve<\/td><\/tr><tr><td>1995-2000<\/td><td>Radca prawny w kancelarii Dehnen &amp; Partner, D\u00fcsseldorf<\/td><\/tr><tr><td>1999<\/td><td>Promocja na doktora praw<\/td><\/tr><tr><td>2000-2018<\/td><td>Radca prawny w firmie audytorskiej i kancelarii doradztwa podatkowego HLB Dr. Schumacher &amp; Partner GmbH, D\u00fcsseldorf<\/td><\/tr><tr><td>od 2018<\/td><td>Radca prawny w Dr. Gantef\u00fchrer, Marquardt &amp; Partner<\/td><\/tr><\/tbody><\/table><\/figure>\n\n\n\n<h3 class=\"wp-block-heading\">Obs\u0142ugiwane bran\u017ce<\/h3>\n\n\n\n<ul class=\"wp-block-list\">\n<li>\u015arednie przedsi\u0119biorstwa z r\u00f3\u017cnych bran\u017c<\/li>\n\n\n\n<li>Osoby fizyczne<\/li>\n\n\n\n<li>Fundacje<\/li>\n<\/ul>\n\n\n\n<h3 class=\"wp-block-heading\">Inne<\/h3>\n\n\n\n<ul class=\"wp-block-list\">\n<li>Wsp\u00f3\u0142praca w okre\u015blaniu zasad ustalania dochodu osi\u0105gni\u0119tego przez zak\u0142ad oraz sposobu ich stosowania w przypadku bank\u00f3w, towarzystw ubezpieczeniowych i innych podmiot\u00f3w finansowych, Niemiecki Raport Krajowy dotycz\u0105cy tematu I 50. Kongresu IFA w Genewie 1996<\/li>\n\n\n\n<li>Cz\u0142onek zarz\u0105du fundacji charytatywnej<\/li>\n<\/ul>\n\n\n\n<h3 class=\"wp-block-heading\">Cz\u0142onkostwo<\/h3>\n\n\n\n<p>Grupa dyskusyjna Rhine-Ruhr ds. mi\u0119dzynarodowego prawa podatkowego e.V.<\/p>\n\n\n\n\n\n<div class=\"wp-block-button zurueck\"><a class=\"wp-block-button__link wp-element-button\" href=\"https:\/\/www.gamapa.de\/pl\/doradcy\/\">wstecz<\/a><\/div>\n\n\n\n<p><\/p>\n","protected":false},"excerpt":{"rendered":"<p>Specjalizacje Przebieg kariery zawodowej 1984-1991 Uniwersytet w Kolonii 1992-1995 Sta\u017c w kancelarii prawnej w Kleve 1995-2000 Radca prawny w kancelarii Dehnen &amp; Partner, D\u00fcsseldorf 1999 Promocja na doktora praw 2000-2018 Radca prawny w firmie audytorskiej i kancelarii doradztwa podatkowego HLB Dr. Schumacher &amp; Partner GmbH, D\u00fcsseldorf od 2018 Radca prawny w Dr. Gantef\u00fchrer, Marquardt &amp; <a href=\"https:\/\/www.gamapa.de\/pl\/doradcy\/dr-joerg-irlich-adwokat\/\">[\u2026]<\/a><\/p>\n","protected":false},"author":1,"featured_media":4220,"parent":5643,"menu_order":15,"comment_status":"closed","ping_status":"closed","template":"templates\/template-Profil.php","meta":{"_acf_changed":false,"_uag_custom_page_level_css":"","footnotes":""},"class_list":["post-4847","page","type-page","status-publish","has-post-thumbnail","hentry"],"acf":[],"yoast_head":"<!-- This site is optimized with the Yoast SEO plugin v27.5 - https:\/\/yoast.com\/product\/yoast-seo-wordpress\/ -->\n<title>Dr. J\u00f6rg Irlich - GANTEF\u00dcHRER<\/title>\n<meta name=\"robots\" content=\"index, follow, max-snippet:-1, max-image-preview:large, max-video-preview:-1\" \/>\n<link rel=\"canonical\" href=\"https:\/\/www.gamapa.de\/pl\/doradcy\/dr-joerg-irlich-adwokat\/\" \/>\n<meta property=\"og:locale\" content=\"pl_PL\" \/>\n<meta property=\"og:type\" content=\"article\" \/>\n<meta property=\"og:title\" content=\"Dr. J\u00f6rg Irlich - GANTEF\u00dcHRER\" \/>\n<meta property=\"og:description\" content=\"Specjalizacje Przebieg kariery zawodowej 1984-1991 Uniwersytet w Kolonii 1992-1995 Sta\u017c w kancelarii prawnej w Kleve 1995-2000 Radca prawny w kancelarii Dehnen &amp; Partner, D\u00fcsseldorf 1999 Promocja na doktora praw 2000-2018 Radca prawny w firmie audytorskiej i kancelarii doradztwa podatkowego HLB Dr. Schumacher &amp; Partner GmbH, D\u00fcsseldorf od 2018 Radca prawny w Dr. Gantef\u00fchrer, Marquardt &amp; [\u2026]\" \/>\n<meta property=\"og:url\" content=\"https:\/\/www.gamapa.de\/pl\/doradcy\/dr-joerg-irlich-adwokat\/\" \/>\n<meta property=\"og:site_name\" content=\"GANTEF\u00dcHRER\" \/>\n<meta property=\"article:modified_time\" content=\"2025-09-01T12:14:02+00:00\" \/>\n<meta property=\"og:image\" content=\"https:\/\/www.gamapa.de\/wp-content\/uploads\/2020\/08\/Irlich-big-1.jpg\" \/>\n\t<meta property=\"og:image:width\" content=\"1440\" \/>\n\t<meta property=\"og:image:height\" content=\"859\" \/>\n\t<meta property=\"og:image:type\" content=\"image\/jpeg\" \/>\n<meta name=\"twitter:card\" content=\"summary_large_image\" \/>\n<meta name=\"twitter:label1\" content=\"Szacowany czas czytania\" \/>\n\t<meta name=\"twitter:data1\" content=\"1 minuta\" \/>\n<script type=\"application\/ld+json\" class=\"yoast-schema-graph\">{\"@context\":\"https:\\\/\\\/schema.org\",\"@graph\":[{\"@type\":\"WebPage\",\"@id\":\"https:\\\/\\\/www.gamapa.de\\\/pl\\\/doradcy\\\/dr-joerg-irlich-adwokat\\\/\",\"url\":\"https:\\\/\\\/www.gamapa.de\\\/pl\\\/doradcy\\\/dr-joerg-irlich-adwokat\\\/\",\"name\":\"Dr. J\u00f6rg Irlich - GANTEF\u00dcHRER\",\"isPartOf\":{\"@id\":\"https:\\\/\\\/www.gamapa.de\\\/pl\\\/#website\"},\"primaryImageOfPage\":{\"@id\":\"https:\\\/\\\/www.gamapa.de\\\/pl\\\/doradcy\\\/dr-joerg-irlich-adwokat\\\/#primaryimage\"},\"image\":{\"@id\":\"https:\\\/\\\/www.gamapa.de\\\/pl\\\/doradcy\\\/dr-joerg-irlich-adwokat\\\/#primaryimage\"},\"thumbnailUrl\":\"https:\\\/\\\/www.gamapa.de\\\/wp-content\\\/uploads\\\/2020\\\/08\\\/Irlich-big-1.jpg\",\"datePublished\":\"2020-09-02T12:01:37+00:00\",\"dateModified\":\"2025-09-01T12:14:02+00:00\",\"breadcrumb\":{\"@id\":\"https:\\\/\\\/www.gamapa.de\\\/pl\\\/doradcy\\\/dr-joerg-irlich-adwokat\\\/#breadcrumb\"},\"inLanguage\":\"pl-PL\",\"potentialAction\":[{\"@type\":\"ReadAction\",\"target\":[\"https:\\\/\\\/www.gamapa.de\\\/pl\\\/doradcy\\\/dr-joerg-irlich-adwokat\\\/\"]}]},{\"@type\":\"ImageObject\",\"inLanguage\":\"pl-PL\",\"@id\":\"https:\\\/\\\/www.gamapa.de\\\/pl\\\/doradcy\\\/dr-joerg-irlich-adwokat\\\/#primaryimage\",\"url\":\"https:\\\/\\\/www.gamapa.de\\\/wp-content\\\/uploads\\\/2020\\\/08\\\/Irlich-big-1.jpg\",\"contentUrl\":\"https:\\\/\\\/www.gamapa.de\\\/wp-content\\\/uploads\\\/2020\\\/08\\\/Irlich-big-1.jpg\",\"width\":1440,\"height\":859,\"caption\":\"Dr. J\u00f6rg Irlich, Rechtsanwalt\"},{\"@type\":\"BreadcrumbList\",\"@id\":\"https:\\\/\\\/www.gamapa.de\\\/pl\\\/doradcy\\\/dr-joerg-irlich-adwokat\\\/#breadcrumb\",\"itemListElement\":[{\"@type\":\"ListItem\",\"position\":1,\"name\":\"Startseite\",\"item\":\"https:\\\/\\\/www.gamapa.de\\\/pl\\\/\"},{\"@type\":\"ListItem\",\"position\":2,\"name\":\"Nasi specjali\u015bci\",\"item\":\"https:\\\/\\\/www.gamapa.de\\\/pl\\\/doradcy\\\/\"},{\"@type\":\"ListItem\",\"position\":3,\"name\":\"Dr. J\u00f6rg Irlich\"}]},{\"@type\":\"WebSite\",\"@id\":\"https:\\\/\\\/www.gamapa.de\\\/pl\\\/#website\",\"url\":\"https:\\\/\\\/www.gamapa.de\\\/pl\\\/\",\"name\":\"GANTEF\u00dcHRER\",\"description\":\"Wirtschaftspr\u00fcfer, Steuerberater, Rechtsanw\u00e4lte\",\"publisher\":{\"@id\":\"https:\\\/\\\/www.gamapa.de\\\/pl\\\/#organization\"},\"potentialAction\":[{\"@type\":\"SearchAction\",\"target\":{\"@type\":\"EntryPoint\",\"urlTemplate\":\"https:\\\/\\\/www.gamapa.de\\\/pl\\\/?s={search_term_string}\"},\"query-input\":{\"@type\":\"PropertyValueSpecification\",\"valueRequired\":true,\"valueName\":\"search_term_string\"}}],\"inLanguage\":\"pl-PL\"},{\"@type\":\"Organization\",\"@id\":\"https:\\\/\\\/www.gamapa.de\\\/pl\\\/#organization\",\"name\":\"Gantef\u00fchrer Wirtschaftspr\u00fcfer, Steuerberater, Rechtsanw\u00e4lte\",\"url\":\"https:\\\/\\\/www.gamapa.de\\\/pl\\\/\",\"logo\":{\"@type\":\"ImageObject\",\"inLanguage\":\"pl-PL\",\"@id\":\"https:\\\/\\\/www.gamapa.de\\\/pl\\\/#\\\/schema\\\/logo\\\/image\\\/\",\"url\":\"https:\\\/\\\/www.gamapa.de\\\/wp-content\\\/uploads\\\/2026\\\/01\\\/Logo-Gantefuehrer.png\",\"contentUrl\":\"https:\\\/\\\/www.gamapa.de\\\/wp-content\\\/uploads\\\/2026\\\/01\\\/Logo-Gantefuehrer.png\",\"width\":767,\"height\":156,\"caption\":\"Gantef\u00fchrer Wirtschaftspr\u00fcfer, Steuerberater, Rechtsanw\u00e4lte\"},\"image\":{\"@id\":\"https:\\\/\\\/www.gamapa.de\\\/pl\\\/#\\\/schema\\\/logo\\\/image\\\/\"}}]}<\/script>\n<!-- \/ Yoast SEO plugin. -->","yoast_head_json":{"title":"Dr. J\u00f6rg Irlich - GANTEF\u00dcHRER","robots":{"index":"index","follow":"follow","max-snippet":"max-snippet:-1","max-image-preview":"max-image-preview:large","max-video-preview":"max-video-preview:-1"},"canonical":"https:\/\/www.gamapa.de\/pl\/doradcy\/dr-joerg-irlich-adwokat\/","og_locale":"pl_PL","og_type":"article","og_title":"Dr. J\u00f6rg Irlich - GANTEF\u00dcHRER","og_description":"Specjalizacje Przebieg kariery zawodowej 1984-1991 Uniwersytet w Kolonii 1992-1995 Sta\u017c w kancelarii prawnej w Kleve 1995-2000 Radca prawny w kancelarii Dehnen &amp; Partner, D\u00fcsseldorf 1999 Promocja na doktora praw 2000-2018 Radca prawny w firmie audytorskiej i kancelarii doradztwa podatkowego HLB Dr. Schumacher &amp; Partner GmbH, D\u00fcsseldorf od 2018 Radca prawny w Dr. Gantef\u00fchrer, Marquardt &amp; [\u2026]","og_url":"https:\/\/www.gamapa.de\/pl\/doradcy\/dr-joerg-irlich-adwokat\/","og_site_name":"GANTEF\u00dcHRER","article_modified_time":"2025-09-01T12:14:02+00:00","og_image":[{"width":1440,"height":859,"url":"https:\/\/www.gamapa.de\/wp-content\/uploads\/2020\/08\/Irlich-big-1.jpg","type":"image\/jpeg"}],"twitter_card":"summary_large_image","twitter_misc":{"Szacowany czas czytania":"1 minuta"},"schema":{"@context":"https:\/\/schema.org","@graph":[{"@type":"WebPage","@id":"https:\/\/www.gamapa.de\/pl\/doradcy\/dr-joerg-irlich-adwokat\/","url":"https:\/\/www.gamapa.de\/pl\/doradcy\/dr-joerg-irlich-adwokat\/","name":"Dr. J\u00f6rg Irlich - GANTEF\u00dcHRER","isPartOf":{"@id":"https:\/\/www.gamapa.de\/pl\/#website"},"primaryImageOfPage":{"@id":"https:\/\/www.gamapa.de\/pl\/doradcy\/dr-joerg-irlich-adwokat\/#primaryimage"},"image":{"@id":"https:\/\/www.gamapa.de\/pl\/doradcy\/dr-joerg-irlich-adwokat\/#primaryimage"},"thumbnailUrl":"https:\/\/www.gamapa.de\/wp-content\/uploads\/2020\/08\/Irlich-big-1.jpg","datePublished":"2020-09-02T12:01:37+00:00","dateModified":"2025-09-01T12:14:02+00:00","breadcrumb":{"@id":"https:\/\/www.gamapa.de\/pl\/doradcy\/dr-joerg-irlich-adwokat\/#breadcrumb"},"inLanguage":"pl-PL","potentialAction":[{"@type":"ReadAction","target":["https:\/\/www.gamapa.de\/pl\/doradcy\/dr-joerg-irlich-adwokat\/"]}]},{"@type":"ImageObject","inLanguage":"pl-PL","@id":"https:\/\/www.gamapa.de\/pl\/doradcy\/dr-joerg-irlich-adwokat\/#primaryimage","url":"https:\/\/www.gamapa.de\/wp-content\/uploads\/2020\/08\/Irlich-big-1.jpg","contentUrl":"https:\/\/www.gamapa.de\/wp-content\/uploads\/2020\/08\/Irlich-big-1.jpg","width":1440,"height":859,"caption":"Dr. J\u00f6rg Irlich, Rechtsanwalt"},{"@type":"BreadcrumbList","@id":"https:\/\/www.gamapa.de\/pl\/doradcy\/dr-joerg-irlich-adwokat\/#breadcrumb","itemListElement":[{"@type":"ListItem","position":1,"name":"Startseite","item":"https:\/\/www.gamapa.de\/pl\/"},{"@type":"ListItem","position":2,"name":"Nasi specjali\u015bci","item":"https:\/\/www.gamapa.de\/pl\/doradcy\/"},{"@type":"ListItem","position":3,"name":"Dr. J\u00f6rg Irlich"}]},{"@type":"WebSite","@id":"https:\/\/www.gamapa.de\/pl\/#website","url":"https:\/\/www.gamapa.de\/pl\/","name":"GANTEF\u00dcHRER","description":"Wirtschaftspr\u00fcfer, Steuerberater, Rechtsanw\u00e4lte","publisher":{"@id":"https:\/\/www.gamapa.de\/pl\/#organization"},"potentialAction":[{"@type":"SearchAction","target":{"@type":"EntryPoint","urlTemplate":"https:\/\/www.gamapa.de\/pl\/?s={search_term_string}"},"query-input":{"@type":"PropertyValueSpecification","valueRequired":true,"valueName":"search_term_string"}}],"inLanguage":"pl-PL"},{"@type":"Organization","@id":"https:\/\/www.gamapa.de\/pl\/#organization","name":"Gantef\u00fchrer Wirtschaftspr\u00fcfer, Steuerberater, Rechtsanw\u00e4lte","url":"https:\/\/www.gamapa.de\/pl\/","logo":{"@type":"ImageObject","inLanguage":"pl-PL","@id":"https:\/\/www.gamapa.de\/pl\/#\/schema\/logo\/image\/","url":"https:\/\/www.gamapa.de\/wp-content\/uploads\/2026\/01\/Logo-Gantefuehrer.png","contentUrl":"https:\/\/www.gamapa.de\/wp-content\/uploads\/2026\/01\/Logo-Gantefuehrer.png","width":767,"height":156,"caption":"Gantef\u00fchrer Wirtschaftspr\u00fcfer, Steuerberater, Rechtsanw\u00e4lte"},"image":{"@id":"https:\/\/www.gamapa.de\/pl\/#\/schema\/logo\/image\/"}}]}},"uagb_featured_image_src":{"full":["https:\/\/www.gamapa.de\/wp-content\/uploads\/2020\/08\/Irlich-big-1.jpg",1440,859,false],"thumbnail":["https:\/\/www.gamapa.de\/wp-content\/uploads\/2020\/08\/Irlich-big-1-150x150.jpg",150,150,true],"medium":["https:\/\/www.gamapa.de\/wp-content\/uploads\/2020\/08\/Irlich-big-1-600x358.jpg",600,358,true],"medium_large":["https:\/\/www.gamapa.de\/wp-content\/uploads\/2020\/08\/Irlich-big-1-768x458.jpg",580,346,true],"large":["https:\/\/www.gamapa.de\/wp-content\/uploads\/2020\/08\/Irlich-big-1.jpg",580,346,false],"gs-tiny":["https:\/\/www.gamapa.de\/wp-content\/uploads\/2020\/08\/Irlich-big-1.jpg",50,30,false],"xl":["https:\/\/www.gamapa.de\/wp-content\/uploads\/2020\/08\/Irlich-big-1.jpg",1440,859,false],"xxl":["https:\/\/www.gamapa.de\/wp-content\/uploads\/2020\/08\/Irlich-big-1.jpg",1440,859,false],"xxxl":["https:\/\/www.gamapa.de\/wp-content\/uploads\/2020\/08\/Irlich-big-1.jpg",1440,859,false],"xxxxl":["https:\/\/www.gamapa.de\/wp-content\/uploads\/2020\/08\/Irlich-big-1.jpg",1440,859,false],"xxxxxl":["https:\/\/www.gamapa.de\/wp-content\/uploads\/2020\/08\/Irlich-big-1.jpg",1440,859,false],"1536x1536":["https:\/\/www.gamapa.de\/wp-content\/uploads\/2020\/08\/Irlich-big-1.jpg",1440,859,false],"2048x2048":["https:\/\/www.gamapa.de\/wp-content\/uploads\/2020\/08\/Irlich-big-1.jpg",1440,859,false],"post-thumbnail":["https:\/\/www.gamapa.de\/wp-content\/uploads\/2020\/08\/Irlich-big-1.jpg",1440,859,false],"twentytwenty-fullscreen":["https:\/\/www.gamapa.de\/wp-content\/uploads\/2020\/08\/Irlich-big-1.jpg",1440,859,false],"theme-slug-single-post":["https:\/\/www.gamapa.de\/wp-content\/uploads\/2020\/08\/Irlich-big-1-1440x400.jpg",1440,400,true]},"uagb_author_info":{"display_name":"linda","author_link":"https:\/\/www.gamapa.de\/pl\/author\/linda\/"},"uagb_comment_info":0,"uagb_excerpt":"Specjalizacje Przebieg kariery zawodowej 1984-1991 Uniwersytet w Kolonii 1992-1995 Sta\u017c w kancelarii prawnej w Kleve 1995-2000 Radca prawny w kancelarii Dehnen &amp; Partner, D\u00fcsseldorf 1999 Promocja na doktora praw 2000-2018 Radca prawny w firmie audytorskiej i kancelarii doradztwa podatkowego HLB Dr. Schumacher &amp; Partner GmbH, D\u00fcsseldorf od 2018 Radca prawny w Dr. Gantef\u00fchrer, Marquardt &amp;&hellip;","_links":{"self":[{"href":"https:\/\/www.gamapa.de\/pl\/wp-json\/wp\/v2\/pages\/4847","targetHints":{"allow":["GET"]}}],"collection":[{"href":"https:\/\/www.gamapa.de\/pl\/wp-json\/wp\/v2\/pages"}],"about":[{"href":"https:\/\/www.gamapa.de\/pl\/wp-json\/wp\/v2\/types\/page"}],"author":[{"embeddable":true,"href":"https:\/\/www.gamapa.de\/pl\/wp-json\/wp\/v2\/users\/1"}],"replies":[{"embeddable":true,"href":"https:\/\/www.gamapa.de\/pl\/wp-json\/wp\/v2\/comments?post=4847"}],"version-history":[{"count":11,"href":"https:\/\/www.gamapa.de\/pl\/wp-json\/wp\/v2\/pages\/4847\/revisions"}],"predecessor-version":[{"id":21757,"href":"https:\/\/www.gamapa.de\/pl\/wp-json\/wp\/v2\/pages\/4847\/revisions\/21757"}],"up":[{"embeddable":true,"href":"https:\/\/www.gamapa.de\/pl\/wp-json\/wp\/v2\/pages\/5643"}],"wp:featuredmedia":[{"embeddable":true,"href":"https:\/\/www.gamapa.de\/pl\/wp-json\/wp\/v2\/media\/4220"}],"wp:attachment":[{"href":"https:\/\/www.gamapa.de\/pl\/wp-json\/wp\/v2\/media?parent=4847"}],"curies":[{"name":"wp","href":"https:\/\/api.w.org\/{rel}","templated":true}]}}