

{"id":4887,"date":"2020-09-02T14:37:48","date_gmt":"2020-09-02T12:37:48","guid":{"rendered":"https:\/\/www.gamapa.de\/dr-jan-huylmans-rechtsanwalt\/"},"modified":"2026-02-10T13:37:02","modified_gmt":"2026-02-10T12:37:02","slug":"dr-jan-huylmans-adwokat","status":"publish","type":"page","link":"https:\/\/www.gamapa.de\/pl\/doradcy\/dr-jan-huylmans-adwokat\/","title":{"rendered":"Dr. Jan Huylmans"},"content":{"rendered":"\n<h3 class=\"wp-block-heading\">Specjalizacje<\/h3>\n\n\n\n<ul class=\"wp-block-list\">\n<li>Fuzje i przej\u0119cia\/transakcje korporacyjne<\/li>\n\n\n\n<li>Prawo handlowe i prawo sp\u00f3\u0142ek<\/li>\n\n\n\n<li>Prawo bankowe i prawo rynku kapita\u0142owego<\/li>\n\n\n\n<li>Prawo upad\u0142o\u015bciowe<\/li>\n\n\n\n<li>Post\u0119powania s\u0105dowe<\/li>\n<\/ul>\n\n\n\n<h3 class=\"wp-block-heading\">Przebieg kariery zawodowej<\/h3>\n\n\n\n<figure class=\"wp-block-table tablist\"><table><tbody><tr><td>2004-2009 <\/td><td>Uniwersytet w M\u00fcnster (WWU)<\/td><\/tr><tr><td>2009-2011<\/td><td>Doktor prawa i asystent naukowy na WWU M\u00fcnster<\/td><\/tr><tr><td>2012-2014<\/td><td>Sta\u017c w Ministerstwie Gospodarki Nadrenii P\u00f3\u0142nocnej-Westfalii, w du\u017cej kancelarii prawnej w D\u00fcsseldorfie i Londynie oraz w Konsulacie Generalnym w Los Angeles (USA)<\/li><\/ul><\/td><\/tr><tr><td>2014<\/td><td>Udzia\u0142 w projektach realizowanych przez Uniwersytet w M\u00fcnsterze (WWU), Instytut Prawa Gminnego<\/td><\/tr><tr><td>od 2014<\/td><td>Radca prawny w kancelarii Dr. Gantef\u00fchrer, Marquardt &#038; Partner<\/td><\/tr><tr><td>od 2023<\/td><td>Prawnik specjalizuj\u0105cy si\u0119 w prawie bankowym i rynku kapita\u0142owym<\/td><\/tr><\/tbody><\/table><\/figure>\n\n\n\n<h3 class=\"wp-block-heading\">Obs\u0142ugiwane bran\u017ce<\/h3>\n\n\n\n<ul class=\"wp-block-list\">\n<li>\u015arednie przedsi\u0119biorstwa z r\u00f3\u017cnych bran\u017c<\/li>\n\n\n\n<li>Bran\u017ca turystyczna<\/li>\n\n\n\n<li>Klienci prywatni<\/li>\n\n\n\n<li>Lekarze i farmaceuci<\/li>\n<\/ul>\n\n\n\n<h3 class=\"wp-block-heading\">Wybrane zlecenia z zakresu fuzji i przej\u0119\u0107<\/h3>\n\n\n\n<ul class=\"wp-block-list\">\n<li>Doradztwo dla Duisburger Hafen AG (duisport), operatora najwi\u0119kszego \u015br\u00f3dl\u0105dowego portu kontenerowego na \u015bwiecie, przy nabyciu warsztatu lokomotywowego i floty lokomotyw w ramach transakcji dotycz\u0105cej aktyw\u00f3w<\/li>\n\n\n\n<li>Doradztwo na rzecz francuskiej firmy rodzinnej, kt\u00f3ra od ponad 140 lat zachowuje i na nowo odkrywa rzemios\u0142o produkcji okular\u00f3w, przy tworzeniu sp\u00f3\u0142ki joint venture na rynek niemiecki i austriacki, w tym przy tworzeniu (i p\u00f3\u017aniejszym przej\u0119ciu) sp\u00f3\u0142ki joint venture GmbH<\/li>\n\n\n\n<li>Doradztwo na rzecz wsp\u00f3lnik\u00f3w specjalisty w zakresie rur stalowych i ze stali szlachetnej przy sprzeda\u017cy przedsi\u0119biorstwa<\/li>\n\n\n\n<li>Doradztwo na rzecz holenderskiego specjalisty w zakresie zautomatyzowanego ch\u0142odniczego magazynowania przy nabyciu niemieckiej firmy spedycyjnej<\/li>\n\n\n\n<li>Doradztwo dla wsp\u00f3lnik\u00f3w przedsi\u0119biorstwa zajmuj\u0105cego si\u0119 produkcj\u0105 wyrob\u00f3w ogniotrwa\u0142ych przy nabyciu udzia\u0142\u00f3w w przedsi\u0119biorstwie od wsp\u00f3\u0142w\u0142a\u015bcicieli<\/li>\n\n\n\n<li>Doradztwo dla sp\u00f3\u0142dzielni przy nabyciu przedsi\u0119biorstwa specjalizuj\u0105cego si\u0119 w ambulatoryjnej opiece paliatywnej<\/li>\n\n\n\n<li>Doradztwo dla prywatnego inwestora przy nabyciu mniejszo\u015bciowego udzia\u0142u w przedsi\u0119biorstwie rolniczym<\/li>\n\n\n\n<li>Doradztwo na rzecz szwajcarskiej firmy turystycznej przy nabyciu przedsi\u0119biorstwa zajmuj\u0105cego si\u0119 przetwarzaniem danych<\/li>\n\n\n\n<li>Doradztwo na rzecz wsp\u00f3lnik\u00f3w dostawcy us\u0142ug informatycznych przy sprzeda\u017cy przedsi\u0119biorstwa mi\u0119dzynarodowemu dostawcy cyfrowych modeli biznesowych i rozwi\u0105za\u0144 opartych na sztucznej inteligencji<\/li>\n\n\n\n<li>Doradztwo na rzecz wsp\u00f3lnik\u00f3w wsp\u00f3lnej praktyki lekarskiej wraz z sp\u00f3\u0142k\u0105 zale\u017cn\u0105 (laboratorium) przy sprzeda\u017cy przedsi\u0119biorstwa centrum stomatologicznemu<\/li>\n\n\n\n<li>Doradztwo na rzecz wsp\u00f3lnik\u00f3w eksperta w dziedzinie opakowa\u0144 drewnianych przy sprzeda\u017cy przedsi\u0119biorstwa wraz z sp\u00f3\u0142kami zale\u017cnymi<\/li>\n\n\n\n<li>Doradztwo na rzecz wsp\u00f3lnika rozwijaj\u0105cej si\u0119 firmy z bran\u017cy robotyki w ramach rundy inwestycyjnej<\/li>\n\n\n\n<li>Doradztwo na rzecz przedsi\u0119biorstwa zajmuj\u0105cego si\u0119 oprogramowaniem budowlanym, zarz\u0105dzaniem projektami budowlanymi i us\u0142ugami dla przedsi\u0119biorstw budowlanych przy zak\u0142adaniu sp\u00f3\u0142ki joint venture<\/li>\n\n\n\n<li>Zak\u0142adanie licznych sp\u00f3\u0142ek zale\u017cnych lub nabywanie sp\u00f3\u0142ek gotowych dla przedsi\u0119biorstw zagranicznych<\/li>\n<\/ul>\n\n\n\n<h3 class=\"wp-block-heading\">Publikacje<\/h3>\n\n\n\n<ul class=\"wp-block-list\">\n<li>Dzia\u0142alno\u015b\u0107 gospodarcza gminy w zakresie energii \u2013 czy na pewno publiczne prawo podmiotowe w \u015bwietle art. 107 ustawy o gminach Nadrenii P\u00f3\u0142nocnej-Westfalii, w: NVWBl. 2016, 100<\/li>\n\n\n\n<li>Lekcje online\/skrypt \u201ePrawo gminne Nadrenii P\u00f3\u0142nocnej-Westfalii\u201d, wydanie 1-4, 2014<\/li>\n\n\n\n<li>Fundusze kompensacyjne w Nadrenii P\u00f3\u0142nocnej-Westfalii, 2013<\/li>\n<\/ul>\n\n\n\n<h3 class=\"wp-block-heading\">Cz\u0142onkostwo<strong> <\/strong>i pozosta\u0142e dzia\u0142alno\u015bci<\/h3>\n\n\n\n<ul class=\"wp-block-list\">\n<li>Grupa robocza ds. prawa bankowego i rynku kapita\u0142owego (Arbeitsgemeinschaft Bank- und Kapitalmarktrecht)<\/li>\n\n\n\n<li>Niemieckie Stowarzyszenie Prawnik\u00f3w (Deutscher Anwaltverein e.V.)<\/li>\n\n\n\n<li>Stowarzyszenie Prawnik\u00f3w w D\u00fcsseldorfie (D\u00fcsseldorfer Anwalt-Verein e.V.)<\/li>\n\n\n\n<li>Kierownik Szkolenia Aplikant\u00f3w Adwokackich w Sadzie Okr\u0119gowym w D\u00fcsseldorfie<\/li>\n<\/ul>\n\n\n\n\n\n<div class=\"wp-block-button zurueck\"><a class=\"wp-block-button__link wp-element-button\" href=\"https:\/\/www.gamapa.de\/pl\/doradcy\/\">wstecz<\/a><\/div>\n\n\n\n<p><\/p>\n","protected":false},"excerpt":{"rendered":"<p>Specjalizacje Przebieg kariery zawodowej 2004-2009 Uniwersytet w M\u00fcnster (WWU) 2009-2011 Doktor prawa i asystent naukowy na WWU M\u00fcnster 2012-2014 Sta\u017c w Ministerstwie Gospodarki Nadrenii P\u00f3\u0142nocnej-Westfalii, w du\u017cej kancelarii prawnej w D\u00fcsseldorfie i Londynie oraz w Konsulacie Generalnym w Los Angeles (USA) 2014 Udzia\u0142 w projektach realizowanych przez Uniwersytet w M\u00fcnsterze (WWU), Instytut Prawa Gminnego od <a href=\"https:\/\/www.gamapa.de\/pl\/doradcy\/dr-jan-huylmans-adwokat\/\">[\u2026]<\/a><\/p>\n","protected":false},"author":1,"featured_media":4340,"parent":5643,"menu_order":13,"comment_status":"closed","ping_status":"closed","template":"templates\/template-Profil.php","meta":{"_acf_changed":false,"_uag_custom_page_level_css":"","footnotes":""},"class_list":["post-4887","page","type-page","status-publish","has-post-thumbnail","hentry"],"acf":[],"yoast_head":"<!-- This site is optimized with the Yoast SEO plugin v27.5 - https:\/\/yoast.com\/product\/yoast-seo-wordpress\/ -->\n<title>Dr. Jan Huylmans - GANTEF\u00dcHRER<\/title>\n<meta name=\"robots\" content=\"index, follow, max-snippet:-1, max-image-preview:large, max-video-preview:-1\" \/>\n<link rel=\"canonical\" href=\"https:\/\/www.gamapa.de\/pl\/doradcy\/dr-jan-huylmans-adwokat\/\" \/>\n<meta property=\"og:locale\" content=\"pl_PL\" \/>\n<meta property=\"og:type\" content=\"article\" \/>\n<meta property=\"og:title\" content=\"Dr. Jan Huylmans - GANTEF\u00dcHRER\" \/>\n<meta property=\"og:description\" content=\"Specjalizacje Przebieg kariery zawodowej 2004-2009 Uniwersytet w M\u00fcnster (WWU) 2009-2011 Doktor prawa i asystent naukowy na WWU M\u00fcnster 2012-2014 Sta\u017c w Ministerstwie Gospodarki Nadrenii P\u00f3\u0142nocnej-Westfalii, w du\u017cej kancelarii prawnej w D\u00fcsseldorfie i Londynie oraz w Konsulacie Generalnym w Los Angeles (USA) 2014 Udzia\u0142 w projektach realizowanych przez Uniwersytet w M\u00fcnsterze (WWU), Instytut Prawa Gminnego od [\u2026]\" \/>\n<meta property=\"og:url\" content=\"https:\/\/www.gamapa.de\/pl\/doradcy\/dr-jan-huylmans-adwokat\/\" \/>\n<meta property=\"og:site_name\" content=\"GANTEF\u00dcHRER\" \/>\n<meta property=\"article:modified_time\" content=\"2026-02-10T12:37:02+00:00\" \/>\n<meta property=\"og:image\" content=\"https:\/\/www.gamapa.de\/wp-content\/uploads\/2020\/09\/Huylmans-big2.jpg\" \/>\n\t<meta property=\"og:image:width\" content=\"1440\" \/>\n\t<meta property=\"og:image:height\" content=\"859\" \/>\n\t<meta property=\"og:image:type\" content=\"image\/jpeg\" \/>\n<meta name=\"twitter:card\" content=\"summary_large_image\" \/>\n<meta name=\"twitter:label1\" content=\"Szacowany czas czytania\" \/>\n\t<meta name=\"twitter:data1\" content=\"3 minuty\" \/>\n<script type=\"application\/ld+json\" class=\"yoast-schema-graph\">{\"@context\":\"https:\\\/\\\/schema.org\",\"@graph\":[{\"@type\":\"WebPage\",\"@id\":\"https:\\\/\\\/www.gamapa.de\\\/pl\\\/doradcy\\\/dr-jan-huylmans-adwokat\\\/\",\"url\":\"https:\\\/\\\/www.gamapa.de\\\/pl\\\/doradcy\\\/dr-jan-huylmans-adwokat\\\/\",\"name\":\"Dr. Jan Huylmans - GANTEF\u00dcHRER\",\"isPartOf\":{\"@id\":\"https:\\\/\\\/www.gamapa.de\\\/pl\\\/#website\"},\"primaryImageOfPage\":{\"@id\":\"https:\\\/\\\/www.gamapa.de\\\/pl\\\/doradcy\\\/dr-jan-huylmans-adwokat\\\/#primaryimage\"},\"image\":{\"@id\":\"https:\\\/\\\/www.gamapa.de\\\/pl\\\/doradcy\\\/dr-jan-huylmans-adwokat\\\/#primaryimage\"},\"thumbnailUrl\":\"https:\\\/\\\/www.gamapa.de\\\/wp-content\\\/uploads\\\/2020\\\/09\\\/Huylmans-big2.jpg\",\"datePublished\":\"2020-09-02T12:37:48+00:00\",\"dateModified\":\"2026-02-10T12:37:02+00:00\",\"breadcrumb\":{\"@id\":\"https:\\\/\\\/www.gamapa.de\\\/pl\\\/doradcy\\\/dr-jan-huylmans-adwokat\\\/#breadcrumb\"},\"inLanguage\":\"pl-PL\",\"potentialAction\":[{\"@type\":\"ReadAction\",\"target\":[\"https:\\\/\\\/www.gamapa.de\\\/pl\\\/doradcy\\\/dr-jan-huylmans-adwokat\\\/\"]}]},{\"@type\":\"ImageObject\",\"inLanguage\":\"pl-PL\",\"@id\":\"https:\\\/\\\/www.gamapa.de\\\/pl\\\/doradcy\\\/dr-jan-huylmans-adwokat\\\/#primaryimage\",\"url\":\"https:\\\/\\\/www.gamapa.de\\\/wp-content\\\/uploads\\\/2020\\\/09\\\/Huylmans-big2.jpg\",\"contentUrl\":\"https:\\\/\\\/www.gamapa.de\\\/wp-content\\\/uploads\\\/2020\\\/09\\\/Huylmans-big2.jpg\",\"width\":1440,\"height\":859,\"caption\":\"Dr. Jan Huylmans, Rechtsanwalt, Counsel, Fachanwalt f\u00fcr Bank- und Kapitalmarktrecht\"},{\"@type\":\"BreadcrumbList\",\"@id\":\"https:\\\/\\\/www.gamapa.de\\\/pl\\\/doradcy\\\/dr-jan-huylmans-adwokat\\\/#breadcrumb\",\"itemListElement\":[{\"@type\":\"ListItem\",\"position\":1,\"name\":\"Startseite\",\"item\":\"https:\\\/\\\/www.gamapa.de\\\/pl\\\/\"},{\"@type\":\"ListItem\",\"position\":2,\"name\":\"Nasi specjali\u015bci\",\"item\":\"https:\\\/\\\/www.gamapa.de\\\/pl\\\/doradcy\\\/\"},{\"@type\":\"ListItem\",\"position\":3,\"name\":\"Dr. Jan Huylmans\"}]},{\"@type\":\"WebSite\",\"@id\":\"https:\\\/\\\/www.gamapa.de\\\/pl\\\/#website\",\"url\":\"https:\\\/\\\/www.gamapa.de\\\/pl\\\/\",\"name\":\"GANTEF\u00dcHRER\",\"description\":\"Wirtschaftspr\u00fcfer, Steuerberater, Rechtsanw\u00e4lte\",\"publisher\":{\"@id\":\"https:\\\/\\\/www.gamapa.de\\\/pl\\\/#organization\"},\"potentialAction\":[{\"@type\":\"SearchAction\",\"target\":{\"@type\":\"EntryPoint\",\"urlTemplate\":\"https:\\\/\\\/www.gamapa.de\\\/pl\\\/?s={search_term_string}\"},\"query-input\":{\"@type\":\"PropertyValueSpecification\",\"valueRequired\":true,\"valueName\":\"search_term_string\"}}],\"inLanguage\":\"pl-PL\"},{\"@type\":\"Organization\",\"@id\":\"https:\\\/\\\/www.gamapa.de\\\/pl\\\/#organization\",\"name\":\"Gantef\u00fchrer Wirtschaftspr\u00fcfer, Steuerberater, Rechtsanw\u00e4lte\",\"url\":\"https:\\\/\\\/www.gamapa.de\\\/pl\\\/\",\"logo\":{\"@type\":\"ImageObject\",\"inLanguage\":\"pl-PL\",\"@id\":\"https:\\\/\\\/www.gamapa.de\\\/pl\\\/#\\\/schema\\\/logo\\\/image\\\/\",\"url\":\"https:\\\/\\\/www.gamapa.de\\\/wp-content\\\/uploads\\\/2026\\\/01\\\/Logo-Gantefuehrer.png\",\"contentUrl\":\"https:\\\/\\\/www.gamapa.de\\\/wp-content\\\/uploads\\\/2026\\\/01\\\/Logo-Gantefuehrer.png\",\"width\":767,\"height\":156,\"caption\":\"Gantef\u00fchrer Wirtschaftspr\u00fcfer, Steuerberater, Rechtsanw\u00e4lte\"},\"image\":{\"@id\":\"https:\\\/\\\/www.gamapa.de\\\/pl\\\/#\\\/schema\\\/logo\\\/image\\\/\"}}]}<\/script>\n<!-- \/ Yoast SEO plugin. -->","yoast_head_json":{"title":"Dr. Jan Huylmans - GANTEF\u00dcHRER","robots":{"index":"index","follow":"follow","max-snippet":"max-snippet:-1","max-image-preview":"max-image-preview:large","max-video-preview":"max-video-preview:-1"},"canonical":"https:\/\/www.gamapa.de\/pl\/doradcy\/dr-jan-huylmans-adwokat\/","og_locale":"pl_PL","og_type":"article","og_title":"Dr. Jan Huylmans - GANTEF\u00dcHRER","og_description":"Specjalizacje Przebieg kariery zawodowej 2004-2009 Uniwersytet w M\u00fcnster (WWU) 2009-2011 Doktor prawa i asystent naukowy na WWU M\u00fcnster 2012-2014 Sta\u017c w Ministerstwie Gospodarki Nadrenii P\u00f3\u0142nocnej-Westfalii, w du\u017cej kancelarii prawnej w D\u00fcsseldorfie i Londynie oraz w Konsulacie Generalnym w Los Angeles (USA) 2014 Udzia\u0142 w projektach realizowanych przez Uniwersytet w M\u00fcnsterze (WWU), Instytut Prawa Gminnego od [\u2026]","og_url":"https:\/\/www.gamapa.de\/pl\/doradcy\/dr-jan-huylmans-adwokat\/","og_site_name":"GANTEF\u00dcHRER","article_modified_time":"2026-02-10T12:37:02+00:00","og_image":[{"width":1440,"height":859,"url":"https:\/\/www.gamapa.de\/wp-content\/uploads\/2020\/09\/Huylmans-big2.jpg","type":"image\/jpeg"}],"twitter_card":"summary_large_image","twitter_misc":{"Szacowany czas czytania":"3 minuty"},"schema":{"@context":"https:\/\/schema.org","@graph":[{"@type":"WebPage","@id":"https:\/\/www.gamapa.de\/pl\/doradcy\/dr-jan-huylmans-adwokat\/","url":"https:\/\/www.gamapa.de\/pl\/doradcy\/dr-jan-huylmans-adwokat\/","name":"Dr. Jan Huylmans - GANTEF\u00dcHRER","isPartOf":{"@id":"https:\/\/www.gamapa.de\/pl\/#website"},"primaryImageOfPage":{"@id":"https:\/\/www.gamapa.de\/pl\/doradcy\/dr-jan-huylmans-adwokat\/#primaryimage"},"image":{"@id":"https:\/\/www.gamapa.de\/pl\/doradcy\/dr-jan-huylmans-adwokat\/#primaryimage"},"thumbnailUrl":"https:\/\/www.gamapa.de\/wp-content\/uploads\/2020\/09\/Huylmans-big2.jpg","datePublished":"2020-09-02T12:37:48+00:00","dateModified":"2026-02-10T12:37:02+00:00","breadcrumb":{"@id":"https:\/\/www.gamapa.de\/pl\/doradcy\/dr-jan-huylmans-adwokat\/#breadcrumb"},"inLanguage":"pl-PL","potentialAction":[{"@type":"ReadAction","target":["https:\/\/www.gamapa.de\/pl\/doradcy\/dr-jan-huylmans-adwokat\/"]}]},{"@type":"ImageObject","inLanguage":"pl-PL","@id":"https:\/\/www.gamapa.de\/pl\/doradcy\/dr-jan-huylmans-adwokat\/#primaryimage","url":"https:\/\/www.gamapa.de\/wp-content\/uploads\/2020\/09\/Huylmans-big2.jpg","contentUrl":"https:\/\/www.gamapa.de\/wp-content\/uploads\/2020\/09\/Huylmans-big2.jpg","width":1440,"height":859,"caption":"Dr. Jan Huylmans, Rechtsanwalt, Counsel, Fachanwalt f\u00fcr Bank- und Kapitalmarktrecht"},{"@type":"BreadcrumbList","@id":"https:\/\/www.gamapa.de\/pl\/doradcy\/dr-jan-huylmans-adwokat\/#breadcrumb","itemListElement":[{"@type":"ListItem","position":1,"name":"Startseite","item":"https:\/\/www.gamapa.de\/pl\/"},{"@type":"ListItem","position":2,"name":"Nasi specjali\u015bci","item":"https:\/\/www.gamapa.de\/pl\/doradcy\/"},{"@type":"ListItem","position":3,"name":"Dr. Jan Huylmans"}]},{"@type":"WebSite","@id":"https:\/\/www.gamapa.de\/pl\/#website","url":"https:\/\/www.gamapa.de\/pl\/","name":"GANTEF\u00dcHRER","description":"Wirtschaftspr\u00fcfer, Steuerberater, Rechtsanw\u00e4lte","publisher":{"@id":"https:\/\/www.gamapa.de\/pl\/#organization"},"potentialAction":[{"@type":"SearchAction","target":{"@type":"EntryPoint","urlTemplate":"https:\/\/www.gamapa.de\/pl\/?s={search_term_string}"},"query-input":{"@type":"PropertyValueSpecification","valueRequired":true,"valueName":"search_term_string"}}],"inLanguage":"pl-PL"},{"@type":"Organization","@id":"https:\/\/www.gamapa.de\/pl\/#organization","name":"Gantef\u00fchrer Wirtschaftspr\u00fcfer, Steuerberater, Rechtsanw\u00e4lte","url":"https:\/\/www.gamapa.de\/pl\/","logo":{"@type":"ImageObject","inLanguage":"pl-PL","@id":"https:\/\/www.gamapa.de\/pl\/#\/schema\/logo\/image\/","url":"https:\/\/www.gamapa.de\/wp-content\/uploads\/2026\/01\/Logo-Gantefuehrer.png","contentUrl":"https:\/\/www.gamapa.de\/wp-content\/uploads\/2026\/01\/Logo-Gantefuehrer.png","width":767,"height":156,"caption":"Gantef\u00fchrer Wirtschaftspr\u00fcfer, Steuerberater, Rechtsanw\u00e4lte"},"image":{"@id":"https:\/\/www.gamapa.de\/pl\/#\/schema\/logo\/image\/"}}]}},"uagb_featured_image_src":{"full":["https:\/\/www.gamapa.de\/wp-content\/uploads\/2020\/09\/Huylmans-big2.jpg",1440,859,false],"thumbnail":["https:\/\/www.gamapa.de\/wp-content\/uploads\/2020\/09\/Huylmans-big2-150x150.jpg",150,150,true],"medium":["https:\/\/www.gamapa.de\/wp-content\/uploads\/2020\/09\/Huylmans-big2-600x358.jpg",600,358,true],"medium_large":["https:\/\/www.gamapa.de\/wp-content\/uploads\/2020\/09\/Huylmans-big2-768x458.jpg",580,346,true],"large":["https:\/\/www.gamapa.de\/wp-content\/uploads\/2020\/09\/Huylmans-big2.jpg",580,346,false],"gs-tiny":["https:\/\/www.gamapa.de\/wp-content\/uploads\/2020\/09\/Huylmans-big2.jpg",50,30,false],"xl":["https:\/\/www.gamapa.de\/wp-content\/uploads\/2020\/09\/Huylmans-big2.jpg",1440,859,false],"xxl":["https:\/\/www.gamapa.de\/wp-content\/uploads\/2020\/09\/Huylmans-big2.jpg",1440,859,false],"xxxl":["https:\/\/www.gamapa.de\/wp-content\/uploads\/2020\/09\/Huylmans-big2.jpg",1440,859,false],"xxxxl":["https:\/\/www.gamapa.de\/wp-content\/uploads\/2020\/09\/Huylmans-big2.jpg",1440,859,false],"xxxxxl":["https:\/\/www.gamapa.de\/wp-content\/uploads\/2020\/09\/Huylmans-big2.jpg",1440,859,false],"1536x1536":["https:\/\/www.gamapa.de\/wp-content\/uploads\/2020\/09\/Huylmans-big2.jpg",1440,859,false],"2048x2048":["https:\/\/www.gamapa.de\/wp-content\/uploads\/2020\/09\/Huylmans-big2.jpg",1440,859,false],"post-thumbnail":["https:\/\/www.gamapa.de\/wp-content\/uploads\/2020\/09\/Huylmans-big2.jpg",1440,859,false],"twentytwenty-fullscreen":["https:\/\/www.gamapa.de\/wp-content\/uploads\/2020\/09\/Huylmans-big2.jpg",1440,859,false],"theme-slug-single-post":["https:\/\/www.gamapa.de\/wp-content\/uploads\/2020\/09\/Huylmans-big2-1440x400.jpg",1440,400,true]},"uagb_author_info":{"display_name":"linda","author_link":"https:\/\/www.gamapa.de\/pl\/author\/linda\/"},"uagb_comment_info":0,"uagb_excerpt":"Specjalizacje Przebieg kariery zawodowej 2004-2009 Uniwersytet w M\u00fcnster (WWU) 2009-2011 Doktor prawa i asystent naukowy na WWU M\u00fcnster 2012-2014 Sta\u017c w Ministerstwie Gospodarki Nadrenii P\u00f3\u0142nocnej-Westfalii, w du\u017cej kancelarii prawnej w D\u00fcsseldorfie i Londynie oraz w Konsulacie Generalnym w Los Angeles (USA) 2014 Udzia\u0142 w projektach realizowanych przez Uniwersytet w M\u00fcnsterze (WWU), Instytut Prawa Gminnego od&hellip;","_links":{"self":[{"href":"https:\/\/www.gamapa.de\/pl\/wp-json\/wp\/v2\/pages\/4887","targetHints":{"allow":["GET"]}}],"collection":[{"href":"https:\/\/www.gamapa.de\/pl\/wp-json\/wp\/v2\/pages"}],"about":[{"href":"https:\/\/www.gamapa.de\/pl\/wp-json\/wp\/v2\/types\/page"}],"author":[{"embeddable":true,"href":"https:\/\/www.gamapa.de\/pl\/wp-json\/wp\/v2\/users\/1"}],"replies":[{"embeddable":true,"href":"https:\/\/www.gamapa.de\/pl\/wp-json\/wp\/v2\/comments?post=4887"}],"version-history":[{"count":14,"href":"https:\/\/www.gamapa.de\/pl\/wp-json\/wp\/v2\/pages\/4887\/revisions"}],"predecessor-version":[{"id":23995,"href":"https:\/\/www.gamapa.de\/pl\/wp-json\/wp\/v2\/pages\/4887\/revisions\/23995"}],"up":[{"embeddable":true,"href":"https:\/\/www.gamapa.de\/pl\/wp-json\/wp\/v2\/pages\/5643"}],"wp:featuredmedia":[{"embeddable":true,"href":"https:\/\/www.gamapa.de\/pl\/wp-json\/wp\/v2\/media\/4340"}],"wp:attachment":[{"href":"https:\/\/www.gamapa.de\/pl\/wp-json\/wp\/v2\/media?parent=4887"}],"curies":[{"name":"wp","href":"https:\/\/api.w.org\/{rel}","templated":true}]}}