

{"id":4900,"date":"2020-09-02T15:59:52","date_gmt":"2020-09-02T13:59:52","guid":{"rendered":"https:\/\/www.gamapa.de\/dr-sabrina-von-rueden-rechtsanwaeltin\/"},"modified":"2026-01-13T10:15:20","modified_gmt":"2026-01-13T09:15:20","slug":"dr-sabrina-von-rueden-adwokat","status":"publish","type":"page","link":"https:\/\/www.gamapa.de\/pl\/doradcy\/dr-sabrina-von-rueden-adwokat\/","title":{"rendered":"Dr. Sabrina von R\u00fcden"},"content":{"rendered":"\n<h3 class=\"wp-block-heading\">Specjalizacje<\/h3>\n\n\n\n<ul class=\"wp-block-list\">\n<li>Doradztwo dla sp\u00f3\u0142ek osobowych i kapita\u0142owych we wszystkich aspektach prawa korporacyjnego<\/li>\n\n\n\n<li>Spory mi\u0119dzy wsp\u00f3lnikami<\/li>\n\n\n\n<li>Projektowanie system\u00f3w dystrybucji w spos\u00f3b zgodny z przepisami prawa antymonopolowego&amp;nbsp;&amp;nbsp;<\/li>\n\n\n\n<li>Doradztwo w kwestiach prawa handlowego<\/li>\n\n\n\n<li>S\u0105dowe dochodzenie roszcze\u0144 na gruncie prawa sp\u00f3\u0142ek i prawa handlowego<\/li>\n\n\n\n<li>Zgodno\u015b\u0107 z przepisami<\/li>\n<\/ul>\n\n\n\n<h3 class=\"wp-block-heading\">Przebieg kariery zawodowej<\/h3>\n\n\n\n<figure class=\"wp-block-table tablist\"><table><tbody><tr><td>2000-2005 <\/td><td>Uniwersytet w Osnabr\u00fcck<\/td><\/tr><tr><td>2005-2009<\/td><td>Promocja na doktora praw<\/td><\/tr><tr><td>2007-2009<\/td><td>Sta\u017c w kancelarii prawnej w D\u00fcsseldorfie<\/td><\/tr><tr><td>2009-2012<\/td><td>Radca prawny w kancelarii prawnej Taylor Wessing, D\u00fcsseldorf<\/td><\/tr><tr><td>2012-2019<\/td><td>Radca prawny w kancelarii radc\u00f3w prawnych Kapellmann und Partner<\/td><\/tr><tr><td>od 2019<\/td><td>Radca prawny w kancelarii Dr. Gantef\u00fchrer, Marquardt &amp; Partner<\/td><\/tr><tr><td>od 2022<\/td><td>Partner w kancelarii Dr. Gantef\u00fchrer, Marquardt und Partner<\/td><\/tr><\/tbody><\/table><\/figure>\n\n\n\n<h3 class=\"wp-block-heading\">Obs\u0142ugiwane bran\u017ce<\/h3>\n\n\n\n<ul class=\"wp-block-list\">\n<li>\u015arednie przedsi\u0119biorstwa z r\u00f3\u017cnych bran\u017c<\/li>\n\n\n\n<li>Systemy dualne<\/li>\n\n\n\n<li>Producenci<\/li>\n<\/ul>\n\n\n\n<h3 class=\"wp-block-heading\">Publikacje<\/h3>\n\n\n\n<ul class=\"wp-block-list\">\n<li>Podzia\u0142 ryzyka w systemach dystrybucji i wp\u0142yw na ich dopuszczalno\u015b\u0107 z punktu widzenia prawa konkurencji w Niemczech i Anglii (rozprawa doktorska 2009)<\/li>\n\n\n\n<li>Konieczno\u015b\u0107 doprecyzowania nowego \u00a7 7 ust. 6 VerpackG<em>, <\/em>AbfallR 2018, 165 (wraz z radc\u0105 prawnym dr Katharin\u0105 Kolb)<\/li>\n<\/ul>\n\n\n\n<h3 class=\"wp-block-heading\">Cz\u0142onkostwo<\/h3>\n\n\n\n<ul class=\"wp-block-list\">\n<li>Studienvereinigung Kartellrecht<\/li>\n\n\n\n<li>Deutsche Gesellschaft f\u00fcr Vertriebsrecht e.V.<\/li>\n<\/ul>\n\n\n\n\n\n<div class=\"wp-block-button zurueck\"><a class=\"wp-block-button__link wp-element-button\" href=\"https:\/\/www.gamapa.de\/pl\/doradcy\/\">wstecz<\/a><\/div>\n\n\n\n<p><\/p>\n","protected":false},"excerpt":{"rendered":"<p>Specjalizacje Przebieg kariery zawodowej 2000-2005 Uniwersytet w Osnabr\u00fcck 2005-2009 Promocja na doktora praw 2007-2009 Sta\u017c w kancelarii prawnej w D\u00fcsseldorfie 2009-2012 Radca prawny w kancelarii prawnej Taylor Wessing, D\u00fcsseldorf 2012-2019 Radca prawny w kancelarii radc\u00f3w prawnych Kapellmann und Partner od 2019 Radca prawny w kancelarii Dr. Gantef\u00fchrer, Marquardt &amp; Partner od 2022 Partner w kancelarii <a href=\"https:\/\/www.gamapa.de\/pl\/doradcy\/dr-sabrina-von-rueden-adwokat\/\">[\u2026]<\/a><\/p>\n","protected":false},"author":1,"featured_media":16449,"parent":5643,"menu_order":12,"comment_status":"closed","ping_status":"closed","template":"templates\/template-Profil.php","meta":{"_acf_changed":false,"_uag_custom_page_level_css":"","footnotes":""},"class_list":["post-4900","page","type-page","status-publish","has-post-thumbnail","hentry"],"acf":[],"yoast_head":"<!-- This site is optimized with the Yoast SEO plugin v27.5 - https:\/\/yoast.com\/product\/yoast-seo-wordpress\/ -->\n<title>Dr. Sabrina von R\u00fcden - GANTEF\u00dcHRER<\/title>\n<meta name=\"robots\" content=\"index, follow, max-snippet:-1, max-image-preview:large, max-video-preview:-1\" \/>\n<link rel=\"canonical\" href=\"https:\/\/www.gamapa.de\/pl\/doradcy\/dr-sabrina-von-rueden-adwokat\/\" \/>\n<meta property=\"og:locale\" content=\"pl_PL\" \/>\n<meta property=\"og:type\" content=\"article\" \/>\n<meta property=\"og:title\" content=\"Dr. Sabrina von R\u00fcden - GANTEF\u00dcHRER\" \/>\n<meta property=\"og:description\" content=\"Specjalizacje Przebieg kariery zawodowej 2000-2005 Uniwersytet w Osnabr\u00fcck 2005-2009 Promocja na doktora praw 2007-2009 Sta\u017c w kancelarii prawnej w D\u00fcsseldorfie 2009-2012 Radca prawny w kancelarii prawnej Taylor Wessing, D\u00fcsseldorf 2012-2019 Radca prawny w kancelarii radc\u00f3w prawnych Kapellmann und Partner od 2019 Radca prawny w kancelarii Dr. Gantef\u00fchrer, Marquardt &amp; Partner od 2022 Partner w kancelarii [\u2026]\" \/>\n<meta property=\"og:url\" content=\"https:\/\/www.gamapa.de\/pl\/doradcy\/dr-sabrina-von-rueden-adwokat\/\" \/>\n<meta property=\"og:site_name\" content=\"GANTEF\u00dcHRER\" \/>\n<meta property=\"article:modified_time\" content=\"2026-01-13T09:15:20+00:00\" \/>\n<meta property=\"og:image\" content=\"https:\/\/www.gamapa.de\/wp-content\/uploads\/2020\/08\/VonRueden-2.jpg\" \/>\n\t<meta property=\"og:image:width\" content=\"1440\" \/>\n\t<meta property=\"og:image:height\" content=\"859\" \/>\n\t<meta property=\"og:image:type\" content=\"image\/jpeg\" \/>\n<meta name=\"twitter:card\" content=\"summary_large_image\" \/>\n<meta name=\"twitter:label1\" content=\"Szacowany czas czytania\" \/>\n\t<meta name=\"twitter:data1\" content=\"2 minuty\" \/>\n<script type=\"application\/ld+json\" class=\"yoast-schema-graph\">{\"@context\":\"https:\\\/\\\/schema.org\",\"@graph\":[{\"@type\":\"WebPage\",\"@id\":\"https:\\\/\\\/www.gamapa.de\\\/pl\\\/doradcy\\\/dr-sabrina-von-rueden-adwokat\\\/\",\"url\":\"https:\\\/\\\/www.gamapa.de\\\/pl\\\/doradcy\\\/dr-sabrina-von-rueden-adwokat\\\/\",\"name\":\"Dr. Sabrina von R\u00fcden - GANTEF\u00dcHRER\",\"isPartOf\":{\"@id\":\"https:\\\/\\\/www.gamapa.de\\\/pl\\\/#website\"},\"primaryImageOfPage\":{\"@id\":\"https:\\\/\\\/www.gamapa.de\\\/pl\\\/doradcy\\\/dr-sabrina-von-rueden-adwokat\\\/#primaryimage\"},\"image\":{\"@id\":\"https:\\\/\\\/www.gamapa.de\\\/pl\\\/doradcy\\\/dr-sabrina-von-rueden-adwokat\\\/#primaryimage\"},\"thumbnailUrl\":\"https:\\\/\\\/www.gamapa.de\\\/wp-content\\\/uploads\\\/2020\\\/08\\\/VonRueden-2.jpg\",\"datePublished\":\"2020-09-02T13:59:52+00:00\",\"dateModified\":\"2026-01-13T09:15:20+00:00\",\"breadcrumb\":{\"@id\":\"https:\\\/\\\/www.gamapa.de\\\/pl\\\/doradcy\\\/dr-sabrina-von-rueden-adwokat\\\/#breadcrumb\"},\"inLanguage\":\"pl-PL\",\"potentialAction\":[{\"@type\":\"ReadAction\",\"target\":[\"https:\\\/\\\/www.gamapa.de\\\/pl\\\/doradcy\\\/dr-sabrina-von-rueden-adwokat\\\/\"]}]},{\"@type\":\"ImageObject\",\"inLanguage\":\"pl-PL\",\"@id\":\"https:\\\/\\\/www.gamapa.de\\\/pl\\\/doradcy\\\/dr-sabrina-von-rueden-adwokat\\\/#primaryimage\",\"url\":\"https:\\\/\\\/www.gamapa.de\\\/wp-content\\\/uploads\\\/2020\\\/08\\\/VonRueden-2.jpg\",\"contentUrl\":\"https:\\\/\\\/www.gamapa.de\\\/wp-content\\\/uploads\\\/2020\\\/08\\\/VonRueden-2.jpg\",\"width\":1440,\"height\":859,\"caption\":\"Dr. Sabrina von R\u00fcden, Rechtsanw\u00e4ltin, Fachanw\u00e4ltin f\u00fcr Handels- und Gesellschaftsrecht, Lehrbeauftragte an der IST Hochschule f\u00fcr Management, Partnerin\"},{\"@type\":\"BreadcrumbList\",\"@id\":\"https:\\\/\\\/www.gamapa.de\\\/pl\\\/doradcy\\\/dr-sabrina-von-rueden-adwokat\\\/#breadcrumb\",\"itemListElement\":[{\"@type\":\"ListItem\",\"position\":1,\"name\":\"Startseite\",\"item\":\"https:\\\/\\\/www.gamapa.de\\\/pl\\\/\"},{\"@type\":\"ListItem\",\"position\":2,\"name\":\"Nasi specjali\u015bci\",\"item\":\"https:\\\/\\\/www.gamapa.de\\\/pl\\\/doradcy\\\/\"},{\"@type\":\"ListItem\",\"position\":3,\"name\":\"Dr. Sabrina von R\u00fcden\"}]},{\"@type\":\"WebSite\",\"@id\":\"https:\\\/\\\/www.gamapa.de\\\/pl\\\/#website\",\"url\":\"https:\\\/\\\/www.gamapa.de\\\/pl\\\/\",\"name\":\"GANTEF\u00dcHRER\",\"description\":\"Wirtschaftspr\u00fcfer, Steuerberater, Rechtsanw\u00e4lte\",\"publisher\":{\"@id\":\"https:\\\/\\\/www.gamapa.de\\\/pl\\\/#organization\"},\"potentialAction\":[{\"@type\":\"SearchAction\",\"target\":{\"@type\":\"EntryPoint\",\"urlTemplate\":\"https:\\\/\\\/www.gamapa.de\\\/pl\\\/?s={search_term_string}\"},\"query-input\":{\"@type\":\"PropertyValueSpecification\",\"valueRequired\":true,\"valueName\":\"search_term_string\"}}],\"inLanguage\":\"pl-PL\"},{\"@type\":\"Organization\",\"@id\":\"https:\\\/\\\/www.gamapa.de\\\/pl\\\/#organization\",\"name\":\"Gantef\u00fchrer Wirtschaftspr\u00fcfer, Steuerberater, Rechtsanw\u00e4lte\",\"url\":\"https:\\\/\\\/www.gamapa.de\\\/pl\\\/\",\"logo\":{\"@type\":\"ImageObject\",\"inLanguage\":\"pl-PL\",\"@id\":\"https:\\\/\\\/www.gamapa.de\\\/pl\\\/#\\\/schema\\\/logo\\\/image\\\/\",\"url\":\"https:\\\/\\\/www.gamapa.de\\\/wp-content\\\/uploads\\\/2026\\\/01\\\/Logo-Gantefuehrer.png\",\"contentUrl\":\"https:\\\/\\\/www.gamapa.de\\\/wp-content\\\/uploads\\\/2026\\\/01\\\/Logo-Gantefuehrer.png\",\"width\":767,\"height\":156,\"caption\":\"Gantef\u00fchrer Wirtschaftspr\u00fcfer, Steuerberater, Rechtsanw\u00e4lte\"},\"image\":{\"@id\":\"https:\\\/\\\/www.gamapa.de\\\/pl\\\/#\\\/schema\\\/logo\\\/image\\\/\"}}]}<\/script>\n<!-- \/ Yoast SEO plugin. -->","yoast_head_json":{"title":"Dr. Sabrina von R\u00fcden - GANTEF\u00dcHRER","robots":{"index":"index","follow":"follow","max-snippet":"max-snippet:-1","max-image-preview":"max-image-preview:large","max-video-preview":"max-video-preview:-1"},"canonical":"https:\/\/www.gamapa.de\/pl\/doradcy\/dr-sabrina-von-rueden-adwokat\/","og_locale":"pl_PL","og_type":"article","og_title":"Dr. Sabrina von R\u00fcden - GANTEF\u00dcHRER","og_description":"Specjalizacje Przebieg kariery zawodowej 2000-2005 Uniwersytet w Osnabr\u00fcck 2005-2009 Promocja na doktora praw 2007-2009 Sta\u017c w kancelarii prawnej w D\u00fcsseldorfie 2009-2012 Radca prawny w kancelarii prawnej Taylor Wessing, D\u00fcsseldorf 2012-2019 Radca prawny w kancelarii radc\u00f3w prawnych Kapellmann und Partner od 2019 Radca prawny w kancelarii Dr. Gantef\u00fchrer, Marquardt &amp; Partner od 2022 Partner w kancelarii [\u2026]","og_url":"https:\/\/www.gamapa.de\/pl\/doradcy\/dr-sabrina-von-rueden-adwokat\/","og_site_name":"GANTEF\u00dcHRER","article_modified_time":"2026-01-13T09:15:20+00:00","og_image":[{"width":1440,"height":859,"url":"https:\/\/www.gamapa.de\/wp-content\/uploads\/2020\/08\/VonRueden-2.jpg","type":"image\/jpeg"}],"twitter_card":"summary_large_image","twitter_misc":{"Szacowany czas czytania":"2 minuty"},"schema":{"@context":"https:\/\/schema.org","@graph":[{"@type":"WebPage","@id":"https:\/\/www.gamapa.de\/pl\/doradcy\/dr-sabrina-von-rueden-adwokat\/","url":"https:\/\/www.gamapa.de\/pl\/doradcy\/dr-sabrina-von-rueden-adwokat\/","name":"Dr. Sabrina von R\u00fcden - GANTEF\u00dcHRER","isPartOf":{"@id":"https:\/\/www.gamapa.de\/pl\/#website"},"primaryImageOfPage":{"@id":"https:\/\/www.gamapa.de\/pl\/doradcy\/dr-sabrina-von-rueden-adwokat\/#primaryimage"},"image":{"@id":"https:\/\/www.gamapa.de\/pl\/doradcy\/dr-sabrina-von-rueden-adwokat\/#primaryimage"},"thumbnailUrl":"https:\/\/www.gamapa.de\/wp-content\/uploads\/2020\/08\/VonRueden-2.jpg","datePublished":"2020-09-02T13:59:52+00:00","dateModified":"2026-01-13T09:15:20+00:00","breadcrumb":{"@id":"https:\/\/www.gamapa.de\/pl\/doradcy\/dr-sabrina-von-rueden-adwokat\/#breadcrumb"},"inLanguage":"pl-PL","potentialAction":[{"@type":"ReadAction","target":["https:\/\/www.gamapa.de\/pl\/doradcy\/dr-sabrina-von-rueden-adwokat\/"]}]},{"@type":"ImageObject","inLanguage":"pl-PL","@id":"https:\/\/www.gamapa.de\/pl\/doradcy\/dr-sabrina-von-rueden-adwokat\/#primaryimage","url":"https:\/\/www.gamapa.de\/wp-content\/uploads\/2020\/08\/VonRueden-2.jpg","contentUrl":"https:\/\/www.gamapa.de\/wp-content\/uploads\/2020\/08\/VonRueden-2.jpg","width":1440,"height":859,"caption":"Dr. Sabrina von R\u00fcden, Rechtsanw\u00e4ltin, Fachanw\u00e4ltin f\u00fcr Handels- und Gesellschaftsrecht, Lehrbeauftragte an der IST Hochschule f\u00fcr Management, Partnerin"},{"@type":"BreadcrumbList","@id":"https:\/\/www.gamapa.de\/pl\/doradcy\/dr-sabrina-von-rueden-adwokat\/#breadcrumb","itemListElement":[{"@type":"ListItem","position":1,"name":"Startseite","item":"https:\/\/www.gamapa.de\/pl\/"},{"@type":"ListItem","position":2,"name":"Nasi specjali\u015bci","item":"https:\/\/www.gamapa.de\/pl\/doradcy\/"},{"@type":"ListItem","position":3,"name":"Dr. Sabrina von R\u00fcden"}]},{"@type":"WebSite","@id":"https:\/\/www.gamapa.de\/pl\/#website","url":"https:\/\/www.gamapa.de\/pl\/","name":"GANTEF\u00dcHRER","description":"Wirtschaftspr\u00fcfer, Steuerberater, Rechtsanw\u00e4lte","publisher":{"@id":"https:\/\/www.gamapa.de\/pl\/#organization"},"potentialAction":[{"@type":"SearchAction","target":{"@type":"EntryPoint","urlTemplate":"https:\/\/www.gamapa.de\/pl\/?s={search_term_string}"},"query-input":{"@type":"PropertyValueSpecification","valueRequired":true,"valueName":"search_term_string"}}],"inLanguage":"pl-PL"},{"@type":"Organization","@id":"https:\/\/www.gamapa.de\/pl\/#organization","name":"Gantef\u00fchrer Wirtschaftspr\u00fcfer, Steuerberater, Rechtsanw\u00e4lte","url":"https:\/\/www.gamapa.de\/pl\/","logo":{"@type":"ImageObject","inLanguage":"pl-PL","@id":"https:\/\/www.gamapa.de\/pl\/#\/schema\/logo\/image\/","url":"https:\/\/www.gamapa.de\/wp-content\/uploads\/2026\/01\/Logo-Gantefuehrer.png","contentUrl":"https:\/\/www.gamapa.de\/wp-content\/uploads\/2026\/01\/Logo-Gantefuehrer.png","width":767,"height":156,"caption":"Gantef\u00fchrer Wirtschaftspr\u00fcfer, Steuerberater, Rechtsanw\u00e4lte"},"image":{"@id":"https:\/\/www.gamapa.de\/pl\/#\/schema\/logo\/image\/"}}]}},"uagb_featured_image_src":{"full":["https:\/\/www.gamapa.de\/wp-content\/uploads\/2020\/08\/VonRueden-2.jpg",1440,859,false],"thumbnail":["https:\/\/www.gamapa.de\/wp-content\/uploads\/2020\/08\/VonRueden-2-150x150.jpg",150,150,true],"medium":["https:\/\/www.gamapa.de\/wp-content\/uploads\/2020\/08\/VonRueden-2-600x358.jpg",600,358,true],"medium_large":["https:\/\/www.gamapa.de\/wp-content\/uploads\/2020\/08\/VonRueden-2-768x458.jpg",580,346,true],"large":["https:\/\/www.gamapa.de\/wp-content\/uploads\/2020\/08\/VonRueden-2.jpg",580,346,false],"gs-tiny":["https:\/\/www.gamapa.de\/wp-content\/uploads\/2020\/08\/VonRueden-2-50x30.jpg",50,30,true],"xl":["https:\/\/www.gamapa.de\/wp-content\/uploads\/2020\/08\/VonRueden-2.jpg",1440,859,false],"xxl":["https:\/\/www.gamapa.de\/wp-content\/uploads\/2020\/08\/VonRueden-2.jpg",1440,859,false],"xxxl":["https:\/\/www.gamapa.de\/wp-content\/uploads\/2020\/08\/VonRueden-2.jpg",1440,859,false],"xxxxl":["https:\/\/www.gamapa.de\/wp-content\/uploads\/2020\/08\/VonRueden-2.jpg",1440,859,false],"xxxxxl":["https:\/\/www.gamapa.de\/wp-content\/uploads\/2020\/08\/VonRueden-2.jpg",1440,859,false],"1536x1536":["https:\/\/www.gamapa.de\/wp-content\/uploads\/2020\/08\/VonRueden-2.jpg",1440,859,false],"2048x2048":["https:\/\/www.gamapa.de\/wp-content\/uploads\/2020\/08\/VonRueden-2.jpg",1440,859,false],"post-thumbnail":["https:\/\/www.gamapa.de\/wp-content\/uploads\/2020\/08\/VonRueden-2.jpg",1440,859,false],"twentytwenty-fullscreen":["https:\/\/www.gamapa.de\/wp-content\/uploads\/2020\/08\/VonRueden-2.jpg",1440,859,false],"theme-slug-single-post":["https:\/\/www.gamapa.de\/wp-content\/uploads\/2020\/08\/VonRueden-2-1440x400.jpg",1440,400,true]},"uagb_author_info":{"display_name":"linda","author_link":"https:\/\/www.gamapa.de\/pl\/author\/linda\/"},"uagb_comment_info":0,"uagb_excerpt":"Specjalizacje Przebieg kariery zawodowej 2000-2005 Uniwersytet w Osnabr\u00fcck 2005-2009 Promocja na doktora praw 2007-2009 Sta\u017c w kancelarii prawnej w D\u00fcsseldorfie 2009-2012 Radca prawny w kancelarii prawnej Taylor Wessing, D\u00fcsseldorf 2012-2019 Radca prawny w kancelarii radc\u00f3w prawnych Kapellmann und Partner od 2019 Radca prawny w kancelarii Dr. Gantef\u00fchrer, Marquardt &amp; Partner od 2022 Partner w kancelarii&hellip;","_links":{"self":[{"href":"https:\/\/www.gamapa.de\/pl\/wp-json\/wp\/v2\/pages\/4900","targetHints":{"allow":["GET"]}}],"collection":[{"href":"https:\/\/www.gamapa.de\/pl\/wp-json\/wp\/v2\/pages"}],"about":[{"href":"https:\/\/www.gamapa.de\/pl\/wp-json\/wp\/v2\/types\/page"}],"author":[{"embeddable":true,"href":"https:\/\/www.gamapa.de\/pl\/wp-json\/wp\/v2\/users\/1"}],"replies":[{"embeddable":true,"href":"https:\/\/www.gamapa.de\/pl\/wp-json\/wp\/v2\/comments?post=4900"}],"version-history":[{"count":14,"href":"https:\/\/www.gamapa.de\/pl\/wp-json\/wp\/v2\/pages\/4900\/revisions"}],"predecessor-version":[{"id":23473,"href":"https:\/\/www.gamapa.de\/pl\/wp-json\/wp\/v2\/pages\/4900\/revisions\/23473"}],"up":[{"embeddable":true,"href":"https:\/\/www.gamapa.de\/pl\/wp-json\/wp\/v2\/pages\/5643"}],"wp:featuredmedia":[{"embeddable":true,"href":"https:\/\/www.gamapa.de\/pl\/wp-json\/wp\/v2\/media\/16449"}],"wp:attachment":[{"href":"https:\/\/www.gamapa.de\/pl\/wp-json\/wp\/v2\/media?parent=4900"}],"curies":[{"name":"wp","href":"https:\/\/api.w.org\/{rel}","templated":true}]}}