

{"id":4923,"date":"2020-09-02T16:14:00","date_gmt":"2020-09-02T14:14:00","guid":{"rendered":"https:\/\/www.gamapa.de\/johann-friedrich-burchard-rechtsanwalt\/"},"modified":"2025-11-04T14:52:23","modified_gmt":"2025-11-04T13:52:23","slug":"johann-friedrich-burchard-adwokat","status":"publish","type":"page","link":"https:\/\/www.gamapa.de\/pl\/doradcy\/johann-friedrich-burchard-adwokat\/","title":{"rendered":"Johann Friedrich Burchard"},"content":{"rendered":"\n<h3 class=\"wp-block-heading\">Specjalizacje<\/h3>\n\n\n\n<ul class=\"wp-block-list\">\n<li>Wykonywanie testament\u00f3w i podzia\u0142 maj\u0105tku<\/li>\n\n\n\n<li>Doradztwo w zakresie prawa spadkowego, prowadzenie post\u0119powania spadkowego<\/li>\n\n\n\n<li>Opracowywanie koncepcji sukcesji aktyw\u00f3w, z wykorzystaniem mo\u017cliwo\u015bci zak\u0142adania fundacji<\/li>\n\n\n\n<li>Prawo nieruchomo\u015bci<\/li>\n\n\n\n<li>Prawo upad\u0142o\u015bciowe<\/li>\n\n\n\n<li>Prywatne prawo budowlane<\/li>\n<\/ul>\n\n\n\n<h3 class=\"wp-block-heading\">Przebieg kariery zawodowej<\/h3>\n\n\n\n<figure class=\"wp-block-table tablist\"><table><tbody><tr><td>1991-1996 <\/td><td>Uniwersytety w Bonn i Fryburgu Bryzgowijskim<\/td><\/tr><tr><td>1996-1998<\/td><td>Sta\u017c w kancelarii prawnej w Bonn, filia w Pary\u017cu<\/td><\/tr><tr><td>1998-2000<\/td><td>Radca prawny w kancelarii Prof. Dr. H\u00fcmmerich &amp; Partner, Bonn<\/td><\/tr><tr><td>2000-2002<\/td><td>Wewn\u0119trzny radca prawny w FORIS AG, Bonn<\/td><\/tr><tr><td>od 2002<\/td><td>Radca prawny w kancelarii Dr. Gantef\u00fchrer, Marquardt &amp; Partner<\/td><\/tr><\/tbody><\/table><\/figure>\n\n\n\n<h3 class=\"wp-block-heading\">Publikacje<\/h3>\n\n\n\n<ul class=\"wp-block-list\">\n<li>Kr\u00f3tki artyku\u0142: Sekcja 720a ZPO i \u201er\u00f3wno\u015b\u0107 broni\u201d, NJW 2002, 2219<\/li>\n\n\n\n<li>Esej: &#8222;Wp\u0142yw z\u0142o\u017conego charakteru umowy po\u017cyczki i ubezpieczenia zad\u0142u\u017cenia rezydualnego na niewyp\u0142acalno\u015b\u0107 po\u017cyczkobiorcy&#8221;, ZInsO 2011, 513, wraz z radc\u0105 prawnym Axlem Kleinschmidtem<\/li>\n\n\n\n<li>Esej: &#8222;Testamentowe klauzule arbitra\u017cowe i obowi\u0105zkowe roszczenia cz\u0119\u015bciowe&#8221;, ZEV 2017, 308<\/li>\n\n\n\n<li>Glosa do postanowienia Wy\u017cszego S\u0105du Krajowego w Monachium z dnia 25.10.2017, 18 U 1202\/17, ZEV 2018, 98<\/li>\n<\/ul>\n\n\n\n\n\n<div class=\"wp-block-button zurueck\"><a class=\"wp-block-button__link wp-element-button\" href=\"https:\/\/www.gamapa.de\/pl\/doradcy\/\">wstecz<\/a><\/div>\n\n\n\n<p><\/p>\n","protected":false},"excerpt":{"rendered":"<p>Specjalizacje Przebieg kariery zawodowej 1991-1996 Uniwersytety w Bonn i Fryburgu Bryzgowijskim 1996-1998 Sta\u017c w kancelarii prawnej w Bonn, filia w Pary\u017cu 1998-2000 Radca prawny w kancelarii Prof. Dr. H\u00fcmmerich &amp; Partner, Bonn 2000-2002 Wewn\u0119trzny radca prawny w FORIS AG, Bonn od 2002 Radca prawny w kancelarii Dr. Gantef\u00fchrer, Marquardt &amp; Partner Publikacje<\/p>\n","protected":false},"author":1,"featured_media":4355,"parent":5643,"menu_order":41,"comment_status":"closed","ping_status":"closed","template":"templates\/template-Profil.php","meta":{"_acf_changed":false,"_uag_custom_page_level_css":"","footnotes":""},"class_list":["post-4923","page","type-page","status-publish","has-post-thumbnail","hentry"],"acf":[],"yoast_head":"<!-- This site is optimized with the Yoast SEO plugin v27.5 - https:\/\/yoast.com\/product\/yoast-seo-wordpress\/ -->\n<title>Johann Friedrich Burchard - GANTEF\u00dcHRER<\/title>\n<meta name=\"robots\" content=\"index, follow, max-snippet:-1, max-image-preview:large, max-video-preview:-1\" \/>\n<link rel=\"canonical\" href=\"https:\/\/www.gamapa.de\/pl\/doradcy\/johann-friedrich-burchard-adwokat\/\" \/>\n<meta property=\"og:locale\" content=\"pl_PL\" \/>\n<meta property=\"og:type\" content=\"article\" \/>\n<meta property=\"og:title\" content=\"Johann Friedrich Burchard - GANTEF\u00dcHRER\" \/>\n<meta property=\"og:description\" content=\"Specjalizacje Przebieg kariery zawodowej 1991-1996 Uniwersytety w Bonn i Fryburgu Bryzgowijskim 1996-1998 Sta\u017c w kancelarii prawnej w Bonn, filia w Pary\u017cu 1998-2000 Radca prawny w kancelarii Prof. Dr. H\u00fcmmerich &amp; Partner, Bonn 2000-2002 Wewn\u0119trzny radca prawny w FORIS AG, Bonn od 2002 Radca prawny w kancelarii Dr. Gantef\u00fchrer, Marquardt &amp; Partner Publikacje\" \/>\n<meta property=\"og:url\" content=\"https:\/\/www.gamapa.de\/pl\/doradcy\/johann-friedrich-burchard-adwokat\/\" \/>\n<meta property=\"og:site_name\" content=\"GANTEF\u00dcHRER\" \/>\n<meta property=\"article:modified_time\" content=\"2025-11-04T13:52:23+00:00\" \/>\n<meta property=\"og:image\" content=\"https:\/\/www.gamapa.de\/wp-content\/uploads\/2020\/09\/Burchard-big.jpg\" \/>\n\t<meta property=\"og:image:width\" content=\"1440\" \/>\n\t<meta property=\"og:image:height\" content=\"859\" \/>\n\t<meta property=\"og:image:type\" content=\"image\/jpeg\" \/>\n<meta name=\"twitter:card\" content=\"summary_large_image\" \/>\n<meta name=\"twitter:label1\" content=\"Szacowany czas czytania\" \/>\n\t<meta name=\"twitter:data1\" content=\"1 minuta\" \/>\n<script type=\"application\/ld+json\" class=\"yoast-schema-graph\">{\"@context\":\"https:\\\/\\\/schema.org\",\"@graph\":[{\"@type\":\"WebPage\",\"@id\":\"https:\\\/\\\/www.gamapa.de\\\/pl\\\/doradcy\\\/johann-friedrich-burchard-adwokat\\\/\",\"url\":\"https:\\\/\\\/www.gamapa.de\\\/pl\\\/doradcy\\\/johann-friedrich-burchard-adwokat\\\/\",\"name\":\"Johann Friedrich Burchard - GANTEF\u00dcHRER\",\"isPartOf\":{\"@id\":\"https:\\\/\\\/www.gamapa.de\\\/pl\\\/#website\"},\"primaryImageOfPage\":{\"@id\":\"https:\\\/\\\/www.gamapa.de\\\/pl\\\/doradcy\\\/johann-friedrich-burchard-adwokat\\\/#primaryimage\"},\"image\":{\"@id\":\"https:\\\/\\\/www.gamapa.de\\\/pl\\\/doradcy\\\/johann-friedrich-burchard-adwokat\\\/#primaryimage\"},\"thumbnailUrl\":\"https:\\\/\\\/www.gamapa.de\\\/wp-content\\\/uploads\\\/2020\\\/09\\\/Burchard-big.jpg\",\"datePublished\":\"2020-09-02T14:14:00+00:00\",\"dateModified\":\"2025-11-04T13:52:23+00:00\",\"breadcrumb\":{\"@id\":\"https:\\\/\\\/www.gamapa.de\\\/pl\\\/doradcy\\\/johann-friedrich-burchard-adwokat\\\/#breadcrumb\"},\"inLanguage\":\"pl-PL\",\"potentialAction\":[{\"@type\":\"ReadAction\",\"target\":[\"https:\\\/\\\/www.gamapa.de\\\/pl\\\/doradcy\\\/johann-friedrich-burchard-adwokat\\\/\"]}]},{\"@type\":\"ImageObject\",\"inLanguage\":\"pl-PL\",\"@id\":\"https:\\\/\\\/www.gamapa.de\\\/pl\\\/doradcy\\\/johann-friedrich-burchard-adwokat\\\/#primaryimage\",\"url\":\"https:\\\/\\\/www.gamapa.de\\\/wp-content\\\/uploads\\\/2020\\\/09\\\/Burchard-big.jpg\",\"contentUrl\":\"https:\\\/\\\/www.gamapa.de\\\/wp-content\\\/uploads\\\/2020\\\/09\\\/Burchard-big.jpg\",\"width\":1440,\"height\":859,\"caption\":\"Johann Friedrich Burchard, Rechtsanwalt, Counsel, Testamentsvollstrecker (AGT), Gantef\u00fchrer - Steuerberater, Rechtsanw\u00e4lte, Wirtschaftspr\u00fcfer\"},{\"@type\":\"BreadcrumbList\",\"@id\":\"https:\\\/\\\/www.gamapa.de\\\/pl\\\/doradcy\\\/johann-friedrich-burchard-adwokat\\\/#breadcrumb\",\"itemListElement\":[{\"@type\":\"ListItem\",\"position\":1,\"name\":\"Startseite\",\"item\":\"https:\\\/\\\/www.gamapa.de\\\/pl\\\/\"},{\"@type\":\"ListItem\",\"position\":2,\"name\":\"Nasi specjali\u015bci\",\"item\":\"https:\\\/\\\/www.gamapa.de\\\/pl\\\/doradcy\\\/\"},{\"@type\":\"ListItem\",\"position\":3,\"name\":\"Johann Friedrich Burchard\"}]},{\"@type\":\"WebSite\",\"@id\":\"https:\\\/\\\/www.gamapa.de\\\/pl\\\/#website\",\"url\":\"https:\\\/\\\/www.gamapa.de\\\/pl\\\/\",\"name\":\"GANTEF\u00dcHRER\",\"description\":\"Wirtschaftspr\u00fcfer, Steuerberater, Rechtsanw\u00e4lte\",\"publisher\":{\"@id\":\"https:\\\/\\\/www.gamapa.de\\\/pl\\\/#organization\"},\"potentialAction\":[{\"@type\":\"SearchAction\",\"target\":{\"@type\":\"EntryPoint\",\"urlTemplate\":\"https:\\\/\\\/www.gamapa.de\\\/pl\\\/?s={search_term_string}\"},\"query-input\":{\"@type\":\"PropertyValueSpecification\",\"valueRequired\":true,\"valueName\":\"search_term_string\"}}],\"inLanguage\":\"pl-PL\"},{\"@type\":\"Organization\",\"@id\":\"https:\\\/\\\/www.gamapa.de\\\/pl\\\/#organization\",\"name\":\"Gantef\u00fchrer Wirtschaftspr\u00fcfer, Steuerberater, Rechtsanw\u00e4lte\",\"url\":\"https:\\\/\\\/www.gamapa.de\\\/pl\\\/\",\"logo\":{\"@type\":\"ImageObject\",\"inLanguage\":\"pl-PL\",\"@id\":\"https:\\\/\\\/www.gamapa.de\\\/pl\\\/#\\\/schema\\\/logo\\\/image\\\/\",\"url\":\"https:\\\/\\\/www.gamapa.de\\\/wp-content\\\/uploads\\\/2026\\\/01\\\/Logo-Gantefuehrer.png\",\"contentUrl\":\"https:\\\/\\\/www.gamapa.de\\\/wp-content\\\/uploads\\\/2026\\\/01\\\/Logo-Gantefuehrer.png\",\"width\":767,\"height\":156,\"caption\":\"Gantef\u00fchrer Wirtschaftspr\u00fcfer, Steuerberater, Rechtsanw\u00e4lte\"},\"image\":{\"@id\":\"https:\\\/\\\/www.gamapa.de\\\/pl\\\/#\\\/schema\\\/logo\\\/image\\\/\"}}]}<\/script>\n<!-- \/ Yoast SEO plugin. -->","yoast_head_json":{"title":"Johann Friedrich Burchard - GANTEF\u00dcHRER","robots":{"index":"index","follow":"follow","max-snippet":"max-snippet:-1","max-image-preview":"max-image-preview:large","max-video-preview":"max-video-preview:-1"},"canonical":"https:\/\/www.gamapa.de\/pl\/doradcy\/johann-friedrich-burchard-adwokat\/","og_locale":"pl_PL","og_type":"article","og_title":"Johann Friedrich Burchard - GANTEF\u00dcHRER","og_description":"Specjalizacje Przebieg kariery zawodowej 1991-1996 Uniwersytety w Bonn i Fryburgu Bryzgowijskim 1996-1998 Sta\u017c w kancelarii prawnej w Bonn, filia w Pary\u017cu 1998-2000 Radca prawny w kancelarii Prof. Dr. H\u00fcmmerich &amp; Partner, Bonn 2000-2002 Wewn\u0119trzny radca prawny w FORIS AG, Bonn od 2002 Radca prawny w kancelarii Dr. Gantef\u00fchrer, Marquardt &amp; Partner Publikacje","og_url":"https:\/\/www.gamapa.de\/pl\/doradcy\/johann-friedrich-burchard-adwokat\/","og_site_name":"GANTEF\u00dcHRER","article_modified_time":"2025-11-04T13:52:23+00:00","og_image":[{"width":1440,"height":859,"url":"https:\/\/www.gamapa.de\/wp-content\/uploads\/2020\/09\/Burchard-big.jpg","type":"image\/jpeg"}],"twitter_card":"summary_large_image","twitter_misc":{"Szacowany czas czytania":"1 minuta"},"schema":{"@context":"https:\/\/schema.org","@graph":[{"@type":"WebPage","@id":"https:\/\/www.gamapa.de\/pl\/doradcy\/johann-friedrich-burchard-adwokat\/","url":"https:\/\/www.gamapa.de\/pl\/doradcy\/johann-friedrich-burchard-adwokat\/","name":"Johann Friedrich Burchard - GANTEF\u00dcHRER","isPartOf":{"@id":"https:\/\/www.gamapa.de\/pl\/#website"},"primaryImageOfPage":{"@id":"https:\/\/www.gamapa.de\/pl\/doradcy\/johann-friedrich-burchard-adwokat\/#primaryimage"},"image":{"@id":"https:\/\/www.gamapa.de\/pl\/doradcy\/johann-friedrich-burchard-adwokat\/#primaryimage"},"thumbnailUrl":"https:\/\/www.gamapa.de\/wp-content\/uploads\/2020\/09\/Burchard-big.jpg","datePublished":"2020-09-02T14:14:00+00:00","dateModified":"2025-11-04T13:52:23+00:00","breadcrumb":{"@id":"https:\/\/www.gamapa.de\/pl\/doradcy\/johann-friedrich-burchard-adwokat\/#breadcrumb"},"inLanguage":"pl-PL","potentialAction":[{"@type":"ReadAction","target":["https:\/\/www.gamapa.de\/pl\/doradcy\/johann-friedrich-burchard-adwokat\/"]}]},{"@type":"ImageObject","inLanguage":"pl-PL","@id":"https:\/\/www.gamapa.de\/pl\/doradcy\/johann-friedrich-burchard-adwokat\/#primaryimage","url":"https:\/\/www.gamapa.de\/wp-content\/uploads\/2020\/09\/Burchard-big.jpg","contentUrl":"https:\/\/www.gamapa.de\/wp-content\/uploads\/2020\/09\/Burchard-big.jpg","width":1440,"height":859,"caption":"Johann Friedrich Burchard, Rechtsanwalt, Counsel, Testamentsvollstrecker (AGT), Gantef\u00fchrer - Steuerberater, Rechtsanw\u00e4lte, Wirtschaftspr\u00fcfer"},{"@type":"BreadcrumbList","@id":"https:\/\/www.gamapa.de\/pl\/doradcy\/johann-friedrich-burchard-adwokat\/#breadcrumb","itemListElement":[{"@type":"ListItem","position":1,"name":"Startseite","item":"https:\/\/www.gamapa.de\/pl\/"},{"@type":"ListItem","position":2,"name":"Nasi specjali\u015bci","item":"https:\/\/www.gamapa.de\/pl\/doradcy\/"},{"@type":"ListItem","position":3,"name":"Johann Friedrich Burchard"}]},{"@type":"WebSite","@id":"https:\/\/www.gamapa.de\/pl\/#website","url":"https:\/\/www.gamapa.de\/pl\/","name":"GANTEF\u00dcHRER","description":"Wirtschaftspr\u00fcfer, Steuerberater, Rechtsanw\u00e4lte","publisher":{"@id":"https:\/\/www.gamapa.de\/pl\/#organization"},"potentialAction":[{"@type":"SearchAction","target":{"@type":"EntryPoint","urlTemplate":"https:\/\/www.gamapa.de\/pl\/?s={search_term_string}"},"query-input":{"@type":"PropertyValueSpecification","valueRequired":true,"valueName":"search_term_string"}}],"inLanguage":"pl-PL"},{"@type":"Organization","@id":"https:\/\/www.gamapa.de\/pl\/#organization","name":"Gantef\u00fchrer Wirtschaftspr\u00fcfer, Steuerberater, Rechtsanw\u00e4lte","url":"https:\/\/www.gamapa.de\/pl\/","logo":{"@type":"ImageObject","inLanguage":"pl-PL","@id":"https:\/\/www.gamapa.de\/pl\/#\/schema\/logo\/image\/","url":"https:\/\/www.gamapa.de\/wp-content\/uploads\/2026\/01\/Logo-Gantefuehrer.png","contentUrl":"https:\/\/www.gamapa.de\/wp-content\/uploads\/2026\/01\/Logo-Gantefuehrer.png","width":767,"height":156,"caption":"Gantef\u00fchrer Wirtschaftspr\u00fcfer, Steuerberater, Rechtsanw\u00e4lte"},"image":{"@id":"https:\/\/www.gamapa.de\/pl\/#\/schema\/logo\/image\/"}}]}},"uagb_featured_image_src":{"full":["https:\/\/www.gamapa.de\/wp-content\/uploads\/2020\/09\/Burchard-big.jpg",1440,859,false],"thumbnail":["https:\/\/www.gamapa.de\/wp-content\/uploads\/2020\/09\/Burchard-big-150x150.jpg",150,150,true],"medium":["https:\/\/www.gamapa.de\/wp-content\/uploads\/2020\/09\/Burchard-big-600x358.jpg",600,358,true],"medium_large":["https:\/\/www.gamapa.de\/wp-content\/uploads\/2020\/09\/Burchard-big-768x458.jpg",580,346,true],"large":["https:\/\/www.gamapa.de\/wp-content\/uploads\/2020\/09\/Burchard-big.jpg",580,346,false],"gs-tiny":["https:\/\/www.gamapa.de\/wp-content\/uploads\/2020\/09\/Burchard-big.jpg",50,30,false],"xl":["https:\/\/www.gamapa.de\/wp-content\/uploads\/2020\/09\/Burchard-big.jpg",1440,859,false],"xxl":["https:\/\/www.gamapa.de\/wp-content\/uploads\/2020\/09\/Burchard-big.jpg",1440,859,false],"xxxl":["https:\/\/www.gamapa.de\/wp-content\/uploads\/2020\/09\/Burchard-big.jpg",1440,859,false],"xxxxl":["https:\/\/www.gamapa.de\/wp-content\/uploads\/2020\/09\/Burchard-big.jpg",1440,859,false],"xxxxxl":["https:\/\/www.gamapa.de\/wp-content\/uploads\/2020\/09\/Burchard-big.jpg",1440,859,false],"1536x1536":["https:\/\/www.gamapa.de\/wp-content\/uploads\/2020\/09\/Burchard-big.jpg",1440,859,false],"2048x2048":["https:\/\/www.gamapa.de\/wp-content\/uploads\/2020\/09\/Burchard-big.jpg",1440,859,false],"post-thumbnail":["https:\/\/www.gamapa.de\/wp-content\/uploads\/2020\/09\/Burchard-big.jpg",1440,859,false],"twentytwenty-fullscreen":["https:\/\/www.gamapa.de\/wp-content\/uploads\/2020\/09\/Burchard-big.jpg",1440,859,false],"theme-slug-single-post":["https:\/\/www.gamapa.de\/wp-content\/uploads\/2020\/09\/Burchard-big-1440x400.jpg",1440,400,true]},"uagb_author_info":{"display_name":"linda","author_link":"https:\/\/www.gamapa.de\/pl\/author\/linda\/"},"uagb_comment_info":0,"uagb_excerpt":"Specjalizacje Przebieg kariery zawodowej 1991-1996 Uniwersytety w Bonn i Fryburgu Bryzgowijskim 1996-1998 Sta\u017c w kancelarii prawnej w Bonn, filia w Pary\u017cu 1998-2000 Radca prawny w kancelarii Prof. Dr. H\u00fcmmerich &amp; Partner, Bonn 2000-2002 Wewn\u0119trzny radca prawny w FORIS AG, Bonn od 2002 Radca prawny w kancelarii Dr. Gantef\u00fchrer, Marquardt &amp; Partner Publikacje","_links":{"self":[{"href":"https:\/\/www.gamapa.de\/pl\/wp-json\/wp\/v2\/pages\/4923","targetHints":{"allow":["GET"]}}],"collection":[{"href":"https:\/\/www.gamapa.de\/pl\/wp-json\/wp\/v2\/pages"}],"about":[{"href":"https:\/\/www.gamapa.de\/pl\/wp-json\/wp\/v2\/types\/page"}],"author":[{"embeddable":true,"href":"https:\/\/www.gamapa.de\/pl\/wp-json\/wp\/v2\/users\/1"}],"replies":[{"embeddable":true,"href":"https:\/\/www.gamapa.de\/pl\/wp-json\/wp\/v2\/comments?post=4923"}],"version-history":[{"count":7,"href":"https:\/\/www.gamapa.de\/pl\/wp-json\/wp\/v2\/pages\/4923\/revisions"}],"predecessor-version":[{"id":22194,"href":"https:\/\/www.gamapa.de\/pl\/wp-json\/wp\/v2\/pages\/4923\/revisions\/22194"}],"up":[{"embeddable":true,"href":"https:\/\/www.gamapa.de\/pl\/wp-json\/wp\/v2\/pages\/5643"}],"wp:featuredmedia":[{"embeddable":true,"href":"https:\/\/www.gamapa.de\/pl\/wp-json\/wp\/v2\/media\/4355"}],"wp:attachment":[{"href":"https:\/\/www.gamapa.de\/pl\/wp-json\/wp\/v2\/media?parent=4923"}],"curies":[{"name":"wp","href":"https:\/\/api.w.org\/{rel}","templated":true}]}}