

{"id":4977,"date":"2020-09-02T21:49:03","date_gmt":"2020-09-02T19:49:03","guid":{"rendered":"https:\/\/www.gamapa.de\/impressum\/"},"modified":"2026-01-07T11:42:14","modified_gmt":"2026-01-07T10:42:14","slug":"nota-prawna","status":"publish","type":"page","link":"https:\/\/www.gamapa.de\/pl\/nota-prawna\/","title":{"rendered":"Nota prawna"},"content":{"rendered":"\n<h1 class=\"wp-block-heading\">Nota prawna<\/h1>\n\n\n\n<p>Dr. Gantef\u00fchrer, Marquardt &amp; Partner mbB<br>Biegli rewidenci \u2013 doradcy podatkowi \u2013 radcy prawni<br>Alte K\u00e4mmerei | Marktplatz 6<br>40213 D\u00fcsseldorf<br>Telefon: 0211 \/ 89 89 0<br>Telefaks: 0211 \/ 89 89 150<br>E-Mail: info@gamapa.de<br>Internet: www.gamapa.de<br>Siedziba: D\u00fcsseldorf<br>S\u0105d Rejestrowy: S\u0105d Rejonowy w Essen, nr w Rejestrze Sp\u00f3\u0142ek 2965<\/p>\n\n\n\n<p>Numer VAT: DE 119 197 503<\/p>\n\n\n\n<p><strong>Partnerzy zarz\u0105dzaj\u0105cy <\/strong><br>(ka\u017cdy uprawniony do jednoosobowej reprezentacji sp\u00f3\u0142ki):<\/p>\n\n\n\n<p>Bernd R\u00fchland<br>Roland Moskat<br>Claudia Stork<br>Norbert Pull<br>Thomas Kozik<br>Michael Baum<br>R\u00fcdiger Schaar<br>Daniel Troost<br>Dr. Jochen Kissling<br>Dr. Sabrina von R\u00fcden<br>Vera Niedermeyer<\/p>\n\n\n\n<p><strong>Inspektor ochrony danych osobowych:<\/strong><br><br>Dr. Imke Aulbert<br><a href=\"mailto:aulbert@gamapa.de\">aulbert@gamapa.de<\/a><\/p>\n\n\n\n<p><strong>Tytu\u0142y zawodowe specjalist\u00f3w pracuj\u0105cych w naszej firmie i regulaminy zawodowe, jakim podlegaj\u0105:<\/strong><\/p>\n\n\n\n<p>Partnerzy i pracownicy kancelarii Dr. Gantef\u00fchrer, Marquardt &amp; Partner nosz\u0105 ustawowe tytu\u0142y zawodowe radcy prawnego, doradcy podatkowego i\/lub bieg\u0142ego rewidenta, nadane w Republice Federalnej Niemiec.<\/p>\n\n\n\n<p><strong>Przedstawiciele poszczeg\u00f3lnych profesji podlegaj\u0105 nast\u0119puj\u0105cym regulaminom zawodowym:<\/strong><\/p>\n\n\n\n<p><em>Radcy prawni<\/em><\/p>\n\n\n\n<p>Federalne rozporz\u0105dzenie o zawodach prawniczych (BRAO)<br>Kodeks post\u0119powania zawodowego radc\u00f3w prawnych (BORA)<br>Przepisy dotycz\u0105ce wyspecjalizowanych radc\u00f3w prawnych (FAO)<br>Zasady zawodowe zawarte w ustawie o wynagrodzeniu radc\u00f3w prawnych we Wsp\u00f3lnocie Europejskiej (RVG)<\/p>\n\n\n\n<p><em>Doradcy podatkowi<\/em><\/p>\n\n\n\n<p>Ustawa o doradztwie podatkowym (StBerG)<br>Rozporz\u0105dzenie wykonawcze do ustawy o doradztwie podatkowym (DVStB)<br>Kodeks post\u0119powania zawodowego doradc\u00f3w podatkowych (BOStB)<br>Rozporz\u0105dzenie w sprawie op\u0142at za us\u0142ugi doradztwa podatkowego (StBGebV)<\/p>\n\n\n\n<p><em>Biegli rewidenci<\/em><\/p>\n\n\n\n<p>Ustawa o kodeksie post\u0119powania zawodowego bieg\u0142ych rewident\u00f3w (WPO)<br>Regulamin przeprowadzania audytu (Pr\u00fcfO)<br>Rozporz\u0105dzenie w sprawie wzoru piecz\u0119ci bieg\u0142ych rewident\u00f3w itp. (Siegel-VO)<br>Rozporz\u0105dzenie w sprawie obowi\u0105zkowego ubezpieczenia odpowiedzialno\u015bci zawodowej bieg\u0142ych rewident\u00f3w itp. (BHV)<br>Wytyczne Izby Bieg\u0142ych Rewident\u00f3w w zakresie praktyki zawodowej bieg\u0142ych rewident\u00f3w i zaprzysi\u0119\u017conych audytor\u00f3w<\/p>\n\n\n\n<p>Powy\u017csze regulaminy s\u0105 stale dost\u0119pne do wgl\u0105du w odno\u015bnych izbach zawodowych:<\/p>\n\n\n\n<p>Federalna Izba Radc\u00f3w Prawnych, Littenstra\u00dfe 9, 10179 Berlin<br><a href=\"http:\/\/www.brak.de\" target=\"_blank\" rel=\"noreferrer noopener\"><em>www.brak.de<\/em><\/a><\/p>\n\n\n\n<p>Izba Radc\u00f3w Prawnych w D\u00fcsseldorfie, Scheibenstra\u00dfe 17, 40479 D\u00fcsseldorf<br><a href=\"http:\/\/www.rechtsanwaltskammer-duesseldorf.de\" target=\"_blank\" rel=\"noreferrer noopener\"><em>www.rechtsanwaltskammer-duesseldorf.de<\/em><\/a><\/p>\n\n\n\n<p>Federalna Izba Doradc\u00f3w Podatkowych, Neue Promenade 4, 10178 Berlin<br><a href=\"http:\/\/www.bstbk.de\" target=\"_blank\" rel=\"noreferrer noopener\"><em>www.bstbk.de<\/em><\/a><\/p>\n\n\n\n<p>Izba Doradc\u00f3w Podatkowych w D\u00fcsseldorfie (Kd\u00f6R), Uhlandstr. 11, 40237 D\u00fcsseldorf<br><a href=\"http:\/\/www.stbk-duesseldorf.de\" target=\"_blank\" rel=\"noreferrer noopener\"><em>www.stbk-duesseldorf.de<\/em><\/a><\/p>\n\n\n\n<p>Izba Bieg\u0142ych Rewident\u00f3w, Rauchstra\u00dfe 26, 10787 Berlin<br><a href=\"http:\/\/www.wpk.de\" target=\"_blank\" rel=\"noreferrer noopener\"><em>www.wpk.de<\/em><\/a><\/p>\n\n\n\n<p><strong>Obowi\u0105zkowe ubezpieczenie odpowiedzialno\u015bci zawodowej:<\/strong><\/p>\n\n\n\n<p>Kancelaria zawar\u0142a umow\u0119 ubezpieczenia od odpowiedzialno\u015bci zawodowej z towarzystwem HDI Gerling Firmen und Privat Vers. AG w Kolonii. Ochrona ubezpieczeniowa spe\u0142nia wymogi \u00a7 51 federalnego rozporz\u0105dzenia o zawodach prawniczych (BRAO), \u00a7 67 ustawy o doradztwie podatkowym (StBerG), \u00a7\u00a7 51 i nast. rozporz\u0105dzenia wykonawczego do ustawy o doradztwie podatkowym, wykonywaniu pe\u0142nomocnictwa podatkowego i firmach \u015bwiadcz\u0105cych us\u0142ugi doradztwa podatkowego (DVStB), \u00a7 54 ustawy o kodeksie post\u0119powania zawodowego bieg\u0142ych rewident\u00f3w (WPO) w zwi\u0105zku z rozporz\u0105dzeniem w sprawie obowi\u0105zkowego ubezpieczenia odpowiedzialno\u015bci zawodowej bieg\u0142ych rewident\u00f3w i zaprzysi\u0119\u017conych audytor\u00f3w (WPBHV).<\/p>\n\n\n\n<p><strong>Biuro ds. rozstrzygania spor\u00f3w dla przedstawicieli zawod\u00f3w prawniczych:<\/strong><\/p>\n\n\n\n<p>Schlichtungsstelle der Rechtsanwaltschaft<br>Neue Gr\u00fcnstra\u00dfe 17<br>D-10179 Berlin<br>Telefon: +49(0)30\/2844417-0<br>Telefaks: +49(0)30\/2844417-12<br>E-Mail: <a href=\"mailto:schlichtungsstelle@schlichtungsstelle-der-rechtsanwaltschaft.de\"><em>schlichtungsstelle@schlichtungsstelle-der-rechtsanwaltschaft.de<\/em><\/a><br>Internet: <a href=\"https:\/\/www.schlichtungsstelle-der-rechtsanwaltschaft.de\" target=\"_blank\" rel=\"noreferrer noopener\"><em>https:\/\/www.schlichtungsstelle-der-rechtsanwaltschaft.de \/<\/em><\/a><\/p>\n\n\n\n<p>Informujemy, \u017ce kancelaria nie bierze ani nie jest zobowi\u0105zana do udzia\u0142u w \u017cadnym post\u0119powaniu w sprawie rozstrzygania spor\u00f3w przed komisj\u0105 arbitra\u017cu konsumenckiego.<\/p>\n\n\n\n<p><strong>Projektowanie strony internetowej i programowanie:<\/strong><br><em>MABENY Kommunikation &amp; Design GmbH &amp; Co. KG<\/em><br><strong><a data-type=\"URL\" data-id=\"https:\/\/www.mabeny.de\" href=\"https:\/\/www.mabeny.de\" target=\"_blank\" rel=\"noreferrer noopener\">www.mabeny.de<\/a><\/strong><\/p>\n\n\n\n<p><strong>Prawa autorskie do zdj\u0119\u0107:<\/strong><br><em>Zdj\u0119cia profilowe<\/em><br>Dipl.-Des. Hardy Welsch<br><strong>hardywelsch&nbsp;<\/strong><br><a href=\"http:\/\/www.hardy-welsch.de\" target=\"_blank\" rel=\"noreferrer noopener\">http:\/\/www.hardy-welsch.de<\/a><br><br><em>Pozosta\u0142e zdj\u0119cia<\/em><br>Markus Luigs<br><strong>B\u00fcro Luigs<\/strong><br><a data-type=\"URL\" data-id=\"https:\/\/www.bueroluigs.de\/\" href=\"https:\/\/www.bueroluigs.de\/\" target=\"_blank\" rel=\"noreferrer noopener\">www.bueroluigs.de<\/a><\/p>\n\n\n\n<p><\/p>\n","protected":false},"excerpt":{"rendered":"<p>Nota prawna Dr. Gantef\u00fchrer, Marquardt &amp; Partner mbBBiegli rewidenci \u2013 doradcy podatkowi \u2013 radcy prawniAlte K\u00e4mmerei | Marktplatz 640213 D\u00fcsseldorfTelefon: 0211 \/ 89 89 0Telefaks: 0211 \/ 89 89 150E-Mail: info@gamapa.deInternet: www.gamapa.deSiedziba: D\u00fcsseldorfS\u0105d Rejestrowy: S\u0105d Rejonowy w Essen, nr w Rejestrze Sp\u00f3\u0142ek 2965 Numer VAT: DE 119 197 503 Partnerzy zarz\u0105dzaj\u0105cy (ka\u017cdy uprawniony do jednoosobowej <a href=\"https:\/\/www.gamapa.de\/pl\/nota-prawna\/\">[\u2026]<\/a><\/p>\n","protected":false},"author":1,"featured_media":4298,"parent":0,"menu_order":10,"comment_status":"closed","ping_status":"closed","template":"","meta":{"_acf_changed":false,"_uag_custom_page_level_css":"","footnotes":""},"class_list":["post-4977","page","type-page","status-publish","has-post-thumbnail","hentry"],"acf":[],"yoast_head":"<!-- This site is optimized with the Yoast SEO plugin v27.3 - https:\/\/yoast.com\/product\/yoast-seo-wordpress\/ -->\n<title>Nota prawna - GANTEF\u00dcHRER<\/title>\n<meta name=\"robots\" content=\"noindex, follow\" \/>\n<meta property=\"og:locale\" content=\"pl_PL\" \/>\n<meta property=\"og:type\" content=\"article\" \/>\n<meta property=\"og:title\" content=\"Nota prawna - GANTEF\u00dcHRER\" \/>\n<meta property=\"og:description\" content=\"Nota prawna Dr. Gantef\u00fchrer, Marquardt &amp; Partner mbBBiegli rewidenci \u2013 doradcy podatkowi \u2013 radcy prawniAlte K\u00e4mmerei | Marktplatz 640213 D\u00fcsseldorfTelefon: 0211 \/ 89 89 0Telefaks: 0211 \/ 89 89 150E-Mail: info@gamapa.deInternet: www.gamapa.deSiedziba: D\u00fcsseldorfS\u0105d Rejestrowy: S\u0105d Rejonowy w Essen, nr w Rejestrze Sp\u00f3\u0142ek 2965 Numer VAT: DE 119 197 503 Partnerzy zarz\u0105dzaj\u0105cy (ka\u017cdy uprawniony do jednoosobowej [\u2026]\" \/>\n<meta property=\"og:url\" content=\"https:\/\/www.gamapa.de\/pl\/nota-prawna\/\" \/>\n<meta property=\"og:site_name\" content=\"GANTEF\u00dcHRER\" \/>\n<meta property=\"article:modified_time\" content=\"2026-01-07T10:42:14+00:00\" \/>\n<meta property=\"og:image\" content=\"https:\/\/www.gamapa.de\/wp-content\/uploads\/2020\/09\/Header-Kontakt-10-scaled.jpg\" \/>\n\t<meta property=\"og:image:width\" content=\"2560\" \/>\n\t<meta property=\"og:image:height\" content=\"764\" \/>\n\t<meta property=\"og:image:type\" content=\"image\/jpeg\" \/>\n<meta name=\"twitter:card\" content=\"summary_large_image\" \/>\n<meta name=\"twitter:label1\" content=\"Szacowany czas czytania\" \/>\n\t<meta name=\"twitter:data1\" content=\"3 minuty\" \/>\n<script type=\"application\/ld+json\" class=\"yoast-schema-graph\">{\"@context\":\"https:\\\/\\\/schema.org\",\"@graph\":[{\"@type\":\"WebPage\",\"@id\":\"https:\\\/\\\/www.gamapa.de\\\/pl\\\/nota-prawna\\\/\",\"url\":\"https:\\\/\\\/www.gamapa.de\\\/pl\\\/nota-prawna\\\/\",\"name\":\"Nota prawna - GANTEF\u00dcHRER\",\"isPartOf\":{\"@id\":\"https:\\\/\\\/www.gamapa.de\\\/pl\\\/#website\"},\"primaryImageOfPage\":{\"@id\":\"https:\\\/\\\/www.gamapa.de\\\/pl\\\/nota-prawna\\\/#primaryimage\"},\"image\":{\"@id\":\"https:\\\/\\\/www.gamapa.de\\\/pl\\\/nota-prawna\\\/#primaryimage\"},\"thumbnailUrl\":\"https:\\\/\\\/www.gamapa.de\\\/wp-content\\\/uploads\\\/2020\\\/09\\\/Header-Kontakt-10-scaled.jpg\",\"datePublished\":\"2020-09-02T19:49:03+00:00\",\"dateModified\":\"2026-01-07T10:42:14+00:00\",\"breadcrumb\":{\"@id\":\"https:\\\/\\\/www.gamapa.de\\\/pl\\\/nota-prawna\\\/#breadcrumb\"},\"inLanguage\":\"pl-PL\",\"potentialAction\":[{\"@type\":\"ReadAction\",\"target\":[\"https:\\\/\\\/www.gamapa.de\\\/pl\\\/nota-prawna\\\/\"]}]},{\"@type\":\"ImageObject\",\"inLanguage\":\"pl-PL\",\"@id\":\"https:\\\/\\\/www.gamapa.de\\\/pl\\\/nota-prawna\\\/#primaryimage\",\"url\":\"https:\\\/\\\/www.gamapa.de\\\/wp-content\\\/uploads\\\/2020\\\/09\\\/Header-Kontakt-10-scaled.jpg\",\"contentUrl\":\"https:\\\/\\\/www.gamapa.de\\\/wp-content\\\/uploads\\\/2020\\\/09\\\/Header-Kontakt-10-scaled.jpg\",\"width\":2560,\"height\":764},{\"@type\":\"BreadcrumbList\",\"@id\":\"https:\\\/\\\/www.gamapa.de\\\/pl\\\/nota-prawna\\\/#breadcrumb\",\"itemListElement\":[{\"@type\":\"ListItem\",\"position\":1,\"name\":\"Startseite\",\"item\":\"https:\\\/\\\/www.gamapa.de\\\/pl\\\/\"},{\"@type\":\"ListItem\",\"position\":2,\"name\":\"Nota prawna\"}]},{\"@type\":\"WebSite\",\"@id\":\"https:\\\/\\\/www.gamapa.de\\\/pl\\\/#website\",\"url\":\"https:\\\/\\\/www.gamapa.de\\\/pl\\\/\",\"name\":\"GANTEF\u00dcHRER\",\"description\":\"Wirtschaftspr\u00fcfer, Steuerberater, Rechtsanw\u00e4lte\",\"publisher\":{\"@id\":\"https:\\\/\\\/www.gamapa.de\\\/pl\\\/#organization\"},\"potentialAction\":[{\"@type\":\"SearchAction\",\"target\":{\"@type\":\"EntryPoint\",\"urlTemplate\":\"https:\\\/\\\/www.gamapa.de\\\/pl\\\/?s={search_term_string}\"},\"query-input\":{\"@type\":\"PropertyValueSpecification\",\"valueRequired\":true,\"valueName\":\"search_term_string\"}}],\"inLanguage\":\"pl-PL\"},{\"@type\":\"Organization\",\"@id\":\"https:\\\/\\\/www.gamapa.de\\\/pl\\\/#organization\",\"name\":\"Gantef\u00fchrer Wirtschaftspr\u00fcfer, Steuerberater, Rechtsanw\u00e4lte\",\"url\":\"https:\\\/\\\/www.gamapa.de\\\/pl\\\/\",\"logo\":{\"@type\":\"ImageObject\",\"inLanguage\":\"pl-PL\",\"@id\":\"https:\\\/\\\/www.gamapa.de\\\/pl\\\/#\\\/schema\\\/logo\\\/image\\\/\",\"url\":\"https:\\\/\\\/www.gamapa.de\\\/wp-content\\\/uploads\\\/2026\\\/01\\\/Logo-Gantefuehrer.png\",\"contentUrl\":\"https:\\\/\\\/www.gamapa.de\\\/wp-content\\\/uploads\\\/2026\\\/01\\\/Logo-Gantefuehrer.png\",\"width\":767,\"height\":156,\"caption\":\"Gantef\u00fchrer Wirtschaftspr\u00fcfer, Steuerberater, Rechtsanw\u00e4lte\"},\"image\":{\"@id\":\"https:\\\/\\\/www.gamapa.de\\\/pl\\\/#\\\/schema\\\/logo\\\/image\\\/\"}}]}<\/script>\n<!-- \/ Yoast SEO plugin. -->","yoast_head_json":{"title":"Nota prawna - GANTEF\u00dcHRER","robots":{"index":"noindex","follow":"follow"},"og_locale":"pl_PL","og_type":"article","og_title":"Nota prawna - GANTEF\u00dcHRER","og_description":"Nota prawna Dr. Gantef\u00fchrer, Marquardt &amp; Partner mbBBiegli rewidenci \u2013 doradcy podatkowi \u2013 radcy prawniAlte K\u00e4mmerei | Marktplatz 640213 D\u00fcsseldorfTelefon: 0211 \/ 89 89 0Telefaks: 0211 \/ 89 89 150E-Mail: info@gamapa.deInternet: www.gamapa.deSiedziba: D\u00fcsseldorfS\u0105d Rejestrowy: S\u0105d Rejonowy w Essen, nr w Rejestrze Sp\u00f3\u0142ek 2965 Numer VAT: DE 119 197 503 Partnerzy zarz\u0105dzaj\u0105cy (ka\u017cdy uprawniony do jednoosobowej [\u2026]","og_url":"https:\/\/www.gamapa.de\/pl\/nota-prawna\/","og_site_name":"GANTEF\u00dcHRER","article_modified_time":"2026-01-07T10:42:14+00:00","og_image":[{"width":2560,"height":764,"url":"https:\/\/www.gamapa.de\/wp-content\/uploads\/2020\/09\/Header-Kontakt-10-scaled.jpg","type":"image\/jpeg"}],"twitter_card":"summary_large_image","twitter_misc":{"Szacowany czas czytania":"3 minuty"},"schema":{"@context":"https:\/\/schema.org","@graph":[{"@type":"WebPage","@id":"https:\/\/www.gamapa.de\/pl\/nota-prawna\/","url":"https:\/\/www.gamapa.de\/pl\/nota-prawna\/","name":"Nota prawna - GANTEF\u00dcHRER","isPartOf":{"@id":"https:\/\/www.gamapa.de\/pl\/#website"},"primaryImageOfPage":{"@id":"https:\/\/www.gamapa.de\/pl\/nota-prawna\/#primaryimage"},"image":{"@id":"https:\/\/www.gamapa.de\/pl\/nota-prawna\/#primaryimage"},"thumbnailUrl":"https:\/\/www.gamapa.de\/wp-content\/uploads\/2020\/09\/Header-Kontakt-10-scaled.jpg","datePublished":"2020-09-02T19:49:03+00:00","dateModified":"2026-01-07T10:42:14+00:00","breadcrumb":{"@id":"https:\/\/www.gamapa.de\/pl\/nota-prawna\/#breadcrumb"},"inLanguage":"pl-PL","potentialAction":[{"@type":"ReadAction","target":["https:\/\/www.gamapa.de\/pl\/nota-prawna\/"]}]},{"@type":"ImageObject","inLanguage":"pl-PL","@id":"https:\/\/www.gamapa.de\/pl\/nota-prawna\/#primaryimage","url":"https:\/\/www.gamapa.de\/wp-content\/uploads\/2020\/09\/Header-Kontakt-10-scaled.jpg","contentUrl":"https:\/\/www.gamapa.de\/wp-content\/uploads\/2020\/09\/Header-Kontakt-10-scaled.jpg","width":2560,"height":764},{"@type":"BreadcrumbList","@id":"https:\/\/www.gamapa.de\/pl\/nota-prawna\/#breadcrumb","itemListElement":[{"@type":"ListItem","position":1,"name":"Startseite","item":"https:\/\/www.gamapa.de\/pl\/"},{"@type":"ListItem","position":2,"name":"Nota prawna"}]},{"@type":"WebSite","@id":"https:\/\/www.gamapa.de\/pl\/#website","url":"https:\/\/www.gamapa.de\/pl\/","name":"GANTEF\u00dcHRER","description":"Wirtschaftspr\u00fcfer, Steuerberater, Rechtsanw\u00e4lte","publisher":{"@id":"https:\/\/www.gamapa.de\/pl\/#organization"},"potentialAction":[{"@type":"SearchAction","target":{"@type":"EntryPoint","urlTemplate":"https:\/\/www.gamapa.de\/pl\/?s={search_term_string}"},"query-input":{"@type":"PropertyValueSpecification","valueRequired":true,"valueName":"search_term_string"}}],"inLanguage":"pl-PL"},{"@type":"Organization","@id":"https:\/\/www.gamapa.de\/pl\/#organization","name":"Gantef\u00fchrer Wirtschaftspr\u00fcfer, Steuerberater, Rechtsanw\u00e4lte","url":"https:\/\/www.gamapa.de\/pl\/","logo":{"@type":"ImageObject","inLanguage":"pl-PL","@id":"https:\/\/www.gamapa.de\/pl\/#\/schema\/logo\/image\/","url":"https:\/\/www.gamapa.de\/wp-content\/uploads\/2026\/01\/Logo-Gantefuehrer.png","contentUrl":"https:\/\/www.gamapa.de\/wp-content\/uploads\/2026\/01\/Logo-Gantefuehrer.png","width":767,"height":156,"caption":"Gantef\u00fchrer Wirtschaftspr\u00fcfer, Steuerberater, Rechtsanw\u00e4lte"},"image":{"@id":"https:\/\/www.gamapa.de\/pl\/#\/schema\/logo\/image\/"}}]}},"uagb_featured_image_src":{"full":["https:\/\/www.gamapa.de\/wp-content\/uploads\/2020\/09\/Header-Kontakt-10-scaled.jpg",2560,764,false],"thumbnail":["https:\/\/www.gamapa.de\/wp-content\/uploads\/2020\/09\/Header-Kontakt-10-150x150.jpg",150,150,true],"medium":["https:\/\/www.gamapa.de\/wp-content\/uploads\/2020\/09\/Header-Kontakt-10-600x179.jpg",600,179,true],"medium_large":["https:\/\/www.gamapa.de\/wp-content\/uploads\/2020\/09\/Header-Kontakt-10-768x229.jpg",580,173,true],"large":["https:\/\/www.gamapa.de\/wp-content\/uploads\/2020\/09\/Header-Kontakt-10-scaled.jpg",580,173,false],"gs-tiny":["https:\/\/www.gamapa.de\/wp-content\/uploads\/2020\/09\/Header-Kontakt-10-scaled.jpg",50,15,false],"xl":["https:\/\/www.gamapa.de\/wp-content\/uploads\/2020\/09\/Header-Kontakt-10-1600x477.jpg",1600,477,true],"xxl":["https:\/\/www.gamapa.de\/wp-content\/uploads\/2020\/09\/Header-Kontakt-10-2200x656.jpg",2200,656,true],"xxxl":["https:\/\/www.gamapa.de\/wp-content\/uploads\/2020\/09\/Header-Kontakt-10-2800x835.jpg",2800,835,true],"xxxxl":["https:\/\/www.gamapa.de\/wp-content\/uploads\/2020\/09\/Header-Kontakt-10-scaled.jpg",2560,764,false],"xxxxxl":["https:\/\/www.gamapa.de\/wp-content\/uploads\/2020\/09\/Header-Kontakt-10-scaled.jpg",2560,764,false],"1536x1536":["https:\/\/www.gamapa.de\/wp-content\/uploads\/2020\/09\/Header-Kontakt-10-1536x458.jpg",1536,458,true],"2048x2048":["https:\/\/www.gamapa.de\/wp-content\/uploads\/2020\/09\/Header-Kontakt-10-2048x611.jpg",2048,611,true],"post-thumbnail":["https:\/\/www.gamapa.de\/wp-content\/uploads\/2020\/09\/Header-Kontakt-10-scaled.jpg",2560,764,false],"twentytwenty-fullscreen":["https:\/\/www.gamapa.de\/wp-content\/uploads\/2020\/09\/Header-Kontakt-10-scaled.jpg",2560,764,false],"theme-slug-single-post":["https:\/\/www.gamapa.de\/wp-content\/uploads\/2020\/09\/Header-Kontakt-10-1600x400.jpg",1600,400,true]},"uagb_author_info":{"display_name":"linda","author_link":"https:\/\/www.gamapa.de\/pl\/author\/linda\/"},"uagb_comment_info":0,"uagb_excerpt":"Nota prawna Dr. Gantef\u00fchrer, Marquardt &amp; Partner mbBBiegli rewidenci \u2013 doradcy podatkowi \u2013 radcy prawniAlte K\u00e4mmerei | Marktplatz 640213 D\u00fcsseldorfTelefon: 0211 \/ 89 89 0Telefaks: 0211 \/ 89 89 150E-Mail: info@gamapa.deInternet: www.gamapa.deSiedziba: D\u00fcsseldorfS\u0105d Rejestrowy: S\u0105d Rejonowy w Essen, nr w Rejestrze Sp\u00f3\u0142ek 2965 Numer VAT: DE 119 197 503 Partnerzy zarz\u0105dzaj\u0105cy (ka\u017cdy uprawniony do jednoosobowej&hellip;","_links":{"self":[{"href":"https:\/\/www.gamapa.de\/pl\/wp-json\/wp\/v2\/pages\/4977","targetHints":{"allow":["GET"]}}],"collection":[{"href":"https:\/\/www.gamapa.de\/pl\/wp-json\/wp\/v2\/pages"}],"about":[{"href":"https:\/\/www.gamapa.de\/pl\/wp-json\/wp\/v2\/types\/page"}],"author":[{"embeddable":true,"href":"https:\/\/www.gamapa.de\/pl\/wp-json\/wp\/v2\/users\/1"}],"replies":[{"embeddable":true,"href":"https:\/\/www.gamapa.de\/pl\/wp-json\/wp\/v2\/comments?post=4977"}],"version-history":[{"count":9,"href":"https:\/\/www.gamapa.de\/pl\/wp-json\/wp\/v2\/pages\/4977\/revisions"}],"predecessor-version":[{"id":23371,"href":"https:\/\/www.gamapa.de\/pl\/wp-json\/wp\/v2\/pages\/4977\/revisions\/23371"}],"wp:featuredmedia":[{"embeddable":true,"href":"https:\/\/www.gamapa.de\/pl\/wp-json\/wp\/v2\/media\/4298"}],"wp:attachment":[{"href":"https:\/\/www.gamapa.de\/pl\/wp-json\/wp\/v2\/media?parent=4977"}],"curies":[{"name":"wp","href":"https:\/\/api.w.org\/{rel}","templated":true}]}}