

{"id":5012,"date":"2020-06-30T13:33:43","date_gmt":"2020-06-30T11:33:43","guid":{"rendered":"https:\/\/www.gamapa.de\/nachhaltigkeit\/"},"modified":"2021-03-06T16:09:50","modified_gmt":"2021-03-06T15:09:50","slug":"zrownowazony-rozwoj","status":"publish","type":"page","link":"https:\/\/www.gamapa.de\/pl\/dziedziny-swiadczonych-uslug-doradczych\/zrownowazony-rozwoj\/","title":{"rendered":"Zr\u00f3wnowa\u017cony rozw\u00f3j"},"content":{"rendered":"\n<h2 class=\"wp-block-heading\">My\u015ble\u0107 przysz\u0142o\u015bciowo, dzia\u0142a\u0107 odpowiedzialnie<\/h2>\n\n\n\n<p>To dla nas oczywisto\u015b\u0107, \u017ce bierzemy na siebie odpowiedzialno\u015b\u0107 za naszych pracownik\u00f3w, nasze \u015brodowisko i nasze \u015brodowisko korporacyjne. Powy\u017csze zobowi\u0105zanie przek\u0142ada si\u0119 na r\u00f3\u017cnorodne formy dzia\u0142a\u0144.<\/p>\n\n\n\n<h2 class=\"wp-block-heading\">D\u0142ugoterminowe partnerstwa<\/h2>\n\n\n\n<p>Z naszymi klientami \u0142\u0105cz\u0105 nas d\u0142ugotrwa\u0142e relacje, oparte na zaufaniu i wsp\u00f3\u0142pracy. Wi\u0119kszo\u015b\u0107 z nich to firmy rodzinne, kt\u00f3re bardzo ceni\u0105 sobie wsparcie i zaanga\u017cowanie ze strony naszych konsultant\u00f3w.<\/p>\n\n\n\n<h2 class=\"wp-block-heading\">R\u00f3wnowaga mi\u0119dzy prac\u0105 a \u017cyciem prywatnym<\/h2>\n\n\n\n<p>Jednym z najwa\u017cniejszych element\u00f3w naszego podej\u015bcia jest umo\u017cliwienie pracownikom godzenia kariery zawodowej z innymi sferami \u017cycia. Mog\u0105 oni mi\u0119dzy innymi pracowa\u0107 zdalnie.<\/p>\n\n\n\n<h2 class=\"wp-block-heading\">Troska o \u015brodowisko<\/h2>\n\n\n\n<p>W miar\u0119 mo\u017cliwo\u015bci staramy si\u0119 unika\u0107 podr\u00f3\u017cy s\u0142u\u017cbowych samolotem lub samochodem na znaczne odleg\u0142o\u015bci. Klienci mog\u0105 w ka\u017cdym momencie porozmawia\u0107 z doradc\u0105 za po\u015brednictwem wideokonferencji. W zakresie ksi\u0119gowo\u015bci p\u0142acowej i finansowej dzia\u0142amy w spos\u00f3b w pe\u0142ni cyfrowy.<\/p>\n\n\n\n<h2 class=\"wp-block-heading\">Zaanga\u017cowanie w projekty spo\u0142eczne<\/h2>\n\n\n\n<p>Wspieramy dzia\u0142alno\u015b\u0107 spo\u0142eczn\u0105 naszych pracownik\u00f3w, a tak\u017ce sponsorujemy i wspieramy r\u00f3\u017cne projekty na rzecz spo\u0142ecze\u0144stwa. Jeste\u015bmy cz\u0142onkiem Destination D\u00fcsseldorf. Jest to stowarzyszenie skupiaj\u0105ce 150 wybranych, znanych firm, kt\u00f3re postawi\u0142y sobie za cel zwi\u0119kszenie atrakcyjno\u015bci D\u00fcsseldorfu jako stolicy kraju zwi\u0105zkowego.<\/p>\n\n\n<p><a href=\"https:\/\/www.destination-duesseldorf.de\" target=\"_blank\" rel=\"noopener noreferrer\"><img decoding=\"async\" style=\"margin-left: -5px; margin-top: 3em;\" src=\"https:\/\/www.gamapa.de\/wp-content\/uploads\/2020\/06\/logo-destination-duesseldorf.jpg\" width=\"200\"><\/a><\/p>","protected":false},"excerpt":{"rendered":"<p>My\u015ble\u0107 przysz\u0142o\u015bciowo, dzia\u0142a\u0107 odpowiedzialnie To dla nas oczywisto\u015b\u0107, \u017ce bierzemy na siebie odpowiedzialno\u015b\u0107 za naszych pracownik\u00f3w, nasze \u015brodowisko i nasze \u015brodowisko korporacyjne. Powy\u017csze zobowi\u0105zanie przek\u0142ada si\u0119 na r\u00f3\u017cnorodne formy dzia\u0142a\u0144. D\u0142ugoterminowe partnerstwa Z naszymi klientami \u0142\u0105cz\u0105 nas d\u0142ugotrwa\u0142e relacje, oparte na zaufaniu i wsp\u00f3\u0142pracy. Wi\u0119kszo\u015b\u0107 z nich to firmy rodzinne, kt\u00f3re bardzo ceni\u0105 sobie wsparcie <a href=\"https:\/\/www.gamapa.de\/pl\/dziedziny-swiadczonych-uslug-doradczych\/zrownowazony-rozwoj\/\">[\u2026]<\/a><\/p>\n","protected":false},"author":1,"featured_media":4301,"parent":5808,"menu_order":4,"comment_status":"closed","ping_status":"closed","template":"","meta":{"_acf_changed":false,"_uag_custom_page_level_css":"","footnotes":""},"class_list":["post-5012","page","type-page","status-publish","has-post-thumbnail","hentry"],"acf":[],"yoast_head":"<!-- This site is optimized with the Yoast SEO plugin v27.3 - https:\/\/yoast.com\/product\/yoast-seo-wordpress\/ -->\n<title>Zr\u00f3wnowa\u017cony rozw\u00f3j - GANTEF\u00dcHRER<\/title>\n<meta name=\"description\" content=\"Verantwortung f\u00fcr unsere Mitarbeitenden, unsere Umwelt und unser gesellschaftsrechtliches Umfeld zu \u00fcbernehmen, ist f\u00fcr uns eine Selbstverst\u00e4ndlichkeit.\" \/>\n<meta name=\"robots\" content=\"index, follow, max-snippet:-1, max-image-preview:large, max-video-preview:-1\" \/>\n<link rel=\"canonical\" href=\"https:\/\/www.gamapa.de\/pl\/dziedziny-swiadczonych-uslug-doradczych\/zrownowazony-rozwoj\/\" \/>\n<meta property=\"og:locale\" content=\"pl_PL\" \/>\n<meta property=\"og:type\" content=\"article\" \/>\n<meta property=\"og:title\" content=\"Zr\u00f3wnowa\u017cony rozw\u00f3j - GANTEF\u00dcHRER\" \/>\n<meta property=\"og:description\" content=\"Verantwortung f\u00fcr unsere Mitarbeitenden, unsere Umwelt und unser gesellschaftsrechtliches Umfeld zu \u00fcbernehmen, ist f\u00fcr uns eine Selbstverst\u00e4ndlichkeit.\" \/>\n<meta property=\"og:url\" content=\"https:\/\/www.gamapa.de\/pl\/dziedziny-swiadczonych-uslug-doradczych\/zrownowazony-rozwoj\/\" \/>\n<meta property=\"og:site_name\" content=\"GANTEF\u00dcHRER\" \/>\n<meta property=\"article:modified_time\" content=\"2021-03-06T15:09:50+00:00\" \/>\n<meta property=\"og:image\" content=\"https:\/\/www.gamapa.de\/wp-content\/uploads\/2020\/09\/Header-Kontakt-11-scaled.jpg\" \/>\n\t<meta property=\"og:image:width\" content=\"2560\" \/>\n\t<meta property=\"og:image:height\" content=\"764\" \/>\n\t<meta property=\"og:image:type\" content=\"image\/jpeg\" \/>\n<meta name=\"twitter:card\" content=\"summary_large_image\" \/>\n<meta name=\"twitter:label1\" content=\"Szacowany czas czytania\" \/>\n\t<meta name=\"twitter:data1\" content=\"1 minuta\" \/>\n<script type=\"application\/ld+json\" class=\"yoast-schema-graph\">{\"@context\":\"https:\\\/\\\/schema.org\",\"@graph\":[{\"@type\":\"WebPage\",\"@id\":\"https:\\\/\\\/www.gamapa.de\\\/pl\\\/dziedziny-swiadczonych-uslug-doradczych\\\/zrownowazony-rozwoj\\\/\",\"url\":\"https:\\\/\\\/www.gamapa.de\\\/pl\\\/dziedziny-swiadczonych-uslug-doradczych\\\/zrownowazony-rozwoj\\\/\",\"name\":\"Zr\u00f3wnowa\u017cony rozw\u00f3j - GANTEF\u00dcHRER\",\"isPartOf\":{\"@id\":\"https:\\\/\\\/www.gamapa.de\\\/pl\\\/#website\"},\"primaryImageOfPage\":{\"@id\":\"https:\\\/\\\/www.gamapa.de\\\/pl\\\/dziedziny-swiadczonych-uslug-doradczych\\\/zrownowazony-rozwoj\\\/#primaryimage\"},\"image\":{\"@id\":\"https:\\\/\\\/www.gamapa.de\\\/pl\\\/dziedziny-swiadczonych-uslug-doradczych\\\/zrownowazony-rozwoj\\\/#primaryimage\"},\"thumbnailUrl\":\"https:\\\/\\\/www.gamapa.de\\\/wp-content\\\/uploads\\\/2020\\\/09\\\/Header-Kontakt-11-scaled.jpg\",\"datePublished\":\"2020-06-30T11:33:43+00:00\",\"dateModified\":\"2021-03-06T15:09:50+00:00\",\"description\":\"Verantwortung f\u00fcr unsere Mitarbeitenden, unsere Umwelt und unser gesellschaftsrechtliches Umfeld zu \u00fcbernehmen, ist f\u00fcr uns eine Selbstverst\u00e4ndlichkeit.\",\"breadcrumb\":{\"@id\":\"https:\\\/\\\/www.gamapa.de\\\/pl\\\/dziedziny-swiadczonych-uslug-doradczych\\\/zrownowazony-rozwoj\\\/#breadcrumb\"},\"inLanguage\":\"pl-PL\",\"potentialAction\":[{\"@type\":\"ReadAction\",\"target\":[\"https:\\\/\\\/www.gamapa.de\\\/pl\\\/dziedziny-swiadczonych-uslug-doradczych\\\/zrownowazony-rozwoj\\\/\"]}]},{\"@type\":\"ImageObject\",\"inLanguage\":\"pl-PL\",\"@id\":\"https:\\\/\\\/www.gamapa.de\\\/pl\\\/dziedziny-swiadczonych-uslug-doradczych\\\/zrownowazony-rozwoj\\\/#primaryimage\",\"url\":\"https:\\\/\\\/www.gamapa.de\\\/wp-content\\\/uploads\\\/2020\\\/09\\\/Header-Kontakt-11-scaled.jpg\",\"contentUrl\":\"https:\\\/\\\/www.gamapa.de\\\/wp-content\\\/uploads\\\/2020\\\/09\\\/Header-Kontakt-11-scaled.jpg\",\"width\":2560,\"height\":764,\"caption\":\"Kontakt\"},{\"@type\":\"BreadcrumbList\",\"@id\":\"https:\\\/\\\/www.gamapa.de\\\/pl\\\/dziedziny-swiadczonych-uslug-doradczych\\\/zrownowazony-rozwoj\\\/#breadcrumb\",\"itemListElement\":[{\"@type\":\"ListItem\",\"position\":1,\"name\":\"Startseite\",\"item\":\"https:\\\/\\\/www.gamapa.de\\\/pl\\\/\"},{\"@type\":\"ListItem\",\"position\":2,\"name\":\"Zr\u00f3wnowa\u017cony rozw\u00f3j\"}]},{\"@type\":\"WebSite\",\"@id\":\"https:\\\/\\\/www.gamapa.de\\\/pl\\\/#website\",\"url\":\"https:\\\/\\\/www.gamapa.de\\\/pl\\\/\",\"name\":\"GANTEF\u00dcHRER\",\"description\":\"Wirtschaftspr\u00fcfer, Steuerberater, Rechtsanw\u00e4lte\",\"publisher\":{\"@id\":\"https:\\\/\\\/www.gamapa.de\\\/pl\\\/#organization\"},\"potentialAction\":[{\"@type\":\"SearchAction\",\"target\":{\"@type\":\"EntryPoint\",\"urlTemplate\":\"https:\\\/\\\/www.gamapa.de\\\/pl\\\/?s={search_term_string}\"},\"query-input\":{\"@type\":\"PropertyValueSpecification\",\"valueRequired\":true,\"valueName\":\"search_term_string\"}}],\"inLanguage\":\"pl-PL\"},{\"@type\":\"Organization\",\"@id\":\"https:\\\/\\\/www.gamapa.de\\\/pl\\\/#organization\",\"name\":\"Gantef\u00fchrer Wirtschaftspr\u00fcfer, Steuerberater, Rechtsanw\u00e4lte\",\"url\":\"https:\\\/\\\/www.gamapa.de\\\/pl\\\/\",\"logo\":{\"@type\":\"ImageObject\",\"inLanguage\":\"pl-PL\",\"@id\":\"https:\\\/\\\/www.gamapa.de\\\/pl\\\/#\\\/schema\\\/logo\\\/image\\\/\",\"url\":\"https:\\\/\\\/www.gamapa.de\\\/wp-content\\\/uploads\\\/2026\\\/01\\\/Logo-Gantefuehrer.png\",\"contentUrl\":\"https:\\\/\\\/www.gamapa.de\\\/wp-content\\\/uploads\\\/2026\\\/01\\\/Logo-Gantefuehrer.png\",\"width\":767,\"height\":156,\"caption\":\"Gantef\u00fchrer Wirtschaftspr\u00fcfer, Steuerberater, Rechtsanw\u00e4lte\"},\"image\":{\"@id\":\"https:\\\/\\\/www.gamapa.de\\\/pl\\\/#\\\/schema\\\/logo\\\/image\\\/\"}}]}<\/script>\n<!-- \/ Yoast SEO plugin. -->","yoast_head_json":{"title":"Zr\u00f3wnowa\u017cony rozw\u00f3j - GANTEF\u00dcHRER","description":"Verantwortung f\u00fcr unsere Mitarbeitenden, unsere Umwelt und unser gesellschaftsrechtliches Umfeld zu \u00fcbernehmen, ist f\u00fcr uns eine Selbstverst\u00e4ndlichkeit.","robots":{"index":"index","follow":"follow","max-snippet":"max-snippet:-1","max-image-preview":"max-image-preview:large","max-video-preview":"max-video-preview:-1"},"canonical":"https:\/\/www.gamapa.de\/pl\/dziedziny-swiadczonych-uslug-doradczych\/zrownowazony-rozwoj\/","og_locale":"pl_PL","og_type":"article","og_title":"Zr\u00f3wnowa\u017cony rozw\u00f3j - GANTEF\u00dcHRER","og_description":"Verantwortung f\u00fcr unsere Mitarbeitenden, unsere Umwelt und unser gesellschaftsrechtliches Umfeld zu \u00fcbernehmen, ist f\u00fcr uns eine Selbstverst\u00e4ndlichkeit.","og_url":"https:\/\/www.gamapa.de\/pl\/dziedziny-swiadczonych-uslug-doradczych\/zrownowazony-rozwoj\/","og_site_name":"GANTEF\u00dcHRER","article_modified_time":"2021-03-06T15:09:50+00:00","og_image":[{"width":2560,"height":764,"url":"https:\/\/www.gamapa.de\/wp-content\/uploads\/2020\/09\/Header-Kontakt-11-scaled.jpg","type":"image\/jpeg"}],"twitter_card":"summary_large_image","twitter_misc":{"Szacowany czas czytania":"1 minuta"},"schema":{"@context":"https:\/\/schema.org","@graph":[{"@type":"WebPage","@id":"https:\/\/www.gamapa.de\/pl\/dziedziny-swiadczonych-uslug-doradczych\/zrownowazony-rozwoj\/","url":"https:\/\/www.gamapa.de\/pl\/dziedziny-swiadczonych-uslug-doradczych\/zrownowazony-rozwoj\/","name":"Zr\u00f3wnowa\u017cony rozw\u00f3j - GANTEF\u00dcHRER","isPartOf":{"@id":"https:\/\/www.gamapa.de\/pl\/#website"},"primaryImageOfPage":{"@id":"https:\/\/www.gamapa.de\/pl\/dziedziny-swiadczonych-uslug-doradczych\/zrownowazony-rozwoj\/#primaryimage"},"image":{"@id":"https:\/\/www.gamapa.de\/pl\/dziedziny-swiadczonych-uslug-doradczych\/zrownowazony-rozwoj\/#primaryimage"},"thumbnailUrl":"https:\/\/www.gamapa.de\/wp-content\/uploads\/2020\/09\/Header-Kontakt-11-scaled.jpg","datePublished":"2020-06-30T11:33:43+00:00","dateModified":"2021-03-06T15:09:50+00:00","description":"Verantwortung f\u00fcr unsere Mitarbeitenden, unsere Umwelt und unser gesellschaftsrechtliches Umfeld zu \u00fcbernehmen, ist f\u00fcr uns eine Selbstverst\u00e4ndlichkeit.","breadcrumb":{"@id":"https:\/\/www.gamapa.de\/pl\/dziedziny-swiadczonych-uslug-doradczych\/zrownowazony-rozwoj\/#breadcrumb"},"inLanguage":"pl-PL","potentialAction":[{"@type":"ReadAction","target":["https:\/\/www.gamapa.de\/pl\/dziedziny-swiadczonych-uslug-doradczych\/zrownowazony-rozwoj\/"]}]},{"@type":"ImageObject","inLanguage":"pl-PL","@id":"https:\/\/www.gamapa.de\/pl\/dziedziny-swiadczonych-uslug-doradczych\/zrownowazony-rozwoj\/#primaryimage","url":"https:\/\/www.gamapa.de\/wp-content\/uploads\/2020\/09\/Header-Kontakt-11-scaled.jpg","contentUrl":"https:\/\/www.gamapa.de\/wp-content\/uploads\/2020\/09\/Header-Kontakt-11-scaled.jpg","width":2560,"height":764,"caption":"Kontakt"},{"@type":"BreadcrumbList","@id":"https:\/\/www.gamapa.de\/pl\/dziedziny-swiadczonych-uslug-doradczych\/zrownowazony-rozwoj\/#breadcrumb","itemListElement":[{"@type":"ListItem","position":1,"name":"Startseite","item":"https:\/\/www.gamapa.de\/pl\/"},{"@type":"ListItem","position":2,"name":"Zr\u00f3wnowa\u017cony rozw\u00f3j"}]},{"@type":"WebSite","@id":"https:\/\/www.gamapa.de\/pl\/#website","url":"https:\/\/www.gamapa.de\/pl\/","name":"GANTEF\u00dcHRER","description":"Wirtschaftspr\u00fcfer, Steuerberater, Rechtsanw\u00e4lte","publisher":{"@id":"https:\/\/www.gamapa.de\/pl\/#organization"},"potentialAction":[{"@type":"SearchAction","target":{"@type":"EntryPoint","urlTemplate":"https:\/\/www.gamapa.de\/pl\/?s={search_term_string}"},"query-input":{"@type":"PropertyValueSpecification","valueRequired":true,"valueName":"search_term_string"}}],"inLanguage":"pl-PL"},{"@type":"Organization","@id":"https:\/\/www.gamapa.de\/pl\/#organization","name":"Gantef\u00fchrer Wirtschaftspr\u00fcfer, Steuerberater, Rechtsanw\u00e4lte","url":"https:\/\/www.gamapa.de\/pl\/","logo":{"@type":"ImageObject","inLanguage":"pl-PL","@id":"https:\/\/www.gamapa.de\/pl\/#\/schema\/logo\/image\/","url":"https:\/\/www.gamapa.de\/wp-content\/uploads\/2026\/01\/Logo-Gantefuehrer.png","contentUrl":"https:\/\/www.gamapa.de\/wp-content\/uploads\/2026\/01\/Logo-Gantefuehrer.png","width":767,"height":156,"caption":"Gantef\u00fchrer Wirtschaftspr\u00fcfer, Steuerberater, Rechtsanw\u00e4lte"},"image":{"@id":"https:\/\/www.gamapa.de\/pl\/#\/schema\/logo\/image\/"}}]}},"uagb_featured_image_src":{"full":["https:\/\/www.gamapa.de\/wp-content\/uploads\/2020\/09\/Header-Kontakt-11-scaled.jpg",2560,764,false],"thumbnail":["https:\/\/www.gamapa.de\/wp-content\/uploads\/2020\/09\/Header-Kontakt-11-150x150.jpg",150,150,true],"medium":["https:\/\/www.gamapa.de\/wp-content\/uploads\/2020\/09\/Header-Kontakt-11-600x179.jpg",600,179,true],"medium_large":["https:\/\/www.gamapa.de\/wp-content\/uploads\/2020\/09\/Header-Kontakt-11-768x229.jpg",580,173,true],"large":["https:\/\/www.gamapa.de\/wp-content\/uploads\/2020\/09\/Header-Kontakt-11-scaled.jpg",580,173,false],"gs-tiny":["https:\/\/www.gamapa.de\/wp-content\/uploads\/2020\/09\/Header-Kontakt-11-scaled.jpg",50,15,false],"xl":["https:\/\/www.gamapa.de\/wp-content\/uploads\/2020\/09\/Header-Kontakt-11-1600x477.jpg",1600,477,true],"xxl":["https:\/\/www.gamapa.de\/wp-content\/uploads\/2020\/09\/Header-Kontakt-11-2200x656.jpg",2200,656,true],"xxxl":["https:\/\/www.gamapa.de\/wp-content\/uploads\/2020\/09\/Header-Kontakt-11-2800x835.jpg",2800,835,true],"xxxxl":["https:\/\/www.gamapa.de\/wp-content\/uploads\/2020\/09\/Header-Kontakt-11-scaled.jpg",2560,764,false],"xxxxxl":["https:\/\/www.gamapa.de\/wp-content\/uploads\/2020\/09\/Header-Kontakt-11-scaled.jpg",2560,764,false],"1536x1536":["https:\/\/www.gamapa.de\/wp-content\/uploads\/2020\/09\/Header-Kontakt-11-1536x458.jpg",1536,458,true],"2048x2048":["https:\/\/www.gamapa.de\/wp-content\/uploads\/2020\/09\/Header-Kontakt-11-2048x611.jpg",2048,611,true],"post-thumbnail":["https:\/\/www.gamapa.de\/wp-content\/uploads\/2020\/09\/Header-Kontakt-11-scaled.jpg",2560,764,false],"twentytwenty-fullscreen":["https:\/\/www.gamapa.de\/wp-content\/uploads\/2020\/09\/Header-Kontakt-11-scaled.jpg",2560,764,false],"theme-slug-single-post":["https:\/\/www.gamapa.de\/wp-content\/uploads\/2020\/09\/Header-Kontakt-11-1600x400.jpg",1600,400,true]},"uagb_author_info":{"display_name":"linda","author_link":"https:\/\/www.gamapa.de\/pl\/author\/linda\/"},"uagb_comment_info":0,"uagb_excerpt":"My\u015ble\u0107 przysz\u0142o\u015bciowo, dzia\u0142a\u0107 odpowiedzialnie To dla nas oczywisto\u015b\u0107, \u017ce bierzemy na siebie odpowiedzialno\u015b\u0107 za naszych pracownik\u00f3w, nasze \u015brodowisko i nasze \u015brodowisko korporacyjne. Powy\u017csze zobowi\u0105zanie przek\u0142ada si\u0119 na r\u00f3\u017cnorodne formy dzia\u0142a\u0144. D\u0142ugoterminowe partnerstwa Z naszymi klientami \u0142\u0105cz\u0105 nas d\u0142ugotrwa\u0142e relacje, oparte na zaufaniu i wsp\u00f3\u0142pracy. Wi\u0119kszo\u015b\u0107 z nich to firmy rodzinne, kt\u00f3re bardzo ceni\u0105 sobie wsparcie&hellip;","_links":{"self":[{"href":"https:\/\/www.gamapa.de\/pl\/wp-json\/wp\/v2\/pages\/5012","targetHints":{"allow":["GET"]}}],"collection":[{"href":"https:\/\/www.gamapa.de\/pl\/wp-json\/wp\/v2\/pages"}],"about":[{"href":"https:\/\/www.gamapa.de\/pl\/wp-json\/wp\/v2\/types\/page"}],"author":[{"embeddable":true,"href":"https:\/\/www.gamapa.de\/pl\/wp-json\/wp\/v2\/users\/1"}],"replies":[{"embeddable":true,"href":"https:\/\/www.gamapa.de\/pl\/wp-json\/wp\/v2\/comments?post=5012"}],"version-history":[{"count":3,"href":"https:\/\/www.gamapa.de\/pl\/wp-json\/wp\/v2\/pages\/5012\/revisions"}],"predecessor-version":[{"id":7008,"href":"https:\/\/www.gamapa.de\/pl\/wp-json\/wp\/v2\/pages\/5012\/revisions\/7008"}],"up":[{"embeddable":true,"href":"https:\/\/www.gamapa.de\/pl\/wp-json\/wp\/v2\/pages\/5808"}],"wp:featuredmedia":[{"embeddable":true,"href":"https:\/\/www.gamapa.de\/pl\/wp-json\/wp\/v2\/media\/4301"}],"wp:attachment":[{"href":"https:\/\/www.gamapa.de\/pl\/wp-json\/wp\/v2\/media?parent=5012"}],"curies":[{"name":"wp","href":"https:\/\/api.w.org\/{rel}","templated":true}]}}