

{"id":5638,"date":"2020-03-04T15:55:33","date_gmt":"2020-03-04T14:55:33","guid":{"rendered":"https:\/\/www.gamapa.de\/netzwerk\/"},"modified":"2025-08-04T11:40:06","modified_gmt":"2025-08-04T09:40:06","slug":"netzwerk","status":"publish","type":"page","link":"https:\/\/www.gamapa.de\/pl\/netzwerk\/","title":{"rendered":"Sie\u0107"},"content":{"rendered":"\n<h2 class=\"wp-block-heading\">Wymiana wiedzy, \u0142\u0105czenie kompetencji<\/h2>\n\n\n\n<p>Nale\u017cymy do sieci HLB, stowarzyszenia skupiaj\u0105cego 24 \u015bredniej wielko\u015bci firm zajmuj\u0105cych si\u0119 audytem i doradztwem podatkowym. HLB Deutschland jest jedn\u0105 z 3 najwi\u0119kszych sieci tego typu, dzia\u0142aj\u0105cych na terenie Niemiec, a tak\u017ce cz\u0119\u015bci\u0105 globalnej sieci HLB International.<\/p>\n\n\n\n<h2 class=\"wp-block-heading\">Helping Local Business Internationally<\/h2>\n\n\n\n<p>Globalna sie\u0107 HLB zosta\u0142a za\u0142o\u017cona w 1969 roku. Obecnie \u0142\u0105czy ona ponad 1100 biur zatrudniaj\u0105cych ponad 51.000 pracownik\u00f3w w ponad 155 krajach na ca\u0142ym \u015bwiecie.<\/p>\n\n\n<p><img decoding=\"async\" src=\"https:\/\/www.gamapa.de\/wp-content\/uploads\/2020\/06\/Tax-network-1.jpg\" style=\"margin-left:-5px;margin-top:30px\" width=\"300\"><\/p>","protected":false},"excerpt":{"rendered":"<p>Wymiana wiedzy, \u0142\u0105czenie kompetencji Nale\u017cymy do sieci HLB, stowarzyszenia skupiaj\u0105cego 24 \u015bredniej wielko\u015bci firm zajmuj\u0105cych si\u0119 audytem i doradztwem podatkowym. HLB Deutschland jest jedn\u0105 z 3 najwi\u0119kszych sieci tego typu, dzia\u0142aj\u0105cych na terenie Niemiec, a tak\u017ce cz\u0119\u015bci\u0105 globalnej sieci HLB International. Helping Local Business Internationally Globalna sie\u0107 HLB zosta\u0142a za\u0142o\u017cona w 1969 roku. Obecnie \u0142\u0105czy <a href=\"https:\/\/www.gamapa.de\/pl\/netzwerk\/\">[\u2026]<\/a><\/p>\n","protected":false},"author":1,"featured_media":3866,"parent":0,"menu_order":3,"comment_status":"closed","ping_status":"closed","template":"","meta":{"_acf_changed":false,"_uag_custom_page_level_css":"","footnotes":""},"class_list":["post-5638","page","type-page","status-publish","has-post-thumbnail","hentry"],"acf":[],"yoast_head":"<!-- This site is optimized with the Yoast SEO plugin v27.3 - https:\/\/yoast.com\/product\/yoast-seo-wordpress\/ -->\n<title>Sie\u0107 - GANTEF\u00dcHRER<\/title>\n<meta name=\"description\" content=\"Wir sind Teil des HLB-Netzwerkes, eines Verbundes von 21 mittelst\u00e4ndischen Wirtschaftspr\u00fcfungs- und Steuerberatungsgesellschaften.\" \/>\n<meta name=\"robots\" content=\"index, follow, max-snippet:-1, max-image-preview:large, max-video-preview:-1\" \/>\n<link rel=\"canonical\" href=\"https:\/\/www.gamapa.de\/pl\/netzwerk\/\" \/>\n<meta property=\"og:locale\" content=\"pl_PL\" \/>\n<meta property=\"og:type\" content=\"article\" \/>\n<meta property=\"og:title\" content=\"Sie\u0107 - GANTEF\u00dcHRER\" \/>\n<meta property=\"og:description\" content=\"Wir sind Teil des HLB-Netzwerkes, eines Verbundes von 21 mittelst\u00e4ndischen Wirtschaftspr\u00fcfungs- und Steuerberatungsgesellschaften.\" \/>\n<meta property=\"og:url\" content=\"https:\/\/www.gamapa.de\/pl\/netzwerk\/\" \/>\n<meta property=\"og:site_name\" content=\"GANTEF\u00dcHRER\" \/>\n<meta property=\"article:modified_time\" content=\"2025-08-04T09:40:06+00:00\" \/>\n<meta property=\"og:image\" content=\"https:\/\/www.gamapa.de\/wp-content\/uploads\/2020\/07\/Header-var53-scaled.jpg\" \/>\n\t<meta property=\"og:image:width\" content=\"2560\" \/>\n\t<meta property=\"og:image:height\" content=\"764\" \/>\n\t<meta property=\"og:image:type\" content=\"image\/jpeg\" \/>\n<meta name=\"twitter:card\" content=\"summary_large_image\" \/>\n<meta name=\"twitter:label1\" content=\"Szacowany czas czytania\" \/>\n\t<meta name=\"twitter:data1\" content=\"1 minuta\" \/>\n<script type=\"application\/ld+json\" class=\"yoast-schema-graph\">{\"@context\":\"https:\\\/\\\/schema.org\",\"@graph\":[{\"@type\":\"WebPage\",\"@id\":\"https:\\\/\\\/www.gamapa.de\\\/pl\\\/netzwerk\\\/\",\"url\":\"https:\\\/\\\/www.gamapa.de\\\/pl\\\/netzwerk\\\/\",\"name\":\"Sie\u0107 - GANTEF\u00dcHRER\",\"isPartOf\":{\"@id\":\"https:\\\/\\\/www.gamapa.de\\\/pl\\\/#website\"},\"primaryImageOfPage\":{\"@id\":\"https:\\\/\\\/www.gamapa.de\\\/pl\\\/netzwerk\\\/#primaryimage\"},\"image\":{\"@id\":\"https:\\\/\\\/www.gamapa.de\\\/pl\\\/netzwerk\\\/#primaryimage\"},\"thumbnailUrl\":\"https:\\\/\\\/www.gamapa.de\\\/wp-content\\\/uploads\\\/2020\\\/07\\\/Header-var53-scaled.jpg\",\"datePublished\":\"2020-03-04T14:55:33+00:00\",\"dateModified\":\"2025-08-04T09:40:06+00:00\",\"description\":\"Wir sind Teil des HLB-Netzwerkes, eines Verbundes von 21 mittelst\u00e4ndischen Wirtschaftspr\u00fcfungs- und Steuerberatungsgesellschaften.\",\"breadcrumb\":{\"@id\":\"https:\\\/\\\/www.gamapa.de\\\/pl\\\/netzwerk\\\/#breadcrumb\"},\"inLanguage\":\"pl-PL\",\"potentialAction\":[{\"@type\":\"ReadAction\",\"target\":[\"https:\\\/\\\/www.gamapa.de\\\/pl\\\/netzwerk\\\/\"]}]},{\"@type\":\"ImageObject\",\"inLanguage\":\"pl-PL\",\"@id\":\"https:\\\/\\\/www.gamapa.de\\\/pl\\\/netzwerk\\\/#primaryimage\",\"url\":\"https:\\\/\\\/www.gamapa.de\\\/wp-content\\\/uploads\\\/2020\\\/07\\\/Header-var53-scaled.jpg\",\"contentUrl\":\"https:\\\/\\\/www.gamapa.de\\\/wp-content\\\/uploads\\\/2020\\\/07\\\/Header-var53-scaled.jpg\",\"width\":2560,\"height\":764,\"caption\":\"Ansicht vin An\"},{\"@type\":\"BreadcrumbList\",\"@id\":\"https:\\\/\\\/www.gamapa.de\\\/pl\\\/netzwerk\\\/#breadcrumb\",\"itemListElement\":[{\"@type\":\"ListItem\",\"position\":1,\"name\":\"Startseite\",\"item\":\"https:\\\/\\\/www.gamapa.de\\\/pl\\\/\"},{\"@type\":\"ListItem\",\"position\":2,\"name\":\"Sie\u0107\"}]},{\"@type\":\"WebSite\",\"@id\":\"https:\\\/\\\/www.gamapa.de\\\/pl\\\/#website\",\"url\":\"https:\\\/\\\/www.gamapa.de\\\/pl\\\/\",\"name\":\"GANTEF\u00dcHRER\",\"description\":\"Wirtschaftspr\u00fcfer, Steuerberater, Rechtsanw\u00e4lte\",\"publisher\":{\"@id\":\"https:\\\/\\\/www.gamapa.de\\\/pl\\\/#organization\"},\"potentialAction\":[{\"@type\":\"SearchAction\",\"target\":{\"@type\":\"EntryPoint\",\"urlTemplate\":\"https:\\\/\\\/www.gamapa.de\\\/pl\\\/?s={search_term_string}\"},\"query-input\":{\"@type\":\"PropertyValueSpecification\",\"valueRequired\":true,\"valueName\":\"search_term_string\"}}],\"inLanguage\":\"pl-PL\"},{\"@type\":\"Organization\",\"@id\":\"https:\\\/\\\/www.gamapa.de\\\/pl\\\/#organization\",\"name\":\"Gantef\u00fchrer Wirtschaftspr\u00fcfer, Steuerberater, Rechtsanw\u00e4lte\",\"url\":\"https:\\\/\\\/www.gamapa.de\\\/pl\\\/\",\"logo\":{\"@type\":\"ImageObject\",\"inLanguage\":\"pl-PL\",\"@id\":\"https:\\\/\\\/www.gamapa.de\\\/pl\\\/#\\\/schema\\\/logo\\\/image\\\/\",\"url\":\"https:\\\/\\\/www.gamapa.de\\\/wp-content\\\/uploads\\\/2026\\\/01\\\/Logo-Gantefuehrer.png\",\"contentUrl\":\"https:\\\/\\\/www.gamapa.de\\\/wp-content\\\/uploads\\\/2026\\\/01\\\/Logo-Gantefuehrer.png\",\"width\":767,\"height\":156,\"caption\":\"Gantef\u00fchrer Wirtschaftspr\u00fcfer, Steuerberater, Rechtsanw\u00e4lte\"},\"image\":{\"@id\":\"https:\\\/\\\/www.gamapa.de\\\/pl\\\/#\\\/schema\\\/logo\\\/image\\\/\"}}]}<\/script>\n<!-- \/ Yoast SEO plugin. -->","yoast_head_json":{"title":"Sie\u0107 - GANTEF\u00dcHRER","description":"Wir sind Teil des HLB-Netzwerkes, eines Verbundes von 21 mittelst\u00e4ndischen Wirtschaftspr\u00fcfungs- und Steuerberatungsgesellschaften.","robots":{"index":"index","follow":"follow","max-snippet":"max-snippet:-1","max-image-preview":"max-image-preview:large","max-video-preview":"max-video-preview:-1"},"canonical":"https:\/\/www.gamapa.de\/pl\/netzwerk\/","og_locale":"pl_PL","og_type":"article","og_title":"Sie\u0107 - GANTEF\u00dcHRER","og_description":"Wir sind Teil des HLB-Netzwerkes, eines Verbundes von 21 mittelst\u00e4ndischen Wirtschaftspr\u00fcfungs- und Steuerberatungsgesellschaften.","og_url":"https:\/\/www.gamapa.de\/pl\/netzwerk\/","og_site_name":"GANTEF\u00dcHRER","article_modified_time":"2025-08-04T09:40:06+00:00","og_image":[{"width":2560,"height":764,"url":"https:\/\/www.gamapa.de\/wp-content\/uploads\/2020\/07\/Header-var53-scaled.jpg","type":"image\/jpeg"}],"twitter_card":"summary_large_image","twitter_misc":{"Szacowany czas czytania":"1 minuta"},"schema":{"@context":"https:\/\/schema.org","@graph":[{"@type":"WebPage","@id":"https:\/\/www.gamapa.de\/pl\/netzwerk\/","url":"https:\/\/www.gamapa.de\/pl\/netzwerk\/","name":"Sie\u0107 - GANTEF\u00dcHRER","isPartOf":{"@id":"https:\/\/www.gamapa.de\/pl\/#website"},"primaryImageOfPage":{"@id":"https:\/\/www.gamapa.de\/pl\/netzwerk\/#primaryimage"},"image":{"@id":"https:\/\/www.gamapa.de\/pl\/netzwerk\/#primaryimage"},"thumbnailUrl":"https:\/\/www.gamapa.de\/wp-content\/uploads\/2020\/07\/Header-var53-scaled.jpg","datePublished":"2020-03-04T14:55:33+00:00","dateModified":"2025-08-04T09:40:06+00:00","description":"Wir sind Teil des HLB-Netzwerkes, eines Verbundes von 21 mittelst\u00e4ndischen Wirtschaftspr\u00fcfungs- und Steuerberatungsgesellschaften.","breadcrumb":{"@id":"https:\/\/www.gamapa.de\/pl\/netzwerk\/#breadcrumb"},"inLanguage":"pl-PL","potentialAction":[{"@type":"ReadAction","target":["https:\/\/www.gamapa.de\/pl\/netzwerk\/"]}]},{"@type":"ImageObject","inLanguage":"pl-PL","@id":"https:\/\/www.gamapa.de\/pl\/netzwerk\/#primaryimage","url":"https:\/\/www.gamapa.de\/wp-content\/uploads\/2020\/07\/Header-var53-scaled.jpg","contentUrl":"https:\/\/www.gamapa.de\/wp-content\/uploads\/2020\/07\/Header-var53-scaled.jpg","width":2560,"height":764,"caption":"Ansicht vin An"},{"@type":"BreadcrumbList","@id":"https:\/\/www.gamapa.de\/pl\/netzwerk\/#breadcrumb","itemListElement":[{"@type":"ListItem","position":1,"name":"Startseite","item":"https:\/\/www.gamapa.de\/pl\/"},{"@type":"ListItem","position":2,"name":"Sie\u0107"}]},{"@type":"WebSite","@id":"https:\/\/www.gamapa.de\/pl\/#website","url":"https:\/\/www.gamapa.de\/pl\/","name":"GANTEF\u00dcHRER","description":"Wirtschaftspr\u00fcfer, Steuerberater, Rechtsanw\u00e4lte","publisher":{"@id":"https:\/\/www.gamapa.de\/pl\/#organization"},"potentialAction":[{"@type":"SearchAction","target":{"@type":"EntryPoint","urlTemplate":"https:\/\/www.gamapa.de\/pl\/?s={search_term_string}"},"query-input":{"@type":"PropertyValueSpecification","valueRequired":true,"valueName":"search_term_string"}}],"inLanguage":"pl-PL"},{"@type":"Organization","@id":"https:\/\/www.gamapa.de\/pl\/#organization","name":"Gantef\u00fchrer Wirtschaftspr\u00fcfer, Steuerberater, Rechtsanw\u00e4lte","url":"https:\/\/www.gamapa.de\/pl\/","logo":{"@type":"ImageObject","inLanguage":"pl-PL","@id":"https:\/\/www.gamapa.de\/pl\/#\/schema\/logo\/image\/","url":"https:\/\/www.gamapa.de\/wp-content\/uploads\/2026\/01\/Logo-Gantefuehrer.png","contentUrl":"https:\/\/www.gamapa.de\/wp-content\/uploads\/2026\/01\/Logo-Gantefuehrer.png","width":767,"height":156,"caption":"Gantef\u00fchrer Wirtschaftspr\u00fcfer, Steuerberater, Rechtsanw\u00e4lte"},"image":{"@id":"https:\/\/www.gamapa.de\/pl\/#\/schema\/logo\/image\/"}}]}},"uagb_featured_image_src":{"full":["https:\/\/www.gamapa.de\/wp-content\/uploads\/2020\/07\/Header-var53-scaled.jpg",2560,764,false],"thumbnail":["https:\/\/www.gamapa.de\/wp-content\/uploads\/2020\/07\/Header-var53-150x150.jpg",150,150,true],"medium":["https:\/\/www.gamapa.de\/wp-content\/uploads\/2020\/07\/Header-var53-600x179.jpg",600,179,true],"medium_large":["https:\/\/www.gamapa.de\/wp-content\/uploads\/2020\/07\/Header-var53-768x229.jpg",580,173,true],"large":["https:\/\/www.gamapa.de\/wp-content\/uploads\/2020\/07\/Header-var53-scaled.jpg",580,173,false],"gs-tiny":["https:\/\/www.gamapa.de\/wp-content\/uploads\/2020\/07\/Header-var53-scaled.jpg",50,15,false],"xl":["https:\/\/www.gamapa.de\/wp-content\/uploads\/2020\/07\/Header-var53-scaled.jpg",1600,478,false],"xxl":["https:\/\/www.gamapa.de\/wp-content\/uploads\/2020\/07\/Header-var53-scaled.jpg",2200,657,false],"xxxl":["https:\/\/www.gamapa.de\/wp-content\/uploads\/2020\/07\/Header-var53-scaled.jpg",2560,764,false],"xxxxl":["https:\/\/www.gamapa.de\/wp-content\/uploads\/2020\/07\/Header-var53-scaled.jpg",2560,764,false],"xxxxxl":["https:\/\/www.gamapa.de\/wp-content\/uploads\/2020\/07\/Header-var53-scaled.jpg",2560,764,false],"1536x1536":["https:\/\/www.gamapa.de\/wp-content\/uploads\/2020\/07\/Header-var53-1536x458.jpg",1536,458,true],"2048x2048":["https:\/\/www.gamapa.de\/wp-content\/uploads\/2020\/07\/Header-var53-2048x611.jpg",2048,611,true],"post-thumbnail":["https:\/\/www.gamapa.de\/wp-content\/uploads\/2020\/07\/Header-var53-scaled.jpg",2560,764,false],"twentytwenty-fullscreen":["https:\/\/www.gamapa.de\/wp-content\/uploads\/2020\/07\/Header-var53-scaled.jpg",2560,764,false],"theme-slug-single-post":["https:\/\/www.gamapa.de\/wp-content\/uploads\/2020\/07\/Header-var53-1600x400.jpg",1600,400,true]},"uagb_author_info":{"display_name":"linda","author_link":"https:\/\/www.gamapa.de\/pl\/author\/linda\/"},"uagb_comment_info":0,"uagb_excerpt":"Wymiana wiedzy, \u0142\u0105czenie kompetencji Nale\u017cymy do sieci HLB, stowarzyszenia skupiaj\u0105cego 24 \u015bredniej wielko\u015bci firm zajmuj\u0105cych si\u0119 audytem i doradztwem podatkowym. HLB Deutschland jest jedn\u0105 z 3 najwi\u0119kszych sieci tego typu, dzia\u0142aj\u0105cych na terenie Niemiec, a tak\u017ce cz\u0119\u015bci\u0105 globalnej sieci HLB International. Helping Local Business Internationally Globalna sie\u0107 HLB zosta\u0142a za\u0142o\u017cona w 1969 roku. Obecnie \u0142\u0105czy&hellip;","_links":{"self":[{"href":"https:\/\/www.gamapa.de\/pl\/wp-json\/wp\/v2\/pages\/5638","targetHints":{"allow":["GET"]}}],"collection":[{"href":"https:\/\/www.gamapa.de\/pl\/wp-json\/wp\/v2\/pages"}],"about":[{"href":"https:\/\/www.gamapa.de\/pl\/wp-json\/wp\/v2\/types\/page"}],"author":[{"embeddable":true,"href":"https:\/\/www.gamapa.de\/pl\/wp-json\/wp\/v2\/users\/1"}],"replies":[{"embeddable":true,"href":"https:\/\/www.gamapa.de\/pl\/wp-json\/wp\/v2\/comments?post=5638"}],"version-history":[{"count":3,"href":"https:\/\/www.gamapa.de\/pl\/wp-json\/wp\/v2\/pages\/5638\/revisions"}],"predecessor-version":[{"id":21627,"href":"https:\/\/www.gamapa.de\/pl\/wp-json\/wp\/v2\/pages\/5638\/revisions\/21627"}],"wp:featuredmedia":[{"embeddable":true,"href":"https:\/\/www.gamapa.de\/pl\/wp-json\/wp\/v2\/media\/3866"}],"wp:attachment":[{"href":"https:\/\/www.gamapa.de\/pl\/wp-json\/wp\/v2\/media?parent=5638"}],"curies":[{"name":"wp","href":"https:\/\/api.w.org\/{rel}","templated":true}]}}