

{"id":5676,"date":"2020-03-11T10:12:53","date_gmt":"2020-03-11T09:12:53","guid":{"rendered":"https:\/\/www.gamapa.de\/wirtschaftspruefung\/pruefungsnahe-beratungsleistungen\/"},"modified":"2021-03-07T13:39:53","modified_gmt":"2021-03-07T12:39:53","slug":"uslugi-doradcze-zwiazane-z-audytem","status":"publish","type":"page","link":"https:\/\/www.gamapa.de\/pl\/dziedziny-swiadczonych-uslug-doradczych\/audyt\/uslugi-doradcze-zwiazane-z-audytem\/","title":{"rendered":"Us\u0142ugi doradcze zwi\u0105zane z audytem"},"content":{"rendered":"\n<h2 class=\"wp-block-heading\">Od opracowywania prognoz po system kontroli wewn\u0119trznej<\/h2>\n\n\n\n<p>Przedsi\u0119biorcom i innym interesariuszom, w przypadku kt\u00f3rych wymagany jest poziom bezpiecze\u0144stwa znacznie wykraczaj\u0105cy poza klasyczny audyt sprawozdania rocznego, oferujemy nasze powi\u0105zane us\u0142ugi doradcze. Nale\u017cy do nich np. opracowanie prognoz, controlling finansowy oraz prowadzenie systemu kontroli wewn\u0119trznej przekraczaj\u0105cego standardowy zakres kontroli sprawozdawczo\u015bci finansowej.<\/p>\n\n\n\n<p>Jako podmiot odpowiedzialny za audyt posiadamy du\u017cy zas\u00f3b wiedzy o przedsi\u0119biorstwach naszych klient\u00f3w, co pozwala nam zapewni\u0107 im wy\u017cszy poziom efektywno\u015bci i bezpiecze\u0144stwa. Pomaga nam w tym nie tylko zgrany zesp\u00f3\u0142, lecz tak\u017ce du\u017ce zaanga\u017cowanie poszczeg\u00f3lnych jego cz\u0142onk\u00f3w. Dzi\u0119ki posiadanej wiedzy specjalistycznej mo\u017cemy \u015bwiadczy\u0107 takie us\u0142ugi r\u00f3wnie\u017c na rzecz przedsi\u0119biorstw, kt\u00f3rych sprawozdania finansowe nie by\u0142y przez nas badane.<\/p>\n\n\n\n<p>Ostatecznym kryterium wyznaczaj\u0105cym zakres powierzonego nam zadania s\u0105 potrzeby naszych klient\u00f3w. Dlatego konkretne us\u0142ugi dopasowujemy zawsze do indywidualnych wymaga\u0144 zleceniodawcy. Wsp\u00f3lnie z klientem definiujemy przedmiot badania, ukierunkowane dzia\u0142ania zmierzaj\u0105ce do jego realizacji oraz adekwatn\u0105 form\u0119 raportowania.<\/p>\n","protected":false},"excerpt":{"rendered":"<p>Od opracowywania prognoz po system kontroli wewn\u0119trznej Przedsi\u0119biorcom i innym interesariuszom, w przypadku kt\u00f3rych wymagany jest poziom bezpiecze\u0144stwa znacznie wykraczaj\u0105cy poza klasyczny audyt sprawozdania rocznego, oferujemy nasze powi\u0105zane us\u0142ugi doradcze. Nale\u017cy do nich np. opracowanie prognoz, controlling finansowy oraz prowadzenie systemu kontroli wewn\u0119trznej przekraczaj\u0105cego standardowy zakres kontroli sprawozdawczo\u015bci finansowej. Jako podmiot odpowiedzialny za audyt posiadamy <a href=\"https:\/\/www.gamapa.de\/pl\/dziedziny-swiadczonych-uslug-doradczych\/audyt\/uslugi-doradcze-zwiazane-z-audytem\/\">[\u2026]<\/a><\/p>\n","protected":false},"author":1,"featured_media":19873,"parent":5626,"menu_order":1,"comment_status":"closed","ping_status":"closed","template":"templates\/template-simple-site.php","meta":{"_acf_changed":false,"_uag_custom_page_level_css":"","footnotes":""},"class_list":["post-5676","page","type-page","status-publish","has-post-thumbnail","hentry"],"acf":[],"yoast_head":"<!-- This site is optimized with the Yoast SEO plugin v27.5 - https:\/\/yoast.com\/product\/yoast-seo-wordpress\/ -->\n<title>Us\u0142ugi doradcze zwi\u0105zane z audytem - GANTEF\u00dcHRER<\/title>\n<meta name=\"robots\" content=\"index, follow, max-snippet:-1, max-image-preview:large, max-video-preview:-1\" \/>\n<link rel=\"canonical\" href=\"https:\/\/www.gamapa.de\/pl\/dziedziny-swiadczonych-uslug-doradczych\/audyt\/uslugi-doradcze-zwiazane-z-audytem\/\" \/>\n<meta property=\"og:locale\" content=\"pl_PL\" \/>\n<meta property=\"og:type\" content=\"article\" \/>\n<meta property=\"og:title\" content=\"Us\u0142ugi doradcze zwi\u0105zane z audytem - GANTEF\u00dcHRER\" \/>\n<meta property=\"og:description\" content=\"Od opracowywania prognoz po system kontroli wewn\u0119trznej Przedsi\u0119biorcom i innym interesariuszom, w przypadku kt\u00f3rych wymagany jest poziom bezpiecze\u0144stwa znacznie wykraczaj\u0105cy poza klasyczny audyt sprawozdania rocznego, oferujemy nasze powi\u0105zane us\u0142ugi doradcze. Nale\u017cy do nich np. opracowanie prognoz, controlling finansowy oraz prowadzenie systemu kontroli wewn\u0119trznej przekraczaj\u0105cego standardowy zakres kontroli sprawozdawczo\u015bci finansowej. Jako podmiot odpowiedzialny za audyt posiadamy [\u2026]\" \/>\n<meta property=\"og:url\" content=\"https:\/\/www.gamapa.de\/pl\/dziedziny-swiadczonych-uslug-doradczych\/audyt\/uslugi-doradcze-zwiazane-z-audytem\/\" \/>\n<meta property=\"og:site_name\" content=\"GANTEF\u00dcHRER\" \/>\n<meta property=\"article:modified_time\" content=\"2021-03-07T12:39:53+00:00\" \/>\n<meta property=\"og:image\" content=\"https:\/\/www.gamapa.de\/wp-content\/uploads\/2020\/09\/Header-Schild-1-scaled.jpg\" \/>\n\t<meta property=\"og:image:width\" content=\"2560\" \/>\n\t<meta property=\"og:image:height\" content=\"764\" \/>\n\t<meta property=\"og:image:type\" content=\"image\/jpeg\" \/>\n<meta name=\"twitter:card\" content=\"summary_large_image\" \/>\n<meta name=\"twitter:label1\" content=\"Szacowany czas czytania\" \/>\n\t<meta name=\"twitter:data1\" content=\"1 minuta\" \/>\n<script type=\"application\/ld+json\" class=\"yoast-schema-graph\">{\"@context\":\"https:\\\/\\\/schema.org\",\"@graph\":[{\"@type\":\"WebPage\",\"@id\":\"https:\\\/\\\/www.gamapa.de\\\/pl\\\/dziedziny-swiadczonych-uslug-doradczych\\\/audyt\\\/uslugi-doradcze-zwiazane-z-audytem\\\/\",\"url\":\"https:\\\/\\\/www.gamapa.de\\\/pl\\\/dziedziny-swiadczonych-uslug-doradczych\\\/audyt\\\/uslugi-doradcze-zwiazane-z-audytem\\\/\",\"name\":\"Us\u0142ugi doradcze zwi\u0105zane z audytem - GANTEF\u00dcHRER\",\"isPartOf\":{\"@id\":\"https:\\\/\\\/www.gamapa.de\\\/pl\\\/#website\"},\"primaryImageOfPage\":{\"@id\":\"https:\\\/\\\/www.gamapa.de\\\/pl\\\/dziedziny-swiadczonych-uslug-doradczych\\\/audyt\\\/uslugi-doradcze-zwiazane-z-audytem\\\/#primaryimage\"},\"image\":{\"@id\":\"https:\\\/\\\/www.gamapa.de\\\/pl\\\/dziedziny-swiadczonych-uslug-doradczych\\\/audyt\\\/uslugi-doradcze-zwiazane-z-audytem\\\/#primaryimage\"},\"thumbnailUrl\":\"https:\\\/\\\/www.gamapa.de\\\/wp-content\\\/uploads\\\/2025\\\/06\\\/Carlsplatz-schmal-scaled.jpg\",\"datePublished\":\"2020-03-11T09:12:53+00:00\",\"dateModified\":\"2021-03-07T12:39:53+00:00\",\"breadcrumb\":{\"@id\":\"https:\\\/\\\/www.gamapa.de\\\/pl\\\/dziedziny-swiadczonych-uslug-doradczych\\\/audyt\\\/uslugi-doradcze-zwiazane-z-audytem\\\/#breadcrumb\"},\"inLanguage\":\"pl-PL\",\"potentialAction\":[{\"@type\":\"ReadAction\",\"target\":[\"https:\\\/\\\/www.gamapa.de\\\/pl\\\/dziedziny-swiadczonych-uslug-doradczych\\\/audyt\\\/uslugi-doradcze-zwiazane-z-audytem\\\/\"]}]},{\"@type\":\"ImageObject\",\"inLanguage\":\"pl-PL\",\"@id\":\"https:\\\/\\\/www.gamapa.de\\\/pl\\\/dziedziny-swiadczonych-uslug-doradczych\\\/audyt\\\/uslugi-doradcze-zwiazane-z-audytem\\\/#primaryimage\",\"url\":\"https:\\\/\\\/www.gamapa.de\\\/wp-content\\\/uploads\\\/2025\\\/06\\\/Carlsplatz-schmal-scaled.jpg\",\"contentUrl\":\"https:\\\/\\\/www.gamapa.de\\\/wp-content\\\/uploads\\\/2025\\\/06\\\/Carlsplatz-schmal-scaled.jpg\",\"width\":2560,\"height\":764,\"caption\":\"Blick in einen Besprechungsraum einer Anwaltskanzlei. Links neben der T\u00fcr ein Ipad das die Verf\u00fcgbarkeit anzeigt. Aufschrift Carlsplatz an der Wand\"},{\"@type\":\"BreadcrumbList\",\"@id\":\"https:\\\/\\\/www.gamapa.de\\\/pl\\\/dziedziny-swiadczonych-uslug-doradczych\\\/audyt\\\/uslugi-doradcze-zwiazane-z-audytem\\\/#breadcrumb\",\"itemListElement\":[{\"@type\":\"ListItem\",\"position\":1,\"name\":\"Startseite\",\"item\":\"https:\\\/\\\/www.gamapa.de\\\/pl\\\/\"},{\"@type\":\"ListItem\",\"position\":2,\"name\":\"Obszar konsultacji\",\"item\":\"https:\\\/\\\/www.gamapa.de\\\/pl\\\/dziedziny-swiadczonych-uslug-doradczych\\\/\"},{\"@type\":\"ListItem\",\"position\":3,\"name\":\"Audyt\",\"item\":\"https:\\\/\\\/www.gamapa.de\\\/pl\\\/dziedziny-swiadczonych-uslug-doradczych\\\/audyt\\\/\"},{\"@type\":\"ListItem\",\"position\":4,\"name\":\"Us\u0142ugi doradcze zwi\u0105zane z audytem\"}]},{\"@type\":\"WebSite\",\"@id\":\"https:\\\/\\\/www.gamapa.de\\\/pl\\\/#website\",\"url\":\"https:\\\/\\\/www.gamapa.de\\\/pl\\\/\",\"name\":\"GANTEF\u00dcHRER\",\"description\":\"Wirtschaftspr\u00fcfer, Steuerberater, Rechtsanw\u00e4lte\",\"publisher\":{\"@id\":\"https:\\\/\\\/www.gamapa.de\\\/pl\\\/#organization\"},\"potentialAction\":[{\"@type\":\"SearchAction\",\"target\":{\"@type\":\"EntryPoint\",\"urlTemplate\":\"https:\\\/\\\/www.gamapa.de\\\/pl\\\/?s={search_term_string}\"},\"query-input\":{\"@type\":\"PropertyValueSpecification\",\"valueRequired\":true,\"valueName\":\"search_term_string\"}}],\"inLanguage\":\"pl-PL\"},{\"@type\":\"Organization\",\"@id\":\"https:\\\/\\\/www.gamapa.de\\\/pl\\\/#organization\",\"name\":\"Gantef\u00fchrer Wirtschaftspr\u00fcfer, Steuerberater, Rechtsanw\u00e4lte\",\"url\":\"https:\\\/\\\/www.gamapa.de\\\/pl\\\/\",\"logo\":{\"@type\":\"ImageObject\",\"inLanguage\":\"pl-PL\",\"@id\":\"https:\\\/\\\/www.gamapa.de\\\/pl\\\/#\\\/schema\\\/logo\\\/image\\\/\",\"url\":\"https:\\\/\\\/www.gamapa.de\\\/wp-content\\\/uploads\\\/2026\\\/01\\\/Logo-Gantefuehrer.png\",\"contentUrl\":\"https:\\\/\\\/www.gamapa.de\\\/wp-content\\\/uploads\\\/2026\\\/01\\\/Logo-Gantefuehrer.png\",\"width\":767,\"height\":156,\"caption\":\"Gantef\u00fchrer Wirtschaftspr\u00fcfer, Steuerberater, Rechtsanw\u00e4lte\"},\"image\":{\"@id\":\"https:\\\/\\\/www.gamapa.de\\\/pl\\\/#\\\/schema\\\/logo\\\/image\\\/\"}}]}<\/script>\n<!-- \/ Yoast SEO plugin. -->","yoast_head_json":{"title":"Us\u0142ugi doradcze zwi\u0105zane z audytem - GANTEF\u00dcHRER","robots":{"index":"index","follow":"follow","max-snippet":"max-snippet:-1","max-image-preview":"max-image-preview:large","max-video-preview":"max-video-preview:-1"},"canonical":"https:\/\/www.gamapa.de\/pl\/dziedziny-swiadczonych-uslug-doradczych\/audyt\/uslugi-doradcze-zwiazane-z-audytem\/","og_locale":"pl_PL","og_type":"article","og_title":"Us\u0142ugi doradcze zwi\u0105zane z audytem - GANTEF\u00dcHRER","og_description":"Od opracowywania prognoz po system kontroli wewn\u0119trznej Przedsi\u0119biorcom i innym interesariuszom, w przypadku kt\u00f3rych wymagany jest poziom bezpiecze\u0144stwa znacznie wykraczaj\u0105cy poza klasyczny audyt sprawozdania rocznego, oferujemy nasze powi\u0105zane us\u0142ugi doradcze. Nale\u017cy do nich np. opracowanie prognoz, controlling finansowy oraz prowadzenie systemu kontroli wewn\u0119trznej przekraczaj\u0105cego standardowy zakres kontroli sprawozdawczo\u015bci finansowej. Jako podmiot odpowiedzialny za audyt posiadamy [\u2026]","og_url":"https:\/\/www.gamapa.de\/pl\/dziedziny-swiadczonych-uslug-doradczych\/audyt\/uslugi-doradcze-zwiazane-z-audytem\/","og_site_name":"GANTEF\u00dcHRER","article_modified_time":"2021-03-07T12:39:53+00:00","og_image":[{"width":2560,"height":764,"url":"https:\/\/www.gamapa.de\/wp-content\/uploads\/2020\/09\/Header-Schild-1-scaled.jpg","type":"image\/jpeg"}],"twitter_card":"summary_large_image","twitter_misc":{"Szacowany czas czytania":"1 minuta"},"schema":{"@context":"https:\/\/schema.org","@graph":[{"@type":"WebPage","@id":"https:\/\/www.gamapa.de\/pl\/dziedziny-swiadczonych-uslug-doradczych\/audyt\/uslugi-doradcze-zwiazane-z-audytem\/","url":"https:\/\/www.gamapa.de\/pl\/dziedziny-swiadczonych-uslug-doradczych\/audyt\/uslugi-doradcze-zwiazane-z-audytem\/","name":"Us\u0142ugi doradcze zwi\u0105zane z audytem - GANTEF\u00dcHRER","isPartOf":{"@id":"https:\/\/www.gamapa.de\/pl\/#website"},"primaryImageOfPage":{"@id":"https:\/\/www.gamapa.de\/pl\/dziedziny-swiadczonych-uslug-doradczych\/audyt\/uslugi-doradcze-zwiazane-z-audytem\/#primaryimage"},"image":{"@id":"https:\/\/www.gamapa.de\/pl\/dziedziny-swiadczonych-uslug-doradczych\/audyt\/uslugi-doradcze-zwiazane-z-audytem\/#primaryimage"},"thumbnailUrl":"https:\/\/www.gamapa.de\/wp-content\/uploads\/2025\/06\/Carlsplatz-schmal-scaled.jpg","datePublished":"2020-03-11T09:12:53+00:00","dateModified":"2021-03-07T12:39:53+00:00","breadcrumb":{"@id":"https:\/\/www.gamapa.de\/pl\/dziedziny-swiadczonych-uslug-doradczych\/audyt\/uslugi-doradcze-zwiazane-z-audytem\/#breadcrumb"},"inLanguage":"pl-PL","potentialAction":[{"@type":"ReadAction","target":["https:\/\/www.gamapa.de\/pl\/dziedziny-swiadczonych-uslug-doradczych\/audyt\/uslugi-doradcze-zwiazane-z-audytem\/"]}]},{"@type":"ImageObject","inLanguage":"pl-PL","@id":"https:\/\/www.gamapa.de\/pl\/dziedziny-swiadczonych-uslug-doradczych\/audyt\/uslugi-doradcze-zwiazane-z-audytem\/#primaryimage","url":"https:\/\/www.gamapa.de\/wp-content\/uploads\/2025\/06\/Carlsplatz-schmal-scaled.jpg","contentUrl":"https:\/\/www.gamapa.de\/wp-content\/uploads\/2025\/06\/Carlsplatz-schmal-scaled.jpg","width":2560,"height":764,"caption":"Blick in einen Besprechungsraum einer Anwaltskanzlei. Links neben der T\u00fcr ein Ipad das die Verf\u00fcgbarkeit anzeigt. Aufschrift Carlsplatz an der Wand"},{"@type":"BreadcrumbList","@id":"https:\/\/www.gamapa.de\/pl\/dziedziny-swiadczonych-uslug-doradczych\/audyt\/uslugi-doradcze-zwiazane-z-audytem\/#breadcrumb","itemListElement":[{"@type":"ListItem","position":1,"name":"Startseite","item":"https:\/\/www.gamapa.de\/pl\/"},{"@type":"ListItem","position":2,"name":"Obszar konsultacji","item":"https:\/\/www.gamapa.de\/pl\/dziedziny-swiadczonych-uslug-doradczych\/"},{"@type":"ListItem","position":3,"name":"Audyt","item":"https:\/\/www.gamapa.de\/pl\/dziedziny-swiadczonych-uslug-doradczych\/audyt\/"},{"@type":"ListItem","position":4,"name":"Us\u0142ugi doradcze zwi\u0105zane z audytem"}]},{"@type":"WebSite","@id":"https:\/\/www.gamapa.de\/pl\/#website","url":"https:\/\/www.gamapa.de\/pl\/","name":"GANTEF\u00dcHRER","description":"Wirtschaftspr\u00fcfer, Steuerberater, Rechtsanw\u00e4lte","publisher":{"@id":"https:\/\/www.gamapa.de\/pl\/#organization"},"potentialAction":[{"@type":"SearchAction","target":{"@type":"EntryPoint","urlTemplate":"https:\/\/www.gamapa.de\/pl\/?s={search_term_string}"},"query-input":{"@type":"PropertyValueSpecification","valueRequired":true,"valueName":"search_term_string"}}],"inLanguage":"pl-PL"},{"@type":"Organization","@id":"https:\/\/www.gamapa.de\/pl\/#organization","name":"Gantef\u00fchrer Wirtschaftspr\u00fcfer, Steuerberater, Rechtsanw\u00e4lte","url":"https:\/\/www.gamapa.de\/pl\/","logo":{"@type":"ImageObject","inLanguage":"pl-PL","@id":"https:\/\/www.gamapa.de\/pl\/#\/schema\/logo\/image\/","url":"https:\/\/www.gamapa.de\/wp-content\/uploads\/2026\/01\/Logo-Gantefuehrer.png","contentUrl":"https:\/\/www.gamapa.de\/wp-content\/uploads\/2026\/01\/Logo-Gantefuehrer.png","width":767,"height":156,"caption":"Gantef\u00fchrer Wirtschaftspr\u00fcfer, Steuerberater, Rechtsanw\u00e4lte"},"image":{"@id":"https:\/\/www.gamapa.de\/pl\/#\/schema\/logo\/image\/"}}]}},"uagb_featured_image_src":{"full":["https:\/\/www.gamapa.de\/wp-content\/uploads\/2025\/06\/Carlsplatz-schmal-scaled.jpg",2560,764,false],"thumbnail":["https:\/\/www.gamapa.de\/wp-content\/uploads\/2025\/06\/Carlsplatz-schmal-150x150.jpg",150,150,true],"medium":["https:\/\/www.gamapa.de\/wp-content\/uploads\/2025\/06\/Carlsplatz-schmal-600x179.jpg",600,179,true],"medium_large":["https:\/\/www.gamapa.de\/wp-content\/uploads\/2025\/06\/Carlsplatz-schmal-768x229.jpg",580,173,true],"large":["https:\/\/www.gamapa.de\/wp-content\/uploads\/2025\/06\/Carlsplatz-schmal-scaled.jpg",580,173,false],"gs-tiny":["https:\/\/www.gamapa.de\/wp-content\/uploads\/2025\/06\/Carlsplatz-schmal-50x15.jpg",50,15,true],"xl":["https:\/\/www.gamapa.de\/wp-content\/uploads\/2025\/06\/Carlsplatz-schmal-1600x477.jpg",1600,477,true],"xxl":["https:\/\/www.gamapa.de\/wp-content\/uploads\/2025\/06\/Carlsplatz-schmal-2200x656.jpg",2200,656,true],"xxxl":["https:\/\/www.gamapa.de\/wp-content\/uploads\/2025\/06\/Carlsplatz-schmal-2800x835.jpg",2800,835,true],"xxxxl":["https:\/\/www.gamapa.de\/wp-content\/uploads\/2025\/06\/Carlsplatz-schmal-scaled.jpg",2560,764,false],"xxxxxl":["https:\/\/www.gamapa.de\/wp-content\/uploads\/2025\/06\/Carlsplatz-schmal-scaled.jpg",2560,764,false],"1536x1536":["https:\/\/www.gamapa.de\/wp-content\/uploads\/2025\/06\/Carlsplatz-schmal-1536x458.jpg",1536,458,true],"2048x2048":["https:\/\/www.gamapa.de\/wp-content\/uploads\/2025\/06\/Carlsplatz-schmal-2048x611.jpg",2048,611,true],"post-thumbnail":["https:\/\/www.gamapa.de\/wp-content\/uploads\/2025\/06\/Carlsplatz-schmal-scaled.jpg",2560,764,false],"twentytwenty-fullscreen":["https:\/\/www.gamapa.de\/wp-content\/uploads\/2025\/06\/Carlsplatz-schmal-scaled.jpg",2560,764,false],"theme-slug-single-post":["https:\/\/www.gamapa.de\/wp-content\/uploads\/2025\/06\/Carlsplatz-schmal-1600x400.jpg",1600,400,true]},"uagb_author_info":{"display_name":"linda","author_link":"https:\/\/www.gamapa.de\/pl\/author\/linda\/"},"uagb_comment_info":0,"uagb_excerpt":"Od opracowywania prognoz po system kontroli wewn\u0119trznej Przedsi\u0119biorcom i innym interesariuszom, w przypadku kt\u00f3rych wymagany jest poziom bezpiecze\u0144stwa znacznie wykraczaj\u0105cy poza klasyczny audyt sprawozdania rocznego, oferujemy nasze powi\u0105zane us\u0142ugi doradcze. Nale\u017cy do nich np. opracowanie prognoz, controlling finansowy oraz prowadzenie systemu kontroli wewn\u0119trznej przekraczaj\u0105cego standardowy zakres kontroli sprawozdawczo\u015bci finansowej. Jako podmiot odpowiedzialny za audyt posiadamy&hellip;","_links":{"self":[{"href":"https:\/\/www.gamapa.de\/pl\/wp-json\/wp\/v2\/pages\/5676","targetHints":{"allow":["GET"]}}],"collection":[{"href":"https:\/\/www.gamapa.de\/pl\/wp-json\/wp\/v2\/pages"}],"about":[{"href":"https:\/\/www.gamapa.de\/pl\/wp-json\/wp\/v2\/types\/page"}],"author":[{"embeddable":true,"href":"https:\/\/www.gamapa.de\/pl\/wp-json\/wp\/v2\/users\/1"}],"replies":[{"embeddable":true,"href":"https:\/\/www.gamapa.de\/pl\/wp-json\/wp\/v2\/comments?post=5676"}],"version-history":[{"count":2,"href":"https:\/\/www.gamapa.de\/pl\/wp-json\/wp\/v2\/pages\/5676\/revisions"}],"predecessor-version":[{"id":7224,"href":"https:\/\/www.gamapa.de\/pl\/wp-json\/wp\/v2\/pages\/5676\/revisions\/7224"}],"up":[{"embeddable":true,"href":"https:\/\/www.gamapa.de\/pl\/wp-json\/wp\/v2\/pages\/5626"}],"wp:featuredmedia":[{"embeddable":true,"href":"https:\/\/www.gamapa.de\/pl\/wp-json\/wp\/v2\/media\/19873"}],"wp:attachment":[{"href":"https:\/\/www.gamapa.de\/pl\/wp-json\/wp\/v2\/media?parent=5676"}],"curies":[{"name":"wp","href":"https:\/\/api.w.org\/{rel}","templated":true}]}}