

{"id":5682,"date":"2021-01-06T09:33:39","date_gmt":"2021-01-06T08:33:39","guid":{"rendered":"https:\/\/www.gamapa.de\/unternehmensberatung\/organisationsberatung\/"},"modified":"2026-01-16T23:51:52","modified_gmt":"2026-01-16T22:51:52","slug":"doradztwo-w-zakresie-organizacji-przedsiebiorstwa","status":"publish","type":"page","link":"https:\/\/www.gamapa.de\/pl\/dziedziny-swiadczonych-uslug-doradczych\/doradztwo-w-zakresie-zarzadzania-przedsiebiorstwem\/doradztwo-w-zakresie-organizacji-przedsiebiorstwa\/","title":{"rendered":"Doradztwo w zakresie organizacji przedsi\u0119biorstwa"},"content":{"rendered":"\n<h2 class=\"wp-block-heading\"><strong>Organisationsentwicklung ist heute wichtiger denn jemals zuvor<\/strong><\/h2>\n\n\n\n<p>Die umfangreiche digitale Transformation, die in der Wirtschaft Einzug h\u00e4lt, f\u00fchrt bei einer Vielzahl von Unternehmen zu einer notwendigen \u00c4nderung in der Organisation. In einer VUCA-Welt, die von Volatilit\u00e4t, Unsicherheit, Komplexit\u00e4t und Ambiguit\u00e4t gepr\u00e4gt ist, bedarf es einer immer schnelleren Einstellung auf Ver\u00e4nderungen. <\/p>\n\n\n\n<p>Um in diesem dynamischen Wandel zu bestehen, m\u00fcssen die Unternehmen laufend Anpassungsprozesse durchlaufen. Aber auch Krisenzeiten, wie die Corona-Pandemie, Unternehmensk\u00e4ufe oder Generationswechsel machen es notwendig, die eigene Betriebsorganisation entsprechend zu aktivieren und innerbetriebliche Abl\u00e4ufe zu restrukturieren. <\/p>\n\n\n\n<p>Hierzu bedarf es einer Unterst\u00fctzung bei den Change Management Prozessen, welches Ihnen durch unsere Kooperationspartner geboten wird. <\/p>\n\n\n\n<p>Die Leistungen im Bereich der Organisationsberatung im \u00dcberblick<\/p>\n\n\n\n<ul class=\"wp-block-list\"><li>Workshops<\/li><li>kulturelle Transformation<\/li><li>Teamentwicklungsma\u00dfnahmen<\/li><li>Strategieentwicklung <\/li><\/ul>\n\n\n\n<p>Sie m\u00f6chten mehr zu den Ans\u00e4tzen und M\u00f6glichkeiten erfahren?<\/p>\n\n\n\n<h3 class=\"wp-block-heading\">Ihr Ansprechpartner<\/h3>\n\n\n\n<div class=\"inhalt\"><img loading=\"lazy\" decoding=\"async\"  src=\"https:\/\/www.gamapa.de\/wp-content\/uploads\/2020\/07\/Schaar.jpg\" alt=\"\" class=\"wp-image-1211\" width=\"350\" height=\"227\" srcset=\"https:\/\/www.gamapa.de\/wp-content\/uploads\/2020\/07\/Schaar.jpg 700w, https:\/\/www.gamapa.de\/wp-content\/uploads\/2020\/07\/Schaar-600x389.jpg 600w\" sizes=\"auto, (max-width: 350px) 100vw, 350px\" \/><\/div>\n\n\n\n<p><strong><a href=\"https:\/\/www.gamapa.de\/ruediger-schaar-steuerberater\/\">R\u00fcdiger Schaar<\/a><\/strong><\/p>\n\n\n\n<p>Nach seinem Studium in den Bereichen Steuern, Personal und Organisation, hat Herr Schaar \u00c4nderungsprozesse in Kanzleien und bei Mandanten begleitet. Neben seiner Spezialisierung im Bereich der betriebswirtschaftlichen Beratung besch\u00e4ftigt er sich als Head of Change Management mit der Organisationsentwicklung und Prozessoptimierung. Weiterhin ist er als zertifizierter agiler Coach t\u00e4tig. <\/p>\n\n\n\n<p><\/p>\n","protected":false},"excerpt":{"rendered":"<p>Organisationsentwicklung ist heute wichtiger denn jemals zuvor Die umfangreiche digitale Transformation, die in der Wirtschaft Einzug h\u00e4lt, f\u00fchrt bei einer Vielzahl von Unternehmen zu einer notwendigen \u00c4nderung in der Organisation. In einer VUCA-Welt, die von Volatilit\u00e4t, Unsicherheit, Komplexit\u00e4t und Ambiguit\u00e4t gepr\u00e4gt ist, bedarf es einer immer schnelleren Einstellung auf Ver\u00e4nderungen. Um in diesem dynamischen Wandel <a href=\"https:\/\/www.gamapa.de\/pl\/dziedziny-swiadczonych-uslug-doradczych\/doradztwo-w-zakresie-zarzadzania-przedsiebiorstwem\/doradztwo-w-zakresie-organizacji-przedsiebiorstwa\/\">[\u2026]<\/a><\/p>\n","protected":false},"author":2,"featured_media":19748,"parent":5663,"menu_order":4,"comment_status":"closed","ping_status":"closed","template":"templates\/template-simple-site.php","meta":{"_acf_changed":false,"_uag_custom_page_level_css":"","footnotes":""},"class_list":["post-5682","page","type-page","status-publish","has-post-thumbnail","hentry"],"acf":[],"yoast_head":"<!-- This site is optimized with the Yoast SEO plugin v27.3 - https:\/\/yoast.com\/product\/yoast-seo-wordpress\/ -->\n<title>Organisationsberatung | Dr. Gantef\u00fchrer, Marquardt und Partner mbB<\/title>\n<meta name=\"description\" content=\"Organisationsentwicklung und Organisationsberatung ist heute wichtiger denn jemals zuvor. Die umfangreiche digitale Transformation ...\" \/>\n<meta name=\"robots\" content=\"index, follow, max-snippet:-1, max-image-preview:large, max-video-preview:-1\" \/>\n<link rel=\"canonical\" href=\"https:\/\/www.gamapa.de\/pl\/dziedziny-swiadczonych-uslug-doradczych\/doradztwo-w-zakresie-zarzadzania-przedsiebiorstwem\/doradztwo-w-zakresie-organizacji-przedsiebiorstwa\/\" \/>\n<meta property=\"og:locale\" content=\"pl_PL\" \/>\n<meta property=\"og:type\" content=\"article\" \/>\n<meta property=\"og:title\" content=\"Organisationsberatung | Dr. Gantef\u00fchrer, Marquardt und Partner mbB\" \/>\n<meta property=\"og:description\" content=\"Organisationsentwicklung und Organisationsberatung ist heute wichtiger denn jemals zuvor. Die umfangreiche digitale Transformation ...\" \/>\n<meta property=\"og:url\" content=\"https:\/\/www.gamapa.de\/pl\/dziedziny-swiadczonych-uslug-doradczych\/doradztwo-w-zakresie-zarzadzania-przedsiebiorstwem\/doradztwo-w-zakresie-organizacji-przedsiebiorstwa\/\" \/>\n<meta property=\"og:site_name\" content=\"GANTEF\u00dcHRER\" \/>\n<meta property=\"article:modified_time\" content=\"2026-01-16T22:51:52+00:00\" \/>\n<meta property=\"og:image\" content=\"https:\/\/www.gamapa.de\/wp-content\/uploads\/2025\/06\/alter-konferenzraum-seitlich-schmal-scaled.jpg\" \/>\n\t<meta property=\"og:image:width\" content=\"2560\" \/>\n\t<meta property=\"og:image:height\" content=\"764\" \/>\n\t<meta property=\"og:image:type\" content=\"image\/jpeg\" \/>\n<meta name=\"twitter:card\" content=\"summary_large_image\" \/>\n<meta name=\"twitter:label1\" content=\"Szacowany czas czytania\" \/>\n\t<meta name=\"twitter:data1\" content=\"2 minuty\" \/>\n<script type=\"application\/ld+json\" class=\"yoast-schema-graph\">{\"@context\":\"https:\\\/\\\/schema.org\",\"@graph\":[{\"@type\":\"WebPage\",\"@id\":\"https:\\\/\\\/www.gamapa.de\\\/pl\\\/dziedziny-swiadczonych-uslug-doradczych\\\/doradztwo-w-zakresie-zarzadzania-przedsiebiorstwem\\\/doradztwo-w-zakresie-organizacji-przedsiebiorstwa\\\/\",\"url\":\"https:\\\/\\\/www.gamapa.de\\\/pl\\\/dziedziny-swiadczonych-uslug-doradczych\\\/doradztwo-w-zakresie-zarzadzania-przedsiebiorstwem\\\/doradztwo-w-zakresie-organizacji-przedsiebiorstwa\\\/\",\"name\":\"Organisationsberatung | Dr. Gantef\u00fchrer, Marquardt und Partner mbB\",\"isPartOf\":{\"@id\":\"https:\\\/\\\/www.gamapa.de\\\/pl\\\/#website\"},\"primaryImageOfPage\":{\"@id\":\"https:\\\/\\\/www.gamapa.de\\\/pl\\\/dziedziny-swiadczonych-uslug-doradczych\\\/doradztwo-w-zakresie-zarzadzania-przedsiebiorstwem\\\/doradztwo-w-zakresie-organizacji-przedsiebiorstwa\\\/#primaryimage\"},\"image\":{\"@id\":\"https:\\\/\\\/www.gamapa.de\\\/pl\\\/dziedziny-swiadczonych-uslug-doradczych\\\/doradztwo-w-zakresie-zarzadzania-przedsiebiorstwem\\\/doradztwo-w-zakresie-organizacji-przedsiebiorstwa\\\/#primaryimage\"},\"thumbnailUrl\":\"https:\\\/\\\/www.gamapa.de\\\/wp-content\\\/uploads\\\/2025\\\/06\\\/alter-konferenzraum-seitlich-schmal-scaled.jpg\",\"datePublished\":\"2021-01-06T08:33:39+00:00\",\"dateModified\":\"2026-01-16T22:51:52+00:00\",\"description\":\"Organisationsentwicklung und Organisationsberatung ist heute wichtiger denn jemals zuvor. Die umfangreiche digitale Transformation ...\",\"breadcrumb\":{\"@id\":\"https:\\\/\\\/www.gamapa.de\\\/pl\\\/dziedziny-swiadczonych-uslug-doradczych\\\/doradztwo-w-zakresie-zarzadzania-przedsiebiorstwem\\\/doradztwo-w-zakresie-organizacji-przedsiebiorstwa\\\/#breadcrumb\"},\"inLanguage\":\"pl-PL\",\"potentialAction\":[{\"@type\":\"ReadAction\",\"target\":[\"https:\\\/\\\/www.gamapa.de\\\/pl\\\/dziedziny-swiadczonych-uslug-doradczych\\\/doradztwo-w-zakresie-zarzadzania-przedsiebiorstwem\\\/doradztwo-w-zakresie-organizacji-przedsiebiorstwa\\\/\"]}]},{\"@type\":\"ImageObject\",\"inLanguage\":\"pl-PL\",\"@id\":\"https:\\\/\\\/www.gamapa.de\\\/pl\\\/dziedziny-swiadczonych-uslug-doradczych\\\/doradztwo-w-zakresie-zarzadzania-przedsiebiorstwem\\\/doradztwo-w-zakresie-organizacji-przedsiebiorstwa\\\/#primaryimage\",\"url\":\"https:\\\/\\\/www.gamapa.de\\\/wp-content\\\/uploads\\\/2025\\\/06\\\/alter-konferenzraum-seitlich-schmal-scaled.jpg\",\"contentUrl\":\"https:\\\/\\\/www.gamapa.de\\\/wp-content\\\/uploads\\\/2025\\\/06\\\/alter-konferenzraum-seitlich-schmal-scaled.jpg\",\"width\":2560,\"height\":764,\"caption\":\"Alter Konferenzraum in der K\u00e4mmerei D\u00fcsseldorf mit breitem Holztisch, Holzw\u00e4nden und St\u00fchlen\"},{\"@type\":\"BreadcrumbList\",\"@id\":\"https:\\\/\\\/www.gamapa.de\\\/pl\\\/dziedziny-swiadczonych-uslug-doradczych\\\/doradztwo-w-zakresie-zarzadzania-przedsiebiorstwem\\\/doradztwo-w-zakresie-organizacji-przedsiebiorstwa\\\/#breadcrumb\",\"itemListElement\":[{\"@type\":\"ListItem\",\"position\":1,\"name\":\"Startseite\",\"item\":\"https:\\\/\\\/www.gamapa.de\\\/pl\\\/\"},{\"@type\":\"ListItem\",\"position\":2,\"name\":\"Obszar konsultacji\",\"item\":\"https:\\\/\\\/www.gamapa.de\\\/pl\\\/dziedziny-swiadczonych-uslug-doradczych\\\/\"},{\"@type\":\"ListItem\",\"position\":3,\"name\":\"Doradztwo w zakresie zarz\u0105dzania przedsi\u0119biorstwem\",\"item\":\"https:\\\/\\\/www.gamapa.de\\\/pl\\\/dziedziny-swiadczonych-uslug-doradczych\\\/doradztwo-w-zakresie-zarzadzania-przedsiebiorstwem\\\/\"},{\"@type\":\"ListItem\",\"position\":4,\"name\":\"Doradztwo w zakresie organizacji przedsi\u0119biorstwa\"}]},{\"@type\":\"WebSite\",\"@id\":\"https:\\\/\\\/www.gamapa.de\\\/pl\\\/#website\",\"url\":\"https:\\\/\\\/www.gamapa.de\\\/pl\\\/\",\"name\":\"GANTEF\u00dcHRER\",\"description\":\"Wirtschaftspr\u00fcfer, Steuerberater, Rechtsanw\u00e4lte\",\"publisher\":{\"@id\":\"https:\\\/\\\/www.gamapa.de\\\/pl\\\/#organization\"},\"potentialAction\":[{\"@type\":\"SearchAction\",\"target\":{\"@type\":\"EntryPoint\",\"urlTemplate\":\"https:\\\/\\\/www.gamapa.de\\\/pl\\\/?s={search_term_string}\"},\"query-input\":{\"@type\":\"PropertyValueSpecification\",\"valueRequired\":true,\"valueName\":\"search_term_string\"}}],\"inLanguage\":\"pl-PL\"},{\"@type\":\"Organization\",\"@id\":\"https:\\\/\\\/www.gamapa.de\\\/pl\\\/#organization\",\"name\":\"Gantef\u00fchrer Wirtschaftspr\u00fcfer, Steuerberater, Rechtsanw\u00e4lte\",\"url\":\"https:\\\/\\\/www.gamapa.de\\\/pl\\\/\",\"logo\":{\"@type\":\"ImageObject\",\"inLanguage\":\"pl-PL\",\"@id\":\"https:\\\/\\\/www.gamapa.de\\\/pl\\\/#\\\/schema\\\/logo\\\/image\\\/\",\"url\":\"https:\\\/\\\/www.gamapa.de\\\/wp-content\\\/uploads\\\/2026\\\/01\\\/Logo-Gantefuehrer.png\",\"contentUrl\":\"https:\\\/\\\/www.gamapa.de\\\/wp-content\\\/uploads\\\/2026\\\/01\\\/Logo-Gantefuehrer.png\",\"width\":767,\"height\":156,\"caption\":\"Gantef\u00fchrer Wirtschaftspr\u00fcfer, Steuerberater, Rechtsanw\u00e4lte\"},\"image\":{\"@id\":\"https:\\\/\\\/www.gamapa.de\\\/pl\\\/#\\\/schema\\\/logo\\\/image\\\/\"}}]}<\/script>\n<!-- \/ Yoast SEO plugin. -->","yoast_head_json":{"title":"Organisationsberatung | Dr. Gantef\u00fchrer, Marquardt und Partner mbB","description":"Organisationsentwicklung und Organisationsberatung ist heute wichtiger denn jemals zuvor. Die umfangreiche digitale Transformation ...","robots":{"index":"index","follow":"follow","max-snippet":"max-snippet:-1","max-image-preview":"max-image-preview:large","max-video-preview":"max-video-preview:-1"},"canonical":"https:\/\/www.gamapa.de\/pl\/dziedziny-swiadczonych-uslug-doradczych\/doradztwo-w-zakresie-zarzadzania-przedsiebiorstwem\/doradztwo-w-zakresie-organizacji-przedsiebiorstwa\/","og_locale":"pl_PL","og_type":"article","og_title":"Organisationsberatung | Dr. Gantef\u00fchrer, Marquardt und Partner mbB","og_description":"Organisationsentwicklung und Organisationsberatung ist heute wichtiger denn jemals zuvor. Die umfangreiche digitale Transformation ...","og_url":"https:\/\/www.gamapa.de\/pl\/dziedziny-swiadczonych-uslug-doradczych\/doradztwo-w-zakresie-zarzadzania-przedsiebiorstwem\/doradztwo-w-zakresie-organizacji-przedsiebiorstwa\/","og_site_name":"GANTEF\u00dcHRER","article_modified_time":"2026-01-16T22:51:52+00:00","og_image":[{"width":2560,"height":764,"url":"https:\/\/www.gamapa.de\/wp-content\/uploads\/2025\/06\/alter-konferenzraum-seitlich-schmal-scaled.jpg","type":"image\/jpeg"}],"twitter_card":"summary_large_image","twitter_misc":{"Szacowany czas czytania":"2 minuty"},"schema":{"@context":"https:\/\/schema.org","@graph":[{"@type":"WebPage","@id":"https:\/\/www.gamapa.de\/pl\/dziedziny-swiadczonych-uslug-doradczych\/doradztwo-w-zakresie-zarzadzania-przedsiebiorstwem\/doradztwo-w-zakresie-organizacji-przedsiebiorstwa\/","url":"https:\/\/www.gamapa.de\/pl\/dziedziny-swiadczonych-uslug-doradczych\/doradztwo-w-zakresie-zarzadzania-przedsiebiorstwem\/doradztwo-w-zakresie-organizacji-przedsiebiorstwa\/","name":"Organisationsberatung | Dr. Gantef\u00fchrer, Marquardt und Partner mbB","isPartOf":{"@id":"https:\/\/www.gamapa.de\/pl\/#website"},"primaryImageOfPage":{"@id":"https:\/\/www.gamapa.de\/pl\/dziedziny-swiadczonych-uslug-doradczych\/doradztwo-w-zakresie-zarzadzania-przedsiebiorstwem\/doradztwo-w-zakresie-organizacji-przedsiebiorstwa\/#primaryimage"},"image":{"@id":"https:\/\/www.gamapa.de\/pl\/dziedziny-swiadczonych-uslug-doradczych\/doradztwo-w-zakresie-zarzadzania-przedsiebiorstwem\/doradztwo-w-zakresie-organizacji-przedsiebiorstwa\/#primaryimage"},"thumbnailUrl":"https:\/\/www.gamapa.de\/wp-content\/uploads\/2025\/06\/alter-konferenzraum-seitlich-schmal-scaled.jpg","datePublished":"2021-01-06T08:33:39+00:00","dateModified":"2026-01-16T22:51:52+00:00","description":"Organisationsentwicklung und Organisationsberatung ist heute wichtiger denn jemals zuvor. Die umfangreiche digitale Transformation ...","breadcrumb":{"@id":"https:\/\/www.gamapa.de\/pl\/dziedziny-swiadczonych-uslug-doradczych\/doradztwo-w-zakresie-zarzadzania-przedsiebiorstwem\/doradztwo-w-zakresie-organizacji-przedsiebiorstwa\/#breadcrumb"},"inLanguage":"pl-PL","potentialAction":[{"@type":"ReadAction","target":["https:\/\/www.gamapa.de\/pl\/dziedziny-swiadczonych-uslug-doradczych\/doradztwo-w-zakresie-zarzadzania-przedsiebiorstwem\/doradztwo-w-zakresie-organizacji-przedsiebiorstwa\/"]}]},{"@type":"ImageObject","inLanguage":"pl-PL","@id":"https:\/\/www.gamapa.de\/pl\/dziedziny-swiadczonych-uslug-doradczych\/doradztwo-w-zakresie-zarzadzania-przedsiebiorstwem\/doradztwo-w-zakresie-organizacji-przedsiebiorstwa\/#primaryimage","url":"https:\/\/www.gamapa.de\/wp-content\/uploads\/2025\/06\/alter-konferenzraum-seitlich-schmal-scaled.jpg","contentUrl":"https:\/\/www.gamapa.de\/wp-content\/uploads\/2025\/06\/alter-konferenzraum-seitlich-schmal-scaled.jpg","width":2560,"height":764,"caption":"Alter Konferenzraum in der K\u00e4mmerei D\u00fcsseldorf mit breitem Holztisch, Holzw\u00e4nden und St\u00fchlen"},{"@type":"BreadcrumbList","@id":"https:\/\/www.gamapa.de\/pl\/dziedziny-swiadczonych-uslug-doradczych\/doradztwo-w-zakresie-zarzadzania-przedsiebiorstwem\/doradztwo-w-zakresie-organizacji-przedsiebiorstwa\/#breadcrumb","itemListElement":[{"@type":"ListItem","position":1,"name":"Startseite","item":"https:\/\/www.gamapa.de\/pl\/"},{"@type":"ListItem","position":2,"name":"Obszar konsultacji","item":"https:\/\/www.gamapa.de\/pl\/dziedziny-swiadczonych-uslug-doradczych\/"},{"@type":"ListItem","position":3,"name":"Doradztwo w zakresie zarz\u0105dzania przedsi\u0119biorstwem","item":"https:\/\/www.gamapa.de\/pl\/dziedziny-swiadczonych-uslug-doradczych\/doradztwo-w-zakresie-zarzadzania-przedsiebiorstwem\/"},{"@type":"ListItem","position":4,"name":"Doradztwo w zakresie organizacji przedsi\u0119biorstwa"}]},{"@type":"WebSite","@id":"https:\/\/www.gamapa.de\/pl\/#website","url":"https:\/\/www.gamapa.de\/pl\/","name":"GANTEF\u00dcHRER","description":"Wirtschaftspr\u00fcfer, Steuerberater, Rechtsanw\u00e4lte","publisher":{"@id":"https:\/\/www.gamapa.de\/pl\/#organization"},"potentialAction":[{"@type":"SearchAction","target":{"@type":"EntryPoint","urlTemplate":"https:\/\/www.gamapa.de\/pl\/?s={search_term_string}"},"query-input":{"@type":"PropertyValueSpecification","valueRequired":true,"valueName":"search_term_string"}}],"inLanguage":"pl-PL"},{"@type":"Organization","@id":"https:\/\/www.gamapa.de\/pl\/#organization","name":"Gantef\u00fchrer Wirtschaftspr\u00fcfer, Steuerberater, Rechtsanw\u00e4lte","url":"https:\/\/www.gamapa.de\/pl\/","logo":{"@type":"ImageObject","inLanguage":"pl-PL","@id":"https:\/\/www.gamapa.de\/pl\/#\/schema\/logo\/image\/","url":"https:\/\/www.gamapa.de\/wp-content\/uploads\/2026\/01\/Logo-Gantefuehrer.png","contentUrl":"https:\/\/www.gamapa.de\/wp-content\/uploads\/2026\/01\/Logo-Gantefuehrer.png","width":767,"height":156,"caption":"Gantef\u00fchrer Wirtschaftspr\u00fcfer, Steuerberater, Rechtsanw\u00e4lte"},"image":{"@id":"https:\/\/www.gamapa.de\/pl\/#\/schema\/logo\/image\/"}}]}},"uagb_featured_image_src":{"full":["https:\/\/www.gamapa.de\/wp-content\/uploads\/2025\/06\/alter-konferenzraum-seitlich-schmal-scaled.jpg",2560,764,false],"thumbnail":["https:\/\/www.gamapa.de\/wp-content\/uploads\/2025\/06\/alter-konferenzraum-seitlich-schmal-150x150.jpg",150,150,true],"medium":["https:\/\/www.gamapa.de\/wp-content\/uploads\/2025\/06\/alter-konferenzraum-seitlich-schmal-600x179.jpg",600,179,true],"medium_large":["https:\/\/www.gamapa.de\/wp-content\/uploads\/2025\/06\/alter-konferenzraum-seitlich-schmal-768x229.jpg",580,173,true],"large":["https:\/\/www.gamapa.de\/wp-content\/uploads\/2025\/06\/alter-konferenzraum-seitlich-schmal-scaled.jpg",580,173,false],"gs-tiny":["https:\/\/www.gamapa.de\/wp-content\/uploads\/2025\/06\/alter-konferenzraum-seitlich-schmal-50x15.jpg",50,15,true],"xl":["https:\/\/www.gamapa.de\/wp-content\/uploads\/2025\/06\/alter-konferenzraum-seitlich-schmal-1600x477.jpg",1600,477,true],"xxl":["https:\/\/www.gamapa.de\/wp-content\/uploads\/2025\/06\/alter-konferenzraum-seitlich-schmal-2200x656.jpg",2200,656,true],"xxxl":["https:\/\/www.gamapa.de\/wp-content\/uploads\/2025\/06\/alter-konferenzraum-seitlich-schmal-2800x835.jpg",2800,835,true],"xxxxl":["https:\/\/www.gamapa.de\/wp-content\/uploads\/2025\/06\/alter-konferenzraum-seitlich-schmal-scaled.jpg",2560,764,false],"xxxxxl":["https:\/\/www.gamapa.de\/wp-content\/uploads\/2025\/06\/alter-konferenzraum-seitlich-schmal-scaled.jpg",2560,764,false],"1536x1536":["https:\/\/www.gamapa.de\/wp-content\/uploads\/2025\/06\/alter-konferenzraum-seitlich-schmal-1536x458.jpg",1536,458,true],"2048x2048":["https:\/\/www.gamapa.de\/wp-content\/uploads\/2025\/06\/alter-konferenzraum-seitlich-schmal-2048x611.jpg",2048,611,true],"post-thumbnail":["https:\/\/www.gamapa.de\/wp-content\/uploads\/2025\/06\/alter-konferenzraum-seitlich-schmal-scaled.jpg",2560,764,false],"twentytwenty-fullscreen":["https:\/\/www.gamapa.de\/wp-content\/uploads\/2025\/06\/alter-konferenzraum-seitlich-schmal-scaled.jpg",2560,764,false],"theme-slug-single-post":["https:\/\/www.gamapa.de\/wp-content\/uploads\/2025\/06\/alter-konferenzraum-seitlich-schmal-1600x400.jpg",1600,400,true]},"uagb_author_info":{"display_name":"schaar","author_link":"https:\/\/www.gamapa.de\/pl\/author\/schaar\/"},"uagb_comment_info":0,"uagb_excerpt":"Organisationsentwicklung ist heute wichtiger denn jemals zuvor Die umfangreiche digitale Transformation, die in der Wirtschaft Einzug h\u00e4lt, f\u00fchrt bei einer Vielzahl von Unternehmen zu einer notwendigen \u00c4nderung in der Organisation. In einer VUCA-Welt, die von Volatilit\u00e4t, Unsicherheit, Komplexit\u00e4t und Ambiguit\u00e4t gepr\u00e4gt ist, bedarf es einer immer schnelleren Einstellung auf Ver\u00e4nderungen. Um in diesem dynamischen Wandel&hellip;","_links":{"self":[{"href":"https:\/\/www.gamapa.de\/pl\/wp-json\/wp\/v2\/pages\/5682","targetHints":{"allow":["GET"]}}],"collection":[{"href":"https:\/\/www.gamapa.de\/pl\/wp-json\/wp\/v2\/pages"}],"about":[{"href":"https:\/\/www.gamapa.de\/pl\/wp-json\/wp\/v2\/types\/page"}],"author":[{"embeddable":true,"href":"https:\/\/www.gamapa.de\/pl\/wp-json\/wp\/v2\/users\/2"}],"replies":[{"embeddable":true,"href":"https:\/\/www.gamapa.de\/pl\/wp-json\/wp\/v2\/comments?post=5682"}],"version-history":[{"count":5,"href":"https:\/\/www.gamapa.de\/pl\/wp-json\/wp\/v2\/pages\/5682\/revisions"}],"predecessor-version":[{"id":23592,"href":"https:\/\/www.gamapa.de\/pl\/wp-json\/wp\/v2\/pages\/5682\/revisions\/23592"}],"up":[{"embeddable":true,"href":"https:\/\/www.gamapa.de\/pl\/wp-json\/wp\/v2\/pages\/5663"}],"wp:featuredmedia":[{"embeddable":true,"href":"https:\/\/www.gamapa.de\/pl\/wp-json\/wp\/v2\/media\/19748"}],"wp:attachment":[{"href":"https:\/\/www.gamapa.de\/pl\/wp-json\/wp\/v2\/media?parent=5682"}],"curies":[{"name":"wp","href":"https:\/\/api.w.org\/{rel}","templated":true}]}}