

{"id":5689,"date":"2020-03-11T10:14:28","date_gmt":"2020-03-11T09:14:28","guid":{"rendered":"https:\/\/www.gamapa.de\/steuerberatung\/gemeinnuetzigkeit\/"},"modified":"2021-03-07T13:03:02","modified_gmt":"2021-03-07T12:03:02","slug":"organizacje-pozytku-publicznego","status":"publish","type":"page","link":"https:\/\/www.gamapa.de\/pl\/dziedziny-swiadczonych-uslug-doradczych\/doradztwo-podatkowe\/organizacje-pozytku-publicznego\/","title":{"rendered":"Organizacje po\u017cytku publicznego"},"content":{"rendered":"\n<h2 class=\"wp-block-heading\">W\u0105skie dziedziny prawa wymagaj\u0105 specjalistycznej wiedzy<\/h2>\n\n\n\n<p><\/p>\n\n\n\n<p>Od zagadnie\u0144 prawa reguluj\u0105cego dzia\u0142alno\u015b\u0107 po\u017cytku publicznego do optymalizacji strategii i rozwi\u0105za\u0144 podatkowych: od wielu dziesi\u0119cioleci obs\u0142ugujemy organizacje po\u017cytku publicznego. Dzi\u015b jeste\u015bmy jedn\u0105 z wiod\u0105cych w kraju firm doradczych w tej dziedzinie i oferujemy:<\/p>\n\n\n\n<ul class=\"wp-block-list\"><li>doradztwo w zakresie zak\u0142adania tego rodzaju organizacji (stowarzyszenia, fundacje prywatne i publiczne, sp\u00f3\u0142ki z ograniczon\u0105 odpowiedzialno\u015bci\u0105) oraz wsparcie ich bie\u017c\u0105cej dzia\u0142alno\u015bci<\/li><li>sporz\u0105dzanie ekspertyz w kwestiach dotycz\u0105cych przepis\u00f3w reguluj\u0105cych dzia\u0142alno\u015b\u0107 po\u017cytku publicznego<\/li><li>doradztwo podatkowe w zakresie sporz\u0105dzania statut\u00f3w i um\u00f3w sp\u00f3\u0142ki w celu uzyskania lub utrzymania statusu organizacji po\u017cytku publicznego<\/li><li>doradztwo organizacyjne w celu rozr\u00f3\u017cnienia organizacji po\u017cytku publicznego (uprzywilejowanych pod wzgl\u0119dem podatkowym \u2013 niem. <em>Zweckbetriebe<\/em>) oraz przedsi\u0119biorstw prowadz\u0105cych dzia\u0142alno\u015b\u0107 gospodarcz\u0105 (podlegaj\u0105cych opodatkowaniu \u2013 niem. <em>wirtschaftliche Gesch\u00e4ftsbetriebe<\/em>) w\u0142\u0105cznie z wyodr\u0119bnieniem tych ostatnich w ramach kategorii sp\u00f3\u0142ek kapita\u0142owych<\/li><li>doradztwo w przypadku w\u0105tpliwo\u015bci dotycz\u0105cych terminowego wykorzystania \u015brodk\u00f3w i dopuszczalnych rezerw<\/li><li>doradztwo prawne i podatkowe w zakresie darowizn i sponsoringu<\/li><\/ul>\n\n\n\n<h2 class=\"wp-block-heading\">Fundacje i organizacje po\u017cytku publicznego<\/h2>\n\n\n\n<p>Jako do\u015bwiadczeni doradcy posiadaj\u0105cy niezb\u0119dn\u0105 wiedz\u0119 z zakresu prawa fundacyjnego pomagamy naszym klientom w formalno\u015bciach dotycz\u0105cych za\u0142o\u017cenia fundacji, a tak\u017ce w kwestiach prawnych i podatkowych, jak np. utrzymanie statusu organizacji po\u017cytku publicznego, zarz\u0105dzanie funduszem powierniczym, prowadzenie fundacji publicznej czy te\u017c dobrowolne wsparcie finansowe fundacji.<\/p>\n\n\n\n<p>Dzia\u0142alno\u015b\u0107 fundacji skupia si\u0119 wok\u00f3\u0142 najr\u00f3\u017cniejszych obszar\u00f3w; cz\u0119sto dotyczy sztuk wizualnych. Fundacje rodzinne mog\u0105 te\u017c stanowi\u0107 dla przedsi\u0119biorstw szans\u0119 na optymalne uregulowanie kwestii dziedziczenia pod wzgl\u0119dem podatkowym (s\u0142owo kluczowe: fundacja podw\u00f3jna \u2013 niem. <em>Doppelstiftung<\/em>).<\/p>\n\n\n\n<p>W niekt\u00f3rych przypadkach \u2013 z uwagi na znaczenie danej fundacji (np. \u201eSchloss und Park Benrath\u201d w D\u00fcsseldorfie) \u2013 co roku przeprowadzamy audyt jej sprawozdania finansowego.<\/p>\n\n\n\n<p>Wiele fundacji stale korzysta z us\u0142ug naszej kancelarii, dotyczy to r\u00f3wnie\u017c us\u0142ug w zakresie zarz\u0105dzania.<\/p>\n\n\n\n<p><\/p>\n","protected":false},"excerpt":{"rendered":"<p>W\u0105skie dziedziny prawa wymagaj\u0105 specjalistycznej wiedzy Od zagadnie\u0144 prawa reguluj\u0105cego dzia\u0142alno\u015b\u0107 po\u017cytku publicznego do optymalizacji strategii i rozwi\u0105za\u0144 podatkowych: od wielu dziesi\u0119cioleci obs\u0142ugujemy organizacje po\u017cytku publicznego. Dzi\u015b jeste\u015bmy jedn\u0105 z wiod\u0105cych w kraju firm doradczych w tej dziedzinie i oferujemy: doradztwo w zakresie zak\u0142adania tego rodzaju organizacji (stowarzyszenia, fundacje prywatne i publiczne, sp\u00f3\u0142ki z ograniczon\u0105 <a href=\"https:\/\/www.gamapa.de\/pl\/dziedziny-swiadczonych-uslug-doradczych\/doradztwo-podatkowe\/organizacje-pozytku-publicznego\/\">[\u2026]<\/a><\/p>\n","protected":false},"author":1,"featured_media":3362,"parent":5655,"menu_order":4,"comment_status":"closed","ping_status":"closed","template":"templates\/template-simple-site.php","meta":{"_acf_changed":false,"_uag_custom_page_level_css":"","footnotes":""},"class_list":["post-5689","page","type-page","status-publish","has-post-thumbnail","hentry"],"acf":[],"yoast_head":"<!-- This site is optimized with the Yoast SEO plugin v27.3 - https:\/\/yoast.com\/product\/yoast-seo-wordpress\/ -->\n<title>Organizacje po\u017cytku publicznego - GANTEF\u00dcHRER<\/title>\n<meta name=\"robots\" content=\"index, follow, max-snippet:-1, max-image-preview:large, max-video-preview:-1\" \/>\n<link rel=\"canonical\" href=\"https:\/\/www.gamapa.de\/pl\/dziedziny-swiadczonych-uslug-doradczych\/doradztwo-podatkowe\/organizacje-pozytku-publicznego\/\" \/>\n<meta property=\"og:locale\" content=\"pl_PL\" \/>\n<meta property=\"og:type\" content=\"article\" \/>\n<meta property=\"og:title\" content=\"Organizacje po\u017cytku publicznego - GANTEF\u00dcHRER\" \/>\n<meta property=\"og:description\" content=\"W\u0105skie dziedziny prawa wymagaj\u0105 specjalistycznej wiedzy Od zagadnie\u0144 prawa reguluj\u0105cego dzia\u0142alno\u015b\u0107 po\u017cytku publicznego do optymalizacji strategii i rozwi\u0105za\u0144 podatkowych: od wielu dziesi\u0119cioleci obs\u0142ugujemy organizacje po\u017cytku publicznego. Dzi\u015b jeste\u015bmy jedn\u0105 z wiod\u0105cych w kraju firm doradczych w tej dziedzinie i oferujemy: doradztwo w zakresie zak\u0142adania tego rodzaju organizacji (stowarzyszenia, fundacje prywatne i publiczne, sp\u00f3\u0142ki z ograniczon\u0105 [\u2026]\" \/>\n<meta property=\"og:url\" content=\"https:\/\/www.gamapa.de\/pl\/dziedziny-swiadczonych-uslug-doradczych\/doradztwo-podatkowe\/organizacje-pozytku-publicznego\/\" \/>\n<meta property=\"og:site_name\" content=\"GANTEF\u00dcHRER\" \/>\n<meta property=\"article:modified_time\" content=\"2021-03-07T12:03:02+00:00\" \/>\n<meta property=\"og:image\" content=\"https:\/\/www.gamapa.de\/wp-content\/uploads\/2020\/03\/Header-Interdisziplinaere-Beratung-5-scaled.jpg\" \/>\n\t<meta property=\"og:image:width\" content=\"2560\" \/>\n\t<meta property=\"og:image:height\" content=\"764\" \/>\n\t<meta property=\"og:image:type\" content=\"image\/jpeg\" \/>\n<meta name=\"twitter:card\" content=\"summary_large_image\" \/>\n<meta name=\"twitter:label1\" content=\"Szacowany czas czytania\" \/>\n\t<meta name=\"twitter:data1\" content=\"2 minuty\" \/>\n<script type=\"application\/ld+json\" class=\"yoast-schema-graph\">{\"@context\":\"https:\\\/\\\/schema.org\",\"@graph\":[{\"@type\":\"WebPage\",\"@id\":\"https:\\\/\\\/www.gamapa.de\\\/pl\\\/dziedziny-swiadczonych-uslug-doradczych\\\/doradztwo-podatkowe\\\/organizacje-pozytku-publicznego\\\/\",\"url\":\"https:\\\/\\\/www.gamapa.de\\\/pl\\\/dziedziny-swiadczonych-uslug-doradczych\\\/doradztwo-podatkowe\\\/organizacje-pozytku-publicznego\\\/\",\"name\":\"Organizacje po\u017cytku publicznego - GANTEF\u00dcHRER\",\"isPartOf\":{\"@id\":\"https:\\\/\\\/www.gamapa.de\\\/pl\\\/#website\"},\"primaryImageOfPage\":{\"@id\":\"https:\\\/\\\/www.gamapa.de\\\/pl\\\/dziedziny-swiadczonych-uslug-doradczych\\\/doradztwo-podatkowe\\\/organizacje-pozytku-publicznego\\\/#primaryimage\"},\"image\":{\"@id\":\"https:\\\/\\\/www.gamapa.de\\\/pl\\\/dziedziny-swiadczonych-uslug-doradczych\\\/doradztwo-podatkowe\\\/organizacje-pozytku-publicznego\\\/#primaryimage\"},\"thumbnailUrl\":\"https:\\\/\\\/www.gamapa.de\\\/wp-content\\\/uploads\\\/2020\\\/03\\\/Header-Interdisziplinaere-Beratung-5-scaled.jpg\",\"datePublished\":\"2020-03-11T09:14:28+00:00\",\"dateModified\":\"2021-03-07T12:03:02+00:00\",\"breadcrumb\":{\"@id\":\"https:\\\/\\\/www.gamapa.de\\\/pl\\\/dziedziny-swiadczonych-uslug-doradczych\\\/doradztwo-podatkowe\\\/organizacje-pozytku-publicznego\\\/#breadcrumb\"},\"inLanguage\":\"pl-PL\",\"potentialAction\":[{\"@type\":\"ReadAction\",\"target\":[\"https:\\\/\\\/www.gamapa.de\\\/pl\\\/dziedziny-swiadczonych-uslug-doradczych\\\/doradztwo-podatkowe\\\/organizacje-pozytku-publicznego\\\/\"]}]},{\"@type\":\"ImageObject\",\"inLanguage\":\"pl-PL\",\"@id\":\"https:\\\/\\\/www.gamapa.de\\\/pl\\\/dziedziny-swiadczonych-uslug-doradczych\\\/doradztwo-podatkowe\\\/organizacje-pozytku-publicznego\\\/#primaryimage\",\"url\":\"https:\\\/\\\/www.gamapa.de\\\/wp-content\\\/uploads\\\/2020\\\/03\\\/Header-Interdisziplinaere-Beratung-5-scaled.jpg\",\"contentUrl\":\"https:\\\/\\\/www.gamapa.de\\\/wp-content\\\/uploads\\\/2020\\\/03\\\/Header-Interdisziplinaere-Beratung-5-scaled.jpg\",\"width\":2560,\"height\":764},{\"@type\":\"BreadcrumbList\",\"@id\":\"https:\\\/\\\/www.gamapa.de\\\/pl\\\/dziedziny-swiadczonych-uslug-doradczych\\\/doradztwo-podatkowe\\\/organizacje-pozytku-publicznego\\\/#breadcrumb\",\"itemListElement\":[{\"@type\":\"ListItem\",\"position\":1,\"name\":\"Startseite\",\"item\":\"https:\\\/\\\/www.gamapa.de\\\/pl\\\/\"},{\"@type\":\"ListItem\",\"position\":2,\"name\":\"Obszar konsultacji\",\"item\":\"https:\\\/\\\/www.gamapa.de\\\/pl\\\/dziedziny-swiadczonych-uslug-doradczych\\\/\"},{\"@type\":\"ListItem\",\"position\":3,\"name\":\"Doradztwo podatkowe\",\"item\":\"https:\\\/\\\/www.gamapa.de\\\/pl\\\/dziedziny-swiadczonych-uslug-doradczych\\\/doradztwo-podatkowe\\\/\"},{\"@type\":\"ListItem\",\"position\":4,\"name\":\"Organizacje po\u017cytku publicznego\"}]},{\"@type\":\"WebSite\",\"@id\":\"https:\\\/\\\/www.gamapa.de\\\/pl\\\/#website\",\"url\":\"https:\\\/\\\/www.gamapa.de\\\/pl\\\/\",\"name\":\"GANTEF\u00dcHRER\",\"description\":\"Wirtschaftspr\u00fcfer, Steuerberater, Rechtsanw\u00e4lte\",\"publisher\":{\"@id\":\"https:\\\/\\\/www.gamapa.de\\\/pl\\\/#organization\"},\"potentialAction\":[{\"@type\":\"SearchAction\",\"target\":{\"@type\":\"EntryPoint\",\"urlTemplate\":\"https:\\\/\\\/www.gamapa.de\\\/pl\\\/?s={search_term_string}\"},\"query-input\":{\"@type\":\"PropertyValueSpecification\",\"valueRequired\":true,\"valueName\":\"search_term_string\"}}],\"inLanguage\":\"pl-PL\"},{\"@type\":\"Organization\",\"@id\":\"https:\\\/\\\/www.gamapa.de\\\/pl\\\/#organization\",\"name\":\"Gantef\u00fchrer Wirtschaftspr\u00fcfer, Steuerberater, Rechtsanw\u00e4lte\",\"url\":\"https:\\\/\\\/www.gamapa.de\\\/pl\\\/\",\"logo\":{\"@type\":\"ImageObject\",\"inLanguage\":\"pl-PL\",\"@id\":\"https:\\\/\\\/www.gamapa.de\\\/pl\\\/#\\\/schema\\\/logo\\\/image\\\/\",\"url\":\"https:\\\/\\\/www.gamapa.de\\\/wp-content\\\/uploads\\\/2026\\\/01\\\/Logo-Gantefuehrer.png\",\"contentUrl\":\"https:\\\/\\\/www.gamapa.de\\\/wp-content\\\/uploads\\\/2026\\\/01\\\/Logo-Gantefuehrer.png\",\"width\":767,\"height\":156,\"caption\":\"Gantef\u00fchrer Wirtschaftspr\u00fcfer, Steuerberater, Rechtsanw\u00e4lte\"},\"image\":{\"@id\":\"https:\\\/\\\/www.gamapa.de\\\/pl\\\/#\\\/schema\\\/logo\\\/image\\\/\"}}]}<\/script>\n<!-- \/ Yoast SEO plugin. -->","yoast_head_json":{"title":"Organizacje po\u017cytku publicznego - GANTEF\u00dcHRER","robots":{"index":"index","follow":"follow","max-snippet":"max-snippet:-1","max-image-preview":"max-image-preview:large","max-video-preview":"max-video-preview:-1"},"canonical":"https:\/\/www.gamapa.de\/pl\/dziedziny-swiadczonych-uslug-doradczych\/doradztwo-podatkowe\/organizacje-pozytku-publicznego\/","og_locale":"pl_PL","og_type":"article","og_title":"Organizacje po\u017cytku publicznego - GANTEF\u00dcHRER","og_description":"W\u0105skie dziedziny prawa wymagaj\u0105 specjalistycznej wiedzy Od zagadnie\u0144 prawa reguluj\u0105cego dzia\u0142alno\u015b\u0107 po\u017cytku publicznego do optymalizacji strategii i rozwi\u0105za\u0144 podatkowych: od wielu dziesi\u0119cioleci obs\u0142ugujemy organizacje po\u017cytku publicznego. Dzi\u015b jeste\u015bmy jedn\u0105 z wiod\u0105cych w kraju firm doradczych w tej dziedzinie i oferujemy: doradztwo w zakresie zak\u0142adania tego rodzaju organizacji (stowarzyszenia, fundacje prywatne i publiczne, sp\u00f3\u0142ki z ograniczon\u0105 [\u2026]","og_url":"https:\/\/www.gamapa.de\/pl\/dziedziny-swiadczonych-uslug-doradczych\/doradztwo-podatkowe\/organizacje-pozytku-publicznego\/","og_site_name":"GANTEF\u00dcHRER","article_modified_time":"2021-03-07T12:03:02+00:00","og_image":[{"width":2560,"height":764,"url":"https:\/\/www.gamapa.de\/wp-content\/uploads\/2020\/03\/Header-Interdisziplinaere-Beratung-5-scaled.jpg","type":"image\/jpeg"}],"twitter_card":"summary_large_image","twitter_misc":{"Szacowany czas czytania":"2 minuty"},"schema":{"@context":"https:\/\/schema.org","@graph":[{"@type":"WebPage","@id":"https:\/\/www.gamapa.de\/pl\/dziedziny-swiadczonych-uslug-doradczych\/doradztwo-podatkowe\/organizacje-pozytku-publicznego\/","url":"https:\/\/www.gamapa.de\/pl\/dziedziny-swiadczonych-uslug-doradczych\/doradztwo-podatkowe\/organizacje-pozytku-publicznego\/","name":"Organizacje po\u017cytku publicznego - GANTEF\u00dcHRER","isPartOf":{"@id":"https:\/\/www.gamapa.de\/pl\/#website"},"primaryImageOfPage":{"@id":"https:\/\/www.gamapa.de\/pl\/dziedziny-swiadczonych-uslug-doradczych\/doradztwo-podatkowe\/organizacje-pozytku-publicznego\/#primaryimage"},"image":{"@id":"https:\/\/www.gamapa.de\/pl\/dziedziny-swiadczonych-uslug-doradczych\/doradztwo-podatkowe\/organizacje-pozytku-publicznego\/#primaryimage"},"thumbnailUrl":"https:\/\/www.gamapa.de\/wp-content\/uploads\/2020\/03\/Header-Interdisziplinaere-Beratung-5-scaled.jpg","datePublished":"2020-03-11T09:14:28+00:00","dateModified":"2021-03-07T12:03:02+00:00","breadcrumb":{"@id":"https:\/\/www.gamapa.de\/pl\/dziedziny-swiadczonych-uslug-doradczych\/doradztwo-podatkowe\/organizacje-pozytku-publicznego\/#breadcrumb"},"inLanguage":"pl-PL","potentialAction":[{"@type":"ReadAction","target":["https:\/\/www.gamapa.de\/pl\/dziedziny-swiadczonych-uslug-doradczych\/doradztwo-podatkowe\/organizacje-pozytku-publicznego\/"]}]},{"@type":"ImageObject","inLanguage":"pl-PL","@id":"https:\/\/www.gamapa.de\/pl\/dziedziny-swiadczonych-uslug-doradczych\/doradztwo-podatkowe\/organizacje-pozytku-publicznego\/#primaryimage","url":"https:\/\/www.gamapa.de\/wp-content\/uploads\/2020\/03\/Header-Interdisziplinaere-Beratung-5-scaled.jpg","contentUrl":"https:\/\/www.gamapa.de\/wp-content\/uploads\/2020\/03\/Header-Interdisziplinaere-Beratung-5-scaled.jpg","width":2560,"height":764},{"@type":"BreadcrumbList","@id":"https:\/\/www.gamapa.de\/pl\/dziedziny-swiadczonych-uslug-doradczych\/doradztwo-podatkowe\/organizacje-pozytku-publicznego\/#breadcrumb","itemListElement":[{"@type":"ListItem","position":1,"name":"Startseite","item":"https:\/\/www.gamapa.de\/pl\/"},{"@type":"ListItem","position":2,"name":"Obszar konsultacji","item":"https:\/\/www.gamapa.de\/pl\/dziedziny-swiadczonych-uslug-doradczych\/"},{"@type":"ListItem","position":3,"name":"Doradztwo podatkowe","item":"https:\/\/www.gamapa.de\/pl\/dziedziny-swiadczonych-uslug-doradczych\/doradztwo-podatkowe\/"},{"@type":"ListItem","position":4,"name":"Organizacje po\u017cytku publicznego"}]},{"@type":"WebSite","@id":"https:\/\/www.gamapa.de\/pl\/#website","url":"https:\/\/www.gamapa.de\/pl\/","name":"GANTEF\u00dcHRER","description":"Wirtschaftspr\u00fcfer, Steuerberater, Rechtsanw\u00e4lte","publisher":{"@id":"https:\/\/www.gamapa.de\/pl\/#organization"},"potentialAction":[{"@type":"SearchAction","target":{"@type":"EntryPoint","urlTemplate":"https:\/\/www.gamapa.de\/pl\/?s={search_term_string}"},"query-input":{"@type":"PropertyValueSpecification","valueRequired":true,"valueName":"search_term_string"}}],"inLanguage":"pl-PL"},{"@type":"Organization","@id":"https:\/\/www.gamapa.de\/pl\/#organization","name":"Gantef\u00fchrer Wirtschaftspr\u00fcfer, Steuerberater, Rechtsanw\u00e4lte","url":"https:\/\/www.gamapa.de\/pl\/","logo":{"@type":"ImageObject","inLanguage":"pl-PL","@id":"https:\/\/www.gamapa.de\/pl\/#\/schema\/logo\/image\/","url":"https:\/\/www.gamapa.de\/wp-content\/uploads\/2026\/01\/Logo-Gantefuehrer.png","contentUrl":"https:\/\/www.gamapa.de\/wp-content\/uploads\/2026\/01\/Logo-Gantefuehrer.png","width":767,"height":156,"caption":"Gantef\u00fchrer Wirtschaftspr\u00fcfer, Steuerberater, Rechtsanw\u00e4lte"},"image":{"@id":"https:\/\/www.gamapa.de\/pl\/#\/schema\/logo\/image\/"}}]}},"uagb_featured_image_src":{"full":["https:\/\/www.gamapa.de\/wp-content\/uploads\/2020\/03\/Header-Interdisziplinaere-Beratung-5-scaled.jpg",2560,764,false],"thumbnail":["https:\/\/www.gamapa.de\/wp-content\/uploads\/2020\/03\/Header-Interdisziplinaere-Beratung-5-150x150.jpg",150,150,true],"medium":["https:\/\/www.gamapa.de\/wp-content\/uploads\/2020\/03\/Header-Interdisziplinaere-Beratung-5-600x179.jpg",600,179,true],"medium_large":["https:\/\/www.gamapa.de\/wp-content\/uploads\/2020\/03\/Header-Interdisziplinaere-Beratung-5-768x229.jpg",580,173,true],"large":["https:\/\/www.gamapa.de\/wp-content\/uploads\/2020\/03\/Header-Interdisziplinaere-Beratung-5-scaled.jpg",580,173,false],"gs-tiny":["https:\/\/www.gamapa.de\/wp-content\/uploads\/2020\/03\/Header-Interdisziplinaere-Beratung-5-scaled.jpg",50,15,false],"xl":["https:\/\/www.gamapa.de\/wp-content\/uploads\/2020\/03\/Header-Interdisziplinaere-Beratung-5-scaled.jpg",1600,478,false],"xxl":["https:\/\/www.gamapa.de\/wp-content\/uploads\/2020\/03\/Header-Interdisziplinaere-Beratung-5-scaled.jpg",2200,657,false],"xxxl":["https:\/\/www.gamapa.de\/wp-content\/uploads\/2020\/03\/Header-Interdisziplinaere-Beratung-5-scaled.jpg",2560,764,false],"xxxxl":["https:\/\/www.gamapa.de\/wp-content\/uploads\/2020\/03\/Header-Interdisziplinaere-Beratung-5-scaled.jpg",2560,764,false],"xxxxxl":["https:\/\/www.gamapa.de\/wp-content\/uploads\/2020\/03\/Header-Interdisziplinaere-Beratung-5-scaled.jpg",2560,764,false],"1536x1536":["https:\/\/www.gamapa.de\/wp-content\/uploads\/2020\/03\/Header-Interdisziplinaere-Beratung-5-1536x458.jpg",1536,458,true],"2048x2048":["https:\/\/www.gamapa.de\/wp-content\/uploads\/2020\/03\/Header-Interdisziplinaere-Beratung-5-2048x611.jpg",2048,611,true],"post-thumbnail":["https:\/\/www.gamapa.de\/wp-content\/uploads\/2020\/03\/Header-Interdisziplinaere-Beratung-5-scaled.jpg",2560,764,false],"twentytwenty-fullscreen":["https:\/\/www.gamapa.de\/wp-content\/uploads\/2020\/03\/Header-Interdisziplinaere-Beratung-5-scaled.jpg",2560,764,false],"theme-slug-single-post":["https:\/\/www.gamapa.de\/wp-content\/uploads\/2020\/03\/Header-Interdisziplinaere-Beratung-5-1600x400.jpg",1600,400,true]},"uagb_author_info":{"display_name":"linda","author_link":"https:\/\/www.gamapa.de\/pl\/author\/linda\/"},"uagb_comment_info":0,"uagb_excerpt":"W\u0105skie dziedziny prawa wymagaj\u0105 specjalistycznej wiedzy Od zagadnie\u0144 prawa reguluj\u0105cego dzia\u0142alno\u015b\u0107 po\u017cytku publicznego do optymalizacji strategii i rozwi\u0105za\u0144 podatkowych: od wielu dziesi\u0119cioleci obs\u0142ugujemy organizacje po\u017cytku publicznego. Dzi\u015b jeste\u015bmy jedn\u0105 z wiod\u0105cych w kraju firm doradczych w tej dziedzinie i oferujemy: doradztwo w zakresie zak\u0142adania tego rodzaju organizacji (stowarzyszenia, fundacje prywatne i publiczne, sp\u00f3\u0142ki z ograniczon\u0105&hellip;","_links":{"self":[{"href":"https:\/\/www.gamapa.de\/pl\/wp-json\/wp\/v2\/pages\/5689","targetHints":{"allow":["GET"]}}],"collection":[{"href":"https:\/\/www.gamapa.de\/pl\/wp-json\/wp\/v2\/pages"}],"about":[{"href":"https:\/\/www.gamapa.de\/pl\/wp-json\/wp\/v2\/types\/page"}],"author":[{"embeddable":true,"href":"https:\/\/www.gamapa.de\/pl\/wp-json\/wp\/v2\/users\/1"}],"replies":[{"embeddable":true,"href":"https:\/\/www.gamapa.de\/pl\/wp-json\/wp\/v2\/comments?post=5689"}],"version-history":[{"count":4,"href":"https:\/\/www.gamapa.de\/pl\/wp-json\/wp\/v2\/pages\/5689\/revisions"}],"predecessor-version":[{"id":7173,"href":"https:\/\/www.gamapa.de\/pl\/wp-json\/wp\/v2\/pages\/5689\/revisions\/7173"}],"up":[{"embeddable":true,"href":"https:\/\/www.gamapa.de\/pl\/wp-json\/wp\/v2\/pages\/5655"}],"wp:featuredmedia":[{"embeddable":true,"href":"https:\/\/www.gamapa.de\/pl\/wp-json\/wp\/v2\/media\/3362"}],"wp:attachment":[{"href":"https:\/\/www.gamapa.de\/pl\/wp-json\/wp\/v2\/media?parent=5689"}],"curies":[{"name":"wp","href":"https:\/\/api.w.org\/{rel}","templated":true}]}}