

{"id":5706,"date":"2020-03-11T10:16:14","date_gmt":"2020-03-11T09:16:14","guid":{"rendered":"https:\/\/www.gamapa.de\/steuerberatung\/tax-compliance\/"},"modified":"2026-01-16T23:31:07","modified_gmt":"2026-01-16T22:31:07","slug":"zgodnosc-z-przepisami-podatkowymi","status":"publish","type":"page","link":"https:\/\/www.gamapa.de\/pl\/dziedziny-swiadczonych-uslug-doradczych\/doradztwo-podatkowe\/zgodnosc-z-przepisami-podatkowymi\/","title":{"rendered":"Zgodno\u015b\u0107 z przepisami podatkowymi"},"content":{"rendered":"\n<h2 class=\"wp-block-heading\">Wi\u0119ksza przejrzysto\u015b\u0107 i efektywno\u015b\u0107 \u2013 mniejsze ryzyko odpowiedzialno\u015bci osobistej<\/h2>\n\n\n\n<p>Zagadnienie <em>tax compliance<\/em> (czyli przestrzegania przepis\u00f3w podatkowych) dotyczy firm ka\u017cdej wielko\u015bci i ze wszystkich bran\u017c, a tak\u017ce fundacji i organizacji po\u017cytku publicznego. W ostatnich latach zyska\u0142 on r\u00f3wnie\u017c na znaczeniu w przypadku samorz\u0105d\u00f3w lokalnych i przedsi\u0119biorstw komunalnych.<\/p>\n\n\n\n<p>Ma to zwi\u0105zek z zarz\u0105dzeniem wydanym przez niemieckie w\u0142adze podatkowe. W rezultacie, system zgodno\u015bci z przepisami podatkowymi mo\u017ce zmniejszy\u0107 ryzyko poci\u0105gni\u0119cia winowajcy do odpowiedzialno\u015bci karnej i\/lub osobistej za nieumy\u015blne nieprawid\u0142owe odprowadzenie nale\u017cnego podatku. Wymaga to ustrukturyzowanego i przede wszystkim udokumentowanego procesu, kt\u00f3ry pozwoli w mo\u017cliwy do zweryfikowania spos\u00f3b zapewni\u0107 przestrzeganie zobowi\u0105za\u0144 podatkowych.<\/p>\n\n\n\n<p><strong>System \u201eszyty na miar\u0119\u201d<\/strong><\/p>\n\n\n\n<p>Skutecznie wspomagamy naszych klient\u00f3w, oferuj\u0105c im interdyscyplinarne doradztwo. Nasi specjali\u015bci z dziedziny prawa, doradztwa podatkowego i audytu \u015bci\u015ble wsp\u00f3\u0142pracuj\u0105 w celu przygotowania \u201eszytego na miar\u0119\u201d systemu zgodno\u015bci z przepisami podatkowymi. Zaleta: opracowane rozwi\u0105zanie b\u0119dzie spe\u0142nia\u0107 indywidualne potrzeby klienta i mie\u015bci\u0107 si\u0119 w racjonalnie zakre\u015blonych granicach pod wzgl\u0119dem organizacyjnym i kosztowym.<\/p>\n\n\n\n<p>Zaczynamy od inwentaryzacji stanu wyj\u015bciowego, w ramach kt\u00f3rej w pierwszej kolejno\u015bci identyfikujemy i dokumentujemy istniej\u0105ce procesy. W kolejnym kroku, w razie potrzeby, definiujemy nowe procesy wsp\u00f3lnie z klientem. Nie jest to wi\u0119c kwestia powo\u0142ania rozbudowanego tworu administracyjnego. Chodzi raczej o optymalne wykorzystanie istniej\u0105cych struktur i \u2013 w razie potrzeby \u2013 doskonalenie ich. Przede wszystkim dzi\u0119ki wieloletniej, sta\u0142ej bazie klient\u00f3w korzystaj\u0105cych z naszych us\u0142ug doradczych, posiadamy szczeg\u00f3\u0142ow\u0105 znajomo\u015b\u0107 proces\u00f3w wewn\u0119trznych w firmach.<\/p>\n\n\n\n<p>Jako radcy prawni i doradcy podatkowi posiadamy ponadto du\u017ce do\u015bwiadczenie we wszelkich kwestiach zwi\u0105zanych z post\u0119powaniem karnoskarbowym, kt\u00f3re stanowi\u0105 \u201ej\u0105dro\u201d ka\u017cdego systemu zarz\u0105dzania <em>tax compliance<\/em>. To pozwala nam wspiera\u0107 klient\u00f3w w przestrzeganiu i wype\u0142nianiu zobowi\u0105za\u0144 podatkowych.<\/p>\n","protected":false},"excerpt":{"rendered":"<p>Wi\u0119ksza przejrzysto\u015b\u0107 i efektywno\u015b\u0107 \u2013 mniejsze ryzyko odpowiedzialno\u015bci osobistej Zagadnienie tax compliance (czyli przestrzegania przepis\u00f3w podatkowych) dotyczy firm ka\u017cdej wielko\u015bci i ze wszystkich bran\u017c, a tak\u017ce fundacji i organizacji po\u017cytku publicznego. W ostatnich latach zyska\u0142 on r\u00f3wnie\u017c na znaczeniu w przypadku samorz\u0105d\u00f3w lokalnych i przedsi\u0119biorstw komunalnych. Ma to zwi\u0105zek z zarz\u0105dzeniem wydanym przez niemieckie w\u0142adze <a href=\"https:\/\/www.gamapa.de\/pl\/dziedziny-swiadczonych-uslug-doradczych\/doradztwo-podatkowe\/zgodnosc-z-przepisami-podatkowymi\/\">[\u2026]<\/a><\/p>\n","protected":false},"author":1,"featured_media":3362,"parent":5655,"menu_order":7,"comment_status":"closed","ping_status":"closed","template":"templates\/template-simple-site.php","meta":{"_acf_changed":false,"_uag_custom_page_level_css":"","footnotes":""},"class_list":["post-5706","page","type-page","status-publish","has-post-thumbnail","hentry"],"acf":[],"yoast_head":"<!-- This site is optimized with the Yoast SEO plugin v27.3 - https:\/\/yoast.com\/product\/yoast-seo-wordpress\/ -->\n<title>Zgodno\u015b\u0107 z przepisami podatkowymi - GANTEF\u00dcHRER<\/title>\n<meta name=\"description\" content=\"Das Thema Tax Compliance (kurz: die Einhaltung steuerlicher Pflichten) betrifft Unternehmen jeglicher Gr\u00f6\u00dfe und Branche sowie Stiftungen und gemeinn\u00fctzige Organisationen.\" \/>\n<meta name=\"robots\" content=\"index, follow, max-snippet:-1, max-image-preview:large, max-video-preview:-1\" \/>\n<link rel=\"canonical\" href=\"https:\/\/www.gamapa.de\/pl\/dziedziny-swiadczonych-uslug-doradczych\/doradztwo-podatkowe\/zgodnosc-z-przepisami-podatkowymi\/\" \/>\n<meta property=\"og:locale\" content=\"pl_PL\" \/>\n<meta property=\"og:type\" content=\"article\" \/>\n<meta property=\"og:title\" content=\"Zgodno\u015b\u0107 z przepisami podatkowymi - GANTEF\u00dcHRER\" \/>\n<meta property=\"og:description\" content=\"Das Thema Tax Compliance (kurz: die Einhaltung steuerlicher Pflichten) betrifft Unternehmen jeglicher Gr\u00f6\u00dfe und Branche sowie Stiftungen und gemeinn\u00fctzige Organisationen.\" \/>\n<meta property=\"og:url\" content=\"https:\/\/www.gamapa.de\/pl\/dziedziny-swiadczonych-uslug-doradczych\/doradztwo-podatkowe\/zgodnosc-z-przepisami-podatkowymi\/\" \/>\n<meta property=\"og:site_name\" content=\"GANTEF\u00dcHRER\" \/>\n<meta property=\"article:modified_time\" content=\"2026-01-16T22:31:07+00:00\" \/>\n<meta property=\"og:image\" content=\"https:\/\/www.gamapa.de\/wp-content\/uploads\/2020\/03\/Header-Interdisziplinaere-Beratung-5-scaled.jpg\" \/>\n\t<meta property=\"og:image:width\" content=\"2560\" \/>\n\t<meta property=\"og:image:height\" content=\"764\" \/>\n\t<meta property=\"og:image:type\" content=\"image\/jpeg\" \/>\n<meta name=\"twitter:card\" content=\"summary_large_image\" \/>\n<meta name=\"twitter:label1\" content=\"Szacowany czas czytania\" \/>\n\t<meta name=\"twitter:data1\" content=\"2 minuty\" \/>\n<script type=\"application\/ld+json\" class=\"yoast-schema-graph\">{\"@context\":\"https:\\\/\\\/schema.org\",\"@graph\":[{\"@type\":\"WebPage\",\"@id\":\"https:\\\/\\\/www.gamapa.de\\\/pl\\\/dziedziny-swiadczonych-uslug-doradczych\\\/doradztwo-podatkowe\\\/zgodnosc-z-przepisami-podatkowymi\\\/\",\"url\":\"https:\\\/\\\/www.gamapa.de\\\/pl\\\/dziedziny-swiadczonych-uslug-doradczych\\\/doradztwo-podatkowe\\\/zgodnosc-z-przepisami-podatkowymi\\\/\",\"name\":\"Zgodno\u015b\u0107 z przepisami podatkowymi - GANTEF\u00dcHRER\",\"isPartOf\":{\"@id\":\"https:\\\/\\\/www.gamapa.de\\\/pl\\\/#website\"},\"primaryImageOfPage\":{\"@id\":\"https:\\\/\\\/www.gamapa.de\\\/pl\\\/dziedziny-swiadczonych-uslug-doradczych\\\/doradztwo-podatkowe\\\/zgodnosc-z-przepisami-podatkowymi\\\/#primaryimage\"},\"image\":{\"@id\":\"https:\\\/\\\/www.gamapa.de\\\/pl\\\/dziedziny-swiadczonych-uslug-doradczych\\\/doradztwo-podatkowe\\\/zgodnosc-z-przepisami-podatkowymi\\\/#primaryimage\"},\"thumbnailUrl\":\"https:\\\/\\\/www.gamapa.de\\\/wp-content\\\/uploads\\\/2020\\\/03\\\/Header-Interdisziplinaere-Beratung-5-scaled.jpg\",\"datePublished\":\"2020-03-11T09:16:14+00:00\",\"dateModified\":\"2026-01-16T22:31:07+00:00\",\"description\":\"Das Thema Tax Compliance (kurz: die Einhaltung steuerlicher Pflichten) betrifft Unternehmen jeglicher Gr\u00f6\u00dfe und Branche sowie Stiftungen und gemeinn\u00fctzige Organisationen.\",\"breadcrumb\":{\"@id\":\"https:\\\/\\\/www.gamapa.de\\\/pl\\\/dziedziny-swiadczonych-uslug-doradczych\\\/doradztwo-podatkowe\\\/zgodnosc-z-przepisami-podatkowymi\\\/#breadcrumb\"},\"inLanguage\":\"pl-PL\",\"potentialAction\":[{\"@type\":\"ReadAction\",\"target\":[\"https:\\\/\\\/www.gamapa.de\\\/pl\\\/dziedziny-swiadczonych-uslug-doradczych\\\/doradztwo-podatkowe\\\/zgodnosc-z-przepisami-podatkowymi\\\/\"]}]},{\"@type\":\"ImageObject\",\"inLanguage\":\"pl-PL\",\"@id\":\"https:\\\/\\\/www.gamapa.de\\\/pl\\\/dziedziny-swiadczonych-uslug-doradczych\\\/doradztwo-podatkowe\\\/zgodnosc-z-przepisami-podatkowymi\\\/#primaryimage\",\"url\":\"https:\\\/\\\/www.gamapa.de\\\/wp-content\\\/uploads\\\/2020\\\/03\\\/Header-Interdisziplinaere-Beratung-5-scaled.jpg\",\"contentUrl\":\"https:\\\/\\\/www.gamapa.de\\\/wp-content\\\/uploads\\\/2020\\\/03\\\/Header-Interdisziplinaere-Beratung-5-scaled.jpg\",\"width\":2560,\"height\":764},{\"@type\":\"BreadcrumbList\",\"@id\":\"https:\\\/\\\/www.gamapa.de\\\/pl\\\/dziedziny-swiadczonych-uslug-doradczych\\\/doradztwo-podatkowe\\\/zgodnosc-z-przepisami-podatkowymi\\\/#breadcrumb\",\"itemListElement\":[{\"@type\":\"ListItem\",\"position\":1,\"name\":\"Startseite\",\"item\":\"https:\\\/\\\/www.gamapa.de\\\/pl\\\/\"},{\"@type\":\"ListItem\",\"position\":2,\"name\":\"Obszar konsultacji\",\"item\":\"https:\\\/\\\/www.gamapa.de\\\/pl\\\/dziedziny-swiadczonych-uslug-doradczych\\\/\"},{\"@type\":\"ListItem\",\"position\":3,\"name\":\"Doradztwo podatkowe\",\"item\":\"https:\\\/\\\/www.gamapa.de\\\/pl\\\/dziedziny-swiadczonych-uslug-doradczych\\\/doradztwo-podatkowe\\\/\"},{\"@type\":\"ListItem\",\"position\":4,\"name\":\"Zgodno\u015b\u0107 z przepisami podatkowymi\"}]},{\"@type\":\"WebSite\",\"@id\":\"https:\\\/\\\/www.gamapa.de\\\/pl\\\/#website\",\"url\":\"https:\\\/\\\/www.gamapa.de\\\/pl\\\/\",\"name\":\"GANTEF\u00dcHRER\",\"description\":\"Wirtschaftspr\u00fcfer, Steuerberater, Rechtsanw\u00e4lte\",\"publisher\":{\"@id\":\"https:\\\/\\\/www.gamapa.de\\\/pl\\\/#organization\"},\"potentialAction\":[{\"@type\":\"SearchAction\",\"target\":{\"@type\":\"EntryPoint\",\"urlTemplate\":\"https:\\\/\\\/www.gamapa.de\\\/pl\\\/?s={search_term_string}\"},\"query-input\":{\"@type\":\"PropertyValueSpecification\",\"valueRequired\":true,\"valueName\":\"search_term_string\"}}],\"inLanguage\":\"pl-PL\"},{\"@type\":\"Organization\",\"@id\":\"https:\\\/\\\/www.gamapa.de\\\/pl\\\/#organization\",\"name\":\"Gantef\u00fchrer Wirtschaftspr\u00fcfer, Steuerberater, Rechtsanw\u00e4lte\",\"url\":\"https:\\\/\\\/www.gamapa.de\\\/pl\\\/\",\"logo\":{\"@type\":\"ImageObject\",\"inLanguage\":\"pl-PL\",\"@id\":\"https:\\\/\\\/www.gamapa.de\\\/pl\\\/#\\\/schema\\\/logo\\\/image\\\/\",\"url\":\"https:\\\/\\\/www.gamapa.de\\\/wp-content\\\/uploads\\\/2026\\\/01\\\/Logo-Gantefuehrer.png\",\"contentUrl\":\"https:\\\/\\\/www.gamapa.de\\\/wp-content\\\/uploads\\\/2026\\\/01\\\/Logo-Gantefuehrer.png\",\"width\":767,\"height\":156,\"caption\":\"Gantef\u00fchrer Wirtschaftspr\u00fcfer, Steuerberater, Rechtsanw\u00e4lte\"},\"image\":{\"@id\":\"https:\\\/\\\/www.gamapa.de\\\/pl\\\/#\\\/schema\\\/logo\\\/image\\\/\"}}]}<\/script>\n<!-- \/ Yoast SEO plugin. -->","yoast_head_json":{"title":"Zgodno\u015b\u0107 z przepisami podatkowymi - GANTEF\u00dcHRER","description":"Das Thema Tax Compliance (kurz: die Einhaltung steuerlicher Pflichten) betrifft Unternehmen jeglicher Gr\u00f6\u00dfe und Branche sowie Stiftungen und gemeinn\u00fctzige Organisationen.","robots":{"index":"index","follow":"follow","max-snippet":"max-snippet:-1","max-image-preview":"max-image-preview:large","max-video-preview":"max-video-preview:-1"},"canonical":"https:\/\/www.gamapa.de\/pl\/dziedziny-swiadczonych-uslug-doradczych\/doradztwo-podatkowe\/zgodnosc-z-przepisami-podatkowymi\/","og_locale":"pl_PL","og_type":"article","og_title":"Zgodno\u015b\u0107 z przepisami podatkowymi - GANTEF\u00dcHRER","og_description":"Das Thema Tax Compliance (kurz: die Einhaltung steuerlicher Pflichten) betrifft Unternehmen jeglicher Gr\u00f6\u00dfe und Branche sowie Stiftungen und gemeinn\u00fctzige Organisationen.","og_url":"https:\/\/www.gamapa.de\/pl\/dziedziny-swiadczonych-uslug-doradczych\/doradztwo-podatkowe\/zgodnosc-z-przepisami-podatkowymi\/","og_site_name":"GANTEF\u00dcHRER","article_modified_time":"2026-01-16T22:31:07+00:00","og_image":[{"width":2560,"height":764,"url":"https:\/\/www.gamapa.de\/wp-content\/uploads\/2020\/03\/Header-Interdisziplinaere-Beratung-5-scaled.jpg","type":"image\/jpeg"}],"twitter_card":"summary_large_image","twitter_misc":{"Szacowany czas czytania":"2 minuty"},"schema":{"@context":"https:\/\/schema.org","@graph":[{"@type":"WebPage","@id":"https:\/\/www.gamapa.de\/pl\/dziedziny-swiadczonych-uslug-doradczych\/doradztwo-podatkowe\/zgodnosc-z-przepisami-podatkowymi\/","url":"https:\/\/www.gamapa.de\/pl\/dziedziny-swiadczonych-uslug-doradczych\/doradztwo-podatkowe\/zgodnosc-z-przepisami-podatkowymi\/","name":"Zgodno\u015b\u0107 z przepisami podatkowymi - GANTEF\u00dcHRER","isPartOf":{"@id":"https:\/\/www.gamapa.de\/pl\/#website"},"primaryImageOfPage":{"@id":"https:\/\/www.gamapa.de\/pl\/dziedziny-swiadczonych-uslug-doradczych\/doradztwo-podatkowe\/zgodnosc-z-przepisami-podatkowymi\/#primaryimage"},"image":{"@id":"https:\/\/www.gamapa.de\/pl\/dziedziny-swiadczonych-uslug-doradczych\/doradztwo-podatkowe\/zgodnosc-z-przepisami-podatkowymi\/#primaryimage"},"thumbnailUrl":"https:\/\/www.gamapa.de\/wp-content\/uploads\/2020\/03\/Header-Interdisziplinaere-Beratung-5-scaled.jpg","datePublished":"2020-03-11T09:16:14+00:00","dateModified":"2026-01-16T22:31:07+00:00","description":"Das Thema Tax Compliance (kurz: die Einhaltung steuerlicher Pflichten) betrifft Unternehmen jeglicher Gr\u00f6\u00dfe und Branche sowie Stiftungen und gemeinn\u00fctzige Organisationen.","breadcrumb":{"@id":"https:\/\/www.gamapa.de\/pl\/dziedziny-swiadczonych-uslug-doradczych\/doradztwo-podatkowe\/zgodnosc-z-przepisami-podatkowymi\/#breadcrumb"},"inLanguage":"pl-PL","potentialAction":[{"@type":"ReadAction","target":["https:\/\/www.gamapa.de\/pl\/dziedziny-swiadczonych-uslug-doradczych\/doradztwo-podatkowe\/zgodnosc-z-przepisami-podatkowymi\/"]}]},{"@type":"ImageObject","inLanguage":"pl-PL","@id":"https:\/\/www.gamapa.de\/pl\/dziedziny-swiadczonych-uslug-doradczych\/doradztwo-podatkowe\/zgodnosc-z-przepisami-podatkowymi\/#primaryimage","url":"https:\/\/www.gamapa.de\/wp-content\/uploads\/2020\/03\/Header-Interdisziplinaere-Beratung-5-scaled.jpg","contentUrl":"https:\/\/www.gamapa.de\/wp-content\/uploads\/2020\/03\/Header-Interdisziplinaere-Beratung-5-scaled.jpg","width":2560,"height":764},{"@type":"BreadcrumbList","@id":"https:\/\/www.gamapa.de\/pl\/dziedziny-swiadczonych-uslug-doradczych\/doradztwo-podatkowe\/zgodnosc-z-przepisami-podatkowymi\/#breadcrumb","itemListElement":[{"@type":"ListItem","position":1,"name":"Startseite","item":"https:\/\/www.gamapa.de\/pl\/"},{"@type":"ListItem","position":2,"name":"Obszar konsultacji","item":"https:\/\/www.gamapa.de\/pl\/dziedziny-swiadczonych-uslug-doradczych\/"},{"@type":"ListItem","position":3,"name":"Doradztwo podatkowe","item":"https:\/\/www.gamapa.de\/pl\/dziedziny-swiadczonych-uslug-doradczych\/doradztwo-podatkowe\/"},{"@type":"ListItem","position":4,"name":"Zgodno\u015b\u0107 z przepisami podatkowymi"}]},{"@type":"WebSite","@id":"https:\/\/www.gamapa.de\/pl\/#website","url":"https:\/\/www.gamapa.de\/pl\/","name":"GANTEF\u00dcHRER","description":"Wirtschaftspr\u00fcfer, Steuerberater, Rechtsanw\u00e4lte","publisher":{"@id":"https:\/\/www.gamapa.de\/pl\/#organization"},"potentialAction":[{"@type":"SearchAction","target":{"@type":"EntryPoint","urlTemplate":"https:\/\/www.gamapa.de\/pl\/?s={search_term_string}"},"query-input":{"@type":"PropertyValueSpecification","valueRequired":true,"valueName":"search_term_string"}}],"inLanguage":"pl-PL"},{"@type":"Organization","@id":"https:\/\/www.gamapa.de\/pl\/#organization","name":"Gantef\u00fchrer Wirtschaftspr\u00fcfer, Steuerberater, Rechtsanw\u00e4lte","url":"https:\/\/www.gamapa.de\/pl\/","logo":{"@type":"ImageObject","inLanguage":"pl-PL","@id":"https:\/\/www.gamapa.de\/pl\/#\/schema\/logo\/image\/","url":"https:\/\/www.gamapa.de\/wp-content\/uploads\/2026\/01\/Logo-Gantefuehrer.png","contentUrl":"https:\/\/www.gamapa.de\/wp-content\/uploads\/2026\/01\/Logo-Gantefuehrer.png","width":767,"height":156,"caption":"Gantef\u00fchrer Wirtschaftspr\u00fcfer, Steuerberater, Rechtsanw\u00e4lte"},"image":{"@id":"https:\/\/www.gamapa.de\/pl\/#\/schema\/logo\/image\/"}}]}},"uagb_featured_image_src":{"full":["https:\/\/www.gamapa.de\/wp-content\/uploads\/2020\/03\/Header-Interdisziplinaere-Beratung-5-scaled.jpg",2560,764,false],"thumbnail":["https:\/\/www.gamapa.de\/wp-content\/uploads\/2020\/03\/Header-Interdisziplinaere-Beratung-5-150x150.jpg",150,150,true],"medium":["https:\/\/www.gamapa.de\/wp-content\/uploads\/2020\/03\/Header-Interdisziplinaere-Beratung-5-600x179.jpg",600,179,true],"medium_large":["https:\/\/www.gamapa.de\/wp-content\/uploads\/2020\/03\/Header-Interdisziplinaere-Beratung-5-768x229.jpg",580,173,true],"large":["https:\/\/www.gamapa.de\/wp-content\/uploads\/2020\/03\/Header-Interdisziplinaere-Beratung-5-scaled.jpg",580,173,false],"gs-tiny":["https:\/\/www.gamapa.de\/wp-content\/uploads\/2020\/03\/Header-Interdisziplinaere-Beratung-5-scaled.jpg",50,15,false],"xl":["https:\/\/www.gamapa.de\/wp-content\/uploads\/2020\/03\/Header-Interdisziplinaere-Beratung-5-scaled.jpg",1600,478,false],"xxl":["https:\/\/www.gamapa.de\/wp-content\/uploads\/2020\/03\/Header-Interdisziplinaere-Beratung-5-scaled.jpg",2200,657,false],"xxxl":["https:\/\/www.gamapa.de\/wp-content\/uploads\/2020\/03\/Header-Interdisziplinaere-Beratung-5-scaled.jpg",2560,764,false],"xxxxl":["https:\/\/www.gamapa.de\/wp-content\/uploads\/2020\/03\/Header-Interdisziplinaere-Beratung-5-scaled.jpg",2560,764,false],"xxxxxl":["https:\/\/www.gamapa.de\/wp-content\/uploads\/2020\/03\/Header-Interdisziplinaere-Beratung-5-scaled.jpg",2560,764,false],"1536x1536":["https:\/\/www.gamapa.de\/wp-content\/uploads\/2020\/03\/Header-Interdisziplinaere-Beratung-5-1536x458.jpg",1536,458,true],"2048x2048":["https:\/\/www.gamapa.de\/wp-content\/uploads\/2020\/03\/Header-Interdisziplinaere-Beratung-5-2048x611.jpg",2048,611,true],"post-thumbnail":["https:\/\/www.gamapa.de\/wp-content\/uploads\/2020\/03\/Header-Interdisziplinaere-Beratung-5-scaled.jpg",2560,764,false],"twentytwenty-fullscreen":["https:\/\/www.gamapa.de\/wp-content\/uploads\/2020\/03\/Header-Interdisziplinaere-Beratung-5-scaled.jpg",2560,764,false],"theme-slug-single-post":["https:\/\/www.gamapa.de\/wp-content\/uploads\/2020\/03\/Header-Interdisziplinaere-Beratung-5-1600x400.jpg",1600,400,true]},"uagb_author_info":{"display_name":"linda","author_link":"https:\/\/www.gamapa.de\/pl\/author\/linda\/"},"uagb_comment_info":0,"uagb_excerpt":"Wi\u0119ksza przejrzysto\u015b\u0107 i efektywno\u015b\u0107 \u2013 mniejsze ryzyko odpowiedzialno\u015bci osobistej Zagadnienie tax compliance (czyli przestrzegania przepis\u00f3w podatkowych) dotyczy firm ka\u017cdej wielko\u015bci i ze wszystkich bran\u017c, a tak\u017ce fundacji i organizacji po\u017cytku publicznego. W ostatnich latach zyska\u0142 on r\u00f3wnie\u017c na znaczeniu w przypadku samorz\u0105d\u00f3w lokalnych i przedsi\u0119biorstw komunalnych. Ma to zwi\u0105zek z zarz\u0105dzeniem wydanym przez niemieckie w\u0142adze&hellip;","_links":{"self":[{"href":"https:\/\/www.gamapa.de\/pl\/wp-json\/wp\/v2\/pages\/5706","targetHints":{"allow":["GET"]}}],"collection":[{"href":"https:\/\/www.gamapa.de\/pl\/wp-json\/wp\/v2\/pages"}],"about":[{"href":"https:\/\/www.gamapa.de\/pl\/wp-json\/wp\/v2\/types\/page"}],"author":[{"embeddable":true,"href":"https:\/\/www.gamapa.de\/pl\/wp-json\/wp\/v2\/users\/1"}],"replies":[{"embeddable":true,"href":"https:\/\/www.gamapa.de\/pl\/wp-json\/wp\/v2\/comments?post=5706"}],"version-history":[{"count":2,"href":"https:\/\/www.gamapa.de\/pl\/wp-json\/wp\/v2\/pages\/5706\/revisions"}],"predecessor-version":[{"id":23580,"href":"https:\/\/www.gamapa.de\/pl\/wp-json\/wp\/v2\/pages\/5706\/revisions\/23580"}],"up":[{"embeddable":true,"href":"https:\/\/www.gamapa.de\/pl\/wp-json\/wp\/v2\/pages\/5655"}],"wp:featuredmedia":[{"embeddable":true,"href":"https:\/\/www.gamapa.de\/pl\/wp-json\/wp\/v2\/media\/3362"}],"wp:attachment":[{"href":"https:\/\/www.gamapa.de\/pl\/wp-json\/wp\/v2\/media?parent=5706"}],"curies":[{"name":"wp","href":"https:\/\/api.w.org\/{rel}","templated":true}]}}