

{"id":5720,"date":"2020-03-11T10:17:46","date_gmt":"2020-03-11T09:17:46","guid":{"rendered":"https:\/\/www.gamapa.de\/rechtsberatung\/immobilien-und-gewerbliches-mietrecht\/"},"modified":"2021-07-28T16:59:37","modified_gmt":"2021-07-28T14:59:37","slug":"prawo-wlasnosci-nieruchomosci-i-prawo-najmu-nieruchomosci-komercyjnych","status":"publish","type":"page","link":"https:\/\/www.gamapa.de\/pl\/dziedziny-swiadczonych-uslug-doradczych\/doradztwo-prawne\/prawo-wlasnosci-nieruchomosci-i-prawo-najmu-nieruchomosci-komercyjnych\/","title":{"rendered":"Prawo w\u0142asno\u015bci nieruchomo\u015bci i prawo najmu nieruchomo\u015bci komercyjnych"},"content":{"rendered":"\n<h2 class=\"wp-block-heading\">Wszystko wok\u00f3\u0142 nieruchomo\u015bci<\/h2>\n\n\n\n<p>Doradzamy we wszystkich istotnych kwestiach prawnych, z jakimi zg\u0142aszaj\u0105 si\u0119 do nas inwestorzy, zarz\u0105dcy i najemcy nieruchomo\u015bci. Skorzystaj z naszego nadzwyczajnego know-how w najr\u00f3\u017cniejszych dziedzinach:<\/p>\n\n\n\n<ul class=\"wp-block-list\"><li>Kupno i sprzeda\u017c nieruchomo\u015bci<\/li><li>Finansowanie nieruchomo\u015bci<\/li><li>Restrukturyzacja nieruchomo\u015bci \u201eproblematycznych\u201d<\/li><li>Opracowanie um\u00f3w najmu w przypadku du\u017cych nieruchomo\u015bci (w szczeg\u00f3lno\u015bci handel detaliczny)<\/li><li>Specjalistyczna kontrola w zakresie rozliczania koszt\u00f3w eksploatacyjnych w dziedzinie prawa najmu komercyjnego<\/li><li>Planowanie i realizacja umiejscowienia wielkopowierzchniowych sklep\u00f3w detalicznych<\/li><li>Prywatne prawo budowlane (kontrakty budowlane, szkody budowlane) oraz prawo architektoniczne<\/li><\/ul>\n\n\n\n<p>Klienci z sektora nieruchomo\u015bci mog\u0105 ponadto korzysta\u0107 z kompleksowej obs\u0142ugi w \u015bcis\u0142ej wsp\u00f3\u0142pracy z naszymi doradcami podatkowymi. Kierujemy wi\u0119c do Pa\u0144stwa w pe\u0142ni interdyscyplinarn\u0105 ofert\u0119.<\/p>\n","protected":false},"excerpt":{"rendered":"<p>Wszystko wok\u00f3\u0142 nieruchomo\u015bci Doradzamy we wszystkich istotnych kwestiach prawnych, z jakimi zg\u0142aszaj\u0105 si\u0119 do nas inwestorzy, zarz\u0105dcy i najemcy nieruchomo\u015bci. Skorzystaj z naszego nadzwyczajnego know-how w najr\u00f3\u017cniejszych dziedzinach: Kupno i sprzeda\u017c nieruchomo\u015bci Finansowanie nieruchomo\u015bci Restrukturyzacja nieruchomo\u015bci \u201eproblematycznych\u201d Opracowanie um\u00f3w najmu w przypadku du\u017cych nieruchomo\u015bci (w szczeg\u00f3lno\u015bci handel detaliczny) Specjalistyczna kontrola w zakresie rozliczania koszt\u00f3w eksploatacyjnych <a href=\"https:\/\/www.gamapa.de\/pl\/dziedziny-swiadczonych-uslug-doradczych\/doradztwo-prawne\/prawo-wlasnosci-nieruchomosci-i-prawo-najmu-nieruchomosci-komercyjnych\/\">[\u2026]<\/a><\/p>\n","protected":false},"author":1,"featured_media":3881,"parent":5659,"menu_order":3,"comment_status":"closed","ping_status":"closed","template":"templates\/template-simple-site.php","meta":{"_acf_changed":false,"_uag_custom_page_level_css":"","footnotes":""},"class_list":["post-5720","page","type-page","status-publish","has-post-thumbnail","hentry"],"acf":[],"yoast_head":"<!-- This site is optimized with the Yoast SEO plugin v27.3 - https:\/\/yoast.com\/product\/yoast-seo-wordpress\/ -->\n<title>Prawo w\u0142asno\u015bci nieruchomo\u015bci i prawo najmu nieruchomo\u015bci komercyjnych - GANTEF\u00dcHRER<\/title>\n<meta name=\"description\" content=\"Unabh\u00e4ngig davon, ob Sie Investor, Betreiber oder Eigennutzer einer Immobilie sind: Wir beraten Sie in allen betreffenden rechtlichen Fragestellungen.\" \/>\n<meta name=\"robots\" content=\"index, follow, max-snippet:-1, max-image-preview:large, max-video-preview:-1\" \/>\n<link rel=\"canonical\" href=\"https:\/\/www.gamapa.de\/pl\/dziedziny-swiadczonych-uslug-doradczych\/doradztwo-prawne\/prawo-wlasnosci-nieruchomosci-i-prawo-najmu-nieruchomosci-komercyjnych\/\" \/>\n<meta property=\"og:locale\" content=\"pl_PL\" \/>\n<meta property=\"og:type\" content=\"article\" \/>\n<meta property=\"og:title\" content=\"Prawo w\u0142asno\u015bci nieruchomo\u015bci i prawo najmu nieruchomo\u015bci komercyjnych - GANTEF\u00dcHRER\" \/>\n<meta property=\"og:description\" content=\"Unabh\u00e4ngig davon, ob Sie Investor, Betreiber oder Eigennutzer einer Immobilie sind: Wir beraten Sie in allen betreffenden rechtlichen Fragestellungen.\" \/>\n<meta property=\"og:url\" content=\"https:\/\/www.gamapa.de\/pl\/dziedziny-swiadczonych-uslug-doradczych\/doradztwo-prawne\/prawo-wlasnosci-nieruchomosci-i-prawo-najmu-nieruchomosci-komercyjnych\/\" \/>\n<meta property=\"og:site_name\" content=\"GANTEF\u00dcHRER\" \/>\n<meta property=\"article:modified_time\" content=\"2021-07-28T14:59:37+00:00\" \/>\n<meta property=\"og:image\" content=\"https:\/\/www.gamapa.de\/wp-content\/uploads\/2020\/07\/U-Header-Rechtsgebiete-2-1-scaled.jpg\" \/>\n\t<meta property=\"og:image:width\" content=\"2560\" \/>\n\t<meta property=\"og:image:height\" content=\"764\" \/>\n\t<meta property=\"og:image:type\" content=\"image\/jpeg\" \/>\n<meta name=\"twitter:card\" content=\"summary_large_image\" \/>\n<meta name=\"twitter:label1\" content=\"Szacowany czas czytania\" \/>\n\t<meta name=\"twitter:data1\" content=\"1 minuta\" \/>\n<script type=\"application\/ld+json\" class=\"yoast-schema-graph\">{\"@context\":\"https:\\\/\\\/schema.org\",\"@graph\":[{\"@type\":\"WebPage\",\"@id\":\"https:\\\/\\\/www.gamapa.de\\\/pl\\\/dziedziny-swiadczonych-uslug-doradczych\\\/doradztwo-prawne\\\/prawo-wlasnosci-nieruchomosci-i-prawo-najmu-nieruchomosci-komercyjnych\\\/\",\"url\":\"https:\\\/\\\/www.gamapa.de\\\/pl\\\/dziedziny-swiadczonych-uslug-doradczych\\\/doradztwo-prawne\\\/prawo-wlasnosci-nieruchomosci-i-prawo-najmu-nieruchomosci-komercyjnych\\\/\",\"name\":\"Prawo w\u0142asno\u015bci nieruchomo\u015bci i prawo najmu nieruchomo\u015bci komercyjnych - GANTEF\u00dcHRER\",\"isPartOf\":{\"@id\":\"https:\\\/\\\/www.gamapa.de\\\/pl\\\/#website\"},\"primaryImageOfPage\":{\"@id\":\"https:\\\/\\\/www.gamapa.de\\\/pl\\\/dziedziny-swiadczonych-uslug-doradczych\\\/doradztwo-prawne\\\/prawo-wlasnosci-nieruchomosci-i-prawo-najmu-nieruchomosci-komercyjnych\\\/#primaryimage\"},\"image\":{\"@id\":\"https:\\\/\\\/www.gamapa.de\\\/pl\\\/dziedziny-swiadczonych-uslug-doradczych\\\/doradztwo-prawne\\\/prawo-wlasnosci-nieruchomosci-i-prawo-najmu-nieruchomosci-komercyjnych\\\/#primaryimage\"},\"thumbnailUrl\":\"https:\\\/\\\/www.gamapa.de\\\/wp-content\\\/uploads\\\/2020\\\/07\\\/U-Header-Rechtsgebiete-2-1-scaled.jpg\",\"datePublished\":\"2020-03-11T09:17:46+00:00\",\"dateModified\":\"2021-07-28T14:59:37+00:00\",\"description\":\"Unabh\u00e4ngig davon, ob Sie Investor, Betreiber oder Eigennutzer einer Immobilie sind: Wir beraten Sie in allen betreffenden rechtlichen Fragestellungen.\",\"breadcrumb\":{\"@id\":\"https:\\\/\\\/www.gamapa.de\\\/pl\\\/dziedziny-swiadczonych-uslug-doradczych\\\/doradztwo-prawne\\\/prawo-wlasnosci-nieruchomosci-i-prawo-najmu-nieruchomosci-komercyjnych\\\/#breadcrumb\"},\"inLanguage\":\"pl-PL\",\"potentialAction\":[{\"@type\":\"ReadAction\",\"target\":[\"https:\\\/\\\/www.gamapa.de\\\/pl\\\/dziedziny-swiadczonych-uslug-doradczych\\\/doradztwo-prawne\\\/prawo-wlasnosci-nieruchomosci-i-prawo-najmu-nieruchomosci-komercyjnych\\\/\"]}]},{\"@type\":\"ImageObject\",\"inLanguage\":\"pl-PL\",\"@id\":\"https:\\\/\\\/www.gamapa.de\\\/pl\\\/dziedziny-swiadczonych-uslug-doradczych\\\/doradztwo-prawne\\\/prawo-wlasnosci-nieruchomosci-i-prawo-najmu-nieruchomosci-komercyjnych\\\/#primaryimage\",\"url\":\"https:\\\/\\\/www.gamapa.de\\\/wp-content\\\/uploads\\\/2020\\\/07\\\/U-Header-Rechtsgebiete-2-1-scaled.jpg\",\"contentUrl\":\"https:\\\/\\\/www.gamapa.de\\\/wp-content\\\/uploads\\\/2020\\\/07\\\/U-Header-Rechtsgebiete-2-1-scaled.jpg\",\"width\":2560,\"height\":764,\"caption\":\"Anleger, Kunden und Gesch\u00e4ftspartner\"},{\"@type\":\"BreadcrumbList\",\"@id\":\"https:\\\/\\\/www.gamapa.de\\\/pl\\\/dziedziny-swiadczonych-uslug-doradczych\\\/doradztwo-prawne\\\/prawo-wlasnosci-nieruchomosci-i-prawo-najmu-nieruchomosci-komercyjnych\\\/#breadcrumb\",\"itemListElement\":[{\"@type\":\"ListItem\",\"position\":1,\"name\":\"Startseite\",\"item\":\"https:\\\/\\\/www.gamapa.de\\\/pl\\\/\"},{\"@type\":\"ListItem\",\"position\":2,\"name\":\"Obszar konsultacji\",\"item\":\"https:\\\/\\\/www.gamapa.de\\\/pl\\\/dziedziny-swiadczonych-uslug-doradczych\\\/\"},{\"@type\":\"ListItem\",\"position\":3,\"name\":\"Doradztwo prawne\",\"item\":\"https:\\\/\\\/www.gamapa.de\\\/pl\\\/dziedziny-swiadczonych-uslug-doradczych\\\/doradztwo-prawne\\\/\"},{\"@type\":\"ListItem\",\"position\":4,\"name\":\"Prawo w\u0142asno\u015bci nieruchomo\u015bci i prawo najmu nieruchomo\u015bci komercyjnych\"}]},{\"@type\":\"WebSite\",\"@id\":\"https:\\\/\\\/www.gamapa.de\\\/pl\\\/#website\",\"url\":\"https:\\\/\\\/www.gamapa.de\\\/pl\\\/\",\"name\":\"GANTEF\u00dcHRER\",\"description\":\"Wirtschaftspr\u00fcfer, Steuerberater, Rechtsanw\u00e4lte\",\"publisher\":{\"@id\":\"https:\\\/\\\/www.gamapa.de\\\/pl\\\/#organization\"},\"potentialAction\":[{\"@type\":\"SearchAction\",\"target\":{\"@type\":\"EntryPoint\",\"urlTemplate\":\"https:\\\/\\\/www.gamapa.de\\\/pl\\\/?s={search_term_string}\"},\"query-input\":{\"@type\":\"PropertyValueSpecification\",\"valueRequired\":true,\"valueName\":\"search_term_string\"}}],\"inLanguage\":\"pl-PL\"},{\"@type\":\"Organization\",\"@id\":\"https:\\\/\\\/www.gamapa.de\\\/pl\\\/#organization\",\"name\":\"Gantef\u00fchrer Wirtschaftspr\u00fcfer, Steuerberater, Rechtsanw\u00e4lte\",\"url\":\"https:\\\/\\\/www.gamapa.de\\\/pl\\\/\",\"logo\":{\"@type\":\"ImageObject\",\"inLanguage\":\"pl-PL\",\"@id\":\"https:\\\/\\\/www.gamapa.de\\\/pl\\\/#\\\/schema\\\/logo\\\/image\\\/\",\"url\":\"https:\\\/\\\/www.gamapa.de\\\/wp-content\\\/uploads\\\/2026\\\/01\\\/Logo-Gantefuehrer.png\",\"contentUrl\":\"https:\\\/\\\/www.gamapa.de\\\/wp-content\\\/uploads\\\/2026\\\/01\\\/Logo-Gantefuehrer.png\",\"width\":767,\"height\":156,\"caption\":\"Gantef\u00fchrer Wirtschaftspr\u00fcfer, Steuerberater, Rechtsanw\u00e4lte\"},\"image\":{\"@id\":\"https:\\\/\\\/www.gamapa.de\\\/pl\\\/#\\\/schema\\\/logo\\\/image\\\/\"}}]}<\/script>\n<!-- \/ Yoast SEO plugin. -->","yoast_head_json":{"title":"Prawo w\u0142asno\u015bci nieruchomo\u015bci i prawo najmu nieruchomo\u015bci komercyjnych - GANTEF\u00dcHRER","description":"Unabh\u00e4ngig davon, ob Sie Investor, Betreiber oder Eigennutzer einer Immobilie sind: Wir beraten Sie in allen betreffenden rechtlichen Fragestellungen.","robots":{"index":"index","follow":"follow","max-snippet":"max-snippet:-1","max-image-preview":"max-image-preview:large","max-video-preview":"max-video-preview:-1"},"canonical":"https:\/\/www.gamapa.de\/pl\/dziedziny-swiadczonych-uslug-doradczych\/doradztwo-prawne\/prawo-wlasnosci-nieruchomosci-i-prawo-najmu-nieruchomosci-komercyjnych\/","og_locale":"pl_PL","og_type":"article","og_title":"Prawo w\u0142asno\u015bci nieruchomo\u015bci i prawo najmu nieruchomo\u015bci komercyjnych - GANTEF\u00dcHRER","og_description":"Unabh\u00e4ngig davon, ob Sie Investor, Betreiber oder Eigennutzer einer Immobilie sind: Wir beraten Sie in allen betreffenden rechtlichen Fragestellungen.","og_url":"https:\/\/www.gamapa.de\/pl\/dziedziny-swiadczonych-uslug-doradczych\/doradztwo-prawne\/prawo-wlasnosci-nieruchomosci-i-prawo-najmu-nieruchomosci-komercyjnych\/","og_site_name":"GANTEF\u00dcHRER","article_modified_time":"2021-07-28T14:59:37+00:00","og_image":[{"width":2560,"height":764,"url":"https:\/\/www.gamapa.de\/wp-content\/uploads\/2020\/07\/U-Header-Rechtsgebiete-2-1-scaled.jpg","type":"image\/jpeg"}],"twitter_card":"summary_large_image","twitter_misc":{"Szacowany czas czytania":"1 minuta"},"schema":{"@context":"https:\/\/schema.org","@graph":[{"@type":"WebPage","@id":"https:\/\/www.gamapa.de\/pl\/dziedziny-swiadczonych-uslug-doradczych\/doradztwo-prawne\/prawo-wlasnosci-nieruchomosci-i-prawo-najmu-nieruchomosci-komercyjnych\/","url":"https:\/\/www.gamapa.de\/pl\/dziedziny-swiadczonych-uslug-doradczych\/doradztwo-prawne\/prawo-wlasnosci-nieruchomosci-i-prawo-najmu-nieruchomosci-komercyjnych\/","name":"Prawo w\u0142asno\u015bci nieruchomo\u015bci i prawo najmu nieruchomo\u015bci komercyjnych - GANTEF\u00dcHRER","isPartOf":{"@id":"https:\/\/www.gamapa.de\/pl\/#website"},"primaryImageOfPage":{"@id":"https:\/\/www.gamapa.de\/pl\/dziedziny-swiadczonych-uslug-doradczych\/doradztwo-prawne\/prawo-wlasnosci-nieruchomosci-i-prawo-najmu-nieruchomosci-komercyjnych\/#primaryimage"},"image":{"@id":"https:\/\/www.gamapa.de\/pl\/dziedziny-swiadczonych-uslug-doradczych\/doradztwo-prawne\/prawo-wlasnosci-nieruchomosci-i-prawo-najmu-nieruchomosci-komercyjnych\/#primaryimage"},"thumbnailUrl":"https:\/\/www.gamapa.de\/wp-content\/uploads\/2020\/07\/U-Header-Rechtsgebiete-2-1-scaled.jpg","datePublished":"2020-03-11T09:17:46+00:00","dateModified":"2021-07-28T14:59:37+00:00","description":"Unabh\u00e4ngig davon, ob Sie Investor, Betreiber oder Eigennutzer einer Immobilie sind: Wir beraten Sie in allen betreffenden rechtlichen Fragestellungen.","breadcrumb":{"@id":"https:\/\/www.gamapa.de\/pl\/dziedziny-swiadczonych-uslug-doradczych\/doradztwo-prawne\/prawo-wlasnosci-nieruchomosci-i-prawo-najmu-nieruchomosci-komercyjnych\/#breadcrumb"},"inLanguage":"pl-PL","potentialAction":[{"@type":"ReadAction","target":["https:\/\/www.gamapa.de\/pl\/dziedziny-swiadczonych-uslug-doradczych\/doradztwo-prawne\/prawo-wlasnosci-nieruchomosci-i-prawo-najmu-nieruchomosci-komercyjnych\/"]}]},{"@type":"ImageObject","inLanguage":"pl-PL","@id":"https:\/\/www.gamapa.de\/pl\/dziedziny-swiadczonych-uslug-doradczych\/doradztwo-prawne\/prawo-wlasnosci-nieruchomosci-i-prawo-najmu-nieruchomosci-komercyjnych\/#primaryimage","url":"https:\/\/www.gamapa.de\/wp-content\/uploads\/2020\/07\/U-Header-Rechtsgebiete-2-1-scaled.jpg","contentUrl":"https:\/\/www.gamapa.de\/wp-content\/uploads\/2020\/07\/U-Header-Rechtsgebiete-2-1-scaled.jpg","width":2560,"height":764,"caption":"Anleger, Kunden und Gesch\u00e4ftspartner"},{"@type":"BreadcrumbList","@id":"https:\/\/www.gamapa.de\/pl\/dziedziny-swiadczonych-uslug-doradczych\/doradztwo-prawne\/prawo-wlasnosci-nieruchomosci-i-prawo-najmu-nieruchomosci-komercyjnych\/#breadcrumb","itemListElement":[{"@type":"ListItem","position":1,"name":"Startseite","item":"https:\/\/www.gamapa.de\/pl\/"},{"@type":"ListItem","position":2,"name":"Obszar konsultacji","item":"https:\/\/www.gamapa.de\/pl\/dziedziny-swiadczonych-uslug-doradczych\/"},{"@type":"ListItem","position":3,"name":"Doradztwo prawne","item":"https:\/\/www.gamapa.de\/pl\/dziedziny-swiadczonych-uslug-doradczych\/doradztwo-prawne\/"},{"@type":"ListItem","position":4,"name":"Prawo w\u0142asno\u015bci nieruchomo\u015bci i prawo najmu nieruchomo\u015bci komercyjnych"}]},{"@type":"WebSite","@id":"https:\/\/www.gamapa.de\/pl\/#website","url":"https:\/\/www.gamapa.de\/pl\/","name":"GANTEF\u00dcHRER","description":"Wirtschaftspr\u00fcfer, Steuerberater, Rechtsanw\u00e4lte","publisher":{"@id":"https:\/\/www.gamapa.de\/pl\/#organization"},"potentialAction":[{"@type":"SearchAction","target":{"@type":"EntryPoint","urlTemplate":"https:\/\/www.gamapa.de\/pl\/?s={search_term_string}"},"query-input":{"@type":"PropertyValueSpecification","valueRequired":true,"valueName":"search_term_string"}}],"inLanguage":"pl-PL"},{"@type":"Organization","@id":"https:\/\/www.gamapa.de\/pl\/#organization","name":"Gantef\u00fchrer Wirtschaftspr\u00fcfer, Steuerberater, Rechtsanw\u00e4lte","url":"https:\/\/www.gamapa.de\/pl\/","logo":{"@type":"ImageObject","inLanguage":"pl-PL","@id":"https:\/\/www.gamapa.de\/pl\/#\/schema\/logo\/image\/","url":"https:\/\/www.gamapa.de\/wp-content\/uploads\/2026\/01\/Logo-Gantefuehrer.png","contentUrl":"https:\/\/www.gamapa.de\/wp-content\/uploads\/2026\/01\/Logo-Gantefuehrer.png","width":767,"height":156,"caption":"Gantef\u00fchrer Wirtschaftspr\u00fcfer, Steuerberater, Rechtsanw\u00e4lte"},"image":{"@id":"https:\/\/www.gamapa.de\/pl\/#\/schema\/logo\/image\/"}}]}},"uagb_featured_image_src":{"full":["https:\/\/www.gamapa.de\/wp-content\/uploads\/2020\/07\/U-Header-Rechtsgebiete-2-1-scaled.jpg",2560,764,false],"thumbnail":["https:\/\/www.gamapa.de\/wp-content\/uploads\/2020\/07\/U-Header-Rechtsgebiete-2-1-150x150.jpg",150,150,true],"medium":["https:\/\/www.gamapa.de\/wp-content\/uploads\/2020\/07\/U-Header-Rechtsgebiete-2-1-600x179.jpg",600,179,true],"medium_large":["https:\/\/www.gamapa.de\/wp-content\/uploads\/2020\/07\/U-Header-Rechtsgebiete-2-1-768x229.jpg",580,173,true],"large":["https:\/\/www.gamapa.de\/wp-content\/uploads\/2020\/07\/U-Header-Rechtsgebiete-2-1-scaled.jpg",580,173,false],"gs-tiny":["https:\/\/www.gamapa.de\/wp-content\/uploads\/2020\/07\/U-Header-Rechtsgebiete-2-1-scaled.jpg",50,15,false],"xl":["https:\/\/www.gamapa.de\/wp-content\/uploads\/2020\/07\/U-Header-Rechtsgebiete-2-1-scaled.jpg",1600,478,false],"xxl":["https:\/\/www.gamapa.de\/wp-content\/uploads\/2020\/07\/U-Header-Rechtsgebiete-2-1-scaled.jpg",2200,657,false],"xxxl":["https:\/\/www.gamapa.de\/wp-content\/uploads\/2020\/07\/U-Header-Rechtsgebiete-2-1-scaled.jpg",2560,764,false],"xxxxl":["https:\/\/www.gamapa.de\/wp-content\/uploads\/2020\/07\/U-Header-Rechtsgebiete-2-1-scaled.jpg",2560,764,false],"xxxxxl":["https:\/\/www.gamapa.de\/wp-content\/uploads\/2020\/07\/U-Header-Rechtsgebiete-2-1-scaled.jpg",2560,764,false],"1536x1536":["https:\/\/www.gamapa.de\/wp-content\/uploads\/2020\/07\/U-Header-Rechtsgebiete-2-1-1536x458.jpg",1536,458,true],"2048x2048":["https:\/\/www.gamapa.de\/wp-content\/uploads\/2020\/07\/U-Header-Rechtsgebiete-2-1-2048x611.jpg",2048,611,true],"post-thumbnail":["https:\/\/www.gamapa.de\/wp-content\/uploads\/2020\/07\/U-Header-Rechtsgebiete-2-1-scaled.jpg",2560,764,false],"twentytwenty-fullscreen":["https:\/\/www.gamapa.de\/wp-content\/uploads\/2020\/07\/U-Header-Rechtsgebiete-2-1-scaled.jpg",2560,764,false],"theme-slug-single-post":["https:\/\/www.gamapa.de\/wp-content\/uploads\/2020\/07\/U-Header-Rechtsgebiete-2-1-1600x400.jpg",1600,400,true]},"uagb_author_info":{"display_name":"linda","author_link":"https:\/\/www.gamapa.de\/pl\/author\/linda\/"},"uagb_comment_info":0,"uagb_excerpt":"Wszystko wok\u00f3\u0142 nieruchomo\u015bci Doradzamy we wszystkich istotnych kwestiach prawnych, z jakimi zg\u0142aszaj\u0105 si\u0119 do nas inwestorzy, zarz\u0105dcy i najemcy nieruchomo\u015bci. Skorzystaj z naszego nadzwyczajnego know-how w najr\u00f3\u017cniejszych dziedzinach: Kupno i sprzeda\u017c nieruchomo\u015bci Finansowanie nieruchomo\u015bci Restrukturyzacja nieruchomo\u015bci \u201eproblematycznych\u201d Opracowanie um\u00f3w najmu w przypadku du\u017cych nieruchomo\u015bci (w szczeg\u00f3lno\u015bci handel detaliczny) Specjalistyczna kontrola w zakresie rozliczania koszt\u00f3w eksploatacyjnych&hellip;","_links":{"self":[{"href":"https:\/\/www.gamapa.de\/pl\/wp-json\/wp\/v2\/pages\/5720","targetHints":{"allow":["GET"]}}],"collection":[{"href":"https:\/\/www.gamapa.de\/pl\/wp-json\/wp\/v2\/pages"}],"about":[{"href":"https:\/\/www.gamapa.de\/pl\/wp-json\/wp\/v2\/types\/page"}],"author":[{"embeddable":true,"href":"https:\/\/www.gamapa.de\/pl\/wp-json\/wp\/v2\/users\/1"}],"replies":[{"embeddable":true,"href":"https:\/\/www.gamapa.de\/pl\/wp-json\/wp\/v2\/comments?post=5720"}],"version-history":[{"count":3,"href":"https:\/\/www.gamapa.de\/pl\/wp-json\/wp\/v2\/pages\/5720\/revisions"}],"predecessor-version":[{"id":7193,"href":"https:\/\/www.gamapa.de\/pl\/wp-json\/wp\/v2\/pages\/5720\/revisions\/7193"}],"up":[{"embeddable":true,"href":"https:\/\/www.gamapa.de\/pl\/wp-json\/wp\/v2\/pages\/5659"}],"wp:featuredmedia":[{"embeddable":true,"href":"https:\/\/www.gamapa.de\/pl\/wp-json\/wp\/v2\/media\/3881"}],"wp:attachment":[{"href":"https:\/\/www.gamapa.de\/pl\/wp-json\/wp\/v2\/media?parent=5720"}],"curies":[{"name":"wp","href":"https:\/\/api.w.org\/{rel}","templated":true}]}}