

{"id":5736,"date":"2020-03-11T10:19:36","date_gmt":"2020-03-11T09:19:36","guid":{"rendered":"https:\/\/www.gamapa.de\/rechtsberatung\/ehe-und-familienrecht\/"},"modified":"2021-07-28T13:32:20","modified_gmt":"2021-07-28T11:32:20","slug":"prawo-malzenskie-i-rodzinne","status":"publish","type":"page","link":"https:\/\/www.gamapa.de\/pl\/dziedziny-swiadczonych-uslug-doradczych\/doradztwo-prawne\/prawo-malzenskie-i-rodzinne\/","title":{"rendered":"Prawo ma\u0142\u017ce\u0144skie i rodzinne"},"content":{"rendered":"\n<h2 class=\"wp-block-heading\">Od intercyzy po spory<\/h2>\n\n\n\n<p>Cz\u0119sto wartym rozwa\u017cenia \u2013 a w przypadku wi\u0119kszo\u015bci przedsi\u0119biorc\u00f3w niezb\u0119dnym \u2013 rozwi\u0105zaniem jest zawarcie ma\u0142\u017ce\u0144skiej umowy maj\u0105tkowej. W wielu przypadkach przyszli ma\u0142\u017conkowie s\u0105 do tego wr\u0119cz zobowi\u0105zani na mocy umowy sp\u00f3\u0142ki. Ma to na celu zapewnienie odpowiedniego zabezpieczenia maj\u0105tku lub udzia\u0142\u00f3w w firmie w razie rozwodu. Dzi\u0119ki wysokim kwalifikacjom naszej prawniczki specjalizuj\u0105cej si\u0119 w prawie rodzinnym jeste\u015bmy w stanie przygotowa\u0107 indywidualne rozwi\u0105zania, dostosowuj\u0105c je dok\u0142adnie do oczekiwa\u0144 klient\u00f3w.<\/p>\n\n\n\n<p>W przypadku rozstania gwarantujemy szybkie i rozs\u0105dne pod wzgl\u0119dem finansowym za\u0142atwienie formalno\u015bci i wszystkich wymagaj\u0105cych uregulowania kwestii dotycz\u0105cych podzia\u0142u wsp\u00f3lnoty maj\u0105tkowej, wyr\u00f3wnania dorobk\u00f3w, spe\u0142nienia obowi\u0105zku alimentacyjnego pomi\u0119dzy ma\u0142\u017conkami pozostaj\u0105cymi w separacji i ju\u017c rozwiedzionymi, \u015bwiadcze\u0144 alimentacyjnych na dzieci, prawa do opieki nad dzieckiem oraz prawa do kontaktu z nim. Naszym celem jest opracowanie kompleksowej koncepcji ca\u0142ego procesu i, je\u017celi to konieczne, dokonanie wyceny przedsi\u0119biorstwa lub nieruchomo\u015bci przez naszych specjalist\u00f3w.<\/p>\n\n\n\n<p>U\u0142atwiamy stronom wypracowanie merytorycznego porozumienia w sprawie skutk\u00f3w separacji lub rozwodu. Pozwoli to unikn\u0105\u0107 przed\u0142u\u017caj\u0105cych si\u0119 spor\u00f3w na kolejnych etapach. Je\u017celi mimo nie uda si\u0119 unikn\u0105\u0107 konfliktu, odpowiadamy za dochodzenie roszcze\u0144 przez naszych klient\u00f3w na drodze s\u0105dowej w D\u00fcsseldorfie oraz reprezentujemy ich przed wszystkim niemieckimi s\u0105dami rejonowymi i wy\u017cszymi s\u0105dami krajowymi.<\/p>\n\n\n\n<p>Opr\u00f3cz typowych spraw rozwodowych, zajmujemy si\u0119 r\u00f3wnie\u017c wszystkimi obszarami prawa rodzinnego, takimi jak m. in. dochodzenie lub obrona roszcze\u0144 alimentacyjnych wysuni\u0119tych przez matk\u0119 dziecka niepozostaj\u0105c\u0105 w zwi\u0105zku ma\u0142\u017ce\u0144skim z jego ojcem, wnioski o zmian\u0119 postanowie\u0144 wydanych w sprawach rodzinnych, utrata i wyga\u015bni\u0119cie zobowi\u0105za\u0144 alimentacyjnych lub \u017c\u0105danie zwrotu \u015brodk\u00f3w finansowych przekazanych przez te\u015bci\u00f3w zi\u0119ciowi lub synowej.<\/p>\n","protected":false},"excerpt":{"rendered":"<p>Od intercyzy po spory Cz\u0119sto wartym rozwa\u017cenia \u2013 a w przypadku wi\u0119kszo\u015bci przedsi\u0119biorc\u00f3w niezb\u0119dnym \u2013 rozwi\u0105zaniem jest zawarcie ma\u0142\u017ce\u0144skiej umowy maj\u0105tkowej. W wielu przypadkach przyszli ma\u0142\u017conkowie s\u0105 do tego wr\u0119cz zobowi\u0105zani na mocy umowy sp\u00f3\u0142ki. Ma to na celu zapewnienie odpowiedniego zabezpieczenia maj\u0105tku lub udzia\u0142\u00f3w w firmie w razie rozwodu. Dzi\u0119ki wysokim kwalifikacjom naszej prawniczki <a href=\"https:\/\/www.gamapa.de\/pl\/dziedziny-swiadczonych-uslug-doradczych\/doradztwo-prawne\/prawo-malzenskie-i-rodzinne\/\">[\u2026]<\/a><\/p>\n","protected":false},"author":1,"featured_media":3881,"parent":5659,"menu_order":6,"comment_status":"closed","ping_status":"closed","template":"templates\/template-simple-site.php","meta":{"_acf_changed":false,"_uag_custom_page_level_css":"","footnotes":""},"class_list":["post-5736","page","type-page","status-publish","has-post-thumbnail","hentry"],"acf":[],"yoast_head":"<!-- This site is optimized with the Yoast SEO plugin v27.5 - https:\/\/yoast.com\/product\/yoast-seo-wordpress\/ -->\n<title>Prawo ma\u0142\u017ce\u0144skie i rodzinne - GANTEF\u00dcHRER<\/title>\n<meta name=\"description\" content=\"Ein Ehevertrag ist oft empfehlenswert \u2013 und gerade f\u00fcr Unternehmer*innen meist unerl\u00e4sslich. In vielen F\u00e4llen sind sie durch ihren Gesellschaftsvertrag sogar dazu verpflichtet.\" \/>\n<meta name=\"robots\" content=\"index, follow, max-snippet:-1, max-image-preview:large, max-video-preview:-1\" \/>\n<link rel=\"canonical\" href=\"https:\/\/www.gamapa.de\/pl\/dziedziny-swiadczonych-uslug-doradczych\/doradztwo-prawne\/prawo-malzenskie-i-rodzinne\/\" \/>\n<meta property=\"og:locale\" content=\"pl_PL\" \/>\n<meta property=\"og:type\" content=\"article\" \/>\n<meta property=\"og:title\" content=\"Prawo ma\u0142\u017ce\u0144skie i rodzinne - GANTEF\u00dcHRER\" \/>\n<meta property=\"og:description\" content=\"Ein Ehevertrag ist oft empfehlenswert \u2013 und gerade f\u00fcr Unternehmer*innen meist unerl\u00e4sslich. In vielen F\u00e4llen sind sie durch ihren Gesellschaftsvertrag sogar dazu verpflichtet.\" \/>\n<meta property=\"og:url\" content=\"https:\/\/www.gamapa.de\/pl\/dziedziny-swiadczonych-uslug-doradczych\/doradztwo-prawne\/prawo-malzenskie-i-rodzinne\/\" \/>\n<meta property=\"og:site_name\" content=\"GANTEF\u00dcHRER\" \/>\n<meta property=\"article:modified_time\" content=\"2021-07-28T11:32:20+00:00\" \/>\n<meta property=\"og:image\" content=\"https:\/\/www.gamapa.de\/wp-content\/uploads\/2020\/07\/U-Header-Rechtsgebiete-2-1-scaled.jpg\" \/>\n\t<meta property=\"og:image:width\" content=\"2560\" \/>\n\t<meta property=\"og:image:height\" content=\"764\" \/>\n\t<meta property=\"og:image:type\" content=\"image\/jpeg\" \/>\n<meta name=\"twitter:card\" content=\"summary_large_image\" \/>\n<meta name=\"twitter:label1\" content=\"Szacowany czas czytania\" \/>\n\t<meta name=\"twitter:data1\" content=\"2 minuty\" \/>\n<script type=\"application\/ld+json\" class=\"yoast-schema-graph\">{\"@context\":\"https:\\\/\\\/schema.org\",\"@graph\":[{\"@type\":\"WebPage\",\"@id\":\"https:\\\/\\\/www.gamapa.de\\\/pl\\\/dziedziny-swiadczonych-uslug-doradczych\\\/doradztwo-prawne\\\/prawo-malzenskie-i-rodzinne\\\/\",\"url\":\"https:\\\/\\\/www.gamapa.de\\\/pl\\\/dziedziny-swiadczonych-uslug-doradczych\\\/doradztwo-prawne\\\/prawo-malzenskie-i-rodzinne\\\/\",\"name\":\"Prawo ma\u0142\u017ce\u0144skie i rodzinne - GANTEF\u00dcHRER\",\"isPartOf\":{\"@id\":\"https:\\\/\\\/www.gamapa.de\\\/pl\\\/#website\"},\"primaryImageOfPage\":{\"@id\":\"https:\\\/\\\/www.gamapa.de\\\/pl\\\/dziedziny-swiadczonych-uslug-doradczych\\\/doradztwo-prawne\\\/prawo-malzenskie-i-rodzinne\\\/#primaryimage\"},\"image\":{\"@id\":\"https:\\\/\\\/www.gamapa.de\\\/pl\\\/dziedziny-swiadczonych-uslug-doradczych\\\/doradztwo-prawne\\\/prawo-malzenskie-i-rodzinne\\\/#primaryimage\"},\"thumbnailUrl\":\"https:\\\/\\\/www.gamapa.de\\\/wp-content\\\/uploads\\\/2020\\\/07\\\/U-Header-Rechtsgebiete-2-1-scaled.jpg\",\"datePublished\":\"2020-03-11T09:19:36+00:00\",\"dateModified\":\"2021-07-28T11:32:20+00:00\",\"description\":\"Ein Ehevertrag ist oft empfehlenswert \u2013 und gerade f\u00fcr Unternehmer*innen meist unerl\u00e4sslich. In vielen F\u00e4llen sind sie durch ihren Gesellschaftsvertrag sogar dazu verpflichtet.\",\"breadcrumb\":{\"@id\":\"https:\\\/\\\/www.gamapa.de\\\/pl\\\/dziedziny-swiadczonych-uslug-doradczych\\\/doradztwo-prawne\\\/prawo-malzenskie-i-rodzinne\\\/#breadcrumb\"},\"inLanguage\":\"pl-PL\",\"potentialAction\":[{\"@type\":\"ReadAction\",\"target\":[\"https:\\\/\\\/www.gamapa.de\\\/pl\\\/dziedziny-swiadczonych-uslug-doradczych\\\/doradztwo-prawne\\\/prawo-malzenskie-i-rodzinne\\\/\"]}]},{\"@type\":\"ImageObject\",\"inLanguage\":\"pl-PL\",\"@id\":\"https:\\\/\\\/www.gamapa.de\\\/pl\\\/dziedziny-swiadczonych-uslug-doradczych\\\/doradztwo-prawne\\\/prawo-malzenskie-i-rodzinne\\\/#primaryimage\",\"url\":\"https:\\\/\\\/www.gamapa.de\\\/wp-content\\\/uploads\\\/2020\\\/07\\\/U-Header-Rechtsgebiete-2-1-scaled.jpg\",\"contentUrl\":\"https:\\\/\\\/www.gamapa.de\\\/wp-content\\\/uploads\\\/2020\\\/07\\\/U-Header-Rechtsgebiete-2-1-scaled.jpg\",\"width\":2560,\"height\":764,\"caption\":\"Anleger, Kunden und Gesch\u00e4ftspartner\"},{\"@type\":\"BreadcrumbList\",\"@id\":\"https:\\\/\\\/www.gamapa.de\\\/pl\\\/dziedziny-swiadczonych-uslug-doradczych\\\/doradztwo-prawne\\\/prawo-malzenskie-i-rodzinne\\\/#breadcrumb\",\"itemListElement\":[{\"@type\":\"ListItem\",\"position\":1,\"name\":\"Startseite\",\"item\":\"https:\\\/\\\/www.gamapa.de\\\/pl\\\/\"},{\"@type\":\"ListItem\",\"position\":2,\"name\":\"Obszar konsultacji\",\"item\":\"https:\\\/\\\/www.gamapa.de\\\/pl\\\/dziedziny-swiadczonych-uslug-doradczych\\\/\"},{\"@type\":\"ListItem\",\"position\":3,\"name\":\"Doradztwo prawne\",\"item\":\"https:\\\/\\\/www.gamapa.de\\\/pl\\\/dziedziny-swiadczonych-uslug-doradczych\\\/doradztwo-prawne\\\/\"},{\"@type\":\"ListItem\",\"position\":4,\"name\":\"Prawo ma\u0142\u017ce\u0144skie i rodzinne\"}]},{\"@type\":\"WebSite\",\"@id\":\"https:\\\/\\\/www.gamapa.de\\\/pl\\\/#website\",\"url\":\"https:\\\/\\\/www.gamapa.de\\\/pl\\\/\",\"name\":\"GANTEF\u00dcHRER\",\"description\":\"Wirtschaftspr\u00fcfer, Steuerberater, Rechtsanw\u00e4lte\",\"publisher\":{\"@id\":\"https:\\\/\\\/www.gamapa.de\\\/pl\\\/#organization\"},\"potentialAction\":[{\"@type\":\"SearchAction\",\"target\":{\"@type\":\"EntryPoint\",\"urlTemplate\":\"https:\\\/\\\/www.gamapa.de\\\/pl\\\/?s={search_term_string}\"},\"query-input\":{\"@type\":\"PropertyValueSpecification\",\"valueRequired\":true,\"valueName\":\"search_term_string\"}}],\"inLanguage\":\"pl-PL\"},{\"@type\":\"Organization\",\"@id\":\"https:\\\/\\\/www.gamapa.de\\\/pl\\\/#organization\",\"name\":\"Gantef\u00fchrer Wirtschaftspr\u00fcfer, Steuerberater, Rechtsanw\u00e4lte\",\"url\":\"https:\\\/\\\/www.gamapa.de\\\/pl\\\/\",\"logo\":{\"@type\":\"ImageObject\",\"inLanguage\":\"pl-PL\",\"@id\":\"https:\\\/\\\/www.gamapa.de\\\/pl\\\/#\\\/schema\\\/logo\\\/image\\\/\",\"url\":\"https:\\\/\\\/www.gamapa.de\\\/wp-content\\\/uploads\\\/2026\\\/01\\\/Logo-Gantefuehrer.png\",\"contentUrl\":\"https:\\\/\\\/www.gamapa.de\\\/wp-content\\\/uploads\\\/2026\\\/01\\\/Logo-Gantefuehrer.png\",\"width\":767,\"height\":156,\"caption\":\"Gantef\u00fchrer Wirtschaftspr\u00fcfer, Steuerberater, Rechtsanw\u00e4lte\"},\"image\":{\"@id\":\"https:\\\/\\\/www.gamapa.de\\\/pl\\\/#\\\/schema\\\/logo\\\/image\\\/\"}}]}<\/script>\n<!-- \/ Yoast SEO plugin. -->","yoast_head_json":{"title":"Prawo ma\u0142\u017ce\u0144skie i rodzinne - GANTEF\u00dcHRER","description":"Ein Ehevertrag ist oft empfehlenswert \u2013 und gerade f\u00fcr Unternehmer*innen meist unerl\u00e4sslich. In vielen F\u00e4llen sind sie durch ihren Gesellschaftsvertrag sogar dazu verpflichtet.","robots":{"index":"index","follow":"follow","max-snippet":"max-snippet:-1","max-image-preview":"max-image-preview:large","max-video-preview":"max-video-preview:-1"},"canonical":"https:\/\/www.gamapa.de\/pl\/dziedziny-swiadczonych-uslug-doradczych\/doradztwo-prawne\/prawo-malzenskie-i-rodzinne\/","og_locale":"pl_PL","og_type":"article","og_title":"Prawo ma\u0142\u017ce\u0144skie i rodzinne - GANTEF\u00dcHRER","og_description":"Ein Ehevertrag ist oft empfehlenswert \u2013 und gerade f\u00fcr Unternehmer*innen meist unerl\u00e4sslich. In vielen F\u00e4llen sind sie durch ihren Gesellschaftsvertrag sogar dazu verpflichtet.","og_url":"https:\/\/www.gamapa.de\/pl\/dziedziny-swiadczonych-uslug-doradczych\/doradztwo-prawne\/prawo-malzenskie-i-rodzinne\/","og_site_name":"GANTEF\u00dcHRER","article_modified_time":"2021-07-28T11:32:20+00:00","og_image":[{"width":2560,"height":764,"url":"https:\/\/www.gamapa.de\/wp-content\/uploads\/2020\/07\/U-Header-Rechtsgebiete-2-1-scaled.jpg","type":"image\/jpeg"}],"twitter_card":"summary_large_image","twitter_misc":{"Szacowany czas czytania":"2 minuty"},"schema":{"@context":"https:\/\/schema.org","@graph":[{"@type":"WebPage","@id":"https:\/\/www.gamapa.de\/pl\/dziedziny-swiadczonych-uslug-doradczych\/doradztwo-prawne\/prawo-malzenskie-i-rodzinne\/","url":"https:\/\/www.gamapa.de\/pl\/dziedziny-swiadczonych-uslug-doradczych\/doradztwo-prawne\/prawo-malzenskie-i-rodzinne\/","name":"Prawo ma\u0142\u017ce\u0144skie i rodzinne - GANTEF\u00dcHRER","isPartOf":{"@id":"https:\/\/www.gamapa.de\/pl\/#website"},"primaryImageOfPage":{"@id":"https:\/\/www.gamapa.de\/pl\/dziedziny-swiadczonych-uslug-doradczych\/doradztwo-prawne\/prawo-malzenskie-i-rodzinne\/#primaryimage"},"image":{"@id":"https:\/\/www.gamapa.de\/pl\/dziedziny-swiadczonych-uslug-doradczych\/doradztwo-prawne\/prawo-malzenskie-i-rodzinne\/#primaryimage"},"thumbnailUrl":"https:\/\/www.gamapa.de\/wp-content\/uploads\/2020\/07\/U-Header-Rechtsgebiete-2-1-scaled.jpg","datePublished":"2020-03-11T09:19:36+00:00","dateModified":"2021-07-28T11:32:20+00:00","description":"Ein Ehevertrag ist oft empfehlenswert \u2013 und gerade f\u00fcr Unternehmer*innen meist unerl\u00e4sslich. In vielen F\u00e4llen sind sie durch ihren Gesellschaftsvertrag sogar dazu verpflichtet.","breadcrumb":{"@id":"https:\/\/www.gamapa.de\/pl\/dziedziny-swiadczonych-uslug-doradczych\/doradztwo-prawne\/prawo-malzenskie-i-rodzinne\/#breadcrumb"},"inLanguage":"pl-PL","potentialAction":[{"@type":"ReadAction","target":["https:\/\/www.gamapa.de\/pl\/dziedziny-swiadczonych-uslug-doradczych\/doradztwo-prawne\/prawo-malzenskie-i-rodzinne\/"]}]},{"@type":"ImageObject","inLanguage":"pl-PL","@id":"https:\/\/www.gamapa.de\/pl\/dziedziny-swiadczonych-uslug-doradczych\/doradztwo-prawne\/prawo-malzenskie-i-rodzinne\/#primaryimage","url":"https:\/\/www.gamapa.de\/wp-content\/uploads\/2020\/07\/U-Header-Rechtsgebiete-2-1-scaled.jpg","contentUrl":"https:\/\/www.gamapa.de\/wp-content\/uploads\/2020\/07\/U-Header-Rechtsgebiete-2-1-scaled.jpg","width":2560,"height":764,"caption":"Anleger, Kunden und Gesch\u00e4ftspartner"},{"@type":"BreadcrumbList","@id":"https:\/\/www.gamapa.de\/pl\/dziedziny-swiadczonych-uslug-doradczych\/doradztwo-prawne\/prawo-malzenskie-i-rodzinne\/#breadcrumb","itemListElement":[{"@type":"ListItem","position":1,"name":"Startseite","item":"https:\/\/www.gamapa.de\/pl\/"},{"@type":"ListItem","position":2,"name":"Obszar konsultacji","item":"https:\/\/www.gamapa.de\/pl\/dziedziny-swiadczonych-uslug-doradczych\/"},{"@type":"ListItem","position":3,"name":"Doradztwo prawne","item":"https:\/\/www.gamapa.de\/pl\/dziedziny-swiadczonych-uslug-doradczych\/doradztwo-prawne\/"},{"@type":"ListItem","position":4,"name":"Prawo ma\u0142\u017ce\u0144skie i rodzinne"}]},{"@type":"WebSite","@id":"https:\/\/www.gamapa.de\/pl\/#website","url":"https:\/\/www.gamapa.de\/pl\/","name":"GANTEF\u00dcHRER","description":"Wirtschaftspr\u00fcfer, Steuerberater, Rechtsanw\u00e4lte","publisher":{"@id":"https:\/\/www.gamapa.de\/pl\/#organization"},"potentialAction":[{"@type":"SearchAction","target":{"@type":"EntryPoint","urlTemplate":"https:\/\/www.gamapa.de\/pl\/?s={search_term_string}"},"query-input":{"@type":"PropertyValueSpecification","valueRequired":true,"valueName":"search_term_string"}}],"inLanguage":"pl-PL"},{"@type":"Organization","@id":"https:\/\/www.gamapa.de\/pl\/#organization","name":"Gantef\u00fchrer Wirtschaftspr\u00fcfer, Steuerberater, Rechtsanw\u00e4lte","url":"https:\/\/www.gamapa.de\/pl\/","logo":{"@type":"ImageObject","inLanguage":"pl-PL","@id":"https:\/\/www.gamapa.de\/pl\/#\/schema\/logo\/image\/","url":"https:\/\/www.gamapa.de\/wp-content\/uploads\/2026\/01\/Logo-Gantefuehrer.png","contentUrl":"https:\/\/www.gamapa.de\/wp-content\/uploads\/2026\/01\/Logo-Gantefuehrer.png","width":767,"height":156,"caption":"Gantef\u00fchrer Wirtschaftspr\u00fcfer, Steuerberater, Rechtsanw\u00e4lte"},"image":{"@id":"https:\/\/www.gamapa.de\/pl\/#\/schema\/logo\/image\/"}}]}},"uagb_featured_image_src":{"full":["https:\/\/www.gamapa.de\/wp-content\/uploads\/2020\/07\/U-Header-Rechtsgebiete-2-1-scaled.jpg",2560,764,false],"thumbnail":["https:\/\/www.gamapa.de\/wp-content\/uploads\/2020\/07\/U-Header-Rechtsgebiete-2-1-150x150.jpg",150,150,true],"medium":["https:\/\/www.gamapa.de\/wp-content\/uploads\/2020\/07\/U-Header-Rechtsgebiete-2-1-600x179.jpg",600,179,true],"medium_large":["https:\/\/www.gamapa.de\/wp-content\/uploads\/2020\/07\/U-Header-Rechtsgebiete-2-1-768x229.jpg",580,173,true],"large":["https:\/\/www.gamapa.de\/wp-content\/uploads\/2020\/07\/U-Header-Rechtsgebiete-2-1-scaled.jpg",580,173,false],"gs-tiny":["https:\/\/www.gamapa.de\/wp-content\/uploads\/2020\/07\/U-Header-Rechtsgebiete-2-1-scaled.jpg",50,15,false],"xl":["https:\/\/www.gamapa.de\/wp-content\/uploads\/2020\/07\/U-Header-Rechtsgebiete-2-1-scaled.jpg",1600,478,false],"xxl":["https:\/\/www.gamapa.de\/wp-content\/uploads\/2020\/07\/U-Header-Rechtsgebiete-2-1-scaled.jpg",2200,657,false],"xxxl":["https:\/\/www.gamapa.de\/wp-content\/uploads\/2020\/07\/U-Header-Rechtsgebiete-2-1-scaled.jpg",2560,764,false],"xxxxl":["https:\/\/www.gamapa.de\/wp-content\/uploads\/2020\/07\/U-Header-Rechtsgebiete-2-1-scaled.jpg",2560,764,false],"xxxxxl":["https:\/\/www.gamapa.de\/wp-content\/uploads\/2020\/07\/U-Header-Rechtsgebiete-2-1-scaled.jpg",2560,764,false],"1536x1536":["https:\/\/www.gamapa.de\/wp-content\/uploads\/2020\/07\/U-Header-Rechtsgebiete-2-1-1536x458.jpg",1536,458,true],"2048x2048":["https:\/\/www.gamapa.de\/wp-content\/uploads\/2020\/07\/U-Header-Rechtsgebiete-2-1-2048x611.jpg",2048,611,true],"post-thumbnail":["https:\/\/www.gamapa.de\/wp-content\/uploads\/2020\/07\/U-Header-Rechtsgebiete-2-1-scaled.jpg",2560,764,false],"twentytwenty-fullscreen":["https:\/\/www.gamapa.de\/wp-content\/uploads\/2020\/07\/U-Header-Rechtsgebiete-2-1-scaled.jpg",2560,764,false],"theme-slug-single-post":["https:\/\/www.gamapa.de\/wp-content\/uploads\/2020\/07\/U-Header-Rechtsgebiete-2-1-1600x400.jpg",1600,400,true]},"uagb_author_info":{"display_name":"linda","author_link":"https:\/\/www.gamapa.de\/pl\/author\/linda\/"},"uagb_comment_info":0,"uagb_excerpt":"Od intercyzy po spory Cz\u0119sto wartym rozwa\u017cenia \u2013 a w przypadku wi\u0119kszo\u015bci przedsi\u0119biorc\u00f3w niezb\u0119dnym \u2013 rozwi\u0105zaniem jest zawarcie ma\u0142\u017ce\u0144skiej umowy maj\u0105tkowej. W wielu przypadkach przyszli ma\u0142\u017conkowie s\u0105 do tego wr\u0119cz zobowi\u0105zani na mocy umowy sp\u00f3\u0142ki. Ma to na celu zapewnienie odpowiedniego zabezpieczenia maj\u0105tku lub udzia\u0142\u00f3w w firmie w razie rozwodu. Dzi\u0119ki wysokim kwalifikacjom naszej prawniczki&hellip;","_links":{"self":[{"href":"https:\/\/www.gamapa.de\/pl\/wp-json\/wp\/v2\/pages\/5736","targetHints":{"allow":["GET"]}}],"collection":[{"href":"https:\/\/www.gamapa.de\/pl\/wp-json\/wp\/v2\/pages"}],"about":[{"href":"https:\/\/www.gamapa.de\/pl\/wp-json\/wp\/v2\/types\/page"}],"author":[{"embeddable":true,"href":"https:\/\/www.gamapa.de\/pl\/wp-json\/wp\/v2\/users\/1"}],"replies":[{"embeddable":true,"href":"https:\/\/www.gamapa.de\/pl\/wp-json\/wp\/v2\/comments?post=5736"}],"version-history":[{"count":2,"href":"https:\/\/www.gamapa.de\/pl\/wp-json\/wp\/v2\/pages\/5736\/revisions"}],"predecessor-version":[{"id":7207,"href":"https:\/\/www.gamapa.de\/pl\/wp-json\/wp\/v2\/pages\/5736\/revisions\/7207"}],"up":[{"embeddable":true,"href":"https:\/\/www.gamapa.de\/pl\/wp-json\/wp\/v2\/pages\/5659"}],"wp:featuredmedia":[{"embeddable":true,"href":"https:\/\/www.gamapa.de\/pl\/wp-json\/wp\/v2\/media\/3881"}],"wp:attachment":[{"href":"https:\/\/www.gamapa.de\/pl\/wp-json\/wp\/v2\/media?parent=5736"}],"curies":[{"name":"wp","href":"https:\/\/api.w.org\/{rel}","templated":true}]}}