

{"id":5740,"date":"2020-03-11T10:19:54","date_gmt":"2020-03-11T09:19:54","guid":{"rendered":"https:\/\/www.gamapa.de\/rechtsberatung\/erbrecht\/"},"modified":"2021-07-28T16:40:35","modified_gmt":"2021-07-28T14:40:35","slug":"prawo-spadkowe","status":"publish","type":"page","link":"https:\/\/www.gamapa.de\/pl\/dziedziny-swiadczonych-uslug-doradczych\/doradztwo-prawne\/prawo-spadkowe\/","title":{"rendered":"Prawo spadkowe"},"content":{"rendered":"\n<h2 class=\"wp-block-heading\">Dziedzina prawa o szczeg\u00f3lnym charakterze<\/h2>\n\n\n\n<p>\u201eCo b\u0119dzie, kiedy mnie zabraknie?\u201d Kwestie dziedziczenia maj\u0105 ogromn\u0105, wr\u0119cz egzystencjaln\u0105, wag\u0119 dla przedsi\u0119biorc\u00f3w. Zale\u017cy im przede wszystkim na zabezpieczeniu maj\u0105tku i firmy. Dla klient\u00f3w, kt\u00f3rzy chc\u0105 z wyprzedzeniem zadba\u0107 o te sprawy, opracowujemy rozwi\u0105zania elastyczne i zoptymalizowane pod wzgl\u0119dem podatkowym. W ten spos\u00f3b wspieramy ich i ich spadkobierc\u00f3w cz\u0119sto w perspektywie d\u0142ugofalowej. Dzi\u0119ki temu jeste\u015bmy w stanie szybko reagowa\u0107 na zmiany zachodz\u0105ce w ich \u017cyciu osobistym i w sytuacji przedsi\u0119biorstwa. Doradztwo prawne \u015bci\u015ble wi\u0105\u017ce si\u0119 w tym zakresie z doradztwem podatkowym.<\/p>\n\n\n\n<p>Obszary specjalizacji w dziedzinie prawa spadkowego:<\/p>\n\n\n\n<ul class=\"wp-block-list\"><li>Pe\u0142nomocnictwa prewencyjne i inne prywatne dokumenty dotycz\u0105ce opieki<\/li><li>Planowanie realizacji przekazania maj\u0105tku i przedsi\u0119biorstwa<\/li><li>Sporz\u0105dzanie testament\u00f3w w\u0142a\u015bcicieli przedsi\u0119biorstw i um\u00f3w spadkowych; weryfikacja intercyz<\/li><li>Pe\u0142nienie roli wykonawcy testamentu<\/li><li>Ugody w przypadku spor\u00f3w o spadek<\/li><li>Dochodzenie roszcze\u0144 spadkowych na drodze s\u0105dowej<\/li><\/ul>\n","protected":false},"excerpt":{"rendered":"<p>Dziedzina prawa o szczeg\u00f3lnym charakterze \u201eCo b\u0119dzie, kiedy mnie zabraknie?\u201d Kwestie dziedziczenia maj\u0105 ogromn\u0105, wr\u0119cz egzystencjaln\u0105, wag\u0119 dla przedsi\u0119biorc\u00f3w. Zale\u017cy im przede wszystkim na zabezpieczeniu maj\u0105tku i firmy. Dla klient\u00f3w, kt\u00f3rzy chc\u0105 z wyprzedzeniem zadba\u0107 o te sprawy, opracowujemy rozwi\u0105zania elastyczne i zoptymalizowane pod wzgl\u0119dem podatkowym. W ten spos\u00f3b wspieramy ich i ich spadkobierc\u00f3w cz\u0119sto <a href=\"https:\/\/www.gamapa.de\/pl\/dziedziny-swiadczonych-uslug-doradczych\/doradztwo-prawne\/prawo-spadkowe\/\">[\u2026]<\/a><\/p>\n","protected":false},"author":1,"featured_media":3881,"parent":5659,"menu_order":7,"comment_status":"closed","ping_status":"closed","template":"templates\/template-simple-site.php","meta":{"_acf_changed":false,"_uag_custom_page_level_css":"","footnotes":""},"class_list":["post-5740","page","type-page","status-publish","has-post-thumbnail","hentry"],"acf":[],"yoast_head":"<!-- This site is optimized with the Yoast SEO plugin v27.3 - https:\/\/yoast.com\/product\/yoast-seo-wordpress\/ -->\n<title>Prawo spadkowe - GANTEF\u00dcHRER<\/title>\n<meta name=\"description\" content=\"Was wird wenn? Die Nachfolge rechtzeitig zu kl\u00e4ren, ist von existenzieller Bedeutung f\u00fcr Unternehmer*innen. Denn das kann den Bestand des Verm\u00f6gens und des Unternehmens sichern.\" \/>\n<meta name=\"robots\" content=\"index, follow, max-snippet:-1, max-image-preview:large, max-video-preview:-1\" \/>\n<link rel=\"canonical\" href=\"https:\/\/www.gamapa.de\/pl\/dziedziny-swiadczonych-uslug-doradczych\/doradztwo-prawne\/prawo-spadkowe\/\" \/>\n<meta property=\"og:locale\" content=\"pl_PL\" \/>\n<meta property=\"og:type\" content=\"article\" \/>\n<meta property=\"og:title\" content=\"Prawo spadkowe - GANTEF\u00dcHRER\" \/>\n<meta property=\"og:description\" content=\"Was wird wenn? Die Nachfolge rechtzeitig zu kl\u00e4ren, ist von existenzieller Bedeutung f\u00fcr Unternehmer*innen. Denn das kann den Bestand des Verm\u00f6gens und des Unternehmens sichern.\" \/>\n<meta property=\"og:url\" content=\"https:\/\/www.gamapa.de\/pl\/dziedziny-swiadczonych-uslug-doradczych\/doradztwo-prawne\/prawo-spadkowe\/\" \/>\n<meta property=\"og:site_name\" content=\"GANTEF\u00dcHRER\" \/>\n<meta property=\"article:modified_time\" content=\"2021-07-28T14:40:35+00:00\" \/>\n<meta property=\"og:image\" content=\"https:\/\/www.gamapa.de\/wp-content\/uploads\/2020\/07\/U-Header-Rechtsgebiete-2-1-scaled.jpg\" \/>\n\t<meta property=\"og:image:width\" content=\"2560\" \/>\n\t<meta property=\"og:image:height\" content=\"764\" \/>\n\t<meta property=\"og:image:type\" content=\"image\/jpeg\" \/>\n<meta name=\"twitter:card\" content=\"summary_large_image\" \/>\n<meta name=\"twitter:label1\" content=\"Szacowany czas czytania\" \/>\n\t<meta name=\"twitter:data1\" content=\"1 minuta\" \/>\n<script type=\"application\/ld+json\" class=\"yoast-schema-graph\">{\"@context\":\"https:\\\/\\\/schema.org\",\"@graph\":[{\"@type\":\"WebPage\",\"@id\":\"https:\\\/\\\/www.gamapa.de\\\/pl\\\/dziedziny-swiadczonych-uslug-doradczych\\\/doradztwo-prawne\\\/prawo-spadkowe\\\/\",\"url\":\"https:\\\/\\\/www.gamapa.de\\\/pl\\\/dziedziny-swiadczonych-uslug-doradczych\\\/doradztwo-prawne\\\/prawo-spadkowe\\\/\",\"name\":\"Prawo spadkowe - GANTEF\u00dcHRER\",\"isPartOf\":{\"@id\":\"https:\\\/\\\/www.gamapa.de\\\/pl\\\/#website\"},\"primaryImageOfPage\":{\"@id\":\"https:\\\/\\\/www.gamapa.de\\\/pl\\\/dziedziny-swiadczonych-uslug-doradczych\\\/doradztwo-prawne\\\/prawo-spadkowe\\\/#primaryimage\"},\"image\":{\"@id\":\"https:\\\/\\\/www.gamapa.de\\\/pl\\\/dziedziny-swiadczonych-uslug-doradczych\\\/doradztwo-prawne\\\/prawo-spadkowe\\\/#primaryimage\"},\"thumbnailUrl\":\"https:\\\/\\\/www.gamapa.de\\\/wp-content\\\/uploads\\\/2020\\\/07\\\/U-Header-Rechtsgebiete-2-1-scaled.jpg\",\"datePublished\":\"2020-03-11T09:19:54+00:00\",\"dateModified\":\"2021-07-28T14:40:35+00:00\",\"description\":\"Was wird wenn? Die Nachfolge rechtzeitig zu kl\u00e4ren, ist von existenzieller Bedeutung f\u00fcr Unternehmer*innen. Denn das kann den Bestand des Verm\u00f6gens und des Unternehmens sichern.\",\"breadcrumb\":{\"@id\":\"https:\\\/\\\/www.gamapa.de\\\/pl\\\/dziedziny-swiadczonych-uslug-doradczych\\\/doradztwo-prawne\\\/prawo-spadkowe\\\/#breadcrumb\"},\"inLanguage\":\"pl-PL\",\"potentialAction\":[{\"@type\":\"ReadAction\",\"target\":[\"https:\\\/\\\/www.gamapa.de\\\/pl\\\/dziedziny-swiadczonych-uslug-doradczych\\\/doradztwo-prawne\\\/prawo-spadkowe\\\/\"]}]},{\"@type\":\"ImageObject\",\"inLanguage\":\"pl-PL\",\"@id\":\"https:\\\/\\\/www.gamapa.de\\\/pl\\\/dziedziny-swiadczonych-uslug-doradczych\\\/doradztwo-prawne\\\/prawo-spadkowe\\\/#primaryimage\",\"url\":\"https:\\\/\\\/www.gamapa.de\\\/wp-content\\\/uploads\\\/2020\\\/07\\\/U-Header-Rechtsgebiete-2-1-scaled.jpg\",\"contentUrl\":\"https:\\\/\\\/www.gamapa.de\\\/wp-content\\\/uploads\\\/2020\\\/07\\\/U-Header-Rechtsgebiete-2-1-scaled.jpg\",\"width\":2560,\"height\":764,\"caption\":\"Anleger, Kunden und Gesch\u00e4ftspartner\"},{\"@type\":\"BreadcrumbList\",\"@id\":\"https:\\\/\\\/www.gamapa.de\\\/pl\\\/dziedziny-swiadczonych-uslug-doradczych\\\/doradztwo-prawne\\\/prawo-spadkowe\\\/#breadcrumb\",\"itemListElement\":[{\"@type\":\"ListItem\",\"position\":1,\"name\":\"Startseite\",\"item\":\"https:\\\/\\\/www.gamapa.de\\\/pl\\\/\"},{\"@type\":\"ListItem\",\"position\":2,\"name\":\"Obszar konsultacji\",\"item\":\"https:\\\/\\\/www.gamapa.de\\\/pl\\\/dziedziny-swiadczonych-uslug-doradczych\\\/\"},{\"@type\":\"ListItem\",\"position\":3,\"name\":\"Doradztwo prawne\",\"item\":\"https:\\\/\\\/www.gamapa.de\\\/pl\\\/dziedziny-swiadczonych-uslug-doradczych\\\/doradztwo-prawne\\\/\"},{\"@type\":\"ListItem\",\"position\":4,\"name\":\"Prawo spadkowe\"}]},{\"@type\":\"WebSite\",\"@id\":\"https:\\\/\\\/www.gamapa.de\\\/pl\\\/#website\",\"url\":\"https:\\\/\\\/www.gamapa.de\\\/pl\\\/\",\"name\":\"GANTEF\u00dcHRER\",\"description\":\"Wirtschaftspr\u00fcfer, Steuerberater, Rechtsanw\u00e4lte\",\"publisher\":{\"@id\":\"https:\\\/\\\/www.gamapa.de\\\/pl\\\/#organization\"},\"potentialAction\":[{\"@type\":\"SearchAction\",\"target\":{\"@type\":\"EntryPoint\",\"urlTemplate\":\"https:\\\/\\\/www.gamapa.de\\\/pl\\\/?s={search_term_string}\"},\"query-input\":{\"@type\":\"PropertyValueSpecification\",\"valueRequired\":true,\"valueName\":\"search_term_string\"}}],\"inLanguage\":\"pl-PL\"},{\"@type\":\"Organization\",\"@id\":\"https:\\\/\\\/www.gamapa.de\\\/pl\\\/#organization\",\"name\":\"Gantef\u00fchrer Wirtschaftspr\u00fcfer, Steuerberater, Rechtsanw\u00e4lte\",\"url\":\"https:\\\/\\\/www.gamapa.de\\\/pl\\\/\",\"logo\":{\"@type\":\"ImageObject\",\"inLanguage\":\"pl-PL\",\"@id\":\"https:\\\/\\\/www.gamapa.de\\\/pl\\\/#\\\/schema\\\/logo\\\/image\\\/\",\"url\":\"https:\\\/\\\/www.gamapa.de\\\/wp-content\\\/uploads\\\/2026\\\/01\\\/Logo-Gantefuehrer.png\",\"contentUrl\":\"https:\\\/\\\/www.gamapa.de\\\/wp-content\\\/uploads\\\/2026\\\/01\\\/Logo-Gantefuehrer.png\",\"width\":767,\"height\":156,\"caption\":\"Gantef\u00fchrer Wirtschaftspr\u00fcfer, Steuerberater, Rechtsanw\u00e4lte\"},\"image\":{\"@id\":\"https:\\\/\\\/www.gamapa.de\\\/pl\\\/#\\\/schema\\\/logo\\\/image\\\/\"}}]}<\/script>\n<!-- \/ Yoast SEO plugin. -->","yoast_head_json":{"title":"Prawo spadkowe - GANTEF\u00dcHRER","description":"Was wird wenn? Die Nachfolge rechtzeitig zu kl\u00e4ren, ist von existenzieller Bedeutung f\u00fcr Unternehmer*innen. Denn das kann den Bestand des Verm\u00f6gens und des Unternehmens sichern.","robots":{"index":"index","follow":"follow","max-snippet":"max-snippet:-1","max-image-preview":"max-image-preview:large","max-video-preview":"max-video-preview:-1"},"canonical":"https:\/\/www.gamapa.de\/pl\/dziedziny-swiadczonych-uslug-doradczych\/doradztwo-prawne\/prawo-spadkowe\/","og_locale":"pl_PL","og_type":"article","og_title":"Prawo spadkowe - GANTEF\u00dcHRER","og_description":"Was wird wenn? Die Nachfolge rechtzeitig zu kl\u00e4ren, ist von existenzieller Bedeutung f\u00fcr Unternehmer*innen. Denn das kann den Bestand des Verm\u00f6gens und des Unternehmens sichern.","og_url":"https:\/\/www.gamapa.de\/pl\/dziedziny-swiadczonych-uslug-doradczych\/doradztwo-prawne\/prawo-spadkowe\/","og_site_name":"GANTEF\u00dcHRER","article_modified_time":"2021-07-28T14:40:35+00:00","og_image":[{"width":2560,"height":764,"url":"https:\/\/www.gamapa.de\/wp-content\/uploads\/2020\/07\/U-Header-Rechtsgebiete-2-1-scaled.jpg","type":"image\/jpeg"}],"twitter_card":"summary_large_image","twitter_misc":{"Szacowany czas czytania":"1 minuta"},"schema":{"@context":"https:\/\/schema.org","@graph":[{"@type":"WebPage","@id":"https:\/\/www.gamapa.de\/pl\/dziedziny-swiadczonych-uslug-doradczych\/doradztwo-prawne\/prawo-spadkowe\/","url":"https:\/\/www.gamapa.de\/pl\/dziedziny-swiadczonych-uslug-doradczych\/doradztwo-prawne\/prawo-spadkowe\/","name":"Prawo spadkowe - GANTEF\u00dcHRER","isPartOf":{"@id":"https:\/\/www.gamapa.de\/pl\/#website"},"primaryImageOfPage":{"@id":"https:\/\/www.gamapa.de\/pl\/dziedziny-swiadczonych-uslug-doradczych\/doradztwo-prawne\/prawo-spadkowe\/#primaryimage"},"image":{"@id":"https:\/\/www.gamapa.de\/pl\/dziedziny-swiadczonych-uslug-doradczych\/doradztwo-prawne\/prawo-spadkowe\/#primaryimage"},"thumbnailUrl":"https:\/\/www.gamapa.de\/wp-content\/uploads\/2020\/07\/U-Header-Rechtsgebiete-2-1-scaled.jpg","datePublished":"2020-03-11T09:19:54+00:00","dateModified":"2021-07-28T14:40:35+00:00","description":"Was wird wenn? Die Nachfolge rechtzeitig zu kl\u00e4ren, ist von existenzieller Bedeutung f\u00fcr Unternehmer*innen. Denn das kann den Bestand des Verm\u00f6gens und des Unternehmens sichern.","breadcrumb":{"@id":"https:\/\/www.gamapa.de\/pl\/dziedziny-swiadczonych-uslug-doradczych\/doradztwo-prawne\/prawo-spadkowe\/#breadcrumb"},"inLanguage":"pl-PL","potentialAction":[{"@type":"ReadAction","target":["https:\/\/www.gamapa.de\/pl\/dziedziny-swiadczonych-uslug-doradczych\/doradztwo-prawne\/prawo-spadkowe\/"]}]},{"@type":"ImageObject","inLanguage":"pl-PL","@id":"https:\/\/www.gamapa.de\/pl\/dziedziny-swiadczonych-uslug-doradczych\/doradztwo-prawne\/prawo-spadkowe\/#primaryimage","url":"https:\/\/www.gamapa.de\/wp-content\/uploads\/2020\/07\/U-Header-Rechtsgebiete-2-1-scaled.jpg","contentUrl":"https:\/\/www.gamapa.de\/wp-content\/uploads\/2020\/07\/U-Header-Rechtsgebiete-2-1-scaled.jpg","width":2560,"height":764,"caption":"Anleger, Kunden und Gesch\u00e4ftspartner"},{"@type":"BreadcrumbList","@id":"https:\/\/www.gamapa.de\/pl\/dziedziny-swiadczonych-uslug-doradczych\/doradztwo-prawne\/prawo-spadkowe\/#breadcrumb","itemListElement":[{"@type":"ListItem","position":1,"name":"Startseite","item":"https:\/\/www.gamapa.de\/pl\/"},{"@type":"ListItem","position":2,"name":"Obszar konsultacji","item":"https:\/\/www.gamapa.de\/pl\/dziedziny-swiadczonych-uslug-doradczych\/"},{"@type":"ListItem","position":3,"name":"Doradztwo prawne","item":"https:\/\/www.gamapa.de\/pl\/dziedziny-swiadczonych-uslug-doradczych\/doradztwo-prawne\/"},{"@type":"ListItem","position":4,"name":"Prawo spadkowe"}]},{"@type":"WebSite","@id":"https:\/\/www.gamapa.de\/pl\/#website","url":"https:\/\/www.gamapa.de\/pl\/","name":"GANTEF\u00dcHRER","description":"Wirtschaftspr\u00fcfer, Steuerberater, Rechtsanw\u00e4lte","publisher":{"@id":"https:\/\/www.gamapa.de\/pl\/#organization"},"potentialAction":[{"@type":"SearchAction","target":{"@type":"EntryPoint","urlTemplate":"https:\/\/www.gamapa.de\/pl\/?s={search_term_string}"},"query-input":{"@type":"PropertyValueSpecification","valueRequired":true,"valueName":"search_term_string"}}],"inLanguage":"pl-PL"},{"@type":"Organization","@id":"https:\/\/www.gamapa.de\/pl\/#organization","name":"Gantef\u00fchrer Wirtschaftspr\u00fcfer, Steuerberater, Rechtsanw\u00e4lte","url":"https:\/\/www.gamapa.de\/pl\/","logo":{"@type":"ImageObject","inLanguage":"pl-PL","@id":"https:\/\/www.gamapa.de\/pl\/#\/schema\/logo\/image\/","url":"https:\/\/www.gamapa.de\/wp-content\/uploads\/2026\/01\/Logo-Gantefuehrer.png","contentUrl":"https:\/\/www.gamapa.de\/wp-content\/uploads\/2026\/01\/Logo-Gantefuehrer.png","width":767,"height":156,"caption":"Gantef\u00fchrer Wirtschaftspr\u00fcfer, Steuerberater, Rechtsanw\u00e4lte"},"image":{"@id":"https:\/\/www.gamapa.de\/pl\/#\/schema\/logo\/image\/"}}]}},"uagb_featured_image_src":{"full":["https:\/\/www.gamapa.de\/wp-content\/uploads\/2020\/07\/U-Header-Rechtsgebiete-2-1-scaled.jpg",2560,764,false],"thumbnail":["https:\/\/www.gamapa.de\/wp-content\/uploads\/2020\/07\/U-Header-Rechtsgebiete-2-1-150x150.jpg",150,150,true],"medium":["https:\/\/www.gamapa.de\/wp-content\/uploads\/2020\/07\/U-Header-Rechtsgebiete-2-1-600x179.jpg",600,179,true],"medium_large":["https:\/\/www.gamapa.de\/wp-content\/uploads\/2020\/07\/U-Header-Rechtsgebiete-2-1-768x229.jpg",580,173,true],"large":["https:\/\/www.gamapa.de\/wp-content\/uploads\/2020\/07\/U-Header-Rechtsgebiete-2-1-scaled.jpg",580,173,false],"gs-tiny":["https:\/\/www.gamapa.de\/wp-content\/uploads\/2020\/07\/U-Header-Rechtsgebiete-2-1-scaled.jpg",50,15,false],"xl":["https:\/\/www.gamapa.de\/wp-content\/uploads\/2020\/07\/U-Header-Rechtsgebiete-2-1-scaled.jpg",1600,478,false],"xxl":["https:\/\/www.gamapa.de\/wp-content\/uploads\/2020\/07\/U-Header-Rechtsgebiete-2-1-scaled.jpg",2200,657,false],"xxxl":["https:\/\/www.gamapa.de\/wp-content\/uploads\/2020\/07\/U-Header-Rechtsgebiete-2-1-scaled.jpg",2560,764,false],"xxxxl":["https:\/\/www.gamapa.de\/wp-content\/uploads\/2020\/07\/U-Header-Rechtsgebiete-2-1-scaled.jpg",2560,764,false],"xxxxxl":["https:\/\/www.gamapa.de\/wp-content\/uploads\/2020\/07\/U-Header-Rechtsgebiete-2-1-scaled.jpg",2560,764,false],"1536x1536":["https:\/\/www.gamapa.de\/wp-content\/uploads\/2020\/07\/U-Header-Rechtsgebiete-2-1-1536x458.jpg",1536,458,true],"2048x2048":["https:\/\/www.gamapa.de\/wp-content\/uploads\/2020\/07\/U-Header-Rechtsgebiete-2-1-2048x611.jpg",2048,611,true],"post-thumbnail":["https:\/\/www.gamapa.de\/wp-content\/uploads\/2020\/07\/U-Header-Rechtsgebiete-2-1-scaled.jpg",2560,764,false],"twentytwenty-fullscreen":["https:\/\/www.gamapa.de\/wp-content\/uploads\/2020\/07\/U-Header-Rechtsgebiete-2-1-scaled.jpg",2560,764,false],"theme-slug-single-post":["https:\/\/www.gamapa.de\/wp-content\/uploads\/2020\/07\/U-Header-Rechtsgebiete-2-1-1600x400.jpg",1600,400,true]},"uagb_author_info":{"display_name":"linda","author_link":"https:\/\/www.gamapa.de\/pl\/author\/linda\/"},"uagb_comment_info":0,"uagb_excerpt":"Dziedzina prawa o szczeg\u00f3lnym charakterze \u201eCo b\u0119dzie, kiedy mnie zabraknie?\u201d Kwestie dziedziczenia maj\u0105 ogromn\u0105, wr\u0119cz egzystencjaln\u0105, wag\u0119 dla przedsi\u0119biorc\u00f3w. Zale\u017cy im przede wszystkim na zabezpieczeniu maj\u0105tku i firmy. Dla klient\u00f3w, kt\u00f3rzy chc\u0105 z wyprzedzeniem zadba\u0107 o te sprawy, opracowujemy rozwi\u0105zania elastyczne i zoptymalizowane pod wzgl\u0119dem podatkowym. W ten spos\u00f3b wspieramy ich i ich spadkobierc\u00f3w cz\u0119sto&hellip;","_links":{"self":[{"href":"https:\/\/www.gamapa.de\/pl\/wp-json\/wp\/v2\/pages\/5740","targetHints":{"allow":["GET"]}}],"collection":[{"href":"https:\/\/www.gamapa.de\/pl\/wp-json\/wp\/v2\/pages"}],"about":[{"href":"https:\/\/www.gamapa.de\/pl\/wp-json\/wp\/v2\/types\/page"}],"author":[{"embeddable":true,"href":"https:\/\/www.gamapa.de\/pl\/wp-json\/wp\/v2\/users\/1"}],"replies":[{"embeddable":true,"href":"https:\/\/www.gamapa.de\/pl\/wp-json\/wp\/v2\/comments?post=5740"}],"version-history":[{"count":2,"href":"https:\/\/www.gamapa.de\/pl\/wp-json\/wp\/v2\/pages\/5740\/revisions"}],"predecessor-version":[{"id":7209,"href":"https:\/\/www.gamapa.de\/pl\/wp-json\/wp\/v2\/pages\/5740\/revisions\/7209"}],"up":[{"embeddable":true,"href":"https:\/\/www.gamapa.de\/pl\/wp-json\/wp\/v2\/pages\/5659"}],"wp:featuredmedia":[{"embeddable":true,"href":"https:\/\/www.gamapa.de\/pl\/wp-json\/wp\/v2\/media\/3881"}],"wp:attachment":[{"href":"https:\/\/www.gamapa.de\/pl\/wp-json\/wp\/v2\/media?parent=5740"}],"curies":[{"name":"wp","href":"https:\/\/api.w.org\/{rel}","templated":true}]}}