

{"id":5744,"date":"2020-03-11T10:20:20","date_gmt":"2020-03-11T09:20:20","guid":{"rendered":"https:\/\/www.gamapa.de\/rechtsberatung\/it-und-datenschutzrecht\/"},"modified":"2021-03-07T13:31:41","modified_gmt":"2021-03-07T12:31:41","slug":"prawo-informatyczne-i-przepisy-dotyczace-ochrony-danych-osobowych","status":"publish","type":"page","link":"https:\/\/www.gamapa.de\/pl\/dziedziny-swiadczonych-uslug-doradczych\/doradztwo-prawne\/prawo-informatyczne-i-przepisy-dotyczace-ochrony-danych-osobowych\/","title":{"rendered":"Prawo informatyczne i przepisy dotycz\u0105ce ochrony danych osobowych"},"content":{"rendered":"\n<h2 class=\"wp-block-heading\">Profesjonalne doradztwo dotycz\u0105ce cyfryzacji<\/h2>\n\n\n\n<p>Oferujemy kompleksowe doradztwo w zakresie prawa IT. Naszymi klientami s\u0105 informatycy z firm zajmuj\u0105cych si\u0119 tworzeniem oprogramowania, firm konsultingowych, a tak\u017ce agencji i lokalnych centr\u00f3w obliczeniowych. W ramach post\u0119pu cyfryzacji ro\u015bnie ich zapotrzebowanie na doradztwo w sektorze IT. Dlatego te\u017c w ostatnim czasie dosz\u0142o do wykszta\u0142cenia nowej specjalizacji naszej dzia\u0142alno\u015bci doradczej: Internet Reczy i Przemys\u0142 4.0.<\/p>\n\n\n\n<p>Zakres us\u0142ug doradczych w dziedzinie prawa informatycznego i prawa o ochronie danych osobowych:<\/p>\n\n\n\n<ul class=\"wp-block-list\"><li>Przygotowywanie i negocjowanie um\u00f3w IT, takich jak: umowy na realizacj\u0119 projektu, umowy dotycz\u0105ce korzystania z chmury obliczeniowej, umowy konserwacji i wsparcia, umowy o depozyt kodu \u017ar\u00f3d\u0142owego<\/li><li>Kwestie zwi\u0105zane z handlem elektronicznym i innymi przepisami prawa w zakresie ochrony danych osobowych w internecie<\/li><li>Internet Reczy i Przemys\u0142 4.0<\/li><\/ul>\n","protected":false},"excerpt":{"rendered":"<p>Profesjonalne doradztwo dotycz\u0105ce cyfryzacji Oferujemy kompleksowe doradztwo w zakresie prawa IT. Naszymi klientami s\u0105 informatycy z firm zajmuj\u0105cych si\u0119 tworzeniem oprogramowania, firm konsultingowych, a tak\u017ce agencji i lokalnych centr\u00f3w obliczeniowych. W ramach post\u0119pu cyfryzacji ro\u015bnie ich zapotrzebowanie na doradztwo w sektorze IT. Dlatego te\u017c w ostatnim czasie dosz\u0142o do wykszta\u0142cenia nowej specjalizacji naszej dzia\u0142alno\u015bci doradczej: <a href=\"https:\/\/www.gamapa.de\/pl\/dziedziny-swiadczonych-uslug-doradczych\/doradztwo-prawne\/prawo-informatyczne-i-przepisy-dotyczace-ochrony-danych-osobowych\/\">[\u2026]<\/a><\/p>\n","protected":false},"author":1,"featured_media":3881,"parent":5659,"menu_order":8,"comment_status":"closed","ping_status":"closed","template":"templates\/template-simple-site.php","meta":{"_acf_changed":false,"_uag_custom_page_level_css":"","footnotes":""},"class_list":["post-5744","page","type-page","status-publish","has-post-thumbnail","hentry"],"acf":[],"yoast_head":"<!-- This site is optimized with the Yoast SEO plugin v27.5 - https:\/\/yoast.com\/product\/yoast-seo-wordpress\/ -->\n<title>Prawo informatyczne i przepisy dotycz\u0105ce ochrony danych osobowych - GANTEF\u00dcHRER<\/title>\n<meta name=\"description\" content=\"Im Bereich des IT-Rechts beraten wir Sie umfassend. Zu unseren Mandanten geh\u00f6ren neben IT-Spezialistinnen und Spezialisten aus Softwareentwicklung, Beratungsh\u00e4usern, Agenturen und kommunalen Rechenzentren auch Unternehmen.\" \/>\n<meta name=\"robots\" content=\"index, follow, max-snippet:-1, max-image-preview:large, max-video-preview:-1\" \/>\n<link rel=\"canonical\" href=\"https:\/\/www.gamapa.de\/pl\/dziedziny-swiadczonych-uslug-doradczych\/doradztwo-prawne\/prawo-informatyczne-i-przepisy-dotyczace-ochrony-danych-osobowych\/\" \/>\n<meta property=\"og:locale\" content=\"pl_PL\" \/>\n<meta property=\"og:type\" content=\"article\" \/>\n<meta property=\"og:title\" content=\"Prawo informatyczne i przepisy dotycz\u0105ce ochrony danych osobowych - GANTEF\u00dcHRER\" \/>\n<meta property=\"og:description\" content=\"Im Bereich des IT-Rechts beraten wir Sie umfassend. Zu unseren Mandanten geh\u00f6ren neben IT-Spezialistinnen und Spezialisten aus Softwareentwicklung, Beratungsh\u00e4usern, Agenturen und kommunalen Rechenzentren auch Unternehmen.\" \/>\n<meta property=\"og:url\" content=\"https:\/\/www.gamapa.de\/pl\/dziedziny-swiadczonych-uslug-doradczych\/doradztwo-prawne\/prawo-informatyczne-i-przepisy-dotyczace-ochrony-danych-osobowych\/\" \/>\n<meta property=\"og:site_name\" content=\"GANTEF\u00dcHRER\" \/>\n<meta property=\"article:modified_time\" content=\"2021-03-07T12:31:41+00:00\" \/>\n<meta property=\"og:image\" content=\"https:\/\/www.gamapa.de\/wp-content\/uploads\/2020\/07\/U-Header-Rechtsgebiete-2-1-scaled.jpg\" \/>\n\t<meta property=\"og:image:width\" content=\"2560\" \/>\n\t<meta property=\"og:image:height\" content=\"764\" \/>\n\t<meta property=\"og:image:type\" content=\"image\/jpeg\" \/>\n<meta name=\"twitter:card\" content=\"summary_large_image\" \/>\n<meta name=\"twitter:label1\" content=\"Szacowany czas czytania\" \/>\n\t<meta name=\"twitter:data1\" content=\"1 minuta\" \/>\n<script type=\"application\/ld+json\" class=\"yoast-schema-graph\">{\"@context\":\"https:\\\/\\\/schema.org\",\"@graph\":[{\"@type\":\"WebPage\",\"@id\":\"https:\\\/\\\/www.gamapa.de\\\/pl\\\/dziedziny-swiadczonych-uslug-doradczych\\\/doradztwo-prawne\\\/prawo-informatyczne-i-przepisy-dotyczace-ochrony-danych-osobowych\\\/\",\"url\":\"https:\\\/\\\/www.gamapa.de\\\/pl\\\/dziedziny-swiadczonych-uslug-doradczych\\\/doradztwo-prawne\\\/prawo-informatyczne-i-przepisy-dotyczace-ochrony-danych-osobowych\\\/\",\"name\":\"Prawo informatyczne i przepisy dotycz\u0105ce ochrony danych osobowych - GANTEF\u00dcHRER\",\"isPartOf\":{\"@id\":\"https:\\\/\\\/www.gamapa.de\\\/pl\\\/#website\"},\"primaryImageOfPage\":{\"@id\":\"https:\\\/\\\/www.gamapa.de\\\/pl\\\/dziedziny-swiadczonych-uslug-doradczych\\\/doradztwo-prawne\\\/prawo-informatyczne-i-przepisy-dotyczace-ochrony-danych-osobowych\\\/#primaryimage\"},\"image\":{\"@id\":\"https:\\\/\\\/www.gamapa.de\\\/pl\\\/dziedziny-swiadczonych-uslug-doradczych\\\/doradztwo-prawne\\\/prawo-informatyczne-i-przepisy-dotyczace-ochrony-danych-osobowych\\\/#primaryimage\"},\"thumbnailUrl\":\"https:\\\/\\\/www.gamapa.de\\\/wp-content\\\/uploads\\\/2020\\\/07\\\/U-Header-Rechtsgebiete-2-1-scaled.jpg\",\"datePublished\":\"2020-03-11T09:20:20+00:00\",\"dateModified\":\"2021-03-07T12:31:41+00:00\",\"description\":\"Im Bereich des IT-Rechts beraten wir Sie umfassend. Zu unseren Mandanten geh\u00f6ren neben IT-Spezialistinnen und Spezialisten aus Softwareentwicklung, Beratungsh\u00e4usern, Agenturen und kommunalen Rechenzentren auch Unternehmen.\",\"breadcrumb\":{\"@id\":\"https:\\\/\\\/www.gamapa.de\\\/pl\\\/dziedziny-swiadczonych-uslug-doradczych\\\/doradztwo-prawne\\\/prawo-informatyczne-i-przepisy-dotyczace-ochrony-danych-osobowych\\\/#breadcrumb\"},\"inLanguage\":\"pl-PL\",\"potentialAction\":[{\"@type\":\"ReadAction\",\"target\":[\"https:\\\/\\\/www.gamapa.de\\\/pl\\\/dziedziny-swiadczonych-uslug-doradczych\\\/doradztwo-prawne\\\/prawo-informatyczne-i-przepisy-dotyczace-ochrony-danych-osobowych\\\/\"]}]},{\"@type\":\"ImageObject\",\"inLanguage\":\"pl-PL\",\"@id\":\"https:\\\/\\\/www.gamapa.de\\\/pl\\\/dziedziny-swiadczonych-uslug-doradczych\\\/doradztwo-prawne\\\/prawo-informatyczne-i-przepisy-dotyczace-ochrony-danych-osobowych\\\/#primaryimage\",\"url\":\"https:\\\/\\\/www.gamapa.de\\\/wp-content\\\/uploads\\\/2020\\\/07\\\/U-Header-Rechtsgebiete-2-1-scaled.jpg\",\"contentUrl\":\"https:\\\/\\\/www.gamapa.de\\\/wp-content\\\/uploads\\\/2020\\\/07\\\/U-Header-Rechtsgebiete-2-1-scaled.jpg\",\"width\":2560,\"height\":764,\"caption\":\"Anleger, Kunden und Gesch\u00e4ftspartner\"},{\"@type\":\"BreadcrumbList\",\"@id\":\"https:\\\/\\\/www.gamapa.de\\\/pl\\\/dziedziny-swiadczonych-uslug-doradczych\\\/doradztwo-prawne\\\/prawo-informatyczne-i-przepisy-dotyczace-ochrony-danych-osobowych\\\/#breadcrumb\",\"itemListElement\":[{\"@type\":\"ListItem\",\"position\":1,\"name\":\"Startseite\",\"item\":\"https:\\\/\\\/www.gamapa.de\\\/pl\\\/\"},{\"@type\":\"ListItem\",\"position\":2,\"name\":\"Obszar konsultacji\",\"item\":\"https:\\\/\\\/www.gamapa.de\\\/pl\\\/dziedziny-swiadczonych-uslug-doradczych\\\/\"},{\"@type\":\"ListItem\",\"position\":3,\"name\":\"Doradztwo prawne\",\"item\":\"https:\\\/\\\/www.gamapa.de\\\/pl\\\/dziedziny-swiadczonych-uslug-doradczych\\\/doradztwo-prawne\\\/\"},{\"@type\":\"ListItem\",\"position\":4,\"name\":\"Prawo informatyczne i przepisy dotycz\u0105ce ochrony danych osobowych\"}]},{\"@type\":\"WebSite\",\"@id\":\"https:\\\/\\\/www.gamapa.de\\\/pl\\\/#website\",\"url\":\"https:\\\/\\\/www.gamapa.de\\\/pl\\\/\",\"name\":\"GANTEF\u00dcHRER\",\"description\":\"Wirtschaftspr\u00fcfer, Steuerberater, Rechtsanw\u00e4lte\",\"publisher\":{\"@id\":\"https:\\\/\\\/www.gamapa.de\\\/pl\\\/#organization\"},\"potentialAction\":[{\"@type\":\"SearchAction\",\"target\":{\"@type\":\"EntryPoint\",\"urlTemplate\":\"https:\\\/\\\/www.gamapa.de\\\/pl\\\/?s={search_term_string}\"},\"query-input\":{\"@type\":\"PropertyValueSpecification\",\"valueRequired\":true,\"valueName\":\"search_term_string\"}}],\"inLanguage\":\"pl-PL\"},{\"@type\":\"Organization\",\"@id\":\"https:\\\/\\\/www.gamapa.de\\\/pl\\\/#organization\",\"name\":\"Gantef\u00fchrer Wirtschaftspr\u00fcfer, Steuerberater, Rechtsanw\u00e4lte\",\"url\":\"https:\\\/\\\/www.gamapa.de\\\/pl\\\/\",\"logo\":{\"@type\":\"ImageObject\",\"inLanguage\":\"pl-PL\",\"@id\":\"https:\\\/\\\/www.gamapa.de\\\/pl\\\/#\\\/schema\\\/logo\\\/image\\\/\",\"url\":\"https:\\\/\\\/www.gamapa.de\\\/wp-content\\\/uploads\\\/2026\\\/01\\\/Logo-Gantefuehrer.png\",\"contentUrl\":\"https:\\\/\\\/www.gamapa.de\\\/wp-content\\\/uploads\\\/2026\\\/01\\\/Logo-Gantefuehrer.png\",\"width\":767,\"height\":156,\"caption\":\"Gantef\u00fchrer Wirtschaftspr\u00fcfer, Steuerberater, Rechtsanw\u00e4lte\"},\"image\":{\"@id\":\"https:\\\/\\\/www.gamapa.de\\\/pl\\\/#\\\/schema\\\/logo\\\/image\\\/\"}}]}<\/script>\n<!-- \/ Yoast SEO plugin. -->","yoast_head_json":{"title":"Prawo informatyczne i przepisy dotycz\u0105ce ochrony danych osobowych - GANTEF\u00dcHRER","description":"Im Bereich des IT-Rechts beraten wir Sie umfassend. Zu unseren Mandanten geh\u00f6ren neben IT-Spezialistinnen und Spezialisten aus Softwareentwicklung, Beratungsh\u00e4usern, Agenturen und kommunalen Rechenzentren auch Unternehmen.","robots":{"index":"index","follow":"follow","max-snippet":"max-snippet:-1","max-image-preview":"max-image-preview:large","max-video-preview":"max-video-preview:-1"},"canonical":"https:\/\/www.gamapa.de\/pl\/dziedziny-swiadczonych-uslug-doradczych\/doradztwo-prawne\/prawo-informatyczne-i-przepisy-dotyczace-ochrony-danych-osobowych\/","og_locale":"pl_PL","og_type":"article","og_title":"Prawo informatyczne i przepisy dotycz\u0105ce ochrony danych osobowych - GANTEF\u00dcHRER","og_description":"Im Bereich des IT-Rechts beraten wir Sie umfassend. Zu unseren Mandanten geh\u00f6ren neben IT-Spezialistinnen und Spezialisten aus Softwareentwicklung, Beratungsh\u00e4usern, Agenturen und kommunalen Rechenzentren auch Unternehmen.","og_url":"https:\/\/www.gamapa.de\/pl\/dziedziny-swiadczonych-uslug-doradczych\/doradztwo-prawne\/prawo-informatyczne-i-przepisy-dotyczace-ochrony-danych-osobowych\/","og_site_name":"GANTEF\u00dcHRER","article_modified_time":"2021-03-07T12:31:41+00:00","og_image":[{"width":2560,"height":764,"url":"https:\/\/www.gamapa.de\/wp-content\/uploads\/2020\/07\/U-Header-Rechtsgebiete-2-1-scaled.jpg","type":"image\/jpeg"}],"twitter_card":"summary_large_image","twitter_misc":{"Szacowany czas czytania":"1 minuta"},"schema":{"@context":"https:\/\/schema.org","@graph":[{"@type":"WebPage","@id":"https:\/\/www.gamapa.de\/pl\/dziedziny-swiadczonych-uslug-doradczych\/doradztwo-prawne\/prawo-informatyczne-i-przepisy-dotyczace-ochrony-danych-osobowych\/","url":"https:\/\/www.gamapa.de\/pl\/dziedziny-swiadczonych-uslug-doradczych\/doradztwo-prawne\/prawo-informatyczne-i-przepisy-dotyczace-ochrony-danych-osobowych\/","name":"Prawo informatyczne i przepisy dotycz\u0105ce ochrony danych osobowych - GANTEF\u00dcHRER","isPartOf":{"@id":"https:\/\/www.gamapa.de\/pl\/#website"},"primaryImageOfPage":{"@id":"https:\/\/www.gamapa.de\/pl\/dziedziny-swiadczonych-uslug-doradczych\/doradztwo-prawne\/prawo-informatyczne-i-przepisy-dotyczace-ochrony-danych-osobowych\/#primaryimage"},"image":{"@id":"https:\/\/www.gamapa.de\/pl\/dziedziny-swiadczonych-uslug-doradczych\/doradztwo-prawne\/prawo-informatyczne-i-przepisy-dotyczace-ochrony-danych-osobowych\/#primaryimage"},"thumbnailUrl":"https:\/\/www.gamapa.de\/wp-content\/uploads\/2020\/07\/U-Header-Rechtsgebiete-2-1-scaled.jpg","datePublished":"2020-03-11T09:20:20+00:00","dateModified":"2021-03-07T12:31:41+00:00","description":"Im Bereich des IT-Rechts beraten wir Sie umfassend. Zu unseren Mandanten geh\u00f6ren neben IT-Spezialistinnen und Spezialisten aus Softwareentwicklung, Beratungsh\u00e4usern, Agenturen und kommunalen Rechenzentren auch Unternehmen.","breadcrumb":{"@id":"https:\/\/www.gamapa.de\/pl\/dziedziny-swiadczonych-uslug-doradczych\/doradztwo-prawne\/prawo-informatyczne-i-przepisy-dotyczace-ochrony-danych-osobowych\/#breadcrumb"},"inLanguage":"pl-PL","potentialAction":[{"@type":"ReadAction","target":["https:\/\/www.gamapa.de\/pl\/dziedziny-swiadczonych-uslug-doradczych\/doradztwo-prawne\/prawo-informatyczne-i-przepisy-dotyczace-ochrony-danych-osobowych\/"]}]},{"@type":"ImageObject","inLanguage":"pl-PL","@id":"https:\/\/www.gamapa.de\/pl\/dziedziny-swiadczonych-uslug-doradczych\/doradztwo-prawne\/prawo-informatyczne-i-przepisy-dotyczace-ochrony-danych-osobowych\/#primaryimage","url":"https:\/\/www.gamapa.de\/wp-content\/uploads\/2020\/07\/U-Header-Rechtsgebiete-2-1-scaled.jpg","contentUrl":"https:\/\/www.gamapa.de\/wp-content\/uploads\/2020\/07\/U-Header-Rechtsgebiete-2-1-scaled.jpg","width":2560,"height":764,"caption":"Anleger, Kunden und Gesch\u00e4ftspartner"},{"@type":"BreadcrumbList","@id":"https:\/\/www.gamapa.de\/pl\/dziedziny-swiadczonych-uslug-doradczych\/doradztwo-prawne\/prawo-informatyczne-i-przepisy-dotyczace-ochrony-danych-osobowych\/#breadcrumb","itemListElement":[{"@type":"ListItem","position":1,"name":"Startseite","item":"https:\/\/www.gamapa.de\/pl\/"},{"@type":"ListItem","position":2,"name":"Obszar konsultacji","item":"https:\/\/www.gamapa.de\/pl\/dziedziny-swiadczonych-uslug-doradczych\/"},{"@type":"ListItem","position":3,"name":"Doradztwo prawne","item":"https:\/\/www.gamapa.de\/pl\/dziedziny-swiadczonych-uslug-doradczych\/doradztwo-prawne\/"},{"@type":"ListItem","position":4,"name":"Prawo informatyczne i przepisy dotycz\u0105ce ochrony danych osobowych"}]},{"@type":"WebSite","@id":"https:\/\/www.gamapa.de\/pl\/#website","url":"https:\/\/www.gamapa.de\/pl\/","name":"GANTEF\u00dcHRER","description":"Wirtschaftspr\u00fcfer, Steuerberater, Rechtsanw\u00e4lte","publisher":{"@id":"https:\/\/www.gamapa.de\/pl\/#organization"},"potentialAction":[{"@type":"SearchAction","target":{"@type":"EntryPoint","urlTemplate":"https:\/\/www.gamapa.de\/pl\/?s={search_term_string}"},"query-input":{"@type":"PropertyValueSpecification","valueRequired":true,"valueName":"search_term_string"}}],"inLanguage":"pl-PL"},{"@type":"Organization","@id":"https:\/\/www.gamapa.de\/pl\/#organization","name":"Gantef\u00fchrer Wirtschaftspr\u00fcfer, Steuerberater, Rechtsanw\u00e4lte","url":"https:\/\/www.gamapa.de\/pl\/","logo":{"@type":"ImageObject","inLanguage":"pl-PL","@id":"https:\/\/www.gamapa.de\/pl\/#\/schema\/logo\/image\/","url":"https:\/\/www.gamapa.de\/wp-content\/uploads\/2026\/01\/Logo-Gantefuehrer.png","contentUrl":"https:\/\/www.gamapa.de\/wp-content\/uploads\/2026\/01\/Logo-Gantefuehrer.png","width":767,"height":156,"caption":"Gantef\u00fchrer Wirtschaftspr\u00fcfer, Steuerberater, Rechtsanw\u00e4lte"},"image":{"@id":"https:\/\/www.gamapa.de\/pl\/#\/schema\/logo\/image\/"}}]}},"uagb_featured_image_src":{"full":["https:\/\/www.gamapa.de\/wp-content\/uploads\/2020\/07\/U-Header-Rechtsgebiete-2-1-scaled.jpg",2560,764,false],"thumbnail":["https:\/\/www.gamapa.de\/wp-content\/uploads\/2020\/07\/U-Header-Rechtsgebiete-2-1-150x150.jpg",150,150,true],"medium":["https:\/\/www.gamapa.de\/wp-content\/uploads\/2020\/07\/U-Header-Rechtsgebiete-2-1-600x179.jpg",600,179,true],"medium_large":["https:\/\/www.gamapa.de\/wp-content\/uploads\/2020\/07\/U-Header-Rechtsgebiete-2-1-768x229.jpg",580,173,true],"large":["https:\/\/www.gamapa.de\/wp-content\/uploads\/2020\/07\/U-Header-Rechtsgebiete-2-1-scaled.jpg",580,173,false],"gs-tiny":["https:\/\/www.gamapa.de\/wp-content\/uploads\/2020\/07\/U-Header-Rechtsgebiete-2-1-scaled.jpg",50,15,false],"xl":["https:\/\/www.gamapa.de\/wp-content\/uploads\/2020\/07\/U-Header-Rechtsgebiete-2-1-scaled.jpg",1600,478,false],"xxl":["https:\/\/www.gamapa.de\/wp-content\/uploads\/2020\/07\/U-Header-Rechtsgebiete-2-1-scaled.jpg",2200,657,false],"xxxl":["https:\/\/www.gamapa.de\/wp-content\/uploads\/2020\/07\/U-Header-Rechtsgebiete-2-1-scaled.jpg",2560,764,false],"xxxxl":["https:\/\/www.gamapa.de\/wp-content\/uploads\/2020\/07\/U-Header-Rechtsgebiete-2-1-scaled.jpg",2560,764,false],"xxxxxl":["https:\/\/www.gamapa.de\/wp-content\/uploads\/2020\/07\/U-Header-Rechtsgebiete-2-1-scaled.jpg",2560,764,false],"1536x1536":["https:\/\/www.gamapa.de\/wp-content\/uploads\/2020\/07\/U-Header-Rechtsgebiete-2-1-1536x458.jpg",1536,458,true],"2048x2048":["https:\/\/www.gamapa.de\/wp-content\/uploads\/2020\/07\/U-Header-Rechtsgebiete-2-1-2048x611.jpg",2048,611,true],"post-thumbnail":["https:\/\/www.gamapa.de\/wp-content\/uploads\/2020\/07\/U-Header-Rechtsgebiete-2-1-scaled.jpg",2560,764,false],"twentytwenty-fullscreen":["https:\/\/www.gamapa.de\/wp-content\/uploads\/2020\/07\/U-Header-Rechtsgebiete-2-1-scaled.jpg",2560,764,false],"theme-slug-single-post":["https:\/\/www.gamapa.de\/wp-content\/uploads\/2020\/07\/U-Header-Rechtsgebiete-2-1-1600x400.jpg",1600,400,true]},"uagb_author_info":{"display_name":"linda","author_link":"https:\/\/www.gamapa.de\/pl\/author\/linda\/"},"uagb_comment_info":0,"uagb_excerpt":"Profesjonalne doradztwo dotycz\u0105ce cyfryzacji Oferujemy kompleksowe doradztwo w zakresie prawa IT. Naszymi klientami s\u0105 informatycy z firm zajmuj\u0105cych si\u0119 tworzeniem oprogramowania, firm konsultingowych, a tak\u017ce agencji i lokalnych centr\u00f3w obliczeniowych. W ramach post\u0119pu cyfryzacji ro\u015bnie ich zapotrzebowanie na doradztwo w sektorze IT. Dlatego te\u017c w ostatnim czasie dosz\u0142o do wykszta\u0142cenia nowej specjalizacji naszej dzia\u0142alno\u015bci doradczej:&hellip;","_links":{"self":[{"href":"https:\/\/www.gamapa.de\/pl\/wp-json\/wp\/v2\/pages\/5744","targetHints":{"allow":["GET"]}}],"collection":[{"href":"https:\/\/www.gamapa.de\/pl\/wp-json\/wp\/v2\/pages"}],"about":[{"href":"https:\/\/www.gamapa.de\/pl\/wp-json\/wp\/v2\/types\/page"}],"author":[{"embeddable":true,"href":"https:\/\/www.gamapa.de\/pl\/wp-json\/wp\/v2\/users\/1"}],"replies":[{"embeddable":true,"href":"https:\/\/www.gamapa.de\/pl\/wp-json\/wp\/v2\/comments?post=5744"}],"version-history":[{"count":2,"href":"https:\/\/www.gamapa.de\/pl\/wp-json\/wp\/v2\/pages\/5744\/revisions"}],"predecessor-version":[{"id":7211,"href":"https:\/\/www.gamapa.de\/pl\/wp-json\/wp\/v2\/pages\/5744\/revisions\/7211"}],"up":[{"embeddable":true,"href":"https:\/\/www.gamapa.de\/pl\/wp-json\/wp\/v2\/pages\/5659"}],"wp:featuredmedia":[{"embeddable":true,"href":"https:\/\/www.gamapa.de\/pl\/wp-json\/wp\/v2\/media\/3881"}],"wp:attachment":[{"href":"https:\/\/www.gamapa.de\/pl\/wp-json\/wp\/v2\/media?parent=5744"}],"curies":[{"name":"wp","href":"https:\/\/api.w.org\/{rel}","templated":true}]}}