

{"id":5748,"date":"2020-03-11T10:20:49","date_gmt":"2020-03-11T09:20:49","guid":{"rendered":"https:\/\/www.gamapa.de\/unternehmensberatung\/unternehmenskauf-und-verkauf\/"},"modified":"2021-08-31T16:56:38","modified_gmt":"2021-08-31T14:56:38","slug":"nabycie-i-zbycie-przedsiebiorstwa","status":"publish","type":"page","link":"https:\/\/www.gamapa.de\/pl\/dziedziny-swiadczonych-uslug-doradczych\/doradztwo-w-zakresie-zarzadzania-przedsiebiorstwem\/nabycie-i-zbycie-przedsiebiorstwa\/","title":{"rendered":"Nabycie i zbycie przedsi\u0119biorstwa"},"content":{"rendered":"\n<h2 class=\"wp-block-heading\"><strong>Kompleksowe doradztwo we wszystkich obszarach kompetencji<\/strong><\/h2>\n\n\n\n<p>Dziedzina nabycia i zbycia przedsi\u0119biorstw (fuzje, przej\u0119cia) stanowi syntez\u0119 czterech obszar\u00f3w naszej dzia\u0142alno\u015bci: audytu oraz doradztwa podatkowego, prawnego i zarz\u0105dczego.<\/p>\n\n\n\n<p>Po pierwsze, klasyczn\u0105 domen\u0105 audytu jest wycena przedsi\u0119biorstw i badanie due diligence poddaj\u0105ce analizie kondycj\u0119 finansow\u0105 sp\u00f3\u0142ki, kt\u00f3rej nabyciem zainteresowany jest nasz klient.<\/p>\n\n\n\n<p>Z kolei specjali\u015bci ds. doradztwa mened\u017cerskiego skupiaj\u0105 uwag\u0119 na kwestiach zwi\u0105zanych z organizacj\u0105 i zarz\u0105dem, takich jak efekty synergii mo\u017cliwe do uzyskania w przypadku podj\u0119cia decyzji o zakupie.<br><br>Transakcje sprzeda\u017cy i nabycia sp\u00f3\u0142ek s\u0105 ponadto niezwykle z\u0142o\u017cone pod wzgl\u0119dem podatkowym. R\u00f3wnie\u017c w tym zakresie przeprowadzamy badania due diligence.<\/p>\n\n\n\n<p>Wreszcie dzia\u0142 prawny odgrywa wiod\u0105c\u0105 rol\u0119 we wszystkich prowadzonych negocjacjach i redagowaniu um\u00f3w, m.in. poprzez wykonanie badania stanu prawnego przedsi\u0119biorstwa (due diligence).<\/p>\n\n\n\n<h3 class=\"wp-block-heading\">Dostrzega\u0107 szanse, identyfikowa\u0107 zagro\u017cenia<\/h3>\n\n\n\n<p>Poniewa\u017c specjalizujemy si\u0119 we wszystkich czterech wymienionych obszarach, nasza kancelaria zapewnia klientom kompleksowe doradztwo w zakresie zakupu lub sprzeda\u017cy przedsi\u0119biorstw i ich cz\u0119\u015bci. Obejmuje to m. in. przeprowadzanie tzw. audyt\u00f3w due diligence pod wzgl\u0119dem finansowym w celu okre\u015blenia szans i zagro\u017ce\u0144 zwi\u0105zanych z przeniesieniem w\u0142asno\u015bci firmy, a tym samym oceny ich potencjalnych konsekwencji dla naszego klienta.<\/p>\n\n\n\n<p>Ju\u017c na etapie rozwa\u017cania decyzji o nabyciu dokonujemy wst\u0119pnej analizy, by na mo\u017cliwie wczesnym etapie zidentyfikowa\u0107 czynniki ewentualnie uniemo\u017cliwiaj\u0105ce zawarcie umowy. Nast\u0119pnie zestawiamy wizje rozwoju firmy realizowane przez dotychczasowych w\u0142a\u015bcicieli z koncepcjami potencjalnego nabywcy. Pozwala to na uzyskanie wiarygodnych danych na potrzeby modeli planowania, finansowania i wyceny.<\/p>\n\n\n\n<p>Zainteresowani zakupem oczekuj\u0105 otrzymania du\u017cej ilo\u015bci poufnych informacji o nabywanym przedsi\u0119biorstwie. Dzi\u0119ki naszemu do\u015bwiadczeniu zdobytemu w zwi\u0105zku z przeprowadzeniem innych bada\u0144 due diligence, mo\u017cemy stosunkowo wcze\u015bnie oceni\u0107 zakres wymaganych danych. Jako podmiot stale wspieraj\u0105cy przedsi\u0119biorstwo, niejednokrotnie jeste\u015bmy w posiadaniu odpowiednich informacji lub mo\u017cemy je szybko i dyskretnie zdoby\u0107 w ramach og\u00f3lnych dzia\u0142a\u0144 doradczych b\u0105d\u017a audytorskich. Oczywi\u015bcie mo\u017cemy udost\u0119pni\u0107 je r\u00f3wnie\u017c naszym klientom za pomoc\u0105 profesjonalnych \u2013 wirtualnych b\u0105d\u017a fizycznych \u2013 pomieszcze\u0144 danych.<\/p>\n\n\n\n<p><\/p>\n","protected":false},"excerpt":{"rendered":"<p>Kompleksowe doradztwo we wszystkich obszarach kompetencji Dziedzina nabycia i zbycia przedsi\u0119biorstw (fuzje, przej\u0119cia) stanowi syntez\u0119 czterech obszar\u00f3w naszej dzia\u0142alno\u015bci: audytu oraz doradztwa podatkowego, prawnego i zarz\u0105dczego. Po pierwsze, klasyczn\u0105 domen\u0105 audytu jest wycena przedsi\u0119biorstw i badanie due diligence poddaj\u0105ce analizie kondycj\u0119 finansow\u0105 sp\u00f3\u0142ki, kt\u00f3rej nabyciem zainteresowany jest nasz klient. Z kolei specjali\u015bci ds. doradztwa mened\u017cerskiego <a href=\"https:\/\/www.gamapa.de\/pl\/dziedziny-swiadczonych-uslug-doradczych\/doradztwo-w-zakresie-zarzadzania-przedsiebiorstwem\/nabycie-i-zbycie-przedsiebiorstwa\/\">[\u2026]<\/a><\/p>\n","protected":false},"author":1,"featured_media":19748,"parent":5663,"menu_order":0,"comment_status":"closed","ping_status":"closed","template":"templates\/template-simple-site.php","meta":{"_acf_changed":false,"_uag_custom_page_level_css":"","footnotes":""},"class_list":["post-5748","page","type-page","status-publish","has-post-thumbnail","hentry"],"acf":[],"yoast_head":"<!-- This site is optimized with the Yoast SEO plugin v27.3 - https:\/\/yoast.com\/product\/yoast-seo-wordpress\/ -->\n<title>Nabycie i zbycie przedsi\u0119biorstwa - GANTEF\u00dcHRER<\/title>\n<meta name=\"description\" content=\"Beim Kauf und Verkauf von Unternehmen (M&amp;A) \u00fcberschneiden sich unsere vier T\u00e4tigkeitsbereiche: Wirtschaftspr\u00fcfung, Steuer-, Rechts- und Unternehmensberatung.\" \/>\n<meta name=\"robots\" content=\"index, follow, max-snippet:-1, max-image-preview:large, max-video-preview:-1\" \/>\n<link rel=\"canonical\" href=\"https:\/\/www.gamapa.de\/pl\/dziedziny-swiadczonych-uslug-doradczych\/doradztwo-w-zakresie-zarzadzania-przedsiebiorstwem\/nabycie-i-zbycie-przedsiebiorstwa\/\" \/>\n<meta property=\"og:locale\" content=\"pl_PL\" \/>\n<meta property=\"og:type\" content=\"article\" \/>\n<meta property=\"og:title\" content=\"Nabycie i zbycie przedsi\u0119biorstwa - GANTEF\u00dcHRER\" \/>\n<meta property=\"og:description\" content=\"Beim Kauf und Verkauf von Unternehmen (M&amp;A) \u00fcberschneiden sich unsere vier T\u00e4tigkeitsbereiche: Wirtschaftspr\u00fcfung, Steuer-, Rechts- und Unternehmensberatung.\" \/>\n<meta property=\"og:url\" content=\"https:\/\/www.gamapa.de\/pl\/dziedziny-swiadczonych-uslug-doradczych\/doradztwo-w-zakresie-zarzadzania-przedsiebiorstwem\/nabycie-i-zbycie-przedsiebiorstwa\/\" \/>\n<meta property=\"og:site_name\" content=\"GANTEF\u00dcHRER\" \/>\n<meta property=\"article:modified_time\" content=\"2021-08-31T14:56:38+00:00\" \/>\n<meta property=\"og:image\" content=\"https:\/\/www.gamapa.de\/wp-content\/uploads\/2020\/03\/Header-betriebswirtschaftliche-Beratung-2-scaled.jpg\" \/>\n\t<meta property=\"og:image:width\" content=\"2560\" \/>\n\t<meta property=\"og:image:height\" content=\"764\" \/>\n\t<meta property=\"og:image:type\" content=\"image\/jpeg\" \/>\n<meta name=\"twitter:card\" content=\"summary_large_image\" \/>\n<meta name=\"twitter:label1\" content=\"Szacowany czas czytania\" \/>\n\t<meta name=\"twitter:data1\" content=\"2 minuty\" \/>\n<script type=\"application\/ld+json\" class=\"yoast-schema-graph\">{\"@context\":\"https:\\\/\\\/schema.org\",\"@graph\":[{\"@type\":\"WebPage\",\"@id\":\"https:\\\/\\\/www.gamapa.de\\\/pl\\\/dziedziny-swiadczonych-uslug-doradczych\\\/doradztwo-w-zakresie-zarzadzania-przedsiebiorstwem\\\/nabycie-i-zbycie-przedsiebiorstwa\\\/\",\"url\":\"https:\\\/\\\/www.gamapa.de\\\/pl\\\/dziedziny-swiadczonych-uslug-doradczych\\\/doradztwo-w-zakresie-zarzadzania-przedsiebiorstwem\\\/nabycie-i-zbycie-przedsiebiorstwa\\\/\",\"name\":\"Nabycie i zbycie przedsi\u0119biorstwa - GANTEF\u00dcHRER\",\"isPartOf\":{\"@id\":\"https:\\\/\\\/www.gamapa.de\\\/pl\\\/#website\"},\"primaryImageOfPage\":{\"@id\":\"https:\\\/\\\/www.gamapa.de\\\/pl\\\/dziedziny-swiadczonych-uslug-doradczych\\\/doradztwo-w-zakresie-zarzadzania-przedsiebiorstwem\\\/nabycie-i-zbycie-przedsiebiorstwa\\\/#primaryimage\"},\"image\":{\"@id\":\"https:\\\/\\\/www.gamapa.de\\\/pl\\\/dziedziny-swiadczonych-uslug-doradczych\\\/doradztwo-w-zakresie-zarzadzania-przedsiebiorstwem\\\/nabycie-i-zbycie-przedsiebiorstwa\\\/#primaryimage\"},\"thumbnailUrl\":\"https:\\\/\\\/www.gamapa.de\\\/wp-content\\\/uploads\\\/2025\\\/06\\\/alter-konferenzraum-seitlich-schmal-scaled.jpg\",\"datePublished\":\"2020-03-11T09:20:49+00:00\",\"dateModified\":\"2021-08-31T14:56:38+00:00\",\"description\":\"Beim Kauf und Verkauf von Unternehmen (M&A) \u00fcberschneiden sich unsere vier T\u00e4tigkeitsbereiche: Wirtschaftspr\u00fcfung, Steuer-, Rechts- und Unternehmensberatung.\",\"breadcrumb\":{\"@id\":\"https:\\\/\\\/www.gamapa.de\\\/pl\\\/dziedziny-swiadczonych-uslug-doradczych\\\/doradztwo-w-zakresie-zarzadzania-przedsiebiorstwem\\\/nabycie-i-zbycie-przedsiebiorstwa\\\/#breadcrumb\"},\"inLanguage\":\"pl-PL\",\"potentialAction\":[{\"@type\":\"ReadAction\",\"target\":[\"https:\\\/\\\/www.gamapa.de\\\/pl\\\/dziedziny-swiadczonych-uslug-doradczych\\\/doradztwo-w-zakresie-zarzadzania-przedsiebiorstwem\\\/nabycie-i-zbycie-przedsiebiorstwa\\\/\"]}]},{\"@type\":\"ImageObject\",\"inLanguage\":\"pl-PL\",\"@id\":\"https:\\\/\\\/www.gamapa.de\\\/pl\\\/dziedziny-swiadczonych-uslug-doradczych\\\/doradztwo-w-zakresie-zarzadzania-przedsiebiorstwem\\\/nabycie-i-zbycie-przedsiebiorstwa\\\/#primaryimage\",\"url\":\"https:\\\/\\\/www.gamapa.de\\\/wp-content\\\/uploads\\\/2025\\\/06\\\/alter-konferenzraum-seitlich-schmal-scaled.jpg\",\"contentUrl\":\"https:\\\/\\\/www.gamapa.de\\\/wp-content\\\/uploads\\\/2025\\\/06\\\/alter-konferenzraum-seitlich-schmal-scaled.jpg\",\"width\":2560,\"height\":764,\"caption\":\"Alter Konferenzraum in der K\u00e4mmerei D\u00fcsseldorf mit breitem Holztisch, Holzw\u00e4nden und St\u00fchlen\"},{\"@type\":\"BreadcrumbList\",\"@id\":\"https:\\\/\\\/www.gamapa.de\\\/pl\\\/dziedziny-swiadczonych-uslug-doradczych\\\/doradztwo-w-zakresie-zarzadzania-przedsiebiorstwem\\\/nabycie-i-zbycie-przedsiebiorstwa\\\/#breadcrumb\",\"itemListElement\":[{\"@type\":\"ListItem\",\"position\":1,\"name\":\"Startseite\",\"item\":\"https:\\\/\\\/www.gamapa.de\\\/pl\\\/\"},{\"@type\":\"ListItem\",\"position\":2,\"name\":\"Obszar konsultacji\",\"item\":\"https:\\\/\\\/www.gamapa.de\\\/pl\\\/dziedziny-swiadczonych-uslug-doradczych\\\/\"},{\"@type\":\"ListItem\",\"position\":3,\"name\":\"Doradztwo w zakresie zarz\u0105dzania przedsi\u0119biorstwem\",\"item\":\"https:\\\/\\\/www.gamapa.de\\\/pl\\\/dziedziny-swiadczonych-uslug-doradczych\\\/doradztwo-w-zakresie-zarzadzania-przedsiebiorstwem\\\/\"},{\"@type\":\"ListItem\",\"position\":4,\"name\":\"Nabycie i zbycie przedsi\u0119biorstwa\"}]},{\"@type\":\"WebSite\",\"@id\":\"https:\\\/\\\/www.gamapa.de\\\/pl\\\/#website\",\"url\":\"https:\\\/\\\/www.gamapa.de\\\/pl\\\/\",\"name\":\"GANTEF\u00dcHRER\",\"description\":\"Wirtschaftspr\u00fcfer, Steuerberater, Rechtsanw\u00e4lte\",\"publisher\":{\"@id\":\"https:\\\/\\\/www.gamapa.de\\\/pl\\\/#organization\"},\"potentialAction\":[{\"@type\":\"SearchAction\",\"target\":{\"@type\":\"EntryPoint\",\"urlTemplate\":\"https:\\\/\\\/www.gamapa.de\\\/pl\\\/?s={search_term_string}\"},\"query-input\":{\"@type\":\"PropertyValueSpecification\",\"valueRequired\":true,\"valueName\":\"search_term_string\"}}],\"inLanguage\":\"pl-PL\"},{\"@type\":\"Organization\",\"@id\":\"https:\\\/\\\/www.gamapa.de\\\/pl\\\/#organization\",\"name\":\"Gantef\u00fchrer Wirtschaftspr\u00fcfer, Steuerberater, Rechtsanw\u00e4lte\",\"url\":\"https:\\\/\\\/www.gamapa.de\\\/pl\\\/\",\"logo\":{\"@type\":\"ImageObject\",\"inLanguage\":\"pl-PL\",\"@id\":\"https:\\\/\\\/www.gamapa.de\\\/pl\\\/#\\\/schema\\\/logo\\\/image\\\/\",\"url\":\"https:\\\/\\\/www.gamapa.de\\\/wp-content\\\/uploads\\\/2026\\\/01\\\/Logo-Gantefuehrer.png\",\"contentUrl\":\"https:\\\/\\\/www.gamapa.de\\\/wp-content\\\/uploads\\\/2026\\\/01\\\/Logo-Gantefuehrer.png\",\"width\":767,\"height\":156,\"caption\":\"Gantef\u00fchrer Wirtschaftspr\u00fcfer, Steuerberater, Rechtsanw\u00e4lte\"},\"image\":{\"@id\":\"https:\\\/\\\/www.gamapa.de\\\/pl\\\/#\\\/schema\\\/logo\\\/image\\\/\"}}]}<\/script>\n<!-- \/ Yoast SEO plugin. -->","yoast_head_json":{"title":"Nabycie i zbycie przedsi\u0119biorstwa - GANTEF\u00dcHRER","description":"Beim Kauf und Verkauf von Unternehmen (M&A) \u00fcberschneiden sich unsere vier T\u00e4tigkeitsbereiche: Wirtschaftspr\u00fcfung, Steuer-, Rechts- und Unternehmensberatung.","robots":{"index":"index","follow":"follow","max-snippet":"max-snippet:-1","max-image-preview":"max-image-preview:large","max-video-preview":"max-video-preview:-1"},"canonical":"https:\/\/www.gamapa.de\/pl\/dziedziny-swiadczonych-uslug-doradczych\/doradztwo-w-zakresie-zarzadzania-przedsiebiorstwem\/nabycie-i-zbycie-przedsiebiorstwa\/","og_locale":"pl_PL","og_type":"article","og_title":"Nabycie i zbycie przedsi\u0119biorstwa - GANTEF\u00dcHRER","og_description":"Beim Kauf und Verkauf von Unternehmen (M&A) \u00fcberschneiden sich unsere vier T\u00e4tigkeitsbereiche: Wirtschaftspr\u00fcfung, Steuer-, Rechts- und Unternehmensberatung.","og_url":"https:\/\/www.gamapa.de\/pl\/dziedziny-swiadczonych-uslug-doradczych\/doradztwo-w-zakresie-zarzadzania-przedsiebiorstwem\/nabycie-i-zbycie-przedsiebiorstwa\/","og_site_name":"GANTEF\u00dcHRER","article_modified_time":"2021-08-31T14:56:38+00:00","og_image":[{"width":2560,"height":764,"url":"https:\/\/www.gamapa.de\/wp-content\/uploads\/2020\/03\/Header-betriebswirtschaftliche-Beratung-2-scaled.jpg","type":"image\/jpeg"}],"twitter_card":"summary_large_image","twitter_misc":{"Szacowany czas czytania":"2 minuty"},"schema":{"@context":"https:\/\/schema.org","@graph":[{"@type":"WebPage","@id":"https:\/\/www.gamapa.de\/pl\/dziedziny-swiadczonych-uslug-doradczych\/doradztwo-w-zakresie-zarzadzania-przedsiebiorstwem\/nabycie-i-zbycie-przedsiebiorstwa\/","url":"https:\/\/www.gamapa.de\/pl\/dziedziny-swiadczonych-uslug-doradczych\/doradztwo-w-zakresie-zarzadzania-przedsiebiorstwem\/nabycie-i-zbycie-przedsiebiorstwa\/","name":"Nabycie i zbycie przedsi\u0119biorstwa - GANTEF\u00dcHRER","isPartOf":{"@id":"https:\/\/www.gamapa.de\/pl\/#website"},"primaryImageOfPage":{"@id":"https:\/\/www.gamapa.de\/pl\/dziedziny-swiadczonych-uslug-doradczych\/doradztwo-w-zakresie-zarzadzania-przedsiebiorstwem\/nabycie-i-zbycie-przedsiebiorstwa\/#primaryimage"},"image":{"@id":"https:\/\/www.gamapa.de\/pl\/dziedziny-swiadczonych-uslug-doradczych\/doradztwo-w-zakresie-zarzadzania-przedsiebiorstwem\/nabycie-i-zbycie-przedsiebiorstwa\/#primaryimage"},"thumbnailUrl":"https:\/\/www.gamapa.de\/wp-content\/uploads\/2025\/06\/alter-konferenzraum-seitlich-schmal-scaled.jpg","datePublished":"2020-03-11T09:20:49+00:00","dateModified":"2021-08-31T14:56:38+00:00","description":"Beim Kauf und Verkauf von Unternehmen (M&A) \u00fcberschneiden sich unsere vier T\u00e4tigkeitsbereiche: Wirtschaftspr\u00fcfung, Steuer-, Rechts- und Unternehmensberatung.","breadcrumb":{"@id":"https:\/\/www.gamapa.de\/pl\/dziedziny-swiadczonych-uslug-doradczych\/doradztwo-w-zakresie-zarzadzania-przedsiebiorstwem\/nabycie-i-zbycie-przedsiebiorstwa\/#breadcrumb"},"inLanguage":"pl-PL","potentialAction":[{"@type":"ReadAction","target":["https:\/\/www.gamapa.de\/pl\/dziedziny-swiadczonych-uslug-doradczych\/doradztwo-w-zakresie-zarzadzania-przedsiebiorstwem\/nabycie-i-zbycie-przedsiebiorstwa\/"]}]},{"@type":"ImageObject","inLanguage":"pl-PL","@id":"https:\/\/www.gamapa.de\/pl\/dziedziny-swiadczonych-uslug-doradczych\/doradztwo-w-zakresie-zarzadzania-przedsiebiorstwem\/nabycie-i-zbycie-przedsiebiorstwa\/#primaryimage","url":"https:\/\/www.gamapa.de\/wp-content\/uploads\/2025\/06\/alter-konferenzraum-seitlich-schmal-scaled.jpg","contentUrl":"https:\/\/www.gamapa.de\/wp-content\/uploads\/2025\/06\/alter-konferenzraum-seitlich-schmal-scaled.jpg","width":2560,"height":764,"caption":"Alter Konferenzraum in der K\u00e4mmerei D\u00fcsseldorf mit breitem Holztisch, Holzw\u00e4nden und St\u00fchlen"},{"@type":"BreadcrumbList","@id":"https:\/\/www.gamapa.de\/pl\/dziedziny-swiadczonych-uslug-doradczych\/doradztwo-w-zakresie-zarzadzania-przedsiebiorstwem\/nabycie-i-zbycie-przedsiebiorstwa\/#breadcrumb","itemListElement":[{"@type":"ListItem","position":1,"name":"Startseite","item":"https:\/\/www.gamapa.de\/pl\/"},{"@type":"ListItem","position":2,"name":"Obszar konsultacji","item":"https:\/\/www.gamapa.de\/pl\/dziedziny-swiadczonych-uslug-doradczych\/"},{"@type":"ListItem","position":3,"name":"Doradztwo w zakresie zarz\u0105dzania przedsi\u0119biorstwem","item":"https:\/\/www.gamapa.de\/pl\/dziedziny-swiadczonych-uslug-doradczych\/doradztwo-w-zakresie-zarzadzania-przedsiebiorstwem\/"},{"@type":"ListItem","position":4,"name":"Nabycie i zbycie przedsi\u0119biorstwa"}]},{"@type":"WebSite","@id":"https:\/\/www.gamapa.de\/pl\/#website","url":"https:\/\/www.gamapa.de\/pl\/","name":"GANTEF\u00dcHRER","description":"Wirtschaftspr\u00fcfer, Steuerberater, Rechtsanw\u00e4lte","publisher":{"@id":"https:\/\/www.gamapa.de\/pl\/#organization"},"potentialAction":[{"@type":"SearchAction","target":{"@type":"EntryPoint","urlTemplate":"https:\/\/www.gamapa.de\/pl\/?s={search_term_string}"},"query-input":{"@type":"PropertyValueSpecification","valueRequired":true,"valueName":"search_term_string"}}],"inLanguage":"pl-PL"},{"@type":"Organization","@id":"https:\/\/www.gamapa.de\/pl\/#organization","name":"Gantef\u00fchrer Wirtschaftspr\u00fcfer, Steuerberater, Rechtsanw\u00e4lte","url":"https:\/\/www.gamapa.de\/pl\/","logo":{"@type":"ImageObject","inLanguage":"pl-PL","@id":"https:\/\/www.gamapa.de\/pl\/#\/schema\/logo\/image\/","url":"https:\/\/www.gamapa.de\/wp-content\/uploads\/2026\/01\/Logo-Gantefuehrer.png","contentUrl":"https:\/\/www.gamapa.de\/wp-content\/uploads\/2026\/01\/Logo-Gantefuehrer.png","width":767,"height":156,"caption":"Gantef\u00fchrer Wirtschaftspr\u00fcfer, Steuerberater, Rechtsanw\u00e4lte"},"image":{"@id":"https:\/\/www.gamapa.de\/pl\/#\/schema\/logo\/image\/"}}]}},"uagb_featured_image_src":{"full":["https:\/\/www.gamapa.de\/wp-content\/uploads\/2025\/06\/alter-konferenzraum-seitlich-schmal-scaled.jpg",2560,764,false],"thumbnail":["https:\/\/www.gamapa.de\/wp-content\/uploads\/2025\/06\/alter-konferenzraum-seitlich-schmal-150x150.jpg",150,150,true],"medium":["https:\/\/www.gamapa.de\/wp-content\/uploads\/2025\/06\/alter-konferenzraum-seitlich-schmal-600x179.jpg",600,179,true],"medium_large":["https:\/\/www.gamapa.de\/wp-content\/uploads\/2025\/06\/alter-konferenzraum-seitlich-schmal-768x229.jpg",580,173,true],"large":["https:\/\/www.gamapa.de\/wp-content\/uploads\/2025\/06\/alter-konferenzraum-seitlich-schmal-scaled.jpg",580,173,false],"gs-tiny":["https:\/\/www.gamapa.de\/wp-content\/uploads\/2025\/06\/alter-konferenzraum-seitlich-schmal-50x15.jpg",50,15,true],"xl":["https:\/\/www.gamapa.de\/wp-content\/uploads\/2025\/06\/alter-konferenzraum-seitlich-schmal-1600x477.jpg",1600,477,true],"xxl":["https:\/\/www.gamapa.de\/wp-content\/uploads\/2025\/06\/alter-konferenzraum-seitlich-schmal-2200x656.jpg",2200,656,true],"xxxl":["https:\/\/www.gamapa.de\/wp-content\/uploads\/2025\/06\/alter-konferenzraum-seitlich-schmal-2800x835.jpg",2800,835,true],"xxxxl":["https:\/\/www.gamapa.de\/wp-content\/uploads\/2025\/06\/alter-konferenzraum-seitlich-schmal-scaled.jpg",2560,764,false],"xxxxxl":["https:\/\/www.gamapa.de\/wp-content\/uploads\/2025\/06\/alter-konferenzraum-seitlich-schmal-scaled.jpg",2560,764,false],"1536x1536":["https:\/\/www.gamapa.de\/wp-content\/uploads\/2025\/06\/alter-konferenzraum-seitlich-schmal-1536x458.jpg",1536,458,true],"2048x2048":["https:\/\/www.gamapa.de\/wp-content\/uploads\/2025\/06\/alter-konferenzraum-seitlich-schmal-2048x611.jpg",2048,611,true],"post-thumbnail":["https:\/\/www.gamapa.de\/wp-content\/uploads\/2025\/06\/alter-konferenzraum-seitlich-schmal-scaled.jpg",2560,764,false],"twentytwenty-fullscreen":["https:\/\/www.gamapa.de\/wp-content\/uploads\/2025\/06\/alter-konferenzraum-seitlich-schmal-scaled.jpg",2560,764,false],"theme-slug-single-post":["https:\/\/www.gamapa.de\/wp-content\/uploads\/2025\/06\/alter-konferenzraum-seitlich-schmal-1600x400.jpg",1600,400,true]},"uagb_author_info":{"display_name":"linda","author_link":"https:\/\/www.gamapa.de\/pl\/author\/linda\/"},"uagb_comment_info":0,"uagb_excerpt":"Kompleksowe doradztwo we wszystkich obszarach kompetencji Dziedzina nabycia i zbycia przedsi\u0119biorstw (fuzje, przej\u0119cia) stanowi syntez\u0119 czterech obszar\u00f3w naszej dzia\u0142alno\u015bci: audytu oraz doradztwa podatkowego, prawnego i zarz\u0105dczego. Po pierwsze, klasyczn\u0105 domen\u0105 audytu jest wycena przedsi\u0119biorstw i badanie due diligence poddaj\u0105ce analizie kondycj\u0119 finansow\u0105 sp\u00f3\u0142ki, kt\u00f3rej nabyciem zainteresowany jest nasz klient. Z kolei specjali\u015bci ds. doradztwa mened\u017cerskiego&hellip;","_links":{"self":[{"href":"https:\/\/www.gamapa.de\/pl\/wp-json\/wp\/v2\/pages\/5748","targetHints":{"allow":["GET"]}}],"collection":[{"href":"https:\/\/www.gamapa.de\/pl\/wp-json\/wp\/v2\/pages"}],"about":[{"href":"https:\/\/www.gamapa.de\/pl\/wp-json\/wp\/v2\/types\/page"}],"author":[{"embeddable":true,"href":"https:\/\/www.gamapa.de\/pl\/wp-json\/wp\/v2\/users\/1"}],"replies":[{"embeddable":true,"href":"https:\/\/www.gamapa.de\/pl\/wp-json\/wp\/v2\/comments?post=5748"}],"version-history":[{"count":2,"href":"https:\/\/www.gamapa.de\/pl\/wp-json\/wp\/v2\/pages\/5748\/revisions"}],"predecessor-version":[{"id":7232,"href":"https:\/\/www.gamapa.de\/pl\/wp-json\/wp\/v2\/pages\/5748\/revisions\/7232"}],"up":[{"embeddable":true,"href":"https:\/\/www.gamapa.de\/pl\/wp-json\/wp\/v2\/pages\/5663"}],"wp:featuredmedia":[{"embeddable":true,"href":"https:\/\/www.gamapa.de\/pl\/wp-json\/wp\/v2\/media\/19748"}],"wp:attachment":[{"href":"https:\/\/www.gamapa.de\/pl\/wp-json\/wp\/v2\/media?parent=5748"}],"curies":[{"name":"wp","href":"https:\/\/api.w.org\/{rel}","templated":true}]}}