

{"id":5764,"date":"2020-03-11T10:23:39","date_gmt":"2020-03-11T09:23:39","guid":{"rendered":"https:\/\/www.gamapa.de\/steuerberatung\/immobilien\/"},"modified":"2021-08-11T15:25:06","modified_gmt":"2021-08-11T13:25:06","slug":"nieruchomosci","status":"publish","type":"page","link":"https:\/\/www.gamapa.de\/pl\/dziedziny-swiadczonych-uslug-doradczych\/doradztwo-podatkowe\/nieruchomosci\/","title":{"rendered":"Nieruchomo\u015bci"},"content":{"rendered":"\n<h2 class=\"wp-block-heading\">Us\u0142ugi doradcze na potrzeby zawierania transakcji na rynku nieruchomo\u015bci<\/h2>\n\n\n\n<p><\/p>\n\n\n\n<p>Oddajemy nasz\u0105 wiedz\u0119 do dyspozycji zar\u00f3wno inwestor\u00f3w prywatnym, jak i dzia\u0142aj\u0105cych na skal\u0119 mi\u0119dzynarodow\u0105 funduszy nieruchomo\u015bci.<\/p>\n\n\n\n<p>Odpowiadaj\u0105c na pytania dotycz\u0105ce prawa nieruchomo\u015bci, oferujemy zarazem interdyscyplinarne doradztwo w sprawach z zakresu prawa cywilnego i podatkowego.<\/p>\n\n\n\n<p>Jeste\u015bmy obecni na etapie nabywania i sprzeda\u017cy nieruchomo\u015bci lub przedsi\u0119biorstw obrotu nieruchomo\u015bciami, pocz\u0105wszy od dog\u0142\u0119bnej oceny prawnej i podatkowej nieruchomo\u015bci (due diligence), poprzez przygotowanie i negocjowanie warunk\u00f3w umowy kupna, a\u017c po jej realizacj\u0119. Przy zakupie nieruchomo\u015bci wynajmowanej w celach komercyjnych decyduj\u0105ce znaczenie dla ustalenia jej warto\u015bci ma d\u0142ugoterminowa umowa najmu z podmiotem o pozytywnie zweryfikowanej zdolno\u015bci kredytowej. Kwestie te nale\u017cy dok\u0142adnie sprawdzi\u0107 w ramach analizy due diligence nabywcy.<\/p>\n\n\n\n<p>Umiemy zaproponowa\u0107 rozwi\u0105zania zoptymalizowane pod wzgl\u0119dem zar\u00f3wno podatku od sprzeda\u017cy, jak i podatku od przeniesienia w\u0142asno\u015bci. Nasi radcy prawni i doradcy podatkowi dysponuj\u0105 wieloletnim do\u015bwiadczeniem w przeprowadzaniu transakcji dotycz\u0105cych kompleksowe nieruchomo\u015bci o du\u017cej skali:<\/p>\n\n\n\n<ul class=\"wp-block-list\"><li>Prowadzenie transakcji a\u017c po ostateczn\u0105 finalizacj\u0119 sprzeda\u017cy<\/li><li>Proponowanie form nabycia optymalnych pod wzgl\u0119dem podatkowym<\/li><li>Restrukturyzacja portfeli nieruchomo\u015bci<\/li><li>Doradztwo podatkowe i prawne dotycz\u0105ce ustanowienia G-REIT (niemieckie fundusze inwestycyjne w dziedzinie nieruchomo\u015bci) i Vor-REIT (niemieckie fundusze inwestycyjne dotycz\u0105ce nieruchomo\u015bci, kt\u00f3re nie s\u0105 jeszcze gotowe do wprowadzenia na rynek kapita\u0142owy); w szczeg\u00f3lno\u015bci struktura prawna i podatkowa w zakresie przenoszenia w\u0142asno\u015bci do REIT<\/li><li>Prowadzenie sprawozdawczo\u015bci finansowej zgodnie z MSSF<\/li><li>Opracowanie koncepcji i przygotowanie sprawozda\u0144 finansowych wymaganych do wej\u015bcia przedsi\u0119biorstwa na gie\u0142d\u0119 (sprawozdania skonsolidowane i \u015br\u00f3droczne, \u0142\u0105czne sprawozdania finansowe, informacje finansowe pro forma)<\/li><\/ul>\n\n\n\n<p><\/p>\n","protected":false},"excerpt":{"rendered":"<p>Us\u0142ugi doradcze na potrzeby zawierania transakcji na rynku nieruchomo\u015bci Oddajemy nasz\u0105 wiedz\u0119 do dyspozycji zar\u00f3wno inwestor\u00f3w prywatnym, jak i dzia\u0142aj\u0105cych na skal\u0119 mi\u0119dzynarodow\u0105 funduszy nieruchomo\u015bci. Odpowiadaj\u0105c na pytania dotycz\u0105ce prawa nieruchomo\u015bci, oferujemy zarazem interdyscyplinarne doradztwo w sprawach z zakresu prawa cywilnego i podatkowego. Jeste\u015bmy obecni na etapie nabywania i sprzeda\u017cy nieruchomo\u015bci lub przedsi\u0119biorstw obrotu nieruchomo\u015bciami, <a href=\"https:\/\/www.gamapa.de\/pl\/dziedziny-swiadczonych-uslug-doradczych\/doradztwo-podatkowe\/nieruchomosci\/\">[\u2026]<\/a><\/p>\n","protected":false},"author":1,"featured_media":3362,"parent":5655,"menu_order":8,"comment_status":"closed","ping_status":"closed","template":"templates\/template-simple-site.php","meta":{"_acf_changed":false,"_uag_custom_page_level_css":"","footnotes":""},"class_list":["post-5764","page","type-page","status-publish","has-post-thumbnail","hentry"],"acf":[],"yoast_head":"<!-- This site is optimized with the Yoast SEO plugin v27.3 - https:\/\/yoast.com\/product\/yoast-seo-wordpress\/ -->\n<title>Nieruchomo\u015bci - GANTEF\u00dcHRER<\/title>\n<meta name=\"description\" content=\"Unsere Beratung als Fundament f\u00fcr Ihre Immobiliengesch\u00e4fte\" \/>\n<meta name=\"robots\" content=\"index, follow, max-snippet:-1, max-image-preview:large, max-video-preview:-1\" \/>\n<link rel=\"canonical\" href=\"https:\/\/www.gamapa.de\/pl\/dziedziny-swiadczonych-uslug-doradczych\/doradztwo-podatkowe\/nieruchomosci\/\" \/>\n<meta property=\"og:locale\" content=\"pl_PL\" \/>\n<meta property=\"og:type\" content=\"article\" \/>\n<meta property=\"og:title\" content=\"Nieruchomo\u015bci - GANTEF\u00dcHRER\" \/>\n<meta property=\"og:description\" content=\"Unsere Beratung als Fundament f\u00fcr Ihre Immobiliengesch\u00e4fte\" \/>\n<meta property=\"og:url\" content=\"https:\/\/www.gamapa.de\/pl\/dziedziny-swiadczonych-uslug-doradczych\/doradztwo-podatkowe\/nieruchomosci\/\" \/>\n<meta property=\"og:site_name\" content=\"GANTEF\u00dcHRER\" \/>\n<meta property=\"article:modified_time\" content=\"2021-08-11T13:25:06+00:00\" \/>\n<meta property=\"og:image\" content=\"https:\/\/www.gamapa.de\/wp-content\/uploads\/2020\/03\/Header-Interdisziplinaere-Beratung-5-scaled.jpg\" \/>\n\t<meta property=\"og:image:width\" content=\"2560\" \/>\n\t<meta property=\"og:image:height\" content=\"764\" \/>\n\t<meta property=\"og:image:type\" content=\"image\/jpeg\" \/>\n<meta name=\"twitter:card\" content=\"summary_large_image\" \/>\n<meta name=\"twitter:label1\" content=\"Szacowany czas czytania\" \/>\n\t<meta name=\"twitter:data1\" content=\"2 minuty\" \/>\n<script type=\"application\/ld+json\" class=\"yoast-schema-graph\">{\"@context\":\"https:\\\/\\\/schema.org\",\"@graph\":[{\"@type\":\"WebPage\",\"@id\":\"https:\\\/\\\/www.gamapa.de\\\/pl\\\/dziedziny-swiadczonych-uslug-doradczych\\\/doradztwo-podatkowe\\\/nieruchomosci\\\/\",\"url\":\"https:\\\/\\\/www.gamapa.de\\\/pl\\\/dziedziny-swiadczonych-uslug-doradczych\\\/doradztwo-podatkowe\\\/nieruchomosci\\\/\",\"name\":\"Nieruchomo\u015bci - GANTEF\u00dcHRER\",\"isPartOf\":{\"@id\":\"https:\\\/\\\/www.gamapa.de\\\/pl\\\/#website\"},\"primaryImageOfPage\":{\"@id\":\"https:\\\/\\\/www.gamapa.de\\\/pl\\\/dziedziny-swiadczonych-uslug-doradczych\\\/doradztwo-podatkowe\\\/nieruchomosci\\\/#primaryimage\"},\"image\":{\"@id\":\"https:\\\/\\\/www.gamapa.de\\\/pl\\\/dziedziny-swiadczonych-uslug-doradczych\\\/doradztwo-podatkowe\\\/nieruchomosci\\\/#primaryimage\"},\"thumbnailUrl\":\"https:\\\/\\\/www.gamapa.de\\\/wp-content\\\/uploads\\\/2020\\\/03\\\/Header-Interdisziplinaere-Beratung-5-scaled.jpg\",\"datePublished\":\"2020-03-11T09:23:39+00:00\",\"dateModified\":\"2021-08-11T13:25:06+00:00\",\"description\":\"Unsere Beratung als Fundament f\u00fcr Ihre Immobiliengesch\u00e4fte\",\"breadcrumb\":{\"@id\":\"https:\\\/\\\/www.gamapa.de\\\/pl\\\/dziedziny-swiadczonych-uslug-doradczych\\\/doradztwo-podatkowe\\\/nieruchomosci\\\/#breadcrumb\"},\"inLanguage\":\"pl-PL\",\"potentialAction\":[{\"@type\":\"ReadAction\",\"target\":[\"https:\\\/\\\/www.gamapa.de\\\/pl\\\/dziedziny-swiadczonych-uslug-doradczych\\\/doradztwo-podatkowe\\\/nieruchomosci\\\/\"]}]},{\"@type\":\"ImageObject\",\"inLanguage\":\"pl-PL\",\"@id\":\"https:\\\/\\\/www.gamapa.de\\\/pl\\\/dziedziny-swiadczonych-uslug-doradczych\\\/doradztwo-podatkowe\\\/nieruchomosci\\\/#primaryimage\",\"url\":\"https:\\\/\\\/www.gamapa.de\\\/wp-content\\\/uploads\\\/2020\\\/03\\\/Header-Interdisziplinaere-Beratung-5-scaled.jpg\",\"contentUrl\":\"https:\\\/\\\/www.gamapa.de\\\/wp-content\\\/uploads\\\/2020\\\/03\\\/Header-Interdisziplinaere-Beratung-5-scaled.jpg\",\"width\":2560,\"height\":764},{\"@type\":\"BreadcrumbList\",\"@id\":\"https:\\\/\\\/www.gamapa.de\\\/pl\\\/dziedziny-swiadczonych-uslug-doradczych\\\/doradztwo-podatkowe\\\/nieruchomosci\\\/#breadcrumb\",\"itemListElement\":[{\"@type\":\"ListItem\",\"position\":1,\"name\":\"Startseite\",\"item\":\"https:\\\/\\\/www.gamapa.de\\\/pl\\\/\"},{\"@type\":\"ListItem\",\"position\":2,\"name\":\"Obszar konsultacji\",\"item\":\"https:\\\/\\\/www.gamapa.de\\\/pl\\\/dziedziny-swiadczonych-uslug-doradczych\\\/\"},{\"@type\":\"ListItem\",\"position\":3,\"name\":\"Doradztwo podatkowe\",\"item\":\"https:\\\/\\\/www.gamapa.de\\\/pl\\\/dziedziny-swiadczonych-uslug-doradczych\\\/doradztwo-podatkowe\\\/\"},{\"@type\":\"ListItem\",\"position\":4,\"name\":\"Nieruchomo\u015bci\"}]},{\"@type\":\"WebSite\",\"@id\":\"https:\\\/\\\/www.gamapa.de\\\/pl\\\/#website\",\"url\":\"https:\\\/\\\/www.gamapa.de\\\/pl\\\/\",\"name\":\"GANTEF\u00dcHRER\",\"description\":\"Wirtschaftspr\u00fcfer, Steuerberater, Rechtsanw\u00e4lte\",\"publisher\":{\"@id\":\"https:\\\/\\\/www.gamapa.de\\\/pl\\\/#organization\"},\"potentialAction\":[{\"@type\":\"SearchAction\",\"target\":{\"@type\":\"EntryPoint\",\"urlTemplate\":\"https:\\\/\\\/www.gamapa.de\\\/pl\\\/?s={search_term_string}\"},\"query-input\":{\"@type\":\"PropertyValueSpecification\",\"valueRequired\":true,\"valueName\":\"search_term_string\"}}],\"inLanguage\":\"pl-PL\"},{\"@type\":\"Organization\",\"@id\":\"https:\\\/\\\/www.gamapa.de\\\/pl\\\/#organization\",\"name\":\"Gantef\u00fchrer Wirtschaftspr\u00fcfer, Steuerberater, Rechtsanw\u00e4lte\",\"url\":\"https:\\\/\\\/www.gamapa.de\\\/pl\\\/\",\"logo\":{\"@type\":\"ImageObject\",\"inLanguage\":\"pl-PL\",\"@id\":\"https:\\\/\\\/www.gamapa.de\\\/pl\\\/#\\\/schema\\\/logo\\\/image\\\/\",\"url\":\"https:\\\/\\\/www.gamapa.de\\\/wp-content\\\/uploads\\\/2026\\\/01\\\/Logo-Gantefuehrer.png\",\"contentUrl\":\"https:\\\/\\\/www.gamapa.de\\\/wp-content\\\/uploads\\\/2026\\\/01\\\/Logo-Gantefuehrer.png\",\"width\":767,\"height\":156,\"caption\":\"Gantef\u00fchrer Wirtschaftspr\u00fcfer, Steuerberater, Rechtsanw\u00e4lte\"},\"image\":{\"@id\":\"https:\\\/\\\/www.gamapa.de\\\/pl\\\/#\\\/schema\\\/logo\\\/image\\\/\"}}]}<\/script>\n<!-- \/ Yoast SEO plugin. -->","yoast_head_json":{"title":"Nieruchomo\u015bci - GANTEF\u00dcHRER","description":"Unsere Beratung als Fundament f\u00fcr Ihre Immobiliengesch\u00e4fte","robots":{"index":"index","follow":"follow","max-snippet":"max-snippet:-1","max-image-preview":"max-image-preview:large","max-video-preview":"max-video-preview:-1"},"canonical":"https:\/\/www.gamapa.de\/pl\/dziedziny-swiadczonych-uslug-doradczych\/doradztwo-podatkowe\/nieruchomosci\/","og_locale":"pl_PL","og_type":"article","og_title":"Nieruchomo\u015bci - GANTEF\u00dcHRER","og_description":"Unsere Beratung als Fundament f\u00fcr Ihre Immobiliengesch\u00e4fte","og_url":"https:\/\/www.gamapa.de\/pl\/dziedziny-swiadczonych-uslug-doradczych\/doradztwo-podatkowe\/nieruchomosci\/","og_site_name":"GANTEF\u00dcHRER","article_modified_time":"2021-08-11T13:25:06+00:00","og_image":[{"width":2560,"height":764,"url":"https:\/\/www.gamapa.de\/wp-content\/uploads\/2020\/03\/Header-Interdisziplinaere-Beratung-5-scaled.jpg","type":"image\/jpeg"}],"twitter_card":"summary_large_image","twitter_misc":{"Szacowany czas czytania":"2 minuty"},"schema":{"@context":"https:\/\/schema.org","@graph":[{"@type":"WebPage","@id":"https:\/\/www.gamapa.de\/pl\/dziedziny-swiadczonych-uslug-doradczych\/doradztwo-podatkowe\/nieruchomosci\/","url":"https:\/\/www.gamapa.de\/pl\/dziedziny-swiadczonych-uslug-doradczych\/doradztwo-podatkowe\/nieruchomosci\/","name":"Nieruchomo\u015bci - GANTEF\u00dcHRER","isPartOf":{"@id":"https:\/\/www.gamapa.de\/pl\/#website"},"primaryImageOfPage":{"@id":"https:\/\/www.gamapa.de\/pl\/dziedziny-swiadczonych-uslug-doradczych\/doradztwo-podatkowe\/nieruchomosci\/#primaryimage"},"image":{"@id":"https:\/\/www.gamapa.de\/pl\/dziedziny-swiadczonych-uslug-doradczych\/doradztwo-podatkowe\/nieruchomosci\/#primaryimage"},"thumbnailUrl":"https:\/\/www.gamapa.de\/wp-content\/uploads\/2020\/03\/Header-Interdisziplinaere-Beratung-5-scaled.jpg","datePublished":"2020-03-11T09:23:39+00:00","dateModified":"2021-08-11T13:25:06+00:00","description":"Unsere Beratung als Fundament f\u00fcr Ihre Immobiliengesch\u00e4fte","breadcrumb":{"@id":"https:\/\/www.gamapa.de\/pl\/dziedziny-swiadczonych-uslug-doradczych\/doradztwo-podatkowe\/nieruchomosci\/#breadcrumb"},"inLanguage":"pl-PL","potentialAction":[{"@type":"ReadAction","target":["https:\/\/www.gamapa.de\/pl\/dziedziny-swiadczonych-uslug-doradczych\/doradztwo-podatkowe\/nieruchomosci\/"]}]},{"@type":"ImageObject","inLanguage":"pl-PL","@id":"https:\/\/www.gamapa.de\/pl\/dziedziny-swiadczonych-uslug-doradczych\/doradztwo-podatkowe\/nieruchomosci\/#primaryimage","url":"https:\/\/www.gamapa.de\/wp-content\/uploads\/2020\/03\/Header-Interdisziplinaere-Beratung-5-scaled.jpg","contentUrl":"https:\/\/www.gamapa.de\/wp-content\/uploads\/2020\/03\/Header-Interdisziplinaere-Beratung-5-scaled.jpg","width":2560,"height":764},{"@type":"BreadcrumbList","@id":"https:\/\/www.gamapa.de\/pl\/dziedziny-swiadczonych-uslug-doradczych\/doradztwo-podatkowe\/nieruchomosci\/#breadcrumb","itemListElement":[{"@type":"ListItem","position":1,"name":"Startseite","item":"https:\/\/www.gamapa.de\/pl\/"},{"@type":"ListItem","position":2,"name":"Obszar konsultacji","item":"https:\/\/www.gamapa.de\/pl\/dziedziny-swiadczonych-uslug-doradczych\/"},{"@type":"ListItem","position":3,"name":"Doradztwo podatkowe","item":"https:\/\/www.gamapa.de\/pl\/dziedziny-swiadczonych-uslug-doradczych\/doradztwo-podatkowe\/"},{"@type":"ListItem","position":4,"name":"Nieruchomo\u015bci"}]},{"@type":"WebSite","@id":"https:\/\/www.gamapa.de\/pl\/#website","url":"https:\/\/www.gamapa.de\/pl\/","name":"GANTEF\u00dcHRER","description":"Wirtschaftspr\u00fcfer, Steuerberater, Rechtsanw\u00e4lte","publisher":{"@id":"https:\/\/www.gamapa.de\/pl\/#organization"},"potentialAction":[{"@type":"SearchAction","target":{"@type":"EntryPoint","urlTemplate":"https:\/\/www.gamapa.de\/pl\/?s={search_term_string}"},"query-input":{"@type":"PropertyValueSpecification","valueRequired":true,"valueName":"search_term_string"}}],"inLanguage":"pl-PL"},{"@type":"Organization","@id":"https:\/\/www.gamapa.de\/pl\/#organization","name":"Gantef\u00fchrer Wirtschaftspr\u00fcfer, Steuerberater, Rechtsanw\u00e4lte","url":"https:\/\/www.gamapa.de\/pl\/","logo":{"@type":"ImageObject","inLanguage":"pl-PL","@id":"https:\/\/www.gamapa.de\/pl\/#\/schema\/logo\/image\/","url":"https:\/\/www.gamapa.de\/wp-content\/uploads\/2026\/01\/Logo-Gantefuehrer.png","contentUrl":"https:\/\/www.gamapa.de\/wp-content\/uploads\/2026\/01\/Logo-Gantefuehrer.png","width":767,"height":156,"caption":"Gantef\u00fchrer Wirtschaftspr\u00fcfer, Steuerberater, Rechtsanw\u00e4lte"},"image":{"@id":"https:\/\/www.gamapa.de\/pl\/#\/schema\/logo\/image\/"}}]}},"uagb_featured_image_src":{"full":["https:\/\/www.gamapa.de\/wp-content\/uploads\/2020\/03\/Header-Interdisziplinaere-Beratung-5-scaled.jpg",2560,764,false],"thumbnail":["https:\/\/www.gamapa.de\/wp-content\/uploads\/2020\/03\/Header-Interdisziplinaere-Beratung-5-150x150.jpg",150,150,true],"medium":["https:\/\/www.gamapa.de\/wp-content\/uploads\/2020\/03\/Header-Interdisziplinaere-Beratung-5-600x179.jpg",600,179,true],"medium_large":["https:\/\/www.gamapa.de\/wp-content\/uploads\/2020\/03\/Header-Interdisziplinaere-Beratung-5-768x229.jpg",580,173,true],"large":["https:\/\/www.gamapa.de\/wp-content\/uploads\/2020\/03\/Header-Interdisziplinaere-Beratung-5-scaled.jpg",580,173,false],"gs-tiny":["https:\/\/www.gamapa.de\/wp-content\/uploads\/2020\/03\/Header-Interdisziplinaere-Beratung-5-scaled.jpg",50,15,false],"xl":["https:\/\/www.gamapa.de\/wp-content\/uploads\/2020\/03\/Header-Interdisziplinaere-Beratung-5-scaled.jpg",1600,478,false],"xxl":["https:\/\/www.gamapa.de\/wp-content\/uploads\/2020\/03\/Header-Interdisziplinaere-Beratung-5-scaled.jpg",2200,657,false],"xxxl":["https:\/\/www.gamapa.de\/wp-content\/uploads\/2020\/03\/Header-Interdisziplinaere-Beratung-5-scaled.jpg",2560,764,false],"xxxxl":["https:\/\/www.gamapa.de\/wp-content\/uploads\/2020\/03\/Header-Interdisziplinaere-Beratung-5-scaled.jpg",2560,764,false],"xxxxxl":["https:\/\/www.gamapa.de\/wp-content\/uploads\/2020\/03\/Header-Interdisziplinaere-Beratung-5-scaled.jpg",2560,764,false],"1536x1536":["https:\/\/www.gamapa.de\/wp-content\/uploads\/2020\/03\/Header-Interdisziplinaere-Beratung-5-1536x458.jpg",1536,458,true],"2048x2048":["https:\/\/www.gamapa.de\/wp-content\/uploads\/2020\/03\/Header-Interdisziplinaere-Beratung-5-2048x611.jpg",2048,611,true],"post-thumbnail":["https:\/\/www.gamapa.de\/wp-content\/uploads\/2020\/03\/Header-Interdisziplinaere-Beratung-5-scaled.jpg",2560,764,false],"twentytwenty-fullscreen":["https:\/\/www.gamapa.de\/wp-content\/uploads\/2020\/03\/Header-Interdisziplinaere-Beratung-5-scaled.jpg",2560,764,false],"theme-slug-single-post":["https:\/\/www.gamapa.de\/wp-content\/uploads\/2020\/03\/Header-Interdisziplinaere-Beratung-5-1600x400.jpg",1600,400,true]},"uagb_author_info":{"display_name":"linda","author_link":"https:\/\/www.gamapa.de\/pl\/author\/linda\/"},"uagb_comment_info":0,"uagb_excerpt":"Us\u0142ugi doradcze na potrzeby zawierania transakcji na rynku nieruchomo\u015bci Oddajemy nasz\u0105 wiedz\u0119 do dyspozycji zar\u00f3wno inwestor\u00f3w prywatnym, jak i dzia\u0142aj\u0105cych na skal\u0119 mi\u0119dzynarodow\u0105 funduszy nieruchomo\u015bci. Odpowiadaj\u0105c na pytania dotycz\u0105ce prawa nieruchomo\u015bci, oferujemy zarazem interdyscyplinarne doradztwo w sprawach z zakresu prawa cywilnego i podatkowego. Jeste\u015bmy obecni na etapie nabywania i sprzeda\u017cy nieruchomo\u015bci lub przedsi\u0119biorstw obrotu nieruchomo\u015bciami,&hellip;","_links":{"self":[{"href":"https:\/\/www.gamapa.de\/pl\/wp-json\/wp\/v2\/pages\/5764","targetHints":{"allow":["GET"]}}],"collection":[{"href":"https:\/\/www.gamapa.de\/pl\/wp-json\/wp\/v2\/pages"}],"about":[{"href":"https:\/\/www.gamapa.de\/pl\/wp-json\/wp\/v2\/types\/page"}],"author":[{"embeddable":true,"href":"https:\/\/www.gamapa.de\/pl\/wp-json\/wp\/v2\/users\/1"}],"replies":[{"embeddable":true,"href":"https:\/\/www.gamapa.de\/pl\/wp-json\/wp\/v2\/comments?post=5764"}],"version-history":[{"count":5,"href":"https:\/\/www.gamapa.de\/pl\/wp-json\/wp\/v2\/pages\/5764\/revisions"}],"predecessor-version":[{"id":6984,"href":"https:\/\/www.gamapa.de\/pl\/wp-json\/wp\/v2\/pages\/5764\/revisions\/6984"}],"up":[{"embeddable":true,"href":"https:\/\/www.gamapa.de\/pl\/wp-json\/wp\/v2\/pages\/5655"}],"wp:featuredmedia":[{"embeddable":true,"href":"https:\/\/www.gamapa.de\/pl\/wp-json\/wp\/v2\/media\/3362"}],"wp:attachment":[{"href":"https:\/\/www.gamapa.de\/pl\/wp-json\/wp\/v2\/media?parent=5764"}],"curies":[{"name":"wp","href":"https:\/\/api.w.org\/{rel}","templated":true}]}}