

{"id":5768,"date":"2020-03-11T10:24:38","date_gmt":"2020-03-11T09:24:38","guid":{"rendered":"https:\/\/www.gamapa.de\/bildende-kunst\/"},"modified":"2021-09-01T16:38:42","modified_gmt":"2021-09-01T14:38:42","slug":"sztuki-wizualne","status":"publish","type":"page","link":"https:\/\/www.gamapa.de\/pl\/dziedziny-swiadczonych-uslug-doradczych\/doradztwo-prawne\/sztuki-wizualne\/","title":{"rendered":"Sztuki wizualne"},"content":{"rendered":"\n<h2 class=\"wp-block-heading\">Od pasji do profesji<\/h2>\n\n\n\n<p>Szczeg\u00f3lnym obszarem dzia\u0142alno\u015bci kancelarii jest \u015bwiadczenie us\u0142ug doradczych na rzecz artyst\u00f3w i podmiot\u00f3w prowadz\u0105cych dzia\u0142alno\u015b\u0107 zwi\u0105zan\u0105 ze sztuk\u0105. Sta\u0142o si\u0119 tak dzi\u0119ki pasji, jak\u0105 za\u0142o\u017cyciel naszej firmy \u017cywi dla sztuki. Ta nietypowa, w\u0105ska specjalizacja odr\u00f3\u017cnia nas na korzy\u015b\u0107 od innych podmiot\u00f3w aktywnych na rynku us\u0142ug doradczych.<\/p>\n\n\n\n<p>Zaufa\u0142o nam ju\u017c wielu kolekcjoner\u00f3w, znanych artyst\u00f3w i galerii, a tak\u017ce liczne muzea (np. kolekcja \u201eKunstsammlung Nordrhein-Westfalen\u201d w D\u00fcsseldorfie), stowarzyszenia wspieraj\u0105ce muzea, fundacje (np. fundacja \u201eMuseum Kunstpalast\u201d w D\u00fcsseldorfie), domy aukcyjne i ubezpieczyciele dzie\u0142 sztuki.<\/p>\n\n\n\n<p>Obszar ten charakteryzuje si\u0119 daleko id\u0105c\u0105 syntez\u0105 kwestii podatkowych i prawnych. Sztuka oferuje atrakcyjne mo\u017cliwo\u015bci optymalnego uregulowania dziedziczenia z punktu widzenia podatkowego oraz otwiera nieoczekiwane perspektywy dla zainteresowanych ni\u0105 przedsi\u0119biorc\u00f3w. Wraz z AXA Art Versicherung AG publikujemy broszur\u0119 \u201eSchwerpunktthemen f\u00fcr den Kunstsammler\u201d (\u201eNajwa\u017cniejsze zagadnienia dla kolekcjoner\u00f3w sztuki\u201d). W celu otrzymania publikacji prosimy o kontakt telefoniczny.<\/p>\n\n\n\n<h3 class=\"wp-block-heading\">Spektrum us\u0142ug doradczych w dziedzinie sztuki:<\/h3>\n\n\n\n<ul class=\"wp-block-list\"><li>Optymalizacja procesu nabywania dzie\u0142 sztuki pod wzgl\u0119dem podatkowym<\/li><li>Unikanie op\u0142acania podatku od spadku i darowizny w przypadku dzie\u0142 sztuki<\/li><li>Sporz\u0105dzanie um\u00f3w nabycia i sprzeda\u017cy, najmu i u\u017cyczenia dzie\u0142 sztuki<\/li><li>Sporz\u0105dzanie um\u00f3w z muzeami, np. um\u00f3w u\u017cyczenia, um\u00f3w z kuratorami wystaw, autorami i fotografami, porozumie\u0144 o wsp\u00f3\u0142pracy mi\u0119dzy muzeami<\/li><li>Kwestie dotycz\u0105ce dochodzenia praw autorskich<\/li><li>Ochrona d\u00f3br kultury<\/li><li>Kwestie dotycz\u0105ce fa\u0142szowania dzie\u0142 sztuki, reprezentowanie muze\u00f3w, podmiot\u00f3w prowadz\u0105cych obr\u00f3t dzie\u0142ami sztuki, galerii, nabywc\u00f3w i rzeczoznawc\u00f3w \u2013 zar\u00f3wno w s\u0105dach, jak i poza nimi<\/li><li>Ubezpieczanie dzie\u0142 sztuki<\/li><\/ul>\n","protected":false},"excerpt":{"rendered":"<p>Od pasji do profesji Szczeg\u00f3lnym obszarem dzia\u0142alno\u015bci kancelarii jest \u015bwiadczenie us\u0142ug doradczych na rzecz artyst\u00f3w i podmiot\u00f3w prowadz\u0105cych dzia\u0142alno\u015b\u0107 zwi\u0105zan\u0105 ze sztuk\u0105. Sta\u0142o si\u0119 tak dzi\u0119ki pasji, jak\u0105 za\u0142o\u017cyciel naszej firmy \u017cywi dla sztuki. Ta nietypowa, w\u0105ska specjalizacja odr\u00f3\u017cnia nas na korzy\u015b\u0107 od innych podmiot\u00f3w aktywnych na rynku us\u0142ug doradczych. Zaufa\u0142o nam ju\u017c wielu kolekcjoner\u00f3w, <a href=\"https:\/\/www.gamapa.de\/pl\/dziedziny-swiadczonych-uslug-doradczych\/doradztwo-prawne\/sztuki-wizualne\/\">[\u2026]<\/a><\/p>\n","protected":false},"author":1,"featured_media":4370,"parent":5659,"menu_order":9,"comment_status":"closed","ping_status":"closed","template":"","meta":{"_acf_changed":false,"_uag_custom_page_level_css":"","footnotes":""},"class_list":["post-5768","page","type-page","status-publish","has-post-thumbnail","hentry"],"acf":[],"yoast_head":"<!-- This site is optimized with the Yoast SEO plugin v27.5 - https:\/\/yoast.com\/product\/yoast-seo-wordpress\/ -->\n<title>Sztuki wizualne - GANTEF\u00dcHRER<\/title>\n<meta name=\"description\" content=\"Kunst ist ein spezielles Beratungsfeld unserer Soziet\u00e4t. Es hat sich aus der Kunstleidenschaft des Gr\u00fcnders entwickelt und z\u00e4hlt heute zu einem kleinen, feinen Schwerpunkt unseres Hauses.\" \/>\n<meta name=\"robots\" content=\"index, follow, max-snippet:-1, max-image-preview:large, max-video-preview:-1\" \/>\n<link rel=\"canonical\" href=\"https:\/\/www.gamapa.de\/pl\/dziedziny-swiadczonych-uslug-doradczych\/doradztwo-prawne\/sztuki-wizualne\/\" \/>\n<meta property=\"og:locale\" content=\"pl_PL\" \/>\n<meta property=\"og:type\" content=\"article\" \/>\n<meta property=\"og:title\" content=\"Sztuki wizualne - GANTEF\u00dcHRER\" \/>\n<meta property=\"og:description\" content=\"Kunst ist ein spezielles Beratungsfeld unserer Soziet\u00e4t. Es hat sich aus der Kunstleidenschaft des Gr\u00fcnders entwickelt und z\u00e4hlt heute zu einem kleinen, feinen Schwerpunkt unseres Hauses.\" \/>\n<meta property=\"og:url\" content=\"https:\/\/www.gamapa.de\/pl\/dziedziny-swiadczonych-uslug-doradczych\/doradztwo-prawne\/sztuki-wizualne\/\" \/>\n<meta property=\"og:site_name\" content=\"GANTEF\u00dcHRER\" \/>\n<meta property=\"article:modified_time\" content=\"2021-09-01T14:38:42+00:00\" \/>\n<meta property=\"og:image\" content=\"https:\/\/www.gamapa.de\/wp-content\/uploads\/2020\/09\/Header-bildende-Kunst-1-scaled.jpg\" \/>\n\t<meta property=\"og:image:width\" content=\"2560\" \/>\n\t<meta property=\"og:image:height\" content=\"764\" \/>\n\t<meta property=\"og:image:type\" content=\"image\/jpeg\" \/>\n<meta name=\"twitter:card\" content=\"summary_large_image\" \/>\n<meta name=\"twitter:label1\" content=\"Szacowany czas czytania\" \/>\n\t<meta name=\"twitter:data1\" content=\"1 minuta\" \/>\n<script type=\"application\/ld+json\" class=\"yoast-schema-graph\">{\"@context\":\"https:\\\/\\\/schema.org\",\"@graph\":[{\"@type\":\"WebPage\",\"@id\":\"https:\\\/\\\/www.gamapa.de\\\/pl\\\/dziedziny-swiadczonych-uslug-doradczych\\\/doradztwo-prawne\\\/sztuki-wizualne\\\/\",\"url\":\"https:\\\/\\\/www.gamapa.de\\\/pl\\\/dziedziny-swiadczonych-uslug-doradczych\\\/doradztwo-prawne\\\/sztuki-wizualne\\\/\",\"name\":\"Sztuki wizualne - GANTEF\u00dcHRER\",\"isPartOf\":{\"@id\":\"https:\\\/\\\/www.gamapa.de\\\/pl\\\/#website\"},\"primaryImageOfPage\":{\"@id\":\"https:\\\/\\\/www.gamapa.de\\\/pl\\\/dziedziny-swiadczonych-uslug-doradczych\\\/doradztwo-prawne\\\/sztuki-wizualne\\\/#primaryimage\"},\"image\":{\"@id\":\"https:\\\/\\\/www.gamapa.de\\\/pl\\\/dziedziny-swiadczonych-uslug-doradczych\\\/doradztwo-prawne\\\/sztuki-wizualne\\\/#primaryimage\"},\"thumbnailUrl\":\"https:\\\/\\\/www.gamapa.de\\\/wp-content\\\/uploads\\\/2020\\\/09\\\/Header-bildende-Kunst-1-scaled.jpg\",\"datePublished\":\"2020-03-11T09:24:38+00:00\",\"dateModified\":\"2021-09-01T14:38:42+00:00\",\"description\":\"Kunst ist ein spezielles Beratungsfeld unserer Soziet\u00e4t. Es hat sich aus der Kunstleidenschaft des Gr\u00fcnders entwickelt und z\u00e4hlt heute zu einem kleinen, feinen Schwerpunkt unseres Hauses.\",\"breadcrumb\":{\"@id\":\"https:\\\/\\\/www.gamapa.de\\\/pl\\\/dziedziny-swiadczonych-uslug-doradczych\\\/doradztwo-prawne\\\/sztuki-wizualne\\\/#breadcrumb\"},\"inLanguage\":\"pl-PL\",\"potentialAction\":[{\"@type\":\"ReadAction\",\"target\":[\"https:\\\/\\\/www.gamapa.de\\\/pl\\\/dziedziny-swiadczonych-uslug-doradczych\\\/doradztwo-prawne\\\/sztuki-wizualne\\\/\"]}]},{\"@type\":\"ImageObject\",\"inLanguage\":\"pl-PL\",\"@id\":\"https:\\\/\\\/www.gamapa.de\\\/pl\\\/dziedziny-swiadczonych-uslug-doradczych\\\/doradztwo-prawne\\\/sztuki-wizualne\\\/#primaryimage\",\"url\":\"https:\\\/\\\/www.gamapa.de\\\/wp-content\\\/uploads\\\/2020\\\/09\\\/Header-bildende-Kunst-1-scaled.jpg\",\"contentUrl\":\"https:\\\/\\\/www.gamapa.de\\\/wp-content\\\/uploads\\\/2020\\\/09\\\/Header-bildende-Kunst-1-scaled.jpg\",\"width\":2560,\"height\":764},{\"@type\":\"BreadcrumbList\",\"@id\":\"https:\\\/\\\/www.gamapa.de\\\/pl\\\/dziedziny-swiadczonych-uslug-doradczych\\\/doradztwo-prawne\\\/sztuki-wizualne\\\/#breadcrumb\",\"itemListElement\":[{\"@type\":\"ListItem\",\"position\":1,\"name\":\"Startseite\",\"item\":\"https:\\\/\\\/www.gamapa.de\\\/pl\\\/\"},{\"@type\":\"ListItem\",\"position\":2,\"name\":\"Sztuki wizualne\"}]},{\"@type\":\"WebSite\",\"@id\":\"https:\\\/\\\/www.gamapa.de\\\/pl\\\/#website\",\"url\":\"https:\\\/\\\/www.gamapa.de\\\/pl\\\/\",\"name\":\"GANTEF\u00dcHRER\",\"description\":\"Wirtschaftspr\u00fcfer, Steuerberater, Rechtsanw\u00e4lte\",\"publisher\":{\"@id\":\"https:\\\/\\\/www.gamapa.de\\\/pl\\\/#organization\"},\"potentialAction\":[{\"@type\":\"SearchAction\",\"target\":{\"@type\":\"EntryPoint\",\"urlTemplate\":\"https:\\\/\\\/www.gamapa.de\\\/pl\\\/?s={search_term_string}\"},\"query-input\":{\"@type\":\"PropertyValueSpecification\",\"valueRequired\":true,\"valueName\":\"search_term_string\"}}],\"inLanguage\":\"pl-PL\"},{\"@type\":\"Organization\",\"@id\":\"https:\\\/\\\/www.gamapa.de\\\/pl\\\/#organization\",\"name\":\"Gantef\u00fchrer Wirtschaftspr\u00fcfer, Steuerberater, Rechtsanw\u00e4lte\",\"url\":\"https:\\\/\\\/www.gamapa.de\\\/pl\\\/\",\"logo\":{\"@type\":\"ImageObject\",\"inLanguage\":\"pl-PL\",\"@id\":\"https:\\\/\\\/www.gamapa.de\\\/pl\\\/#\\\/schema\\\/logo\\\/image\\\/\",\"url\":\"https:\\\/\\\/www.gamapa.de\\\/wp-content\\\/uploads\\\/2026\\\/01\\\/Logo-Gantefuehrer.png\",\"contentUrl\":\"https:\\\/\\\/www.gamapa.de\\\/wp-content\\\/uploads\\\/2026\\\/01\\\/Logo-Gantefuehrer.png\",\"width\":767,\"height\":156,\"caption\":\"Gantef\u00fchrer Wirtschaftspr\u00fcfer, Steuerberater, Rechtsanw\u00e4lte\"},\"image\":{\"@id\":\"https:\\\/\\\/www.gamapa.de\\\/pl\\\/#\\\/schema\\\/logo\\\/image\\\/\"}}]}<\/script>\n<!-- \/ Yoast SEO plugin. -->","yoast_head_json":{"title":"Sztuki wizualne - GANTEF\u00dcHRER","description":"Kunst ist ein spezielles Beratungsfeld unserer Soziet\u00e4t. Es hat sich aus der Kunstleidenschaft des Gr\u00fcnders entwickelt und z\u00e4hlt heute zu einem kleinen, feinen Schwerpunkt unseres Hauses.","robots":{"index":"index","follow":"follow","max-snippet":"max-snippet:-1","max-image-preview":"max-image-preview:large","max-video-preview":"max-video-preview:-1"},"canonical":"https:\/\/www.gamapa.de\/pl\/dziedziny-swiadczonych-uslug-doradczych\/doradztwo-prawne\/sztuki-wizualne\/","og_locale":"pl_PL","og_type":"article","og_title":"Sztuki wizualne - GANTEF\u00dcHRER","og_description":"Kunst ist ein spezielles Beratungsfeld unserer Soziet\u00e4t. Es hat sich aus der Kunstleidenschaft des Gr\u00fcnders entwickelt und z\u00e4hlt heute zu einem kleinen, feinen Schwerpunkt unseres Hauses.","og_url":"https:\/\/www.gamapa.de\/pl\/dziedziny-swiadczonych-uslug-doradczych\/doradztwo-prawne\/sztuki-wizualne\/","og_site_name":"GANTEF\u00dcHRER","article_modified_time":"2021-09-01T14:38:42+00:00","og_image":[{"width":2560,"height":764,"url":"https:\/\/www.gamapa.de\/wp-content\/uploads\/2020\/09\/Header-bildende-Kunst-1-scaled.jpg","type":"image\/jpeg"}],"twitter_card":"summary_large_image","twitter_misc":{"Szacowany czas czytania":"1 minuta"},"schema":{"@context":"https:\/\/schema.org","@graph":[{"@type":"WebPage","@id":"https:\/\/www.gamapa.de\/pl\/dziedziny-swiadczonych-uslug-doradczych\/doradztwo-prawne\/sztuki-wizualne\/","url":"https:\/\/www.gamapa.de\/pl\/dziedziny-swiadczonych-uslug-doradczych\/doradztwo-prawne\/sztuki-wizualne\/","name":"Sztuki wizualne - GANTEF\u00dcHRER","isPartOf":{"@id":"https:\/\/www.gamapa.de\/pl\/#website"},"primaryImageOfPage":{"@id":"https:\/\/www.gamapa.de\/pl\/dziedziny-swiadczonych-uslug-doradczych\/doradztwo-prawne\/sztuki-wizualne\/#primaryimage"},"image":{"@id":"https:\/\/www.gamapa.de\/pl\/dziedziny-swiadczonych-uslug-doradczych\/doradztwo-prawne\/sztuki-wizualne\/#primaryimage"},"thumbnailUrl":"https:\/\/www.gamapa.de\/wp-content\/uploads\/2020\/09\/Header-bildende-Kunst-1-scaled.jpg","datePublished":"2020-03-11T09:24:38+00:00","dateModified":"2021-09-01T14:38:42+00:00","description":"Kunst ist ein spezielles Beratungsfeld unserer Soziet\u00e4t. Es hat sich aus der Kunstleidenschaft des Gr\u00fcnders entwickelt und z\u00e4hlt heute zu einem kleinen, feinen Schwerpunkt unseres Hauses.","breadcrumb":{"@id":"https:\/\/www.gamapa.de\/pl\/dziedziny-swiadczonych-uslug-doradczych\/doradztwo-prawne\/sztuki-wizualne\/#breadcrumb"},"inLanguage":"pl-PL","potentialAction":[{"@type":"ReadAction","target":["https:\/\/www.gamapa.de\/pl\/dziedziny-swiadczonych-uslug-doradczych\/doradztwo-prawne\/sztuki-wizualne\/"]}]},{"@type":"ImageObject","inLanguage":"pl-PL","@id":"https:\/\/www.gamapa.de\/pl\/dziedziny-swiadczonych-uslug-doradczych\/doradztwo-prawne\/sztuki-wizualne\/#primaryimage","url":"https:\/\/www.gamapa.de\/wp-content\/uploads\/2020\/09\/Header-bildende-Kunst-1-scaled.jpg","contentUrl":"https:\/\/www.gamapa.de\/wp-content\/uploads\/2020\/09\/Header-bildende-Kunst-1-scaled.jpg","width":2560,"height":764},{"@type":"BreadcrumbList","@id":"https:\/\/www.gamapa.de\/pl\/dziedziny-swiadczonych-uslug-doradczych\/doradztwo-prawne\/sztuki-wizualne\/#breadcrumb","itemListElement":[{"@type":"ListItem","position":1,"name":"Startseite","item":"https:\/\/www.gamapa.de\/pl\/"},{"@type":"ListItem","position":2,"name":"Sztuki wizualne"}]},{"@type":"WebSite","@id":"https:\/\/www.gamapa.de\/pl\/#website","url":"https:\/\/www.gamapa.de\/pl\/","name":"GANTEF\u00dcHRER","description":"Wirtschaftspr\u00fcfer, Steuerberater, Rechtsanw\u00e4lte","publisher":{"@id":"https:\/\/www.gamapa.de\/pl\/#organization"},"potentialAction":[{"@type":"SearchAction","target":{"@type":"EntryPoint","urlTemplate":"https:\/\/www.gamapa.de\/pl\/?s={search_term_string}"},"query-input":{"@type":"PropertyValueSpecification","valueRequired":true,"valueName":"search_term_string"}}],"inLanguage":"pl-PL"},{"@type":"Organization","@id":"https:\/\/www.gamapa.de\/pl\/#organization","name":"Gantef\u00fchrer Wirtschaftspr\u00fcfer, Steuerberater, Rechtsanw\u00e4lte","url":"https:\/\/www.gamapa.de\/pl\/","logo":{"@type":"ImageObject","inLanguage":"pl-PL","@id":"https:\/\/www.gamapa.de\/pl\/#\/schema\/logo\/image\/","url":"https:\/\/www.gamapa.de\/wp-content\/uploads\/2026\/01\/Logo-Gantefuehrer.png","contentUrl":"https:\/\/www.gamapa.de\/wp-content\/uploads\/2026\/01\/Logo-Gantefuehrer.png","width":767,"height":156,"caption":"Gantef\u00fchrer Wirtschaftspr\u00fcfer, Steuerberater, Rechtsanw\u00e4lte"},"image":{"@id":"https:\/\/www.gamapa.de\/pl\/#\/schema\/logo\/image\/"}}]}},"uagb_featured_image_src":{"full":["https:\/\/www.gamapa.de\/wp-content\/uploads\/2020\/09\/Header-bildende-Kunst-1-scaled.jpg",2560,764,false],"thumbnail":["https:\/\/www.gamapa.de\/wp-content\/uploads\/2020\/09\/Header-bildende-Kunst-1-150x150.jpg",150,150,true],"medium":["https:\/\/www.gamapa.de\/wp-content\/uploads\/2020\/09\/Header-bildende-Kunst-1-600x179.jpg",600,179,true],"medium_large":["https:\/\/www.gamapa.de\/wp-content\/uploads\/2020\/09\/Header-bildende-Kunst-1-768x229.jpg",580,173,true],"large":["https:\/\/www.gamapa.de\/wp-content\/uploads\/2020\/09\/Header-bildende-Kunst-1-scaled.jpg",580,173,false],"gs-tiny":["https:\/\/www.gamapa.de\/wp-content\/uploads\/2020\/09\/Header-bildende-Kunst-1-scaled.jpg",50,15,false],"xl":["https:\/\/www.gamapa.de\/wp-content\/uploads\/2020\/09\/Header-bildende-Kunst-1-1600x477.jpg",1600,477,true],"xxl":["https:\/\/www.gamapa.de\/wp-content\/uploads\/2020\/09\/Header-bildende-Kunst-1-2200x656.jpg",2200,656,true],"xxxl":["https:\/\/www.gamapa.de\/wp-content\/uploads\/2020\/09\/Header-bildende-Kunst-1-2800x835.jpg",2800,835,true],"xxxxl":["https:\/\/www.gamapa.de\/wp-content\/uploads\/2020\/09\/Header-bildende-Kunst-1-scaled.jpg",2560,764,false],"xxxxxl":["https:\/\/www.gamapa.de\/wp-content\/uploads\/2020\/09\/Header-bildende-Kunst-1-scaled.jpg",2560,764,false],"1536x1536":["https:\/\/www.gamapa.de\/wp-content\/uploads\/2020\/09\/Header-bildende-Kunst-1-1536x458.jpg",1536,458,true],"2048x2048":["https:\/\/www.gamapa.de\/wp-content\/uploads\/2020\/09\/Header-bildende-Kunst-1-2048x611.jpg",2048,611,true],"post-thumbnail":["https:\/\/www.gamapa.de\/wp-content\/uploads\/2020\/09\/Header-bildende-Kunst-1-scaled.jpg",2560,764,false],"twentytwenty-fullscreen":["https:\/\/www.gamapa.de\/wp-content\/uploads\/2020\/09\/Header-bildende-Kunst-1-scaled.jpg",2560,764,false],"theme-slug-single-post":["https:\/\/www.gamapa.de\/wp-content\/uploads\/2020\/09\/Header-bildende-Kunst-1-1600x400.jpg",1600,400,true]},"uagb_author_info":{"display_name":"linda","author_link":"https:\/\/www.gamapa.de\/pl\/author\/linda\/"},"uagb_comment_info":0,"uagb_excerpt":"Od pasji do profesji Szczeg\u00f3lnym obszarem dzia\u0142alno\u015bci kancelarii jest \u015bwiadczenie us\u0142ug doradczych na rzecz artyst\u00f3w i podmiot\u00f3w prowadz\u0105cych dzia\u0142alno\u015b\u0107 zwi\u0105zan\u0105 ze sztuk\u0105. Sta\u0142o si\u0119 tak dzi\u0119ki pasji, jak\u0105 za\u0142o\u017cyciel naszej firmy \u017cywi dla sztuki. Ta nietypowa, w\u0105ska specjalizacja odr\u00f3\u017cnia nas na korzy\u015b\u0107 od innych podmiot\u00f3w aktywnych na rynku us\u0142ug doradczych. Zaufa\u0142o nam ju\u017c wielu kolekcjoner\u00f3w,&hellip;","_links":{"self":[{"href":"https:\/\/www.gamapa.de\/pl\/wp-json\/wp\/v2\/pages\/5768","targetHints":{"allow":["GET"]}}],"collection":[{"href":"https:\/\/www.gamapa.de\/pl\/wp-json\/wp\/v2\/pages"}],"about":[{"href":"https:\/\/www.gamapa.de\/pl\/wp-json\/wp\/v2\/types\/page"}],"author":[{"embeddable":true,"href":"https:\/\/www.gamapa.de\/pl\/wp-json\/wp\/v2\/users\/1"}],"replies":[{"embeddable":true,"href":"https:\/\/www.gamapa.de\/pl\/wp-json\/wp\/v2\/comments?post=5768"}],"version-history":[{"count":1,"href":"https:\/\/www.gamapa.de\/pl\/wp-json\/wp\/v2\/pages\/5768\/revisions"}],"predecessor-version":[{"id":6986,"href":"https:\/\/www.gamapa.de\/pl\/wp-json\/wp\/v2\/pages\/5768\/revisions\/6986"}],"up":[{"embeddable":true,"href":"https:\/\/www.gamapa.de\/pl\/wp-json\/wp\/v2\/pages\/5659"}],"wp:featuredmedia":[{"embeddable":true,"href":"https:\/\/www.gamapa.de\/pl\/wp-json\/wp\/v2\/media\/4370"}],"wp:attachment":[{"href":"https:\/\/www.gamapa.de\/pl\/wp-json\/wp\/v2\/media?parent=5768"}],"curies":[{"name":"wp","href":"https:\/\/api.w.org\/{rel}","templated":true}]}}