

{"id":5795,"date":"2020-03-30T10:35:11","date_gmt":"2020-03-30T08:35:11","guid":{"rendered":"https:\/\/www.gamapa.de\/bernd-ruehland-ll-m\/"},"modified":"2025-11-07T14:21:48","modified_gmt":"2025-11-07T13:21:48","slug":"bernd-ruehland-ll-m-adwokat-doradca-podatkowy-specjalista-w-zakresie-prawa-podatkowego","status":"publish","type":"page","link":"https:\/\/www.gamapa.de\/pl\/doradcy\/bernd-ruehland-ll-m-adwokat-doradca-podatkowy-specjalista-w-zakresie-prawa-podatkowego\/","title":{"rendered":"Bernd R\u00fchland, LL.M."},"content":{"rendered":"\n<h3 class=\"wp-block-heading\">Specjalizacje<\/h3>\n\n\n\n<ul class=\"wp-block-list\">\n<li>Interdyscyplinarne doradztwo dla \u015brednich przedsi\u0119biorstw<\/li>\n\n\n\n<li>Doradztwo w zakresie struktury podatkowej<\/li>\n\n\n\n<li>Restrukturyzacje<\/li>\n\n\n\n<li>Sukcesja w biznesie<\/li>\n\n\n\n<li>Organizacje po\u017cytku publicznego<\/li>\n\n\n\n<li>Doradztwo na rzecz podmiot\u00f3w prawa publicznego<\/li>\n<\/ul>\n\n\n\n<h3 class=\"wp-block-heading\">Przebieg kariery zawodowej<\/h3>\n\n\n\n<figure class=\"wp-block-table tablist\"><table><tbody><tr><td>1993-1998 <\/td><td>Uniwersytety w M\u00fcnsterze i Konstancji<\/td><\/tr><tr><td>1999-2000<\/td><td>Sta\u017c w Osnabr\u00fcck<\/td><\/tr><tr><td>2001<\/td><td>Studia w Buckingham (Anglia) zako\u0144czone uzyskaniem tytu\u0142u LLM<\/td><\/tr><tr><td>2001-2005<\/td><td>Radca prawny w kancelarii White &amp; Case we Frankfurcie i Hamburgu<\/td><\/tr><tr><td>2004 <\/td><td>Uzyskanie uprawnie\u0144 doradcy podatkowego<\/td><\/tr><tr><td>2006-2009<\/td><td>Partner w kancelarii Dr. Gantef\u00fchrer, Marquardt &amp; Partner<\/td><\/tr><tr><td>2010-2013<\/td><td>Partner w kancelarii Dr. Steffen &amp; Partner, M\u00fcnster<\/td><\/tr><tr><td>od 2014<\/td><td>Partner w kancelarii Dr. Gantef\u00fchrer, Marquardt &amp; Partner<\/td><\/tr><\/tbody><\/table><\/figure>\n\n\n\n<h3 class=\"wp-block-heading\">Obs\u0142ugiwane bran\u017ce<\/h3>\n\n\n\n<ul class=\"wp-block-list\">\n<li>Ma\u0142e i \u015brednie przedsi\u0119biorstwa z r\u00f3\u017cnych bran\u017c<\/li>\n\n\n\n<li>Podmioty dzia\u0142aj\u0105ce w systemie opieki zdrowotnej<\/li>\n\n\n\n<li>Gminy\/przedsi\u0119biorstwa prawa publicznego<\/li>\n\n\n\n<li>Fundacje i organizacje po\u017cytku publicznego<\/li>\n\n\n\n<li>Inwestorzy prywatni<\/li>\n<\/ul>\n\n\n\n\n\n<div class=\"wp-block-button zurueck\"><a class=\"wp-block-button__link wp-element-button\" href=\"https:\/\/www.gamapa.de\/pl\/doradcy\/\">wstecz<\/a><\/div>\n","protected":false},"excerpt":{"rendered":"<p>Specjalizacje Przebieg kariery zawodowej 1993-1998 Uniwersytety w M\u00fcnsterze i Konstancji 1999-2000 Sta\u017c w Osnabr\u00fcck 2001 Studia w Buckingham (Anglia) zako\u0144czone uzyskaniem tytu\u0142u LLM 2001-2005 Radca prawny w kancelarii White &amp; Case we Frankfurcie i Hamburgu 2004 Uzyskanie uprawnie\u0144 doradcy podatkowego 2006-2009 Partner w kancelarii Dr. Gantef\u00fchrer, Marquardt &amp; Partner 2010-2013 Partner w kancelarii Dr. Steffen <a href=\"https:\/\/www.gamapa.de\/pl\/doradcy\/bernd-ruehland-ll-m-adwokat-doradca-podatkowy-specjalista-w-zakresie-prawa-podatkowego\/\">[\u2026]<\/a><\/p>\n","protected":false},"author":1,"featured_media":3809,"parent":5643,"menu_order":25,"comment_status":"closed","ping_status":"closed","template":"templates\/template-Profil.php","meta":{"_acf_changed":false,"_uag_custom_page_level_css":"","footnotes":""},"class_list":["post-5795","page","type-page","status-publish","has-post-thumbnail","hentry"],"acf":[],"yoast_head":"<!-- This site is optimized with the Yoast SEO plugin v27.5 - https:\/\/yoast.com\/product\/yoast-seo-wordpress\/ -->\n<title>Bernd R\u00fchland, LL.M. - GANTEF\u00dcHRER<\/title>\n<meta name=\"robots\" content=\"index, follow, max-snippet:-1, max-image-preview:large, max-video-preview:-1\" \/>\n<link rel=\"canonical\" href=\"https:\/\/www.gamapa.de\/pl\/doradcy\/bernd-ruehland-ll-m-adwokat-doradca-podatkowy-specjalista-w-zakresie-prawa-podatkowego\/\" \/>\n<meta property=\"og:locale\" content=\"pl_PL\" \/>\n<meta property=\"og:type\" content=\"article\" \/>\n<meta property=\"og:title\" content=\"Bernd R\u00fchland, LL.M. - GANTEF\u00dcHRER\" \/>\n<meta property=\"og:description\" content=\"Specjalizacje Przebieg kariery zawodowej 1993-1998 Uniwersytety w M\u00fcnsterze i Konstancji 1999-2000 Sta\u017c w Osnabr\u00fcck 2001 Studia w Buckingham (Anglia) zako\u0144czone uzyskaniem tytu\u0142u LLM 2001-2005 Radca prawny w kancelarii White &amp; Case we Frankfurcie i Hamburgu 2004 Uzyskanie uprawnie\u0144 doradcy podatkowego 2006-2009 Partner w kancelarii Dr. Gantef\u00fchrer, Marquardt &amp; Partner 2010-2013 Partner w kancelarii Dr. Steffen [\u2026]\" \/>\n<meta property=\"og:url\" content=\"https:\/\/www.gamapa.de\/pl\/doradcy\/bernd-ruehland-ll-m-adwokat-doradca-podatkowy-specjalista-w-zakresie-prawa-podatkowego\/\" \/>\n<meta property=\"og:site_name\" content=\"GANTEF\u00dcHRER\" \/>\n<meta property=\"article:modified_time\" content=\"2025-11-07T13:21:48+00:00\" \/>\n<meta property=\"og:image\" content=\"https:\/\/www.gamapa.de\/wp-content\/uploads\/2020\/03\/Ruehland-big.jpg\" \/>\n\t<meta property=\"og:image:width\" content=\"1440\" \/>\n\t<meta property=\"og:image:height\" content=\"859\" \/>\n\t<meta property=\"og:image:type\" content=\"image\/jpeg\" \/>\n<meta name=\"twitter:card\" content=\"summary_large_image\" \/>\n<meta name=\"twitter:label1\" content=\"Szacowany czas czytania\" \/>\n\t<meta name=\"twitter:data1\" content=\"1 minuta\" \/>\n<script type=\"application\/ld+json\" class=\"yoast-schema-graph\">{\"@context\":\"https:\\\/\\\/schema.org\",\"@graph\":[{\"@type\":\"WebPage\",\"@id\":\"https:\\\/\\\/www.gamapa.de\\\/pl\\\/doradcy\\\/bernd-ruehland-ll-m-adwokat-doradca-podatkowy-specjalista-w-zakresie-prawa-podatkowego\\\/\",\"url\":\"https:\\\/\\\/www.gamapa.de\\\/pl\\\/doradcy\\\/bernd-ruehland-ll-m-adwokat-doradca-podatkowy-specjalista-w-zakresie-prawa-podatkowego\\\/\",\"name\":\"Bernd R\u00fchland, LL.M. - GANTEF\u00dcHRER\",\"isPartOf\":{\"@id\":\"https:\\\/\\\/www.gamapa.de\\\/pl\\\/#website\"},\"primaryImageOfPage\":{\"@id\":\"https:\\\/\\\/www.gamapa.de\\\/pl\\\/doradcy\\\/bernd-ruehland-ll-m-adwokat-doradca-podatkowy-specjalista-w-zakresie-prawa-podatkowego\\\/#primaryimage\"},\"image\":{\"@id\":\"https:\\\/\\\/www.gamapa.de\\\/pl\\\/doradcy\\\/bernd-ruehland-ll-m-adwokat-doradca-podatkowy-specjalista-w-zakresie-prawa-podatkowego\\\/#primaryimage\"},\"thumbnailUrl\":\"https:\\\/\\\/www.gamapa.de\\\/wp-content\\\/uploads\\\/2020\\\/03\\\/Ruehland-big.jpg\",\"datePublished\":\"2020-03-30T08:35:11+00:00\",\"dateModified\":\"2025-11-07T13:21:48+00:00\",\"breadcrumb\":{\"@id\":\"https:\\\/\\\/www.gamapa.de\\\/pl\\\/doradcy\\\/bernd-ruehland-ll-m-adwokat-doradca-podatkowy-specjalista-w-zakresie-prawa-podatkowego\\\/#breadcrumb\"},\"inLanguage\":\"pl-PL\",\"potentialAction\":[{\"@type\":\"ReadAction\",\"target\":[\"https:\\\/\\\/www.gamapa.de\\\/pl\\\/doradcy\\\/bernd-ruehland-ll-m-adwokat-doradca-podatkowy-specjalista-w-zakresie-prawa-podatkowego\\\/\"]}]},{\"@type\":\"ImageObject\",\"inLanguage\":\"pl-PL\",\"@id\":\"https:\\\/\\\/www.gamapa.de\\\/pl\\\/doradcy\\\/bernd-ruehland-ll-m-adwokat-doradca-podatkowy-specjalista-w-zakresie-prawa-podatkowego\\\/#primaryimage\",\"url\":\"https:\\\/\\\/www.gamapa.de\\\/wp-content\\\/uploads\\\/2020\\\/03\\\/Ruehland-big.jpg\",\"contentUrl\":\"https:\\\/\\\/www.gamapa.de\\\/wp-content\\\/uploads\\\/2020\\\/03\\\/Ruehland-big.jpg\",\"width\":1440,\"height\":859},{\"@type\":\"BreadcrumbList\",\"@id\":\"https:\\\/\\\/www.gamapa.de\\\/pl\\\/doradcy\\\/bernd-ruehland-ll-m-adwokat-doradca-podatkowy-specjalista-w-zakresie-prawa-podatkowego\\\/#breadcrumb\",\"itemListElement\":[{\"@type\":\"ListItem\",\"position\":1,\"name\":\"Startseite\",\"item\":\"https:\\\/\\\/www.gamapa.de\\\/pl\\\/\"},{\"@type\":\"ListItem\",\"position\":2,\"name\":\"Nasi specjali\u015bci\",\"item\":\"https:\\\/\\\/www.gamapa.de\\\/pl\\\/doradcy\\\/\"},{\"@type\":\"ListItem\",\"position\":3,\"name\":\"Bernd R\u00fchland, LL.M.\"}]},{\"@type\":\"WebSite\",\"@id\":\"https:\\\/\\\/www.gamapa.de\\\/pl\\\/#website\",\"url\":\"https:\\\/\\\/www.gamapa.de\\\/pl\\\/\",\"name\":\"GANTEF\u00dcHRER\",\"description\":\"Wirtschaftspr\u00fcfer, Steuerberater, Rechtsanw\u00e4lte\",\"publisher\":{\"@id\":\"https:\\\/\\\/www.gamapa.de\\\/pl\\\/#organization\"},\"potentialAction\":[{\"@type\":\"SearchAction\",\"target\":{\"@type\":\"EntryPoint\",\"urlTemplate\":\"https:\\\/\\\/www.gamapa.de\\\/pl\\\/?s={search_term_string}\"},\"query-input\":{\"@type\":\"PropertyValueSpecification\",\"valueRequired\":true,\"valueName\":\"search_term_string\"}}],\"inLanguage\":\"pl-PL\"},{\"@type\":\"Organization\",\"@id\":\"https:\\\/\\\/www.gamapa.de\\\/pl\\\/#organization\",\"name\":\"Gantef\u00fchrer Wirtschaftspr\u00fcfer, Steuerberater, Rechtsanw\u00e4lte\",\"url\":\"https:\\\/\\\/www.gamapa.de\\\/pl\\\/\",\"logo\":{\"@type\":\"ImageObject\",\"inLanguage\":\"pl-PL\",\"@id\":\"https:\\\/\\\/www.gamapa.de\\\/pl\\\/#\\\/schema\\\/logo\\\/image\\\/\",\"url\":\"https:\\\/\\\/www.gamapa.de\\\/wp-content\\\/uploads\\\/2026\\\/01\\\/Logo-Gantefuehrer.png\",\"contentUrl\":\"https:\\\/\\\/www.gamapa.de\\\/wp-content\\\/uploads\\\/2026\\\/01\\\/Logo-Gantefuehrer.png\",\"width\":767,\"height\":156,\"caption\":\"Gantef\u00fchrer Wirtschaftspr\u00fcfer, Steuerberater, Rechtsanw\u00e4lte\"},\"image\":{\"@id\":\"https:\\\/\\\/www.gamapa.de\\\/pl\\\/#\\\/schema\\\/logo\\\/image\\\/\"}}]}<\/script>\n<!-- \/ Yoast SEO plugin. -->","yoast_head_json":{"title":"Bernd R\u00fchland, LL.M. - GANTEF\u00dcHRER","robots":{"index":"index","follow":"follow","max-snippet":"max-snippet:-1","max-image-preview":"max-image-preview:large","max-video-preview":"max-video-preview:-1"},"canonical":"https:\/\/www.gamapa.de\/pl\/doradcy\/bernd-ruehland-ll-m-adwokat-doradca-podatkowy-specjalista-w-zakresie-prawa-podatkowego\/","og_locale":"pl_PL","og_type":"article","og_title":"Bernd R\u00fchland, LL.M. - GANTEF\u00dcHRER","og_description":"Specjalizacje Przebieg kariery zawodowej 1993-1998 Uniwersytety w M\u00fcnsterze i Konstancji 1999-2000 Sta\u017c w Osnabr\u00fcck 2001 Studia w Buckingham (Anglia) zako\u0144czone uzyskaniem tytu\u0142u LLM 2001-2005 Radca prawny w kancelarii White &amp; Case we Frankfurcie i Hamburgu 2004 Uzyskanie uprawnie\u0144 doradcy podatkowego 2006-2009 Partner w kancelarii Dr. Gantef\u00fchrer, Marquardt &amp; Partner 2010-2013 Partner w kancelarii Dr. Steffen [\u2026]","og_url":"https:\/\/www.gamapa.de\/pl\/doradcy\/bernd-ruehland-ll-m-adwokat-doradca-podatkowy-specjalista-w-zakresie-prawa-podatkowego\/","og_site_name":"GANTEF\u00dcHRER","article_modified_time":"2025-11-07T13:21:48+00:00","og_image":[{"width":1440,"height":859,"url":"https:\/\/www.gamapa.de\/wp-content\/uploads\/2020\/03\/Ruehland-big.jpg","type":"image\/jpeg"}],"twitter_card":"summary_large_image","twitter_misc":{"Szacowany czas czytania":"1 minuta"},"schema":{"@context":"https:\/\/schema.org","@graph":[{"@type":"WebPage","@id":"https:\/\/www.gamapa.de\/pl\/doradcy\/bernd-ruehland-ll-m-adwokat-doradca-podatkowy-specjalista-w-zakresie-prawa-podatkowego\/","url":"https:\/\/www.gamapa.de\/pl\/doradcy\/bernd-ruehland-ll-m-adwokat-doradca-podatkowy-specjalista-w-zakresie-prawa-podatkowego\/","name":"Bernd R\u00fchland, LL.M. - GANTEF\u00dcHRER","isPartOf":{"@id":"https:\/\/www.gamapa.de\/pl\/#website"},"primaryImageOfPage":{"@id":"https:\/\/www.gamapa.de\/pl\/doradcy\/bernd-ruehland-ll-m-adwokat-doradca-podatkowy-specjalista-w-zakresie-prawa-podatkowego\/#primaryimage"},"image":{"@id":"https:\/\/www.gamapa.de\/pl\/doradcy\/bernd-ruehland-ll-m-adwokat-doradca-podatkowy-specjalista-w-zakresie-prawa-podatkowego\/#primaryimage"},"thumbnailUrl":"https:\/\/www.gamapa.de\/wp-content\/uploads\/2020\/03\/Ruehland-big.jpg","datePublished":"2020-03-30T08:35:11+00:00","dateModified":"2025-11-07T13:21:48+00:00","breadcrumb":{"@id":"https:\/\/www.gamapa.de\/pl\/doradcy\/bernd-ruehland-ll-m-adwokat-doradca-podatkowy-specjalista-w-zakresie-prawa-podatkowego\/#breadcrumb"},"inLanguage":"pl-PL","potentialAction":[{"@type":"ReadAction","target":["https:\/\/www.gamapa.de\/pl\/doradcy\/bernd-ruehland-ll-m-adwokat-doradca-podatkowy-specjalista-w-zakresie-prawa-podatkowego\/"]}]},{"@type":"ImageObject","inLanguage":"pl-PL","@id":"https:\/\/www.gamapa.de\/pl\/doradcy\/bernd-ruehland-ll-m-adwokat-doradca-podatkowy-specjalista-w-zakresie-prawa-podatkowego\/#primaryimage","url":"https:\/\/www.gamapa.de\/wp-content\/uploads\/2020\/03\/Ruehland-big.jpg","contentUrl":"https:\/\/www.gamapa.de\/wp-content\/uploads\/2020\/03\/Ruehland-big.jpg","width":1440,"height":859},{"@type":"BreadcrumbList","@id":"https:\/\/www.gamapa.de\/pl\/doradcy\/bernd-ruehland-ll-m-adwokat-doradca-podatkowy-specjalista-w-zakresie-prawa-podatkowego\/#breadcrumb","itemListElement":[{"@type":"ListItem","position":1,"name":"Startseite","item":"https:\/\/www.gamapa.de\/pl\/"},{"@type":"ListItem","position":2,"name":"Nasi specjali\u015bci","item":"https:\/\/www.gamapa.de\/pl\/doradcy\/"},{"@type":"ListItem","position":3,"name":"Bernd R\u00fchland, LL.M."}]},{"@type":"WebSite","@id":"https:\/\/www.gamapa.de\/pl\/#website","url":"https:\/\/www.gamapa.de\/pl\/","name":"GANTEF\u00dcHRER","description":"Wirtschaftspr\u00fcfer, Steuerberater, Rechtsanw\u00e4lte","publisher":{"@id":"https:\/\/www.gamapa.de\/pl\/#organization"},"potentialAction":[{"@type":"SearchAction","target":{"@type":"EntryPoint","urlTemplate":"https:\/\/www.gamapa.de\/pl\/?s={search_term_string}"},"query-input":{"@type":"PropertyValueSpecification","valueRequired":true,"valueName":"search_term_string"}}],"inLanguage":"pl-PL"},{"@type":"Organization","@id":"https:\/\/www.gamapa.de\/pl\/#organization","name":"Gantef\u00fchrer Wirtschaftspr\u00fcfer, Steuerberater, Rechtsanw\u00e4lte","url":"https:\/\/www.gamapa.de\/pl\/","logo":{"@type":"ImageObject","inLanguage":"pl-PL","@id":"https:\/\/www.gamapa.de\/pl\/#\/schema\/logo\/image\/","url":"https:\/\/www.gamapa.de\/wp-content\/uploads\/2026\/01\/Logo-Gantefuehrer.png","contentUrl":"https:\/\/www.gamapa.de\/wp-content\/uploads\/2026\/01\/Logo-Gantefuehrer.png","width":767,"height":156,"caption":"Gantef\u00fchrer Wirtschaftspr\u00fcfer, Steuerberater, Rechtsanw\u00e4lte"},"image":{"@id":"https:\/\/www.gamapa.de\/pl\/#\/schema\/logo\/image\/"}}]}},"uagb_featured_image_src":{"full":["https:\/\/www.gamapa.de\/wp-content\/uploads\/2020\/03\/Ruehland-big.jpg",1440,859,false],"thumbnail":["https:\/\/www.gamapa.de\/wp-content\/uploads\/2020\/03\/Ruehland-big-150x150.jpg",150,150,true],"medium":["https:\/\/www.gamapa.de\/wp-content\/uploads\/2020\/03\/Ruehland-big-600x358.jpg",600,358,true],"medium_large":["https:\/\/www.gamapa.de\/wp-content\/uploads\/2020\/03\/Ruehland-big-768x458.jpg",580,346,true],"large":["https:\/\/www.gamapa.de\/wp-content\/uploads\/2020\/03\/Ruehland-big.jpg",580,346,false],"gs-tiny":["https:\/\/www.gamapa.de\/wp-content\/uploads\/2020\/03\/Ruehland-big.jpg",50,30,false],"xl":["https:\/\/www.gamapa.de\/wp-content\/uploads\/2020\/03\/Ruehland-big.jpg",1440,859,false],"xxl":["https:\/\/www.gamapa.de\/wp-content\/uploads\/2020\/03\/Ruehland-big.jpg",1440,859,false],"xxxl":["https:\/\/www.gamapa.de\/wp-content\/uploads\/2020\/03\/Ruehland-big.jpg",1440,859,false],"xxxxl":["https:\/\/www.gamapa.de\/wp-content\/uploads\/2020\/03\/Ruehland-big.jpg",1440,859,false],"xxxxxl":["https:\/\/www.gamapa.de\/wp-content\/uploads\/2020\/03\/Ruehland-big.jpg",1440,859,false],"1536x1536":["https:\/\/www.gamapa.de\/wp-content\/uploads\/2020\/03\/Ruehland-big.jpg",1440,859,false],"2048x2048":["https:\/\/www.gamapa.de\/wp-content\/uploads\/2020\/03\/Ruehland-big.jpg",1440,859,false],"post-thumbnail":["https:\/\/www.gamapa.de\/wp-content\/uploads\/2020\/03\/Ruehland-big.jpg",1440,859,false],"twentytwenty-fullscreen":["https:\/\/www.gamapa.de\/wp-content\/uploads\/2020\/03\/Ruehland-big.jpg",1440,859,false],"theme-slug-single-post":["https:\/\/www.gamapa.de\/wp-content\/uploads\/2020\/03\/Ruehland-big-1440x400.jpg",1440,400,true]},"uagb_author_info":{"display_name":"linda","author_link":"https:\/\/www.gamapa.de\/pl\/author\/linda\/"},"uagb_comment_info":0,"uagb_excerpt":"Specjalizacje Przebieg kariery zawodowej 1993-1998 Uniwersytety w M\u00fcnsterze i Konstancji 1999-2000 Sta\u017c w Osnabr\u00fcck 2001 Studia w Buckingham (Anglia) zako\u0144czone uzyskaniem tytu\u0142u LLM 2001-2005 Radca prawny w kancelarii White &amp; Case we Frankfurcie i Hamburgu 2004 Uzyskanie uprawnie\u0144 doradcy podatkowego 2006-2009 Partner w kancelarii Dr. Gantef\u00fchrer, Marquardt &amp; Partner 2010-2013 Partner w kancelarii Dr. Steffen&hellip;","_links":{"self":[{"href":"https:\/\/www.gamapa.de\/pl\/wp-json\/wp\/v2\/pages\/5795","targetHints":{"allow":["GET"]}}],"collection":[{"href":"https:\/\/www.gamapa.de\/pl\/wp-json\/wp\/v2\/pages"}],"about":[{"href":"https:\/\/www.gamapa.de\/pl\/wp-json\/wp\/v2\/types\/page"}],"author":[{"embeddable":true,"href":"https:\/\/www.gamapa.de\/pl\/wp-json\/wp\/v2\/users\/1"}],"replies":[{"embeddable":true,"href":"https:\/\/www.gamapa.de\/pl\/wp-json\/wp\/v2\/comments?post=5795"}],"version-history":[{"count":13,"href":"https:\/\/www.gamapa.de\/pl\/wp-json\/wp\/v2\/pages\/5795\/revisions"}],"predecessor-version":[{"id":22365,"href":"https:\/\/www.gamapa.de\/pl\/wp-json\/wp\/v2\/pages\/5795\/revisions\/22365"}],"up":[{"embeddable":true,"href":"https:\/\/www.gamapa.de\/pl\/wp-json\/wp\/v2\/pages\/5643"}],"wp:featuredmedia":[{"embeddable":true,"href":"https:\/\/www.gamapa.de\/pl\/wp-json\/wp\/v2\/media\/3809"}],"wp:attachment":[{"href":"https:\/\/www.gamapa.de\/pl\/wp-json\/wp\/v2\/media?parent=5795"}],"curies":[{"name":"wp","href":"https:\/\/api.w.org\/{rel}","templated":true}]}}