

{"id":6445,"date":"2020-07-01T17:38:32","date_gmt":"2020-07-01T15:38:32","guid":{"rendered":"https:\/\/www.gamapa.de\/beratungsfelder\/unternehmensberatung\/controlling\/"},"modified":"2021-08-31T15:41:04","modified_gmt":"2021-08-31T13:41:04","slug":"controlling","status":"publish","type":"page","link":"https:\/\/www.gamapa.de\/pl\/dziedziny-swiadczonych-uslug-doradczych\/doradztwo-w-zakresie-zarzadzania-przedsiebiorstwem\/controlling\/","title":{"rendered":"Controlling"},"content":{"rendered":"\n<h2 class=\"inhalt wp-block-heading\"><strong><strong>Lepsze planowanie, zarz\u0105dzanie i kontrola<\/strong><\/strong><\/h2>\n\n\n\n<p class=\"inhalt\">&nbsp;Kwestie zwi\u0105zane z zarz\u0105dzaniem i organizacj\u0105 firm staj\u0105 si\u0119 coraz wa\u017cniejsze dla \u015brednich przedsi\u0119biorstw. Kto chce przetrwa\u0107 w coraz bardziej konkurencyjnym otoczeniu, cz\u0119sto musi zmierzy\u0107 si\u0119 z konieczno\u015bci\u0105 optymalizacji prowadzonej dzia\u0142alno\u015bci. Dlatego wspieramy naszych klient\u00f3w w nast\u0119puj\u0105cych obszarach:<\/p>\n\n\n\n<ul class=\"wp-block-list\"><li>Strategiczne i operacyjne zarz\u0105dzanie przedsi\u0119biorstwem<\/li><li>Podejmowanie decyzji inwestycyjnych<\/li><li>Transakcje i decyzje zwi\u0105zane z finansowaniem<\/li><li>Ocena ryzyka korporacyjnego<\/li><\/ul>\n","protected":false},"excerpt":{"rendered":"<p>Lepsze planowanie, zarz\u0105dzanie i kontrola &nbsp;Kwestie zwi\u0105zane z zarz\u0105dzaniem i organizacj\u0105 firm staj\u0105 si\u0119 coraz wa\u017cniejsze dla \u015brednich przedsi\u0119biorstw. Kto chce przetrwa\u0107 w coraz bardziej konkurencyjnym otoczeniu, cz\u0119sto musi zmierzy\u0107 si\u0119 z konieczno\u015bci\u0105 optymalizacji prowadzonej dzia\u0142alno\u015bci. Dlatego wspieramy naszych klient\u00f3w w nast\u0119puj\u0105cych obszarach: Strategiczne i operacyjne zarz\u0105dzanie przedsi\u0119biorstwem Podejmowanie decyzji inwestycyjnych Transakcje i decyzje zwi\u0105zane <a href=\"https:\/\/www.gamapa.de\/pl\/dziedziny-swiadczonych-uslug-doradczych\/doradztwo-w-zakresie-zarzadzania-przedsiebiorstwem\/controlling\/\">[\u2026]<\/a><\/p>\n","protected":false},"author":1,"featured_media":19748,"parent":5663,"menu_order":3,"comment_status":"closed","ping_status":"closed","template":"templates\/template-simple-site.php","meta":{"_acf_changed":false,"_uag_custom_page_level_css":"","footnotes":""},"class_list":["post-6445","page","type-page","status-publish","has-post-thumbnail","hentry"],"acf":[],"yoast_head":"<!-- This site is optimized with the Yoast SEO plugin v27.5 - https:\/\/yoast.com\/product\/yoast-seo-wordpress\/ -->\n<title>Controlling - GANTEF\u00dcHRER<\/title>\n<meta name=\"description\" content=\"Betriebswirtschaftliche und kaufm\u00e4nnische Fragen gewinnen f\u00fcr mittelst\u00e4ndische Unternehmen zunehmend an Bedeutung.\" \/>\n<meta name=\"robots\" content=\"index, follow, max-snippet:-1, max-image-preview:large, max-video-preview:-1\" \/>\n<link rel=\"canonical\" href=\"https:\/\/www.gamapa.de\/pl\/dziedziny-swiadczonych-uslug-doradczych\/doradztwo-w-zakresie-zarzadzania-przedsiebiorstwem\/controlling\/\" \/>\n<meta property=\"og:locale\" content=\"pl_PL\" \/>\n<meta property=\"og:type\" content=\"article\" \/>\n<meta property=\"og:title\" content=\"Controlling - GANTEF\u00dcHRER\" \/>\n<meta property=\"og:description\" content=\"Betriebswirtschaftliche und kaufm\u00e4nnische Fragen gewinnen f\u00fcr mittelst\u00e4ndische Unternehmen zunehmend an Bedeutung.\" \/>\n<meta property=\"og:url\" content=\"https:\/\/www.gamapa.de\/pl\/dziedziny-swiadczonych-uslug-doradczych\/doradztwo-w-zakresie-zarzadzania-przedsiebiorstwem\/controlling\/\" \/>\n<meta property=\"og:site_name\" content=\"GANTEF\u00dcHRER\" \/>\n<meta property=\"article:modified_time\" content=\"2021-08-31T13:41:04+00:00\" \/>\n<meta property=\"og:image\" content=\"https:\/\/www.gamapa.de\/wp-content\/uploads\/2020\/07\/Header-betriebswirtschaftliche-Beratung-2-scaled.jpg\" \/>\n\t<meta property=\"og:image:width\" content=\"2560\" \/>\n\t<meta property=\"og:image:height\" content=\"764\" \/>\n\t<meta property=\"og:image:type\" content=\"image\/jpeg\" \/>\n<meta name=\"twitter:card\" content=\"summary_large_image\" \/>\n<meta name=\"twitter:label1\" content=\"Szacowany czas czytania\" \/>\n\t<meta name=\"twitter:data1\" content=\"1 minuta\" \/>\n<script type=\"application\/ld+json\" class=\"yoast-schema-graph\">{\"@context\":\"https:\\\/\\\/schema.org\",\"@graph\":[{\"@type\":\"WebPage\",\"@id\":\"https:\\\/\\\/www.gamapa.de\\\/pl\\\/dziedziny-swiadczonych-uslug-doradczych\\\/doradztwo-w-zakresie-zarzadzania-przedsiebiorstwem\\\/controlling\\\/\",\"url\":\"https:\\\/\\\/www.gamapa.de\\\/pl\\\/dziedziny-swiadczonych-uslug-doradczych\\\/doradztwo-w-zakresie-zarzadzania-przedsiebiorstwem\\\/controlling\\\/\",\"name\":\"Controlling - GANTEF\u00dcHRER\",\"isPartOf\":{\"@id\":\"https:\\\/\\\/www.gamapa.de\\\/pl\\\/#website\"},\"primaryImageOfPage\":{\"@id\":\"https:\\\/\\\/www.gamapa.de\\\/pl\\\/dziedziny-swiadczonych-uslug-doradczych\\\/doradztwo-w-zakresie-zarzadzania-przedsiebiorstwem\\\/controlling\\\/#primaryimage\"},\"image\":{\"@id\":\"https:\\\/\\\/www.gamapa.de\\\/pl\\\/dziedziny-swiadczonych-uslug-doradczych\\\/doradztwo-w-zakresie-zarzadzania-przedsiebiorstwem\\\/controlling\\\/#primaryimage\"},\"thumbnailUrl\":\"https:\\\/\\\/www.gamapa.de\\\/wp-content\\\/uploads\\\/2025\\\/06\\\/alter-konferenzraum-seitlich-schmal-scaled.jpg\",\"datePublished\":\"2020-07-01T15:38:32+00:00\",\"dateModified\":\"2021-08-31T13:41:04+00:00\",\"description\":\"Betriebswirtschaftliche und kaufm\u00e4nnische Fragen gewinnen f\u00fcr mittelst\u00e4ndische Unternehmen zunehmend an Bedeutung.\",\"breadcrumb\":{\"@id\":\"https:\\\/\\\/www.gamapa.de\\\/pl\\\/dziedziny-swiadczonych-uslug-doradczych\\\/doradztwo-w-zakresie-zarzadzania-przedsiebiorstwem\\\/controlling\\\/#breadcrumb\"},\"inLanguage\":\"pl-PL\",\"potentialAction\":[{\"@type\":\"ReadAction\",\"target\":[\"https:\\\/\\\/www.gamapa.de\\\/pl\\\/dziedziny-swiadczonych-uslug-doradczych\\\/doradztwo-w-zakresie-zarzadzania-przedsiebiorstwem\\\/controlling\\\/\"]}]},{\"@type\":\"ImageObject\",\"inLanguage\":\"pl-PL\",\"@id\":\"https:\\\/\\\/www.gamapa.de\\\/pl\\\/dziedziny-swiadczonych-uslug-doradczych\\\/doradztwo-w-zakresie-zarzadzania-przedsiebiorstwem\\\/controlling\\\/#primaryimage\",\"url\":\"https:\\\/\\\/www.gamapa.de\\\/wp-content\\\/uploads\\\/2025\\\/06\\\/alter-konferenzraum-seitlich-schmal-scaled.jpg\",\"contentUrl\":\"https:\\\/\\\/www.gamapa.de\\\/wp-content\\\/uploads\\\/2025\\\/06\\\/alter-konferenzraum-seitlich-schmal-scaled.jpg\",\"width\":2560,\"height\":764,\"caption\":\"Alter Konferenzraum in der K\u00e4mmerei D\u00fcsseldorf mit breitem Holztisch, Holzw\u00e4nden und St\u00fchlen\"},{\"@type\":\"BreadcrumbList\",\"@id\":\"https:\\\/\\\/www.gamapa.de\\\/pl\\\/dziedziny-swiadczonych-uslug-doradczych\\\/doradztwo-w-zakresie-zarzadzania-przedsiebiorstwem\\\/controlling\\\/#breadcrumb\",\"itemListElement\":[{\"@type\":\"ListItem\",\"position\":1,\"name\":\"Startseite\",\"item\":\"https:\\\/\\\/www.gamapa.de\\\/pl\\\/\"},{\"@type\":\"ListItem\",\"position\":2,\"name\":\"Obszar konsultacji\",\"item\":\"https:\\\/\\\/www.gamapa.de\\\/pl\\\/dziedziny-swiadczonych-uslug-doradczych\\\/\"},{\"@type\":\"ListItem\",\"position\":3,\"name\":\"Doradztwo w zakresie zarz\u0105dzania przedsi\u0119biorstwem\",\"item\":\"https:\\\/\\\/www.gamapa.de\\\/pl\\\/dziedziny-swiadczonych-uslug-doradczych\\\/doradztwo-w-zakresie-zarzadzania-przedsiebiorstwem\\\/\"},{\"@type\":\"ListItem\",\"position\":4,\"name\":\"Controlling\"}]},{\"@type\":\"WebSite\",\"@id\":\"https:\\\/\\\/www.gamapa.de\\\/pl\\\/#website\",\"url\":\"https:\\\/\\\/www.gamapa.de\\\/pl\\\/\",\"name\":\"GANTEF\u00dcHRER\",\"description\":\"Wirtschaftspr\u00fcfer, Steuerberater, Rechtsanw\u00e4lte\",\"publisher\":{\"@id\":\"https:\\\/\\\/www.gamapa.de\\\/pl\\\/#organization\"},\"potentialAction\":[{\"@type\":\"SearchAction\",\"target\":{\"@type\":\"EntryPoint\",\"urlTemplate\":\"https:\\\/\\\/www.gamapa.de\\\/pl\\\/?s={search_term_string}\"},\"query-input\":{\"@type\":\"PropertyValueSpecification\",\"valueRequired\":true,\"valueName\":\"search_term_string\"}}],\"inLanguage\":\"pl-PL\"},{\"@type\":\"Organization\",\"@id\":\"https:\\\/\\\/www.gamapa.de\\\/pl\\\/#organization\",\"name\":\"Gantef\u00fchrer Wirtschaftspr\u00fcfer, Steuerberater, Rechtsanw\u00e4lte\",\"url\":\"https:\\\/\\\/www.gamapa.de\\\/pl\\\/\",\"logo\":{\"@type\":\"ImageObject\",\"inLanguage\":\"pl-PL\",\"@id\":\"https:\\\/\\\/www.gamapa.de\\\/pl\\\/#\\\/schema\\\/logo\\\/image\\\/\",\"url\":\"https:\\\/\\\/www.gamapa.de\\\/wp-content\\\/uploads\\\/2026\\\/01\\\/Logo-Gantefuehrer.png\",\"contentUrl\":\"https:\\\/\\\/www.gamapa.de\\\/wp-content\\\/uploads\\\/2026\\\/01\\\/Logo-Gantefuehrer.png\",\"width\":767,\"height\":156,\"caption\":\"Gantef\u00fchrer Wirtschaftspr\u00fcfer, Steuerberater, Rechtsanw\u00e4lte\"},\"image\":{\"@id\":\"https:\\\/\\\/www.gamapa.de\\\/pl\\\/#\\\/schema\\\/logo\\\/image\\\/\"}}]}<\/script>\n<!-- \/ Yoast SEO plugin. -->","yoast_head_json":{"title":"Controlling - GANTEF\u00dcHRER","description":"Betriebswirtschaftliche und kaufm\u00e4nnische Fragen gewinnen f\u00fcr mittelst\u00e4ndische Unternehmen zunehmend an Bedeutung.","robots":{"index":"index","follow":"follow","max-snippet":"max-snippet:-1","max-image-preview":"max-image-preview:large","max-video-preview":"max-video-preview:-1"},"canonical":"https:\/\/www.gamapa.de\/pl\/dziedziny-swiadczonych-uslug-doradczych\/doradztwo-w-zakresie-zarzadzania-przedsiebiorstwem\/controlling\/","og_locale":"pl_PL","og_type":"article","og_title":"Controlling - GANTEF\u00dcHRER","og_description":"Betriebswirtschaftliche und kaufm\u00e4nnische Fragen gewinnen f\u00fcr mittelst\u00e4ndische Unternehmen zunehmend an Bedeutung.","og_url":"https:\/\/www.gamapa.de\/pl\/dziedziny-swiadczonych-uslug-doradczych\/doradztwo-w-zakresie-zarzadzania-przedsiebiorstwem\/controlling\/","og_site_name":"GANTEF\u00dcHRER","article_modified_time":"2021-08-31T13:41:04+00:00","og_image":[{"width":2560,"height":764,"url":"https:\/\/www.gamapa.de\/wp-content\/uploads\/2020\/07\/Header-betriebswirtschaftliche-Beratung-2-scaled.jpg","type":"image\/jpeg"}],"twitter_card":"summary_large_image","twitter_misc":{"Szacowany czas czytania":"1 minuta"},"schema":{"@context":"https:\/\/schema.org","@graph":[{"@type":"WebPage","@id":"https:\/\/www.gamapa.de\/pl\/dziedziny-swiadczonych-uslug-doradczych\/doradztwo-w-zakresie-zarzadzania-przedsiebiorstwem\/controlling\/","url":"https:\/\/www.gamapa.de\/pl\/dziedziny-swiadczonych-uslug-doradczych\/doradztwo-w-zakresie-zarzadzania-przedsiebiorstwem\/controlling\/","name":"Controlling - GANTEF\u00dcHRER","isPartOf":{"@id":"https:\/\/www.gamapa.de\/pl\/#website"},"primaryImageOfPage":{"@id":"https:\/\/www.gamapa.de\/pl\/dziedziny-swiadczonych-uslug-doradczych\/doradztwo-w-zakresie-zarzadzania-przedsiebiorstwem\/controlling\/#primaryimage"},"image":{"@id":"https:\/\/www.gamapa.de\/pl\/dziedziny-swiadczonych-uslug-doradczych\/doradztwo-w-zakresie-zarzadzania-przedsiebiorstwem\/controlling\/#primaryimage"},"thumbnailUrl":"https:\/\/www.gamapa.de\/wp-content\/uploads\/2025\/06\/alter-konferenzraum-seitlich-schmal-scaled.jpg","datePublished":"2020-07-01T15:38:32+00:00","dateModified":"2021-08-31T13:41:04+00:00","description":"Betriebswirtschaftliche und kaufm\u00e4nnische Fragen gewinnen f\u00fcr mittelst\u00e4ndische Unternehmen zunehmend an Bedeutung.","breadcrumb":{"@id":"https:\/\/www.gamapa.de\/pl\/dziedziny-swiadczonych-uslug-doradczych\/doradztwo-w-zakresie-zarzadzania-przedsiebiorstwem\/controlling\/#breadcrumb"},"inLanguage":"pl-PL","potentialAction":[{"@type":"ReadAction","target":["https:\/\/www.gamapa.de\/pl\/dziedziny-swiadczonych-uslug-doradczych\/doradztwo-w-zakresie-zarzadzania-przedsiebiorstwem\/controlling\/"]}]},{"@type":"ImageObject","inLanguage":"pl-PL","@id":"https:\/\/www.gamapa.de\/pl\/dziedziny-swiadczonych-uslug-doradczych\/doradztwo-w-zakresie-zarzadzania-przedsiebiorstwem\/controlling\/#primaryimage","url":"https:\/\/www.gamapa.de\/wp-content\/uploads\/2025\/06\/alter-konferenzraum-seitlich-schmal-scaled.jpg","contentUrl":"https:\/\/www.gamapa.de\/wp-content\/uploads\/2025\/06\/alter-konferenzraum-seitlich-schmal-scaled.jpg","width":2560,"height":764,"caption":"Alter Konferenzraum in der K\u00e4mmerei D\u00fcsseldorf mit breitem Holztisch, Holzw\u00e4nden und St\u00fchlen"},{"@type":"BreadcrumbList","@id":"https:\/\/www.gamapa.de\/pl\/dziedziny-swiadczonych-uslug-doradczych\/doradztwo-w-zakresie-zarzadzania-przedsiebiorstwem\/controlling\/#breadcrumb","itemListElement":[{"@type":"ListItem","position":1,"name":"Startseite","item":"https:\/\/www.gamapa.de\/pl\/"},{"@type":"ListItem","position":2,"name":"Obszar konsultacji","item":"https:\/\/www.gamapa.de\/pl\/dziedziny-swiadczonych-uslug-doradczych\/"},{"@type":"ListItem","position":3,"name":"Doradztwo w zakresie zarz\u0105dzania przedsi\u0119biorstwem","item":"https:\/\/www.gamapa.de\/pl\/dziedziny-swiadczonych-uslug-doradczych\/doradztwo-w-zakresie-zarzadzania-przedsiebiorstwem\/"},{"@type":"ListItem","position":4,"name":"Controlling"}]},{"@type":"WebSite","@id":"https:\/\/www.gamapa.de\/pl\/#website","url":"https:\/\/www.gamapa.de\/pl\/","name":"GANTEF\u00dcHRER","description":"Wirtschaftspr\u00fcfer, Steuerberater, Rechtsanw\u00e4lte","publisher":{"@id":"https:\/\/www.gamapa.de\/pl\/#organization"},"potentialAction":[{"@type":"SearchAction","target":{"@type":"EntryPoint","urlTemplate":"https:\/\/www.gamapa.de\/pl\/?s={search_term_string}"},"query-input":{"@type":"PropertyValueSpecification","valueRequired":true,"valueName":"search_term_string"}}],"inLanguage":"pl-PL"},{"@type":"Organization","@id":"https:\/\/www.gamapa.de\/pl\/#organization","name":"Gantef\u00fchrer Wirtschaftspr\u00fcfer, Steuerberater, Rechtsanw\u00e4lte","url":"https:\/\/www.gamapa.de\/pl\/","logo":{"@type":"ImageObject","inLanguage":"pl-PL","@id":"https:\/\/www.gamapa.de\/pl\/#\/schema\/logo\/image\/","url":"https:\/\/www.gamapa.de\/wp-content\/uploads\/2026\/01\/Logo-Gantefuehrer.png","contentUrl":"https:\/\/www.gamapa.de\/wp-content\/uploads\/2026\/01\/Logo-Gantefuehrer.png","width":767,"height":156,"caption":"Gantef\u00fchrer Wirtschaftspr\u00fcfer, Steuerberater, Rechtsanw\u00e4lte"},"image":{"@id":"https:\/\/www.gamapa.de\/pl\/#\/schema\/logo\/image\/"}}]}},"uagb_featured_image_src":{"full":["https:\/\/www.gamapa.de\/wp-content\/uploads\/2025\/06\/alter-konferenzraum-seitlich-schmal-scaled.jpg",2560,764,false],"thumbnail":["https:\/\/www.gamapa.de\/wp-content\/uploads\/2025\/06\/alter-konferenzraum-seitlich-schmal-150x150.jpg",150,150,true],"medium":["https:\/\/www.gamapa.de\/wp-content\/uploads\/2025\/06\/alter-konferenzraum-seitlich-schmal-600x179.jpg",600,179,true],"medium_large":["https:\/\/www.gamapa.de\/wp-content\/uploads\/2025\/06\/alter-konferenzraum-seitlich-schmal-768x229.jpg",580,173,true],"large":["https:\/\/www.gamapa.de\/wp-content\/uploads\/2025\/06\/alter-konferenzraum-seitlich-schmal-scaled.jpg",580,173,false],"gs-tiny":["https:\/\/www.gamapa.de\/wp-content\/uploads\/2025\/06\/alter-konferenzraum-seitlich-schmal-50x15.jpg",50,15,true],"xl":["https:\/\/www.gamapa.de\/wp-content\/uploads\/2025\/06\/alter-konferenzraum-seitlich-schmal-1600x477.jpg",1600,477,true],"xxl":["https:\/\/www.gamapa.de\/wp-content\/uploads\/2025\/06\/alter-konferenzraum-seitlich-schmal-2200x656.jpg",2200,656,true],"xxxl":["https:\/\/www.gamapa.de\/wp-content\/uploads\/2025\/06\/alter-konferenzraum-seitlich-schmal-2800x835.jpg",2800,835,true],"xxxxl":["https:\/\/www.gamapa.de\/wp-content\/uploads\/2025\/06\/alter-konferenzraum-seitlich-schmal-scaled.jpg",2560,764,false],"xxxxxl":["https:\/\/www.gamapa.de\/wp-content\/uploads\/2025\/06\/alter-konferenzraum-seitlich-schmal-scaled.jpg",2560,764,false],"1536x1536":["https:\/\/www.gamapa.de\/wp-content\/uploads\/2025\/06\/alter-konferenzraum-seitlich-schmal-1536x458.jpg",1536,458,true],"2048x2048":["https:\/\/www.gamapa.de\/wp-content\/uploads\/2025\/06\/alter-konferenzraum-seitlich-schmal-2048x611.jpg",2048,611,true],"post-thumbnail":["https:\/\/www.gamapa.de\/wp-content\/uploads\/2025\/06\/alter-konferenzraum-seitlich-schmal-scaled.jpg",2560,764,false],"twentytwenty-fullscreen":["https:\/\/www.gamapa.de\/wp-content\/uploads\/2025\/06\/alter-konferenzraum-seitlich-schmal-scaled.jpg",2560,764,false],"theme-slug-single-post":["https:\/\/www.gamapa.de\/wp-content\/uploads\/2025\/06\/alter-konferenzraum-seitlich-schmal-1600x400.jpg",1600,400,true]},"uagb_author_info":{"display_name":"linda","author_link":"https:\/\/www.gamapa.de\/pl\/author\/linda\/"},"uagb_comment_info":0,"uagb_excerpt":"Lepsze planowanie, zarz\u0105dzanie i kontrola &nbsp;Kwestie zwi\u0105zane z zarz\u0105dzaniem i organizacj\u0105 firm staj\u0105 si\u0119 coraz wa\u017cniejsze dla \u015brednich przedsi\u0119biorstw. Kto chce przetrwa\u0107 w coraz bardziej konkurencyjnym otoczeniu, cz\u0119sto musi zmierzy\u0107 si\u0119 z konieczno\u015bci\u0105 optymalizacji prowadzonej dzia\u0142alno\u015bci. Dlatego wspieramy naszych klient\u00f3w w nast\u0119puj\u0105cych obszarach: Strategiczne i operacyjne zarz\u0105dzanie przedsi\u0119biorstwem Podejmowanie decyzji inwestycyjnych Transakcje i decyzje zwi\u0105zane&hellip;","_links":{"self":[{"href":"https:\/\/www.gamapa.de\/pl\/wp-json\/wp\/v2\/pages\/6445","targetHints":{"allow":["GET"]}}],"collection":[{"href":"https:\/\/www.gamapa.de\/pl\/wp-json\/wp\/v2\/pages"}],"about":[{"href":"https:\/\/www.gamapa.de\/pl\/wp-json\/wp\/v2\/types\/page"}],"author":[{"embeddable":true,"href":"https:\/\/www.gamapa.de\/pl\/wp-json\/wp\/v2\/users\/1"}],"replies":[{"embeddable":true,"href":"https:\/\/www.gamapa.de\/pl\/wp-json\/wp\/v2\/comments?post=6445"}],"version-history":[{"count":3,"href":"https:\/\/www.gamapa.de\/pl\/wp-json\/wp\/v2\/pages\/6445\/revisions"}],"predecessor-version":[{"id":7231,"href":"https:\/\/www.gamapa.de\/pl\/wp-json\/wp\/v2\/pages\/6445\/revisions\/7231"}],"up":[{"embeddable":true,"href":"https:\/\/www.gamapa.de\/pl\/wp-json\/wp\/v2\/pages\/5663"}],"wp:featuredmedia":[{"embeddable":true,"href":"https:\/\/www.gamapa.de\/pl\/wp-json\/wp\/v2\/media\/19748"}],"wp:attachment":[{"href":"https:\/\/www.gamapa.de\/pl\/wp-json\/wp\/v2\/media?parent=6445"}],"curies":[{"name":"wp","href":"https:\/\/api.w.org\/{rel}","templated":true}]}}