

{"id":6458,"date":"2020-07-01T20:15:07","date_gmt":"2020-07-01T18:15:07","guid":{"rendered":"https:\/\/www.gamapa.de\/ruediger-schaar-steuerberater\/"},"modified":"2025-11-06T14:13:49","modified_gmt":"2025-11-06T13:13:49","slug":"ruediger-schaar-doradca-podatkowy-partner","status":"publish","type":"page","link":"https:\/\/www.gamapa.de\/pl\/doradcy\/ruediger-schaar-doradca-podatkowy-partner\/","title":{"rendered":"R\u00fcdiger Schaar"},"content":{"rendered":"\n<h3 class=\"wp-block-heading\">Specjalizacje<\/h3>\n\n\n\n<ul class=\"wp-block-list\">\n<li>Doradztwo podatkowe dla \u015brednich przedsi\u0119biorstw<\/li>\n\n\n\n<li>Doradztwo w zakresie struktury podatkowej<\/li>\n\n\n\n<li>Doradztwo w zakresie organizacji i zarz\u0105dzania<\/li>\n\n\n\n<li>Wsparcie w przypadku kontroli podatkowych<\/li>\n\n\n\n<li>Cyfryzacja, optymalizacja proces\u00f3w, rozw\u00f3j organizacji<\/li>\n<\/ul>\n\n\n\n<h3 class=\"wp-block-heading\">Przebieg kariery zawodowej<\/h3>\n\n\n\n<figure class=\"wp-block-table tablist\"><table><tbody><tr><td>1997-2000<\/td><td>Praktyka zawodowa na stanowisku pomocnika podatkowego<\/td><\/tr><tr><td>2001-2005<\/td><td>Uniwersytet Ekonomiczny i Prawniczy, Berlin, kierunek: podatki i organizacja<\/td><\/tr><tr><td>2008<\/td><td>Uzyskanie uprawnie\u0144 doradcy podatkowego<\/td><\/tr><tr><td>2008-2020<\/td><td>Partner w \u015bredniej wielko\u015bci kancelarii doradztwa podatkowego w Berlinie, D\u00fcsseldorfie<\/td><\/tr><tr><td>2019<\/td><td>Uzyskanie uprawnie\u0144 wyspecjalizowanego doradcy ds. controllingu i zarz\u0105dzania finansami przedsi\u0119biorstwa (DStV e.V)<\/td><\/tr><tr><td>od 2020<\/td><td>Doradca podatkowy w kancelarii Dr. Gantef\u00fchrer, Marquardt &amp; Partner<\/td><\/tr><tr><td>od 2021<\/td><td>Certyfikowany zwinny trener<\/td><\/tr><tr><td>od 2022<\/td><td>Partner w kancelarii Dr. Gantef\u00fchrer, Marquardt und Partner<\/td><\/tr><\/tbody><\/table><\/figure>\n\n\n\n<h3 class=\"wp-block-heading\">Obs\u0142ugiwane bran\u017ce<\/h3>\n\n\n\n<ul class=\"wp-block-list\">\n<li>Firmy medialne\/arty\u015bci<\/li>\n\n\n\n<li>Fitness i rekreacja<\/li>\n\n\n\n<li>Sieci hurtowe i detaliczne<\/li>\n\n\n\n<li>Start-upy<\/li>\n<\/ul>\n\n\n\n<h3 class=\"wp-block-heading\">Publikacje<\/h3>\n\n\n\n<ul class=\"wp-block-list\">\n<li>Zawody zwi\u0105zane z mediami a podatki \u2013 przewodnik dla ludzi kultury i bran\u017cy kreatywnej, Springer Gabler, wydanie 2, 2019<\/li>\n\n\n\n<li>Opodatkowanie zawod\u00f3w zwi\u0105zanych z mediami: podatki i ubezpieczenia spo\u0142eczne artyst\u00f3w, Springer Gabler, 2009<\/li>\n<\/ul>\n\n\n\n<h3 class=\"wp-block-heading\">Pozosta\u0142a dzia\u0142alno\u015b\u0107<\/h3>\n\n\n\n<ul class=\"wp-block-list\">\n<li>Cz\u0142onek Zarz\u0105du stowarzyszenia gospodarczego<strong> <\/strong><a href=\"https:\/\/www.destination-duesseldorf.de\">Destination D\u00fcsseldorf<strong><strong> <\/strong><\/strong>e.V.<\/a><\/li>\n\n\n\n<li>1.Przewodnicz\u0105cy Stowarzyszenia wspieraj\u0105cego <a href=\"https:\/\/techhubk67.de\/\">TechHub.K67 e.V.<\/a><\/li>\n<\/ul>\n\n\n\n\n\n<div class=\"wp-block-button zurueck\"><a class=\"wp-block-button__link wp-element-button\" href=\"https:\/\/www.gamapa.de\/pl\/doradcy\/\">wstecz<\/a><\/div>\n","protected":false},"excerpt":{"rendered":"<p>Specjalizacje Przebieg kariery zawodowej 1997-2000 Praktyka zawodowa na stanowisku pomocnika podatkowego 2001-2005 Uniwersytet Ekonomiczny i Prawniczy, Berlin, kierunek: podatki i organizacja 2008 Uzyskanie uprawnie\u0144 doradcy podatkowego 2008-2020 Partner w \u015bredniej wielko\u015bci kancelarii doradztwa podatkowego w Berlinie, D\u00fcsseldorfie 2019 Uzyskanie uprawnie\u0144 wyspecjalizowanego doradcy ds. controllingu i zarz\u0105dzania finansami przedsi\u0119biorstwa (DStV e.V) od 2020 Doradca podatkowy w <a href=\"https:\/\/www.gamapa.de\/pl\/doradcy\/ruediger-schaar-doradca-podatkowy-partner\/\">[\u2026]<\/a><\/p>\n","protected":false},"author":1,"featured_media":15496,"parent":5643,"menu_order":54,"comment_status":"closed","ping_status":"closed","template":"templates\/template-Profil.php","meta":{"_acf_changed":false,"_uag_custom_page_level_css":"","footnotes":""},"class_list":["post-6458","page","type-page","status-publish","has-post-thumbnail","hentry"],"acf":[],"yoast_head":"<!-- This site is optimized with the Yoast SEO plugin v27.3 - https:\/\/yoast.com\/product\/yoast-seo-wordpress\/ -->\n<title>R\u00fcdiger Schaar - GANTEF\u00dcHRER<\/title>\n<meta name=\"robots\" content=\"index, follow, max-snippet:-1, max-image-preview:large, max-video-preview:-1\" \/>\n<link rel=\"canonical\" href=\"https:\/\/www.gamapa.de\/pl\/doradcy\/ruediger-schaar-doradca-podatkowy-partner\/\" \/>\n<meta property=\"og:locale\" content=\"pl_PL\" \/>\n<meta property=\"og:type\" content=\"article\" \/>\n<meta property=\"og:title\" content=\"R\u00fcdiger Schaar - GANTEF\u00dcHRER\" \/>\n<meta property=\"og:description\" content=\"Specjalizacje Przebieg kariery zawodowej 1997-2000 Praktyka zawodowa na stanowisku pomocnika podatkowego 2001-2005 Uniwersytet Ekonomiczny i Prawniczy, Berlin, kierunek: podatki i organizacja 2008 Uzyskanie uprawnie\u0144 doradcy podatkowego 2008-2020 Partner w \u015bredniej wielko\u015bci kancelarii doradztwa podatkowego w Berlinie, D\u00fcsseldorfie 2019 Uzyskanie uprawnie\u0144 wyspecjalizowanego doradcy ds. controllingu i zarz\u0105dzania finansami przedsi\u0119biorstwa (DStV e.V) od 2020 Doradca podatkowy w [\u2026]\" \/>\n<meta property=\"og:url\" content=\"https:\/\/www.gamapa.de\/pl\/doradcy\/ruediger-schaar-doradca-podatkowy-partner\/\" \/>\n<meta property=\"og:site_name\" content=\"GANTEF\u00dcHRER\" \/>\n<meta property=\"article:modified_time\" content=\"2025-11-06T13:13:49+00:00\" \/>\n<meta property=\"og:image\" content=\"https:\/\/www.gamapa.de\/wp-content\/uploads\/2023\/12\/schaar_2.jpg\" \/>\n\t<meta property=\"og:image:width\" content=\"1440\" \/>\n\t<meta property=\"og:image:height\" content=\"859\" \/>\n\t<meta property=\"og:image:type\" content=\"image\/jpeg\" \/>\n<meta name=\"twitter:card\" content=\"summary_large_image\" \/>\n<meta name=\"twitter:label1\" content=\"Szacowany czas czytania\" \/>\n\t<meta name=\"twitter:data1\" content=\"2 minuty\" \/>\n<script type=\"application\/ld+json\" class=\"yoast-schema-graph\">{\"@context\":\"https:\\\/\\\/schema.org\",\"@graph\":[{\"@type\":\"WebPage\",\"@id\":\"https:\\\/\\\/www.gamapa.de\\\/pl\\\/doradcy\\\/ruediger-schaar-doradca-podatkowy-partner\\\/\",\"url\":\"https:\\\/\\\/www.gamapa.de\\\/pl\\\/doradcy\\\/ruediger-schaar-doradca-podatkowy-partner\\\/\",\"name\":\"R\u00fcdiger Schaar - GANTEF\u00dcHRER\",\"isPartOf\":{\"@id\":\"https:\\\/\\\/www.gamapa.de\\\/pl\\\/#website\"},\"primaryImageOfPage\":{\"@id\":\"https:\\\/\\\/www.gamapa.de\\\/pl\\\/doradcy\\\/ruediger-schaar-doradca-podatkowy-partner\\\/#primaryimage\"},\"image\":{\"@id\":\"https:\\\/\\\/www.gamapa.de\\\/pl\\\/doradcy\\\/ruediger-schaar-doradca-podatkowy-partner\\\/#primaryimage\"},\"thumbnailUrl\":\"https:\\\/\\\/www.gamapa.de\\\/wp-content\\\/uploads\\\/2023\\\/12\\\/schaar_2.jpg\",\"datePublished\":\"2020-07-01T18:15:07+00:00\",\"dateModified\":\"2025-11-06T13:13:49+00:00\",\"breadcrumb\":{\"@id\":\"https:\\\/\\\/www.gamapa.de\\\/pl\\\/doradcy\\\/ruediger-schaar-doradca-podatkowy-partner\\\/#breadcrumb\"},\"inLanguage\":\"pl-PL\",\"potentialAction\":[{\"@type\":\"ReadAction\",\"target\":[\"https:\\\/\\\/www.gamapa.de\\\/pl\\\/doradcy\\\/ruediger-schaar-doradca-podatkowy-partner\\\/\"]}]},{\"@type\":\"ImageObject\",\"inLanguage\":\"pl-PL\",\"@id\":\"https:\\\/\\\/www.gamapa.de\\\/pl\\\/doradcy\\\/ruediger-schaar-doradca-podatkowy-partner\\\/#primaryimage\",\"url\":\"https:\\\/\\\/www.gamapa.de\\\/wp-content\\\/uploads\\\/2023\\\/12\\\/schaar_2.jpg\",\"contentUrl\":\"https:\\\/\\\/www.gamapa.de\\\/wp-content\\\/uploads\\\/2023\\\/12\\\/schaar_2.jpg\",\"width\":1440,\"height\":859,\"caption\":\"R\u00fcdiger Schaar Dipl. Kfm. (FH) Steuerberater Fachberater f\u00fcr Controlling und Finanzwirtschaft (DStV e.V.) Zertifizierter agiler Coach Partner\"},{\"@type\":\"BreadcrumbList\",\"@id\":\"https:\\\/\\\/www.gamapa.de\\\/pl\\\/doradcy\\\/ruediger-schaar-doradca-podatkowy-partner\\\/#breadcrumb\",\"itemListElement\":[{\"@type\":\"ListItem\",\"position\":1,\"name\":\"Startseite\",\"item\":\"https:\\\/\\\/www.gamapa.de\\\/pl\\\/\"},{\"@type\":\"ListItem\",\"position\":2,\"name\":\"Nasi specjali\u015bci\",\"item\":\"https:\\\/\\\/www.gamapa.de\\\/pl\\\/doradcy\\\/\"},{\"@type\":\"ListItem\",\"position\":3,\"name\":\"R\u00fcdiger Schaar\"}]},{\"@type\":\"WebSite\",\"@id\":\"https:\\\/\\\/www.gamapa.de\\\/pl\\\/#website\",\"url\":\"https:\\\/\\\/www.gamapa.de\\\/pl\\\/\",\"name\":\"GANTEF\u00dcHRER\",\"description\":\"Wirtschaftspr\u00fcfer, Steuerberater, Rechtsanw\u00e4lte\",\"publisher\":{\"@id\":\"https:\\\/\\\/www.gamapa.de\\\/pl\\\/#organization\"},\"potentialAction\":[{\"@type\":\"SearchAction\",\"target\":{\"@type\":\"EntryPoint\",\"urlTemplate\":\"https:\\\/\\\/www.gamapa.de\\\/pl\\\/?s={search_term_string}\"},\"query-input\":{\"@type\":\"PropertyValueSpecification\",\"valueRequired\":true,\"valueName\":\"search_term_string\"}}],\"inLanguage\":\"pl-PL\"},{\"@type\":\"Organization\",\"@id\":\"https:\\\/\\\/www.gamapa.de\\\/pl\\\/#organization\",\"name\":\"Gantef\u00fchrer Wirtschaftspr\u00fcfer, Steuerberater, Rechtsanw\u00e4lte\",\"url\":\"https:\\\/\\\/www.gamapa.de\\\/pl\\\/\",\"logo\":{\"@type\":\"ImageObject\",\"inLanguage\":\"pl-PL\",\"@id\":\"https:\\\/\\\/www.gamapa.de\\\/pl\\\/#\\\/schema\\\/logo\\\/image\\\/\",\"url\":\"https:\\\/\\\/www.gamapa.de\\\/wp-content\\\/uploads\\\/2026\\\/01\\\/Logo-Gantefuehrer.png\",\"contentUrl\":\"https:\\\/\\\/www.gamapa.de\\\/wp-content\\\/uploads\\\/2026\\\/01\\\/Logo-Gantefuehrer.png\",\"width\":767,\"height\":156,\"caption\":\"Gantef\u00fchrer Wirtschaftspr\u00fcfer, Steuerberater, Rechtsanw\u00e4lte\"},\"image\":{\"@id\":\"https:\\\/\\\/www.gamapa.de\\\/pl\\\/#\\\/schema\\\/logo\\\/image\\\/\"}}]}<\/script>\n<!-- \/ Yoast SEO plugin. -->","yoast_head_json":{"title":"R\u00fcdiger Schaar - GANTEF\u00dcHRER","robots":{"index":"index","follow":"follow","max-snippet":"max-snippet:-1","max-image-preview":"max-image-preview:large","max-video-preview":"max-video-preview:-1"},"canonical":"https:\/\/www.gamapa.de\/pl\/doradcy\/ruediger-schaar-doradca-podatkowy-partner\/","og_locale":"pl_PL","og_type":"article","og_title":"R\u00fcdiger Schaar - GANTEF\u00dcHRER","og_description":"Specjalizacje Przebieg kariery zawodowej 1997-2000 Praktyka zawodowa na stanowisku pomocnika podatkowego 2001-2005 Uniwersytet Ekonomiczny i Prawniczy, Berlin, kierunek: podatki i organizacja 2008 Uzyskanie uprawnie\u0144 doradcy podatkowego 2008-2020 Partner w \u015bredniej wielko\u015bci kancelarii doradztwa podatkowego w Berlinie, D\u00fcsseldorfie 2019 Uzyskanie uprawnie\u0144 wyspecjalizowanego doradcy ds. controllingu i zarz\u0105dzania finansami przedsi\u0119biorstwa (DStV e.V) od 2020 Doradca podatkowy w [\u2026]","og_url":"https:\/\/www.gamapa.de\/pl\/doradcy\/ruediger-schaar-doradca-podatkowy-partner\/","og_site_name":"GANTEF\u00dcHRER","article_modified_time":"2025-11-06T13:13:49+00:00","og_image":[{"width":1440,"height":859,"url":"https:\/\/www.gamapa.de\/wp-content\/uploads\/2023\/12\/schaar_2.jpg","type":"image\/jpeg"}],"twitter_card":"summary_large_image","twitter_misc":{"Szacowany czas czytania":"2 minuty"},"schema":{"@context":"https:\/\/schema.org","@graph":[{"@type":"WebPage","@id":"https:\/\/www.gamapa.de\/pl\/doradcy\/ruediger-schaar-doradca-podatkowy-partner\/","url":"https:\/\/www.gamapa.de\/pl\/doradcy\/ruediger-schaar-doradca-podatkowy-partner\/","name":"R\u00fcdiger Schaar - GANTEF\u00dcHRER","isPartOf":{"@id":"https:\/\/www.gamapa.de\/pl\/#website"},"primaryImageOfPage":{"@id":"https:\/\/www.gamapa.de\/pl\/doradcy\/ruediger-schaar-doradca-podatkowy-partner\/#primaryimage"},"image":{"@id":"https:\/\/www.gamapa.de\/pl\/doradcy\/ruediger-schaar-doradca-podatkowy-partner\/#primaryimage"},"thumbnailUrl":"https:\/\/www.gamapa.de\/wp-content\/uploads\/2023\/12\/schaar_2.jpg","datePublished":"2020-07-01T18:15:07+00:00","dateModified":"2025-11-06T13:13:49+00:00","breadcrumb":{"@id":"https:\/\/www.gamapa.de\/pl\/doradcy\/ruediger-schaar-doradca-podatkowy-partner\/#breadcrumb"},"inLanguage":"pl-PL","potentialAction":[{"@type":"ReadAction","target":["https:\/\/www.gamapa.de\/pl\/doradcy\/ruediger-schaar-doradca-podatkowy-partner\/"]}]},{"@type":"ImageObject","inLanguage":"pl-PL","@id":"https:\/\/www.gamapa.de\/pl\/doradcy\/ruediger-schaar-doradca-podatkowy-partner\/#primaryimage","url":"https:\/\/www.gamapa.de\/wp-content\/uploads\/2023\/12\/schaar_2.jpg","contentUrl":"https:\/\/www.gamapa.de\/wp-content\/uploads\/2023\/12\/schaar_2.jpg","width":1440,"height":859,"caption":"R\u00fcdiger Schaar Dipl. Kfm. (FH) Steuerberater Fachberater f\u00fcr Controlling und Finanzwirtschaft (DStV e.V.) Zertifizierter agiler Coach Partner"},{"@type":"BreadcrumbList","@id":"https:\/\/www.gamapa.de\/pl\/doradcy\/ruediger-schaar-doradca-podatkowy-partner\/#breadcrumb","itemListElement":[{"@type":"ListItem","position":1,"name":"Startseite","item":"https:\/\/www.gamapa.de\/pl\/"},{"@type":"ListItem","position":2,"name":"Nasi specjali\u015bci","item":"https:\/\/www.gamapa.de\/pl\/doradcy\/"},{"@type":"ListItem","position":3,"name":"R\u00fcdiger Schaar"}]},{"@type":"WebSite","@id":"https:\/\/www.gamapa.de\/pl\/#website","url":"https:\/\/www.gamapa.de\/pl\/","name":"GANTEF\u00dcHRER","description":"Wirtschaftspr\u00fcfer, Steuerberater, Rechtsanw\u00e4lte","publisher":{"@id":"https:\/\/www.gamapa.de\/pl\/#organization"},"potentialAction":[{"@type":"SearchAction","target":{"@type":"EntryPoint","urlTemplate":"https:\/\/www.gamapa.de\/pl\/?s={search_term_string}"},"query-input":{"@type":"PropertyValueSpecification","valueRequired":true,"valueName":"search_term_string"}}],"inLanguage":"pl-PL"},{"@type":"Organization","@id":"https:\/\/www.gamapa.de\/pl\/#organization","name":"Gantef\u00fchrer Wirtschaftspr\u00fcfer, Steuerberater, Rechtsanw\u00e4lte","url":"https:\/\/www.gamapa.de\/pl\/","logo":{"@type":"ImageObject","inLanguage":"pl-PL","@id":"https:\/\/www.gamapa.de\/pl\/#\/schema\/logo\/image\/","url":"https:\/\/www.gamapa.de\/wp-content\/uploads\/2026\/01\/Logo-Gantefuehrer.png","contentUrl":"https:\/\/www.gamapa.de\/wp-content\/uploads\/2026\/01\/Logo-Gantefuehrer.png","width":767,"height":156,"caption":"Gantef\u00fchrer Wirtschaftspr\u00fcfer, Steuerberater, Rechtsanw\u00e4lte"},"image":{"@id":"https:\/\/www.gamapa.de\/pl\/#\/schema\/logo\/image\/"}}]}},"uagb_featured_image_src":{"full":["https:\/\/www.gamapa.de\/wp-content\/uploads\/2023\/12\/schaar_2.jpg",1440,859,false],"thumbnail":["https:\/\/www.gamapa.de\/wp-content\/uploads\/2023\/12\/schaar_2-150x150.jpg",150,150,true],"medium":["https:\/\/www.gamapa.de\/wp-content\/uploads\/2023\/12\/schaar_2-600x358.jpg",600,358,true],"medium_large":["https:\/\/www.gamapa.de\/wp-content\/uploads\/2023\/12\/schaar_2-768x458.jpg",580,346,true],"large":["https:\/\/www.gamapa.de\/wp-content\/uploads\/2023\/12\/schaar_2.jpg",580,346,false],"gs-tiny":["https:\/\/www.gamapa.de\/wp-content\/uploads\/2023\/12\/schaar_2.jpg",50,30,false],"xl":["https:\/\/www.gamapa.de\/wp-content\/uploads\/2023\/12\/schaar_2.jpg",1440,859,false],"xxl":["https:\/\/www.gamapa.de\/wp-content\/uploads\/2023\/12\/schaar_2.jpg",1440,859,false],"xxxl":["https:\/\/www.gamapa.de\/wp-content\/uploads\/2023\/12\/schaar_2.jpg",1440,859,false],"xxxxl":["https:\/\/www.gamapa.de\/wp-content\/uploads\/2023\/12\/schaar_2.jpg",1440,859,false],"xxxxxl":["https:\/\/www.gamapa.de\/wp-content\/uploads\/2023\/12\/schaar_2.jpg",1440,859,false],"1536x1536":["https:\/\/www.gamapa.de\/wp-content\/uploads\/2023\/12\/schaar_2.jpg",1440,859,false],"2048x2048":["https:\/\/www.gamapa.de\/wp-content\/uploads\/2023\/12\/schaar_2.jpg",1440,859,false],"post-thumbnail":["https:\/\/www.gamapa.de\/wp-content\/uploads\/2023\/12\/schaar_2.jpg",1440,859,false],"twentytwenty-fullscreen":["https:\/\/www.gamapa.de\/wp-content\/uploads\/2023\/12\/schaar_2.jpg",1440,859,false],"theme-slug-single-post":["https:\/\/www.gamapa.de\/wp-content\/uploads\/2023\/12\/schaar_2-1440x400.jpg",1440,400,true]},"uagb_author_info":{"display_name":"linda","author_link":"https:\/\/www.gamapa.de\/pl\/author\/linda\/"},"uagb_comment_info":0,"uagb_excerpt":"Specjalizacje Przebieg kariery zawodowej 1997-2000 Praktyka zawodowa na stanowisku pomocnika podatkowego 2001-2005 Uniwersytet Ekonomiczny i Prawniczy, Berlin, kierunek: podatki i organizacja 2008 Uzyskanie uprawnie\u0144 doradcy podatkowego 2008-2020 Partner w \u015bredniej wielko\u015bci kancelarii doradztwa podatkowego w Berlinie, D\u00fcsseldorfie 2019 Uzyskanie uprawnie\u0144 wyspecjalizowanego doradcy ds. controllingu i zarz\u0105dzania finansami przedsi\u0119biorstwa (DStV e.V) od 2020 Doradca podatkowy w&hellip;","_links":{"self":[{"href":"https:\/\/www.gamapa.de\/pl\/wp-json\/wp\/v2\/pages\/6458","targetHints":{"allow":["GET"]}}],"collection":[{"href":"https:\/\/www.gamapa.de\/pl\/wp-json\/wp\/v2\/pages"}],"about":[{"href":"https:\/\/www.gamapa.de\/pl\/wp-json\/wp\/v2\/types\/page"}],"author":[{"embeddable":true,"href":"https:\/\/www.gamapa.de\/pl\/wp-json\/wp\/v2\/users\/1"}],"replies":[{"embeddable":true,"href":"https:\/\/www.gamapa.de\/pl\/wp-json\/wp\/v2\/comments?post=6458"}],"version-history":[{"count":16,"href":"https:\/\/www.gamapa.de\/pl\/wp-json\/wp\/v2\/pages\/6458\/revisions"}],"predecessor-version":[{"id":22313,"href":"https:\/\/www.gamapa.de\/pl\/wp-json\/wp\/v2\/pages\/6458\/revisions\/22313"}],"up":[{"embeddable":true,"href":"https:\/\/www.gamapa.de\/pl\/wp-json\/wp\/v2\/pages\/5643"}],"wp:featuredmedia":[{"embeddable":true,"href":"https:\/\/www.gamapa.de\/pl\/wp-json\/wp\/v2\/media\/15496"}],"wp:attachment":[{"href":"https:\/\/www.gamapa.de\/pl\/wp-json\/wp\/v2\/media?parent=6458"}],"curies":[{"name":"wp","href":"https:\/\/api.w.org\/{rel}","templated":true}]}}