

{"id":6612,"date":"2021-01-29T14:38:40","date_gmt":"2021-01-29T13:38:40","guid":{"rendered":"https:\/\/www.gamapa.de\/polish-desk\/"},"modified":"2026-01-21T14:24:19","modified_gmt":"2026-01-21T13:24:19","slug":"polish-desk","status":"publish","type":"page","link":"https:\/\/www.gamapa.de\/pl\/polish-desk\/","title":{"rendered":"Polish Desk"},"content":{"rendered":"\n<div id=\"logodeskout\"><a href=\"https:\/\/www.gamapa.de\/pl\"><img decoding=\"async\" class=\"logodesk\" src=\"https:\/\/www.gamapa.de\/wp-content\/uploads\/2021\/03\/Gantefuehrer-Logo-Polish-Desk.jpg\"><\/a><\/div><a href=\"https:\/\/www.gamapa.de\/pl\/category\/polish-desk-pl\/\"><div id=\"jadesk\">nowo\u015bci<\/div><\/a>\n\n\n\n<p><em><em><em><em>Od 1989 roku miasto D\u00fcsseldorf jest miastem partnerskim Warszawy. Dzisiejsze kontakty znajduj\u0105 odzwierciedlenie na r\u00f3\u017cnych poziomach, takich jak biznes, kultura i sport. Instytucje takie jak Instytut Polski i Instytut Goethego wspieraj\u0105 partnerstwo miejskie.<\/em><\/em><\/em><\/em><\/p>\n\n\n\n<p>Opr\u00f3cz przyja\u017ani miast partnerskich, Niemcy s\u0105 najwa\u017cniejszym partnerem handlowym Polski. Z drugiej strony, Polska jest obecnie \u00f3smym co do wielko\u015bci rynkiem sprzeda\u017cy zagranicznej dla firm niemieckich, a tendencja jest rosn\u0105ca.<\/p>\n\n\n\n<p>Za po\u015brednictwem naszego Polish Desk oferujemy kompleksowe doradztwo we wszystkich kwestiach podatkowych w polsko-niemieckich stosunkach prawnych. Wspieramy zar\u00f3wno polskie firmy pragn\u0105ce zaistnie\u0107 na rynku niemieckim, jak i firmy niemieckie pragn\u0105ce wej\u015b\u0107 na rynek polski.<\/p>\n\n\n\n<p>Doradcy pracuj\u0105cy w tej dziedzinie s\u0105 narodowo\u015bci niemieckiej i polskiej i zapewniaj\u0105 indywidualne rozwi\u0105zania dla transgranicznych przedsi\u0119wzi\u0119\u0107 gospodarczych mi\u0119dzy Niemcami a Polsk\u0105.<\/p>\n\n\n\n<h2 class=\"wp-block-heading\">Nasze g\u0142\u00f3wne obszary dzia\u0142alno\u015bci obejmuj\u0105 w szczeg\u00f3lno\u015bci:<\/h2>\n\n\n\n<ul class=\"wp-block-list\">\n<li>Tworzenie sp\u00f3\u0142ek, podleg\u0142ych sp\u00f3\u0142ek i oddzia\u0142\u00f3w<\/li>\n\n\n\n<li>Doradztwo podatkowe we wszystkich obszarach niemieckich i mi\u0119dzynarodowych transakcji gospodarczych<\/li>\n\n\n\n<li>Transgraniczna restrukturyzacja przedsi\u0119biorstw<\/li>\n\n\n\n<li>Doradztwo podatkowe dla powi\u0105zanych mi\u0119dzynarodowo grup przedsi\u0119biorstw<\/li>\n\n\n\n<li>Oddelegowanie pracownik\u00f3w<\/li>\n\n\n\n<li>Reprezentacja klient\u00f3w przed wszystkimi niemieckimi s\u0105dami oraz reprezentacja przed wszystkimi urz\u0119dami w Niemczech<\/li>\n<\/ul>\n\n\n\n<h3 class=\"wp-block-heading\"><strong>Pa\u0144stwa osoba kontaktowa to:<\/strong><\/h3>\n\n\n\n<div class=\"wp-block-columns is-layout-flex wp-container-core-columns-is-layout-9d6595d7 wp-block-columns-is-layout-flex\">\n<div class=\"wp-block-column is-layout-flow wp-block-column-is-layout-flow\">\n<figure class=\"wp-block-image size-large\"><img loading=\"lazy\" decoding=\"async\" width=\"600\" height=\"389\" src=\"https:\/\/www.gamapa.de\/wp-content\/uploads\/2021\/10\/Thomas-Kozik_1.jpg\" alt=\"\" class=\"wp-image-9625\"\/><\/figure>\n<\/div>\n\n\n\n<div class=\"wp-block-column is-layout-flow wp-block-column-is-layout-flow\">\n<p><strong><a href=\"https:\/\/www.gamapa.de\/pl\/doradcy\/thomas-kozik-doradca-podatkowy\/\">Thomas Kozik<\/a><\/strong><br>Dipl.-Bw. (FH)<br>Doradca podatkowy<br>Specjalista ds. mi\u0119dzynarodowego prawa podatkowego<br>Partner<\/p>\n<\/div>\n<\/div>\n\n\n\n<div style=\"height:10px\" aria-hidden=\"true\" class=\"wp-block-spacer\"><\/div>\n\n\n\n<p>Pa\u0144stwa osoba kontaktowa jest rodowitym u\u017cytkownikiem j\u0119zyka polskiego i niemieckiego i z przyjemno\u015bci\u0105 udzieli pomocy klientom r\u00f3wnie\u017c w j\u0119zyku angielskim. Ch\u0119tnie przeprowadzi dla Pa\u0144stwa indywidualne szkolenie inhouse na tematy podatkowe w Niemczech w j\u0119zyku polskim. <\/p>\n\n\n\n<p>Pan Kozik jest cz\u0142onkiem Polsko-Niemieckiej Izby Przemys\u0142owo-Handlowej (AHK Polska), gdzie jest r\u00f3wnie\u017c dost\u0119pny i aktywny jako referent w sprawach podatkowych. Nasi polscy klienci bardzo ceni\u0105 sobie porady udzielane w j\u0119zyku polskim przez doradc\u0119 o polskich korzeniach.<\/p>\n\n\n\n<p><\/p>\n","protected":false},"excerpt":{"rendered":"<p>nowo\u015bci Od 1989 roku miasto D\u00fcsseldorf jest miastem partnerskim Warszawy. Dzisiejsze kontakty znajduj\u0105 odzwierciedlenie na r\u00f3\u017cnych poziomach, takich jak biznes, kultura i sport. Instytucje takie jak Instytut Polski i Instytut Goethego wspieraj\u0105 partnerstwo miejskie. Opr\u00f3cz przyja\u017ani miast partnerskich, Niemcy s\u0105 najwa\u017cniejszym partnerem handlowym Polski. Z drugiej strony, Polska jest obecnie \u00f3smym co do wielko\u015bci rynkiem <a href=\"https:\/\/www.gamapa.de\/pl\/polish-desk\/\">[\u2026]<\/a><\/p>\n","protected":false},"author":1,"featured_media":6529,"parent":0,"menu_order":1,"comment_status":"closed","ping_status":"closed","template":"","meta":{"_acf_changed":false,"_uag_custom_page_level_css":"","footnotes":""},"class_list":["post-6612","page","type-page","status-publish","has-post-thumbnail","hentry"],"acf":[],"yoast_head":"<!-- This site is optimized with the Yoast SEO plugin v27.5 - https:\/\/yoast.com\/product\/yoast-seo-wordpress\/ -->\n<title>Polish Desk - GANTEF\u00dcHRER<\/title>\n<meta name=\"robots\" content=\"index, follow, max-snippet:-1, max-image-preview:large, max-video-preview:-1\" \/>\n<link rel=\"canonical\" href=\"https:\/\/www.gamapa.de\/pl\/polish-desk\/\" \/>\n<meta property=\"og:locale\" content=\"pl_PL\" \/>\n<meta property=\"og:type\" content=\"article\" \/>\n<meta property=\"og:title\" content=\"Polish Desk - GANTEF\u00dcHRER\" \/>\n<meta property=\"og:description\" content=\"nowo\u015bci Od 1989 roku miasto D\u00fcsseldorf jest miastem partnerskim Warszawy. Dzisiejsze kontakty znajduj\u0105 odzwierciedlenie na r\u00f3\u017cnych poziomach, takich jak biznes, kultura i sport. Instytucje takie jak Instytut Polski i Instytut Goethego wspieraj\u0105 partnerstwo miejskie. Opr\u00f3cz przyja\u017ani miast partnerskich, Niemcy s\u0105 najwa\u017cniejszym partnerem handlowym Polski. Z drugiej strony, Polska jest obecnie \u00f3smym co do wielko\u015bci rynkiem [\u2026]\" \/>\n<meta property=\"og:url\" content=\"https:\/\/www.gamapa.de\/pl\/polish-desk\/\" \/>\n<meta property=\"og:site_name\" content=\"GANTEF\u00dcHRER\" \/>\n<meta property=\"article:modified_time\" content=\"2026-01-21T13:24:19+00:00\" \/>\n<meta property=\"og:image\" content=\"https:\/\/www.gamapa.de\/wp-content\/uploads\/2021\/01\/Header-Polen2-scaled.jpg\" \/>\n\t<meta property=\"og:image:width\" content=\"2560\" \/>\n\t<meta property=\"og:image:height\" content=\"764\" \/>\n\t<meta property=\"og:image:type\" content=\"image\/jpeg\" \/>\n<meta name=\"twitter:card\" content=\"summary_large_image\" \/>\n<meta name=\"twitter:label1\" content=\"Szacowany czas czytania\" \/>\n\t<meta name=\"twitter:data1\" content=\"3 minuty\" \/>\n<script type=\"application\/ld+json\" class=\"yoast-schema-graph\">{\"@context\":\"https:\\\/\\\/schema.org\",\"@graph\":[{\"@type\":\"WebPage\",\"@id\":\"https:\\\/\\\/www.gamapa.de\\\/pl\\\/polish-desk\\\/\",\"url\":\"https:\\\/\\\/www.gamapa.de\\\/pl\\\/polish-desk\\\/\",\"name\":\"Polish Desk - GANTEF\u00dcHRER\",\"isPartOf\":{\"@id\":\"https:\\\/\\\/www.gamapa.de\\\/pl\\\/#website\"},\"primaryImageOfPage\":{\"@id\":\"https:\\\/\\\/www.gamapa.de\\\/pl\\\/polish-desk\\\/#primaryimage\"},\"image\":{\"@id\":\"https:\\\/\\\/www.gamapa.de\\\/pl\\\/polish-desk\\\/#primaryimage\"},\"thumbnailUrl\":\"https:\\\/\\\/www.gamapa.de\\\/wp-content\\\/uploads\\\/2021\\\/01\\\/Header-Polen2-scaled.jpg\",\"datePublished\":\"2021-01-29T13:38:40+00:00\",\"dateModified\":\"2026-01-21T13:24:19+00:00\",\"breadcrumb\":{\"@id\":\"https:\\\/\\\/www.gamapa.de\\\/pl\\\/polish-desk\\\/#breadcrumb\"},\"inLanguage\":\"pl-PL\",\"potentialAction\":[{\"@type\":\"ReadAction\",\"target\":[\"https:\\\/\\\/www.gamapa.de\\\/pl\\\/polish-desk\\\/\"]}]},{\"@type\":\"ImageObject\",\"inLanguage\":\"pl-PL\",\"@id\":\"https:\\\/\\\/www.gamapa.de\\\/pl\\\/polish-desk\\\/#primaryimage\",\"url\":\"https:\\\/\\\/www.gamapa.de\\\/wp-content\\\/uploads\\\/2021\\\/01\\\/Header-Polen2-scaled.jpg\",\"contentUrl\":\"https:\\\/\\\/www.gamapa.de\\\/wp-content\\\/uploads\\\/2021\\\/01\\\/Header-Polen2-scaled.jpg\",\"width\":2560,\"height\":764,\"caption\":\"Polish Desk\"},{\"@type\":\"BreadcrumbList\",\"@id\":\"https:\\\/\\\/www.gamapa.de\\\/pl\\\/polish-desk\\\/#breadcrumb\",\"itemListElement\":[{\"@type\":\"ListItem\",\"position\":1,\"name\":\"Startseite\",\"item\":\"https:\\\/\\\/www.gamapa.de\\\/pl\\\/\"},{\"@type\":\"ListItem\",\"position\":2,\"name\":\"Polish Desk\"}]},{\"@type\":\"WebSite\",\"@id\":\"https:\\\/\\\/www.gamapa.de\\\/pl\\\/#website\",\"url\":\"https:\\\/\\\/www.gamapa.de\\\/pl\\\/\",\"name\":\"GANTEF\u00dcHRER\",\"description\":\"Wirtschaftspr\u00fcfer, Steuerberater, Rechtsanw\u00e4lte\",\"publisher\":{\"@id\":\"https:\\\/\\\/www.gamapa.de\\\/pl\\\/#organization\"},\"potentialAction\":[{\"@type\":\"SearchAction\",\"target\":{\"@type\":\"EntryPoint\",\"urlTemplate\":\"https:\\\/\\\/www.gamapa.de\\\/pl\\\/?s={search_term_string}\"},\"query-input\":{\"@type\":\"PropertyValueSpecification\",\"valueRequired\":true,\"valueName\":\"search_term_string\"}}],\"inLanguage\":\"pl-PL\"},{\"@type\":\"Organization\",\"@id\":\"https:\\\/\\\/www.gamapa.de\\\/pl\\\/#organization\",\"name\":\"Gantef\u00fchrer Wirtschaftspr\u00fcfer, Steuerberater, Rechtsanw\u00e4lte\",\"url\":\"https:\\\/\\\/www.gamapa.de\\\/pl\\\/\",\"logo\":{\"@type\":\"ImageObject\",\"inLanguage\":\"pl-PL\",\"@id\":\"https:\\\/\\\/www.gamapa.de\\\/pl\\\/#\\\/schema\\\/logo\\\/image\\\/\",\"url\":\"https:\\\/\\\/www.gamapa.de\\\/wp-content\\\/uploads\\\/2026\\\/01\\\/Logo-Gantefuehrer.png\",\"contentUrl\":\"https:\\\/\\\/www.gamapa.de\\\/wp-content\\\/uploads\\\/2026\\\/01\\\/Logo-Gantefuehrer.png\",\"width\":767,\"height\":156,\"caption\":\"Gantef\u00fchrer Wirtschaftspr\u00fcfer, Steuerberater, Rechtsanw\u00e4lte\"},\"image\":{\"@id\":\"https:\\\/\\\/www.gamapa.de\\\/pl\\\/#\\\/schema\\\/logo\\\/image\\\/\"}}]}<\/script>\n<!-- \/ Yoast SEO plugin. -->","yoast_head_json":{"title":"Polish Desk - GANTEF\u00dcHRER","robots":{"index":"index","follow":"follow","max-snippet":"max-snippet:-1","max-image-preview":"max-image-preview:large","max-video-preview":"max-video-preview:-1"},"canonical":"https:\/\/www.gamapa.de\/pl\/polish-desk\/","og_locale":"pl_PL","og_type":"article","og_title":"Polish Desk - GANTEF\u00dcHRER","og_description":"nowo\u015bci Od 1989 roku miasto D\u00fcsseldorf jest miastem partnerskim Warszawy. Dzisiejsze kontakty znajduj\u0105 odzwierciedlenie na r\u00f3\u017cnych poziomach, takich jak biznes, kultura i sport. Instytucje takie jak Instytut Polski i Instytut Goethego wspieraj\u0105 partnerstwo miejskie. Opr\u00f3cz przyja\u017ani miast partnerskich, Niemcy s\u0105 najwa\u017cniejszym partnerem handlowym Polski. Z drugiej strony, Polska jest obecnie \u00f3smym co do wielko\u015bci rynkiem [\u2026]","og_url":"https:\/\/www.gamapa.de\/pl\/polish-desk\/","og_site_name":"GANTEF\u00dcHRER","article_modified_time":"2026-01-21T13:24:19+00:00","og_image":[{"width":2560,"height":764,"url":"https:\/\/www.gamapa.de\/wp-content\/uploads\/2021\/01\/Header-Polen2-scaled.jpg","type":"image\/jpeg"}],"twitter_card":"summary_large_image","twitter_misc":{"Szacowany czas czytania":"3 minuty"},"schema":{"@context":"https:\/\/schema.org","@graph":[{"@type":"WebPage","@id":"https:\/\/www.gamapa.de\/pl\/polish-desk\/","url":"https:\/\/www.gamapa.de\/pl\/polish-desk\/","name":"Polish Desk - GANTEF\u00dcHRER","isPartOf":{"@id":"https:\/\/www.gamapa.de\/pl\/#website"},"primaryImageOfPage":{"@id":"https:\/\/www.gamapa.de\/pl\/polish-desk\/#primaryimage"},"image":{"@id":"https:\/\/www.gamapa.de\/pl\/polish-desk\/#primaryimage"},"thumbnailUrl":"https:\/\/www.gamapa.de\/wp-content\/uploads\/2021\/01\/Header-Polen2-scaled.jpg","datePublished":"2021-01-29T13:38:40+00:00","dateModified":"2026-01-21T13:24:19+00:00","breadcrumb":{"@id":"https:\/\/www.gamapa.de\/pl\/polish-desk\/#breadcrumb"},"inLanguage":"pl-PL","potentialAction":[{"@type":"ReadAction","target":["https:\/\/www.gamapa.de\/pl\/polish-desk\/"]}]},{"@type":"ImageObject","inLanguage":"pl-PL","@id":"https:\/\/www.gamapa.de\/pl\/polish-desk\/#primaryimage","url":"https:\/\/www.gamapa.de\/wp-content\/uploads\/2021\/01\/Header-Polen2-scaled.jpg","contentUrl":"https:\/\/www.gamapa.de\/wp-content\/uploads\/2021\/01\/Header-Polen2-scaled.jpg","width":2560,"height":764,"caption":"Polish Desk"},{"@type":"BreadcrumbList","@id":"https:\/\/www.gamapa.de\/pl\/polish-desk\/#breadcrumb","itemListElement":[{"@type":"ListItem","position":1,"name":"Startseite","item":"https:\/\/www.gamapa.de\/pl\/"},{"@type":"ListItem","position":2,"name":"Polish Desk"}]},{"@type":"WebSite","@id":"https:\/\/www.gamapa.de\/pl\/#website","url":"https:\/\/www.gamapa.de\/pl\/","name":"GANTEF\u00dcHRER","description":"Wirtschaftspr\u00fcfer, Steuerberater, Rechtsanw\u00e4lte","publisher":{"@id":"https:\/\/www.gamapa.de\/pl\/#organization"},"potentialAction":[{"@type":"SearchAction","target":{"@type":"EntryPoint","urlTemplate":"https:\/\/www.gamapa.de\/pl\/?s={search_term_string}"},"query-input":{"@type":"PropertyValueSpecification","valueRequired":true,"valueName":"search_term_string"}}],"inLanguage":"pl-PL"},{"@type":"Organization","@id":"https:\/\/www.gamapa.de\/pl\/#organization","name":"Gantef\u00fchrer Wirtschaftspr\u00fcfer, Steuerberater, Rechtsanw\u00e4lte","url":"https:\/\/www.gamapa.de\/pl\/","logo":{"@type":"ImageObject","inLanguage":"pl-PL","@id":"https:\/\/www.gamapa.de\/pl\/#\/schema\/logo\/image\/","url":"https:\/\/www.gamapa.de\/wp-content\/uploads\/2026\/01\/Logo-Gantefuehrer.png","contentUrl":"https:\/\/www.gamapa.de\/wp-content\/uploads\/2026\/01\/Logo-Gantefuehrer.png","width":767,"height":156,"caption":"Gantef\u00fchrer Wirtschaftspr\u00fcfer, Steuerberater, Rechtsanw\u00e4lte"},"image":{"@id":"https:\/\/www.gamapa.de\/pl\/#\/schema\/logo\/image\/"}}]}},"uagb_featured_image_src":{"full":["https:\/\/www.gamapa.de\/wp-content\/uploads\/2021\/01\/Header-Polen2-scaled.jpg",2560,764,false],"thumbnail":["https:\/\/www.gamapa.de\/wp-content\/uploads\/2021\/01\/Header-Polen2-150x150.jpg",150,150,true],"medium":["https:\/\/www.gamapa.de\/wp-content\/uploads\/2021\/01\/Header-Polen2-600x179.jpg",600,179,true],"medium_large":["https:\/\/www.gamapa.de\/wp-content\/uploads\/2021\/01\/Header-Polen2-768x229.jpg",580,173,true],"large":["https:\/\/www.gamapa.de\/wp-content\/uploads\/2021\/01\/Header-Polen2-scaled.jpg",580,173,false],"gs-tiny":["https:\/\/www.gamapa.de\/wp-content\/uploads\/2021\/01\/Header-Polen2-scaled.jpg",50,15,false],"xl":["https:\/\/www.gamapa.de\/wp-content\/uploads\/2021\/01\/Header-Polen2-1600x477.jpg",1600,477,true],"xxl":["https:\/\/www.gamapa.de\/wp-content\/uploads\/2021\/01\/Header-Polen2-2200x656.jpg",2200,656,true],"xxxl":["https:\/\/www.gamapa.de\/wp-content\/uploads\/2021\/01\/Header-Polen2-2800x835.jpg",2800,835,true],"xxxxl":["https:\/\/www.gamapa.de\/wp-content\/uploads\/2021\/01\/Header-Polen2-scaled.jpg",2560,764,false],"xxxxxl":["https:\/\/www.gamapa.de\/wp-content\/uploads\/2021\/01\/Header-Polen2-scaled.jpg",2560,764,false],"1536x1536":["https:\/\/www.gamapa.de\/wp-content\/uploads\/2021\/01\/Header-Polen2-1536x458.jpg",1536,458,true],"2048x2048":["https:\/\/www.gamapa.de\/wp-content\/uploads\/2021\/01\/Header-Polen2-2048x611.jpg",2048,611,true],"post-thumbnail":["https:\/\/www.gamapa.de\/wp-content\/uploads\/2021\/01\/Header-Polen2-scaled.jpg",2560,764,false],"twentytwenty-fullscreen":["https:\/\/www.gamapa.de\/wp-content\/uploads\/2021\/01\/Header-Polen2-scaled.jpg",2560,764,false],"theme-slug-single-post":["https:\/\/www.gamapa.de\/wp-content\/uploads\/2021\/01\/Header-Polen2-1600x400.jpg",1600,400,true]},"uagb_author_info":{"display_name":"linda","author_link":"https:\/\/www.gamapa.de\/pl\/author\/linda\/"},"uagb_comment_info":0,"uagb_excerpt":"nowo\u015bci Od 1989 roku miasto D\u00fcsseldorf jest miastem partnerskim Warszawy. Dzisiejsze kontakty znajduj\u0105 odzwierciedlenie na r\u00f3\u017cnych poziomach, takich jak biznes, kultura i sport. Instytucje takie jak Instytut Polski i Instytut Goethego wspieraj\u0105 partnerstwo miejskie. Opr\u00f3cz przyja\u017ani miast partnerskich, Niemcy s\u0105 najwa\u017cniejszym partnerem handlowym Polski. Z drugiej strony, Polska jest obecnie \u00f3smym co do wielko\u015bci rynkiem&hellip;","_links":{"self":[{"href":"https:\/\/www.gamapa.de\/pl\/wp-json\/wp\/v2\/pages\/6612","targetHints":{"allow":["GET"]}}],"collection":[{"href":"https:\/\/www.gamapa.de\/pl\/wp-json\/wp\/v2\/pages"}],"about":[{"href":"https:\/\/www.gamapa.de\/pl\/wp-json\/wp\/v2\/types\/page"}],"author":[{"embeddable":true,"href":"https:\/\/www.gamapa.de\/pl\/wp-json\/wp\/v2\/users\/1"}],"replies":[{"embeddable":true,"href":"https:\/\/www.gamapa.de\/pl\/wp-json\/wp\/v2\/comments?post=6612"}],"version-history":[{"count":9,"href":"https:\/\/www.gamapa.de\/pl\/wp-json\/wp\/v2\/pages\/6612\/revisions"}],"predecessor-version":[{"id":23751,"href":"https:\/\/www.gamapa.de\/pl\/wp-json\/wp\/v2\/pages\/6612\/revisions\/23751"}],"wp:featuredmedia":[{"embeddable":true,"href":"https:\/\/www.gamapa.de\/pl\/wp-json\/wp\/v2\/media\/6529"}],"wp:attachment":[{"href":"https:\/\/www.gamapa.de\/pl\/wp-json\/wp\/v2\/media?parent=6612"}],"curies":[{"name":"wp","href":"https:\/\/api.w.org\/{rel}","templated":true}]}}