

{"id":6783,"date":"2021-03-04T09:34:32","date_gmt":"2021-03-04T08:34:32","guid":{"rendered":"https:\/\/www.gamapa.de\/claudia-gabriel-steuerberaterin\/"},"modified":"2025-07-10T08:53:59","modified_gmt":"2025-07-10T06:53:59","slug":"claudia-gabriel-doradca-podatkowy","status":"publish","type":"page","link":"https:\/\/www.gamapa.de\/pl\/doradcy\/claudia-gabriel-doradca-podatkowy\/","title":{"rendered":"Claudia Gabriel"},"content":{"rendered":"\n<h3 class=\"wp-block-heading\">Specjalizacje<\/h3>\n\n\n\n<ul class=\"wp-block-list\">\n<li>Sporz\u0105dzanie rocznych sprawozda\u0144 finansowych zgodnie z prawem handlowym, bilans\u00f3w podatkowych i deklaracji podatkowych sp\u00f3\u0142ek<\/li>\n\n\n\n<li>Sporz\u0105dzanie prywatnych deklaracji podatkowych<\/li>\n<\/ul>\n\n\n\n<h3 class=\"wp-block-heading\">Przebieg kariery zawodowej<\/h3>\n\n\n\n<figure class=\"wp-block-table tablist\"><table><tbody><tr><td>2007-2010<\/td><td>Szkolenie jako asystent podatkowy w ma\u0142ej firmie doradztwa podatkowego<\/td><\/tr><tr><td>2010-2020<\/td><td>Zatrudniony referent podatkowy\/specjalista podatkowy\/doradca podatkowy w ma\u0142ej firmie doradztwa podatkowego<\/td><\/tr><tr><td>2014<\/td><td>Dalsze szkolenie na specjalist\u0119 podatkowego<\/td><\/tr><tr><td>2018<\/td><td>Powo\u0142anie na stanowisko doradcy podatkowego<\/td><\/tr><tr><td>od 2021<\/td><td>Doradca podatkowy w Dr Gantef\u00fchrer, Marquardt and Partner<\/td><\/tr><\/tbody><\/table><\/figure>\n\n\n\n<h3 class=\"wp-block-heading\">Obs\u0142ugiwane bran\u017ce<\/h3>\n\n\n\n<ul class=\"wp-block-list\"><\/ul>\n\n\n\n<ul class=\"wp-block-list\">\n<li>Ma\u0142e i \u015brednie firmy z r\u00f3\u017cnych sektor\u00f3w<\/li>\n\n\n\n<li>Zamo\u017cne osoby prywatne<\/li>\n<\/ul>\n\n\n\n<div class=\"wp-block-buttons is-layout-flex wp-block-buttons-is-layout-flex\">\n<div class=\"wp-block-button zurueck\"><a class=\"wp-block-button__link wp-element-button\" href=\"https:\/\/www.gamapa.de\/pl\/doradcy\/\">wstecz<\/a><\/div>\n<\/div>\n","protected":false},"excerpt":{"rendered":"<p>Specjalizacje Przebieg kariery zawodowej 2007-2010 Szkolenie jako asystent podatkowy w ma\u0142ej firmie doradztwa podatkowego 2010-2020 Zatrudniony referent podatkowy\/specjalista podatkowy\/doradca podatkowy w ma\u0142ej firmie doradztwa podatkowego 2014 Dalsze szkolenie na specjalist\u0119 podatkowego 2018 Powo\u0142anie na stanowisko doradcy podatkowego od 2021 Doradca podatkowy w Dr Gantef\u00fchrer, Marquardt and Partner Obs\u0142ugiwane bran\u017ce<\/p>\n","protected":false},"author":1,"featured_media":6798,"parent":5643,"menu_order":9,"comment_status":"closed","ping_status":"closed","template":"templates\/template-Profil.php","meta":{"_acf_changed":false,"_uag_custom_page_level_css":"","footnotes":""},"class_list":["post-6783","page","type-page","status-publish","has-post-thumbnail","hentry"],"acf":[],"yoast_head":"<!-- This site is optimized with the Yoast SEO plugin v27.3 - https:\/\/yoast.com\/product\/yoast-seo-wordpress\/ -->\n<title>Claudia Gabriel - GANTEF\u00dcHRER<\/title>\n<meta name=\"robots\" content=\"index, follow, max-snippet:-1, max-image-preview:large, max-video-preview:-1\" \/>\n<link rel=\"canonical\" href=\"https:\/\/www.gamapa.de\/pl\/doradcy\/claudia-gabriel-doradca-podatkowy\/\" \/>\n<meta property=\"og:locale\" content=\"pl_PL\" \/>\n<meta property=\"og:type\" content=\"article\" \/>\n<meta property=\"og:title\" content=\"Claudia Gabriel - GANTEF\u00dcHRER\" \/>\n<meta property=\"og:description\" content=\"Specjalizacje Przebieg kariery zawodowej 2007-2010 Szkolenie jako asystent podatkowy w ma\u0142ej firmie doradztwa podatkowego 2010-2020 Zatrudniony referent podatkowy\/specjalista podatkowy\/doradca podatkowy w ma\u0142ej firmie doradztwa podatkowego 2014 Dalsze szkolenie na specjalist\u0119 podatkowego 2018 Powo\u0142anie na stanowisko doradcy podatkowego od 2021 Doradca podatkowy w Dr Gantef\u00fchrer, Marquardt and Partner Obs\u0142ugiwane bran\u017ce\" \/>\n<meta property=\"og:url\" content=\"https:\/\/www.gamapa.de\/pl\/doradcy\/claudia-gabriel-doradca-podatkowy\/\" \/>\n<meta property=\"og:site_name\" content=\"GANTEF\u00dcHRER\" \/>\n<meta property=\"article:modified_time\" content=\"2025-07-10T06:53:59+00:00\" \/>\n<meta property=\"og:image\" content=\"https:\/\/www.gamapa.de\/wp-content\/uploads\/2021\/03\/Gabriel-big-2.jpg\" \/>\n\t<meta property=\"og:image:width\" content=\"1440\" \/>\n\t<meta property=\"og:image:height\" content=\"859\" \/>\n\t<meta property=\"og:image:type\" content=\"image\/jpeg\" \/>\n<meta name=\"twitter:card\" content=\"summary_large_image\" \/>\n<meta name=\"twitter:label1\" content=\"Szacowany czas czytania\" \/>\n\t<meta name=\"twitter:data1\" content=\"1 minuta\" \/>\n<script type=\"application\/ld+json\" class=\"yoast-schema-graph\">{\"@context\":\"https:\\\/\\\/schema.org\",\"@graph\":[{\"@type\":\"WebPage\",\"@id\":\"https:\\\/\\\/www.gamapa.de\\\/pl\\\/doradcy\\\/claudia-gabriel-doradca-podatkowy\\\/\",\"url\":\"https:\\\/\\\/www.gamapa.de\\\/pl\\\/doradcy\\\/claudia-gabriel-doradca-podatkowy\\\/\",\"name\":\"Claudia Gabriel - GANTEF\u00dcHRER\",\"isPartOf\":{\"@id\":\"https:\\\/\\\/www.gamapa.de\\\/pl\\\/#website\"},\"primaryImageOfPage\":{\"@id\":\"https:\\\/\\\/www.gamapa.de\\\/pl\\\/doradcy\\\/claudia-gabriel-doradca-podatkowy\\\/#primaryimage\"},\"image\":{\"@id\":\"https:\\\/\\\/www.gamapa.de\\\/pl\\\/doradcy\\\/claudia-gabriel-doradca-podatkowy\\\/#primaryimage\"},\"thumbnailUrl\":\"https:\\\/\\\/www.gamapa.de\\\/wp-content\\\/uploads\\\/2021\\\/03\\\/Gabriel-big-2.jpg\",\"datePublished\":\"2021-03-04T08:34:32+00:00\",\"dateModified\":\"2025-07-10T06:53:59+00:00\",\"breadcrumb\":{\"@id\":\"https:\\\/\\\/www.gamapa.de\\\/pl\\\/doradcy\\\/claudia-gabriel-doradca-podatkowy\\\/#breadcrumb\"},\"inLanguage\":\"pl-PL\",\"potentialAction\":[{\"@type\":\"ReadAction\",\"target\":[\"https:\\\/\\\/www.gamapa.de\\\/pl\\\/doradcy\\\/claudia-gabriel-doradca-podatkowy\\\/\"]}]},{\"@type\":\"ImageObject\",\"inLanguage\":\"pl-PL\",\"@id\":\"https:\\\/\\\/www.gamapa.de\\\/pl\\\/doradcy\\\/claudia-gabriel-doradca-podatkowy\\\/#primaryimage\",\"url\":\"https:\\\/\\\/www.gamapa.de\\\/wp-content\\\/uploads\\\/2021\\\/03\\\/Gabriel-big-2.jpg\",\"contentUrl\":\"https:\\\/\\\/www.gamapa.de\\\/wp-content\\\/uploads\\\/2021\\\/03\\\/Gabriel-big-2.jpg\",\"width\":1440,\"height\":859,\"caption\":\"Claudia Gabriel\"},{\"@type\":\"BreadcrumbList\",\"@id\":\"https:\\\/\\\/www.gamapa.de\\\/pl\\\/doradcy\\\/claudia-gabriel-doradca-podatkowy\\\/#breadcrumb\",\"itemListElement\":[{\"@type\":\"ListItem\",\"position\":1,\"name\":\"Startseite\",\"item\":\"https:\\\/\\\/www.gamapa.de\\\/pl\\\/\"},{\"@type\":\"ListItem\",\"position\":2,\"name\":\"Nasi specjali\u015bci\",\"item\":\"https:\\\/\\\/www.gamapa.de\\\/pl\\\/doradcy\\\/\"},{\"@type\":\"ListItem\",\"position\":3,\"name\":\"Claudia Gabriel\"}]},{\"@type\":\"WebSite\",\"@id\":\"https:\\\/\\\/www.gamapa.de\\\/pl\\\/#website\",\"url\":\"https:\\\/\\\/www.gamapa.de\\\/pl\\\/\",\"name\":\"GANTEF\u00dcHRER\",\"description\":\"Wirtschaftspr\u00fcfer, Steuerberater, Rechtsanw\u00e4lte\",\"publisher\":{\"@id\":\"https:\\\/\\\/www.gamapa.de\\\/pl\\\/#organization\"},\"potentialAction\":[{\"@type\":\"SearchAction\",\"target\":{\"@type\":\"EntryPoint\",\"urlTemplate\":\"https:\\\/\\\/www.gamapa.de\\\/pl\\\/?s={search_term_string}\"},\"query-input\":{\"@type\":\"PropertyValueSpecification\",\"valueRequired\":true,\"valueName\":\"search_term_string\"}}],\"inLanguage\":\"pl-PL\"},{\"@type\":\"Organization\",\"@id\":\"https:\\\/\\\/www.gamapa.de\\\/pl\\\/#organization\",\"name\":\"Gantef\u00fchrer Wirtschaftspr\u00fcfer, Steuerberater, Rechtsanw\u00e4lte\",\"url\":\"https:\\\/\\\/www.gamapa.de\\\/pl\\\/\",\"logo\":{\"@type\":\"ImageObject\",\"inLanguage\":\"pl-PL\",\"@id\":\"https:\\\/\\\/www.gamapa.de\\\/pl\\\/#\\\/schema\\\/logo\\\/image\\\/\",\"url\":\"https:\\\/\\\/www.gamapa.de\\\/wp-content\\\/uploads\\\/2026\\\/01\\\/Logo-Gantefuehrer.png\",\"contentUrl\":\"https:\\\/\\\/www.gamapa.de\\\/wp-content\\\/uploads\\\/2026\\\/01\\\/Logo-Gantefuehrer.png\",\"width\":767,\"height\":156,\"caption\":\"Gantef\u00fchrer Wirtschaftspr\u00fcfer, Steuerberater, Rechtsanw\u00e4lte\"},\"image\":{\"@id\":\"https:\\\/\\\/www.gamapa.de\\\/pl\\\/#\\\/schema\\\/logo\\\/image\\\/\"}}]}<\/script>\n<!-- \/ Yoast SEO plugin. -->","yoast_head_json":{"title":"Claudia Gabriel - GANTEF\u00dcHRER","robots":{"index":"index","follow":"follow","max-snippet":"max-snippet:-1","max-image-preview":"max-image-preview:large","max-video-preview":"max-video-preview:-1"},"canonical":"https:\/\/www.gamapa.de\/pl\/doradcy\/claudia-gabriel-doradca-podatkowy\/","og_locale":"pl_PL","og_type":"article","og_title":"Claudia Gabriel - GANTEF\u00dcHRER","og_description":"Specjalizacje Przebieg kariery zawodowej 2007-2010 Szkolenie jako asystent podatkowy w ma\u0142ej firmie doradztwa podatkowego 2010-2020 Zatrudniony referent podatkowy\/specjalista podatkowy\/doradca podatkowy w ma\u0142ej firmie doradztwa podatkowego 2014 Dalsze szkolenie na specjalist\u0119 podatkowego 2018 Powo\u0142anie na stanowisko doradcy podatkowego od 2021 Doradca podatkowy w Dr Gantef\u00fchrer, Marquardt and Partner Obs\u0142ugiwane bran\u017ce","og_url":"https:\/\/www.gamapa.de\/pl\/doradcy\/claudia-gabriel-doradca-podatkowy\/","og_site_name":"GANTEF\u00dcHRER","article_modified_time":"2025-07-10T06:53:59+00:00","og_image":[{"width":1440,"height":859,"url":"https:\/\/www.gamapa.de\/wp-content\/uploads\/2021\/03\/Gabriel-big-2.jpg","type":"image\/jpeg"}],"twitter_card":"summary_large_image","twitter_misc":{"Szacowany czas czytania":"1 minuta"},"schema":{"@context":"https:\/\/schema.org","@graph":[{"@type":"WebPage","@id":"https:\/\/www.gamapa.de\/pl\/doradcy\/claudia-gabriel-doradca-podatkowy\/","url":"https:\/\/www.gamapa.de\/pl\/doradcy\/claudia-gabriel-doradca-podatkowy\/","name":"Claudia Gabriel - GANTEF\u00dcHRER","isPartOf":{"@id":"https:\/\/www.gamapa.de\/pl\/#website"},"primaryImageOfPage":{"@id":"https:\/\/www.gamapa.de\/pl\/doradcy\/claudia-gabriel-doradca-podatkowy\/#primaryimage"},"image":{"@id":"https:\/\/www.gamapa.de\/pl\/doradcy\/claudia-gabriel-doradca-podatkowy\/#primaryimage"},"thumbnailUrl":"https:\/\/www.gamapa.de\/wp-content\/uploads\/2021\/03\/Gabriel-big-2.jpg","datePublished":"2021-03-04T08:34:32+00:00","dateModified":"2025-07-10T06:53:59+00:00","breadcrumb":{"@id":"https:\/\/www.gamapa.de\/pl\/doradcy\/claudia-gabriel-doradca-podatkowy\/#breadcrumb"},"inLanguage":"pl-PL","potentialAction":[{"@type":"ReadAction","target":["https:\/\/www.gamapa.de\/pl\/doradcy\/claudia-gabriel-doradca-podatkowy\/"]}]},{"@type":"ImageObject","inLanguage":"pl-PL","@id":"https:\/\/www.gamapa.de\/pl\/doradcy\/claudia-gabriel-doradca-podatkowy\/#primaryimage","url":"https:\/\/www.gamapa.de\/wp-content\/uploads\/2021\/03\/Gabriel-big-2.jpg","contentUrl":"https:\/\/www.gamapa.de\/wp-content\/uploads\/2021\/03\/Gabriel-big-2.jpg","width":1440,"height":859,"caption":"Claudia Gabriel"},{"@type":"BreadcrumbList","@id":"https:\/\/www.gamapa.de\/pl\/doradcy\/claudia-gabriel-doradca-podatkowy\/#breadcrumb","itemListElement":[{"@type":"ListItem","position":1,"name":"Startseite","item":"https:\/\/www.gamapa.de\/pl\/"},{"@type":"ListItem","position":2,"name":"Nasi specjali\u015bci","item":"https:\/\/www.gamapa.de\/pl\/doradcy\/"},{"@type":"ListItem","position":3,"name":"Claudia Gabriel"}]},{"@type":"WebSite","@id":"https:\/\/www.gamapa.de\/pl\/#website","url":"https:\/\/www.gamapa.de\/pl\/","name":"GANTEF\u00dcHRER","description":"Wirtschaftspr\u00fcfer, Steuerberater, Rechtsanw\u00e4lte","publisher":{"@id":"https:\/\/www.gamapa.de\/pl\/#organization"},"potentialAction":[{"@type":"SearchAction","target":{"@type":"EntryPoint","urlTemplate":"https:\/\/www.gamapa.de\/pl\/?s={search_term_string}"},"query-input":{"@type":"PropertyValueSpecification","valueRequired":true,"valueName":"search_term_string"}}],"inLanguage":"pl-PL"},{"@type":"Organization","@id":"https:\/\/www.gamapa.de\/pl\/#organization","name":"Gantef\u00fchrer Wirtschaftspr\u00fcfer, Steuerberater, Rechtsanw\u00e4lte","url":"https:\/\/www.gamapa.de\/pl\/","logo":{"@type":"ImageObject","inLanguage":"pl-PL","@id":"https:\/\/www.gamapa.de\/pl\/#\/schema\/logo\/image\/","url":"https:\/\/www.gamapa.de\/wp-content\/uploads\/2026\/01\/Logo-Gantefuehrer.png","contentUrl":"https:\/\/www.gamapa.de\/wp-content\/uploads\/2026\/01\/Logo-Gantefuehrer.png","width":767,"height":156,"caption":"Gantef\u00fchrer Wirtschaftspr\u00fcfer, Steuerberater, Rechtsanw\u00e4lte"},"image":{"@id":"https:\/\/www.gamapa.de\/pl\/#\/schema\/logo\/image\/"}}]}},"uagb_featured_image_src":{"full":["https:\/\/www.gamapa.de\/wp-content\/uploads\/2021\/03\/Gabriel-big-2.jpg",1440,859,false],"thumbnail":["https:\/\/www.gamapa.de\/wp-content\/uploads\/2021\/03\/Gabriel-big-2-150x150.jpg",150,150,true],"medium":["https:\/\/www.gamapa.de\/wp-content\/uploads\/2021\/03\/Gabriel-big-2-600x358.jpg",600,358,true],"medium_large":["https:\/\/www.gamapa.de\/wp-content\/uploads\/2021\/03\/Gabriel-big-2-768x458.jpg",580,346,true],"large":["https:\/\/www.gamapa.de\/wp-content\/uploads\/2021\/03\/Gabriel-big-2.jpg",580,346,false],"gs-tiny":["https:\/\/www.gamapa.de\/wp-content\/uploads\/2021\/03\/Gabriel-big-2.jpg",50,30,false],"xl":["https:\/\/www.gamapa.de\/wp-content\/uploads\/2021\/03\/Gabriel-big-2.jpg",1440,859,false],"xxl":["https:\/\/www.gamapa.de\/wp-content\/uploads\/2021\/03\/Gabriel-big-2.jpg",1440,859,false],"xxxl":["https:\/\/www.gamapa.de\/wp-content\/uploads\/2021\/03\/Gabriel-big-2.jpg",1440,859,false],"xxxxl":["https:\/\/www.gamapa.de\/wp-content\/uploads\/2021\/03\/Gabriel-big-2.jpg",1440,859,false],"xxxxxl":["https:\/\/www.gamapa.de\/wp-content\/uploads\/2021\/03\/Gabriel-big-2.jpg",1440,859,false],"1536x1536":["https:\/\/www.gamapa.de\/wp-content\/uploads\/2021\/03\/Gabriel-big-2.jpg",1440,859,false],"2048x2048":["https:\/\/www.gamapa.de\/wp-content\/uploads\/2021\/03\/Gabriel-big-2.jpg",1440,859,false],"post-thumbnail":["https:\/\/www.gamapa.de\/wp-content\/uploads\/2021\/03\/Gabriel-big-2.jpg",1440,859,false],"twentytwenty-fullscreen":["https:\/\/www.gamapa.de\/wp-content\/uploads\/2021\/03\/Gabriel-big-2.jpg",1440,859,false],"theme-slug-single-post":["https:\/\/www.gamapa.de\/wp-content\/uploads\/2021\/03\/Gabriel-big-2-1440x400.jpg",1440,400,true]},"uagb_author_info":{"display_name":"linda","author_link":"https:\/\/www.gamapa.de\/pl\/author\/linda\/"},"uagb_comment_info":0,"uagb_excerpt":"Specjalizacje Przebieg kariery zawodowej 2007-2010 Szkolenie jako asystent podatkowy w ma\u0142ej firmie doradztwa podatkowego 2010-2020 Zatrudniony referent podatkowy\/specjalista podatkowy\/doradca podatkowy w ma\u0142ej firmie doradztwa podatkowego 2014 Dalsze szkolenie na specjalist\u0119 podatkowego 2018 Powo\u0142anie na stanowisko doradcy podatkowego od 2021 Doradca podatkowy w Dr Gantef\u00fchrer, Marquardt and Partner Obs\u0142ugiwane bran\u017ce","_links":{"self":[{"href":"https:\/\/www.gamapa.de\/pl\/wp-json\/wp\/v2\/pages\/6783","targetHints":{"allow":["GET"]}}],"collection":[{"href":"https:\/\/www.gamapa.de\/pl\/wp-json\/wp\/v2\/pages"}],"about":[{"href":"https:\/\/www.gamapa.de\/pl\/wp-json\/wp\/v2\/types\/page"}],"author":[{"embeddable":true,"href":"https:\/\/www.gamapa.de\/pl\/wp-json\/wp\/v2\/users\/1"}],"replies":[{"embeddable":true,"href":"https:\/\/www.gamapa.de\/pl\/wp-json\/wp\/v2\/comments?post=6783"}],"version-history":[{"count":10,"href":"https:\/\/www.gamapa.de\/pl\/wp-json\/wp\/v2\/pages\/6783\/revisions"}],"predecessor-version":[{"id":20459,"href":"https:\/\/www.gamapa.de\/pl\/wp-json\/wp\/v2\/pages\/6783\/revisions\/20459"}],"up":[{"embeddable":true,"href":"https:\/\/www.gamapa.de\/pl\/wp-json\/wp\/v2\/pages\/5643"}],"wp:featuredmedia":[{"embeddable":true,"href":"https:\/\/www.gamapa.de\/pl\/wp-json\/wp\/v2\/media\/6798"}],"wp:attachment":[{"href":"https:\/\/www.gamapa.de\/pl\/wp-json\/wp\/v2\/media?parent=6783"}],"curies":[{"name":"wp","href":"https:\/\/api.w.org\/{rel}","templated":true}]}}