

{"id":7858,"date":"2021-04-10T21:35:06","date_gmt":"2021-04-10T19:35:06","guid":{"rendered":"https:\/\/www.gamapa.de\/vera-niedermeyer-rechstanwealtin-mediatorin\/"},"modified":"2025-11-05T14:31:55","modified_gmt":"2025-11-05T13:31:55","slug":"vera-niedermeyer-adwokat-mediator-partner","status":"publish","type":"page","link":"https:\/\/www.gamapa.de\/pl\/doradcy\/vera-niedermeyer-adwokat-mediator-partner\/","title":{"rendered":"Vera Niedermeyer"},"content":{"rendered":"\n<h3 class=\"wp-block-heading\"><strong>Specjalizacje<\/strong><\/h3>\n\n\n\n<ul class=\"wp-block-list\">\n<li>Doradztwo w zakresie sukcesji maj\u0105tku i sp\u00f3\u0142ek<\/li>\n\n\n\n<li>Prawo handlowe i prawo sp\u00f3\u0142ek, prawo fundacji<\/li>\n\n\n\n<li>Prawo sztuki<\/li>\n\n\n\n<li>Mediacja<\/li>\n\n\n\n<li>Prawo nadzoru bankowego<\/li>\n<\/ul>\n\n\n\n<h3 class=\"wp-block-heading\"><strong><strong>Przebieg kariery zawodowej<\/strong><\/strong><\/h3>\n\n\n\n<figure class=\"wp-block-table tablist\"><table><tbody><tr><td>2002 &#8211; 2007<\/td><td>Studiowa\u0142 prawo na Uniwersytecie w Konstancji<\/td><\/tr><tr><td>2008 &#8211; 2008<\/td><td>Wewn\u0119trznie w UBS Investment Bank, Zurych<\/td><\/tr><tr><td>2009 &#8211; 2011&nbsp;<\/td><td>Sta\u017c prawniczy w Wy\u017cszym S\u0105dzie Krajowym we Frankfurcie nad Menem<\/td><\/tr><tr><td>2011 &#8211; 2016<\/td><td>Adwokat i partner otrzymuj\u0105cy wynagrodzenie w Heuking K\u00fchn L\u00fcer Wojtek, Zurych<\/td><\/tr><tr><td>2016 &#8211; 2021<\/td><td>Radca prawny i partner w Pontinova AG, Zurych<\/td><\/tr><tr><td>od 2020<\/td><td>Certyfikowany mediator<\/td><\/tr><tr><td>od 2021<\/td><td>Prawnik w Dr Gantef\u00fchrer, Marquardt i Partner<\/td><\/tr><tr><td>od 2022<\/td><td>Partner w Dr Gantef\u00fchrer, Marquardt and Partner<\/td><\/tr><\/tbody><\/table><\/figure>\n\n\n\n<h3 class=\"wp-block-heading\"><strong><strong>Obs\u0142ugiwane bran\u017ce<\/strong><\/strong><\/h3>\n\n\n\n<ul class=\"wp-block-list\">\n<li>\u015arednie firmy i rodziny przedsi\u0119biorc\u00f3w<\/li>\n\n\n\n<li>Klienci indywidualni<\/li>\n\n\n\n<li>Banki i biura rodzinne<\/li>\n<\/ul>\n\n\n\n<h3 class=\"wp-block-heading\"><strong><strong><strong>Publikacje<\/strong><\/strong><\/strong><\/h3>\n\n\n\n<ul class=\"wp-block-list\">\n<li>12\/2019 Ladies Drive &#8211; Magazyn biznesowy dla kobiet: Wyj\u015b\u0107 z kryzysu<\/li>\n\n\n\n<li>03\/2016 die bank: Szwajcarskie banki &#8211; droga do Niemiec<\/li>\n\n\n\n<li>07\/2014&nbsp;<a href=\"http:\/\/www.familymattersonline.info\/\">www.familymattersonline.info<\/a>: Statutory succession or last will &nbsp;&#8211; what is what? (mit Dirk W. Kolvenbach)<\/li>\n\n\n\n<li>09\/2013&nbsp;<a href=\"http:\/\/www.familymattersonline.info\/\">www.familymattersonline.info<\/a>: Accrual of inheritance involving assets abroad &#8211; complexity frequently underestimated<\/li>\n\n\n\n<li>09\/2012 Engel &amp; V\u00f6lkers Commercial: Cz\u0119sto niedoceniane<\/li>\n\n\n\n<li>09\/2012 Engel &amp; V\u00f6lkers Commercial: Mi\u0119dzynarodowe prawo spadkowe<\/li>\n\n\n\n<li>08\/2012 Private Wealth: Plan awaryjny (z Dirkiem W. Kolvenbachem)<\/li>\n<\/ul>\n\n\n\n<div class=\"wp-block-buttons is-layout-flex wp-block-buttons-is-layout-flex\">\n<div class=\"wp-block-button zurueck\"><a class=\"wp-block-button__link wp-element-button\" href=\"https:\/\/www.gamapa.de\/pl\/doradcy\/\">wstecz<\/a><\/div>\n<\/div>\n","protected":false},"excerpt":{"rendered":"<p>Specjalizacje Przebieg kariery zawodowej 2002 &#8211; 2007 Studiowa\u0142 prawo na Uniwersytecie w Konstancji 2008 &#8211; 2008 Wewn\u0119trznie w UBS Investment Bank, Zurych 2009 &#8211; 2011&nbsp; Sta\u017c prawniczy w Wy\u017cszym S\u0105dzie Krajowym we Frankfurcie nad Menem 2011 &#8211; 2016 Adwokat i partner otrzymuj\u0105cy wynagrodzenie w Heuking K\u00fchn L\u00fcer Wojtek, Zurych 2016 &#8211; 2021 Radca prawny i <a href=\"https:\/\/www.gamapa.de\/pl\/doradcy\/vera-niedermeyer-adwokat-mediator-partner\/\">[\u2026]<\/a><\/p>\n","protected":false},"author":1,"featured_media":8144,"parent":5643,"menu_order":36,"comment_status":"closed","ping_status":"closed","template":"templates\/template-Profil.php","meta":{"_acf_changed":false,"_uag_custom_page_level_css":"","footnotes":""},"class_list":["post-7858","page","type-page","status-publish","has-post-thumbnail","hentry"],"acf":[],"yoast_head":"<!-- This site is optimized with the Yoast SEO plugin v27.5 - https:\/\/yoast.com\/product\/yoast-seo-wordpress\/ -->\n<title>Vera Niedermeyer - GANTEF\u00dcHRER<\/title>\n<meta name=\"robots\" content=\"index, follow, max-snippet:-1, max-image-preview:large, max-video-preview:-1\" \/>\n<link rel=\"canonical\" href=\"https:\/\/www.gamapa.de\/pl\/doradcy\/vera-niedermeyer-adwokat-mediator-partner\/\" \/>\n<meta property=\"og:locale\" content=\"pl_PL\" \/>\n<meta property=\"og:type\" content=\"article\" \/>\n<meta property=\"og:title\" content=\"Vera Niedermeyer - GANTEF\u00dcHRER\" \/>\n<meta property=\"og:description\" content=\"Specjalizacje Przebieg kariery zawodowej 2002 &#8211; 2007 Studiowa\u0142 prawo na Uniwersytecie w Konstancji 2008 &#8211; 2008 Wewn\u0119trznie w UBS Investment Bank, Zurych 2009 &#8211; 2011&nbsp; Sta\u017c prawniczy w Wy\u017cszym S\u0105dzie Krajowym we Frankfurcie nad Menem 2011 &#8211; 2016 Adwokat i partner otrzymuj\u0105cy wynagrodzenie w Heuking K\u00fchn L\u00fcer Wojtek, Zurych 2016 &#8211; 2021 Radca prawny i [\u2026]\" \/>\n<meta property=\"og:url\" content=\"https:\/\/www.gamapa.de\/pl\/doradcy\/vera-niedermeyer-adwokat-mediator-partner\/\" \/>\n<meta property=\"og:site_name\" content=\"GANTEF\u00dcHRER\" \/>\n<meta property=\"article:modified_time\" content=\"2025-11-05T13:31:55+00:00\" \/>\n<meta property=\"og:image\" content=\"https:\/\/www.gamapa.de\/wp-content\/uploads\/2020\/08\/Niedermeyer-big.jpg\" \/>\n\t<meta property=\"og:image:width\" content=\"1440\" \/>\n\t<meta property=\"og:image:height\" content=\"859\" \/>\n\t<meta property=\"og:image:type\" content=\"image\/jpeg\" \/>\n<meta name=\"twitter:card\" content=\"summary_large_image\" \/>\n<meta name=\"twitter:label1\" content=\"Szacowany czas czytania\" \/>\n\t<meta name=\"twitter:data1\" content=\"2 minuty\" \/>\n<script type=\"application\/ld+json\" class=\"yoast-schema-graph\">{\"@context\":\"https:\\\/\\\/schema.org\",\"@graph\":[{\"@type\":\"WebPage\",\"@id\":\"https:\\\/\\\/www.gamapa.de\\\/pl\\\/doradcy\\\/vera-niedermeyer-adwokat-mediator-partner\\\/\",\"url\":\"https:\\\/\\\/www.gamapa.de\\\/pl\\\/doradcy\\\/vera-niedermeyer-adwokat-mediator-partner\\\/\",\"name\":\"Vera Niedermeyer - GANTEF\u00dcHRER\",\"isPartOf\":{\"@id\":\"https:\\\/\\\/www.gamapa.de\\\/pl\\\/#website\"},\"primaryImageOfPage\":{\"@id\":\"https:\\\/\\\/www.gamapa.de\\\/pl\\\/doradcy\\\/vera-niedermeyer-adwokat-mediator-partner\\\/#primaryimage\"},\"image\":{\"@id\":\"https:\\\/\\\/www.gamapa.de\\\/pl\\\/doradcy\\\/vera-niedermeyer-adwokat-mediator-partner\\\/#primaryimage\"},\"thumbnailUrl\":\"https:\\\/\\\/www.gamapa.de\\\/wp-content\\\/uploads\\\/2020\\\/08\\\/Niedermeyer-big.jpg\",\"datePublished\":\"2021-04-10T19:35:06+00:00\",\"dateModified\":\"2025-11-05T13:31:55+00:00\",\"breadcrumb\":{\"@id\":\"https:\\\/\\\/www.gamapa.de\\\/pl\\\/doradcy\\\/vera-niedermeyer-adwokat-mediator-partner\\\/#breadcrumb\"},\"inLanguage\":\"pl-PL\",\"potentialAction\":[{\"@type\":\"ReadAction\",\"target\":[\"https:\\\/\\\/www.gamapa.de\\\/pl\\\/doradcy\\\/vera-niedermeyer-adwokat-mediator-partner\\\/\"]}]},{\"@type\":\"ImageObject\",\"inLanguage\":\"pl-PL\",\"@id\":\"https:\\\/\\\/www.gamapa.de\\\/pl\\\/doradcy\\\/vera-niedermeyer-adwokat-mediator-partner\\\/#primaryimage\",\"url\":\"https:\\\/\\\/www.gamapa.de\\\/wp-content\\\/uploads\\\/2020\\\/08\\\/Niedermeyer-big.jpg\",\"contentUrl\":\"https:\\\/\\\/www.gamapa.de\\\/wp-content\\\/uploads\\\/2020\\\/08\\\/Niedermeyer-big.jpg\",\"width\":1440,\"height\":859},{\"@type\":\"BreadcrumbList\",\"@id\":\"https:\\\/\\\/www.gamapa.de\\\/pl\\\/doradcy\\\/vera-niedermeyer-adwokat-mediator-partner\\\/#breadcrumb\",\"itemListElement\":[{\"@type\":\"ListItem\",\"position\":1,\"name\":\"Startseite\",\"item\":\"https:\\\/\\\/www.gamapa.de\\\/pl\\\/\"},{\"@type\":\"ListItem\",\"position\":2,\"name\":\"Nasi specjali\u015bci\",\"item\":\"https:\\\/\\\/www.gamapa.de\\\/pl\\\/doradcy\\\/\"},{\"@type\":\"ListItem\",\"position\":3,\"name\":\"Vera Niedermeyer\"}]},{\"@type\":\"WebSite\",\"@id\":\"https:\\\/\\\/www.gamapa.de\\\/pl\\\/#website\",\"url\":\"https:\\\/\\\/www.gamapa.de\\\/pl\\\/\",\"name\":\"GANTEF\u00dcHRER\",\"description\":\"Wirtschaftspr\u00fcfer, Steuerberater, Rechtsanw\u00e4lte\",\"publisher\":{\"@id\":\"https:\\\/\\\/www.gamapa.de\\\/pl\\\/#organization\"},\"potentialAction\":[{\"@type\":\"SearchAction\",\"target\":{\"@type\":\"EntryPoint\",\"urlTemplate\":\"https:\\\/\\\/www.gamapa.de\\\/pl\\\/?s={search_term_string}\"},\"query-input\":{\"@type\":\"PropertyValueSpecification\",\"valueRequired\":true,\"valueName\":\"search_term_string\"}}],\"inLanguage\":\"pl-PL\"},{\"@type\":\"Organization\",\"@id\":\"https:\\\/\\\/www.gamapa.de\\\/pl\\\/#organization\",\"name\":\"Gantef\u00fchrer Wirtschaftspr\u00fcfer, Steuerberater, Rechtsanw\u00e4lte\",\"url\":\"https:\\\/\\\/www.gamapa.de\\\/pl\\\/\",\"logo\":{\"@type\":\"ImageObject\",\"inLanguage\":\"pl-PL\",\"@id\":\"https:\\\/\\\/www.gamapa.de\\\/pl\\\/#\\\/schema\\\/logo\\\/image\\\/\",\"url\":\"https:\\\/\\\/www.gamapa.de\\\/wp-content\\\/uploads\\\/2026\\\/01\\\/Logo-Gantefuehrer.png\",\"contentUrl\":\"https:\\\/\\\/www.gamapa.de\\\/wp-content\\\/uploads\\\/2026\\\/01\\\/Logo-Gantefuehrer.png\",\"width\":767,\"height\":156,\"caption\":\"Gantef\u00fchrer Wirtschaftspr\u00fcfer, Steuerberater, Rechtsanw\u00e4lte\"},\"image\":{\"@id\":\"https:\\\/\\\/www.gamapa.de\\\/pl\\\/#\\\/schema\\\/logo\\\/image\\\/\"}}]}<\/script>\n<!-- \/ Yoast SEO plugin. -->","yoast_head_json":{"title":"Vera Niedermeyer - GANTEF\u00dcHRER","robots":{"index":"index","follow":"follow","max-snippet":"max-snippet:-1","max-image-preview":"max-image-preview:large","max-video-preview":"max-video-preview:-1"},"canonical":"https:\/\/www.gamapa.de\/pl\/doradcy\/vera-niedermeyer-adwokat-mediator-partner\/","og_locale":"pl_PL","og_type":"article","og_title":"Vera Niedermeyer - GANTEF\u00dcHRER","og_description":"Specjalizacje Przebieg kariery zawodowej 2002 &#8211; 2007 Studiowa\u0142 prawo na Uniwersytecie w Konstancji 2008 &#8211; 2008 Wewn\u0119trznie w UBS Investment Bank, Zurych 2009 &#8211; 2011&nbsp; Sta\u017c prawniczy w Wy\u017cszym S\u0105dzie Krajowym we Frankfurcie nad Menem 2011 &#8211; 2016 Adwokat i partner otrzymuj\u0105cy wynagrodzenie w Heuking K\u00fchn L\u00fcer Wojtek, Zurych 2016 &#8211; 2021 Radca prawny i [\u2026]","og_url":"https:\/\/www.gamapa.de\/pl\/doradcy\/vera-niedermeyer-adwokat-mediator-partner\/","og_site_name":"GANTEF\u00dcHRER","article_modified_time":"2025-11-05T13:31:55+00:00","og_image":[{"width":1440,"height":859,"url":"https:\/\/www.gamapa.de\/wp-content\/uploads\/2020\/08\/Niedermeyer-big.jpg","type":"image\/jpeg"}],"twitter_card":"summary_large_image","twitter_misc":{"Szacowany czas czytania":"2 minuty"},"schema":{"@context":"https:\/\/schema.org","@graph":[{"@type":"WebPage","@id":"https:\/\/www.gamapa.de\/pl\/doradcy\/vera-niedermeyer-adwokat-mediator-partner\/","url":"https:\/\/www.gamapa.de\/pl\/doradcy\/vera-niedermeyer-adwokat-mediator-partner\/","name":"Vera Niedermeyer - GANTEF\u00dcHRER","isPartOf":{"@id":"https:\/\/www.gamapa.de\/pl\/#website"},"primaryImageOfPage":{"@id":"https:\/\/www.gamapa.de\/pl\/doradcy\/vera-niedermeyer-adwokat-mediator-partner\/#primaryimage"},"image":{"@id":"https:\/\/www.gamapa.de\/pl\/doradcy\/vera-niedermeyer-adwokat-mediator-partner\/#primaryimage"},"thumbnailUrl":"https:\/\/www.gamapa.de\/wp-content\/uploads\/2020\/08\/Niedermeyer-big.jpg","datePublished":"2021-04-10T19:35:06+00:00","dateModified":"2025-11-05T13:31:55+00:00","breadcrumb":{"@id":"https:\/\/www.gamapa.de\/pl\/doradcy\/vera-niedermeyer-adwokat-mediator-partner\/#breadcrumb"},"inLanguage":"pl-PL","potentialAction":[{"@type":"ReadAction","target":["https:\/\/www.gamapa.de\/pl\/doradcy\/vera-niedermeyer-adwokat-mediator-partner\/"]}]},{"@type":"ImageObject","inLanguage":"pl-PL","@id":"https:\/\/www.gamapa.de\/pl\/doradcy\/vera-niedermeyer-adwokat-mediator-partner\/#primaryimage","url":"https:\/\/www.gamapa.de\/wp-content\/uploads\/2020\/08\/Niedermeyer-big.jpg","contentUrl":"https:\/\/www.gamapa.de\/wp-content\/uploads\/2020\/08\/Niedermeyer-big.jpg","width":1440,"height":859},{"@type":"BreadcrumbList","@id":"https:\/\/www.gamapa.de\/pl\/doradcy\/vera-niedermeyer-adwokat-mediator-partner\/#breadcrumb","itemListElement":[{"@type":"ListItem","position":1,"name":"Startseite","item":"https:\/\/www.gamapa.de\/pl\/"},{"@type":"ListItem","position":2,"name":"Nasi specjali\u015bci","item":"https:\/\/www.gamapa.de\/pl\/doradcy\/"},{"@type":"ListItem","position":3,"name":"Vera Niedermeyer"}]},{"@type":"WebSite","@id":"https:\/\/www.gamapa.de\/pl\/#website","url":"https:\/\/www.gamapa.de\/pl\/","name":"GANTEF\u00dcHRER","description":"Wirtschaftspr\u00fcfer, Steuerberater, Rechtsanw\u00e4lte","publisher":{"@id":"https:\/\/www.gamapa.de\/pl\/#organization"},"potentialAction":[{"@type":"SearchAction","target":{"@type":"EntryPoint","urlTemplate":"https:\/\/www.gamapa.de\/pl\/?s={search_term_string}"},"query-input":{"@type":"PropertyValueSpecification","valueRequired":true,"valueName":"search_term_string"}}],"inLanguage":"pl-PL"},{"@type":"Organization","@id":"https:\/\/www.gamapa.de\/pl\/#organization","name":"Gantef\u00fchrer Wirtschaftspr\u00fcfer, Steuerberater, Rechtsanw\u00e4lte","url":"https:\/\/www.gamapa.de\/pl\/","logo":{"@type":"ImageObject","inLanguage":"pl-PL","@id":"https:\/\/www.gamapa.de\/pl\/#\/schema\/logo\/image\/","url":"https:\/\/www.gamapa.de\/wp-content\/uploads\/2026\/01\/Logo-Gantefuehrer.png","contentUrl":"https:\/\/www.gamapa.de\/wp-content\/uploads\/2026\/01\/Logo-Gantefuehrer.png","width":767,"height":156,"caption":"Gantef\u00fchrer Wirtschaftspr\u00fcfer, Steuerberater, Rechtsanw\u00e4lte"},"image":{"@id":"https:\/\/www.gamapa.de\/pl\/#\/schema\/logo\/image\/"}}]}},"uagb_featured_image_src":{"full":["https:\/\/www.gamapa.de\/wp-content\/uploads\/2020\/08\/Niedermeyer-big.jpg",1440,859,false],"thumbnail":["https:\/\/www.gamapa.de\/wp-content\/uploads\/2020\/08\/Niedermeyer-big-150x150.jpg",150,150,true],"medium":["https:\/\/www.gamapa.de\/wp-content\/uploads\/2020\/08\/Niedermeyer-big-600x358.jpg",600,358,true],"medium_large":["https:\/\/www.gamapa.de\/wp-content\/uploads\/2020\/08\/Niedermeyer-big-768x458.jpg",580,346,true],"large":["https:\/\/www.gamapa.de\/wp-content\/uploads\/2020\/08\/Niedermeyer-big.jpg",580,346,false],"gs-tiny":["https:\/\/www.gamapa.de\/wp-content\/uploads\/2020\/08\/Niedermeyer-big.jpg",50,30,false],"xl":["https:\/\/www.gamapa.de\/wp-content\/uploads\/2020\/08\/Niedermeyer-big.jpg",1440,859,false],"xxl":["https:\/\/www.gamapa.de\/wp-content\/uploads\/2020\/08\/Niedermeyer-big.jpg",1440,859,false],"xxxl":["https:\/\/www.gamapa.de\/wp-content\/uploads\/2020\/08\/Niedermeyer-big.jpg",1440,859,false],"xxxxl":["https:\/\/www.gamapa.de\/wp-content\/uploads\/2020\/08\/Niedermeyer-big.jpg",1440,859,false],"xxxxxl":["https:\/\/www.gamapa.de\/wp-content\/uploads\/2020\/08\/Niedermeyer-big.jpg",1440,859,false],"1536x1536":["https:\/\/www.gamapa.de\/wp-content\/uploads\/2020\/08\/Niedermeyer-big.jpg",1440,859,false],"2048x2048":["https:\/\/www.gamapa.de\/wp-content\/uploads\/2020\/08\/Niedermeyer-big.jpg",1440,859,false],"post-thumbnail":["https:\/\/www.gamapa.de\/wp-content\/uploads\/2020\/08\/Niedermeyer-big.jpg",1440,859,false],"twentytwenty-fullscreen":["https:\/\/www.gamapa.de\/wp-content\/uploads\/2020\/08\/Niedermeyer-big.jpg",1440,859,false],"theme-slug-single-post":["https:\/\/www.gamapa.de\/wp-content\/uploads\/2020\/08\/Niedermeyer-big-1440x400.jpg",1440,400,true]},"uagb_author_info":{"display_name":"linda","author_link":"https:\/\/www.gamapa.de\/pl\/author\/linda\/"},"uagb_comment_info":0,"uagb_excerpt":"Specjalizacje Przebieg kariery zawodowej 2002 &#8211; 2007 Studiowa\u0142 prawo na Uniwersytecie w Konstancji 2008 &#8211; 2008 Wewn\u0119trznie w UBS Investment Bank, Zurych 2009 &#8211; 2011&nbsp; Sta\u017c prawniczy w Wy\u017cszym S\u0105dzie Krajowym we Frankfurcie nad Menem 2011 &#8211; 2016 Adwokat i partner otrzymuj\u0105cy wynagrodzenie w Heuking K\u00fchn L\u00fcer Wojtek, Zurych 2016 &#8211; 2021 Radca prawny i&hellip;","_links":{"self":[{"href":"https:\/\/www.gamapa.de\/pl\/wp-json\/wp\/v2\/pages\/7858","targetHints":{"allow":["GET"]}}],"collection":[{"href":"https:\/\/www.gamapa.de\/pl\/wp-json\/wp\/v2\/pages"}],"about":[{"href":"https:\/\/www.gamapa.de\/pl\/wp-json\/wp\/v2\/types\/page"}],"author":[{"embeddable":true,"href":"https:\/\/www.gamapa.de\/pl\/wp-json\/wp\/v2\/users\/1"}],"replies":[{"embeddable":true,"href":"https:\/\/www.gamapa.de\/pl\/wp-json\/wp\/v2\/comments?post=7858"}],"version-history":[{"count":16,"href":"https:\/\/www.gamapa.de\/pl\/wp-json\/wp\/v2\/pages\/7858\/revisions"}],"predecessor-version":[{"id":22226,"href":"https:\/\/www.gamapa.de\/pl\/wp-json\/wp\/v2\/pages\/7858\/revisions\/22226"}],"up":[{"embeddable":true,"href":"https:\/\/www.gamapa.de\/pl\/wp-json\/wp\/v2\/pages\/5643"}],"wp:featuredmedia":[{"embeddable":true,"href":"https:\/\/www.gamapa.de\/pl\/wp-json\/wp\/v2\/media\/8144"}],"wp:attachment":[{"href":"https:\/\/www.gamapa.de\/pl\/wp-json\/wp\/v2\/media?parent=7858"}],"curies":[{"name":"wp","href":"https:\/\/api.w.org\/{rel}","templated":true}]}}